{"id":20146,"date":"2021-05-20T17:57:28","date_gmt":"2021-05-20T10:57:28","guid":{"rendered":"https:\/\/havamall.vn\/?post_type=product&#038;p=20146"},"modified":"2022-04-08T13:35:55","modified_gmt":"2022-04-08T06:35:55","slug":"kem-duong-am-cana-teddy-bear-soothing-cream-300ml","status":"publish","type":"product","link":"https:\/\/havamall.vn\/en\/shop\/kem-duong-am-cana-teddy-bear-soothing-cream-300ml\/","title":{"rendered":"Kem D\u01b0\u1ee1ng \u1ea8m &#8211; Cana Teddy Bear Soothing Cream 300ml"},"content":{"rendered":"<p><span style=\"font-weight: 400\">Kem d\u01b0\u1ee1ng \u1ea9m Cana Teddy Bear l\u00e0 m\u1ed9t lo\u1ea1i kem l\u00e0m d\u1ecbu da, cung c\u1ea5p \u0111\u1ed9 \u1ea9m, s\u1ee9c s\u1ed1ng v\u00e0 ch\u1ea5t dinh d\u01b0\u1ee1ng cho l\u00e0n da c\u1ee7a b\u1ea1n b\u1eb1ng c\u00e1ch chuy\u1ec3n c\u00e1c th\u00e0nh ph\u1ea7n m\u1eadt ong, s\u1eefa ong ch\u00faa v\u00e0 keo ong cho khu\u00f4n m\u1eb7t v\u00e0 c\u01a1 th\u1ec3 th\u00f4 r\u00e1p v\u00e0 thi\u1ebfu kh\u1ea3 n\u0103ng ph\u1ee5c h\u1ed3i.<\/span><\/p>\n<p><img fetchpriority=\"high\" decoding=\"async\" class=\"wp-image-20148 aligncenter\" src=\"https:\/\/havamall.vn\/wp-content\/uploads\/2021\/05\/58382279_2322900837749660_7164203245856882688_n-1-300x300.jpg\" alt=\"\" width=\"528\" height=\"528\" srcset=\"https:\/\/havamall.vn\/wp-content\/uploads\/2021\/05\/58382279_2322900837749660_7164203245856882688_n-1-300x300.jpg 300w, https:\/\/havamall.vn\/wp-content\/uploads\/2021\/05\/58382279_2322900837749660_7164203245856882688_n-1-430x430.jpg 430w, https:\/\/havamall.vn\/wp-content\/uploads\/2021\/05\/58382279_2322900837749660_7164203245856882688_n-1-150x150.jpg 150w, https:\/\/havamall.vn\/wp-content\/uploads\/2021\/05\/58382279_2322900837749660_7164203245856882688_n-1-700x700.jpg 700w, https:\/\/havamall.vn\/wp-content\/uploads\/2021\/05\/58382279_2322900837749660_7164203245856882688_n-1-768x768.jpg 768w, https:\/\/havamall.vn\/wp-content\/uploads\/2021\/05\/58382279_2322900837749660_7164203245856882688_n-1-1024x1024.jpg 1024w, https:\/\/havamall.vn\/wp-content\/uploads\/2021\/05\/58382279_2322900837749660_7164203245856882688_n-1-1200x1200.jpg 1200w, https:\/\/havamall.vn\/wp-content\/uploads\/2021\/05\/58382279_2322900837749660_7164203245856882688_n-1-600x600.jpg 600w, https:\/\/havamall.vn\/wp-content\/uploads\/2021\/05\/58382279_2322900837749660_7164203245856882688_n-1-100x100.jpg 100w, https:\/\/havamall.vn\/wp-content\/uploads\/2021\/05\/58382279_2322900837749660_7164203245856882688_n-1.jpg 1440w\" sizes=\"(max-width: 528px) 100vw, 528px\" \/><\/p>\n<p><span style=\"font-weight: 400\">Kem d\u01b0\u1ee1ng \u1ea9m c\u1ee7a Cana Teddy Bear v\u1edbi nguy\u00ean li\u1ec7u thi\u00ean nhi\u00ean, chi\u1ebft xu\u1ea5t t\u1eeb m\u1eadt ong s\u1ebd gi\u00fap cho l\u00e0n da c\u00e1c n\u00e0ng th\u1eadt l\u00e0 \u1ea9m m\u01b0\u1ee3t, kh\u00f4ng lo b\u1ecb kh\u00f4 khi ng\u1ed3i m\u00e1y l\u1ea1nh qu\u00e1 l\u00e2u ho\u1eb7c khi th\u1eddi ti\u1ebft hanh kh\u00f4, \u0111\u1eb7c bi\u1ec7t ph\u00f9 h\u1ee3p cho c\u1ea3 l\u00e0n da nh\u1ea1y c\u1ea3m nh\u1ea5t.<\/span><\/p>\n<p><img decoding=\"async\" class=\"aligncenter\" src=\"https:\/\/scontent.fhan4-1.fna.fbcdn.net\/v\/t1.6435-9\/116792039_160648168927098_942793410835252893_n.jpg?_nc_cat=107&amp;ccb=1-3&amp;_nc_sid=8bfeb9&amp;_nc_ohc=qoH9IyCHku0AX-l2lJb&amp;_nc_ht=scontent.fhan4-1.fna&amp;oh=9947ec37368d06f3aec4878340e1b720&amp;oe=60CBFD30\" alt=\"Kh\u00f4ng c\u00f3 m\u00f4 t\u1ea3 \u1ea3nh.\" width=\"510\" height=\"342\" \/><\/p>\n<p><span style=\"font-weight: 400\">S\u1ea3n ph\u1ea9m ch\u1ee9a chi\u1ebft xu\u1ea5t m\u1eadt ong c\u00f3 kh\u1ea3 n\u0103ng h\u00ecnh th\u00e0nh m\u00e0ng d\u01b0\u1ee1ng \u1ea9m tr\u00ean da kh\u00f4 v\u00e0 da th\u00f4 r\u00e1p gi\u00fap ch\u0103m s\u00f3c cho da lu\u00f4n \u1ea9m m\u01b0\u1ee3t v\u00e0 m\u1ec1m m\u1ecbn.<\/span><\/p>\n<p><span style=\"font-weight: 400\">S\u1ea3n ph\u1ea9m ch\u1ee9a \u0111\u1ebfn 7 lo\u1ea1i th\u00e0nh ph\u1ea7n c\u00f3 ngu\u1ed3n g\u1ed1c t\u1eeb thi\u00ean nhi\u00ean mang l\u1ea1i hi\u1ec7u qu\u1ea3 l\u00e0m gi\u1ea3m s\u1ef1 k\u00edch \u1ee9ng cho l\u00e0n da b\u1ecb d\u1ecb \u1ee9ng v\u00e0 l\u00e0n da kh\u00f4.<\/span><\/p>\n<p><img decoding=\"async\" class=\"aligncenter\" src=\"https:\/\/havamall.vn\/wp-content\/uploads\/2021\/05\/aecb054215f5f8ea1d8503ff8c2b1aa8.jpg\" alt=\"CANA TEDDY BEAR SOOTHING CREAM - shoppingstarK\" \/><\/p>\n<h4><strong>C\u00f4ng d\u1ee5ng:<\/strong><\/h4>\n<p><span style=\"font-weight: 400\">&#8211; Gi\u00fap l\u00e0m d\u1ecbu l\u00e0n da b\u1ecb k\u00edch th\u00edch b\u1edfi \u00e1nh n\u1eafng gay g\u1eaft v\u00e0o m\u00f9a h\u00e8.<\/span><\/p>\n<p><span style=\"font-weight: 400\">&#8211; Cung c\u1ea5p \u0111\u1ed9 \u1ea9m v\u00e0 nu\u00f4i d\u01b0\u1ee1ng l\u00e0n da th\u00f4 r\u00e1p do th\u1eddi ti\u1ebft trong m\u00f9a \u0111\u00f4ng, gi\u00fap da c\u0103ng tr\u00e0n \u0111\u1ed9 \u0111\u00e0n h\u1ed3i.<\/span><\/p>\n<p><img decoding=\"async\" class=\"aligncenter\" src=\"https:\/\/cf.shopee.sg\/file\/52ad66d343e42e8d50df6d2d0cbacd9c\" alt=\"CANA Teddy Bear Soothing Cream 300ml | Shopee Singapore\" width=\"485\" height=\"485\" \/><\/p>\n<h4><strong>\u0110\u1eb7c \u0111i\u1ec3m n\u1ed5i b\u1eadt c\u1ee7a S\u1ea3n ph\u1ea9m:<\/strong><\/h4>\n<p><span style=\"font-weight: 400\">&#8211; Da \u0111\u01b0\u1ee3c h\u1ea5p th\u1ee5 ngay l\u1eadp t\u1ee9c, mang l\u1ea1i s\u1ef1 t\u01b0\u01a1i m\u00e1t v\u00e0 m\u00e1t m\u1ebb<\/span><\/p>\n<p><span style=\"font-weight: 400\">&#8211; C\u00f3 th\u1ec3 s\u1eed d\u1ee5ng cho t\u1ea5t c\u1ea3 c\u00e1c l\u00e0n da c\u1ea7n d\u01b0\u1ee1ng \u1ea9m<\/span><\/p>\n<p><span style=\"font-weight: 400\">&#8211; K\u1ebft c\u1ea5u nh\u1eb9 v\u00e0 c\u1ea3m gi\u00e1c t\u01b0\u01a1i m\u00e1t m\u00e0 kh\u00f4ng b\u1ecb d\u00ednh<\/span><\/p>\n<p><span style=\"font-weight: 400\">&#8211; Kem l\u00e0m d\u1ecbu gia \u0111\u00ecnh c\u00f3 s\u1eb5n cho t\u1ea5t c\u1ea3 c\u00e1c gia \u0111\u00ecnh<\/span><\/p>\n<p>S\u1ea3n ph\u1ea9m hi\u1ec7n \u0111\u00e3 c\u00f3 m\u1eb7t t\u1ea1i Havamall.<\/p>","protected":false},"excerpt":{"rendered":"<p>Kem d\u01b0\u1ee1ng \u1ea9m Cana Teddy Bear l\u00e0 m\u1ed9t lo\u1ea1i kem l\u00e0m d\u1ecbu da, cung c\u1ea5p \u0111\u1ed9 \u1ea9m, s\u1ee9c s\u1ed1ng v\u00e0<\/p>","protected":false},"featured_media":20158,"comment_status":"open","ping_status":"closed","template":"","meta":[],"product_brand":[],"product_cat":[397,396,35],"product_tag":[],"class_list":{"0":"post-20146","1":"product","2":"type-product","3":"status-publish","4":"has-post-thumbnail","6":"product_cat-hang-me-be-do-choi","7":"product_cat-suc-khoe-lam-dep","8":"product_cat-nha-cua-doi-song","10":"first","11":"outofstock","12":"sale","13":"shipping-taxable","14":"purchasable","15":"product-type-simple"},"_links":{"self":[{"href":"https:\/\/havamall.vn\/en\/wp-json\/wp\/v2\/product\/20146"}],"collection":[{"href":"https:\/\/havamall.vn\/en\/wp-json\/wp\/v2\/product"}],"about":[{"href":"https:\/\/havamall.vn\/en\/wp-json\/wp\/v2\/types\/product"}],"replies":[{"embeddable":true,"href":"https:\/\/havamall.vn\/en\/wp-json\/wp\/v2\/comments?post=20146"}],"version-history":[{"count":0,"href":"https:\/\/havamall.vn\/en\/wp-json\/wp\/v2\/product\/20146\/revisions"}],"wp:featuredmedia":[{"embeddable":true,"href":"https:\/\/havamall.vn\/en\/wp-json\/wp\/v2\/media\/20158"}],"wp:attachment":[{"href":"https:\/\/havamall.vn\/en\/wp-json\/wp\/v2\/media?parent=20146"}],"wp:term":[{"taxonomy":"product_brand","embeddable":true,"href":"https:\/\/havamall.vn\/en\/wp-json\/wp\/v2\/product_brand?post=20146"},{"taxonomy":"product_cat","embeddable":true,"href":"https:\/\/havamall.vn\/en\/wp-json\/wp\/v2\/product_cat?post=20146"},{"taxonomy":"product_tag","embeddable":true,"href":"https:\/\/havamall.vn\/en\/wp-json\/wp\/v2\/product_tag?post=20146"}],"curies":[{"name":"wp","href":"https:\/\/api.w.org\/{rel}","templated":true}]}}