{"id":20139,"date":"2021-05-20T17:35:46","date_gmt":"2021-05-20T10:35:46","guid":{"rendered":"https:\/\/havamall.vn\/?post_type=product&#038;p=20139"},"modified":"2022-04-08T13:36:01","modified_gmt":"2022-04-08T06:36:01","slug":"dau-goi-dau-cana-teddy-bear-shampoo-200g","status":"publish","type":"product","link":"https:\/\/havamall.vn\/en\/shop\/dau-goi-dau-cana-teddy-bear-shampoo-200g\/","title":{"rendered":"D\u1ea7u G\u1ed9i \u0110\u1ea7u &#8211; Cana Teddy Bear Shampoo 200g"},"content":{"rendered":"<p><span style=\"font-weight: 400\">T\u1ea1i H\u00e0n Qu\u1ed1c, Cana Teddy Bear l\u00e0 d\u00f2ng s\u1ea3n ph\u1ea9m gia \u0111\u00ecnh r\u1ea5t \u0111\u01b0\u1ee3c \u01b0a chu\u1ed9ng. C\u00e1c s\u1ea3n ph\u1ea9m c\u1ee7a Cana Teddy Bear lu\u00f4n t\u1ef1 h\u00e0o an to\u00e0n v\u1edbi l\u00e0n da tr\u1ebb nh\u1ecf, \u0111\u00e3 \u0111\u01b0\u1ee3c ch\u1ee9ng nh\u1eadn v\u00e0 c\u1ea5p ph\u00e9p s\u1eed d\u1ee5ng cho tr\u1ebb em t\u1eeb 12 th\u00e1ng tu\u1ed5i. V\u00ec v\u1eady t\u1ea1i H\u00e0n Qu\u1ed1c Cana Teddy Bear c\u0169ng l\u00e0 s\u1ef1 l\u1ef1a ch\u1ecdn c\u1ee7a r\u1ea5t nhi\u1ec1u gia \u0111\u00ecnh c\u00f3 con nh\u1ecf.<\/span><\/p>\n<p><img fetchpriority=\"high\" decoding=\"async\" class=\"wp-image-20140 aligncenter\" src=\"https:\/\/havamall.vn\/wp-content\/uploads\/2021\/05\/58382279_2322900837749660_7164203245856882688_n-300x300.jpg\" alt=\"\" width=\"502\" height=\"502\" srcset=\"https:\/\/havamall.vn\/wp-content\/uploads\/2021\/05\/58382279_2322900837749660_7164203245856882688_n-300x300.jpg 300w, https:\/\/havamall.vn\/wp-content\/uploads\/2021\/05\/58382279_2322900837749660_7164203245856882688_n-430x430.jpg 430w, https:\/\/havamall.vn\/wp-content\/uploads\/2021\/05\/58382279_2322900837749660_7164203245856882688_n-150x150.jpg 150w, https:\/\/havamall.vn\/wp-content\/uploads\/2021\/05\/58382279_2322900837749660_7164203245856882688_n-700x700.jpg 700w, https:\/\/havamall.vn\/wp-content\/uploads\/2021\/05\/58382279_2322900837749660_7164203245856882688_n-768x768.jpg 768w, https:\/\/havamall.vn\/wp-content\/uploads\/2021\/05\/58382279_2322900837749660_7164203245856882688_n-1024x1024.jpg 1024w, https:\/\/havamall.vn\/wp-content\/uploads\/2021\/05\/58382279_2322900837749660_7164203245856882688_n-1200x1200.jpg 1200w, https:\/\/havamall.vn\/wp-content\/uploads\/2021\/05\/58382279_2322900837749660_7164203245856882688_n-600x600.jpg 600w, https:\/\/havamall.vn\/wp-content\/uploads\/2021\/05\/58382279_2322900837749660_7164203245856882688_n-100x100.jpg 100w, https:\/\/havamall.vn\/wp-content\/uploads\/2021\/05\/58382279_2322900837749660_7164203245856882688_n.jpg 1440w\" sizes=\"(max-width: 502px) 100vw, 502px\" \/><\/p>\n<p>C\u00e1c th\u00e0nh ph\u1ea7n t\u1ef1 nhi\u00ean nh\u01b0 m\u1eadt ong, s\u1eefa ong ch\u00faa v\u00e0 chi\u1ebft xu\u1ea5t keo ong l\u00e0m m\u1ec1m da \u0111\u1ea7u nh\u1ea1y c\u1ea3m v\u00e0 kh\u00f4, \u0111\u1ed3ng th\u1eddi t\u1ea1o th\u00eam \u0111\u1ed9 b\u00f3ng v\u00e0 t\u01b0\u01a1i cho t\u00f3c khi s\u1eed d\u1ee5ng, v\u00ec v\u1eady s\u1ea3n ph\u1ea9m n\u00e0y c\u00f3 th\u1ec3 \u0111\u01b0\u1ee3c s\u1eed d\u1ee5ng cho m\u1ecdi ng\u01b0\u1eddi \u1edf m\u1ecdi l\u1ee9a tu\u1ed5i.<\/p>\n<p><img decoding=\"async\" class=\"wp-image-20141 aligncenter\" src=\"https:\/\/havamall.vn\/wp-content\/uploads\/2021\/05\/53261077_378599332871413_3380004322669494272_n-225x300.jpg\" alt=\"\" width=\"499\" height=\"665\" srcset=\"https:\/\/havamall.vn\/wp-content\/uploads\/2021\/05\/53261077_378599332871413_3380004322669494272_n-225x300.jpg 225w, https:\/\/havamall.vn\/wp-content\/uploads\/2021\/05\/53261077_378599332871413_3380004322669494272_n-430x573.jpg 430w, https:\/\/havamall.vn\/wp-content\/uploads\/2021\/05\/53261077_378599332871413_3380004322669494272_n-150x200.jpg 150w, https:\/\/havamall.vn\/wp-content\/uploads\/2021\/05\/53261077_378599332871413_3380004322669494272_n-700x933.jpg 700w, https:\/\/havamall.vn\/wp-content\/uploads\/2021\/05\/53261077_378599332871413_3380004322669494272_n-600x800.jpg 600w, https:\/\/havamall.vn\/wp-content\/uploads\/2021\/05\/53261077_378599332871413_3380004322669494272_n.jpg 720w\" sizes=\"(max-width: 499px) 100vw, 499px\" \/><\/p>\n<p><span style=\"font-weight: 400\">D\u1ea7u g\u1ed9i ch\u0103m s\u00f3c da \u0111\u1ea7u s\u1ea1ch v\u00e0 kh\u1ecfe m\u1ea1nh, nu\u00f4i d\u01b0\u1ee1ng t\u1eebng s\u1ee3i t\u00f3c m\u1ec1m m\u01b0\u1ee3t, bi\u1ebfn m\u00e1i t\u00f3c x\u01a1 r\u1ed1i th\u00e0nh su\u1ed1i t\u00f3c \u00f3ng \u1ea3.<\/span><\/p>\n<p><img decoding=\"async\" class=\"wp-image-20142 aligncenter\" src=\"https:\/\/havamall.vn\/wp-content\/uploads\/2021\/05\/52898314_378599342871412_1965827314725945344_n-216x300.jpg\" alt=\"\" width=\"493\" height=\"685\" srcset=\"https:\/\/havamall.vn\/wp-content\/uploads\/2021\/05\/52898314_378599342871412_1965827314725945344_n-216x300.jpg 216w, https:\/\/havamall.vn\/wp-content\/uploads\/2021\/05\/52898314_378599342871412_1965827314725945344_n-430x597.jpg 430w, https:\/\/havamall.vn\/wp-content\/uploads\/2021\/05\/52898314_378599342871412_1965827314725945344_n-150x208.jpg 150w, https:\/\/havamall.vn\/wp-content\/uploads\/2021\/05\/52898314_378599342871412_1965827314725945344_n-600x832.jpg 600w, https:\/\/havamall.vn\/wp-content\/uploads\/2021\/05\/52898314_378599342871412_1965827314725945344_n.jpg 692w\" sizes=\"(max-width: 493px) 100vw, 493px\" \/><\/p>\n<h4><strong>Th\u00e0nh ph\u1ea7n:<\/strong><\/h4>\n<p><span style=\"font-weight: 400\">&#8211; Chi\u1ebft xu\u1ea5t m\u1eadt ong:\u00a0 M\u1eadt ong gi\u00fap h\u00ecnh th\u00e0nh l\u1edbp m\u00e0ng gi\u1eef \u1ea9m cho m\u00e1i t\u00f3c b\u1ecb h\u01b0 t\u1ed5n, t\u0103ng c\u01b0\u1eddng \u0111\u1ed9 s\u00e1ng b\u00f3ng cho m\u00e1i t\u00f3c.<\/span><\/p>\n<p><span style=\"font-weight: 400\">&#8211; S\u1eefa ong ch\u00faa: \u0111\u01b0a dinh d\u01b0\u1ee1ng th\u1ea5m v\u00e0o t\u00f3c, t\u1eeb \u0111\u00f3 gi\u00fap t\u1ea1o ra m\u00e1i t\u00f3c m\u1ec1m m\u1ea1i.<\/span><\/p>\n<p><span style=\"font-weight: 400\">&#8211; Keo ong: kh\u00e1ng khu\u1ea9n t\u1ef1 nhi\u00ean: gi\u00fap ch\u0103m s\u00f3c m\u00e1i t\u00f3c b\u1ecb t\u1ed5n th\u01b0\u01a1ng do y\u1ebfu t\u1ed1 t\u00e1c \u0111\u1ed9ng b\u00ean ngo\u00e0i tr\u1edf n\u00ean kh\u1ecfe m\u1ea1nh.<\/span><\/p>\n<p><img loading=\"lazy\" decoding=\"async\" class=\"wp-image-20143 aligncenter\" src=\"https:\/\/havamall.vn\/wp-content\/uploads\/2021\/05\/product_37340900_o_2-300x300.jpg\" alt=\"\" width=\"491\" height=\"491\" srcset=\"https:\/\/havamall.vn\/wp-content\/uploads\/2021\/05\/product_37340900_o_2-300x300.jpg 300w, https:\/\/havamall.vn\/wp-content\/uploads\/2021\/05\/product_37340900_o_2-430x430.jpg 430w, https:\/\/havamall.vn\/wp-content\/uploads\/2021\/05\/product_37340900_o_2-150x150.jpg 150w, https:\/\/havamall.vn\/wp-content\/uploads\/2021\/05\/product_37340900_o_2-700x700.jpg 700w, https:\/\/havamall.vn\/wp-content\/uploads\/2021\/05\/product_37340900_o_2-768x768.jpg 768w, https:\/\/havamall.vn\/wp-content\/uploads\/2021\/05\/product_37340900_o_2-600x600.jpg 600w, https:\/\/havamall.vn\/wp-content\/uploads\/2021\/05\/product_37340900_o_2-100x100.jpg 100w, https:\/\/havamall.vn\/wp-content\/uploads\/2021\/05\/product_37340900_o_2.jpg 800w\" sizes=\"(max-width: 491px) 100vw, 491px\" \/><\/p>\n<h4><strong>C\u00f4ng d\u1ee5ng:<\/strong><\/h4>\n<p><span style=\"font-weight: 400\">&#8211; D\u1ea7u g\u1ed9i Cana Teddy Bear gi\u00fap ch\u0103m s\u00f3c da d\u1ea7u kh\u1ecfe m\u1ea1nh v\u00e0 m\u00e1i t\u00f3c s\u00e1ng b\u00f3ng v\u1edbi l\u1edbp m\u00e0ng t\u1ea1o \u1ea9m.<\/span><\/p>\n<p><span style=\"font-weight: 400\">&#8211; gi\u1eef \u1ea9m cho m\u00e1i t\u00f3c b\u1ecb t\u1ed5n th\u01b0\u01a1ng v\u1edbi th\u00e0nh ph\u1ea7n gi\u00e0u Vitamin v\u00e0 c\u00e1c lo\u1ea1i d\u1ea7u kho\u00e1ng.<\/span><\/p>\n<p><img loading=\"lazy\" decoding=\"async\" class=\"aligncenter\" src=\"https:\/\/havamall.vn\/wp-content\/uploads\/2021\/05\/O1CN01LgzdNh1nhvGhWwXQI_!!3446255122.jpg_540x540Q50s50.jpg_.webp\" alt=\"\u97e9\u56fd\u8702\u871c\u6d17\u53d1\u6c34- \u65b0\u4eba\u9996\u5355\u4f18\u60e0\u63a8\u8350- \u6dd8\u5b9d\u6d77\u5916\" width=\"512\" height=\"512\" \/><\/p>\n<h4><strong>C\u00e1ch s\u1eed d\u1ee5ng :<\/strong><\/h4>\n<p><span style=\"font-weight: 400\">\u00a0B\u01b0\u1edbc 1: Cho 1 l\u01b0\u1ee3ng v\u1eeba \u0111\u1ee7 ra l\u00f2ng b\u00e0n tay<\/span><\/p>\n<p><span style=\"font-weight: 400\">\u00a0B\u01b0\u1edbc 2: T\u1ea1o b\u1ecdt bong b\u00f3ng<\/span><\/p>\n<p><span style=\"font-weight: 400\">\u00a0B\u01b0\u1edbc 3: Xoa \u0111\u1ec1u tr\u00ean \u0111\u1ea7u cho th\u1ea5m v\u00e0o da \u0111\u1ea7u.<\/span><\/p>\n<p><span style=\"font-weight: 400\">\u00a0B\u01b0\u1edbc 4: X\u1ea3 l\u1ea1i b\u1eb1ng n\u01b0\u1edbc s\u1ea1ch.<\/span><\/p>\n<p>S\u1ea3n ph\u1ea9m hi\u1ec7n \u0111\u00e3 c\u00f3 m\u1eb7t t\u1ea1i Havamall.<\/p>","protected":false},"excerpt":{"rendered":"<p>T\u1ea1i H\u00e0n Qu\u1ed1c, Cana Teddy Bear l\u00e0 d\u00f2ng s\u1ea3n ph\u1ea9m gia \u0111\u00ecnh r\u1ea5t \u0111\u01b0\u1ee3c \u01b0a chu\u1ed9ng. C\u00e1c s\u1ea3n ph\u1ea9m c\u1ee7a<\/p>","protected":false},"featured_media":20144,"comment_status":"open","ping_status":"closed","template":"","meta":[],"product_brand":[],"product_cat":[397,35],"product_tag":[],"class_list":{"0":"post-20139","1":"product","2":"type-product","3":"status-publish","4":"has-post-thumbnail","6":"product_cat-hang-me-be-do-choi","7":"product_cat-nha-cua-doi-song","9":"first","10":"outofstock","11":"sale","12":"shipping-taxable","13":"purchasable","14":"product-type-simple"},"_links":{"self":[{"href":"https:\/\/havamall.vn\/en\/wp-json\/wp\/v2\/product\/20139"}],"collection":[{"href":"https:\/\/havamall.vn\/en\/wp-json\/wp\/v2\/product"}],"about":[{"href":"https:\/\/havamall.vn\/en\/wp-json\/wp\/v2\/types\/product"}],"replies":[{"embeddable":true,"href":"https:\/\/havamall.vn\/en\/wp-json\/wp\/v2\/comments?post=20139"}],"version-history":[{"count":0,"href":"https:\/\/havamall.vn\/en\/wp-json\/wp\/v2\/product\/20139\/revisions"}],"wp:featuredmedia":[{"embeddable":true,"href":"https:\/\/havamall.vn\/en\/wp-json\/wp\/v2\/media\/20144"}],"wp:attachment":[{"href":"https:\/\/havamall.vn\/en\/wp-json\/wp\/v2\/media?parent=20139"}],"wp:term":[{"taxonomy":"product_brand","embeddable":true,"href":"https:\/\/havamall.vn\/en\/wp-json\/wp\/v2\/product_brand?post=20139"},{"taxonomy":"product_cat","embeddable":true,"href":"https:\/\/havamall.vn\/en\/wp-json\/wp\/v2\/product_cat?post=20139"},{"taxonomy":"product_tag","embeddable":true,"href":"https:\/\/havamall.vn\/en\/wp-json\/wp\/v2\/product_tag?post=20139"}],"curies":[{"name":"wp","href":"https:\/\/api.w.org\/{rel}","templated":true}]}}