{"id":20105,"date":"2021-05-19T17:24:39","date_gmt":"2021-05-19T10:24:39","guid":{"rendered":"https:\/\/havamall.vn\/?post_type=product&#038;p=20105"},"modified":"2022-05-24T15:35:47","modified_gmt":"2022-05-24T08:35:47","slug":"dung-dich-duong-da-capstay-lotion-100g","status":"publish","type":"product","link":"https:\/\/havamall.vn\/en\/shop\/dung-dich-duong-da-capstay-lotion-100g\/","title":{"rendered":"Tinh Ch\u1ea5t D\u01b0\u1ee1ng \u1ea8m &#8211; Capstay Popular Korea Skin Care 3in1 Multi Essence 100g"},"content":{"rendered":"<p><span style=\"font-weight: 400;\">Dung d\u1ecbch d\u01b0\u1ee1ng da Capstay \u0111\u01b0\u1ee3c s\u1ea3n xu\u1ea5t t\u1ea1i H\u00e0n Qu\u1ed1c. Multi Essence gi\u00fap lo\u1ea1i b\u1ecf b\u01b0\u1edbc d\u01b0\u1ee1ng da v\u00e0 ho\u00e0n thi\u1ec7n l\u00e0n da ch\u1ec9 v\u1edbi m\u1ed9t l\u1ea7n duy nh\u1ea5t. S\u1ea3n ph\u1ea9m \u0111\u1ea1t ch\u1ea5t l\u01b0\u1ee3ng cao ch\u0103m s\u00f3c da t\u1ef1 nhi\u00ean b\u00e1n ch\u1ea1y nh\u1ea5t c\u1ee7a m\u1ef9 ph\u1ea9m ch\u0103m s\u00f3c da H\u00e0n Qu\u1ed1c.<\/span><\/p>\n<p><img fetchpriority=\"high\" decoding=\"async\" class=\"aligncenter\" src=\"https:\/\/havamall.vn\/wp-content\/uploads\/2021\/05\/Ua70459baff974292969e0c9519ac3764x.jpg_.webp\" alt=\"High Quality Popular Korea Skin Care 3in1 Multi Essence All In One Skin Care - Buy K Beauty Perfect 3 In1 Multi Essence Skin Care Solution Made In Korea,Beauty In 3 Moisturizing\" width=\"555\" height=\"728\" \/><\/p>\n<p><span style=\"font-weight: 400;\">Dung d\u1ecbch d\u01b0\u1ee1ng da Capstay<\/span> <span style=\"font-weight: 400;\">c\u1ee7ng c\u1ed1 l\u1edbp m\u00e0n tr\u00ean c\u1ee7a da v\u00e0 l\u00e0m cho n\u00f3 tr\u1edf n\u00ean c\u00e2n b\u1eb1ng. L\u00e0m s\u00e1ng, d\u01b0\u1ee1ng \u1ea9m, nu\u00f4i d\u01b0\u1ee1ng. Hi\u1ec7u qu\u1ea3 \u0111\u01b0\u1ee3c ph\u00e1t huy h\u01a1n n\u1eefa b\u1eb1ng c\u00e1ch s\u1eed d\u1ee5ng ma s\u00e1t v\u1eadt l\u00fd v\u1eeba ph\u1ea3i gi\u1ed1ng nh\u01b0 massage \u0111a tinh ch\u1ea5t.<\/span><\/p>\n<p><img decoding=\"async\" class=\"wp-image-20106 aligncenter\" src=\"https:\/\/havamall.vn\/wp-content\/uploads\/2021\/05\/2021010-300x300.jpg\" alt=\"\" width=\"554\" height=\"554\" srcset=\"https:\/\/havamall.vn\/wp-content\/uploads\/2021\/05\/2021010-300x300.jpg 300w, https:\/\/havamall.vn\/wp-content\/uploads\/2021\/05\/2021010-430x430.jpg 430w, https:\/\/havamall.vn\/wp-content\/uploads\/2021\/05\/2021010-150x150.jpg 150w, https:\/\/havamall.vn\/wp-content\/uploads\/2021\/05\/2021010-700x700.jpg 700w, https:\/\/havamall.vn\/wp-content\/uploads\/2021\/05\/2021010-768x768.jpg 768w, https:\/\/havamall.vn\/wp-content\/uploads\/2021\/05\/2021010-1024x1024.jpg 1024w, https:\/\/havamall.vn\/wp-content\/uploads\/2021\/05\/2021010-1200x1200.jpg 1200w, https:\/\/havamall.vn\/wp-content\/uploads\/2021\/05\/2021010-600x600.jpg 600w, https:\/\/havamall.vn\/wp-content\/uploads\/2021\/05\/2021010-100x100.jpg 100w\" sizes=\"(max-width: 554px) 100vw, 554px\" \/><\/p>\n<p><span style=\"font-weight: 400;\">N\u00f3 gi\u00fap d\u01b0\u1ee1ng \u1ea9m m\u00e0 kh\u00f4ng g\u00e2y b\u1ebft d\u00ednh \u0111\u1ec3 l\u00e0m cho khu\u00f4n m\u1eb7t c\u1ee7a b\u1ea1n kh\u1ecfe m\u1ea1nh, r\u1ea1ng r\u1ee1 v\u00e0 s\u00e1ng b\u00f3ng. Hi\u1ec7u qu\u1ea3 s\u1ebd t\u0103ng l\u00ean n\u1ebfu b\u1ea1n s\u1eed d\u1ee5ng v\u00e0o ban \u0111\u00eam \u00edt thay \u0111\u1ed5i m\u00f4i tr\u01b0\u1eddng nh\u1ea5t trong ng\u00e0y.<\/span><\/p>\n<p><img decoding=\"async\" class=\"aligncenter\" src=\"https:\/\/havamall.vn\/wp-content\/uploads\/2021\/05\/U31c323c627e14922adb092f32595f243G.jpg\" alt=\"High Quality Popular Korea Skin Care 3in1 Multi Essence All In One Skin Care - Buy K Beauty Perfect 3 In1 Multi Essence Skin Care Solution Made In Korea,Beauty In 3 Moisturizing\" width=\"551\" height=\"717\" \/><\/p>\n<h4><strong>C\u00f4ng d\u1ee5ng:<\/strong><\/h4>\n<p><span style=\"font-weight: 400;\">&#8211; Ki\u1ec3m so\u00e1t c\u00e2n b\u1eb1ng \u0111\u1ed9 \u1ea9m v\u00e0 d\u1ea7u th\u1eeba tr\u00ean da gi\u00fap da \u1ed5n \u0111\u1ecbnh v\u00e0 s\u1ea1ch s\u1ebd<\/span><\/p>\n<p><span style=\"font-weight: 400;\">&#8211; B\u1eb1ng ph\u01b0\u01a1ng ph\u00e1p d\u01b0\u1ee1ng \u1ea9m chuy\u00ean s\u00e2u gi\u00fap cung c\u1ea5p \u0111\u1ee7 \u0111\u1ed9 \u1ea9m th\u1ea5m t\u1eeb b\u1ec1 m\u1eb7t \u0111\u1ebfn t\u1ea7ng s\u00e2u, ki\u1ec3m tra ch\u1ea5t l\u01b0\u1ee3ng, c\u1ea3i thi\u1ec7n c\u00e1c \u0111i\u1ec3m khuy\u1ebft v\u1ec1 da<\/span><\/p>\n<p><span style=\"font-weight: 400;\">&#8211; Gi\u00fap t\u0103ng c\u01b0\u1eddng \u0111\u1ed9 \u0111\u00e0n h\u1ed3i cho da<\/span><\/p>\n<p><img loading=\"lazy\" decoding=\"async\" class=\"wp-image-20108 aligncenter\" src=\"https:\/\/havamall.vn\/wp-content\/uploads\/2021\/05\/8-300x225.jpg\" alt=\"\" width=\"565\" height=\"424\" srcset=\"https:\/\/havamall.vn\/wp-content\/uploads\/2021\/05\/8-300x225.jpg 300w, https:\/\/havamall.vn\/wp-content\/uploads\/2021\/05\/8-430x322.jpg 430w, https:\/\/havamall.vn\/wp-content\/uploads\/2021\/05\/8-150x112.jpg 150w, https:\/\/havamall.vn\/wp-content\/uploads\/2021\/05\/8-700x524.jpg 700w, https:\/\/havamall.vn\/wp-content\/uploads\/2021\/05\/8-768x575.jpg 768w, https:\/\/havamall.vn\/wp-content\/uploads\/2021\/05\/8-1024x767.jpg 1024w, https:\/\/havamall.vn\/wp-content\/uploads\/2021\/05\/8-1200x899.jpg 1200w, https:\/\/havamall.vn\/wp-content\/uploads\/2021\/05\/8-600x449.jpg 600w, https:\/\/havamall.vn\/wp-content\/uploads\/2021\/05\/8.jpg 1242w\" sizes=\"(max-width: 565px) 100vw, 565px\" \/><\/p>\n<h4><strong>H\u01b0\u1edbng d\u1eabn s\u1eed d\u1ee5ng:<\/strong><\/h4>\n<p><span style=\"font-weight: 400;\">&#8211; Hi\u1ec7u qu\u1ea3 c\u1ee7a vi\u1ec7c s\u1eed d\u1ee5ng m\u1ef9 ph\u1ea9m s\u1ebd t\u0103ng l\u00ean n\u1ebfu b\u1ea1n s\u1eed d\u1ee5ng v\u00e0o ban \u0111\u00eam<\/span><\/p>\n<p><span style=\"font-weight: 400;\">&#8211; T\u00e1c d\u1ee5ng \u0111\u01b0\u1ee3c ph\u00e1t huy h\u01a1n n\u1eefa b\u1eb1ng ph\u01b0\u01a1ng ph\u00e1p m\u00e1t xa nh\u1eb9 nh\u00e0ng ph\u1ea3i gi\u1ed1ng nh\u01b0 m\u00e1y massage<\/span><\/p>\n<p><span style=\"font-weight: 400;\">&#8211; Hi\u1ec7u qu\u1ea3 h\u01a1n khi b\u1ea1n s\u1eed d\u1ee5ng multi essence sau khi x\u00f4ng h\u01a1i n\u01b0\u1edbc ho\u1eb7c m\u1eb7t n\u1ea1 gi\u1ea5y\u00a0<\/span><\/p>\n<p><span style=\"font-weight: 400;\">S\u1ea3n ph\u1ea9m hi\u1ec7n \u0111\u00e3 c\u00f3 m\u1eb7t t\u1ea1i Havamall.<\/span><\/p>","protected":false},"excerpt":{"rendered":"<p>Dung d\u1ecbch d\u01b0\u1ee1ng da Capstay \u0111\u01b0\u1ee3c s\u1ea3n xu\u1ea5t t\u1ea1i H\u00e0n Qu\u1ed1c. Multi Essence gi\u00fap lo\u1ea1i b\u1ecf b\u01b0\u1edbc d\u01b0\u1ee1ng da v\u00e0<\/p>","protected":false},"featured_media":20107,"comment_status":"open","ping_status":"closed","template":"","meta":[],"product_brand":[],"product_cat":[396,35,130],"product_tag":[],"class_list":{"0":"post-20105","1":"product","2":"type-product","3":"status-publish","4":"has-post-thumbnail","6":"product_cat-suc-khoe-lam-dep","7":"product_cat-nha-cua-doi-song","8":"product_cat-khuyen-mai","10":"first","11":"instock","12":"sale","13":"shipping-taxable","14":"purchasable","15":"product-type-simple"},"_links":{"self":[{"href":"https:\/\/havamall.vn\/en\/wp-json\/wp\/v2\/product\/20105"}],"collection":[{"href":"https:\/\/havamall.vn\/en\/wp-json\/wp\/v2\/product"}],"about":[{"href":"https:\/\/havamall.vn\/en\/wp-json\/wp\/v2\/types\/product"}],"replies":[{"embeddable":true,"href":"https:\/\/havamall.vn\/en\/wp-json\/wp\/v2\/comments?post=20105"}],"version-history":[{"count":0,"href":"https:\/\/havamall.vn\/en\/wp-json\/wp\/v2\/product\/20105\/revisions"}],"wp:featuredmedia":[{"embeddable":true,"href":"https:\/\/havamall.vn\/en\/wp-json\/wp\/v2\/media\/20107"}],"wp:attachment":[{"href":"https:\/\/havamall.vn\/en\/wp-json\/wp\/v2\/media?parent=20105"}],"wp:term":[{"taxonomy":"product_brand","embeddable":true,"href":"https:\/\/havamall.vn\/en\/wp-json\/wp\/v2\/product_brand?post=20105"},{"taxonomy":"product_cat","embeddable":true,"href":"https:\/\/havamall.vn\/en\/wp-json\/wp\/v2\/product_cat?post=20105"},{"taxonomy":"product_tag","embeddable":true,"href":"https:\/\/havamall.vn\/en\/wp-json\/wp\/v2\/product_tag?post=20105"}],"curies":[{"name":"wp","href":"https:\/\/api.w.org\/{rel}","templated":true}]}}