{"id":20099,"date":"2021-05-19T16:35:20","date_gmt":"2021-05-19T09:35:20","guid":{"rendered":"https:\/\/havamall.vn\/?post_type=product&#038;p=20099"},"modified":"2022-04-08T13:36:10","modified_gmt":"2022-04-08T06:36:10","slug":"sua-tam-va-rua-mat-cana-teddy-bear-face-body-wash","status":"publish","type":"product","link":"https:\/\/havamall.vn\/en\/shop\/sua-tam-va-rua-mat-cana-teddy-bear-face-body-wash\/","title":{"rendered":"S\u1eefa T\u1eafm V\u00e0 R\u1eeda M\u1eb7t &#8211; Cana Teddy Bear Face &amp; Body Wash"},"content":{"rendered":"<p>T\u1ea1i H\u00e0n Qu\u1ed1c, Cana Teddy Bear l\u00e0 d\u00f2ng s\u1ea3n ph\u1ea9m gia \u0111\u00ecnh r\u1ea5t \u0111\u01b0\u1ee3c \u01b0a chu\u1ed9ng. V\u1edbi th\u00e0nh ph\u1ea7n ch\u00ednh t\u1eeb m\u1eadt ong, s\u1eefa ong ch\u00faa v\u00e0 keo ong, c\u00e1c s\u1ea3n ph\u1ea9m c\u1ee7a Cana Teddy Bear \u0111\u01b0\u1ee3c l\u00e0m ra \u0111\u1ec3 \u0111\u00e1p \u1ee9ng cho m\u1ecdi l\u00e0n da, k\u1ec3 c\u1ea3 l\u00e0n da si\u00eau nh\u1ea1y c\u1ea3m, \u0111\u1eb7c bi\u1ec7t an to\u00e0n \u0111\u1ed1i v\u1edbi l\u00e0n da tr\u1ebb nh\u1ecf.<\/p>\n<p><img fetchpriority=\"high\" decoding=\"async\" class=\"wp-image-20134 aligncenter\" src=\"https:\/\/havamall.vn\/wp-content\/uploads\/2021\/05\/KL-216x300.jpg\" alt=\"\" width=\"520\" height=\"722\" srcset=\"https:\/\/havamall.vn\/wp-content\/uploads\/2021\/05\/KL-216x300.jpg 216w, https:\/\/havamall.vn\/wp-content\/uploads\/2021\/05\/KL-430x597.jpg 430w, https:\/\/havamall.vn\/wp-content\/uploads\/2021\/05\/KL-150x208.jpg 150w, https:\/\/havamall.vn\/wp-content\/uploads\/2021\/05\/KL-700x972.jpg 700w, https:\/\/havamall.vn\/wp-content\/uploads\/2021\/05\/KL-768x1067.jpg 768w, https:\/\/havamall.vn\/wp-content\/uploads\/2021\/05\/KL-737x1024.jpg 737w, https:\/\/havamall.vn\/wp-content\/uploads\/2021\/05\/KL-1200x1667.jpg 1200w, https:\/\/havamall.vn\/wp-content\/uploads\/2021\/05\/KL-600x833.jpg 600w, https:\/\/havamall.vn\/wp-content\/uploads\/2021\/05\/KL.jpg 1586w\" sizes=\"(max-width: 520px) 100vw, 520px\" \/><\/p>\n<p><span style=\"font-weight: 400\">S\u1eefa t\u1eafm v\u00e0 g\u1ed9i \u0111\u1ea7u cho b\u00e9 Cana Teddy Bear Face<\/span> an to\u00e0n v\u1edbi l\u00e0n da tr\u1ebb nh\u1ecf, \u0111\u00e3 \u0111\u01b0\u1ee3c ch\u1ee9ng nh\u1eadn v\u00e0 c\u1ea5p ph\u00e9p s\u1eed d\u1ee5ng cho tr\u1ebb em t\u1eeb 12 th\u00e1ng tu\u1ed5i. V\u00ec v\u1eady t\u1ea1i H\u00e0n Qu\u1ed1c Cana Teddy Bear c\u0169ng l\u00e0 s\u1ef1 l\u1ef1a ch\u1ecdn c\u1ee7a r\u1ea5t nhi\u1ec1u gia \u0111\u00ecnh c\u00f3 con nh\u1ecf.<\/p>\n<p><img decoding=\"async\" class=\"wp-image-20135 aligncenter\" src=\"https:\/\/havamall.vn\/wp-content\/uploads\/2021\/05\/LK-246x300.jpg\" alt=\"\" width=\"513\" height=\"626\" srcset=\"https:\/\/havamall.vn\/wp-content\/uploads\/2021\/05\/LK-246x300.jpg 246w, https:\/\/havamall.vn\/wp-content\/uploads\/2021\/05\/LK-430x525.jpg 430w, https:\/\/havamall.vn\/wp-content\/uploads\/2021\/05\/LK-150x183.jpg 150w, https:\/\/havamall.vn\/wp-content\/uploads\/2021\/05\/LK-700x855.jpg 700w, https:\/\/havamall.vn\/wp-content\/uploads\/2021\/05\/LK-768x938.jpg 768w, https:\/\/havamall.vn\/wp-content\/uploads\/2021\/05\/LK-838x1024.jpg 838w, https:\/\/havamall.vn\/wp-content\/uploads\/2021\/05\/LK-1200x1466.jpg 1200w, https:\/\/havamall.vn\/wp-content\/uploads\/2021\/05\/LK-600x733.jpg 600w, https:\/\/havamall.vn\/wp-content\/uploads\/2021\/05\/LK.jpg 1586w\" sizes=\"(max-width: 513px) 100vw, 513px\" \/><\/p>\n<p><span style=\"font-weight: 400\">S\u1eefa t\u1eafm v\u00e0 g\u1ed9i \u0111\u1ea7u cho b\u00e9 Cana Teddy Bear Face &#8211; Body Wash l\u00e0 s\u1eefa t\u1eafm d\u1ecbu cho da ch\u1ee9a chi\u1ebft xu\u1ea5t m\u1eadt ong c\u00f3 nhi\u1ec1u lo\u1ea1i vitamin v\u00e0 ch\u1ea5t v\u00f4 c\u01a1. Gi\u00e0u axit amin gi\u00fap ch\u0103m s\u00f3c da s\u1ea1ch s\u1ebd v\u00e0 t\u01b0\u01a1i t\u1eafn, l\u01b0u l\u1ea1i h\u01b0\u01a1ng th\u01a1m l\u00e2u tr\u00ean c\u01a1 th\u1ec3.<\/span><\/p>\n<p><span style=\"font-weight: 400\">S\u1ea3n ph\u1ea9m cung c\u1ea5p d\u01b0\u1ee1ng ch\u1ea5t cho da b\u1ecb kh\u00f4 v\u00e0 s\u1ea7n, gi\u00fap cho da tr\u1edf n\u00ean \u1ea9m m\u01b0\u1ee3t, m\u1ec1m m\u1ecbn v\u00e0 kh\u1ecfe m\u1ea1nh h\u01a1n. T\u1ea1o ra nhi\u1ec1u b\u1ecdt x\u00e0 ph\u00f2ng gi\u00fap b\u1ea1n t\u1eafm g\u1ed9i th\u1eadt s\u1ea3ng kho\u00e1i, d\u1ec5 ch\u1ecbu.<\/span><\/p>\n<p><img decoding=\"async\" class=\"wp-image-20102 aligncenter\" src=\"https:\/\/havamall.vn\/wp-content\/uploads\/2021\/05\/best_baby_body_-300x180.png\" alt=\"\" width=\"520\" height=\"312\" srcset=\"https:\/\/havamall.vn\/wp-content\/uploads\/2021\/05\/best_baby_body_-300x180.png 300w, https:\/\/havamall.vn\/wp-content\/uploads\/2021\/05\/best_baby_body_-430x258.png 430w, https:\/\/havamall.vn\/wp-content\/uploads\/2021\/05\/best_baby_body_-150x90.png 150w, https:\/\/havamall.vn\/wp-content\/uploads\/2021\/05\/best_baby_body_-700x420.png 700w, https:\/\/havamall.vn\/wp-content\/uploads\/2021\/05\/best_baby_body_-768x461.png 768w, https:\/\/havamall.vn\/wp-content\/uploads\/2021\/05\/best_baby_body_-600x360.png 600w, https:\/\/havamall.vn\/wp-content\/uploads\/2021\/05\/best_baby_body_.png 1000w\" sizes=\"(max-width: 520px) 100vw, 520px\" \/><\/p>\n<h4><strong>Th\u00e0nh ph\u1ea7n:<\/strong><\/h4>\n<p><span style=\"font-weight: 400\">&#8211; Chi\u1ebft xu\u1ea5t m\u1eadt ong:\u00a0 M\u1eadt ong gi\u00fap h\u00ecnh th\u00e0nh l\u1edbp m\u00e0ng gi\u1eef \u1ea9m cho m\u00e1i t\u00f3c b\u1ecb h\u01b0 t\u1ed5n, t\u0103ng c\u01b0\u1eddng \u0111\u1ed9 s\u00e1ng b\u00f3ng cho m\u00e1i t\u00f3c.<\/span><\/p>\n<p><span style=\"font-weight: 400\">&#8211; S\u1eefa ong ch\u00faa: \u0111\u01b0a dinh d\u01b0\u1ee1ng th\u1ea5m v\u00e0o t\u00f3c, t\u1eeb \u0111\u00f3 gi\u00fap t\u1ea1o ra m\u00e1i t\u00f3c m\u1ec1m m\u1ea1i.<\/span><\/p>\n<p><span style=\"font-weight: 400\">&#8211; Keo ong: kh\u00e1ng khu\u1ea9n t\u1ef1 nhi\u00ean: gi\u00fap ch\u0103m s\u00f3c m\u00e1i t\u00f3c b\u1ecb t\u1ed5n th\u01b0\u01a1ng do y\u1ebfu t\u1ed1 t\u00e1c \u0111\u1ed9ng b\u00ean ngo\u00e0i tr\u1edf n\u00ean kh\u1ecfe m\u1ea1nh.<\/span><\/p>\n<p><img loading=\"lazy\" decoding=\"async\" class=\"wp-image-20137 aligncenter\" src=\"https:\/\/havamall.vn\/wp-content\/uploads\/2021\/05\/HK-300x198.jpg\" alt=\"\" width=\"543\" height=\"359\" srcset=\"https:\/\/havamall.vn\/wp-content\/uploads\/2021\/05\/HK-300x198.jpg 300w, https:\/\/havamall.vn\/wp-content\/uploads\/2021\/05\/HK-430x283.jpg 430w, https:\/\/havamall.vn\/wp-content\/uploads\/2021\/05\/HK-150x99.jpg 150w, https:\/\/havamall.vn\/wp-content\/uploads\/2021\/05\/HK-700x461.jpg 700w, https:\/\/havamall.vn\/wp-content\/uploads\/2021\/05\/HK-768x506.jpg 768w, https:\/\/havamall.vn\/wp-content\/uploads\/2021\/05\/HK-1024x675.jpg 1024w, https:\/\/havamall.vn\/wp-content\/uploads\/2021\/05\/HK-1200x791.jpg 1200w, https:\/\/havamall.vn\/wp-content\/uploads\/2021\/05\/HK.jpg 1586w\" sizes=\"(max-width: 543px) 100vw, 543px\" \/><\/p>\n<h4><strong>C\u00f4ng d\u1ee5ng:<\/strong><\/h4>\n<p><span style=\"font-weight: 400\">&#8211; D\u1ea7u g\u1ed9i Cana Teddy Bear gi\u00fap ch\u0103m s\u00f3c da d\u1ea7u kh\u1ecfe m\u1ea1nh v\u00e0 m\u00e1i t\u00f3c s\u00e1ng b\u00f3ng v\u1edbi l\u1edbp m\u00e0ng<\/span><\/p>\n<p><span style=\"font-weight: 400\">&#8211; T\u1ea1o \u1ea9m v\u00e0 gi\u1eef \u1ea9m cho m\u00e1i t\u00f3c b\u1ecb t\u1ed5n th\u01b0\u01a1ng v\u1edbi th\u00e0nh ph\u1ea7n gi\u00e0u Vitamin v\u00e0 c\u00e1c lo\u1ea1i d\u1ea7u kho\u00e1ng.<\/span><\/p>\n<h4><strong>C\u00e1ch s\u1eed d\u1ee5ng :<\/strong><\/h4>\n<p><span style=\"font-weight: 400\">&gt; B\u01b0\u1edbc 1: Cho 1 l\u01b0\u1ee3ng v\u1eeba \u0111\u1ee7 ra l\u00f2ng b\u00e0n tay<\/span><\/p>\n<p><span style=\"font-weight: 400\">&gt; B\u01b0\u1edbc 2: T\u1ea1o b\u1ecdt bong b\u00f3ng<\/span><\/p>\n<p><span style=\"font-weight: 400\">&gt; B\u01b0\u1edbc 3: Xoa \u0111\u1ec1u tr\u00ean \u0111\u1ea7u cho th\u1ea5m v\u00e0o da \u0111\u1ea7u.<\/span><\/p>\n<p><span style=\"font-weight: 400\">&gt; B\u01b0\u1edbc 4: X\u1ea3 l\u1ea1i b\u1eb1ng n\u01b0\u1edbc s\u1ea1ch.<\/span><\/p>\n<p>S\u1ea3n ph\u1ea9m hi\u1ec7n \u0111\u00e3 c\u00f3 m\u1eb7t t\u1ea1i Havamall.<\/p>","protected":false},"excerpt":{"rendered":"<p>T\u1ea1i H\u00e0n Qu\u1ed1c, Cana Teddy Bear l\u00e0 d\u00f2ng s\u1ea3n ph\u1ea9m gia \u0111\u00ecnh r\u1ea5t \u0111\u01b0\u1ee3c \u01b0a chu\u1ed9ng. V\u1edbi th\u00e0nh ph\u1ea7n ch\u00ednh<\/p>","protected":false},"featured_media":20138,"comment_status":"open","ping_status":"closed","template":"","meta":[],"product_brand":[],"product_cat":[397,396,35],"product_tag":[],"class_list":{"0":"post-20099","1":"product","2":"type-product","3":"status-publish","4":"has-post-thumbnail","6":"product_cat-hang-me-be-do-choi","7":"product_cat-suc-khoe-lam-dep","8":"product_cat-nha-cua-doi-song","10":"first","11":"outofstock","12":"sale","13":"shipping-taxable","14":"purchasable","15":"product-type-simple"},"_links":{"self":[{"href":"https:\/\/havamall.vn\/en\/wp-json\/wp\/v2\/product\/20099"}],"collection":[{"href":"https:\/\/havamall.vn\/en\/wp-json\/wp\/v2\/product"}],"about":[{"href":"https:\/\/havamall.vn\/en\/wp-json\/wp\/v2\/types\/product"}],"replies":[{"embeddable":true,"href":"https:\/\/havamall.vn\/en\/wp-json\/wp\/v2\/comments?post=20099"}],"version-history":[{"count":0,"href":"https:\/\/havamall.vn\/en\/wp-json\/wp\/v2\/product\/20099\/revisions"}],"wp:featuredmedia":[{"embeddable":true,"href":"https:\/\/havamall.vn\/en\/wp-json\/wp\/v2\/media\/20138"}],"wp:attachment":[{"href":"https:\/\/havamall.vn\/en\/wp-json\/wp\/v2\/media?parent=20099"}],"wp:term":[{"taxonomy":"product_brand","embeddable":true,"href":"https:\/\/havamall.vn\/en\/wp-json\/wp\/v2\/product_brand?post=20099"},{"taxonomy":"product_cat","embeddable":true,"href":"https:\/\/havamall.vn\/en\/wp-json\/wp\/v2\/product_cat?post=20099"},{"taxonomy":"product_tag","embeddable":true,"href":"https:\/\/havamall.vn\/en\/wp-json\/wp\/v2\/product_tag?post=20099"}],"curies":[{"name":"wp","href":"https:\/\/api.w.org\/{rel}","templated":true}]}}