{"id":20096,"date":"2021-05-19T15:48:29","date_gmt":"2021-05-19T08:48:29","guid":{"rendered":"https:\/\/havamall.vn\/?post_type=product&#038;p=20096"},"modified":"2021-06-23T11:29:28","modified_gmt":"2021-06-23T04:29:28","slug":"dung-cu-massage-toan-than-bang-gom-millbody-ceramic-body-massage-tool","status":"publish","type":"product","link":"https:\/\/havamall.vn\/en\/shop\/dung-cu-massage-toan-than-bang-gom-millbody-ceramic-body-massage-tool\/","title":{"rendered":"D\u1ee5ng C\u1ee5 Massage To\u00e0n Th\u00e2n B\u1eb1ng G\u1ed1m &#8211; Millbody Ceramic Body Massage Tool"},"content":{"rendered":"<p><span style=\"font-weight: 400\">Nangnanglife, m\u1ed9t th\u01b0\u01a1ng hi\u1ec7u ch\u0103m s\u00f3c da c\u00f3 uy t\u00edn t\u1ea1i H\u00e0n Qu\u1ed1c \u0111\u00e3 \u0111\u01b0a ra D\u00f2ng s\u1ea3n ph\u1ea9m &#8216;MILL&#8217; h\u00e0ng \u0111\u1ea7u c\u1ee7a m\u00ecnh b\u1eb1ng c\u00e1ch b\u1eaft ngu\u1ed3n t\u1eeb kh\u00e1i ni\u1ec7m &#8216;\u0111\u1ea9y&#8217; m\u1ed9t c\u00f4ng c\u1ee5 massage s\u1ebd \u0111\u01b0a c\u01a1 th\u1ec3 ch\u00fang ta tr\u1edf l\u1ea1i tr\u1ea1ng th\u00e1i t\u1ef1 nhi\u00ean v\u00e0 vinh quang tr\u01b0\u1edbc \u0111\u00e2y! Mang \u0111\u1ebfn cho b\u1ea1n \u0111i\u1ec1u t\u1ed1t nh\u1ea5t trong 3 b\u01b0\u1edbc \u0111\u01a1n gi\u1ea3n &#8211; gi\u1eef d\u1ee5ng c\u1ee5 m\u00e1t-xa g\u1ed1m \u1edf b\u1ea5t k\u1ef3 v\u1ecb tr\u00ed tho\u1ea3i m\u00e1i n\u00e0o, l\u1ef1c \u0111\u1ea9y \u1ed5n \u0111\u1ecbnh t\u1ea1o ra chuy\u1ec3n \u0111\u1ed9ng l\u00ean xu\u1ed1ng ho\u1eb7c chuy\u1ec3n \u0111\u1ed9ng qua l\u1ea1i v\u00e0 v\u1ebb ngo\u00e0i \u0111\u1eb9p \u0111\u1ebd c\u1ee7a m\u1ed9t l\u00e0n da \u0111\u01b0\u1ee3c k\u00edch th\u00edch v\u00e0 m\u00e1t-xa t\u1ed1t.<\/span><\/p>\n<p><img fetchpriority=\"high\" decoding=\"async\" class=\"wp-image-20514 aligncenter\" src=\"https:\/\/havamall.vn\/wp-content\/uploads\/2021\/05\/131314772_34866754-300x300.jpg\" alt=\"\" width=\"580\" height=\"580\" srcset=\"https:\/\/havamall.vn\/wp-content\/uploads\/2021\/05\/131314772_34866754-300x300.jpg 300w, https:\/\/havamall.vn\/wp-content\/uploads\/2021\/05\/131314772_34866754-430x430.jpg 430w, https:\/\/havamall.vn\/wp-content\/uploads\/2021\/05\/131314772_34866754-150x150.jpg 150w, https:\/\/havamall.vn\/wp-content\/uploads\/2021\/05\/131314772_34866754-700x700.jpg 700w, https:\/\/havamall.vn\/wp-content\/uploads\/2021\/05\/131314772_34866754-768x768.jpg 768w, https:\/\/havamall.vn\/wp-content\/uploads\/2021\/05\/131314772_34866754-1024x1024.jpg 1024w, https:\/\/havamall.vn\/wp-content\/uploads\/2021\/05\/131314772_34866754-600x600.jpg 600w, https:\/\/havamall.vn\/wp-content\/uploads\/2021\/05\/131314772_34866754-100x100.jpg 100w, https:\/\/havamall.vn\/wp-content\/uploads\/2021\/05\/131314772_34866754.jpg 1080w\" sizes=\"(max-width: 580px) 100vw, 580px\" \/><\/p>\n<p>D\u00f2ng s\u1ea3n ph\u1ea9m Mill &#8211; bao g\u1ed3m MILL FACE &amp; MILL BODY l\u00e0 c\u00e1c c\u00f4ng c\u1ee5 m\u00e1t-xa \u0111\u01b0\u1ee3c t\u1ed1i \u01b0u h\u00f3a cho li\u1ec7u ph\u00e1p m\u00e1t-xa Gua Sha truy\u1ec1n th\u1ed1ng, nh\u1edd \u0111\u00f3 c\u00e1c m\u00f4 b\u1ecb t\u1eafc ngh\u1ebdn v\u00e0 \u1ee9 \u0111\u1ecdng \u0111\u01b0\u1ee3c ph\u00e1 v\u1ee1 gi\u1ea3i ph\u00f3ng c\u00e1c \u0111\u1ed9c t\u1ed1.\u00a0C\u00e1c l\u1ef1c \u0111\u1ea9y k\u00edch ho\u1ea1t c\u00e1c \u0111\u01b0\u1eddng kinh m\u1ea1ch trong c\u01a1 th\u1ec3.<\/p>\n<p><img decoding=\"async\" class=\"aligncenter\" src=\"https:\/\/havamall.vn\/wp-content\/uploads\/2021\/05\/gua-shau-category.jpg\" alt=\"Shop All Facial Massage Tools | Art of Skin Care\" width=\"593\" height=\"237\" \/><\/p>\n<p>Thi\u1ebft k\u1ebf tinh vi bao g\u1ed3m m\u1ed9t s\u1ed1 \u0111\u01b0\u1eddng cong v\u00e0 h\u00ecnh chi\u1ebfu \u0111\u01b0\u1ee3c t\u1ea1o ra \u0111\u1eb7c bi\u1ec7t \u0111\u1ec3 ph\u00f9 h\u1ee3p v\u1edbi c\u00e1c b\u1ed9 ph\u1eadn ri\u00eang l\u1ebb kh\u00e1c nhau tr\u00ean c\u01a1 th\u1ec3 v\u00e0 khu\u00f4n m\u1eb7t c\u1ee7a ch\u00fang ta. S\u1ea3n ph\u1ea9m \u0111\u01b0\u1ee3c l\u00e0m b\u1eb1ng g\u1ed1m s\u1ebd ph\u00e1t ra tia h\u1ed3ng ngo\u1ea1i xa trong qu\u00e1 tr\u00ecnh s\u1eed d\u1ee5ng, nh\u1eefng d\u1ee5ng c\u1ee5 b\u1eb1ng s\u1ee9 n\u00e0y s\u1ebd n\u00e2ng cao hi\u1ec7u qu\u1ea3 massage Gua sha khi \u0111\u1ea9y v\u00e0 k\u00e9o da c\u1ee7a b\u1ea1n.<\/p>\n<p><img decoding=\"async\" class=\"aligncenter\" src=\"https:\/\/havamall.vn\/wp-content\/uploads\/2021\/05\/Screen_Shot_2020-07-22_at_11.23.23_AM_1024x1024.png\" alt=\"Face &amp; Body Massage Tool Millbody 100% Ceramic GUA SHA Tool \u2013 European Beauty by B\" width=\"573\" height=\"591\" \/><\/p>\n<p><span style=\"font-weight: 400\">Millbody \u0111\u01b0\u1ee3c \u0111\u1ef1ng trong chi\u1ebfc h\u1ed9p m\u00e0u h\u1ed3ng v\u00f4 c\u00f9ng xinh x\u1eafn ki\u1ec3u d\u00e1ng \u0111\u1eb9p c\u00f3 th\u00eam h\u1ed9p b\u00ean trong, \u0111\u1ec3 b\u1ea3o v\u1ec7 d\u1ee5ng c\u1ee5 m\u00e1t xa b\u1eb1ng g\u1ed1m 100% l\u00e0m b\u1eb1ng tay kh\u1ecfi b\u1ea5t k\u1ef3 c\u00fa s\u1ed1c ho\u1eb7c chuy\u1ec3n \u0111\u1ed9ng \u0111\u1ed9t ng\u1ed9t n\u00e0o trong qu\u00e1 tr\u00ecnh x\u1eed l\u00fd v\u00e0 v\u1eadn chuy\u1ec3n.\u00a0<\/span><\/p>\n<p><img loading=\"lazy\" decoding=\"async\" class=\"wp-image-20600 aligncenter\" src=\"https:\/\/havamall.vn\/wp-content\/uploads\/2021\/05\/143362020_236917294633518_6902183821934091471_n-300x200.png\" alt=\"\" width=\"596\" height=\"397\" srcset=\"https:\/\/havamall.vn\/wp-content\/uploads\/2021\/05\/143362020_236917294633518_6902183821934091471_n-300x200.png 300w, https:\/\/havamall.vn\/wp-content\/uploads\/2021\/05\/143362020_236917294633518_6902183821934091471_n-430x287.png 430w, https:\/\/havamall.vn\/wp-content\/uploads\/2021\/05\/143362020_236917294633518_6902183821934091471_n-150x100.png 150w, https:\/\/havamall.vn\/wp-content\/uploads\/2021\/05\/143362020_236917294633518_6902183821934091471_n-700x467.png 700w, https:\/\/havamall.vn\/wp-content\/uploads\/2021\/05\/143362020_236917294633518_6902183821934091471_n-768x512.png 768w, https:\/\/havamall.vn\/wp-content\/uploads\/2021\/05\/143362020_236917294633518_6902183821934091471_n-1024x683.png 1024w, https:\/\/havamall.vn\/wp-content\/uploads\/2021\/05\/143362020_236917294633518_6902183821934091471_n-1200x800.png 1200w, https:\/\/havamall.vn\/wp-content\/uploads\/2021\/05\/143362020_236917294633518_6902183821934091471_n-600x400.png 600w, https:\/\/havamall.vn\/wp-content\/uploads\/2021\/05\/143362020_236917294633518_6902183821934091471_n.png 2048w\" sizes=\"(max-width: 596px) 100vw, 596px\" \/><\/p>\n<p><span style=\"font-weight: 400\">S\u1ea3n ph\u1ea9m c\u00f3 k\u00e8m theo 4 trang h\u01b0\u1edbng d\u1eabn s\u1eed d\u1ee5ng chi ti\u1ebft b\u1eb1ng c\u1ea3 ti\u1ebfng H\u00e0n v\u00e0 ti\u1ebfng Anh, gi\u00fap b\u1ea1n s\u1eed d\u1ee5ng s\u1ea3n ph\u1ea9m m\u1ed9t c\u00e1ch hi\u1ec7u qu\u1ea3. Ch\u1edd \u0111\u00e3, c\u00f2n nhi\u1ec1u h\u01a1n n\u1eefa! Ngo\u00e0i ra c\u00f2n c\u00f3 th\u00eam m\u1ed9t t\u00fai \u0111\u1ef1ng m\u00e0u be ch\u1eafc ch\u1eafn v\u00e0 tho\u00e1ng kh\u00ed, \u0111\u1ec3 b\u1ea1n b\u1ea3o qu\u1ea3n d\u1ee5ng c\u1ee5 n\u00e0y m\u1ed9t c\u00e1ch v\u1ec7 sinh v\u00e0 kh\u00f4 r\u00e1o, \u0111\u1ed3ng th\u1eddi mang theo b\u00ean m\u00ecnh cho nhu c\u1ea7u m\u00e1t xa khi di chuy\u1ec3n).<\/span><\/p>\n<h4><strong>C\u00f4ng d\u1ee5ng:<\/strong><\/h4>\n<p><img loading=\"lazy\" decoding=\"async\" class=\"wp-image-20598 aligncenter\" src=\"https:\/\/havamall.vn\/wp-content\/uploads\/2021\/05\/143188797_236917291300185_7718401157068722048_n-300x200.png\" alt=\"\" width=\"592\" height=\"394\" srcset=\"https:\/\/havamall.vn\/wp-content\/uploads\/2021\/05\/143188797_236917291300185_7718401157068722048_n-300x200.png 300w, https:\/\/havamall.vn\/wp-content\/uploads\/2021\/05\/143188797_236917291300185_7718401157068722048_n-430x287.png 430w, https:\/\/havamall.vn\/wp-content\/uploads\/2021\/05\/143188797_236917291300185_7718401157068722048_n-150x100.png 150w, https:\/\/havamall.vn\/wp-content\/uploads\/2021\/05\/143188797_236917291300185_7718401157068722048_n-700x467.png 700w, https:\/\/havamall.vn\/wp-content\/uploads\/2021\/05\/143188797_236917291300185_7718401157068722048_n-768x512.png 768w, https:\/\/havamall.vn\/wp-content\/uploads\/2021\/05\/143188797_236917291300185_7718401157068722048_n-1024x683.png 1024w, https:\/\/havamall.vn\/wp-content\/uploads\/2021\/05\/143188797_236917291300185_7718401157068722048_n-1200x800.png 1200w, https:\/\/havamall.vn\/wp-content\/uploads\/2021\/05\/143188797_236917291300185_7718401157068722048_n-600x400.png 600w, https:\/\/havamall.vn\/wp-content\/uploads\/2021\/05\/143188797_236917291300185_7718401157068722048_n.png 2048w\" sizes=\"(max-width: 592px) 100vw, 592px\" \/><\/p>\n<p><span style=\"font-weight: 400\">&#8211; Tay c\u1ea7m v\u1eefng ch\u1eafc, kh\u00f4ng b\u1ecb tr\u01b0\u1ee3t k\u1ec3 c\u1ea3 v\u1edbi ng\u01b0\u1eddi d\u1ec5 ra m\u1ed3 h\u00f4i tay, gi\u00fap m\u00e1t xa m\u00e0 kh\u00f4ng c\u1ea7n d\u1ed3n qu\u00e1 nhi\u1ec1u l\u1ef1c v\u00e0o tay<\/span><\/p>\n<p><span style=\"font-weight: 400\">&#8211; Thi\u1ebft k\u1ebf r\u0103ng c\u01b0a v\u1edbi \u0111\u1ed9 d\u00e0y, kho\u1ea3ng tr\u1ed1ng v\u00e0 \u0111\u1ed9 cao ph\u00f9 h\u1ee3p<\/span><\/p>\n<p><span style=\"font-weight: 400\">&#8211; \u0110\u01b0\u1eddng r\u0103ng c\u01b0a m\u1ec1m m\u1ea1i ph\u00f9 h\u1ee3p v\u1edbi nhi\u1ec1u v\u00f9ng c\u01a1 th\u1ec3 kh\u00e1c nhau<\/span><\/p>\n<p><span style=\"font-weight: 400\">&#8211; \u0110\u1ed9 d\u00e0y c\u1ee7a d\u1ee5ng c\u1ee5 ph\u00f9 h\u1ee3p<\/span><\/p>\n<p><img loading=\"lazy\" decoding=\"async\" class=\"wp-image-20599 aligncenter\" src=\"https:\/\/havamall.vn\/wp-content\/uploads\/2021\/05\/141321791_236917274633520_6883396061733823832_n-300x200.png\" alt=\"\" width=\"615\" height=\"409\" srcset=\"https:\/\/havamall.vn\/wp-content\/uploads\/2021\/05\/141321791_236917274633520_6883396061733823832_n-300x200.png 300w, https:\/\/havamall.vn\/wp-content\/uploads\/2021\/05\/141321791_236917274633520_6883396061733823832_n-430x287.png 430w, https:\/\/havamall.vn\/wp-content\/uploads\/2021\/05\/141321791_236917274633520_6883396061733823832_n-150x100.png 150w, https:\/\/havamall.vn\/wp-content\/uploads\/2021\/05\/141321791_236917274633520_6883396061733823832_n-700x467.png 700w, https:\/\/havamall.vn\/wp-content\/uploads\/2021\/05\/141321791_236917274633520_6883396061733823832_n-768x512.png 768w, https:\/\/havamall.vn\/wp-content\/uploads\/2021\/05\/141321791_236917274633520_6883396061733823832_n-1024x683.png 1024w, https:\/\/havamall.vn\/wp-content\/uploads\/2021\/05\/141321791_236917274633520_6883396061733823832_n-1200x800.png 1200w, https:\/\/havamall.vn\/wp-content\/uploads\/2021\/05\/141321791_236917274633520_6883396061733823832_n-600x400.png 600w, https:\/\/havamall.vn\/wp-content\/uploads\/2021\/05\/141321791_236917274633520_6883396061733823832_n.png 2048w\" sizes=\"(max-width: 615px) 100vw, 615px\" \/><\/p>\n<h4><strong>H\u01b0\u1edbng d\u1eabn s\u1eed d\u1ee5ng:<\/strong><\/h4>\n<p><span style=\"font-weight: 400\">&#8211; Thoa kem m\u00e1t xa ho\u1eb7c \u0111\u01a1n gi\u1ea3n l\u00e0 thoa d\u1ea7u to\u00e0n th\u00e2n l\u00ean nh\u1eefng v\u00f9ng da mong mu\u1ed1n.<\/span><\/p>\n<p><span style=\"font-weight: 400\">&#8211; L\u1ea5y MILL BODY v\u00e0 \u200b\u200bch\u1ecdn d\u00f2ng b\u1ea1n mu\u1ed1n s\u1eed d\u1ee5ng theo nhu c\u1ea7u v\u00e0 mong mu\u1ed1n c\u1ee7a b\u1ea1n ho\u1eb7c \u0111\u01a1n gi\u1ea3n l\u00e0 s\u1eed d\u1ee5ng k\u1ebft h\u1ee3p c\u1ea3 5 d\u00f2ng, \u0111\u1ec3 c\u00f3 tr\u1ea3i nghi\u1ec7m ho\u00e0n to\u00e0n gi\u1ed1ng nh\u01b0 massage to\u00e0n th\u00e2n.<\/span><\/p>\n<p><span style=\"font-weight: 400\">&#8211; Lu\u1ed3n ng\u00f3n tay c\u00e1i c\u1ee7a b\u1ea1n qua l\u1ed7 v\u00e0 c\u1ea7m d\u1ee5ng c\u1ee5 m\u1ed9t c\u00e1ch tho\u1ea3i m\u00e1i.<\/span><\/p>\n<p><span style=\"font-weight: 400\">&#8211; Qu\u00e9t ra ngo\u00e0i theo chuy\u1ec3n \u0111\u1ed9ng \u0111\u1ec1u \u0111\u1eb7n v\u00e0 \u1ed5n \u0111\u1ecbnh t\u1eeb trong ra ngo\u00e0i; xu\u1ed1ng \u0111\u1ea7u trang \u00e1p d\u1ee5ng \u00e1p su\u1ea5t th\u00edch h\u1ee3p.<\/span><\/p>\n<p><img loading=\"lazy\" decoding=\"async\" class=\"wp-image-20097 aligncenter\" src=\"https:\/\/havamall.vn\/wp-content\/uploads\/2021\/05\/xx-300x196.jpg\" alt=\"\" width=\"584\" height=\"382\" srcset=\"https:\/\/havamall.vn\/wp-content\/uploads\/2021\/05\/xx-300x196.jpg 300w, https:\/\/havamall.vn\/wp-content\/uploads\/2021\/05\/xx-430x281.jpg 430w, https:\/\/havamall.vn\/wp-content\/uploads\/2021\/05\/xx-150x98.jpg 150w, https:\/\/havamall.vn\/wp-content\/uploads\/2021\/05\/xx.jpg 600w\" sizes=\"(max-width: 584px) 100vw, 584px\" \/><\/p>\n<h4><strong>\u0110\u1ed1i t\u01b0\u1ee3ng ph\u00f9 h\u1ee3p s\u1eed d\u1ee5ng:<\/strong><\/h4>\n<p><span style=\"font-weight: 400\">\u2713 Ng\u01b0\u1eddi b\u1ecb da s\u1ea7n v\u1ecf cam.<\/span><\/p>\n<p><span style=\"font-weight: 400\">\u2713 Ng\u01b0\u1eddi b\u1ecb ph\u00f9 n\u1ec1 ch\u00e2n<\/span><\/p>\n<p><span style=\"font-weight: 400\">\u2713 Ng\u01b0\u1eddi mu\u1ed1n c\u1ea3i thi\u1ec7n v\u00f3c d\u00e1ng m\u1ed9t c\u00e1ch t\u1ef1 nhi\u00ean<\/span><\/p>\n<p><span style=\"font-weight: 400\">\u2713 Gi\u1ea3m \u0111au m\u1ecfi b\u00e0n ch\u00e2n v\u00e0 c\u01a1 th\u1ec3<\/span><\/p>\n<p>S\u1ea3n ph\u1ea9m hi\u1ec7n \u0111\u00e3 c\u00f3 m\u1eb7t t\u1ea1i Havamall.<\/p>","protected":false},"excerpt":{"rendered":"<p>Nangnanglife, m\u1ed9t th\u01b0\u01a1ng hi\u1ec7u ch\u0103m s\u00f3c da c\u00f3 uy t\u00edn t\u1ea1i H\u00e0n Qu\u1ed1c \u0111\u00e3 \u0111\u01b0a ra D\u00f2ng s\u1ea3n ph\u1ea9m &#8216;MILL&#8217;<\/p>","protected":false},"featured_media":20200,"comment_status":"open","ping_status":"closed","template":"","meta":[],"product_brand":[],"product_cat":[396,35],"product_tag":[],"class_list":{"0":"post-20096","1":"product","2":"type-product","3":"status-publish","4":"has-post-thumbnail","6":"product_cat-suc-khoe-lam-dep","7":"product_cat-nha-cua-doi-song","9":"first","10":"instock","11":"sale","12":"shipping-taxable","13":"purchasable","14":"product-type-simple"},"_links":{"self":[{"href":"https:\/\/havamall.vn\/en\/wp-json\/wp\/v2\/product\/20096"}],"collection":[{"href":"https:\/\/havamall.vn\/en\/wp-json\/wp\/v2\/product"}],"about":[{"href":"https:\/\/havamall.vn\/en\/wp-json\/wp\/v2\/types\/product"}],"replies":[{"embeddable":true,"href":"https:\/\/havamall.vn\/en\/wp-json\/wp\/v2\/comments?post=20096"}],"version-history":[{"count":0,"href":"https:\/\/havamall.vn\/en\/wp-json\/wp\/v2\/product\/20096\/revisions"}],"wp:featuredmedia":[{"embeddable":true,"href":"https:\/\/havamall.vn\/en\/wp-json\/wp\/v2\/media\/20200"}],"wp:attachment":[{"href":"https:\/\/havamall.vn\/en\/wp-json\/wp\/v2\/media?parent=20096"}],"wp:term":[{"taxonomy":"product_brand","embeddable":true,"href":"https:\/\/havamall.vn\/en\/wp-json\/wp\/v2\/product_brand?post=20096"},{"taxonomy":"product_cat","embeddable":true,"href":"https:\/\/havamall.vn\/en\/wp-json\/wp\/v2\/product_cat?post=20096"},{"taxonomy":"product_tag","embeddable":true,"href":"https:\/\/havamall.vn\/en\/wp-json\/wp\/v2\/product_tag?post=20096"}],"curies":[{"name":"wp","href":"https:\/\/api.w.org\/{rel}","templated":true}]}}