{"id":20089,"date":"2021-05-19T14:45:54","date_gmt":"2021-05-19T07:45:54","guid":{"rendered":"https:\/\/havamall.vn\/?post_type=product&#038;p=20089"},"modified":"2021-06-23T11:30:48","modified_gmt":"2021-06-23T04:30:48","slug":"dung-cu-massage-mat-bang-gom-millface-ceramic-face-massage-tool","status":"publish","type":"product","link":"https:\/\/havamall.vn\/en\/shop\/dung-cu-massage-mat-bang-gom-millface-ceramic-face-massage-tool\/","title":{"rendered":"D\u1ee5ng C\u1ee5 Massage M\u1eb7t B\u1eb1ng G\u1ed1m &#8211; Millface Ceramic Face Massage Tool"},"content":{"rendered":"<p><span style=\"font-weight: 400\">D\u1ee5ng c\u1ee5 masage m\u1eb7t Millface l\u00e0 d\u1ee5ng c\u1ee5 m\u00e1t xa chuy\u00ean nghi\u1ec7p d\u00f9ng \u0111\u1ec3 <\/span><span style=\"font-weight: 400\">ch\u0103m s\u00f3c<\/span><span style=\"font-weight: 400\"> cho da m\u1eb7t<\/span><span style=\"font-weight: 400\"> v\u1edbi thi\u1ebft k\u1ebf th\u00f4ng minh gi\u00fap cho ng\u01b0\u1eddi d\u00f9ng tr\u1ea3i nghi\u1ec7m \u0111\u01b0\u1ee3c c\u00e1c li\u1ec7u ph\u00e1p m\u00e1t xa chuy\u00ean s\u00e2u cao c\u1ea5p m\u1ed9t c\u00e1ch d\u1ec5 d\u00e0ng, m\u1ecdi l\u00fac m\u1ecdi n\u01a1i.<\/span><\/p>\n<p><span style=\"font-weight: 400\">D\u00f2ng s\u1ea3n ph\u1ea9m &#8220;Mill&#8221; c\u1ee7a Nyangnyang Life&#8217;s \u0111\u01b0\u1ee3c tin t\u01b0\u1edfng r\u1eb1ng s\u1ebd mang v\u1ec1 l\u1ea1i cho b\u1ea1n 1 khu\u00f4n m\u1eb7t c\u00e2n \u0111\u1ed1i b\u1eb1ng c\u00e1ch xoa b\u00f3p nh\u1eb9 nh\u00e0ng c\u01a1 m\u1eb7t, v\u1edbi thi\u1ebft k\u1ebf th\u00f4ng minh ph\u00f9 h\u1ee3p t\u1eebng v\u00f9ng kh\u00e1c nhau tr\u00ean khu\u00f4n m\u1eb7t.<\/span><\/p>\n<p><img fetchpriority=\"high\" decoding=\"async\" class=\"wp-image-20518 aligncenter\" src=\"https:\/\/havamall.vn\/wp-content\/uploads\/2021\/05\/127033817_3430565353697926_59-300x300.jpg\" alt=\"\" width=\"604\" height=\"604\" srcset=\"https:\/\/havamall.vn\/wp-content\/uploads\/2021\/05\/127033817_3430565353697926_59-300x300.jpg 300w, https:\/\/havamall.vn\/wp-content\/uploads\/2021\/05\/127033817_3430565353697926_59-430x430.jpg 430w, https:\/\/havamall.vn\/wp-content\/uploads\/2021\/05\/127033817_3430565353697926_59-150x150.jpg 150w, https:\/\/havamall.vn\/wp-content\/uploads\/2021\/05\/127033817_3430565353697926_59-700x700.jpg 700w, https:\/\/havamall.vn\/wp-content\/uploads\/2021\/05\/127033817_3430565353697926_59-768x768.jpg 768w, https:\/\/havamall.vn\/wp-content\/uploads\/2021\/05\/127033817_3430565353697926_59-1024x1024.jpg 1024w, https:\/\/havamall.vn\/wp-content\/uploads\/2021\/05\/127033817_3430565353697926_59-600x600.jpg 600w, https:\/\/havamall.vn\/wp-content\/uploads\/2021\/05\/127033817_3430565353697926_59-100x100.jpg 100w, https:\/\/havamall.vn\/wp-content\/uploads\/2021\/05\/127033817_3430565353697926_59.jpg 1080w\" sizes=\"(max-width: 604px) 100vw, 604px\" \/><\/p>\n<p>D\u00f2ng s\u1ea3n ph\u1ea9m Mill &#8211; bao g\u1ed3m MILL FACE &amp; MILL BODY l\u00e0 c\u00e1c c\u00f4ng c\u1ee5 m\u00e1t-xa \u0111\u01b0\u1ee3c t\u1ed1i \u01b0u h\u00f3a cho li\u1ec7u ph\u00e1p m\u00e1t-xa Gua Sha truy\u1ec1n th\u1ed1ng, nh\u1edd \u0111\u00f3 c\u00e1c m\u00f4 b\u1ecb t\u1eafc ngh\u1ebdn v\u00e0 \u1ee9 \u0111\u1ecdng \u0111\u01b0\u1ee3c ph\u00e1 v\u1ee1 gi\u1ea3i ph\u00f3ng c\u00e1c \u0111\u1ed9c t\u1ed1.\u00a0C\u00e1c l\u1ef1c \u0111\u1ea9y k\u00edch ho\u1ea1t c\u00e1c \u0111\u01b0\u1eddng kinh m\u1ea1ch trong c\u01a1 th\u1ec3.<\/p>\n<p><img decoding=\"async\" class=\"wp-image-20120 aligncenter\" src=\"https:\/\/havamall.vn\/wp-content\/uploads\/2021\/05\/133048862_3517666498321144_6062846950553588451_n-300x300.jpg\" alt=\"\" width=\"602\" height=\"602\" srcset=\"https:\/\/havamall.vn\/wp-content\/uploads\/2021\/05\/133048862_3517666498321144_6062846950553588451_n-300x300.jpg 300w, https:\/\/havamall.vn\/wp-content\/uploads\/2021\/05\/133048862_3517666498321144_6062846950553588451_n-430x430.jpg 430w, https:\/\/havamall.vn\/wp-content\/uploads\/2021\/05\/133048862_3517666498321144_6062846950553588451_n-150x150.jpg 150w, https:\/\/havamall.vn\/wp-content\/uploads\/2021\/05\/133048862_3517666498321144_6062846950553588451_n-700x700.jpg 700w, https:\/\/havamall.vn\/wp-content\/uploads\/2021\/05\/133048862_3517666498321144_6062846950553588451_n-768x768.jpg 768w, https:\/\/havamall.vn\/wp-content\/uploads\/2021\/05\/133048862_3517666498321144_6062846950553588451_n-1024x1024.jpg 1024w, https:\/\/havamall.vn\/wp-content\/uploads\/2021\/05\/133048862_3517666498321144_6062846950553588451_n-600x600.jpg 600w, https:\/\/havamall.vn\/wp-content\/uploads\/2021\/05\/133048862_3517666498321144_6062846950553588451_n-100x100.jpg 100w, https:\/\/havamall.vn\/wp-content\/uploads\/2021\/05\/133048862_3517666498321144_6062846950553588451_n.jpg 1080w\" sizes=\"(max-width: 602px) 100vw, 602px\" \/><\/p>\n<p>Thi\u1ebft k\u1ebf tinh vi bao g\u1ed3m m\u1ed9t s\u1ed1 \u0111\u01b0\u1eddng cong v\u00e0 h\u00ecnh chi\u1ebfu \u0111\u01b0\u1ee3c t\u1ea1o ra \u0111\u1eb7c bi\u1ec7t \u0111\u1ec3 ph\u00f9 h\u1ee3p v\u1edbi c\u00e1c b\u1ed9 ph\u1eadn ri\u00eang l\u1ebb kh\u00e1c nhau khu\u00f4n m\u1eb7t c\u1ee7a ch\u00fang ta. S\u1ea3n ph\u1ea9m \u0111\u01b0\u1ee3c l\u00e0m b\u1eb1ng g\u1ed1m s\u1ebd ph\u00e1t ra tia h\u1ed3ng ngo\u1ea1i xa trong qu\u00e1 tr\u00ecnh s\u1eed d\u1ee5ng, nh\u1eefng d\u1ee5ng c\u1ee5 b\u1eb1ng s\u1ee9 n\u00e0y s\u1ebd n\u00e2ng cao hi\u1ec7u qu\u1ea3 massage Gua sha khi \u0111\u1ea9y v\u00e0 k\u00e9o da c\u1ee7a b\u1ea1n.<\/p>\n<p><img decoding=\"async\" class=\"wp-image-20119 aligncenter\" src=\"https:\/\/havamall.vn\/wp-content\/uploads\/2021\/05\/4d61dca70b73dfa1e33eba60cd3abd15-300x280.jpg\" alt=\"\" width=\"621\" height=\"580\" srcset=\"https:\/\/havamall.vn\/wp-content\/uploads\/2021\/05\/4d61dca70b73dfa1e33eba60cd3abd15-300x280.jpg 300w, https:\/\/havamall.vn\/wp-content\/uploads\/2021\/05\/4d61dca70b73dfa1e33eba60cd3abd15-430x402.jpg 430w, https:\/\/havamall.vn\/wp-content\/uploads\/2021\/05\/4d61dca70b73dfa1e33eba60cd3abd15-150x140.jpg 150w, https:\/\/havamall.vn\/wp-content\/uploads\/2021\/05\/4d61dca70b73dfa1e33eba60cd3abd15-700x654.jpg 700w, https:\/\/havamall.vn\/wp-content\/uploads\/2021\/05\/4d61dca70b73dfa1e33eba60cd3abd15-768x717.jpg 768w, https:\/\/havamall.vn\/wp-content\/uploads\/2021\/05\/4d61dca70b73dfa1e33eba60cd3abd15-600x560.jpg 600w, https:\/\/havamall.vn\/wp-content\/uploads\/2021\/05\/4d61dca70b73dfa1e33eba60cd3abd15.jpg 972w\" sizes=\"(max-width: 621px) 100vw, 621px\" \/><\/p>\n<p>Thao t\u00e1c mi\u1ebft nh\u1eb9 v\u1edbi d<span style=\"font-weight: 400\">\u1ee5ng c\u1ee5 masage m\u1eb7t Millface<\/span>s\u1ebd gi\u00fap th\u01b0 gi\u00e3n c\u00e1c c\u01a1 m\u1eb7t, gi\u1ea3m s\u01b0ng v\u00e0 t\u0103ng \u0111\u1ed9 \u0111\u00e0n h\u1ed3i cho da khi\u1ebfn g\u01b0\u01a1ng m\u1eb7t tr\u1edf n\u00ean t\u01b0\u01a1i tr\u1ebb, tr\u00e0n \u0111\u1ea7y s\u1ee9c s\u1ed1ng. H\u01a1n th\u1ebf, chuy\u1ec3n \u0111\u1ed9ng c\u1ee7a mi\u1ebfng massage tr\u00ean g\u01b0\u01a1ng m\u1eb7t c\u0169ng gi\u1ed1ng nh\u01b0 m\u1ed9t c\u00e1ch \u0111\u1ec3 &#8220;t\u1eadp th\u1ec3 d\u1ee5c&#8221; cho l\u00e0n da, n\u1ebfu th\u1ef1c hi\u1ec7n \u0111\u1ec1u \u0111\u1eb7n s\u1ebd gi\u00fap da m\u1eb7t tr\u1edf n\u00ean s\u0103n ch\u1eafc, khu\u00f4n m\u1eb7t c\u0169ng v\u00ec th\u1ebf m\u00e0 th\u00eam thon g\u1ecdn, tr\u1ebb trung h\u01a1n v\u00e0i ph\u1ea7n.<\/p>\n<p><img decoding=\"async\" class=\"aligncenter\" src=\"https:\/\/havamall.vn\/wp-content\/uploads\/2021\/05\/1d61463fd6.jpg\" alt=\"\ub0ad\ub0ad\ub77c\uc774\ud504 \ubc00\ub77c\uc778 \ubc00\ud398\uc774\uc2a4 \/ \uad04\uc0ac\ub3c4\uad6c \uad04\uc0ac\ub9c8\uc0ac\uc9c0 - \uc625\uc158\" \/><\/p>\n<p>Ph\u01b0\u01a1ng ph\u00e1p massage m\u1eb7t c\u0169ng r\u1ea5t d\u1ec5 th\u1ef1c hi\u1ec7n v\u00e0 kh\u00f4ng t\u1ed1n nhi\u1ec1u th\u1eddi gian, b\u1ea1n ho\u00e0n to\u00e0n c\u00f3 th\u1ec3 ch\u0103m s\u00f3c da t\u1ea1i nh\u00e0 v\u1edbi d\u1ee5ng c\u1ee5 massage m\u1eb7t Millface. B\u1ea1n c\u00f3 th\u1ec3 thoa serum hay d\u1ea7u d\u01b0\u1ee1ng r\u1ed3i massage m\u1eb7t \u0111\u1ec3 hi\u1ec7u qu\u1ea3 c\u1ea3i thi\u1ec7n l\u00e0n da \u0111\u01b0\u1ee3c ph\u00e1t huy t\u1ed1t nh\u1ea5t.<\/p>\n<p><img loading=\"lazy\" decoding=\"async\" class=\"wp-image-20601 aligncenter\" src=\"https:\/\/havamall.vn\/wp-content\/uploads\/2021\/05\/141719150_236236658034915_73-300x200.png\" alt=\"\" width=\"612\" height=\"407\" srcset=\"https:\/\/havamall.vn\/wp-content\/uploads\/2021\/05\/141719150_236236658034915_73-300x200.png 300w, https:\/\/havamall.vn\/wp-content\/uploads\/2021\/05\/141719150_236236658034915_73-430x287.png 430w, https:\/\/havamall.vn\/wp-content\/uploads\/2021\/05\/141719150_236236658034915_73-150x100.png 150w, https:\/\/havamall.vn\/wp-content\/uploads\/2021\/05\/141719150_236236658034915_73-700x467.png 700w, https:\/\/havamall.vn\/wp-content\/uploads\/2021\/05\/141719150_236236658034915_73-768x512.png 768w, https:\/\/havamall.vn\/wp-content\/uploads\/2021\/05\/141719150_236236658034915_73-1024x683.png 1024w, https:\/\/havamall.vn\/wp-content\/uploads\/2021\/05\/141719150_236236658034915_73-1200x800.png 1200w, https:\/\/havamall.vn\/wp-content\/uploads\/2021\/05\/141719150_236236658034915_73-600x400.png 600w, https:\/\/havamall.vn\/wp-content\/uploads\/2021\/05\/141719150_236236658034915_73.png 2048w\" sizes=\"(max-width: 612px) 100vw, 612px\" \/><\/p>\n<h4><strong>C\u00f4ng d\u1ee5ng:<\/strong><\/h4>\n<p><span style=\"font-weight: 400\">&#8211; \u0110\u01b0\u1eddng g\u1ea5p kh\u00fac s\u1eed d\u1ee5ng cho khu v\u1ef1c x\u01b0\u01a1ng quai h\u00e0m v\u00e0 k\u00edch th\u00edch h\u1ea1ch b\u1ea1ch huy\u1ebft tr\u00ean c\u1eb1m<\/span><\/p>\n<p><span style=\"font-weight: 400\">&#8211; \u0110\u01b0\u1eddng cong g\u00f3c trong s\u1eed d\u1ee5ng cho x\u01b0\u01a1ng \u0111\u1ea7u, c\u1eb1m v\u00e0 c\u1ed5<\/span><\/p>\n<p><span style=\"font-weight: 400\">&#8211; \u0110\u01b0\u1eddng cong g\u00f3c ngo\u00e0i ph\u00f9 h\u1ee3p v\u1edbi khu v\u1ef1c ch\u00e2n t\u00f3c v\u1ea3 to\u00e0n b\u1ed9 khu\u00f4n m\u1eb7t<\/span><\/p>\n<p><span style=\"font-weight: 400\">&#8211; H\u1ea1t nh\u1ef1a tr\u00f2n d\u01b0\u1edbi c\u00f9ng d\u00f9ng \u0111\u1ec3 m\u00e1t xa h\u1ea1t b\u1ea1ch huy\u1ebft v\u00e0 c\u00e1c khu v\u1ef1c kh\u00f4ng b\u1eb1ng ph\u1eb3ng tr\u00ean m\u1eb7t<\/span><\/p>\n<p><img loading=\"lazy\" decoding=\"async\" class=\"aligncenter\" src=\"https:\/\/havamall.vn\/wp-content\/uploads\/2021\/05\/1d61463e41.jpg\" alt=\"\ub0ad\ub0ad\ub77c\uc774\ud504 \ubc00\ub77c\uc778 \ubc00\ud398\uc774\uc2a4 \/ \uad04\uc0ac\ub3c4\uad6c \uad04\uc0ac\ub9c8\uc0ac\uc9c0 - \uc625\uc158\" width=\"596\" height=\"596\" \/><\/p>\n<h4><strong>Ph\u00f9 H\u1ee3p cho c\u00e1c \u0111\u1ed1i t\u01b0\u1ee3ng:<\/strong><\/h4>\n<p><span style=\"font-weight: 400\">&#8211; Ng\u01b0\u1eddi mu\u1ed1n c\u00e1i t\u1ea1o, duy tr\u00ec \u0111\u01b0\u1eddng n\u00e9t khu\u00f4n m\u1eb7t xinh \u0111\u1eb9p v\u00e0 t\u1ef1 nhi\u00ean.<\/span><\/p>\n<p><span style=\"font-weight: 400\">&#8211; Ng\u01b0\u1eddi mu\u1ed1n m\u00e1t xa \u0111\u1ea7u v\u00e0 khu\u00f4n m\u1eb7t m\u1ed9t c\u00e1ch hi\u1ec7u qu\u1ea3<\/span><\/p>\n<p><span style=\"font-weight: 400\">&#8211; Gi\u1ea3m \u0111au m\u1ecfi c\u1ed5 v\u00e0 vai\u00a0d\u1ee5ng c\u1ee5 masage m\u1eb7t Millface l\u00e0 d\u1ee5ng c\u1ee5 m\u00e1t xa chuy\u00ean nghi\u1ec7p d\u00f9ng \u0111\u1ec3 ch\u0103m s\u00f3c cho c\u01a1 th\u1ec3 v\u1edbi thi\u1ebft k\u1ebf th\u00f4ng minh gi\u00fap cho ng\u01b0\u1eddi d\u00f9ng tr\u1ea3i nghi\u1ec7m \u0111\u01b0\u1ee3c c\u00e1c li\u1ec7u ph\u00e1p m\u00e1t xa chuy\u00ean s\u00e2u cao c\u1ea5p m\u1ed9t c\u00e1ch d\u1ec5 d\u00e0ng, m\u1ecdi l\u00fac m\u1ecdi n\u01a1i.<\/span><\/p>\n<p>S\u1ea3n ph\u1ea9m hi\u1ec7n \u0111\u00e3 c\u00f3 m\u1eb7t t\u1ea1i Havamall.<\/p>","protected":false},"excerpt":{"rendered":"<p>D\u1ee5ng c\u1ee5 masage m\u1eb7t Millface l\u00e0 d\u1ee5ng c\u1ee5 m\u00e1t xa chuy\u00ean nghi\u1ec7p d\u00f9ng \u0111\u1ec3 ch\u0103m s\u00f3c cho da m\u1eb7t v\u1edbi<\/p>","protected":false},"featured_media":20124,"comment_status":"open","ping_status":"closed","template":"","meta":[],"product_brand":[],"product_cat":[396,35],"product_tag":[],"class_list":{"0":"post-20089","1":"product","2":"type-product","3":"status-publish","4":"has-post-thumbnail","6":"product_cat-suc-khoe-lam-dep","7":"product_cat-nha-cua-doi-song","9":"first","10":"instock","11":"sale","12":"shipping-taxable","13":"purchasable","14":"product-type-simple"},"_links":{"self":[{"href":"https:\/\/havamall.vn\/en\/wp-json\/wp\/v2\/product\/20089"}],"collection":[{"href":"https:\/\/havamall.vn\/en\/wp-json\/wp\/v2\/product"}],"about":[{"href":"https:\/\/havamall.vn\/en\/wp-json\/wp\/v2\/types\/product"}],"replies":[{"embeddable":true,"href":"https:\/\/havamall.vn\/en\/wp-json\/wp\/v2\/comments?post=20089"}],"version-history":[{"count":0,"href":"https:\/\/havamall.vn\/en\/wp-json\/wp\/v2\/product\/20089\/revisions"}],"wp:featuredmedia":[{"embeddable":true,"href":"https:\/\/havamall.vn\/en\/wp-json\/wp\/v2\/media\/20124"}],"wp:attachment":[{"href":"https:\/\/havamall.vn\/en\/wp-json\/wp\/v2\/media?parent=20089"}],"wp:term":[{"taxonomy":"product_brand","embeddable":true,"href":"https:\/\/havamall.vn\/en\/wp-json\/wp\/v2\/product_brand?post=20089"},{"taxonomy":"product_cat","embeddable":true,"href":"https:\/\/havamall.vn\/en\/wp-json\/wp\/v2\/product_cat?post=20089"},{"taxonomy":"product_tag","embeddable":true,"href":"https:\/\/havamall.vn\/en\/wp-json\/wp\/v2\/product_tag?post=20089"}],"curies":[{"name":"wp","href":"https:\/\/api.w.org\/{rel}","templated":true}]}}