{"id":20024,"date":"2021-05-14T16:47:06","date_gmt":"2021-05-14T09:47:06","guid":{"rendered":"https:\/\/havamall.vn\/?post_type=product&#038;p=20024"},"modified":"2022-06-01T11:38:15","modified_gmt":"2022-06-01T04:38:15","slug":"bot-dinh-huong-huu-co-lumlum-organic-clove-powder-40g","status":"publish","type":"product","link":"https:\/\/havamall.vn\/en\/shop\/bot-dinh-huong-huu-co-lumlum-organic-clove-powder-40g\/","title":{"rendered":"B\u1ed9t \u0110inh H\u01b0\u01a1ng H\u1eefu C\u01a1 &#8211; Lumlum Organic Clove Powder 40g"},"content":{"rendered":"<table>\n<tbody>\n<tr>\n<td><span style=\"font-weight: 400\">Th\u01b0\u01a1ng hi\u1ec7u<\/span><\/td>\n<td><span style=\"font-weight: 400\">Lumlum<\/span><\/td>\n<\/tr>\n<tr>\n<td><span style=\"font-weight: 400\">Xu\u1ea5t x\u1ee9<\/span><\/td>\n<td><span style=\"font-weight: 400\">Th\u00e1i Lan<\/span><\/td>\n<\/tr>\n<tr>\n<td><span style=\"font-weight: 400\">Th\u00e0nh ph\u1ea7n<\/span><\/td>\n<td><span style=\"font-weight: 400\">100% b\u1ed9t \u0111inh h\u01b0\u01a1ng h\u1eefu c\u01a1<\/span><\/td>\n<\/tr>\n<tr>\n<td><span style=\"font-weight: 400\">H\u1ea1n s\u1eed d\u1ee5ng<\/span><\/td>\n<td><span style=\"font-weight: 400\">24 th\u00e1ng k\u1ec3 t\u1eeb ng\u00e0y s\u1ea3n xu\u1ea5t.<\/span><\/td>\n<\/tr>\n<tr>\n<td><span style=\"font-weight: 400\">B\u1ea3o qu\u1ea3n<\/span><\/td>\n<td><span style=\"font-weight: 400\">\u0110\u1ec3 n\u01a1i kh\u00f4 r\u00e1o, tho\u00e1ng m\u00e1t, tr\u00e1nh \u00e1nh n\u1eafng tr\u1ef1c ti\u1ebfp<\/span><\/td>\n<\/tr>\n<tr>\n<td><span style=\"font-weight: 400\">Kh\u1ed1i l\u01b0\u1ee3ng t\u1ecbnh<\/span><\/td>\n<td><span style=\"font-weight: 400\">30g<\/span><\/td>\n<\/tr>\n<\/tbody>\n<\/table>\n<p><span style=\"font-weight: 400\">LumLum by Chita Organic Food ra \u0111\u1eddi v\u1edbi s\u1ee9 m\u1ec7nh s\u1ea3n xu\u1ea5t v\u00e0 cung c\u1ea5p gia v\u1ecb kh\u00f4ng ch\u1ec9 ngon m\u00e0 c\u00f2n \u201cs\u1ea1ch\u201d.\u00a0<\/span><span style=\"font-weight: 400\">Lumlum l\u00e0 ph\u01b0\u01a1ng ng\u1eef mi\u1ec1n B\u1eafc Th\u00e1i Lan, ngh\u0129a ti\u1ebfng Vi\u1ec7t l\u00e0 \u201cngon\u201d. Nh\u1eefng ng\u01b0\u1eddi s\u1ea3n xu\u1ea5t tin r\u1eb1ng, b\u1eefa \u0103n ngon nu\u00f4i d\u01b0\u1ee1ng gi\u00e1 tr\u1ecb tinh th\u1ea7n l\u00e0nh m\u1ea1nh, n\u00ean Lumlum \u0111\u01b0\u1ee3c ch\u0103m ch\u00fat c\u1ea9n th\u1eadn \u0111\u1ec3 gi\u1eef \u0111\u01b0\u1ee3c h\u01b0\u01a1ng v\u1ecb t\u1ef1 nhi\u00ean v\u00e0 ch\u00e2n th\u1ef1c c\u1ee7a \u1ea9m th\u1ef1c x\u1ee9 Ch\u00f9a V\u00e0ng.<\/span><\/p>\n<p><img fetchpriority=\"high\" decoding=\"async\" class=\"wp-image-20025 aligncenter\" src=\"https:\/\/havamall.vn\/wp-content\/uploads\/2021\/05\/gia-v\u1ecb-4-300x300.jpg\" alt=\"\" width=\"547\" height=\"547\" srcset=\"https:\/\/havamall.vn\/wp-content\/uploads\/2021\/05\/gia-v\u1ecb-4-300x300.jpg 300w, https:\/\/havamall.vn\/wp-content\/uploads\/2021\/05\/gia-v\u1ecb-4-430x430.jpg 430w, https:\/\/havamall.vn\/wp-content\/uploads\/2021\/05\/gia-v\u1ecb-4-150x150.jpg 150w, https:\/\/havamall.vn\/wp-content\/uploads\/2021\/05\/gia-v\u1ecb-4-700x700.jpg 700w, https:\/\/havamall.vn\/wp-content\/uploads\/2021\/05\/gia-v\u1ecb-4-768x768.jpg 768w, https:\/\/havamall.vn\/wp-content\/uploads\/2021\/05\/gia-v\u1ecb-4-1024x1024.jpg 1024w, https:\/\/havamall.vn\/wp-content\/uploads\/2021\/05\/gia-v\u1ecb-4-1200x1200.jpg 1200w, https:\/\/havamall.vn\/wp-content\/uploads\/2021\/05\/gia-v\u1ecb-4-600x600.jpg 600w, https:\/\/havamall.vn\/wp-content\/uploads\/2021\/05\/gia-v\u1ecb-4-100x100.jpg 100w, https:\/\/havamall.vn\/wp-content\/uploads\/2021\/05\/gia-v\u1ecb-4.jpg 1242w\" sizes=\"(max-width: 547px) 100vw, 547px\" \/><\/p>\n<p><span style=\"font-weight: 400\">\u0110inh h\u01b0\u01a1ng \u0111\u01b0\u1ee3c bi\u1ebft \u0111\u1ebfn nh\u01b0 m\u1ed9t lo\u1ea1i gia v\u1ecb c\u00f3 v\u1ecb ng\u1ecdt v\u00e0 th\u01a1m, \u0110inh h\u01b0\u01a1ng r\u1ea5t ngon v\u00e0 c\u00f3 th\u1ec3 cung c\u1ea5p nhi\u1ec1u l\u1ee3i \u00edch s\u1ee9c kh\u1ecfe quan tr\u1ecdng. C\u00e1c h\u1ee3p ch\u1ea5t trong \u0111inh h\u01b0\u01a1ng c\u00f3 th\u1ec3 c\u00f3 m\u1ed9t s\u1ed1 l\u1ee3i \u00edch s\u1ee9c kh\u1ecfe, bao g\u1ed3m h\u1ed7 tr\u1ee3 s\u1ee9c kh\u1ecfe gan v\u00e0 gi\u00fap \u1ed5n \u0111\u1ecbnh l\u01b0\u1ee3ng \u0111\u01b0\u1eddng trong m\u00e1u.<\/span><\/p>\n<p><img decoding=\"async\" class=\"wp-image-20026 aligncenter\" src=\"https:\/\/havamall.vn\/wp-content\/uploads\/2021\/05\/6834786090_9c6fd6f917_o-56a143325f9b58b7d0bd971f-300x300.jpg\" alt=\"\" width=\"542\" height=\"542\" srcset=\"https:\/\/havamall.vn\/wp-content\/uploads\/2021\/05\/6834786090_9c6fd6f917_o-56a143325f9b58b7d0bd971f-300x300.jpg 300w, https:\/\/havamall.vn\/wp-content\/uploads\/2021\/05\/6834786090_9c6fd6f917_o-56a143325f9b58b7d0bd971f-430x430.jpg 430w, https:\/\/havamall.vn\/wp-content\/uploads\/2021\/05\/6834786090_9c6fd6f917_o-56a143325f9b58b7d0bd971f-150x150.jpg 150w, https:\/\/havamall.vn\/wp-content\/uploads\/2021\/05\/6834786090_9c6fd6f917_o-56a143325f9b58b7d0bd971f-700x700.jpg 700w, https:\/\/havamall.vn\/wp-content\/uploads\/2021\/05\/6834786090_9c6fd6f917_o-56a143325f9b58b7d0bd971f-768x768.jpg 768w, https:\/\/havamall.vn\/wp-content\/uploads\/2021\/05\/6834786090_9c6fd6f917_o-56a143325f9b58b7d0bd971f-1024x1024.jpg 1024w, https:\/\/havamall.vn\/wp-content\/uploads\/2021\/05\/6834786090_9c6fd6f917_o-56a143325f9b58b7d0bd971f-1200x1200.jpg 1200w, https:\/\/havamall.vn\/wp-content\/uploads\/2021\/05\/6834786090_9c6fd6f917_o-56a143325f9b58b7d0bd971f-600x600.jpg 600w, https:\/\/havamall.vn\/wp-content\/uploads\/2021\/05\/6834786090_9c6fd6f917_o-56a143325f9b58b7d0bd971f-100x100.jpg 100w\" sizes=\"(max-width: 542px) 100vw, 542px\" \/><\/p>\n<p><span style=\"font-weight: 400\">\u0110inh h\u01b0\u01a1ng ch\u1ee9a ch\u1ea5t x\u01a1, vitamin v\u00e0 kho\u00e1ng ch\u1ea5t nh\u01b0 Mangan, ch\u1ea5t x\u01a1,\u00a0 Vitamin K v\u00e0 r\u1ea5t \u00edt calo. Ngo\u00e0i vi\u1ec7c ch\u1ee9a m\u1ed9t s\u1ed1 vitamin v\u00e0 kho\u00e1ng ch\u1ea5t quan tr\u1ecdng, \u0111inh h\u01b0\u01a1ng r\u1ea5t gi\u00e0u ch\u1ea5t ch\u1ed1ng oxy h\u00f3a, bao g\u1ed3m eugenol, c\u00f3 th\u1ec3 gi\u00fap gi\u1ea3m stress oxy h\u00f3a, b\u1ea3o v\u1ec7 gan v\u00e0 c\u00f3 \u0111\u1eb7c t\u00ednh ch\u1ed1ng ung th\u01b0.<\/span><\/p>\n<p><img decoding=\"async\" class=\"wp-image-20029 aligncenter\" src=\"https:\/\/havamall.vn\/wp-content\/uploads\/2021\/05\/h-300x221.jpg\" alt=\"\" width=\"540\" height=\"398\" srcset=\"https:\/\/havamall.vn\/wp-content\/uploads\/2021\/05\/h-300x221.jpg 300w, https:\/\/havamall.vn\/wp-content\/uploads\/2021\/05\/h-430x317.jpg 430w, https:\/\/havamall.vn\/wp-content\/uploads\/2021\/05\/h-150x110.jpg 150w, https:\/\/havamall.vn\/wp-content\/uploads\/2021\/05\/h-600x442.jpg 600w, https:\/\/havamall.vn\/wp-content\/uploads\/2021\/05\/h.jpg 648w\" sizes=\"(max-width: 540px) 100vw, 540px\" \/><\/p>\n<p><span style=\"font-weight: 400\">\u0110\u1eb7c t\u00ednh kh\u00e1ng khu\u1ea9n c\u1ee7a \u0111inh h\u01b0\u01a1ng th\u1eadm ch\u00ed c\u00f3 th\u1ec3 gi\u00fap t\u0103ng c\u01b0\u1eddng s\u1ee9c kh\u1ecfe r\u0103ng mi\u1ec7ng. Ngo\u00e0i ra, c\u00e1c h\u1ee3p ch\u1ea5t trong \u0111inh h\u01b0\u01a1ng c\u00f3 th\u1ec3 gi\u00fap th\u00fac \u0111\u1ea9y s\u1ea3n xu\u1ea5t insulin v\u00e0 gi\u1ea3m l\u01b0\u1ee3ng \u0111\u01b0\u1eddng trong m\u00e1u.<\/span><\/p>\n<p><span style=\"font-weight: 400\">\u0110inh h\u01b0\u01a1ng c\u00f3 v\u1ecb cay n\u1ed3ng, t\u1eeb \u1ea5m \u0111\u1ebfn n\u00f3ng, b\u1ea1n c\u00f3 th\u1ec3 d\u1ec5 d\u00e0ng k\u1ebft h\u1ee3p b\u1ed9t \u0111inh h\u01b0\u01a1ng Lumlum th\u00e0nh nhi\u1ec1u m\u00f3n \u0103n. Ch\u00fang s\u1ebd mang l\u1ea1i h\u01b0\u01a1ng v\u1ecb \u1ea5m \u00e1p, \u0111\u1eb7c bi\u1ec7t cho m\u00f3n tr\u00e1ng mi\u1ec7ng, c\u00e0 ri ho\u1eb7c t\u01b0\u01a1ng \u1edbt.<\/span><\/p>\n<p><img loading=\"lazy\" decoding=\"async\" class=\"wp-image-20028 aligncenter\" src=\"https:\/\/havamall.vn\/wp-content\/uploads\/2021\/05\/b-300x225.jpg\" alt=\"\" width=\"544\" height=\"408\" srcset=\"https:\/\/havamall.vn\/wp-content\/uploads\/2021\/05\/b-300x225.jpg 300w, https:\/\/havamall.vn\/wp-content\/uploads\/2021\/05\/b-430x323.jpg 430w, https:\/\/havamall.vn\/wp-content\/uploads\/2021\/05\/b-150x113.jpg 150w, https:\/\/havamall.vn\/wp-content\/uploads\/2021\/05\/b-700x525.jpg 700w, https:\/\/havamall.vn\/wp-content\/uploads\/2021\/05\/b-768x576.jpg 768w, https:\/\/havamall.vn\/wp-content\/uploads\/2021\/05\/b-1024x768.jpg 1024w, https:\/\/havamall.vn\/wp-content\/uploads\/2021\/05\/b-1200x900.jpg 1200w, https:\/\/havamall.vn\/wp-content\/uploads\/2021\/05\/b-600x450.jpg 600w, https:\/\/havamall.vn\/wp-content\/uploads\/2021\/05\/b.jpg 2000w\" sizes=\"(max-width: 544px) 100vw, 544px\" \/><\/p>\n<h4><strong>H\u01b0\u1edbng d\u1eabn s\u1eed d\u1ee5ng:<\/strong><\/h4>\n<p><span style=\"font-weight: 400\">&#8211; B\u1ea1n c\u0169ng c\u00f3 th\u1ec3 \u0111un to\u00e0n b\u1ed9 \u0111inh h\u01b0\u01a1ng trong n\u01b0\u1edbc s\u00f4i t\u1eeb 5\u201310 ph\u00fat \u0111\u1ec3 t\u1ea1o ra m\u1ed9t t\u00e1ch tr\u00e0 \u0111inh h\u01b0\u01a1ng nh\u1eb9 nh\u00e0ng.<\/span><\/p>\n<p><span style=\"font-weight: 400\">&#8211; Lo\u1ea1i gia v\u1ecb \u0111a n\u0103ng n\u00e0y c\u00f3 th\u1ec3 \u0111\u01b0\u1ee3c s\u1eed d\u1ee5ng \u0111\u1ec3 n\u00eam c\u00e1c m\u00f3n n\u01b0\u1edbng, th\u00eam h\u01b0\u01a1ng v\u1ecb cho \u0111\u1ed3 u\u1ed1ng n\u00f3ng v\u00e0 mang l\u1ea1i v\u1ecb cay n\u1ed3ng cho b\u00e1nh quy v\u00e0 b\u00e1nh ng\u1ecdt, b\u00e1nh n\u01b0\u1edbng cho \u0111\u1ebfn c\u00e1c m\u00f3n tr\u00e1ng mi\u1ec7ng.<\/span><\/p>\n<p><span style=\"font-weight: 400\">S\u1ea3n ph\u1ea9m hi\u1ec7n \u0111\u00e3 c\u00f3 m\u1eb7t t\u1ea1i Havamall.<\/span><\/p>","protected":false},"excerpt":{"rendered":"<p>Th\u01b0\u01a1ng hi\u1ec7u Lumlum Xu\u1ea5t x\u1ee9 Th\u00e1i Lan Th\u00e0nh ph\u1ea7n 100% b\u1ed9t \u0111inh h\u01b0\u01a1ng h\u1eefu c\u01a1 H\u1ea1n s\u1eed d\u1ee5ng 24 th\u00e1ng<\/p>","protected":false},"featured_media":20202,"comment_status":"open","ping_status":"closed","template":"","meta":[],"product_brand":[],"product_cat":[256,130,36,134],"product_tag":[],"class_list":{"0":"post-20024","1":"product","2":"type-product","3":"status-publish","4":"has-post-thumbnail","6":"product_cat-thuc-pham-huu-co","7":"product_cat-khuyen-mai","8":"product_cat-thuc-pham-tieu-dung","9":"product_cat-thucpham-saykho","10":"pa_brand-lumlum","12":"first","13":"instock","14":"sale","15":"shipping-taxable","16":"purchasable","17":"product-type-simple"},"_links":{"self":[{"href":"https:\/\/havamall.vn\/en\/wp-json\/wp\/v2\/product\/20024"}],"collection":[{"href":"https:\/\/havamall.vn\/en\/wp-json\/wp\/v2\/product"}],"about":[{"href":"https:\/\/havamall.vn\/en\/wp-json\/wp\/v2\/types\/product"}],"replies":[{"embeddable":true,"href":"https:\/\/havamall.vn\/en\/wp-json\/wp\/v2\/comments?post=20024"}],"version-history":[{"count":0,"href":"https:\/\/havamall.vn\/en\/wp-json\/wp\/v2\/product\/20024\/revisions"}],"wp:featuredmedia":[{"embeddable":true,"href":"https:\/\/havamall.vn\/en\/wp-json\/wp\/v2\/media\/20202"}],"wp:attachment":[{"href":"https:\/\/havamall.vn\/en\/wp-json\/wp\/v2\/media?parent=20024"}],"wp:term":[{"taxonomy":"product_brand","embeddable":true,"href":"https:\/\/havamall.vn\/en\/wp-json\/wp\/v2\/product_brand?post=20024"},{"taxonomy":"product_cat","embeddable":true,"href":"https:\/\/havamall.vn\/en\/wp-json\/wp\/v2\/product_cat?post=20024"},{"taxonomy":"product_tag","embeddable":true,"href":"https:\/\/havamall.vn\/en\/wp-json\/wp\/v2\/product_tag?post=20024"}],"curies":[{"name":"wp","href":"https:\/\/api.w.org\/{rel}","templated":true}]}}