{"id":20015,"date":"2021-05-14T16:05:25","date_gmt":"2021-05-14T09:05:25","guid":{"rendered":"https:\/\/havamall.vn\/?post_type=product&#038;p=20015"},"modified":"2021-08-25T14:04:02","modified_gmt":"2021-08-25T07:04:02","slug":"bot-que-huu-co-lumlum-organic-cinnamom-powder-30g","status":"publish","type":"product","link":"https:\/\/havamall.vn\/en\/shop\/bot-que-huu-co-lumlum-organic-cinnamom-powder-30g\/","title":{"rendered":"B\u1ed9t Qu\u1ebf H\u1eefu C\u01a1 &#8211; Lumlum Organic Cinnamom Powder 30g"},"content":{"rendered":"<table>\n<tbody>\n<tr>\n<td><span style=\"font-weight: 400\">Th\u01b0\u01a1ng hi\u1ec7u<\/span><\/td>\n<td><span style=\"font-weight: 400\">Lumlum<\/span><\/td>\n<\/tr>\n<tr>\n<td><span style=\"font-weight: 400\">Xu\u1ea5t x\u1ee9<\/span><\/td>\n<td><span style=\"font-weight: 400\">Th\u00e1i Lan<\/span><\/td>\n<\/tr>\n<tr>\n<td><span style=\"font-weight: 400\">Th\u00e0nh ph\u1ea7n<\/span><\/td>\n<td><span style=\"font-weight: 400\">100% b\u1ed9t qu\u1ebf h\u1eefu c\u01a1<\/span><\/td>\n<\/tr>\n<tr>\n<td><span style=\"font-weight: 400\">H\u1ea1n s\u1eed d\u1ee5ng<\/span><\/td>\n<td><span style=\"font-weight: 400\">24 th\u00e1ng k\u1ec3 t\u1eeb ng\u00e0y s\u1ea3n xu\u1ea5t.<\/span><\/td>\n<\/tr>\n<tr>\n<td><span style=\"font-weight: 400\">B\u1ea3o qu\u1ea3n<\/span><\/td>\n<td><span style=\"font-weight: 400\">\u0110\u1ec3 n\u01a1i kh\u00f4 r\u00e1o, tho\u00e1ng m\u00e1t, tr\u00e1nh \u00e1nh n\u1eafng tr\u1ef1c ti\u1ebfp<\/span><\/td>\n<\/tr>\n<tr>\n<td><span style=\"font-weight: 400\">Kh\u1ed1i l\u01b0\u1ee3ng t\u1ecbnh<\/span><\/td>\n<td><span style=\"font-weight: 400\">30g<\/span><\/td>\n<\/tr>\n<\/tbody>\n<\/table>\n<p><span style=\"font-weight: 400\">LumLum by Chita Organic Food ra \u0111\u1eddi v\u1edbi s\u1ee9 m\u1ec7nh s\u1ea3n xu\u1ea5t v\u00e0 cung c\u1ea5p gia v\u1ecb kh\u00f4ng ch\u1ec9 ngon m\u00e0 c\u00f2n \u201cs\u1ea1ch\u201d.\u00a0<\/span><span style=\"font-weight: 400\">Lumlum l\u00e0 ph\u01b0\u01a1ng ng\u1eef mi\u1ec1n B\u1eafc Th\u00e1i Lan, ngh\u0129a ti\u1ebfng Vi\u1ec7t l\u00e0 \u201cngon\u201d. Nh\u1eefng ng\u01b0\u1eddi s\u1ea3n xu\u1ea5t tin r\u1eb1ng, b\u1eefa \u0103n ngon nu\u00f4i d\u01b0\u1ee1ng gi\u00e1 tr\u1ecb tinh th\u1ea7n l\u00e0nh m\u1ea1nh, n\u00ean Lumlum \u0111\u01b0\u1ee3c ch\u0103m ch\u00fat c\u1ea9n th\u1eadn \u0111\u1ec3 gi\u1eef \u0111\u01b0\u1ee3c h\u01b0\u01a1ng v\u1ecb t\u1ef1 nhi\u00ean v\u00e0 ch\u00e2n th\u1ef1c c\u1ee7a \u1ea9m th\u1ef1c x\u1ee9 Ch\u00f9a V\u00e0ng.<\/span><\/p>\n<p><img fetchpriority=\"high\" decoding=\"async\" class=\"wp-image-20016 aligncenter\" src=\"https:\/\/havamall.vn\/wp-content\/uploads\/2021\/05\/gia-v\u1ecb-3-300x300.jpg\" alt=\"\" width=\"577\" height=\"577\" srcset=\"https:\/\/havamall.vn\/wp-content\/uploads\/2021\/05\/gia-v\u1ecb-3-300x300.jpg 300w, https:\/\/havamall.vn\/wp-content\/uploads\/2021\/05\/gia-v\u1ecb-3-430x430.jpg 430w, https:\/\/havamall.vn\/wp-content\/uploads\/2021\/05\/gia-v\u1ecb-3-150x150.jpg 150w, https:\/\/havamall.vn\/wp-content\/uploads\/2021\/05\/gia-v\u1ecb-3-700x700.jpg 700w, https:\/\/havamall.vn\/wp-content\/uploads\/2021\/05\/gia-v\u1ecb-3-768x768.jpg 768w, https:\/\/havamall.vn\/wp-content\/uploads\/2021\/05\/gia-v\u1ecb-3-1024x1024.jpg 1024w, https:\/\/havamall.vn\/wp-content\/uploads\/2021\/05\/gia-v\u1ecb-3-1200x1200.jpg 1200w, https:\/\/havamall.vn\/wp-content\/uploads\/2021\/05\/gia-v\u1ecb-3-600x600.jpg 600w, https:\/\/havamall.vn\/wp-content\/uploads\/2021\/05\/gia-v\u1ecb-3-100x100.jpg 100w, https:\/\/havamall.vn\/wp-content\/uploads\/2021\/05\/gia-v\u1ecb-3.jpg 1242w\" sizes=\"(max-width: 577px) 100vw, 577px\" \/><\/p>\n<p><span style=\"font-weight: 400\">C\u00e2y qu\u1ebf l\u00e0 lo\u00e0i th\u1ef1c v\u1eadt thu\u1ed9c chi Cinnamomum. V\u1ecf c\u00e2y, v\u1ecf c\u00e0nh c\u00f3 v\u1ecb cay, c\u00f3 m\u00f9i th\u01a1m n\u1ed3ng. Ng\u01b0\u1eddi ta khai th\u00e1c v\u1ecf c\u1ee7a th\u00e2n, c\u00e0nh c\u00e2y \u0111\u1ec3 l\u00e0m thu\u1ed1c trong \u0110\u00f4ng y, l\u00e0m gia v\u1ecb, th\u1ea3o m\u1ed9c d\u01b0\u1ee1ng da\u2026 L\u00e1 c\u1ee7a c\u00e2y qu\u1ebf c\u00f3 th\u1ec3 \u0111\u01b0\u1ee3c d\u00f9ng \u0111\u1ec3 ch\u01b0ng c\u1ea5t tinh d\u1ea7u. G\u1ed7 \u0111\u01b0\u1ee3c d\u00f9ng l\u00e0m \u0111\u1ed3 m\u1ef9 ngh\u1ec7, \u0111\u1ed3 trang tr\u00ed n\u1ed9i th\u1ea5t.<\/span><\/p>\n<p><img decoding=\"async\" class=\"wp-image-20018 aligncenter\" src=\"https:\/\/havamall.vn\/wp-content\/uploads\/2021\/05\/qu\u1ebf-1-1024x683-300x200.jpg\" alt=\"\" width=\"566\" height=\"378\" srcset=\"https:\/\/havamall.vn\/wp-content\/uploads\/2021\/05\/qu\u1ebf-1-1024x683-300x200.jpg 300w, https:\/\/havamall.vn\/wp-content\/uploads\/2021\/05\/qu\u1ebf-1-1024x683-430x287.jpg 430w, https:\/\/havamall.vn\/wp-content\/uploads\/2021\/05\/qu\u1ebf-1-1024x683-150x100.jpg 150w, https:\/\/havamall.vn\/wp-content\/uploads\/2021\/05\/qu\u1ebf-1-1024x683-700x467.jpg 700w, https:\/\/havamall.vn\/wp-content\/uploads\/2021\/05\/qu\u1ebf-1-1024x683-768x512.jpg 768w, https:\/\/havamall.vn\/wp-content\/uploads\/2021\/05\/qu\u1ebf-1-1024x683.jpg 1024w, https:\/\/havamall.vn\/wp-content\/uploads\/2021\/05\/qu\u1ebf-1-1024x683-600x400.jpg 600w\" sizes=\"(max-width: 566px) 100vw, 566px\" \/><\/p>\n<p><span style=\"font-weight: 400\">Qu\u1ebf l\u00e0 m\u1ed9t trong b\u1ed1n lo\u1ea1i th\u1ea3o d\u01b0\u1ee3c qu\u00fd (S\u00e2m \u2013 Nhung \u2013 Qu\u1ebf \u2013 Ph\u1ee5). Ng\u00e0y nay qu\u1ebf \u0111\u01b0\u1ee3c s\u1eed d\u1ee5ng r\u1ed9ng r\u00e3i v\u1edbi nhi\u1ec1u m\u1ee5c \u0111\u00edch kh\u00e1c nhau, \u0111i\u1ec3n h\u00ecnh l\u00e0 trong n\u1ea5u \u0103n b\u1edfi qu\u1ebf h\u1ed9i \u0111\u1ee7 ba \u0111\u1eb7c \u0111i\u1ec3m th\u01a1m, cay v\u00e0 ng\u1ecdt n\u00ean r\u1ea5t \u0111\u01b0\u1ee3c c\u00e1nh n\u1ed9i tr\u1ee3 d\u00f9ng \u0111\u1ec3 n\u00eam n\u1ebfm v\u00e0 \u01b0\u1edbp gia v\u1ecb cho th\u1ee9c \u0103n.<\/span><\/p>\n<p><img decoding=\"async\" class=\"wp-image-21577 aligncenter\" src=\"https:\/\/havamall.vn\/wp-content\/uploads\/2021\/05\/ghtyh-246x300.png\" alt=\"\" width=\"562\" height=\"685\" srcset=\"https:\/\/havamall.vn\/wp-content\/uploads\/2021\/05\/ghtyh-246x300.png 246w, https:\/\/havamall.vn\/wp-content\/uploads\/2021\/05\/ghtyh-430x524.png 430w, https:\/\/havamall.vn\/wp-content\/uploads\/2021\/05\/ghtyh-150x183.png 150w, https:\/\/havamall.vn\/wp-content\/uploads\/2021\/05\/ghtyh-700x854.png 700w, https:\/\/havamall.vn\/wp-content\/uploads\/2021\/05\/ghtyh-600x732.png 600w, https:\/\/havamall.vn\/wp-content\/uploads\/2021\/05\/ghtyh.png 724w\" sizes=\"(max-width: 562px) 100vw, 562px\" \/><\/p>\n<p><span style=\"font-weight: 400\">B\u1ed9t qu\u1ebf l\u00e0 ph\u1ea7n v\u1ecf c\u00e2y qu\u1ebf, \u0111\u01b0\u1ee3c b\u00e0o ch\u1ebf th\u00e0nh d\u1ea1ng b\u1ed9t m\u1ecbn v\u00e0 c\u00f3 m\u00e0u v\u00e0ng n\u00e2u. B\u1ed9t qu\u1ebf c\u00f3 m\u00f9i th\u01a1m, \u0111i\u1ec3m \u0111\u1eb7c bi\u1ec7t m\u00e0 c\u00e1c d\u01b0\u1ee3c li\u1ec7u kh\u00e1c kh\u00f3 c\u00f3 \u0111\u00f3 ch\u00ednh l\u00e0 m\u00f9i th\u01a1m c\u1ee7a b\u1ed9t qu\u1ebf r\u1ea5t l\u00e2u m\u1edbi bay m\u00f9i.<\/span><\/p>\n<p><img loading=\"lazy\" decoding=\"async\" class=\"wp-image-20020 aligncenter\" src=\"https:\/\/havamall.vn\/wp-content\/uploads\/2021\/05\/th\u1ecbt-300x200.jpg\" alt=\"\" width=\"562\" height=\"374\" srcset=\"https:\/\/havamall.vn\/wp-content\/uploads\/2021\/05\/th\u1ecbt-300x200.jpg 300w, https:\/\/havamall.vn\/wp-content\/uploads\/2021\/05\/th\u1ecbt-430x286.jpg 430w, https:\/\/havamall.vn\/wp-content\/uploads\/2021\/05\/th\u1ecbt-150x100.jpg 150w, https:\/\/havamall.vn\/wp-content\/uploads\/2021\/05\/th\u1ecbt-600x400.jpg 600w, https:\/\/havamall.vn\/wp-content\/uploads\/2021\/05\/th\u1ecbt.jpg 650w\" sizes=\"(max-width: 562px) 100vw, 562px\" \/><\/p>\n<h4><strong>H\u01b0\u1edbng d\u1eabn s\u1eed d\u1ee5ng:<\/strong><\/h4>\n<p>&#8211; D\u00f9ng l\u00e0m gia v\u1ecb, \u01b0\u1edbp tr\u1ef1c ti\u1ebfp khi s\u01a1 ch\u1ebf th\u1ef1c ph\u1ea9m, pha ch\u1ebf n\u01b0\u1edbc ch\u1ea5m, cho v\u00e0o m\u00f3n \u0103n,&#8230;<\/p>\n<p>&#8211; Nguy\u00ean li\u1ec7u l\u00e0m b\u00e1nh, u\u1ed1ng v\u1edbi m\u1eadt ong.<\/p>\n<p><img loading=\"lazy\" decoding=\"async\" class=\"wp-image-21579 aligncenter\" src=\"https:\/\/havamall.vn\/wp-content\/uploads\/2021\/05\/yutyt-1-257x300.png\" alt=\"\" width=\"577\" height=\"671\" srcset=\"https:\/\/havamall.vn\/wp-content\/uploads\/2021\/05\/yutyt-1-257x300.png 257w, https:\/\/havamall.vn\/wp-content\/uploads\/2021\/05\/yutyt-1-430x501.png 430w, https:\/\/havamall.vn\/wp-content\/uploads\/2021\/05\/yutyt-1-150x175.png 150w, https:\/\/havamall.vn\/wp-content\/uploads\/2021\/05\/yutyt-1-768x895.png 768w, https:\/\/havamall.vn\/wp-content\/uploads\/2021\/05\/yutyt-1-879x1024.png 879w, https:\/\/havamall.vn\/wp-content\/uploads\/2021\/05\/yutyt-1-1200x1398.png 1200w, https:\/\/havamall.vn\/wp-content\/uploads\/2021\/05\/yutyt-1-600x699.png 600w, https:\/\/havamall.vn\/wp-content\/uploads\/2021\/05\/yutyt-1.png 1536w\" sizes=\"(max-width: 577px) 100vw, 577px\" \/><\/p>\n<h4><strong>C\u00f4ng d\u1ee5ng c\u1ee7a b\u1ed9t qu\u1ebf:<\/strong><\/h4>\n<p><span style=\"font-weight: 400\">&#8211; B\u1ed9t qu\u1ebf gi\u00fap gi\u1ea3m b\u00e9o, \u0111\u1eb9p da v\u00e0 \u0111i\u1ec1u tr\u1ecb m\u1ee5n, b\u1ed9t qu\u1ebf th\u01b0\u1eddng d\u00f9ng v\u1edbi m\u1eadt ong \u0111\u1ec3 \u0111\u1eafp m\u1eb7t n\u1ea1<\/span><\/p>\n<p><span style=\"font-weight: 400\">&#8211; B\u1ed9t qu\u1ebf gi\u00fap t\u0103ng tr\u00ed nh\u1edb, b\u1ed5 n\u00e3o, lo\u1ea1i b\u1ecf c\u00e1c tri\u1ec7u ch\u1ee9ng c\u0103ng th\u1eb3ng, \u00e1p l\u1ef1c\u2026\u00a0<\/span><\/p>\n<p><span style=\"font-weight: 400\">&#8211; B\u1ed9t qu\u1ebf ch\u1ee9a h\u00e0m l\u01b0\u1ee3ng vitamin v\u00e0 kho\u00e1ng ch\u1ea5t cao l\u00e0 lo\u1ea1i d\u01b0\u1ee3c li\u1ec7u c\u00f3 nhi\u1ec1u c\u00f4ng d\u1ee5ng tuy\u1ec7t v\u1eddi<\/span><\/p>\n<p><span style=\"font-weight: 400\">&#8211; B\u1ed9t v\u1ecf qu\u1ebf gi\u1ea3m cholesterol, ch\u1ed1ng l\u1ea1i c\u00e1c g\u1ed1c t\u1ef1 do, c\u00f3 ch\u1ea5t ch\u1ed1ng oxy h\u00f3a c\u00f3 th\u1ec3 ng\u0103n ng\u1eeba b\u1ec7nh tim m\u1ea1ch v\u00e0 m\u1ed9t s\u1ed1 d\u1ea1ng ung th\u01b0.<\/span><\/p>\n<p>S\u1ea3n ph\u1ea9m hi\u1ec7n \u0111\u00e3 c\u00f3 m\u1eb7t t\u1ea1i Havamall.<\/p>","protected":false},"excerpt":{"rendered":"<p>Th\u01b0\u01a1ng hi\u1ec7u Lumlum Xu\u1ea5t x\u1ee9 Th\u00e1i Lan Th\u00e0nh ph\u1ea7n 100% b\u1ed9t qu\u1ebf h\u1eefu c\u01a1 H\u1ea1n s\u1eed d\u1ee5ng 24 th\u00e1ng k\u1ec3<\/p>","protected":false},"featured_media":20203,"comment_status":"open","ping_status":"closed","template":"","meta":[],"product_brand":[],"product_cat":[256,36,134],"product_tag":[],"class_list":{"0":"post-20015","1":"product","2":"type-product","3":"status-publish","4":"has-post-thumbnail","6":"product_cat-thuc-pham-huu-co","7":"product_cat-thuc-pham-tieu-dung","8":"product_cat-thucpham-saykho","9":"pa_brand-lumlum","11":"first","12":"instock","13":"sale","14":"shipping-taxable","15":"purchasable","16":"product-type-simple"},"_links":{"self":[{"href":"https:\/\/havamall.vn\/en\/wp-json\/wp\/v2\/product\/20015"}],"collection":[{"href":"https:\/\/havamall.vn\/en\/wp-json\/wp\/v2\/product"}],"about":[{"href":"https:\/\/havamall.vn\/en\/wp-json\/wp\/v2\/types\/product"}],"replies":[{"embeddable":true,"href":"https:\/\/havamall.vn\/en\/wp-json\/wp\/v2\/comments?post=20015"}],"version-history":[{"count":0,"href":"https:\/\/havamall.vn\/en\/wp-json\/wp\/v2\/product\/20015\/revisions"}],"wp:featuredmedia":[{"embeddable":true,"href":"https:\/\/havamall.vn\/en\/wp-json\/wp\/v2\/media\/20203"}],"wp:attachment":[{"href":"https:\/\/havamall.vn\/en\/wp-json\/wp\/v2\/media?parent=20015"}],"wp:term":[{"taxonomy":"product_brand","embeddable":true,"href":"https:\/\/havamall.vn\/en\/wp-json\/wp\/v2\/product_brand?post=20015"},{"taxonomy":"product_cat","embeddable":true,"href":"https:\/\/havamall.vn\/en\/wp-json\/wp\/v2\/product_cat?post=20015"},{"taxonomy":"product_tag","embeddable":true,"href":"https:\/\/havamall.vn\/en\/wp-json\/wp\/v2\/product_tag?post=20015"}],"curies":[{"name":"wp","href":"https:\/\/api.w.org\/{rel}","templated":true}]}}