{"id":20008,"date":"2021-05-14T15:31:51","date_gmt":"2021-05-14T08:31:51","guid":{"rendered":"https:\/\/havamall.vn\/?post_type=product&#038;p=20008"},"modified":"2022-06-01T11:45:19","modified_gmt":"2022-06-01T04:45:19","slug":"bot-toi-huu-co-lumlum-organic-garlic-powder-50g","status":"publish","type":"product","link":"https:\/\/havamall.vn\/en\/shop\/bot-toi-huu-co-lumlum-organic-garlic-powder-50g\/","title":{"rendered":"B\u1ed9t T\u1ecfi H\u1eefu C\u01a1 &#8211; Lumlum Organic Garlic Powder 50g"},"content":{"rendered":"<table>\n<tbody>\n<tr>\n<td><span style=\"font-weight: 400\">Th\u01b0\u01a1ng hi\u1ec7u<\/span><\/td>\n<td><span style=\"font-weight: 400\">Lumlum<\/span><\/td>\n<\/tr>\n<tr>\n<td><span style=\"font-weight: 400\">Xu\u1ea5t x\u1ee9<\/span><\/td>\n<td><span style=\"font-weight: 400\">Th\u00e1i Lan<\/span><\/td>\n<\/tr>\n<tr>\n<td><span style=\"font-weight: 400\">Th\u00e0nh ph\u1ea7n<\/span><\/td>\n<td><span style=\"font-weight: 400\">100% b\u1ed9t t\u1ecfi h\u1eefu c\u01a1<\/span><\/td>\n<\/tr>\n<tr>\n<td><span style=\"font-weight: 400\">H\u1ea1n s\u1eed d\u1ee5ng<\/span><\/td>\n<td><span style=\"font-weight: 400\">24 th\u00e1ng k\u1ec3 t\u1eeb ng\u00e0y s\u1ea3n xu\u1ea5t.<\/span><\/td>\n<\/tr>\n<tr>\n<td><span style=\"font-weight: 400\">B\u1ea3o qu\u1ea3n<\/span><\/td>\n<td><span style=\"font-weight: 400\">\u0110\u1ec3 n\u01a1i kh\u00f4 r\u00e1o, tho\u00e1ng m\u00e1t, tr\u00e1nh \u00e1nh n\u1eafng tr\u1ef1c ti\u1ebfp<\/span><\/td>\n<\/tr>\n<tr>\n<td><span style=\"font-weight: 400\">Kh\u1ed1i l\u01b0\u1ee3ng t\u1ecbnh<\/span><\/td>\n<td><span style=\"font-weight: 400\">30g<\/span><\/td>\n<\/tr>\n<\/tbody>\n<\/table>\n<p><span style=\"font-weight: 400\">LumLum by Chita Organic Food ra \u0111\u1eddi v\u1edbi s\u1ee9 m\u1ec7nh s\u1ea3n xu\u1ea5t v\u00e0 cung c\u1ea5p gia v\u1ecb kh\u00f4ng ch\u1ec9 ngon m\u00e0 c\u00f2n \u201cs\u1ea1ch\u201d.\u00a0<\/span><span style=\"font-weight: 400\">Lumlum l\u00e0 ph\u01b0\u01a1ng ng\u1eef mi\u1ec1n B\u1eafc Th\u00e1i Lan, ngh\u0129a ti\u1ebfng Vi\u1ec7t l\u00e0 \u201cngon\u201d. Nh\u1eefng ng\u01b0\u1eddi s\u1ea3n xu\u1ea5t tin r\u1eb1ng, b\u1eefa \u0103n ngon nu\u00f4i d\u01b0\u1ee1ng gi\u00e1 tr\u1ecb tinh th\u1ea7n l\u00e0nh m\u1ea1nh, n\u00ean Lumlum \u0111\u01b0\u1ee3c ch\u0103m ch\u00fat c\u1ea9n th\u1eadn \u0111\u1ec3 gi\u1eef \u0111\u01b0\u1ee3c h\u01b0\u01a1ng v\u1ecb t\u1ef1 nhi\u00ean v\u00e0 ch\u00e2n th\u1ef1c c\u1ee7a \u1ea9m th\u1ef1c x\u1ee9 Ch\u00f9a V\u00e0ng.<\/span><\/p>\n<p><img fetchpriority=\"high\" decoding=\"async\" class=\"wp-image-20010 aligncenter\" src=\"https:\/\/havamall.vn\/wp-content\/uploads\/2021\/05\/ngh\u1ec7-7-3-300x300.jpg\" alt=\"\" width=\"538\" height=\"538\" srcset=\"https:\/\/havamall.vn\/wp-content\/uploads\/2021\/05\/ngh\u1ec7-7-3-300x300.jpg 300w, https:\/\/havamall.vn\/wp-content\/uploads\/2021\/05\/ngh\u1ec7-7-3-430x430.jpg 430w, https:\/\/havamall.vn\/wp-content\/uploads\/2021\/05\/ngh\u1ec7-7-3-150x150.jpg 150w, https:\/\/havamall.vn\/wp-content\/uploads\/2021\/05\/ngh\u1ec7-7-3-700x700.jpg 700w, https:\/\/havamall.vn\/wp-content\/uploads\/2021\/05\/ngh\u1ec7-7-3-768x768.jpg 768w, https:\/\/havamall.vn\/wp-content\/uploads\/2021\/05\/ngh\u1ec7-7-3-600x600.jpg 600w, https:\/\/havamall.vn\/wp-content\/uploads\/2021\/05\/ngh\u1ec7-7-3-100x100.jpg 100w, https:\/\/havamall.vn\/wp-content\/uploads\/2021\/05\/ngh\u1ec7-7-3.jpg 1000w\" sizes=\"(max-width: 538px) 100vw, 538px\" \/><\/p>\n<p><span style=\"font-weight: 400\">T\u1ecfi c\u00f3 \u0111\u1eb7c t\u00ednh kh\u00e1ng sinh t\u1ef1 nhi\u00ean r\u1ea5t t\u1ed1t, n\u00f3 gi\u00fap gi\u1eef cho h\u1ec7 ti\u00eau h\u00f3a s\u1ea1ch s\u1ebd b\u1eb1ng c\u00e1ch x\u1ea3 s\u1ea1ch \u0111\u1ed9c t\u1ed1. T\u1ecfi c\u0169ng x\u00e2y d\u1ef1ng kh\u1ea3 n\u0103ng mi\u1ec5n d\u1ecbch ch\u1ed1ng c\u1ea3m l\u1ea1nh th\u00f4ng th\u01b0\u1eddng v\u00e0 ng\u0103n ng\u1eeba b\u1ec7nh tim b\u1eb1ng c\u00e1ch l\u00e0m s\u1ea1ch c\u00e1c \u0111\u1ed9ng m\u1ea1ch b\u1ecb t\u1eafc.<\/span><\/p>\n<p><img decoding=\"async\" class=\"wp-image-20011 aligncenter\" src=\"https:\/\/havamall.vn\/wp-content\/uploads\/2021\/05\/ngh\u1ec7-6-2-300x300.jpg\" alt=\"\" width=\"536\" height=\"536\" srcset=\"https:\/\/havamall.vn\/wp-content\/uploads\/2021\/05\/ngh\u1ec7-6-2-300x300.jpg 300w, https:\/\/havamall.vn\/wp-content\/uploads\/2021\/05\/ngh\u1ec7-6-2-430x430.jpg 430w, https:\/\/havamall.vn\/wp-content\/uploads\/2021\/05\/ngh\u1ec7-6-2-150x150.jpg 150w, https:\/\/havamall.vn\/wp-content\/uploads\/2021\/05\/ngh\u1ec7-6-2-700x700.jpg 700w, https:\/\/havamall.vn\/wp-content\/uploads\/2021\/05\/ngh\u1ec7-6-2-768x768.jpg 768w, https:\/\/havamall.vn\/wp-content\/uploads\/2021\/05\/ngh\u1ec7-6-2-1024x1024.jpg 1024w, https:\/\/havamall.vn\/wp-content\/uploads\/2021\/05\/ngh\u1ec7-6-2-1200x1200.jpg 1200w, https:\/\/havamall.vn\/wp-content\/uploads\/2021\/05\/ngh\u1ec7-6-2-600x600.jpg 600w, https:\/\/havamall.vn\/wp-content\/uploads\/2021\/05\/ngh\u1ec7-6-2-100x100.jpg 100w, https:\/\/havamall.vn\/wp-content\/uploads\/2021\/05\/ngh\u1ec7-6-2.jpg 2048w\" sizes=\"(max-width: 536px) 100vw, 536px\" \/><\/p>\n<p><span style=\"font-weight: 400\">T\u1ecfi l\u00e0 m\u1ed9t trong nh\u1eefng th\u00e0nh ph\u1ea7n kh\u00f4ng th\u1ec3 thi\u1ebfu trong \u1ea9m th\u1ef1c, v\u00e0 \u0111\u00f3ng vai tr\u00f2 trung t\u00e2m trong b\u1ebfp n\u1ea5u \u0110\u1ecba Trung H\u1ea3i v\u00e0 ch\u00e2u \u00c1. M\u1ed9t c\u1ee7 bao g\u1ed3m nhi\u1ec1u t\u00e9p t\u1ecfi \u0111\u01b0\u1ee3c b\u1ecdc trong m\u1ed9t l\u1edbp v\u1ecf m\u00e0u t\u00edm m\u1ecfng, v\u1ecb cay n\u1ed3ng v\u00e0 gi\u00f2n khi c\u00f2n s\u1ed1ng. B\u1ed9t t\u1ecfi \u0111\u01b0\u1ee3c l\u00e0m t\u1eeb t\u1ecfi ph\u01a1i kh\u00f4 v\u00e0 sau \u0111\u00f3 nghi\u1ec1n nh\u1ecf.<\/span><\/p>\n<p><img decoding=\"async\" class=\"wp-image-20012 aligncenter\" src=\"https:\/\/havamall.vn\/wp-content\/uploads\/2021\/05\/vdfv-300x150.jpg\" alt=\"\" width=\"534\" height=\"267\" srcset=\"https:\/\/havamall.vn\/wp-content\/uploads\/2021\/05\/vdfv-300x150.jpg 300w, https:\/\/havamall.vn\/wp-content\/uploads\/2021\/05\/vdfv-430x215.jpg 430w, https:\/\/havamall.vn\/wp-content\/uploads\/2021\/05\/vdfv-150x75.jpg 150w, https:\/\/havamall.vn\/wp-content\/uploads\/2021\/05\/vdfv-700x350.jpg 700w, https:\/\/havamall.vn\/wp-content\/uploads\/2021\/05\/vdfv-768x384.jpg 768w, https:\/\/havamall.vn\/wp-content\/uploads\/2021\/05\/vdfv-600x300.jpg 600w, https:\/\/havamall.vn\/wp-content\/uploads\/2021\/05\/vdfv.jpg 800w\" sizes=\"(max-width: 534px) 100vw, 534px\" \/><\/p>\n<p><span style=\"font-weight: 400\">T\u1ecfi tuy\u1ec7t v\u1eddi cho tr\u1ebb h\u00f3a v\u00e0 ch\u1eefa b\u1ec7nh c\u1ee7a da .M\u00f9i th\u01a1m \u0111\u1eb7c tr\u01b0ng\u00a0 , n\u1ed3ng n\u00e0n h\u01a1n b\u1ea5t k\u00ec lo\u1ea1i gia v\u1ecb n\u00e0o.\u00a0<\/span><span style=\"font-weight: 400\">T\u1ecfi c\u00f3 r\u1ea5t nhi\u1ec1u l\u1ee3i \u00edch cho s\u1ee9c kh\u1ecfe, \u0111\u1eb7c bi\u1ec7t l\u00e0 trong kh\u1ea3 n\u0103ng t\u0103ng c\u01b0\u1eddng h\u1ec7 mi\u1ec5n d\u1ecbch, ph\u00f2ng ch\u1ed1ng b\u1ec7nh t\u1eadt cho c\u01a1 th\u1ec3.<\/span><\/p>\n<p><span style=\"font-weight: 400\">B\u1ed9t t\u1ecfi l\u00e0 m\u1ed9t th\u00e0nh ph\u1ea7n ph\u1ed5 bi\u1ebfn trong gia v\u1ecb spice rubs. Ngo\u00e0i ra c\u00f2n \u0111\u01b0\u1ee3c s\u1eed d\u1ee5ng \u0111\u1ec3 \u01b0\u1edbp th\u1ecbt v\u00e0 rau, c\u00e1c m\u00f3n h\u1ea7m, x\u00e0o\u2026<\/span><\/p>\n<p><img loading=\"lazy\" decoding=\"async\" class=\"wp-image-20013 aligncenter\" src=\"https:\/\/havamall.vn\/wp-content\/uploads\/2021\/05\/dv-230x300.jpg\" alt=\"\" width=\"537\" height=\"701\" srcset=\"https:\/\/havamall.vn\/wp-content\/uploads\/2021\/05\/dv-230x300.jpg 230w, https:\/\/havamall.vn\/wp-content\/uploads\/2021\/05\/dv-430x561.jpg 430w, https:\/\/havamall.vn\/wp-content\/uploads\/2021\/05\/dv-150x196.jpg 150w, https:\/\/havamall.vn\/wp-content\/uploads\/2021\/05\/dv-600x783.jpg 600w, https:\/\/havamall.vn\/wp-content\/uploads\/2021\/05\/dv.jpg 700w\" sizes=\"(max-width: 537px) 100vw, 537px\" \/><\/p>\n<p><span style=\"font-weight: 400\">B\u1ed9t t\u1ecfi h\u1eefu c\u01a1 Lumlum s\u1eed d\u1ee5ng ngu\u1ed3n nguy\u00ean li\u1ec7u s\u1ea1ch , kh\u00f4ng s\u1eed d\u1ee5ng thu\u1ed1c tr\u1eeb s\u00e2u. \u0110\u1ea3m b\u1ea3o cho s\u1ee9c kh\u1ecfe c\u1ee7a b\u1ea1n v\u00e0 gia \u0111\u00ecnh.<\/span><\/p>\n<h4><strong>H\u01b0\u1edbng d\u1eabn s\u1eed d\u1ee5ng:<\/strong><\/h4>\n<p><span style=\"font-weight: 400\">\u2013 Gia v\u1ecb ph\u00f9 h\u1ee3p t\u1ea9m \u01b0\u1edbp c\u00e1c m\u00f3n \u0103n d\u1eb7m cho b\u00e9 ho\u1eb7c ch\u1ebf bi\u1ebfn m\u00f3n ngon cho gia \u0111\u00ecnh c\u1ee7a b\u1ea1n <\/span><\/p>\n<p><span style=\"font-weight: 400\">\u2013 Gia v\u1ecb kh\u00f4ng th\u1ec3 thi\u1ebfu trong c\u00e1c m\u00f3n \u0103n, \u0111\u1eb7c bi\u1ec7t l\u00e0 c\u00e1c m\u00f3n c\u00e0 ri Th\u00e1i\u2026<\/span><\/p>\n<p>S\u1ea3n ph\u1ea9m hi\u1ec7n \u0111\u00e3 c\u00f3 m\u1eb7t t\u1ea1i Havamall.<\/p>","protected":false},"excerpt":{"rendered":"<p>Th\u01b0\u01a1ng hi\u1ec7u Lumlum Xu\u1ea5t x\u1ee9 Th\u00e1i Lan Th\u00e0nh ph\u1ea7n 100% b\u1ed9t t\u1ecfi h\u1eefu c\u01a1 H\u1ea1n s\u1eed d\u1ee5ng 24 th\u00e1ng k\u1ec3<\/p>","protected":false},"featured_media":20204,"comment_status":"open","ping_status":"closed","template":"","meta":[],"product_brand":[],"product_cat":[256,130,36,134],"product_tag":[],"class_list":{"0":"post-20008","1":"product","2":"type-product","3":"status-publish","4":"has-post-thumbnail","6":"product_cat-thuc-pham-huu-co","7":"product_cat-khuyen-mai","8":"product_cat-thuc-pham-tieu-dung","9":"product_cat-thucpham-saykho","10":"pa_brand-lumlum","12":"first","13":"instock","14":"sale","15":"shipping-taxable","16":"purchasable","17":"product-type-simple"},"_links":{"self":[{"href":"https:\/\/havamall.vn\/en\/wp-json\/wp\/v2\/product\/20008"}],"collection":[{"href":"https:\/\/havamall.vn\/en\/wp-json\/wp\/v2\/product"}],"about":[{"href":"https:\/\/havamall.vn\/en\/wp-json\/wp\/v2\/types\/product"}],"replies":[{"embeddable":true,"href":"https:\/\/havamall.vn\/en\/wp-json\/wp\/v2\/comments?post=20008"}],"version-history":[{"count":0,"href":"https:\/\/havamall.vn\/en\/wp-json\/wp\/v2\/product\/20008\/revisions"}],"wp:featuredmedia":[{"embeddable":true,"href":"https:\/\/havamall.vn\/en\/wp-json\/wp\/v2\/media\/20204"}],"wp:attachment":[{"href":"https:\/\/havamall.vn\/en\/wp-json\/wp\/v2\/media?parent=20008"}],"wp:term":[{"taxonomy":"product_brand","embeddable":true,"href":"https:\/\/havamall.vn\/en\/wp-json\/wp\/v2\/product_brand?post=20008"},{"taxonomy":"product_cat","embeddable":true,"href":"https:\/\/havamall.vn\/en\/wp-json\/wp\/v2\/product_cat?post=20008"},{"taxonomy":"product_tag","embeddable":true,"href":"https:\/\/havamall.vn\/en\/wp-json\/wp\/v2\/product_tag?post=20008"}],"curies":[{"name":"wp","href":"https:\/\/api.w.org\/{rel}","templated":true}]}}