{"id":19998,"date":"2021-05-14T14:52:32","date_gmt":"2021-05-14T07:52:32","guid":{"rendered":"https:\/\/havamall.vn\/?post_type=product&#038;p=19998"},"modified":"2022-06-01T11:44:02","modified_gmt":"2022-06-01T04:44:02","slug":"bot-rieng-huu-co-lumlum-organic-galangal-powder-30g","status":"publish","type":"product","link":"https:\/\/havamall.vn\/en\/shop\/bot-rieng-huu-co-lumlum-organic-galangal-powder-30g\/","title":{"rendered":"B\u1ed9t Ri\u1ec1ng H\u1eefu C\u01a1 &#8211; Lumlum Organic Galangal Powder 25g"},"content":{"rendered":"<table>\n<tbody>\n<tr>\n<td><span style=\"font-weight: 400\">Th\u01b0\u01a1ng hi\u1ec7u<\/span><\/td>\n<td><span style=\"font-weight: 400\">Lumlum<\/span><\/td>\n<\/tr>\n<tr>\n<td><span style=\"font-weight: 400\">Xu\u1ea5t x\u1ee9<\/span><\/td>\n<td><span style=\"font-weight: 400\">Th\u00e1i Lan<\/span><\/td>\n<\/tr>\n<tr>\n<td><span style=\"font-weight: 400\">Th\u00e0nh ph\u1ea7n<\/span><\/td>\n<td><span style=\"font-weight: 400\">100% b\u1ed9t ri\u1ec1ng h\u1eefu c\u01a1<\/span><\/td>\n<\/tr>\n<tr>\n<td><span style=\"font-weight: 400\">H\u1ea1n s\u1eed d\u1ee5ng<\/span><\/td>\n<td><span style=\"font-weight: 400\">24 th\u00e1ng k\u1ec3 t\u1eeb ng\u00e0y s\u1ea3n xu\u1ea5t.<\/span><\/td>\n<\/tr>\n<tr>\n<td><span style=\"font-weight: 400\">B\u1ea3o qu\u1ea3n<\/span><\/td>\n<td><span style=\"font-weight: 400\">\u0110\u1ec3 n\u01a1i kh\u00f4 r\u00e1o, tho\u00e1ng m\u00e1t, tr\u00e1nh \u00e1nh n\u1eafng tr\u1ef1c ti\u1ebfp<\/span><\/td>\n<\/tr>\n<tr>\n<td><span style=\"font-weight: 400\">Kh\u1ed1i l\u01b0\u1ee3ng t\u1ecbnh<\/span><\/td>\n<td><span style=\"font-weight: 400\">30g<\/span><\/td>\n<\/tr>\n<\/tbody>\n<\/table>\n<p><span style=\"font-weight: 400\">LumLum by Chita Organic Food ra \u0111\u1eddi v\u1edbi s\u1ee9 m\u1ec7nh s\u1ea3n xu\u1ea5t v\u00e0 cung c\u1ea5p gia v\u1ecb kh\u00f4ng ch\u1ec9 ngon m\u00e0 c\u00f2n \u201cs\u1ea1ch\u201d.\u00a0<\/span><span style=\"font-weight: 400\">Lumlum l\u00e0 ph\u01b0\u01a1ng ng\u1eef mi\u1ec1n B\u1eafc Th\u00e1i Lan, ngh\u0129a ti\u1ebfng Vi\u1ec7t l\u00e0 \u201cngon\u201d. Nh\u1eefng ng\u01b0\u1eddi s\u1ea3n xu\u1ea5t tin r\u1eb1ng, b\u1eefa \u0103n ngon nu\u00f4i d\u01b0\u1ee1ng gi\u00e1 tr\u1ecb tinh th\u1ea7n l\u00e0nh m\u1ea1nh, n\u00ean Lumlum \u0111\u01b0\u1ee3c ch\u0103m ch\u00fat c\u1ea9n th\u1eadn \u0111\u1ec3 gi\u1eef \u0111\u01b0\u1ee3c h\u01b0\u01a1ng v\u1ecb t\u1ef1 nhi\u00ean v\u00e0 ch\u00e2n th\u1ef1c c\u1ee7a \u1ea9m th\u1ef1c x\u1ee9 Ch\u00f9a V\u00e0ng.<\/span><\/p>\n<p><img fetchpriority=\"high\" decoding=\"async\" class=\"wp-image-20001 aligncenter\" src=\"https:\/\/havamall.vn\/wp-content\/uploads\/2021\/05\/137256933_1018791208629277-300x201.jpg\" alt=\"\" width=\"558\" height=\"374\" srcset=\"https:\/\/havamall.vn\/wp-content\/uploads\/2021\/05\/137256933_1018791208629277-300x201.jpg 300w, https:\/\/havamall.vn\/wp-content\/uploads\/2021\/05\/137256933_1018791208629277-430x288.jpg 430w, https:\/\/havamall.vn\/wp-content\/uploads\/2021\/05\/137256933_1018791208629277-150x101.jpg 150w, https:\/\/havamall.vn\/wp-content\/uploads\/2021\/05\/137256933_1018791208629277-700x469.jpg 700w, https:\/\/havamall.vn\/wp-content\/uploads\/2021\/05\/137256933_1018791208629277-768x515.jpg 768w, https:\/\/havamall.vn\/wp-content\/uploads\/2021\/05\/137256933_1018791208629277-1024x686.jpg 1024w, https:\/\/havamall.vn\/wp-content\/uploads\/2021\/05\/137256933_1018791208629277-1200x804.jpg 1200w, https:\/\/havamall.vn\/wp-content\/uploads\/2021\/05\/137256933_1018791208629277-600x402.jpg 600w, https:\/\/havamall.vn\/wp-content\/uploads\/2021\/05\/137256933_1018791208629277.jpg 1876w\" sizes=\"(max-width: 558px) 100vw, 558px\" \/><\/p>\n<p>Ri\u1ec1ng trong \u1ea9m th\u1ef1c l\u00e0 m\u1ed9t gia v\u1ecb \u0111\u1eadm m\u00f9i, h\u0103ng v\u00e0 c\u00f3 t\u00ednh n\u00f3ng, v\u1ecb ch\u00e1t h\u01a1n r\u1eebng. Trong c\u00e1c m\u00f3n \u0103n c\u00f3 m\u1eb7t c\u1ee7a ri\u1ec1ng \u0111\u1ec1u d\u1ec5 d\u00e0ng nh\u1eadn bi\u1ebft \u0111\u01b0\u1ee3c h\u01b0\u01a1ng v\u1ecb \u0111\u1eb7c tr\u01b0ng n\u00e0y. Do \u0111\u00f3, gia v\u1ecb ri\u1ec1ng th\u01b0\u1eddng \u0111\u01b0\u1ee3c k\u1ebft h\u1ee3p \u0111\u1ec3 kh\u1eed c\u00e1c m\u00f9i tanh, t\u1ea1o n\u00ean s\u1ef1 c\u00e2n b\u1eb1ng h\u01b0\u01a1ng v\u1ecb cho m\u00f3n \u0103n \u0111\u00f2i h\u1ecfi s\u1ef1 \u0111\u1eadm \u0111\u00e0 v\u00e0 tinh t\u1ebf.<\/p>\n<p><img decoding=\"async\" class=\"wp-image-20002 aligncenter\" src=\"https:\/\/havamall.vn\/wp-content\/uploads\/2021\/05\/ngh\u1ec7-5-1-300x225.jpg\" alt=\"\" width=\"554\" height=\"415\" srcset=\"https:\/\/havamall.vn\/wp-content\/uploads\/2021\/05\/ngh\u1ec7-5-1-300x225.jpg 300w, https:\/\/havamall.vn\/wp-content\/uploads\/2021\/05\/ngh\u1ec7-5-1-430x323.jpg 430w, https:\/\/havamall.vn\/wp-content\/uploads\/2021\/05\/ngh\u1ec7-5-1-150x113.jpg 150w, https:\/\/havamall.vn\/wp-content\/uploads\/2021\/05\/ngh\u1ec7-5-1-700x525.jpg 700w, https:\/\/havamall.vn\/wp-content\/uploads\/2021\/05\/ngh\u1ec7-5-1-768x576.jpg 768w, https:\/\/havamall.vn\/wp-content\/uploads\/2021\/05\/ngh\u1ec7-5-1-1024x768.jpg 1024w, https:\/\/havamall.vn\/wp-content\/uploads\/2021\/05\/ngh\u1ec7-5-1-1200x900.jpg 1200w, https:\/\/havamall.vn\/wp-content\/uploads\/2021\/05\/ngh\u1ec7-5-1-600x450.jpg 600w, https:\/\/havamall.vn\/wp-content\/uploads\/2021\/05\/ngh\u1ec7-5-1.jpg 1920w\" sizes=\"(max-width: 554px) 100vw, 554px\" \/><\/p>\n<p><span style=\"font-weight: 400\">Ri\u00ea\u0300ng l\u00e0 ngu\u00f4\u0300n cung c\u00e2\u0301p d\u00f4\u0300i d\u00e0o c\u00e1c ch\u00e2\u0301t natri, s\u1eaft, ch\u00e2\u0301t x\u01a1, vitamin A, C v\u00e0 flavanoid\u2026 Nh\u1eefng d\u01b0\u1ee1ng ch\u00e2\u0301t n\u00e0y \u0111\u00f3ng m\u00f4\u0323t vai tr\u00f2 quan tr\u1ecdng trong vi\u00ea\u0323c duy tr\u00ec s\u1ef1 kh\u1ecfe m\u1ea1nh cho c\u01a1 th\u00ea\u0309. S\u1ea3n ph\u1ea9m \u0111\u01b0\u1ee3c ch\u1ebf bi\u1ebfn th\u00e0nh d\u1ea1ng b\u1ed9t gi\u00fap b\u1ea1n d\u1ec5 d\u00e0ng s\u1eed d\u1ee5ng trong ch\u1ebf bi\u1ebfn m\u00f3n \u0103n.<\/span><\/p>\n<p><img decoding=\"async\" class=\"wp-image-20005 aligncenter\" src=\"https:\/\/havamall.vn\/wp-content\/uploads\/2021\/05\/156221379_118399456923016_1761068262656202181_n-300x200.png\" alt=\"\" width=\"554\" height=\"369\" srcset=\"https:\/\/havamall.vn\/wp-content\/uploads\/2021\/05\/156221379_118399456923016_1761068262656202181_n-300x200.png 300w, https:\/\/havamall.vn\/wp-content\/uploads\/2021\/05\/156221379_118399456923016_1761068262656202181_n-430x286.png 430w, https:\/\/havamall.vn\/wp-content\/uploads\/2021\/05\/156221379_118399456923016_1761068262656202181_n-150x100.png 150w, https:\/\/havamall.vn\/wp-content\/uploads\/2021\/05\/156221379_118399456923016_1761068262656202181_n-700x466.png 700w, https:\/\/havamall.vn\/wp-content\/uploads\/2021\/05\/156221379_118399456923016_1761068262656202181_n-768x511.png 768w, https:\/\/havamall.vn\/wp-content\/uploads\/2021\/05\/156221379_118399456923016_1761068262656202181_n-1024x682.png 1024w, https:\/\/havamall.vn\/wp-content\/uploads\/2021\/05\/156221379_118399456923016_1761068262656202181_n-1200x799.png 1200w, https:\/\/havamall.vn\/wp-content\/uploads\/2021\/05\/156221379_118399456923016_1761068262656202181_n-600x399.png 600w, https:\/\/havamall.vn\/wp-content\/uploads\/2021\/05\/156221379_118399456923016_1761068262656202181_n.png 1280w\" sizes=\"(max-width: 554px) 100vw, 554px\" \/><\/p>\n<p>B\u1ed9t c\u1ee7 ri\u1ec1ng c\u00f3 r\u1ea5t nhi\u1ec1u c\u00f4ng d\u1ee5ng t\u1eeb y h\u1ecdc l\u00e0m dung d\u1ecbch t\u1ea9y n\u1ea5m, kh\u00e1ng khu\u1ea9n \u0111\u1ebfn l\u00e0m gia v\u1ecb \u1ea9m th\u1ef1c, b\u1ed9t c\u1ee7 ri\u1ec1ng \u0111\u01b0\u1ee3c d\u00f9ng trong c\u00e1c m\u00f3n om, kho m\u1ecdi, l\u00e0m gia v\u1ecb cho c\u00e1c m\u00f3n m\u1eafm, ho\u1eb7c gia v\u1ecb cho m\u00f3n ch\u1ebf, l\u1ea9u th\u00e1i.<\/p>\n<p>B\u1ed9t ri\u1ec1ng Lumlum \u0111\u01b0\u1ee3c ch\u1ebf bi\u1ebfn t\u1eeb c\u1ee7 ri\u1ec1ng t\u01b0\u01a1i ch\u1ecdn l\u1ecdc ch\u1ea5t l\u01b0\u1ee3ng cao, s\u1eed d\u1ee5ng c\u00f4ng ngh\u1ec7 hi\u1ec7n \u0111\u1ea1i, s\u1ea5y kh\u00f4 sau \u0111\u00f3 nghi\u1ec1n th\u00e0nh b\u1ed9t m\u1ecbn. Qu\u00e1 tr\u00ecnh ch\u1ebf bi\u1ebfn kh\u00f4ng s\u1eed d\u1ee5ng c\u00e1c ph\u1ee5 gia, h\u00f3a ch\u1ea5t \u0111\u1ed9c h\u1ea1i.<\/p>\n<p><img loading=\"lazy\" decoding=\"async\" class=\"wp-image-20006 aligncenter\" src=\"https:\/\/havamall.vn\/wp-content\/uploads\/2021\/05\/vfdcdvv-300x225.png\" alt=\"\" width=\"548\" height=\"411\" srcset=\"https:\/\/havamall.vn\/wp-content\/uploads\/2021\/05\/vfdcdvv-300x225.png 300w, https:\/\/havamall.vn\/wp-content\/uploads\/2021\/05\/vfdcdvv-430x323.png 430w, https:\/\/havamall.vn\/wp-content\/uploads\/2021\/05\/vfdcdvv-150x113.png 150w, https:\/\/havamall.vn\/wp-content\/uploads\/2021\/05\/vfdcdvv-700x526.png 700w, https:\/\/havamall.vn\/wp-content\/uploads\/2021\/05\/vfdcdvv-768x577.png 768w, https:\/\/havamall.vn\/wp-content\/uploads\/2021\/05\/vfdcdvv-1024x769.png 1024w, https:\/\/havamall.vn\/wp-content\/uploads\/2021\/05\/vfdcdvv-600x451.png 600w, https:\/\/havamall.vn\/wp-content\/uploads\/2021\/05\/vfdcdvv.png 1030w\" sizes=\"(max-width: 548px) 100vw, 548px\" \/><\/p>\n<p>Ph\u1ed5 bi\u1ebfn nh\u1ea5t l\u00e0 s\u1ef1 k\u1ebft h\u1ee3p v\u1edbi c\u00e1c m\u00f3n c\u00e1 kho nh\u01b0 c\u00e1 b\u00f4ng lau, c\u00e1 qu\u1ea3. V\u1edbi nh\u1eefng m\u00f3n n\u00e0y, c\u00e1 t\u01b0\u01a1i \u0111\u01b0\u1ee3c \u0111un ch\u00edn tr\u1ef1c ti\u1ebfp b\u1eb1ng m\u1ed9t \u00edt n\u01b0\u1edbc \u1ea5m, k\u1ebft h\u1ee3p v\u1edbi c\u00e1c lo\u1ea1i gia v\u1ecb nh\u01b0 tinh b\u1ed9t ri\u1ec1ng Lumlum, s\u1ea3, t\u1ecfi&#8230;<\/p>\n<h4><strong>\u00a0H\u01b0\u1edbng d\u1eabn s\u1eed d\u1ee5ng:<\/strong><\/h4>\n<p><span style=\"font-weight: 400\">&#8211; D\u00f9ng l\u00e0m gia v\u1ecb n\u00eam n\u1ebfm, t\u1ea9m \u01b0\u1edbp c\u00e1c lo\u1ea1i th\u1ee9c \u0103n th\u00eam \u0111\u1eadm \u0111\u00e0, n\u1ea5u canh, s\u00fap,\u2026\u00a0<\/span><\/p>\n<p><span style=\"font-weight: 400\">&#8211; Tr\u1ed9n v\u1edbi th\u1ee9c \u0103n ho\u1eb7c t\u1ea9m \u01b0\u1edbp l\u00e0m gia v\u1ecb\u00a0\u00a0<\/span><\/p>","protected":false},"excerpt":{"rendered":"<p>Th\u01b0\u01a1ng hi\u1ec7u Lumlum Xu\u1ea5t x\u1ee9 Th\u00e1i Lan Th\u00e0nh ph\u1ea7n 100% b\u1ed9t ri\u1ec1ng h\u1eefu c\u01a1 H\u1ea1n s\u1eed d\u1ee5ng 24 th\u00e1ng k\u1ec3<\/p>","protected":false},"featured_media":20206,"comment_status":"open","ping_status":"closed","template":"","meta":[],"product_brand":[],"product_cat":[256,130,36,134],"product_tag":[],"class_list":{"0":"post-19998","1":"product","2":"type-product","3":"status-publish","4":"has-post-thumbnail","6":"product_cat-thuc-pham-huu-co","7":"product_cat-khuyen-mai","8":"product_cat-thuc-pham-tieu-dung","9":"product_cat-thucpham-saykho","10":"pa_brand-lumlum","12":"first","13":"instock","14":"sale","15":"shipping-taxable","16":"purchasable","17":"product-type-simple"},"_links":{"self":[{"href":"https:\/\/havamall.vn\/en\/wp-json\/wp\/v2\/product\/19998"}],"collection":[{"href":"https:\/\/havamall.vn\/en\/wp-json\/wp\/v2\/product"}],"about":[{"href":"https:\/\/havamall.vn\/en\/wp-json\/wp\/v2\/types\/product"}],"replies":[{"embeddable":true,"href":"https:\/\/havamall.vn\/en\/wp-json\/wp\/v2\/comments?post=19998"}],"version-history":[{"count":0,"href":"https:\/\/havamall.vn\/en\/wp-json\/wp\/v2\/product\/19998\/revisions"}],"wp:featuredmedia":[{"embeddable":true,"href":"https:\/\/havamall.vn\/en\/wp-json\/wp\/v2\/media\/20206"}],"wp:attachment":[{"href":"https:\/\/havamall.vn\/en\/wp-json\/wp\/v2\/media?parent=19998"}],"wp:term":[{"taxonomy":"product_brand","embeddable":true,"href":"https:\/\/havamall.vn\/en\/wp-json\/wp\/v2\/product_brand?post=19998"},{"taxonomy":"product_cat","embeddable":true,"href":"https:\/\/havamall.vn\/en\/wp-json\/wp\/v2\/product_cat?post=19998"},{"taxonomy":"product_tag","embeddable":true,"href":"https:\/\/havamall.vn\/en\/wp-json\/wp\/v2\/product_tag?post=19998"}],"curies":[{"name":"wp","href":"https:\/\/api.w.org\/{rel}","templated":true}]}}