{"id":19987,"date":"2021-05-14T12:05:52","date_gmt":"2021-05-14T05:05:52","guid":{"rendered":"https:\/\/havamall.vn\/?post_type=product&#038;p=19987"},"modified":"2022-06-01T11:44:13","modified_gmt":"2022-06-01T04:44:13","slug":"bot-sa-huu-co-lumlum-organic-galangal-powder-30g","status":"publish","type":"product","link":"https:\/\/havamall.vn\/en\/shop\/bot-sa-huu-co-lumlum-organic-galangal-powder-30g\/","title":{"rendered":"B\u1ed9t S\u1ea3 H\u1eefu C\u01a1 &#8211; Lumlum Organic Lemongrass Powder 30g"},"content":{"rendered":"<table>\n<tbody>\n<tr>\n<td><span style=\"font-weight: 400\">Th\u01b0\u01a1ng hi\u1ec7u<\/span><\/td>\n<td><span style=\"font-weight: 400\">Lumlum<\/span><\/td>\n<\/tr>\n<tr>\n<td><span style=\"font-weight: 400\">Xu\u1ea5t x\u1ee9<\/span><\/td>\n<td><span style=\"font-weight: 400\">Th\u00e1i Lan<\/span><\/td>\n<\/tr>\n<tr>\n<td><span style=\"font-weight: 400\">Th\u00e0nh ph\u1ea7n<\/span><\/td>\n<td><span style=\"font-weight: 400\">100% b\u1ed9t s\u1ea3 h\u1eefu c\u01a1<\/span><\/td>\n<\/tr>\n<tr>\n<td><span style=\"font-weight: 400\">H\u1ea1n s\u1eed d\u1ee5ng<\/span><\/td>\n<td><span style=\"font-weight: 400\">24 th\u00e1ng k\u1ec3 t\u1eeb ng\u00e0y s\u1ea3n xu\u1ea5t.<\/span><\/td>\n<\/tr>\n<tr>\n<td><span style=\"font-weight: 400\">B\u1ea3o qu\u1ea3n<\/span><\/td>\n<td><span style=\"font-weight: 400\">\u0110\u1ec3 n\u01a1i kh\u00f4 r\u00e1o, tho\u00e1ng m\u00e1t, tr\u00e1nh \u00e1nh n\u1eafng tr\u1ef1c ti\u1ebfp<\/span><\/td>\n<\/tr>\n<tr>\n<td><span style=\"font-weight: 400\">Kh\u1ed1i l\u01b0\u1ee3ng t\u1ecbnh<\/span><\/td>\n<td><span style=\"font-weight: 400\">30g<\/span><\/td>\n<\/tr>\n<\/tbody>\n<\/table>\n<p><span style=\"font-weight: 400\">LumLum by Chita Organic Food ra \u0111\u1eddi v\u1edbi s\u1ee9 m\u1ec7nh s\u1ea3n xu\u1ea5t v\u00e0 cung c\u1ea5p gia v\u1ecb kh\u00f4ng ch\u1ec9 ngon m\u00e0 c\u00f2n \u201cs\u1ea1ch\u201d.\u00a0<\/span><\/p>\n<p><span style=\"font-weight: 400\">\u201cLumlum\u201d l\u00e0 ph\u01b0\u01a1ng ng\u1eef mi\u1ec1n B\u1eafc Th\u00e1i Lan, ngh\u0129a ti\u1ebfng Vi\u1ec7t l\u00e0 \u201cngon\u201d. Nh\u1eefng ng\u01b0\u1eddi s\u1ea3n xu\u1ea5t tin r\u1eb1ng, b\u1eefa \u0103n ngon nu\u00f4i d\u01b0\u1ee1ng gi\u00e1 tr\u1ecb tinh th\u1ea7n l\u00e0nh m\u1ea1nh, n\u00ean Lumlum \u0111\u01b0\u1ee3c ch\u0103m ch\u00fat c\u1ea9n th\u1eadn \u0111\u1ec3 gi\u1eef \u0111\u01b0\u1ee3c h\u01b0\u01a1ng v\u1ecb t\u1ef1 nhi\u00ean v\u00e0 ch\u00e2n th\u1ef1c c\u1ee7a \u1ea9m th\u1ef1c x\u1ee9 Ch\u00f9a V\u00e0ng.<\/span><\/p>\n<p><img fetchpriority=\"high\" decoding=\"async\" class=\"wp-image-19990 aligncenter\" src=\"https:\/\/havamall.vn\/wp-content\/uploads\/2021\/05\/ngh\u1ec7-7-2-300x300.jpg\" alt=\"\" width=\"570\" height=\"570\" srcset=\"https:\/\/havamall.vn\/wp-content\/uploads\/2021\/05\/ngh\u1ec7-7-2-300x300.jpg 300w, https:\/\/havamall.vn\/wp-content\/uploads\/2021\/05\/ngh\u1ec7-7-2-430x430.jpg 430w, https:\/\/havamall.vn\/wp-content\/uploads\/2021\/05\/ngh\u1ec7-7-2-150x150.jpg 150w, https:\/\/havamall.vn\/wp-content\/uploads\/2021\/05\/ngh\u1ec7-7-2-700x700.jpg 700w, https:\/\/havamall.vn\/wp-content\/uploads\/2021\/05\/ngh\u1ec7-7-2-768x768.jpg 768w, https:\/\/havamall.vn\/wp-content\/uploads\/2021\/05\/ngh\u1ec7-7-2-600x600.jpg 600w, https:\/\/havamall.vn\/wp-content\/uploads\/2021\/05\/ngh\u1ec7-7-2-100x100.jpg 100w, https:\/\/havamall.vn\/wp-content\/uploads\/2021\/05\/ngh\u1ec7-7-2.jpg 1000w\" sizes=\"(max-width: 570px) 100vw, 570px\" \/><\/p>\n<p><span style=\"font-weight: 400\">S\u1ea3 c\u00f3 t\u00e1c d\u1ee5ng h\u1ed7 tr\u1ee3 ti\u00eau h\u00f3a k\u00e9m, \u0103n ch\u1eadm ti\u00eau, \u0111\u1ea7y b\u1ee5ng, bu\u1ed3n n\u00f4n, n\u00f4n m\u1eeda, k\u00edch th\u00edch trung ti\u1ec7n, \u0111au d\u1ea1 d\u00e0y, n\u00f3ng trong, co th\u1eaft ru\u1ed9t, ti\u00eau ch\u1ea3y. S\u1ea3 c\u0169ng c\u00f3 t\u00e1c d\u1ee5ng gi\u1ea3i \u0111\u1ed9c c\u01a1 th\u1ec3 b\u1eb1ng c\u00e1ch t\u0103ng c\u01b0\u1eddng s\u1ed1 l\u01b0\u1ee3ng v\u00e0 t\u1ea7n su\u1ea5t \u0111i ti\u1ec3u (th\u00f4ng ti\u1ec3u ti\u1ec7n).<\/span><\/p>\n<p><span style=\"font-weight: 400\">\u0110i\u1ec1u n\u00e0y gi\u00fap cho gan, \u0111\u01b0\u1eddng ti\u00eau h\u00f3a, tuy\u1ebfn t\u1ee5y, th\u1eadn, b\u00e0ng quang \u0111\u01b0\u1ee3c s\u1ea1ch s\u1ebd v\u00e0 kh\u1ecfe m\u1ea1nh b\u1eb1ng c\u00e1ch h\u1ed7 tr\u1ee3 c\u01a1 th\u1ec3 \u0111\u1ec3 lo\u1ea1i b\u1ecf c\u00e1c ch\u1ea5t \u0111\u1ed9c h\u1ea1i kh\u00f4ng mong mu\u1ed1n v\u00e0 acid uric qua \u0111\u01b0\u1eddng ti\u1ec3u b\u00e0i ti\u1ebft ra ngo\u00e0i.<\/span><\/p>\n<p><img decoding=\"async\" class=\"wp-image-19991 aligncenter\" src=\"https:\/\/havamall.vn\/wp-content\/uploads\/2021\/05\/sdcff-300x194.jpg\" alt=\"\" width=\"564\" height=\"364\" srcset=\"https:\/\/havamall.vn\/wp-content\/uploads\/2021\/05\/sdcff-300x194.jpg 300w, https:\/\/havamall.vn\/wp-content\/uploads\/2021\/05\/sdcff-430x278.jpg 430w, https:\/\/havamall.vn\/wp-content\/uploads\/2021\/05\/sdcff-150x97.jpg 150w, https:\/\/havamall.vn\/wp-content\/uploads\/2021\/05\/sdcff-700x453.jpg 700w, https:\/\/havamall.vn\/wp-content\/uploads\/2021\/05\/sdcff-768x497.jpg 768w, https:\/\/havamall.vn\/wp-content\/uploads\/2021\/05\/sdcff-600x388.jpg 600w, https:\/\/havamall.vn\/wp-content\/uploads\/2021\/05\/sdcff.jpg 1000w\" sizes=\"(max-width: 564px) 100vw, 564px\" \/><\/p>\n<p>B\u1ed9t s\u1ea3 Lumlum r\u1ea5t th\u00edch h\u1ee3p cho c\u00e1c m\u00f3n ch\u1ebf bi\u1ebfn t\u1eeb th\u1ecbt gia c\u1ea7m, c\u00e1 v\u00e0 h\u1ea3i s\u1ea3n. B\u1ed9t s\u1ea3 kh\u00f4 th\u01b0\u1eddng \u0111\u01b0\u1ee3c s\u1eed d\u1ee5ng nh\u01b0 m\u1ed9t lo\u1ea1i ch\u00e8 t\u1ea1i m\u1ed9t s\u1ed1 qu\u1ed1c gia ch\u00e2u Phi.<\/p>\n<p>Trong 60g c\u00e2y s\u1ea3 t\u01b0\u01a1i c\u00f3 ch\u1ee9a 1.2g protein, 0.3g ch\u1ea5t b\u00e9o v\u00e0 r\u1ea5t nhi\u1ec1u vitamin c\u00f3 l\u1ee3i cho s\u1ee9c kh\u1ecfe nh\u01b0 vitamin A, vitamin C, Folate, vitamin B6, vitamin B12.<\/p>\n<p><img decoding=\"async\" class=\"wp-image-19996 aligncenter\" src=\"https:\/\/havamall.vn\/wp-content\/uploads\/2021\/05\/139798778_4025392317472057_1011233380964131174_n-1-300x294.jpg\" alt=\"\" width=\"549\" height=\"538\" srcset=\"https:\/\/havamall.vn\/wp-content\/uploads\/2021\/05\/139798778_4025392317472057_1011233380964131174_n-1-300x294.jpg 300w, https:\/\/havamall.vn\/wp-content\/uploads\/2021\/05\/139798778_4025392317472057_1011233380964131174_n-1-430x422.jpg 430w, https:\/\/havamall.vn\/wp-content\/uploads\/2021\/05\/139798778_4025392317472057_1011233380964131174_n-1-150x147.jpg 150w, https:\/\/havamall.vn\/wp-content\/uploads\/2021\/05\/139798778_4025392317472057_1011233380964131174_n-1-700x686.jpg 700w, https:\/\/havamall.vn\/wp-content\/uploads\/2021\/05\/139798778_4025392317472057_1011233380964131174_n-1-768x753.jpg 768w, https:\/\/havamall.vn\/wp-content\/uploads\/2021\/05\/139798778_4025392317472057_1011233380964131174_n-1-1024x1004.jpg 1024w, https:\/\/havamall.vn\/wp-content\/uploads\/2021\/05\/139798778_4025392317472057_1011233380964131174_n-1-1200x1177.jpg 1200w, https:\/\/havamall.vn\/wp-content\/uploads\/2021\/05\/139798778_4025392317472057_1011233380964131174_n-1-600x588.jpg 600w, https:\/\/havamall.vn\/wp-content\/uploads\/2021\/05\/139798778_4025392317472057_1011233380964131174_n-1.jpg 1242w\" sizes=\"(max-width: 549px) 100vw, 549px\" \/><\/p>\n<p><span style=\"font-weight: 400\">V\u1edbi h\u01b0\u01a1ng v\u1ecb cay, \u1ea5m, th\u01a1m n\u1ed3ng \u0111\u1eb7c tr\u01b0ng, b\u1ed9t<\/span><span style=\"font-weight: 400\"> s\u1ea3 gi\u00fap kh\u1eed m\u00f9i tanh v\u00e0 gia t\u0103ng h\u01b0\u01a1ng v\u1ecb m\u00f3n \u0103n. S\u1ea3 l\u00e0 th\u00e0nh ph\u1ea7n ch\u00ednh c\u1ee7a h\u1ed7n h\u1ee3p gia v\u1ecb c\u00e0 ri.\u00a0<\/span><span style=\"font-weight: 400\">V\u1edbi nh\u1eefng ng\u01b0\u1eddi cao huy\u1ebft \u00e1p, \u0103n nhi\u1ec1u s\u1ea3 c\u00f3 t\u00e1c d\u1ee5ng t\u0103ng tu\u1ea7n ho\u00e0n m\u00e1u, gi\u00fap gi\u1ea3m b\u1edbt t\u1ea5t c\u1ea3 c\u00e1c v\u1ea5n \u0111\u1ec1 c\u1ee7a huy\u1ebft \u00e1p.<\/span><\/p>\n<p><img loading=\"lazy\" decoding=\"async\" class=\"wp-image-19993 aligncenter\" src=\"https:\/\/havamall.vn\/wp-content\/uploads\/2021\/05\/ga-nau-rieng-voi-bot-sa-300x200.png\" alt=\"\" width=\"551\" height=\"367\" srcset=\"https:\/\/havamall.vn\/wp-content\/uploads\/2021\/05\/ga-nau-rieng-voi-bot-sa-300x200.png 300w, https:\/\/havamall.vn\/wp-content\/uploads\/2021\/05\/ga-nau-rieng-voi-bot-sa-430x286.png 430w, https:\/\/havamall.vn\/wp-content\/uploads\/2021\/05\/ga-nau-rieng-voi-bot-sa-150x100.png 150w, https:\/\/havamall.vn\/wp-content\/uploads\/2021\/05\/ga-nau-rieng-voi-bot-sa-700x466.png 700w, https:\/\/havamall.vn\/wp-content\/uploads\/2021\/05\/ga-nau-rieng-voi-bot-sa-768x511.png 768w, https:\/\/havamall.vn\/wp-content\/uploads\/2021\/05\/ga-nau-rieng-voi-bot-sa-600x399.png 600w, https:\/\/havamall.vn\/wp-content\/uploads\/2021\/05\/ga-nau-rieng-voi-bot-sa.png 960w\" sizes=\"(max-width: 551px) 100vw, 551px\" \/><\/p>\n<p><span style=\"font-weight: 400\">U\u1ed1ng m\u1ed9t ly n\u01b0\u1edbc tr\u00e1i c\u00e2y c\u00f3 s\u1ea3 c\u00f3 th\u1ec3 l\u00e0m gi\u1ea3m huy\u1ebft \u00e1p \u0111\u00e1ng k\u1ec3. N\u1ebfu b\u1ea1n b\u1ecb \u0111au nh\u1ee9c c\u01a1 th\u1ec3, tinh ch\u1ea5t trong s\u1ea3 c\u00f3 th\u1ec3 l\u00e0m gi\u1ea3m \u0111au t\u1ea5t c\u1ea3 c\u00e1c lo\u1ea1i vi\u00eam, c\u00e1c c\u01a1n \u0111au nh\u1ee9c.<\/span> <span style=\"font-weight: 400\">V\u00ec v\u1eady, n\u1ebfu b\u1ecb \u0111au r\u0103ng, \u0111au c\u01a1, \u0111au kh\u1edbp hay \u0111au \u1edf c\u00e1c b\u1ed9 ph\u1eadn kh\u00e1c, h\u00e3y u\u1ed1ng tr\u00e0 s\u1ea3 \u0111\u1ec3 gi\u1ea3m c\u00e1c c\u01a1n \u0111au.<\/span><\/p>\n<p><img loading=\"lazy\" decoding=\"async\" class=\"wp-image-19994 aligncenter\" src=\"https:\/\/havamall.vn\/wp-content\/uploads\/2021\/05\/JUM_0614-1000x1000-300x247.png\" alt=\"\" width=\"530\" height=\"437\" srcset=\"https:\/\/havamall.vn\/wp-content\/uploads\/2021\/05\/JUM_0614-1000x1000-300x247.png 300w, https:\/\/havamall.vn\/wp-content\/uploads\/2021\/05\/JUM_0614-1000x1000-430x354.png 430w, https:\/\/havamall.vn\/wp-content\/uploads\/2021\/05\/JUM_0614-1000x1000-150x124.png 150w, https:\/\/havamall.vn\/wp-content\/uploads\/2021\/05\/JUM_0614-1000x1000-700x577.png 700w, https:\/\/havamall.vn\/wp-content\/uploads\/2021\/05\/JUM_0614-1000x1000-768x633.png 768w, https:\/\/havamall.vn\/wp-content\/uploads\/2021\/05\/JUM_0614-1000x1000-600x494.png 600w, https:\/\/havamall.vn\/wp-content\/uploads\/2021\/05\/JUM_0614-1000x1000.png 1000w\" sizes=\"(max-width: 530px) 100vw, 530px\" \/><\/p>\n<h4><strong>C\u00e1ch s\u1eed d\u1ee5ng:\u00a0<\/strong><\/h4>\n<p><span style=\"font-weight: 400\">&#8211; B\u1ed9t s\u1ea3 d\u00f9ng \u0111\u1ec3 n\u1ea5u c\u00e0 ri, l\u1ea9u th\u00e1i, l\u00e0m b\u00e1nh ho\u1eb7c d\u00f9ng l\u00e0m gia v\u1ecb \u01b0\u1edbp c\u00e1c m\u00f3n n\u01b0\u1edbng, n\u1ea5u n\u01b0\u1edbc s\u00fap, chi\u00ean, x\u00e0o, t\u1ea1o m\u00f9i v\u1ecb th\u01a1m ngon.<\/span><\/p>\n<p><span style=\"font-weight: 400\">&#8211; Gi\u00fap kh\u1eed m\u00f9i tanh v\u00e0 t\u0103ng th\u00eam h\u01b0\u01a1ng v\u1ecb cho c\u00e1c m\u00f3n \u0103n.<\/span><\/p>\n<p>S\u1ea3n ph\u1ea9m \u0111\u00e3 c\u00f3 m\u1eb7t t\u1ea1i Havamall.<\/p>","protected":false},"excerpt":{"rendered":"<p>Th\u01b0\u01a1ng hi\u1ec7u Lumlum Xu\u1ea5t x\u1ee9 Th\u00e1i Lan Th\u00e0nh ph\u1ea7n 100% b\u1ed9t s\u1ea3 h\u1eefu c\u01a1 H\u1ea1n s\u1eed d\u1ee5ng 24 th\u00e1ng k\u1ec3<\/p>","protected":false},"featured_media":20207,"comment_status":"open","ping_status":"closed","template":"","meta":[],"product_brand":[],"product_cat":[256,36,134],"product_tag":[],"class_list":{"0":"post-19987","1":"product","2":"type-product","3":"status-publish","4":"has-post-thumbnail","6":"product_cat-thuc-pham-huu-co","7":"product_cat-thuc-pham-tieu-dung","8":"product_cat-thucpham-saykho","9":"pa_brand-lumlum","11":"first","12":"instock","13":"sale","14":"shipping-taxable","15":"purchasable","16":"product-type-simple"},"_links":{"self":[{"href":"https:\/\/havamall.vn\/en\/wp-json\/wp\/v2\/product\/19987"}],"collection":[{"href":"https:\/\/havamall.vn\/en\/wp-json\/wp\/v2\/product"}],"about":[{"href":"https:\/\/havamall.vn\/en\/wp-json\/wp\/v2\/types\/product"}],"replies":[{"embeddable":true,"href":"https:\/\/havamall.vn\/en\/wp-json\/wp\/v2\/comments?post=19987"}],"version-history":[{"count":0,"href":"https:\/\/havamall.vn\/en\/wp-json\/wp\/v2\/product\/19987\/revisions"}],"wp:featuredmedia":[{"embeddable":true,"href":"https:\/\/havamall.vn\/en\/wp-json\/wp\/v2\/media\/20207"}],"wp:attachment":[{"href":"https:\/\/havamall.vn\/en\/wp-json\/wp\/v2\/media?parent=19987"}],"wp:term":[{"taxonomy":"product_brand","embeddable":true,"href":"https:\/\/havamall.vn\/en\/wp-json\/wp\/v2\/product_brand?post=19987"},{"taxonomy":"product_cat","embeddable":true,"href":"https:\/\/havamall.vn\/en\/wp-json\/wp\/v2\/product_cat?post=19987"},{"taxonomy":"product_tag","embeddable":true,"href":"https:\/\/havamall.vn\/en\/wp-json\/wp\/v2\/product_tag?post=19987"}],"curies":[{"name":"wp","href":"https:\/\/api.w.org\/{rel}","templated":true}]}}