{"id":19976,"date":"2021-05-14T10:40:05","date_gmt":"2021-05-14T03:40:05","guid":{"rendered":"https:\/\/havamall.vn\/?post_type=product&#038;p=19976"},"modified":"2021-06-24T15:29:41","modified_gmt":"2021-06-24T08:29:41","slug":"bot-la-chanh-kaffir-huu-co-lumlum-organic-kaffir-lime-leaves-powder-30g","status":"publish","type":"product","link":"https:\/\/havamall.vn\/en\/shop\/bot-la-chanh-kaffir-huu-co-lumlum-organic-kaffir-lime-leaves-powder-30g\/","title":{"rendered":"B\u1ed9t L\u00e1 Chanh Kaffir H\u1eefu C\u01a1 &#8211; Lumlum Organic Kaffir Lime Leaves Powder 30g"},"content":{"rendered":"<table>\n<tbody>\n<tr>\n<td><span style=\"font-weight: 400\">Th\u01b0\u01a1ng hi\u1ec7u<\/span><\/td>\n<td><span style=\"font-weight: 400\">Lumlum<\/span><\/td>\n<\/tr>\n<tr>\n<td><span style=\"font-weight: 400\">Xu\u1ea5t x\u1ee9<\/span><\/td>\n<td><span style=\"font-weight: 400\">Th\u00e1i Lan<\/span><\/td>\n<\/tr>\n<tr>\n<td><span style=\"font-weight: 400\">Th\u00e0nh ph\u1ea7n<\/span><\/td>\n<td><span style=\"font-weight: 400\">100% b\u1ed9t l\u00e1 chanh h\u1eefu c\u01a1<\/span><\/td>\n<\/tr>\n<tr>\n<td><span style=\"font-weight: 400\">H\u1ea1n s\u1eed d\u1ee5ng<\/span><\/td>\n<td><span style=\"font-weight: 400\">24 th\u00e1ng k\u1ec3 t\u1eeb ng\u00e0y s\u1ea3n xu\u1ea5t.<\/span><\/td>\n<\/tr>\n<tr>\n<td><span style=\"font-weight: 400\">B\u1ea3o qu\u1ea3n<\/span><\/td>\n<td><span style=\"font-weight: 400\">\u0110\u1ec3 n\u01a1i kh\u00f4 r\u00e1o, tho\u00e1ng m\u00e1t, tr\u00e1nh \u00e1nh n\u1eafng tr\u1ef1c ti\u1ebfp<\/span><\/td>\n<\/tr>\n<tr>\n<td><span style=\"font-weight: 400\">Kh\u1ed1i l\u01b0\u1ee3ng t\u1ecbnh<\/span><\/td>\n<td><span style=\"font-weight: 400\">30g<\/span><\/td>\n<\/tr>\n<\/tbody>\n<\/table>\n<p><span style=\"font-weight: 400\">LumLum by Chita Organic Food ra \u0111\u1eddi v\u1edbi s\u1ee9 m\u1ec7nh s\u1ea3n xu\u1ea5t v\u00e0 cung c\u1ea5p gia v\u1ecb kh\u00f4ng ch\u1ec9 ngon m\u00e0 c\u00f2n \u201cs\u1ea1ch\u201d.\u00a0<\/span><span style=\"font-weight: 400\">Lumlum l\u00e0 ph\u01b0\u01a1ng ng\u1eef mi\u1ec1n B\u1eafc Th\u00e1i Lan, ngh\u0129a ti\u1ebfng Vi\u1ec7t l\u00e0 \u201cngon\u201d. Nh\u1eefng ng\u01b0\u1eddi s\u1ea3n xu\u1ea5t tin r\u1eb1ng, b\u1eefa \u0103n ngon nu\u00f4i d\u01b0\u1ee1ng gi\u00e1 tr\u1ecb tinh th\u1ea7n l\u00e0nh m\u1ea1nh, n\u00ean Lumlum \u0111\u01b0\u1ee3c ch\u0103m ch\u00fat c\u1ea9n th\u1eadn \u0111\u1ec3 gi\u1eef \u0111\u01b0\u1ee3c h\u01b0\u01a1ng v\u1ecb t\u1ef1 nhi\u00ean v\u00e0 ch\u00e2n th\u1ef1c c\u1ee7a \u1ea9m th\u1ef1c x\u1ee9 Ch\u00f9a V\u00e0ng.<\/span><\/p>\n<p><img fetchpriority=\"high\" decoding=\"async\" class=\"wp-image-19977 aligncenter\" src=\"https:\/\/havamall.vn\/wp-content\/uploads\/2021\/05\/gia-v\u1ecb-2-300x300.jpg\" alt=\"\" width=\"525\" height=\"525\" srcset=\"https:\/\/havamall.vn\/wp-content\/uploads\/2021\/05\/gia-v\u1ecb-2-300x300.jpg 300w, https:\/\/havamall.vn\/wp-content\/uploads\/2021\/05\/gia-v\u1ecb-2-430x430.jpg 430w, https:\/\/havamall.vn\/wp-content\/uploads\/2021\/05\/gia-v\u1ecb-2-150x150.jpg 150w, https:\/\/havamall.vn\/wp-content\/uploads\/2021\/05\/gia-v\u1ecb-2-700x700.jpg 700w, https:\/\/havamall.vn\/wp-content\/uploads\/2021\/05\/gia-v\u1ecb-2-768x768.jpg 768w, https:\/\/havamall.vn\/wp-content\/uploads\/2021\/05\/gia-v\u1ecb-2-1024x1024.jpg 1024w, https:\/\/havamall.vn\/wp-content\/uploads\/2021\/05\/gia-v\u1ecb-2-1200x1200.jpg 1200w, https:\/\/havamall.vn\/wp-content\/uploads\/2021\/05\/gia-v\u1ecb-2-600x600.jpg 600w, https:\/\/havamall.vn\/wp-content\/uploads\/2021\/05\/gia-v\u1ecb-2-100x100.jpg 100w, https:\/\/havamall.vn\/wp-content\/uploads\/2021\/05\/gia-v\u1ecb-2.jpg 1242w\" sizes=\"(max-width: 525px) 100vw, 525px\" \/><\/p>\n<p><span style=\"font-weight: 400\">L\u00e1 chanh kaffir l\u00e0 m\u1ed9t gia v\u1ecb kh\u00f4ng th\u1ec3 thi\u1ebfu trong \u1ea9m th\u1ef1c c\u1ee7a Th\u00e1i lan. Lo\u1ea1i gia v\u1ecb n\u00e0y gi\u00fap l\u00e0m t\u0103ng th\u00eam h\u01b0\u01a1ng v\u1ecb m\u1ea1nh m\u1ebd cho m\u00f3n \u0103n, b\u1edfi h\u01b0\u01a1ng v\u1ecb cam qu\u00fdt.<\/span><\/p>\n<p><img decoding=\"async\" class=\"wp-image-19978 aligncenter\" src=\"https:\/\/havamall.vn\/wp-content\/uploads\/2021\/05\/dewx-300x200.jpg\" alt=\"\" width=\"528\" height=\"352\" srcset=\"https:\/\/havamall.vn\/wp-content\/uploads\/2021\/05\/dewx-300x200.jpg 300w, https:\/\/havamall.vn\/wp-content\/uploads\/2021\/05\/dewx-430x286.jpg 430w, https:\/\/havamall.vn\/wp-content\/uploads\/2021\/05\/dewx-150x100.jpg 150w, https:\/\/havamall.vn\/wp-content\/uploads\/2021\/05\/dewx-700x466.jpg 700w, https:\/\/havamall.vn\/wp-content\/uploads\/2021\/05\/dewx-768x511.jpg 768w, https:\/\/havamall.vn\/wp-content\/uploads\/2021\/05\/dewx-600x399.jpg 600w, https:\/\/havamall.vn\/wp-content\/uploads\/2021\/05\/dewx.jpg 960w\" sizes=\"(max-width: 528px) 100vw, 528px\" \/><\/p>\n<p><span style=\"font-weight: 400\">L\u00e1 chanh Kaffir \u0111\u01b0\u1ee3c bi\u1ebft l\u00e0 mang l\u1ea1i nhi\u1ec1u l\u1ee3i \u00edch th\u1ea3o d\u01b0\u1ee3c. Ch\u00fang th\u01b0\u1eddng \u0111\u01b0\u1ee3c s\u1eed d\u1ee5ng \u0111\u1ec3 c\u1ea3i thi\u1ec7n s\u1ee9c kh\u1ecfe r\u0103ng mi\u1ec7ng b\u1eb1ng c\u00e1ch ch\u00e0 x\u00e1t l\u00ean n\u01b0\u1edbu. C\u00e1c nghi\u00ean c\u1ee9u \u0111\u00e3 ch\u1ec9 ra r\u1eb1ng tinh d\u1ea7u t\u1eeb l\u00e1 c\u00e2y c\u00f3 th\u1ec3 gi\u00fap lo\u1ea1i b\u1ecf vi khu\u1ea9n c\u00f3 h\u1ea1i trong mi\u1ec7ng.<\/span><\/p>\n<p><img decoding=\"async\" class=\"wp-image-19979 aligncenter\" src=\"https:\/\/havamall.vn\/wp-content\/uploads\/2021\/05\/chanh-300x188.jpg\" alt=\"\" width=\"527\" height=\"330\" srcset=\"https:\/\/havamall.vn\/wp-content\/uploads\/2021\/05\/chanh-300x188.jpg 300w, https:\/\/havamall.vn\/wp-content\/uploads\/2021\/05\/chanh-430x269.jpg 430w, https:\/\/havamall.vn\/wp-content\/uploads\/2021\/05\/chanh-150x94.jpg 150w, https:\/\/havamall.vn\/wp-content\/uploads\/2021\/05\/chanh-700x438.jpg 700w, https:\/\/havamall.vn\/wp-content\/uploads\/2021\/05\/chanh-768x480.jpg 768w, https:\/\/havamall.vn\/wp-content\/uploads\/2021\/05\/chanh-600x375.jpg 600w, https:\/\/havamall.vn\/wp-content\/uploads\/2021\/05\/chanh.jpg 800w\" sizes=\"(max-width: 527px) 100vw, 527px\" \/><\/p>\n<p><span style=\"font-weight: 400\">Ngo\u00e0i vi\u1ec7c \u0111\u01b0\u1ee3c s\u1eed d\u1ee5ng trong s\u00fap Th\u00e1i, c\u00e0 ri Th\u00e1i, c\u00e0 ri xanh, b\u1ed9t c\u00e0 ri Th\u00e1i, b\u00e1nh c\u00e1 v\u00e0 nhi\u1ec1u m\u00f3n \u0103n Th\u00e1i kh\u00e1c, l\u00e1 chanh Kaffir c\u00f3 th\u1ec3 \u0111\u01b0\u1ee3c s\u1eed d\u1ee5ng trong n\u01b0\u1edbng b\u00e1nh. N\u1ea5u \u0103n v\u1edbi l\u00e1 chanh Kaffir l\u00e0 m\u1ed9t ph\u1ea7n kh\u00f4ng th\u1ec3 thi\u1ebfu trong \u1ea9m th\u1ef1c ch\u00e2u \u00c1. Trong khi v\u1ecf chanh v\u00e0 s\u1ea3 \u0111\u01b0\u1ee3c s\u1eed d\u1ee5ng \u1edf c\u00e1c n\u01a1i kh\u00e1c tr\u00ean th\u1ebf gi\u1edbi, th\u1ef1c s\u1ef1 kh\u00f4ng c\u00f3 g\u00ec thay th\u1ebf cho l\u00e1 chanh kaffir khi n\u00f3i \u0111\u1ebfn h\u01b0\u01a1ng v\u1ecb \u0110\u00f4ng Nam \u00c1 \u0111\u00edch th\u1ef1c.<\/span><\/p>\n<p><img loading=\"lazy\" decoding=\"async\" class=\"wp-image-19980 aligncenter\" src=\"https:\/\/havamall.vn\/wp-content\/uploads\/2021\/05\/cdsxw-300x300.jpg\" alt=\"\" width=\"531\" height=\"531\" srcset=\"https:\/\/havamall.vn\/wp-content\/uploads\/2021\/05\/cdsxw-300x300.jpg 300w, https:\/\/havamall.vn\/wp-content\/uploads\/2021\/05\/cdsxw-430x430.jpg 430w, https:\/\/havamall.vn\/wp-content\/uploads\/2021\/05\/cdsxw-150x150.jpg 150w, https:\/\/havamall.vn\/wp-content\/uploads\/2021\/05\/cdsxw.jpg 600w, https:\/\/havamall.vn\/wp-content\/uploads\/2021\/05\/cdsxw-100x100.jpg 100w\" sizes=\"(max-width: 531px) 100vw, 531px\" \/><\/p>\n<h4><strong>H\u01b0\u1edbng d\u1eabn s\u1eed d\u1ee5ng:<\/strong><\/h4>\n<p><span style=\"font-weight: 400\">&#8211; D\u00f9ng l\u00e0m gia v\u1ecb \u01b0\u1edbp th\u1ef1c ph\u1ea9m, t\u0103ng th\u00eam h\u01b0\u01a1ng v\u1ecb cho m\u00f3n \u0103n.<\/span><\/p>\n<p><span style=\"font-weight: 400\">&#8211; T\u00f9y theo l\u01b0\u1ee3ng th\u1ef1c ph\u1ea9m m\u00e0 s\u1eed d\u1ee5ng l\u01b0\u1ee3ng ph\u00f9 h\u1ee3p ho\u1eb7c theo c\u00f4ng th\u1ee9c.<\/span><\/p>\n<p>&#8211;\u00a0Ch\u1ec9 c\u1ea7n th\u00eam m\u1ed9t \u00edt b\u1ed9t l\u00e1 chanh v\u00e0o n\u01b0\u1edbc s\u1ed1t, n\u01b0\u1edbc ch\u1ea5m \u0103n chung v\u1edbi h\u1ea3i s\u1ea3n th\u00ec \u0111\u1eb7c bi\u1ec7t ngon. B\u1ea1n c\u00f3 th\u1ec3 \u01b0\u1edbp b\u1ed9t l\u00e1 chanh v\u00e0o th\u1ee9c \u0103n gi\u00fap t\u0103ng th\u00eam h\u01b0\u01a1ng v\u1ecb tuy\u1ec7t v\u1eddi cho c\u00e1c m\u00f3n c\u00e0 ri, b\u00e1nh m\u00ec, th\u1ecbt vi\u00ean,\u2026<\/p>\n<p>S\u1ea3n ph\u1ea9m hi\u1ec7n \u0111\u00e3 c\u00f3 m\u1eb7t t\u1ea1i Havamall.<\/p>","protected":false},"excerpt":{"rendered":"<p>Th\u01b0\u01a1ng hi\u1ec7u Lumlum Xu\u1ea5t x\u1ee9 Th\u00e1i Lan Th\u00e0nh ph\u1ea7n 100% b\u1ed9t l\u00e1 chanh h\u1eefu c\u01a1 H\u1ea1n s\u1eed d\u1ee5ng 24 th\u00e1ng<\/p>","protected":false},"featured_media":20201,"comment_status":"open","ping_status":"closed","template":"","meta":[],"product_brand":[],"product_cat":[256,36,134],"product_tag":[],"class_list":{"0":"post-19976","1":"product","2":"type-product","3":"status-publish","4":"has-post-thumbnail","6":"product_cat-thuc-pham-huu-co","7":"product_cat-thuc-pham-tieu-dung","8":"product_cat-thucpham-saykho","9":"pa_brand-lumlum","11":"first","12":"instock","13":"sale","14":"shipping-taxable","15":"purchasable","16":"product-type-simple"},"_links":{"self":[{"href":"https:\/\/havamall.vn\/en\/wp-json\/wp\/v2\/product\/19976"}],"collection":[{"href":"https:\/\/havamall.vn\/en\/wp-json\/wp\/v2\/product"}],"about":[{"href":"https:\/\/havamall.vn\/en\/wp-json\/wp\/v2\/types\/product"}],"replies":[{"embeddable":true,"href":"https:\/\/havamall.vn\/en\/wp-json\/wp\/v2\/comments?post=19976"}],"version-history":[{"count":0,"href":"https:\/\/havamall.vn\/en\/wp-json\/wp\/v2\/product\/19976\/revisions"}],"wp:featuredmedia":[{"embeddable":true,"href":"https:\/\/havamall.vn\/en\/wp-json\/wp\/v2\/media\/20201"}],"wp:attachment":[{"href":"https:\/\/havamall.vn\/en\/wp-json\/wp\/v2\/media?parent=19976"}],"wp:term":[{"taxonomy":"product_brand","embeddable":true,"href":"https:\/\/havamall.vn\/en\/wp-json\/wp\/v2\/product_brand?post=19976"},{"taxonomy":"product_cat","embeddable":true,"href":"https:\/\/havamall.vn\/en\/wp-json\/wp\/v2\/product_cat?post=19976"},{"taxonomy":"product_tag","embeddable":true,"href":"https:\/\/havamall.vn\/en\/wp-json\/wp\/v2\/product_tag?post=19976"}],"curies":[{"name":"wp","href":"https:\/\/api.w.org\/{rel}","templated":true}]}}