{"id":19957,"date":"2021-05-14T10:05:29","date_gmt":"2021-05-14T03:05:29","guid":{"rendered":"https:\/\/havamall.vn\/?post_type=product&#038;p=19957"},"modified":"2021-06-24T15:30:34","modified_gmt":"2021-06-24T08:30:34","slug":"bot-ot-huu-co-lumlum-organic-chili-powder-30g","status":"publish","type":"product","link":"https:\/\/havamall.vn\/en\/shop\/bot-ot-huu-co-lumlum-organic-chili-powder-30g\/","title":{"rendered":"B\u1ed9t \u1edat H\u1eefu C\u01a1 &#8211; Lumlum Organic Chili Powder 30g"},"content":{"rendered":"<table>\n<tbody>\n<tr>\n<td><span style=\"font-weight: 400\">Th\u01b0\u01a1ng hi\u1ec7u<\/span><\/td>\n<td><span style=\"font-weight: 400\">Lumlum<\/span><\/td>\n<\/tr>\n<tr>\n<td><span style=\"font-weight: 400\">Xu\u1ea5t x\u1ee9<\/span><\/td>\n<td><span style=\"font-weight: 400\">Th\u00e1i Lan<\/span><\/td>\n<\/tr>\n<tr>\n<td><span style=\"font-weight: 400\">Th\u00e0nh ph\u1ea7n<\/span><\/td>\n<td><span style=\"font-weight: 400\">100% b\u1ed9t \u1edbt h\u1eefu c\u01a1<\/span><\/td>\n<\/tr>\n<tr>\n<td><span style=\"font-weight: 400\">H\u1ea1n s\u1eed d\u1ee5ng<\/span><\/td>\n<td><span style=\"font-weight: 400\">24 th\u00e1ng k\u1ec3 t\u1eeb ng\u00e0y s\u1ea3n xu\u1ea5t.<\/span><\/td>\n<\/tr>\n<tr>\n<td><span style=\"font-weight: 400\">B\u1ea3o qu\u1ea3n<\/span><\/td>\n<td><span style=\"font-weight: 400\">\u0110\u1ec3 n\u01a1i kh\u00f4 r\u00e1o, tho\u00e1ng m\u00e1t, tr\u00e1nh \u00e1nh n\u1eafng tr\u1ef1c ti\u1ebfp<\/span><\/td>\n<\/tr>\n<tr>\n<td><span style=\"font-weight: 400\">Kh\u1ed1i l\u01b0\u1ee3ng t\u1ecbnh<\/span><\/td>\n<td><span style=\"font-weight: 400\">30g<\/span><\/td>\n<\/tr>\n<\/tbody>\n<\/table>\n<p><span style=\"font-weight: 400\">LumLum by Chita Organic Food ra \u0111\u1eddi v\u1edbi s\u1ee9 m\u1ec7nh s\u1ea3n xu\u1ea5t v\u00e0 cung c\u1ea5p gia v\u1ecb kh\u00f4ng ch\u1ec9 ngon m\u00e0 c\u00f2n \u201cs\u1ea1ch\u201d. Lumlum<\/span><span style=\"font-weight: 400\">\u00a0l\u00e0 ph\u01b0\u01a1ng ng\u1eef mi\u1ec1n B\u1eafc Th\u00e1i Lan, ngh\u0129a ti\u1ebfng Vi\u1ec7t l\u00e0 \u201cngon\u201d. Nh\u1eefng ng\u01b0\u1eddi s\u1ea3n xu\u1ea5t tin r\u1eb1ng, b\u1eefa \u0103n ngon nu\u00f4i d\u01b0\u1ee1ng gi\u00e1 tr\u1ecb tinh th\u1ea7n l\u00e0nh m\u1ea1nh, n\u00ean Lumlum \u0111\u01b0\u1ee3c ch\u0103m ch\u00fat c\u1ea9n th\u1eadn \u0111\u1ec3 gi\u1eef \u0111\u01b0\u1ee3c h\u01b0\u01a1ng v\u1ecb t\u1ef1 nhi\u00ean v\u00e0 ch\u00e2n th\u1ef1c c\u1ee7a \u1ea9m th\u1ef1c x\u1ee9 Ch\u00f9a V\u00e0ng.<\/span><\/p>\n<p><img fetchpriority=\"high\" decoding=\"async\" class=\"wp-image-19958 aligncenter\" src=\"https:\/\/havamall.vn\/wp-content\/uploads\/2021\/05\/ngh\u1ec7-7-1-300x300.jpg\" alt=\"\" width=\"576\" height=\"576\" srcset=\"https:\/\/havamall.vn\/wp-content\/uploads\/2021\/05\/ngh\u1ec7-7-1-300x300.jpg 300w, https:\/\/havamall.vn\/wp-content\/uploads\/2021\/05\/ngh\u1ec7-7-1-430x430.jpg 430w, https:\/\/havamall.vn\/wp-content\/uploads\/2021\/05\/ngh\u1ec7-7-1-150x150.jpg 150w, https:\/\/havamall.vn\/wp-content\/uploads\/2021\/05\/ngh\u1ec7-7-1-700x700.jpg 700w, https:\/\/havamall.vn\/wp-content\/uploads\/2021\/05\/ngh\u1ec7-7-1-768x768.jpg 768w, https:\/\/havamall.vn\/wp-content\/uploads\/2021\/05\/ngh\u1ec7-7-1-600x600.jpg 600w, https:\/\/havamall.vn\/wp-content\/uploads\/2021\/05\/ngh\u1ec7-7-1-100x100.jpg 100w, https:\/\/havamall.vn\/wp-content\/uploads\/2021\/05\/ngh\u1ec7-7-1.jpg 1000w\" sizes=\"(max-width: 576px) 100vw, 576px\" \/><\/p>\n<p>Gia v\u1ecb l\u00e0 m\u1ed9t th\u00e0nh ph\u1ea7n kh\u00f4ng th\u1ec3 thi\u1ebfu \u0111\u1ec3 t\u1ea1o n\u00ean c\u00e1c m\u00f3n \u0103n ngon v\u1edbi h\u01b0\u01a1ng v\u1ecb \u0111\u1ea7y h\u1ea5p d\u1eabn. B\u1ea1n c\u00f3 th\u1ec3 th\u00eam b\u1ed9t \u1edbt h\u1eefu c\u01a1 Lumlum v\u00e0o c\u00e1c m\u00f3n s\u00fap, rau c\u1ee7 x\u00e0o, c\u00e1c m\u00f3n m\u00ec x\u00e0o, ho\u1eb7c c\u00e1c m\u00f3n th\u1ecbt, c\u00e1, h\u1ea3i s\u1ea3n chi\u00ean, n\u01b0\u1edbng \u0111\u1ec3 t\u0103ng th\u00eam h\u01b0\u01a1ng v\u1ecb.<\/p>\n<p><img decoding=\"async\" class=\"wp-image-19959 aligncenter\" src=\"https:\/\/havamall.vn\/wp-content\/uploads\/2021\/05\/ngh\u1ec7-6-1-300x300.jpg\" alt=\"\" width=\"571\" height=\"571\" srcset=\"https:\/\/havamall.vn\/wp-content\/uploads\/2021\/05\/ngh\u1ec7-6-1-300x300.jpg 300w, https:\/\/havamall.vn\/wp-content\/uploads\/2021\/05\/ngh\u1ec7-6-1-430x430.jpg 430w, https:\/\/havamall.vn\/wp-content\/uploads\/2021\/05\/ngh\u1ec7-6-1-150x150.jpg 150w, https:\/\/havamall.vn\/wp-content\/uploads\/2021\/05\/ngh\u1ec7-6-1-700x700.jpg 700w, https:\/\/havamall.vn\/wp-content\/uploads\/2021\/05\/ngh\u1ec7-6-1-768x768.jpg 768w, https:\/\/havamall.vn\/wp-content\/uploads\/2021\/05\/ngh\u1ec7-6-1-1024x1024.jpg 1024w, https:\/\/havamall.vn\/wp-content\/uploads\/2021\/05\/ngh\u1ec7-6-1-1200x1200.jpg 1200w, https:\/\/havamall.vn\/wp-content\/uploads\/2021\/05\/ngh\u1ec7-6-1-600x600.jpg 600w, https:\/\/havamall.vn\/wp-content\/uploads\/2021\/05\/ngh\u1ec7-6-1-100x100.jpg 100w, https:\/\/havamall.vn\/wp-content\/uploads\/2021\/05\/ngh\u1ec7-6-1.jpg 2048w\" sizes=\"(max-width: 571px) 100vw, 571px\" \/><\/p>\n<p><span style=\"font-weight: 400\">\u1edat l\u00e0 m\u1ed9t lo\u1ea1i gia v\u1ecb cay n\u1ed3ng v\u00e0 \u1ea5m n\u00f3ng, th\u01b0\u1eddng \u0111\u01b0\u1ee3c s\u1eed d\u1ee5ng trong \u1ea8m th\u1ef1c ch\u00e2u \u00c1, gi\u00fap k\u00edch th\u00edch v\u1ecb gi\u00e1c v\u00e0 \u0111em l\u1ea1i h\u01b0\u01a1ng v\u1ecb \u0111\u1eb7c tr\u01b0ng cho m\u00f3n \u0103n.\u00a0<\/span><span style=\"font-weight: 400\">V\u1edbi h\u01b0\u01a1ng v\u1ecb cay, \u1ea5m, th\u01a1m n\u1ed3ng \u0111\u1eb7c tr\u01b0ng, b\u1ed9t \u1edbt th\u01b0\u1eddng \u0111\u01b0\u1ee3c s\u1eed d\u1ee5ng trong nhi\u1ec1u m\u00f3n \u0103n Th\u00e1i.<\/span><\/p>\n<p><img decoding=\"async\" class=\"aligncenter\" src=\"https:\/\/havamall.vn\/wp-content\/uploads\/2021\/05\/top-cac-mon-an-lam-tu-tuong-ot-han-quoc-ngon-kho-cuong-3.png\" alt=\"TOP 5 c\u00e1c m\u00f3n \u0103n l\u00e0m t\u1eeb t\u01b0\u01a1ng \u1edbt H\u00e0n Qu\u1ed1c ngon kh\u00f3 c\u01b0\u1ee1ng\" width=\"577\" height=\"395\" \/><\/p>\n<p><span style=\"font-weight: 400\">\u1edat c\u00f2n c\u00f3 t\u00e1c d\u1ee5ng r\u1ea5t t\u1ed1t cho vi\u1ec7c gi\u1ea3m c\u00e2n, gi\u00fap ng\u0103n ng\u1eeba l\u00e3o h\u00f3a, gi\u1eef cho c\u01a1 th\u1ec3 tr\u1ebb l\u00e2u. Trong b\u1ed9t \u1edbt ch\u1ee9a nhi\u1ec1u d\u01b0\u1ee1ng ch\u1ea5t, vitamin A, C, kali \u0111i\u1ec1u ti\u1ebft ch\u1ee9c n\u0103ng sinh l\u00fd c\u01a1 th\u1ec3, h\u1ed7 tr\u1ee3 ti\u00eau h\u00f3a, \u0111\u1ed1t ch\u00e1y m\u1ee1 th\u1eeba..<\/span><\/p>\n<p><img loading=\"lazy\" decoding=\"async\" class=\"wp-image-19974 aligncenter\" src=\"https:\/\/havamall.vn\/wp-content\/uploads\/2021\/05\/23_5otbot_jggh-300x200.jpg\" alt=\"\" width=\"562\" height=\"375\" srcset=\"https:\/\/havamall.vn\/wp-content\/uploads\/2021\/05\/23_5otbot_jggh-300x200.jpg 300w, https:\/\/havamall.vn\/wp-content\/uploads\/2021\/05\/23_5otbot_jggh-430x287.jpg 430w, https:\/\/havamall.vn\/wp-content\/uploads\/2021\/05\/23_5otbot_jggh-150x100.jpg 150w, https:\/\/havamall.vn\/wp-content\/uploads\/2021\/05\/23_5otbot_jggh-700x467.jpg 700w, https:\/\/havamall.vn\/wp-content\/uploads\/2021\/05\/23_5otbot_jggh-768x513.jpg 768w, https:\/\/havamall.vn\/wp-content\/uploads\/2021\/05\/23_5otbot_jggh-600x401.jpg 600w, https:\/\/havamall.vn\/wp-content\/uploads\/2021\/05\/23_5otbot_jggh.jpg 800w\" sizes=\"(max-width: 562px) 100vw, 562px\" \/><\/p>\n<h4><strong>H\u01b0\u1edbng d\u1eabn s\u1eed d\u1ee5ng:<\/strong><\/h4>\n<p>&#8211; L\u00e0m gia v\u1ecb cho c\u00e1c m\u00f3n \u0103n, t\u1ea1o m\u00e0u m\u00f3n \u0103n<strong>,\u00a0<\/strong>\u01b0\u1edbp nguy\u00ean li\u1ec7u tr\u01b0\u1edbc khi ch\u1ebf bi\u1ebfn\u2026<\/p>\n<p><span style=\"font-weight: 400\">&#8211; D\u00f9ng trong t\u1ea9m \u01b0\u1edbp v\u00e0 ch\u1ebf bi\u1ebfn c\u00e1c m\u00f3n n\u01b0\u1edbng, l\u1ea9u, chi\u00ean, x\u1ea3o, \u2026\u00a0 l\u00e0 gia v\u1ecb kh\u00f4ng th\u1ec3 thi\u1ebfu trong m\u00f3n kim chi, Tom Yum.<\/span><\/p>\n<p><img loading=\"lazy\" decoding=\"async\" class=\"wp-image-19972 aligncenter\" src=\"https:\/\/havamall.vn\/wp-content\/uploads\/2021\/05\/ce0ce9367083bad41931c6b3b3d0bdd4-1-200x300.jpg\" alt=\"\" width=\"543\" height=\"815\" srcset=\"https:\/\/havamall.vn\/wp-content\/uploads\/2021\/05\/ce0ce9367083bad41931c6b3b3d0bdd4-1-200x300.jpg 200w, https:\/\/havamall.vn\/wp-content\/uploads\/2021\/05\/ce0ce9367083bad41931c6b3b3d0bdd4-1-430x645.jpg 430w, https:\/\/havamall.vn\/wp-content\/uploads\/2021\/05\/ce0ce9367083bad41931c6b3b3d0bdd4-1-150x225.jpg 150w, https:\/\/havamall.vn\/wp-content\/uploads\/2021\/05\/ce0ce9367083bad41931c6b3b3d0bdd4-1-700x1050.jpg 700w, https:\/\/havamall.vn\/wp-content\/uploads\/2021\/05\/ce0ce9367083bad41931c6b3b3d0bdd4-1-768x1152.jpg 768w, https:\/\/havamall.vn\/wp-content\/uploads\/2021\/05\/ce0ce9367083bad41931c6b3b3d0bdd4-1-683x1024.jpg 683w, https:\/\/havamall.vn\/wp-content\/uploads\/2021\/05\/ce0ce9367083bad41931c6b3b3d0bdd4-1-1200x1800.jpg 1200w, https:\/\/havamall.vn\/wp-content\/uploads\/2021\/05\/ce0ce9367083bad41931c6b3b3d0bdd4-1-600x900.jpg 600w, https:\/\/havamall.vn\/wp-content\/uploads\/2021\/05\/ce0ce9367083bad41931c6b3b3d0bdd4-1.jpg 1456w\" sizes=\"(max-width: 543px) 100vw, 543px\" \/><\/p>\n<h4><strong>C\u00f4ng d\u1ee5ng :<\/strong><\/h4>\n<p>&#8211; B\u1ed9t \u1edbt ch\u1ee9a vitamin A gi\u00fap c\u1ea3i thi\u1ec7n th\u1ecb l\u1ef1c v\u00e0 ng\u0103n ng\u1eeba b\u1ec7nh qu\u00e1ng g\u00e0.<\/p>\n<p>&#8211; L\u01b0\u1ee3ng s\u1eaft trong \u1edbt b\u1ed9t d\u1eabn \u0111\u1ebfn t\u0103ng s\u1ea3n xu\u1ea5t huy\u1ebft s\u1eafc t\u1ed1 v\u00e0 t\u0103ng l\u01b0u l\u01b0\u1ee3ng m\u00e1u. L\u01b0\u1ee3ng oxy v\u00e0 s\u1eaft th\u00edch h\u1ee3p trong n\u00e3o d\u1eabn \u0111\u1ebfn c\u1ea3i thi\u1ec7n hi\u1ec7u su\u1ea5t nh\u1eadn th\u1ee9c v\u00e0 gi\u1ea3m c\u00e1c r\u1ed1i lo\u1ea1n nh\u1eadn th\u1ee9c nh\u01b0 b\u1ec7nh Alzheimer v\u00e0 ch\u1ee9ng m\u1ea5t tr\u00ed.<\/p>\n<p>&#8211; Ch\u1ea5t x\u01a1 c\u00f3 trong b\u1ed9t \u1edbt h\u1eefu c\u01a1 Lumlum k\u00edch th\u00edch chuy\u1ec3n \u0111\u1ed9ng nhu \u0111\u1ed9ng ru\u1ed9t d\u1ec5 d\u00e0ng h\u01a1n v\u00e0 t\u0103ng ti\u1ebft d\u1ecbch d\u1ea1 d\u00e0y, gi\u00fap d\u1ec5 ti\u00eau h\u00f3a, ng\u0103n ng\u1eeba c\u00e1c t\u00ecnh tr\u1ea1ng nh\u01b0 t\u00e1o b\u00f3n.<\/p>\n<p>&#8211; Vitamin C trong b\u1ed9t \u1edbt gi\u00fap c\u01a1 th\u1ec3 ph\u00e1t tri\u1ec3n s\u1ee9c \u0111\u1ec1 kh\u00e1ng ch\u1ed1ng l\u1ea1i c\u00e1c t\u00e1c nh\u00e2n truy\u1ec1n nhi\u1ec5m v\u00e0 ti\u00eau di\u1ec7t c\u00e1c g\u1ed1c t\u1ef1 do g\u00e2y ung th\u01b0 trong c\u01a1 th\u1ec3.<\/p>\n<p>S\u1ea3n ph\u1ea9m \u0111\u00e3 c\u00f3 m\u1eb7t t\u1ea1i Havamall.<\/p>","protected":false},"excerpt":{"rendered":"<p>Th\u01b0\u01a1ng hi\u1ec7u Lumlum Xu\u1ea5t x\u1ee9 Th\u00e1i Lan Th\u00e0nh ph\u1ea7n 100% b\u1ed9t \u1edbt h\u1eefu c\u01a1 H\u1ea1n s\u1eed d\u1ee5ng 24 th\u00e1ng k\u1ec3<\/p>","protected":false},"featured_media":20208,"comment_status":"open","ping_status":"closed","template":"","meta":[],"product_brand":[],"product_cat":[256,36,134],"product_tag":[],"class_list":{"0":"post-19957","1":"product","2":"type-product","3":"status-publish","4":"has-post-thumbnail","6":"product_cat-thuc-pham-huu-co","7":"product_cat-thuc-pham-tieu-dung","8":"product_cat-thucpham-saykho","9":"pa_brand-lumlum","11":"first","12":"instock","13":"sale","14":"shipping-taxable","15":"purchasable","16":"product-type-simple"},"_links":{"self":[{"href":"https:\/\/havamall.vn\/en\/wp-json\/wp\/v2\/product\/19957"}],"collection":[{"href":"https:\/\/havamall.vn\/en\/wp-json\/wp\/v2\/product"}],"about":[{"href":"https:\/\/havamall.vn\/en\/wp-json\/wp\/v2\/types\/product"}],"replies":[{"embeddable":true,"href":"https:\/\/havamall.vn\/en\/wp-json\/wp\/v2\/comments?post=19957"}],"version-history":[{"count":0,"href":"https:\/\/havamall.vn\/en\/wp-json\/wp\/v2\/product\/19957\/revisions"}],"wp:featuredmedia":[{"embeddable":true,"href":"https:\/\/havamall.vn\/en\/wp-json\/wp\/v2\/media\/20208"}],"wp:attachment":[{"href":"https:\/\/havamall.vn\/en\/wp-json\/wp\/v2\/media?parent=19957"}],"wp:term":[{"taxonomy":"product_brand","embeddable":true,"href":"https:\/\/havamall.vn\/en\/wp-json\/wp\/v2\/product_brand?post=19957"},{"taxonomy":"product_cat","embeddable":true,"href":"https:\/\/havamall.vn\/en\/wp-json\/wp\/v2\/product_cat?post=19957"},{"taxonomy":"product_tag","embeddable":true,"href":"https:\/\/havamall.vn\/en\/wp-json\/wp\/v2\/product_tag?post=19957"}],"curies":[{"name":"wp","href":"https:\/\/api.w.org\/{rel}","templated":true}]}}