{"id":19951,"date":"2021-05-13T17:26:16","date_gmt":"2021-05-13T10:26:16","guid":{"rendered":"https:\/\/havamall.vn\/?post_type=product&#038;p=19951"},"modified":"2021-09-10T10:25:11","modified_gmt":"2021-09-10T03:25:11","slug":"uc-ga-han-quoc-vi-toi-ot-achim-chicken-breast-garlic-chili-100g","status":"publish","type":"product","link":"https:\/\/havamall.vn\/en\/shop\/uc-ga-han-quoc-vi-toi-ot-achim-chicken-breast-garlic-chili-100g\/","title":{"rendered":"\u1ee8c G\u00e0 H\u00e0n Qu\u1ed1c V\u1ecb T\u1ecfi \u2013 Achim Chicken Breast Garlic 100g"},"content":{"rendered":"<table>\n<tbody>\n<tr>\n<td>Th\u01b0\u01a1ng hi\u1ec7u<\/td>\n<td>Achim<\/td>\n<\/tr>\n<tr>\n<td>Xu\u1ea5t x\u1ee9<\/td>\n<td>H\u00e0n Qu\u1ed1c<\/td>\n<\/tr>\n<tr>\n<td>Th\u00e0nh ph\u1ea7n<\/td>\n<td>Th\u1ecbt \u1ee9c g\u00e0 hun kh\u00f3i, gia v\u1ecb<\/td>\n<\/tr>\n<tr>\n<td>H\u1ea1n s\u1eed d\u1ee5ng<\/td>\n<td>12 th\u00e1ng k\u1ec3 t\u1eeb ng\u00e0y s\u1ea3n xu\u1ea5t.<\/td>\n<\/tr>\n<tr>\n<td>B\u1ea3o qu\u1ea3n<\/td>\n<td>\u0110\u1ec3 n\u01a1i kh\u00f4 r\u00e1o,m\u00e1t m\u1ebb, tr\u00e1nh \u00e1nh n\u1eafng tr\u1ef1c ti\u1ebfp<\/td>\n<\/tr>\n<tr>\n<td>Kh\u1ed1i l\u01b0\u1ee3ng t\u1ecbnh<\/td>\n<td>100g<\/td>\n<\/tr>\n<\/tbody>\n<\/table>\n<p>\u1ee8c g\u00e0 x\u00f4ng kh\u00f3i Achim v\u1ecb t\u1ecfi 100g \u0111\u01b0\u1ee3c l\u00e0m t\u1eeb th\u1ecbt g\u00e0 t\u01b0\u01a1i v\u00e0 \u0111\u01b0\u1ee3c t\u1ea9m \u01b0\u1edbp gia v\u1ecb s\u1eb5n gi\u00fap b\u1ea1n c\u00f3 \u0111\u01b0\u1ee3c m\u1ed9t b\u1eefa \u0103n nhanh ti\u1ec7n l\u1ee3i.<\/p>\n<p>V\u1edbi mong mu\u1ed1n mang l\u1ea1i s\u1ef1 ti\u1ec7n l\u1ee3i, ti\u1ebft ki\u1ec7m th\u1eddi gian n\u1ea5u n\u01b0\u1edbng nh\u01b0ng v\u1eabn gi\u1eef nguy\u00ean h\u01b0\u01a1ng v\u1ecb v\u00e0 ch\u1ea5t dinh d\u01b0\u1ee1ng trong \u1ee9c g\u00e0, Achim \u0111\u00e3 cho ra \u0111\u1eddi s\u1ea3n ph\u1ea9m \u1ee9c g\u00e0 \u1ee9c g\u00e0 x\u00f4ng kh\u00f3i v\u1ecb truy\u1ec1n th\u1ed1ng.<\/p>\n<p><img fetchpriority=\"high\" decoding=\"async\" class=\"wp-image-19963 aligncenter\" src=\"https:\/\/havamall.vn\/wp-content\/uploads\/2021\/05\/1035123_-300x300.png\" alt=\"\" width=\"603\" height=\"603\" srcset=\"https:\/\/havamall.vn\/wp-content\/uploads\/2021\/05\/1035123_-300x300.png 300w, https:\/\/havamall.vn\/wp-content\/uploads\/2021\/05\/1035123_-430x430.png 430w, https:\/\/havamall.vn\/wp-content\/uploads\/2021\/05\/1035123_-150x150.png 150w, https:\/\/havamall.vn\/wp-content\/uploads\/2021\/05\/1035123_-700x700.png 700w, https:\/\/havamall.vn\/wp-content\/uploads\/2021\/05\/1035123_-600x600.png 600w, https:\/\/havamall.vn\/wp-content\/uploads\/2021\/05\/1035123_-100x100.png 100w, https:\/\/havamall.vn\/wp-content\/uploads\/2021\/05\/1035123_.png 750w\" sizes=\"(max-width: 603px) 100vw, 603px\" \/><\/p>\n<p>Ngo\u00e0i \u0103n tr\u1ef1c ti\u1ebfp, b\u1ea1n c\u00f3 th\u1ec3 ch\u1ebf bi\u1ebfn th\u00e0nh nhi\u1ec1u m\u00f3n \u0103n kh\u00e1c nhau \u0111\u1ec3 b\u1eefa \u0103n tr\u1edf n\u00ean phong ph\u00fa v\u00e0 \u0111a d\u1ea1ng h\u01a1n.<\/p>\n<p>\u1ee8c g\u00e0 x\u00f4ng kh\u00f3i Achim v\u1ecb t\u1ecfi l\u00e0 s\u1ea3n ph\u1ea9m ti\u1ec7n l\u1ee3i cho cu\u1ed9c s\u1ed1ng b\u1eadn r\u1ed9n hi\u1ec7n \u0111\u1ea1i. \u1ee8c g\u00e0 c\u00f3 h\u00e0m l\u01b0\u1ee3ng dinh d\u01b0\u1ee1ng cao. M\u1ed7i 100gr \u1ee9c g\u00e0 th\u00ec c\u00f3 t\u1edbi 31 gram \u0111\u1ea1m . L\u00e0 s\u1ea3n ph\u1ea9m tuy\u1ec7t v\u1eddi cho ng\u01b0\u1eddi t\u1eadp Gym, PT, gi\u1ea3m c\u00e2n gi\u00fap h\u1ed7 tr\u1ee3 x\u00e2y d\u1ef1ng th\u00e2n h\u00ecnh m\u1ea1nh kh\u1ecfe, l\u00e0m n\u1ed5i b\u1eadt c\u01a1 b\u1eafp.<\/p>\n<p><img decoding=\"async\" class=\"wp-image-19966 aligncenter\" src=\"https:\/\/havamall.vn\/wp-content\/uploads\/2021\/05\/1029275_3c-300x300.png\" alt=\"\" width=\"603\" height=\"603\" srcset=\"https:\/\/havamall.vn\/wp-content\/uploads\/2021\/05\/1029275_3c-300x300.png 300w, https:\/\/havamall.vn\/wp-content\/uploads\/2021\/05\/1029275_3c-430x430.png 430w, https:\/\/havamall.vn\/wp-content\/uploads\/2021\/05\/1029275_3c-150x150.png 150w, https:\/\/havamall.vn\/wp-content\/uploads\/2021\/05\/1029275_3c-700x700.png 700w, https:\/\/havamall.vn\/wp-content\/uploads\/2021\/05\/1029275_3c-600x600.png 600w, https:\/\/havamall.vn\/wp-content\/uploads\/2021\/05\/1029275_3c-100x100.png 100w, https:\/\/havamall.vn\/wp-content\/uploads\/2021\/05\/1029275_3c.png 750w\" sizes=\"(max-width: 603px) 100vw, 603px\" \/><\/p>\n<p>Nhi\u1ec1u kho\u00e1ng ch\u1ea5t v\u00e0 Vitamin B r\u1ea5t h\u1eefu \u00edch trong vi\u1ec7c ng\u0103n ng\u1eeba c\u00e1c b\u1ec7nh nh\u01b0 \u0111\u1ee5c th\u1ee7y tinh th\u1ec3 v\u00e0 c\u00e1c r\u1ed1i lo\u1ea1n da kh\u00e1c nhau; ng\u0103n ng\u1eeba ch\u1ee9ng r\u1ed1i lo\u1ea1n v\u1ec1 tim v\u00e0 ng\u0103n ng\u1eeba cholesterol cao.<\/p>\n<p><img decoding=\"async\" class=\"aligncenter\" src=\"https:\/\/havamall.vn\/wp-content\/uploads\/2021\/04\/1029275_4c.jpg\" alt=\"ACHIM | \u5373\u98df\u96de\u80f8\u8089-\u7159\u71fb\u98a8\u5473| \u58eb\u591aZtore\" width=\"603\" height=\"603\" \/><\/p>\n<p>N\u1ebfu b\u1ea1n l\u00e0 ng\u01b0\u1eddi s\u1ed1ng theo ch\u1ebf \u0111\u1ed9 \u0103n Eatclean th\u00ec ch\u1eafc h\u1eb3n \u1ee9c g\u00e0 x\u00f4ng kh\u00f3i Achim s\u1ebd l\u00e0 m\u1ed9t th\u1ef1c \u0111\u01a1n kh\u00f4ng th\u1ec3 thi\u1ebfu trong danh s\u00e1ch v\u00ec \u0111\u00e2y l\u00e0 m\u1ed9t lo\u1ea1i th\u1ef1c ph\u1ea9m l\u00e0nh m\u1ea1nh, ch\u1ee9a nhi\u1ec1u protein v\u00e0 c\u00f3 h\u00e0m l\u01b0\u1ee3ng calorie th\u1ea5p. \u0110\u00e2y l\u00e0\u00a0th\u1ef1c ph\u1ea9m tuy\u1ec7t v\u1eddi \u0111\u1ec3 gi\u1ea3m c\u00e2n. Nh\u1eefng ng\u01b0\u1eddi c\u00f3 k\u1ebf ho\u1ea1ch \u0103n ki\u00eang gi\u1ea3m c\u00e2n n\u00ean \u0111\u01b0a \u1ee9c g\u00e0 v\u00e0o ch\u1ebf \u0111\u1ed9 \u0103n s\u1ebd th\u1ea5y hi\u1ec7u qu\u1ea3. V\u00ec \u1ee9c g\u00e0 c\u00f3 h\u00e0m l\u01b0\u1ee3ng \u0111\u1ea1m cao gi\u00fap gi\u1eef cho d\u1ea1 d\u00e0y lu\u00f4n no \u0111\u1ee7.<\/p>\n<p><img loading=\"lazy\" decoding=\"async\" class=\"aligncenter\" src=\"https:\/\/havamall.vn\/wp-content\/uploads\/2021\/04\/1575396979-9a1b633829127f6fbe582f637074d1e8.jpg\" alt=\"\u53f0\u5317\u5065\u8eab\u9910\u3011\u6d69\u514b\u5065\u8eab\u65e9\u9910\uff5c\u8212\u80a5\u96de\u80f8\u8089\u8d85\u597d\u5403, \u6c34\u5ae9Q\u5f48\u7d55\u5c0d\u4e0d\u80fd\u932f\u904e\uff01 - \u591a\u591a\u770b\u96fb\u5f71-\u6700\u65b0\u3001\u6700\u8c50\u5bcc\u7684\u5f71\u8996\u8a55\u8ad6\u548c\u65b0\u805e\uff01\" width=\"609\" height=\"406\" \/><\/p>\n<h4><strong>\u0110\u1eb7c \u0111i\u1ec3m n\u1ed5i b\u1eadt c\u1ee7a s\u1ea3n ph\u1ea9m:<\/strong><\/h4>\n<p>\u2013 Th\u00fac \u0111\u1ea9y t\u0103ng c\u01a1 gi\u1ea3m m\u1ee1 s\u1ea3n ph\u1ea9m \u201cV\u00c0NG\u201d trong l\u00e0ng th\u1ec3 h\u00ecnh<\/p>\n<p>\u2013 Th\u1ee9c \u0103n nhanh, g\u1ecdn, ti\u1ec7n l\u1ee3i.<\/p>\n<p>\u2013 D\u1ec5 b\u1ea3o qu\u1ea3n, h\u00e0m l\u01b0\u1ee3ng dinh d\u01b0\u1ee1ng cao, \u00edt cholesterol.<\/p>\n<p>\u2013 M\u00f9i v\u1ecb th\u01a1m ngon<\/p>\n<p><img loading=\"lazy\" decoding=\"async\" class=\"aligncenter\" src=\"https:\/\/havamall.vn\/wp-content\/uploads\/2021\/04\/Chickenbreasts.jpg\" alt=\"Acid reflux recipe: Grilled chicken breasts\" width=\"598\" height=\"399\" \/><\/p>\n<h4><strong>H\u01b0\u1edbng d\u1eabn s\u1eed d\u1ee5ng:\u00a0<\/strong><\/h4>\n<p>\u2013 S\u1ea3n ph\u1ea9m c\u00f3 th\u1ec3 d\u00f9ng ngay ho\u1eb7c l\u00e0m n\u00f3ng tr\u01b0\u1edbc khi d\u00f9ng.<\/p>\n<p>\u2013 C\u00f3 th\u1ec3 ch\u1ebf bi\u1ebfn th\u00e0nh c\u00e1c m\u00f3n \u0103n kh\u00e1c nh\u01b0 salad, k\u1eb9p b\u00e1nh m\u00ec,\u2026<\/p>\n<p><img loading=\"lazy\" decoding=\"async\" class=\"wp-image-19965 aligncenter\" src=\"https:\/\/havamall.vn\/wp-content\/uploads\/2021\/05\/1035123-300x300.png\" alt=\"\" width=\"600\" height=\"600\" srcset=\"https:\/\/havamall.vn\/wp-content\/uploads\/2021\/05\/1035123-300x300.png 300w, https:\/\/havamall.vn\/wp-content\/uploads\/2021\/05\/1035123-430x430.png 430w, https:\/\/havamall.vn\/wp-content\/uploads\/2021\/05\/1035123-150x150.png 150w, https:\/\/havamall.vn\/wp-content\/uploads\/2021\/05\/1035123-700x700.png 700w, https:\/\/havamall.vn\/wp-content\/uploads\/2021\/05\/1035123-600x600.png 600w, https:\/\/havamall.vn\/wp-content\/uploads\/2021\/05\/1035123-100x100.png 100w, https:\/\/havamall.vn\/wp-content\/uploads\/2021\/05\/1035123.png 750w\" sizes=\"(max-width: 600px) 100vw, 600px\" \/><\/p>\n<h4><strong>H\u01b0\u1edbng d\u1eabn b\u1ea3o qu\u1ea3n:<\/strong><\/h4>\n<p>\u2013 L\u01b0u tr\u1eef n\u1edbi m\u00e1t m\u1ebb, tr\u00e1nh \u00e1nh n\u1eafng tr\u1ef1c ti\u1ebfp<\/p>\n<p>\u2013 Sau khi m\u1edf bao b\u00ec b\u1ea3o qu\u1ea3n trong ng\u0103n m\u00e1t t\u1ee7 l\u1ea1nh<\/p>\n<p>S\u1ea3n ph\u1ea9m\u00a0 hi\u1ec7n \u0111\u00e3 c\u00f3 m\u1eb7t t\u1ea1i Havamall.<\/p>","protected":false},"excerpt":{"rendered":"<p>Th\u01b0\u01a1ng hi\u1ec7u Achim Xu\u1ea5t x\u1ee9 H\u00e0n Qu\u1ed1c Th\u00e0nh ph\u1ea7n Th\u1ecbt \u1ee9c g\u00e0 hun kh\u00f3i, gia v\u1ecb H\u1ea1n s\u1eed d\u1ee5ng 12<\/p>","protected":false},"featured_media":19970,"comment_status":"open","ping_status":"closed","template":"","meta":[],"product_brand":[],"product_cat":[36],"product_tag":[],"class_list":{"0":"post-19951","1":"product","2":"type-product","3":"status-publish","4":"has-post-thumbnail","6":"product_cat-thuc-pham-tieu-dung","8":"first","9":"outofstock","10":"sale","11":"shipping-taxable","12":"purchasable","13":"product-type-simple"},"_links":{"self":[{"href":"https:\/\/havamall.vn\/en\/wp-json\/wp\/v2\/product\/19951"}],"collection":[{"href":"https:\/\/havamall.vn\/en\/wp-json\/wp\/v2\/product"}],"about":[{"href":"https:\/\/havamall.vn\/en\/wp-json\/wp\/v2\/types\/product"}],"replies":[{"embeddable":true,"href":"https:\/\/havamall.vn\/en\/wp-json\/wp\/v2\/comments?post=19951"}],"version-history":[{"count":0,"href":"https:\/\/havamall.vn\/en\/wp-json\/wp\/v2\/product\/19951\/revisions"}],"wp:featuredmedia":[{"embeddable":true,"href":"https:\/\/havamall.vn\/en\/wp-json\/wp\/v2\/media\/19970"}],"wp:attachment":[{"href":"https:\/\/havamall.vn\/en\/wp-json\/wp\/v2\/media?parent=19951"}],"wp:term":[{"taxonomy":"product_brand","embeddable":true,"href":"https:\/\/havamall.vn\/en\/wp-json\/wp\/v2\/product_brand?post=19951"},{"taxonomy":"product_cat","embeddable":true,"href":"https:\/\/havamall.vn\/en\/wp-json\/wp\/v2\/product_cat?post=19951"},{"taxonomy":"product_tag","embeddable":true,"href":"https:\/\/havamall.vn\/en\/wp-json\/wp\/v2\/product_tag?post=19951"}],"curies":[{"name":"wp","href":"https:\/\/api.w.org\/{rel}","templated":true}]}}