{"id":19940,"date":"2021-05-13T16:52:13","date_gmt":"2021-05-13T09:52:13","guid":{"rendered":"https:\/\/havamall.vn\/?post_type=product&#038;p=19940"},"modified":"2022-06-01T11:43:34","modified_gmt":"2022-06-01T04:43:34","slug":"bot-nghe-huu-co-lumlum-organic-turmeric-powder-30g","status":"publish","type":"product","link":"https:\/\/havamall.vn\/en\/shop\/bot-nghe-huu-co-lumlum-organic-turmeric-powder-30g\/","title":{"rendered":"B\u1ed9t Ngh\u1ec7 H\u1eefu C\u01a1 &#8211; Lumlum Organic Turmeric Powder 30g"},"content":{"rendered":"<table>\n<tbody>\n<tr>\n<td><span style=\"font-weight: 400\">Th\u01b0\u01a1ng hi\u1ec7u<\/span><\/td>\n<td><span style=\"font-weight: 400\">Lumlum<\/span><\/td>\n<\/tr>\n<tr>\n<td><span style=\"font-weight: 400\">Xu\u1ea5t x\u1ee9<\/span><\/td>\n<td><span style=\"font-weight: 400\">Th\u00e1i Lan<\/span><\/td>\n<\/tr>\n<tr>\n<td><span style=\"font-weight: 400\">Th\u00e0nh ph\u1ea7n<\/span><\/td>\n<td><span style=\"font-weight: 400\">100% b\u1ed9t ngh\u1ec7 h\u1eefu c\u01a1<\/span><\/td>\n<\/tr>\n<tr>\n<td><span style=\"font-weight: 400\">H\u1ea1n s\u1eed d\u1ee5ng<\/span><\/td>\n<td><span style=\"font-weight: 400\">24 th\u00e1ng k\u1ec3 t\u1eeb ng\u00e0y s\u1ea3n xu\u1ea5t.<\/span><\/td>\n<\/tr>\n<tr>\n<td><span style=\"font-weight: 400\">B\u1ea3o qu\u1ea3n<\/span><\/td>\n<td><span style=\"font-weight: 400\">\u0110\u1ec3 n\u01a1i kh\u00f4 r\u00e1o, tho\u00e1ng m\u00e1t, tr\u00e1nh \u00e1nh n\u1eafng tr\u1ef1c ti\u1ebfp<\/span><\/td>\n<\/tr>\n<tr>\n<td><span style=\"font-weight: 400\">Kh\u1ed1i l\u01b0\u1ee3ng t\u1ecbnh<\/span><\/td>\n<td><span style=\"font-weight: 400\">30g<\/span><\/td>\n<\/tr>\n<\/tbody>\n<\/table>\n<p><span style=\"font-weight: 400\">\u201cLumlum\u201d l\u00e0 ph\u01b0\u01a1ng ng\u1eef mi\u1ec1n B\u1eafc Th\u00e1i Lan, ngh\u0129a ti\u1ebfng Vi\u1ec7t l\u00e0 \u201cngon\u201d. Nh\u1eefng ng\u01b0\u1eddi s\u1ea3n xu\u1ea5t tin r\u1eb1ng, b\u1eefa \u0103n ngon nu\u00f4i d\u01b0\u1ee1ng gi\u00e1 tr\u1ecb tinh th\u1ea7n l\u00e0nh m\u1ea1nh, n\u00ean Lumlum \u0111\u01b0\u1ee3c ch\u0103m ch\u00fat c\u1ea9n th\u1eadn \u0111\u1ec3 gi\u1eef \u0111\u01b0\u1ee3c h\u01b0\u01a1ng v\u1ecb t\u1ef1 nhi\u00ean v\u00e0 ch\u00e2n th\u1ef1c c\u1ee7a \u1ea9m th\u1ef1c x\u1ee9 Ch\u00f9a V\u00e0ng.<\/span><\/p>\n<p><img fetchpriority=\"high\" decoding=\"async\" class=\"wp-image-19942 aligncenter\" src=\"https:\/\/havamall.vn\/wp-content\/uploads\/2021\/05\/ngh\u1ec7-7-300x300.jpg\" alt=\"\" width=\"552\" height=\"552\" srcset=\"https:\/\/havamall.vn\/wp-content\/uploads\/2021\/05\/ngh\u1ec7-7-300x300.jpg 300w, https:\/\/havamall.vn\/wp-content\/uploads\/2021\/05\/ngh\u1ec7-7-430x430.jpg 430w, https:\/\/havamall.vn\/wp-content\/uploads\/2021\/05\/ngh\u1ec7-7-150x150.jpg 150w, https:\/\/havamall.vn\/wp-content\/uploads\/2021\/05\/ngh\u1ec7-7-700x700.jpg 700w, https:\/\/havamall.vn\/wp-content\/uploads\/2021\/05\/ngh\u1ec7-7-768x768.jpg 768w, https:\/\/havamall.vn\/wp-content\/uploads\/2021\/05\/ngh\u1ec7-7-600x600.jpg 600w, https:\/\/havamall.vn\/wp-content\/uploads\/2021\/05\/ngh\u1ec7-7-100x100.jpg 100w, https:\/\/havamall.vn\/wp-content\/uploads\/2021\/05\/ngh\u1ec7-7.jpg 1000w\" sizes=\"(max-width: 552px) 100vw, 552px\" \/><\/p>\n<p><span style=\"font-weight: 400\">C\u1ee7 ngh\u1ec7 l\u00e0 m\u1ed9t trong nh\u1eefng lo\u1ea1i th\u1ef1c v\u1eadt \u0111\u01b0\u1ee3c t\u00f4n k\u00ednh nh\u1ea5t c\u1ee7a thi\u00ean nhi\u00ean. Ngh\u1ec7 \u0111\u01b0\u1ee3c s\u1eed d\u1ee5ng trong nhi\u1ec1u th\u1ebf k\u1ef7 nh\u01b0 m\u1ed9t ch\u1ea5t b\u1ea3o qu\u1ea3n th\u1ef1c ph\u1ea9m, ch\u1ea5t t\u1ea1o m\u00e0u, h\u01b0\u01a1ng v\u1ecb \u1ea9m th\u1ef1c v\u00e0 m\u1ed9t ph\u01b0\u01a1ng thu\u1ed1c th\u1ea3o d\u01b0\u1ee3c ch\u1ed1ng vi\u00eam quan tr\u1ecdng trong y h\u1ecdc Ayurvedic.<\/span><\/p>\n<p><img decoding=\"async\" class=\"wp-image-19944 aligncenter\" src=\"https:\/\/havamall.vn\/wp-content\/uploads\/2021\/05\/ngh\u1ec7-6-300x300.jpg\" alt=\"\" width=\"550\" height=\"550\" srcset=\"https:\/\/havamall.vn\/wp-content\/uploads\/2021\/05\/ngh\u1ec7-6-300x300.jpg 300w, https:\/\/havamall.vn\/wp-content\/uploads\/2021\/05\/ngh\u1ec7-6-430x430.jpg 430w, https:\/\/havamall.vn\/wp-content\/uploads\/2021\/05\/ngh\u1ec7-6-150x150.jpg 150w, https:\/\/havamall.vn\/wp-content\/uploads\/2021\/05\/ngh\u1ec7-6-700x700.jpg 700w, https:\/\/havamall.vn\/wp-content\/uploads\/2021\/05\/ngh\u1ec7-6-768x768.jpg 768w, https:\/\/havamall.vn\/wp-content\/uploads\/2021\/05\/ngh\u1ec7-6-1024x1024.jpg 1024w, https:\/\/havamall.vn\/wp-content\/uploads\/2021\/05\/ngh\u1ec7-6-1200x1200.jpg 1200w, https:\/\/havamall.vn\/wp-content\/uploads\/2021\/05\/ngh\u1ec7-6-600x600.jpg 600w, https:\/\/havamall.vn\/wp-content\/uploads\/2021\/05\/ngh\u1ec7-6-100x100.jpg 100w, https:\/\/havamall.vn\/wp-content\/uploads\/2021\/05\/ngh\u1ec7-6.jpg 2048w\" sizes=\"(max-width: 550px) 100vw, 550px\" \/><\/p>\n<p><span style=\"font-weight: 400\">Trong y h\u1ecdc, ngh\u1ec7 \u0111\u01b0\u1ee3c coi l\u00e0 d\u01b0\u1ee3c th\u1ea3o ch\u1eefa tr\u1ecb \u0111\u01b0\u1ee3c nhi\u1ec1u lo\u1ea1i b\u1ec7nh. Ngh\u1ec7 \u0111\u01b0\u1ee3c d\u00f9ng \u0111\u1ec3 ch\u1eefa c\u00e1c b\u1ec7nh nh\u01b0 \u0111au d\u1ea1 d\u00e0y, vi\u00eam gan, m\u1eadt, c\u00e1c c\u01a1n \u0111au th\u1eaft ng\u1ef1c, b\u1ed5 m\u00e1u, c\u1ea7m m\u00e1u, k\u00edch th\u00edch ch\u00f3ng l\u00ean da non \u1edf c\u00e1c v\u1ebft th\u01b0\u01a1ng, v\u1ebft b\u1ecfng ho\u1eb7c c\u00e1c v\u1ebft s\u1eb9o \u1edf m\u1ee5n nh\u1ecdt, gi\u1ea3i \u0111\u1ed9c \u1edf c\u00e1c ch\u1ed7 b\u1ecb c\u00f4n tr\u00f9ng ch\u00e2m ch\u00edch, \u0111\u1eafp l\u00ean c\u00e1c m\u1ee5n nh\u1ecdt cho \u0111\u1ee1 nh\u1ee9c bu\u1ed1t v\u00e0 ch\u00f3ng v\u1ee1 m\u1ee7\u2026<\/span><\/p>\n<p><img decoding=\"async\" class=\"wp-image-19945 aligncenter\" src=\"https:\/\/havamall.vn\/wp-content\/uploads\/2021\/05\/ngh\u1ec7-5-300x225.jpg\" alt=\"\" width=\"540\" height=\"405\" srcset=\"https:\/\/havamall.vn\/wp-content\/uploads\/2021\/05\/ngh\u1ec7-5-300x225.jpg 300w, https:\/\/havamall.vn\/wp-content\/uploads\/2021\/05\/ngh\u1ec7-5-430x323.jpg 430w, https:\/\/havamall.vn\/wp-content\/uploads\/2021\/05\/ngh\u1ec7-5-150x113.jpg 150w, https:\/\/havamall.vn\/wp-content\/uploads\/2021\/05\/ngh\u1ec7-5-700x525.jpg 700w, https:\/\/havamall.vn\/wp-content\/uploads\/2021\/05\/ngh\u1ec7-5-768x576.jpg 768w, https:\/\/havamall.vn\/wp-content\/uploads\/2021\/05\/ngh\u1ec7-5-1024x768.jpg 1024w, https:\/\/havamall.vn\/wp-content\/uploads\/2021\/05\/ngh\u1ec7-5-1200x900.jpg 1200w, https:\/\/havamall.vn\/wp-content\/uploads\/2021\/05\/ngh\u1ec7-5-600x450.jpg 600w, https:\/\/havamall.vn\/wp-content\/uploads\/2021\/05\/ngh\u1ec7-5.jpg 1920w\" sizes=\"(max-width: 540px) 100vw, 540px\" \/><\/p>\n<p><span style=\"font-weight: 400\">Ngh\u1ec7 c\u0169ng \u0111\u00e3 \u0111\u01b0\u1ee3c s\u1eed d\u1ee5ng nh\u01b0 m\u1ed9t lo\u1ea1i thu\u1ed1c nhu\u1ed9m t\u1ef1 nhi\u00ean v\u00e0 l\u00e0 m\u1ed9t m\u1ef9 ph\u1ea9m ph\u1ed5 bi\u1ebfn \u1edf \u1ea4n \u0110\u1ed9 v\u00e0 ch\u00e2u \u00c1 cho l\u00e0n da kh\u1ecfe m\u1ea1nh, s\u00e1ng b\u1eebng.<\/span><\/p>\n<p><img loading=\"lazy\" decoding=\"async\" class=\"aligncenter\" src=\"https:\/\/havamall.vn\/wp-content\/uploads\/2021\/05\/11435610.jpg\" alt=\"Curcuma : l\" width=\"545\" height=\"364\" \/><\/p>\n<p><span style=\"font-weight: 400\">Lo\u1ea1i th\u1ea3o m\u1ed9c c\u00e2n b\u1eb1ng tri-doshic n\u00e0y h\u1ed7 tr\u1ee3 nhi\u1ec1u h\u1ec7 th\u1ed1ng c\u1ee7a c\u01a1 th\u1ec3. Theo nguy\u00ean l\u00fd n\u0103ng l\u01b0\u1ee3ng c\u1ee7a Ayurveda, ngh\u1ec7 l\u00e0 h\u0103ng, cay \u0111\u1eafng v\u00e0 l\u00e0m se trong n\u0103ng l\u01b0\u1ee3ng h\u01b0\u01a1ng v\u1ecb Rasa, s\u01b0\u1edfi \u1ea5m trong h\u00e0nh \u0111\u1ed9ng theo Virya v\u00e0 c\u00e2n b\u1eb1ng cho Vata, Pitta v\u00e0 Kapha, v\u1edbi xu h\u01b0\u1edbng t\u0103ng Vata v\u00e0 Pitta. N\u00f3 \u0111\u01b0\u1ee3c coi l\u00e0 m\u1ed9t lo\u1ea1i th\u1ea3o m\u1ed9c tuy\u1ec7t v\u1eddi h\u00e0ng ng\u00e0y \u0111\u1ec3 h\u1ed7 tr\u1ee3 s\u1ee9c kh\u1ecfe.<\/span><\/p>\n<p><img loading=\"lazy\" decoding=\"async\" class=\"wp-image-19946 aligncenter\" src=\"https:\/\/havamall.vn\/wp-content\/uploads\/2021\/05\/gia-v\u1ecb-300x300.jpg\" alt=\"\" width=\"534\" height=\"534\" srcset=\"https:\/\/havamall.vn\/wp-content\/uploads\/2021\/05\/gia-v\u1ecb-300x300.jpg 300w, https:\/\/havamall.vn\/wp-content\/uploads\/2021\/05\/gia-v\u1ecb-430x430.jpg 430w, https:\/\/havamall.vn\/wp-content\/uploads\/2021\/05\/gia-v\u1ecb-150x150.jpg 150w, https:\/\/havamall.vn\/wp-content\/uploads\/2021\/05\/gia-v\u1ecb-700x700.jpg 700w, https:\/\/havamall.vn\/wp-content\/uploads\/2021\/05\/gia-v\u1ecb-768x768.jpg 768w, https:\/\/havamall.vn\/wp-content\/uploads\/2021\/05\/gia-v\u1ecb-1024x1024.jpg 1024w, https:\/\/havamall.vn\/wp-content\/uploads\/2021\/05\/gia-v\u1ecb-1200x1200.jpg 1200w, https:\/\/havamall.vn\/wp-content\/uploads\/2021\/05\/gia-v\u1ecb-600x600.jpg 600w, https:\/\/havamall.vn\/wp-content\/uploads\/2021\/05\/gia-v\u1ecb-100x100.jpg 100w, https:\/\/havamall.vn\/wp-content\/uploads\/2021\/05\/gia-v\u1ecb.jpg 1242w\" sizes=\"(max-width: 534px) 100vw, 534px\" \/><\/p>\n<h4><strong>H\u01b0\u1edbng d\u1eabn s\u1eed d\u1ee5ng:<\/strong><\/h4>\n<p><span style=\"font-weight: 400\">\u2013 Tr\u00e0 s\u1eefa \/ tr\u00e0 ngh\u1ec7, c\u00f2n \u0111\u01b0\u1ee3c g\u1ecdi l\u00e0 s\u1eefa v\u00e0ng<\/span><\/p>\n<p><span style=\"font-weight: 400\">\u2013 S\u1eed d\u1ee5ng n\u00f3 \u0111\u1ec3 t\u0103ng c\u01b0\u1eddng m\u00e0u s\u1eafc v\u00e0 h\u01b0\u01a1ng v\u1ecb cho m\u00f3n c\u00e0 ri y\u00eau th\u00edch c\u1ee7a b\u1ea1n<\/span><\/p>\n<p><span style=\"font-weight: 400\">\u2013 Th\u00eam \u00bd mu\u1ed7ng c\u00e0 ph\u00ea v\u00e0o c\u00f4ng th\u1ee9c m\u1eb7t n\u1ea1 y\u00eau th\u00edch c\u1ee7a b\u1ea1n \u0111\u1ec3 gi\u1ea3m vi\u00eam<\/span><\/p>\n<p><img loading=\"lazy\" decoding=\"async\" class=\"wp-image-19947 aligncenter\" src=\"https:\/\/havamall.vn\/wp-content\/uploads\/2021\/05\/fvb-nn-300x300.jpg\" alt=\"\" width=\"529\" height=\"529\" srcset=\"https:\/\/havamall.vn\/wp-content\/uploads\/2021\/05\/fvb-nn-300x300.jpg 300w, https:\/\/havamall.vn\/wp-content\/uploads\/2021\/05\/fvb-nn-430x430.jpg 430w, https:\/\/havamall.vn\/wp-content\/uploads\/2021\/05\/fvb-nn-150x150.jpg 150w, https:\/\/havamall.vn\/wp-content\/uploads\/2021\/05\/fvb-nn-700x700.jpg 700w, https:\/\/havamall.vn\/wp-content\/uploads\/2021\/05\/fvb-nn-768x768.jpg 768w, https:\/\/havamall.vn\/wp-content\/uploads\/2021\/05\/fvb-nn-1024x1024.jpg 1024w, https:\/\/havamall.vn\/wp-content\/uploads\/2021\/05\/fvb-nn-1200x1199.jpg 1200w, https:\/\/havamall.vn\/wp-content\/uploads\/2021\/05\/fvb-nn-600x600.jpg 600w, https:\/\/havamall.vn\/wp-content\/uploads\/2021\/05\/fvb-nn-100x100.jpg 100w, https:\/\/havamall.vn\/wp-content\/uploads\/2021\/05\/fvb-nn.jpg 2048w\" sizes=\"(max-width: 529px) 100vw, 529px\" \/><\/p>\n<h4><strong>C\u00f4ng d\u1ee5ng :<\/strong><\/h4>\n<p><span style=\"font-weight: 400\">&#8211; B\u1ed9t ngh\u1ec7 ch\u1ee9a th\u00e0nh ph\u1ea7n ho\u1ea1t ch\u1ea5t Curcumin cao, gi\u00fap t\u0103ng kh\u1ea3 n\u0103ng kh\u00e1ng vi\u00eam, ch\u1ed1ng oxy h\u00f3a v\u00e0 ch\u1ed1ng khu\u1ea9n hi\u1ec7u qu\u1ea3.<\/span><\/p>\n<p><span style=\"font-weight: 400\">&#8211; Tinh b\u1ed9t ngh\u1ec7 c\u00f3 t\u00e1c d\u1ee5ng h\u1ed7 tr\u1ee3 ch\u1eefa r\u1ea5t nhi\u1ec1u b\u1ec7nh v\u00e0 b\u1ea3o v\u1ec7 t\u1ed1t cho s\u1ee9c kh\u1ecfe con ng\u01b0\u1eddi. n\u00f3 gi\u00fap ng\u0103n ch\u1eb7n v\u00e0 ch\u1eefa c\u00e1c b\u1ec7nh v\u1ec1 d\u1ea1 d\u00e0y, h\u00e0nh t\u00e1 tr\u00e0ng, gan v\u00e0 c\u00e1c b\u1ec7nh v\u1ec1 h\u1ec7 mi\u1ec5n d\u1ecbch nh\u01b0 vi\u00eam kh\u1edbp, vi\u00eam to\u00e0n th\u00e2n\u2026. Tinh b\u1ed9t ngh\u1ec7 c\u00f2n gi\u00fap \u0111\u00e0o th\u1ea3i, ph\u00e1 \u1ee9 huy\u1ebft, lo\u1ea1i b\u1ecf nh\u1eefng ch\u1ea5t \u0111\u1ed9c c\u00f3 trong c\u01a1 th\u1ec3 con ng\u01b0\u1eddi.<\/span><\/p>\n<p><span style=\"font-weight: 400\">&#8211; Ngh\u1ec7 l\u00e0 m\u1ed9t gia v\u1ecb th\u01b0\u1eddng \u0111\u01b0\u1ee3c s\u1eed d\u1ee5ng trong n\u1ea5u \u0103n, l\u00e0 m\u1ed9t th\u00e0nh ph\u1ea7n c\u1ee7a h\u1ed7n h\u1ee3p c\u00e0 ri, gia v\u1ecb th\u01b0\u1eddng \u0111\u01b0\u1ee3c s\u1eed d\u1ee5ng trong c\u00e1c m\u00f3n \u0103n \u00c1 v\u00e0 \u1ea4n \u0110\u1ed9<\/span><\/p>\n<p><span style=\"font-weight: 400\">&#8211; Ngo\u00e0i ra, ngh\u1ec7 c\u00f2n l\u00e0 nguy\u00ean li\u1ec7u quen thu\u1ed9c c\u00f3 t\u00e1c d\u1ee5ng ch\u1eefa b\u1ec7nh v\u00e0 l\u00e0m \u0111\u1eb9p.<\/span><\/p>\n<p>S\u1ea3n ph\u1ea9m hi\u1ec7n \u0111\u00e3 c\u00f3 m\u1eb7t t\u1ea1i Havamall.<\/p>","protected":false},"excerpt":{"rendered":"<p>Th\u01b0\u01a1ng hi\u1ec7u Lumlum Xu\u1ea5t x\u1ee9 Th\u00e1i Lan Th\u00e0nh ph\u1ea7n 100% b\u1ed9t ngh\u1ec7 h\u1eefu c\u01a1 H\u1ea1n s\u1eed d\u1ee5ng 24 th\u00e1ng k\u1ec3<\/p>","protected":false},"featured_media":20209,"comment_status":"open","ping_status":"closed","template":"","meta":[],"product_brand":[],"product_cat":[256,130,36,134],"product_tag":[],"class_list":{"0":"post-19940","1":"product","2":"type-product","3":"status-publish","4":"has-post-thumbnail","6":"product_cat-thuc-pham-huu-co","7":"product_cat-khuyen-mai","8":"product_cat-thuc-pham-tieu-dung","9":"product_cat-thucpham-saykho","10":"pa_brand-lumlum","12":"first","13":"instock","14":"sale","15":"shipping-taxable","16":"purchasable","17":"product-type-simple"},"_links":{"self":[{"href":"https:\/\/havamall.vn\/en\/wp-json\/wp\/v2\/product\/19940"}],"collection":[{"href":"https:\/\/havamall.vn\/en\/wp-json\/wp\/v2\/product"}],"about":[{"href":"https:\/\/havamall.vn\/en\/wp-json\/wp\/v2\/types\/product"}],"replies":[{"embeddable":true,"href":"https:\/\/havamall.vn\/en\/wp-json\/wp\/v2\/comments?post=19940"}],"version-history":[{"count":0,"href":"https:\/\/havamall.vn\/en\/wp-json\/wp\/v2\/product\/19940\/revisions"}],"wp:featuredmedia":[{"embeddable":true,"href":"https:\/\/havamall.vn\/en\/wp-json\/wp\/v2\/media\/20209"}],"wp:attachment":[{"href":"https:\/\/havamall.vn\/en\/wp-json\/wp\/v2\/media?parent=19940"}],"wp:term":[{"taxonomy":"product_brand","embeddable":true,"href":"https:\/\/havamall.vn\/en\/wp-json\/wp\/v2\/product_brand?post=19940"},{"taxonomy":"product_cat","embeddable":true,"href":"https:\/\/havamall.vn\/en\/wp-json\/wp\/v2\/product_cat?post=19940"},{"taxonomy":"product_tag","embeddable":true,"href":"https:\/\/havamall.vn\/en\/wp-json\/wp\/v2\/product_tag?post=19940"}],"curies":[{"name":"wp","href":"https:\/\/api.w.org\/{rel}","templated":true}]}}