{"id":19935,"date":"2021-05-13T15:56:03","date_gmt":"2021-05-13T08:56:03","guid":{"rendered":"https:\/\/havamall.vn\/?post_type=product&#038;p=19935"},"modified":"2022-01-09T23:33:47","modified_gmt":"2022-01-09T16:33:47","slug":"rong-nho-tasami-sot-me-rang-tasami-sea-grapes-with-roasted-sesame-sauce-35g","status":"publish","type":"product","link":"https:\/\/havamall.vn\/en\/shop\/rong-nho-tasami-sot-me-rang-tasami-sea-grapes-with-roasted-sesame-sauce-35g\/","title":{"rendered":"Rong Nho Tasami S\u1ed1t M\u00e8 Rang &#8211; Tasami Sea Grapes with Roasted Sesame Sauce 35g"},"content":{"rendered":"<table style=\"height: 237px;\" width=\"644\">\n<tbody>\n<tr>\n<td>Th\u01b0\u01a1ng hi\u1ec7u<\/td>\n<td>Ph\u00fac Th\u1ecbnh<\/td>\n<\/tr>\n<tr>\n<td>Xu\u1ea5t x\u1ee9<\/td>\n<td>Vi\u1ec7t Nam<\/td>\n<\/tr>\n<tr>\n<td>Th\u00e0nh ph\u1ea7n<\/td>\n<td>Rong nho t\u00e1ch n\u01b0\u1edbc (20g), s\u1ed1t m\u00e8 rang (15g)<\/td>\n<\/tr>\n<tr>\n<td>H\u1ea1n s\u1eed d\u1ee5ng<\/td>\n<td>6 th\u00e1ng k\u1ec3 t\u1eeb ng\u00e0y s\u1ea3n xu\u1ea5t<\/td>\n<\/tr>\n<tr>\n<td>C\u00e1ch s\u1eed d\u1ee5ng<\/td>\n<td>Ng\u00e2m v\u1edbi n\u01b0\u1edbc kho\u1ea3ng 3 ph\u00fat cho b\u1edbt m\u1eb7n v\u00e0 \u01b0\u1edbp \u0111\u00e1 khi \u0103n<\/td>\n<\/tr>\n<tr>\n<td>\u00a0B\u1ea3o qu\u1ea3n<\/td>\n<td>B\u1ea3o qu\u1ea3n d\u01b0\u1edbi 30 C<\/td>\n<\/tr>\n<tr>\n<td>Kh\u1ed1i l\u01b0\u1ee3ng t\u1ecbnh<\/td>\n<td>35gram<\/td>\n<\/tr>\n<\/tbody>\n<\/table>\n<p><span style=\"font-weight: 400;\">Rong nho Tasami \u0111\u01b0\u1ee3c s\u1ea3n su\u1ea5t b\u1edfi c\u00f4ng ty C\u1ed5 Ph\u1ea7n S\u1ea3n Xu\u1ea5t, Th\u01b0\u01a1ng M\u1ea1i V\u00e0 D\u1ecbch V\u1ee5 Ph\u00fac Th\u1ecbnh. C\u00f4ng ty C\u1ed5 Ph\u1ea7n S\u1ea3n Xu\u1ea5t, Th\u01b0\u01a1ng M\u1ea1i V\u00e0 D\u1ecbch V\u1ee5 Ph\u00fac Th\u1ecbnh chuy\u00ean nh\u1eadp kh\u1ea9u v\u00e0 ph\u00e2n ph\u1ed1i c\u00e1c s\u1ea3n ph\u1ea9m c\u1ee7a H\u00e0n Qu\u1ed1c.<br \/>\nTrong qu\u00e1 tr\u00ecnh h\u00ecnh th\u00e0nh v\u00e0 ph\u00e1t tri\u1ec3n, v\u1edbi ti\u00eau ch\u00ed ho\u1ea1t \u0111\u1ed9ng xuy\u00ean su\u1ed1t \u201cUy t\u00edn \u2013 Hi\u1ec7u qu\u1ea3 \u2013 Ch\u1ea5t l\u01b0\u1ee3ng\u201d Ph\u00fac Th\u1ecbnh lu\u00f4n \u0111\u1eb7t kh\u00e1ch h\u00e0ng l\u00ean h\u00e0ng \u0111\u1ea7u v\u00e0 \u0111em l\u1ea1i nh\u1eefng gi\u00e1 tr\u1ecb t\u1ed1t nh\u1ea5t cho kh\u00e1ch h\u00e0ng.<\/span><\/p>\n<p><span style=\"font-weight: 400;\">Rong nho bi\u1ec3n \u0111\u01b0\u1ee3c v\u00ed nh\u01b0 nh\u1eefng vi\u00ean ng\u1ecdc xanh c\u1ee7a bi\u1ec3n c\u1ea3 v\u00ec v\u1ecb ngon, gi\u00f2n r\u1ed9p r\u1ed9p nghe vui tai gi\u1ed1ng nh\u01b0 ch\u00f9m nho nh\u1ecf v\u1ee1 tan trong mi\u1ec7ng v\u00e0 nh\u1eefng t\u00e1c d\u1ee5ng tuy\u1ec7t v\u1eddi c\u1ee7a n\u00f3 \u0111em l\u1ea1i<\/span><\/p>\n<p><img fetchpriority=\"high\" decoding=\"async\" class=\"wp-image-19936 aligncenter\" src=\"https:\/\/havamall.vn\/wp-content\/uploads\/2021\/05\/j-300x213.jpg\" alt=\"\" width=\"558\" height=\"396\" srcset=\"https:\/\/havamall.vn\/wp-content\/uploads\/2021\/05\/j-300x213.jpg 300w, https:\/\/havamall.vn\/wp-content\/uploads\/2021\/05\/j-430x305.jpg 430w, https:\/\/havamall.vn\/wp-content\/uploads\/2021\/05\/j-150x106.jpg 150w, https:\/\/havamall.vn\/wp-content\/uploads\/2021\/05\/j-700x496.jpg 700w, https:\/\/havamall.vn\/wp-content\/uploads\/2021\/05\/j-768x544.jpg 768w, https:\/\/havamall.vn\/wp-content\/uploads\/2021\/05\/j-1024x726.jpg 1024w, https:\/\/havamall.vn\/wp-content\/uploads\/2021\/05\/j-1200x851.jpg 1200w, https:\/\/havamall.vn\/wp-content\/uploads\/2021\/05\/j-600x425.jpg 600w, https:\/\/havamall.vn\/wp-content\/uploads\/2021\/05\/j.jpg 1329w\" sizes=\"(max-width: 558px) 100vw, 558px\" \/><\/p>\n<p><span style=\"font-weight: 400;\">Rong nho d\u00f9ng l\u00e0m rau r\u1ea5t t\u1ed1t cho c\u1ea3 ng\u01b0\u1eddi l\u1edbn v\u00e0 tr\u1ebb em.\u00a0<\/span><span style=\"font-weight: 400;\">Rong nho l\u00e0 m\u1ed9t lo\u1ea1i t\u1ea3o bi\u1ec3n c\u00f3 h\u00ecnh d\u1ea1ng gi\u1ed1ng nh\u01b0 m\u1ed9t ch\u00f9m nho. N\u00f3 c\u00f2n \u0111\u01b0\u1ee3c m\u1ec7nh danh l\u00e0 tr\u1ee9ng c\u00e1 mu\u1ed1i xanh (tr\u1ee9ng c\u00e1 mu\u1ed1i hay caviar \u0111\u01b0\u1ee3c bi\u1ebft \u0111\u1ebfn l\u00e0 m\u00f3n \u0103n r\u1ea5t \u0111\u1eaft \u0111\u1ecf ch\u1ec9 d\u00e0nh cho gi\u1edbi th\u01b0\u1ee3ng l\u01b0u). Rong nho th\u00edch h\u1ee3p nh\u1ea5t ch\u1ea5m k\u00e8m v\u1edbi s\u1ed1t m\u00e8 rang.<\/span><\/p>\n<p><img decoding=\"async\" class=\"aligncenter\" src=\"https:\/\/havamall.vn\/wp-content\/uploads\/2020\/12\/caf5c50fe971e31c26fc4a100d55a5ea.jpg\" alt=\"\u2b50Rong nho kh\u00f4 Vmax h\u1ed9p 220g 10 g\u00f3i - rong nho bi\u1ec3n t\u01b0\u01a1i \u0111\u01b0\u1ee3c s\u1ea3n xu\u1ea5t t\u1eeb gi\u1ed1ng rong nho Nh\u1eadt B\u1ea3n -T\u1eb7ng 1 g\u00f3i n\u01b0\u1edbc s\u1ed1t m\u00e8 rang Kewpie 15ml: Mua\" width=\"561\" height=\"329\" \/><\/p>\n<p><span style=\"font-weight: 400;\">Rong nho bi\u1ec3n th\u01b0\u1eddng \u0111\u01b0\u1ee3c khai th\u00e1c v\u00e0 s\u1eed d\u1ee5ng nh\u01b0 m\u1ed9t lo\u1ea1i rau. Tuy nhi\u00ean, h\u00e0m l\u01b0\u1ee3ng dinh d\u01b0\u1ee1ng c\u1ee7a n\u00f3 cao h\u01a1n c\u00e1c lo\u1ea1i rau th\u00f4ng th\u01b0\u1eddng r\u1ea5t nhi\u1ec1u.<\/span><\/p>\n<p>Rong bi\u1ec3n Tasami nay ti\u1ec7n d\u1ee5ng h\u01a1n khi c\u00f3 s\u1eb5n g\u00f3i s\u1ed1t m\u00e8 ranh \u0111i k\u00e8m gi\u00fap b\u1ea1n ti\u1ebft ki\u1ec7m h\u01a1n.<\/p>\n<p><img decoding=\"async\" class=\"aligncenter\" src=\"https:\/\/havamall.vn\/wp-content\/uploads\/2020\/12\/11131733_1578141362448075_714353540_n.jpg\" alt=\"Rong nho bi\u1ec3n c\u00f3 g\u00ec \u0111\u1eb7c bi\u1ec7t m\u00e0 \" width=\"568\" height=\"378\" \/><\/p>\n<h4><span style=\"font-weight: 400;\"><strong>C\u00f4ng d\u1ee5ng c\u1ee7a rong nho:<\/strong><\/span><\/h4>\n<p><span style=\"font-weight: 400;\">&#8211; Rong nho \u0111\u01b0\u1ee3c v\u00ed nh\u01b0 l\u00e0 vi\u00ean ng\u1ecdc xanh c\u1ee7a bi\u1ec3n b\u1edfi nh\u1eefng c\u00f4ng d\u1ee5ng th\u1ea7n k\u1ef3 c\u1ee7a n\u00f3<\/span><\/p>\n<p><span style=\"font-weight: 400;\">&#8211; Gi\u00fap x\u01b0\u01a1ng ch\u1eafc kh\u1ecfe: Rong nho bi\u1ec3n r\u1ea5t gi\u00e0u protein, omega 3\u00a0<\/span><\/p>\n<p><span style=\"font-weight: 400;\">&#8211; Rong nho gi\u00e0u ch\u1ea5t s\u1eaft v\u00e0 vitamin A. V\u00ec v\u1eady, n\u00f3 c\u00f3 t\u00e1c d\u1ee5ng t\u0103ng c\u01b0\u1eddng ch\u1ee9c n\u0103ng c\u1ee7a h\u1ec7 th\u1ea7n kinh th\u1ecb gi\u00e1c, c\u1ea3i thi\u1ec7n th\u1ecb l\u1ef1c\u00a0<\/span><\/p>\n<p><span style=\"font-weight: 400;\">&#8211; L\u00e0m \u0111\u1eb9p da: Ch\u1ea5t b\u00e9o c\u00f3 trong rong nho s\u1ebd gi\u00fap b\u1ea3o v\u1ec7 m\u00e0ng t\u1ebf b\u00e0o qua \u0111\u00f3 gi\u1ea3m c\u00e1c tri\u1ec7u ch\u1ee9ng kh\u00f4 da<\/span><\/p>\n<p><span style=\"font-weight: 400;\">&#8211; H\u1ea1n ch\u1ebf t\u00e1o b\u00f3n: Rong nho bi\u1ec3n ch\u1ee9a l\u01b0\u1ee3ng calo v\u00e0 \u0111\u01b0\u1eddng r\u1ea5t th\u1ea5p, cho ph\u00e9p vi khu\u1ea9n d\u1ec5 d\u00e0ng ti\u00eau h\u00f3a th\u1ee9c \u0103n v\u00e0 b\u00e0i ti\u1ebft ch\u1ea5t th\u1ea3i m\u1ed9t c\u00e1ch nhanh ch\u00f3ng<\/span><\/p>\n<p><span style=\"font-weight: 400;\">&#8211; Rong nho bi\u1ec3n \u00edt \u0111\u01b0\u1eddng nh\u01b0ng gi\u00e0u canxi, k\u1ebdm, s\u1eaft, protein th\u1ef1c v\u1eadt, vitamin C n\u00ean c\u00f3 th\u1ec3 coi l\u00e0 th\u1ef1c ph\u1ea9m b\u1ed5 d\u01b0\u1ee1ng v\u00e0 an to\u00e0n cho trong tr\u01b0\u1eddng h\u1ee3p b\u1ea1n b\u1ecb th\u1eeba c\u00e2n hay \u0111ang trong ch\u1ebf \u0111\u1ed9 \u0103n ki\u00eang.<\/span><\/p>\n<p><img loading=\"lazy\" decoding=\"async\" class=\"aligncenter\" src=\"https:\/\/havamall.vn\/wp-content\/uploads\/2021\/05\/Nuoc-sot-me-rang-cham-rong-nho.jpg\" alt=\"Rong Nho \u0102n V\u1edbi N\u01b0\u1edbc Ch\u1ea5m G\u00ec? Th\u1eed 7 Lo\u1ea1i N\u01b0\u1edbc S\u1ed1t Si\u00eau Ngon\" width=\"566\" height=\"405\" \/><\/p>\n<h4><strong>C\u00e1ch s\u1eed d\u1ee5ng rong nho Tasami:<\/strong><\/h4>\n<p><span style=\"font-weight: 400;\">&#8211; Cho rong nho v\u00e0o t\u00f4 0.5 l\u00edt n\u01b0\u1edbc s\u1ea1ch ng\u00e2m trong 3 ph\u00fat<\/span><\/p>\n<p><span style=\"font-weight: 400;\">&#8211; V\u1edbt ra r\u1eeda l\u1ea1i 2-3 l\u1ea7n v\u1edbi n\u01b0\u1edbc s\u1ea1ch v\u00e0 ng\u00e2m trong n\u01b0\u1edbc \u0111\u00e1 kho\u1ea3ng 3 ph\u00fat \u0111\u1ec3 rong nho ngon v\u00e0 gi\u00f2n h\u01a1n<\/span><\/p>\n<p><span style=\"font-weight: 400;\">&#8211; \u0110\u1ec3 r\u00e1o n\u01b0\u1edbc v\u00e0 s\u1eed d\u1ee5ng ngay trong v\u00f2ng 30 ph\u00fat, th\u01b0\u1edfng th\u1ee9c ch\u1ea5m tr\u1ef1c ti\u1ebfp v\u1edbi c\u00e1c n\u01b0\u1edbc s\u1ed1t kh\u00e1c nhau t\u00f9y theo kh\u1ea9u v\u1ecb ho\u1eb7c d\u00f9ng thay th\u1ebf rau xanh, l\u00e0m c\u00e1c m\u00f3n tr\u1ed9n g\u1ecfi, salad, \u0103n k\u00e8m sushi, sinh t\u1ed1, \u0111\u1eafp m\u1eb7t n\u1ea1, l\u00e0m \u0111\u1eb9p\u2026<\/span><\/p>\n<p>&#8211; \u0102n k\u00e8m v\u1edbi g\u00f3i s\u1ed1t m\u00e8 rang c\u00f3 s\u1eb5n<\/p>\n<p><span style=\"font-weight: 400;\">Khi s\u1eed d\u1ee5ng n\u00ean b\u1ecf tr\u1ef1c ti\u1ebfp tr\u00ean \u0111\u00e1 l\u1ea1nh \u0111\u1ec3 gi\u1eef \u0111\u01b0\u1ee3c \u0111\u1ed9 gi\u00f2n, v\u00e0 k\u00edch th\u01b0\u1edbc l\u1edbn nh\u1ea5t c\u1ee7a rong nho. Rong nho ngon nh\u1ea5t khi \u0103n chung v\u1edbi s\u1ed1t m\u00e8 rang.<\/span><\/p>\n<p><span style=\"font-weight: 400;\"><img loading=\"lazy\" decoding=\"async\" class=\"aligncenter\" src=\"https:\/\/havamall.vn\/wp-content\/uploads\/2020\/12\/rong-nho-1.jpg\" alt=\"RONG NHO T\u00c1CH N\u01af\u1edaC SABUDO - \u0111i du l\u1ecbch c\u00f9ng Tugo.com.vn\" width=\"545\" height=\"307\" \/><\/span><\/p>\n<h4><strong>L\u01b0u \u00fd:\u00a0<\/strong><\/h4>\n<p><span style=\"font-weight: 400;\">&#8211; B\u1ea1n ng\u00e2m v\u1eeba \u0111\u1ee7 l\u01b0\u1ee3ng \u0103n \u0111\u1ec3 tr\u00e1nh kh\u00f4ng \u0103n \u0111\u1ebfn s\u1ebd l\u00e0m rong nho b\u1ecb teo l\u1ea1i<\/span><\/p>\n<p><span style=\"font-weight: 400;\">&#8211; Kh\u00f4ng chi\u00ean x\u00e0o, n\u1ea5u ch\u00edn, \u0111\u1ed5 n\u01b0\u1edbc s\u1ed1t tr\u1ef1c ti\u1ebfp l\u00ean rong nho v\u00ec rong nho s\u1ebd x\u1eb9p l\u1ea1i v\u00e0 kh\u00f4ng c\u00f2n ngon gi\u00f2n.<\/span><span style=\"font-weight: 400;\"><br \/>\n<\/span><span style=\"font-weight: 400;\">&#8211; Kh\u00f4ng s\u1eed d\u1ee5ng rong nho khi c\u00f3 m\u00e0u s\u1eafc v\u00e0 c\u00f3 m\u00f9i l\u1ea1<\/span><\/p>\n<p><img loading=\"lazy\" decoding=\"async\" class=\"aligncenter\" src=\"https:\/\/havamall.vn\/wp-content\/uploads\/2020\/12\/maxresdefault-2-e1568864087675.jpg\" alt=\"14 \u0111\u1eb7c s\u1ea3n Nha Trang mua v\u1ec1 l\u00e0m qu\u00e0 l\u00e0 \u201cnh\u1ea5t\u201d (Ti\u1ebfp theo) - ChuduInfo\" width=\"552\" height=\"374\" \/><\/p>\n<h4><strong>C\u00e1ch b\u1ea3o qu\u1ea3n:<\/strong><\/h4>\n<p><span style=\"font-weight: 400;\">&#8211; B\u1ea3o qu\u1ea3n trong m\u00f4i tr\u01b0\u1eddng th\u01b0\u1eddng, nhi\u1ec7t \u0111\u1ed9 d\u01b0\u1edbi 30 \u0111\u1ed9, rong nho Tasami c\u00f3 h\u1ea1n d\u00f9ng 6 th\u00e1ng k\u1ec3 t\u1eeb ng\u00e0y s\u1ea3n xu\u1ea5t<\/span><\/p>\n<p><span style=\"font-weight: 400;\">&#8211; B\u1ea3o qu\u1ea3n trong m\u00f4i tr\u01b0\u1eddng l\u1ea1nh 3-10 \u0111\u1ed9, rong nho Tasami d\u00f9ng \u0111\u01b0\u1ee3c trong 12 th\u00e1ng k\u1ec3 t\u1eeb ng\u00e0y s\u1ea3n xu\u1ea5t<\/span><\/p>\n<p><span style=\"font-weight: 400;\">S\u1ea3n ph\u1ea9m \u0111\u01b0\u1ee3c ph\u00e2n ph\u1ed1i tr\u1ef1c ti\u1ebfp t\u1ea1i Havamall.<\/span><\/p>","protected":false},"excerpt":{"rendered":"<p>Th\u01b0\u01a1ng hi\u1ec7u Ph\u00fac Th\u1ecbnh Xu\u1ea5t x\u1ee9 Vi\u1ec7t Nam Th\u00e0nh ph\u1ea7n Rong nho t\u00e1ch n\u01b0\u1edbc (20g), s\u1ed1t m\u00e8 rang (15g) H\u1ea1n<\/p>","protected":false},"featured_media":19983,"comment_status":"open","ping_status":"closed","template":"","meta":[],"product_brand":[],"product_cat":[36],"product_tag":[],"class_list":{"0":"post-19935","1":"product","2":"type-product","3":"status-publish","4":"has-post-thumbnail","6":"product_cat-thuc-pham-tieu-dung","8":"first","9":"instock","10":"sale","11":"shipping-taxable","12":"purchasable","13":"product-type-simple"},"_links":{"self":[{"href":"https:\/\/havamall.vn\/en\/wp-json\/wp\/v2\/product\/19935"}],"collection":[{"href":"https:\/\/havamall.vn\/en\/wp-json\/wp\/v2\/product"}],"about":[{"href":"https:\/\/havamall.vn\/en\/wp-json\/wp\/v2\/types\/product"}],"replies":[{"embeddable":true,"href":"https:\/\/havamall.vn\/en\/wp-json\/wp\/v2\/comments?post=19935"}],"version-history":[{"count":0,"href":"https:\/\/havamall.vn\/en\/wp-json\/wp\/v2\/product\/19935\/revisions"}],"wp:featuredmedia":[{"embeddable":true,"href":"https:\/\/havamall.vn\/en\/wp-json\/wp\/v2\/media\/19983"}],"wp:attachment":[{"href":"https:\/\/havamall.vn\/en\/wp-json\/wp\/v2\/media?parent=19935"}],"wp:term":[{"taxonomy":"product_brand","embeddable":true,"href":"https:\/\/havamall.vn\/en\/wp-json\/wp\/v2\/product_brand?post=19935"},{"taxonomy":"product_cat","embeddable":true,"href":"https:\/\/havamall.vn\/en\/wp-json\/wp\/v2\/product_cat?post=19935"},{"taxonomy":"product_tag","embeddable":true,"href":"https:\/\/havamall.vn\/en\/wp-json\/wp\/v2\/product_tag?post=19935"}],"curies":[{"name":"wp","href":"https:\/\/api.w.org\/{rel}","templated":true}]}}