{"id":19924,"date":"2021-05-13T15:12:03","date_gmt":"2021-05-13T08:12:03","guid":{"rendered":"https:\/\/havamall.vn\/?post_type=product&#038;p=19924"},"modified":"2025-10-10T09:13:20","modified_gmt":"2025-10-10T02:13:20","slug":"bot-nem-rau-cu-huu-co-sottolestelle-organic-vegetable-seasoning-powder-100g","status":"publish","type":"product","link":"https:\/\/havamall.vn\/en\/shop\/bot-nem-rau-cu-huu-co-sottolestelle-organic-vegetable-seasoning-powder-100g\/","title":{"rendered":"B\u1ed9t N\u00eam Rau C\u1ee7 H\u1eefu C\u01a1 &#8211; Sottolestelle Organic Vegetable Seasoning Powder 100g"},"content":{"rendered":"<table>\n<tbody>\n<tr>\n<td><span style=\"font-weight: 400\">Th\u01b0\u01a1ng hi\u1ec7u<\/span><\/td>\n<td><span style=\"font-weight: 400\">Sottolestelle<\/span><\/td>\n<\/tr>\n<tr>\n<td><span style=\"font-weight: 400\">Xu\u1ea5t x\u1ee9<\/span><\/td>\n<td><span style=\"font-weight: 400\">\u00dd<\/span><\/td>\n<\/tr>\n<tr>\n<td><span style=\"font-weight: 400\">Th\u00e0nh ph\u1ea7n<\/span><\/td>\n<td><span style=\"font-weight: 400\">Mu\u1ed1i, \u0111\u01b0\u1eddng n\u00e2u, b\u1ed9t rau c\u1ee7 13,3% (h\u00e0nh t\u00e2y, c\u1ea7n t\u00e2y, c\u00e0 r\u1ed1t, c\u00e0 chua, rau bina, rau m\u00f9i t\u00e2y), tinh b\u1ed9t ng\u00f4, d\u1ea7u h\u01b0\u1edbng d\u01b0\u01a1ng, chi\u1ebft xu\u1ea5t men, b\u1ed9t ngh\u1ec7 1%<\/span><\/td>\n<\/tr>\n<tr>\n<td><span style=\"font-weight: 400\">H\u1ea1n s\u1eed d\u1ee5ng<\/span><\/td>\n<td><span style=\"font-weight: 400\">18 th\u00e1ng k\u1ec3 t\u1eeb ng\u00e0y s\u1ea3n xu\u1ea5t.<\/span><\/td>\n<\/tr>\n<tr>\n<td><span style=\"font-weight: 400\">B\u1ea3o qu\u1ea3n<\/span><\/td>\n<td><span style=\"font-weight: 400\">\u0110\u1ec3 n\u01a1i kh\u00f4 r\u00e1o, tho\u00e1ng m\u00e1t, tr\u00e1nh \u00e1nh n\u1eafng tr\u1ef1c ti\u1ebfp<\/span><\/td>\n<\/tr>\n<tr>\n<td><span style=\"font-weight: 400\">Kh\u1ed1i l\u01b0\u1ee3ng t\u1ecbnh<\/span><\/td>\n<td><span style=\"font-weight: 400\">100g<\/span><\/td>\n<\/tr>\n<\/tbody>\n<\/table>\n<p><span style=\"font-weight: 400\">Sottolestelle \u0111\u01b0\u1ee3c th\u00e0nh l\u1eadp n\u0103m 1992 t\u1ea1i v\u00f9ng \u0111\u1ed3ng qu\u00ea Gargano (Puglia) ph\u00eda \u0110\u00f4ng Nam n\u01b0\u1edbc \u00dd, v\u1edbi \u0111\u1ecbnh h\u01b0\u1edbng ph\u00e1t tri\u1ec3n theo m\u00f4 h\u00ecnh kh\u00e9p k\u00edn, g\u1ed3m 4 nh\u00f3m c\u1ea5u tr\u00fac: trang tr\u1ea1i, s\u1ea3n xu\u1ea5t, \u0111\u00f3ng g\u00f3i v\u00e0 ph\u00e2n ph\u1ed1i.<\/span><\/p>\n<p><span style=\"font-weight: 400\">Th\u01b0\u01a1ng hi\u1ec7u Sottolestelle v\u1edbi h\u01a1n 500 s\u1ea3n ph\u1ea9m \u0111\u1ec1u \u0111\u1eb7t c\u00e1c ch\u1ee9ng nh\u1eadn h\u1eefu c\u01a1, lu\u00f4n ph\u00f9 h\u1ee3p v\u1edbi nhu c\u1ea7u c\u1ee7a m\u1ed9t th\u1ecb tr\u01b0\u1eddng c\u00f3 ti\u00eau chuy\u1ec3n kh\u1eaft khe nh\u1ea5t. Sottolestelle kh\u00f4ng ng\u1eebng ph\u00e1t tri\u1ec3n v\u00e0 ng\u00e0y c\u00e0ng t\u0103ng s\u1ed1 l\u01b0\u1ee3ng s\u1ea3n ph\u1ea9m h\u1eefu c\u01a1, lu\u00f4n nghi\u00ean c\u1ee9u v\u00e0 \u0111\u01b0a ra c\u00f4ng th\u1ee9c n\u1ea5u \u0103n ph\u00f9 h\u1ee3p, \u0111\u1ec3 \u0111\u00e1p \u1ee9ng nhu c\u1ea7u dinh d\u01b0\u1ee1ng c\u1ee7a t\u1eebng ng\u01b0\u1eddi v\u00e0 \u0111\u1ea3m b\u1ea3o ti\u00eau chu\u1ea9n ch\u1ea5t l\u01b0\u1ee3ng cao nh\u1ea5t cho t\u1ea5t c\u1ea3 c\u00e1c s\u1ea3n ph\u1ea9m.<\/span><\/p>\n<p><img fetchpriority=\"high\" decoding=\"async\" class=\"wp-image-19926 aligncenter\" src=\"https:\/\/havamall.com\/wp-content\/uploads\/2025\/10\/vv-300x300.png\" alt=\"\" width=\"565\" height=\"565\" \/><\/p>\n<p><span style=\"font-weight: 400\">B\u1ed9t n\u00eam rau c\u1ee7 Sottolestelle d\u01b0\u1edbi d\u1ea1ng vi\u00ean n\u00e9n d\u1ec5 h\u00f2a tan, gi\u00fap r\u00fat ng\u1eafn th\u1eddi gian h\u1ea7m rau c\u1ee7 qu\u1ea3 nh\u01b0 th\u00f4ng th\u01b0\u1eddng m\u00e0 v\u1eabn cho n\u01b0\u1edbc d\u00f9ng m\u00e0u s\u1eafc t\u1ef1 nhi\u00ean v\u1edbi m\u00f9i th\u01a1m t\u1ef1 nhi\u00ean nh\u01b0 n\u01b0\u1edbc h\u1ea7m n\u1ea5u k\u1ef9.<\/span><\/p>\n<p><img decoding=\"async\" class=\"wp-image-19927 aligncenter\" src=\"https:\/\/havamall.com\/wp-content\/uploads\/2025\/10\/top-view-mix-vegetables-with-copy-space_23-2148369694-300x200.png\" alt=\"\" width=\"561\" height=\"374\" \/><\/p>\n<p>Tr\u00ean th\u1ef1c t\u1ebf, kh\u00f4ng ph\u1ea3i l\u00fac n\u00e0o b\u1ea1n c\u0169ng mua \u0111\u01b0\u1ee3c rau c\u1ee7 t\u01b0\u01a1i ngon, m\u1ed9t ph\u1ea7n do m\u00f9a v\u1ee5 ho\u1eb7c th\u1eddi ti\u1ebft thay \u0111\u1ed5i. Ho\u1eb7c n\u1ebfu c\u00f3 th\u00f3i quen d\u1ef1 tr\u1eef th\u1ef1c ph\u1ea9m, b\u1ea1n ho\u00e0n to\u00e0n c\u00f3 th\u1ec3 b\u1ecf qua th\u1eddi \u0111i\u1ec3m rau c\u1ee7 c\u00f3 ch\u1ea5t l\u01b0\u1ee3ng t\u1ed1t nh\u1ea5t m\u00e0 s\u1eed d\u1ee5ng ch\u00fang khi ch\u01b0a \u0111\u1ee7 ch\u00edn ho\u1eb7c \u0111\u00e3 qu\u00e1 gi\u00e0. V\u1edbi b\u1ed9t rau c\u1ee7 <span style=\"font-weight: 400\">Sottolestelle\u00a0<\/span>\u0111\u00f3ng h\u1ed9p, nh\u00e0 s\u1ea3n xu\u1ea5t ho\u00e0n to\u00e0n ki\u1ec3m so\u00e1t \u0111\u01b0\u1ee3c ch\u1ea5t l\u01b0\u1ee3ng \u0111\u1ed3ng \u0111\u1ec1u c\u1ee7a nguy\u00ean li\u1ec7u, rau c\u1ee7 \u0111\u01b0\u1ee3c ch\u1ebf bi\u1ebfn ngay sau khi thu ho\u1ea1ch gi\u00fap ch\u00fang gi\u1eef \u0111\u01b0\u1ee3c h\u00e0m l\u01b0\u1ee3ng dinh d\u01b0\u1ee1ng t\u1ed1i \u0111a.<\/p>\n<p><img decoding=\"async\" class=\"wp-image-19928 aligncenter\" src=\"https:\/\/havamall.com\/wp-content\/uploads\/2025\/10\/soup-with-small-pasta-vegetables-pieces-meat-bowl-blue-table-italian-food-top-view-flat-lay_2829-17384-300x200.png\" alt=\"\" width=\"549\" height=\"366\" \/><\/p>\n<p>R\u1ea5t l\u00fd t\u01b0\u1edfng cho vi\u1ec7c n\u00eam \u01b0\u1edbp c\u00e1c m\u00f3n rau x\u00e0o, m\u00f3n h\u1ea7m, s\u00fap, n\u01b0\u1edbc s\u1ed1t, khoai t\u00e2y v\u00e0 m\u00ec \u1ed1ng, salad, ch\u00e1o, th\u1ecbt kho ho\u1eb7c n\u01b0\u1edbng v\u00e0 nhi\u1ec1u m\u00f3n \u0103n kh\u00e1c. Ngo\u00e0i ra b\u1ea1n c\u00f3 th\u1ec3 s\u1eed d\u1ee5ng l\u00e0m n\u01b0\u1edbc soup , ch\u1ec9 c\u1ea7n cho m\u1ed9t vi\u00ean b\u1ed9t n\u00eam rau c\u1ee7 v\u1edbi 500ml n\u01b0\u1edbc l\u00e0 \u0111\u00e3 c\u00f3 ngay n\u1ed3i n\u01b0\u1edbc s\u00fap nh\u01b0 \u00fd.<\/p>\n<p><img loading=\"lazy\" decoding=\"async\" class=\"wp-image-19929 aligncenter\" src=\"https:\/\/havamall.com\/wp-content\/uploads\/2025\/10\/v-300x300.jpg\" alt=\"\" width=\"550\" height=\"550\" \/><\/p>\n<p><span style=\"font-weight: 400\">B\u1ed9t n\u00eam rau c\u1ee7 v\u1edbi c\u00f4ng ngh\u1ec7 s\u1ea5y c\u1ee7a Sottolestelle v\u00e0 b\u00ed quy\u1ebft ch\u1ebf bi\u1ebfn \u0111\u1ed9c \u0111\u00e1o gi\u00fap b\u1ea3o to\u00e0n \u0111\u01b0\u1ee3c ch\u1ea5t x\u01a1, kho\u00e1ng ch\u1ea5t trong m\u1ed7i nguy\u00ean li\u1ec7u, kh\u00f4ng ch\u1ec9 an to\u00e0n, thu\u1ea7n v\u1ecb t\u1ef1 nhi\u00ean m\u00e0 c\u00f2n gi\u00fap cho b\u1eefa \u0103n c\u1ee7a gia \u0111\u00ecnh b\u1ea1n th\u00eam an l\u00e0nh, tr\u00f2n v\u1ecb.<\/span><\/p>\n<p><span style=\"font-weight: 400\">B\u1ed9t n\u00eam h\u1eefu c\u01a1 ph\u00f9 h\u1ee3p cho ng\u01b0\u1eddi \u0103n chay, \u0103n ki\u00eang, eatclean, th\u1ef1c d\u01b0\u1ee1ng,\u2026 \u0111\u1eb7c bi\u1ec7t th\u00edch h\u1ee3p cho c\u00e1c b\u00e9 trong giai \u0111o\u1ea1n \u0103n d\u1eb7m.<\/span><\/p>\n<p><img loading=\"lazy\" decoding=\"async\" class=\"wp-image-19931 aligncenter\" src=\"https:\/\/havamall.com\/wp-content\/uploads\/2025\/10\/chicken-soup-with-green-peas-carrots-potatoes-white-bowl_2829-10726-300x200.png\" alt=\"\" width=\"547\" height=\"365\" \/><\/p>\n<p>H\u1ea1t n\u00eam m\u1ec1m, m\u1ecbn, t\u01a1i nh\u01b0 b\u1ed9t canh, ng\u1ecdt t\u1eeb rau c\u1ee7 h\u1ee3p l\u00e0m gia v\u1ecb \u0103n d\u1eb7m cho tr\u1ebb, n\u1ea5u s\u00fap, ch\u00e1o, canh, c\u00e1c m\u00f3n h\u1ea7m, n\u01b0\u1edbng, x\u00e0o\u2026<br \/>\nT\u1ea1o v\u1ecb \u0111\u1eadm \u0111\u00e0, v\u1ecb ng\u1ecdt t\u1ef1 nhi\u00ean cho m\u00f3n \u0103n, b\u1ed5 sung nh\u1eefng vitamin, kho\u00e1ng ch\u1ea5t gi\u00fap t\u0103ng c\u01b0\u1eddng s\u1ee9c kh\u1ecfe v\u00e0 c\u00f3 kh\u1ea3 n\u0103ng ph\u00f2ng ng\u1eeba b\u1ec7nh t\u1eadt.<\/p>\n<p><img loading=\"lazy\" decoding=\"async\" class=\"wp-image-19932 aligncenter\" src=\"https:\/\/havamall.com\/wp-content\/uploads\/2025\/10\/pumpkin-creamy-soup-served-bowl_1220-3445-300x200.png\" alt=\"\" width=\"540\" height=\"360\" \/><\/p>\n<h4><strong>\u0110\u1eb7c \u0111i\u1ec3m n\u1ed5i b\u1eadt c\u1ee7a B\u1ed9t n\u00eam rau c\u1ee7 h\u1eefu c\u01a1 Sottolestelle:<\/strong><\/h4>\n<p><span style=\"font-weight: 400\">\u2013 Kh\u00f4ng b\u1ed9t ng\u1ecdt, kh\u00f4ng ph\u1ee5 gia<\/span><\/p>\n<p><span style=\"font-weight: 400\">\u2013 Kh\u00f4ng th\u00eam ch\u1ea5t b\u1ea3o qu\u1ea3n v\u00e0 m\u00e0u nh\u00e2n t\u1ea1o<\/span><\/p>\n<p><span style=\"font-weight: 400\">\u2013 Nguy\u00ean li\u1ec7u c\u00f3 ngu\u1ed3n g\u1ed1c ho\u00e0n to\u00e0n t\u1eeb t\u1ef1 nhi\u00ean<\/span><\/p>\n<p><img loading=\"lazy\" decoding=\"async\" class=\"wp-image-19933 aligncenter\" src=\"https:\/\/havamall.com\/wp-content\/uploads\/2025\/10\/kuyn-300x200.jpg\" alt=\"\" width=\"528\" height=\"352\" \/><\/p>\n<h4><strong>H\u01b0\u1edbng d\u1eabn s\u1eed d\u1ee5ng:<\/strong><\/h4>\n<p><span style=\"font-weight: 400\">\u2013 D\u00f9ng l\u00e0m canh, soup, n\u01b0\u1edbc l\u1ea9u ngon ng\u1ecdt t\u1ef1 nhi\u00ean m\u00e0 kh\u00f4ng c\u1ea7n ninh rau c\u1ee7<\/span><\/p>\n<p><span style=\"font-weight: 400\">\u2013 D\u00f9ng n\u00eam, n\u1ebfm, t\u1ea9m \u01b0\u1edbp, x\u00e0o n\u1ea5u, gia v\u1ecb ch\u1ea5m c\u00e1c m\u00f3n \u0103n, b\u1ea5t k\u1ec3 l\u00e0 m\u00f3n chay hay m\u1eb7n, gi\u00fap m\u00f3n th\u1ecbt c\u00f3 th\u00eam ch\u1ea5t x\u01a1 l\u1ee3i ti\u00eau h\u00f3a.<\/span><\/p>\n<p><span style=\"font-weight: 400\">&#8211; B\u1ea3o Qu\u1ea3n: \u0110\u1eady k\u00edn khi s\u1eed d\u1ee5ng, \u0111\u1ec3 n\u01a1i tho\u00e1ng m\u00e1t, kh\u00f4 r\u00e1o.<\/span><\/p>\n<p>S\u1ea3n ph\u1ea9m hi\u1ec7n \u0111\u00e3 c\u00f3 m\u1eb7t t\u1ea1i Havamall.<\/p>","protected":false},"excerpt":{"rendered":"<p>Th\u01b0\u01a1ng hi\u1ec7u Sottolestelle Xu\u1ea5t x\u1ee9 \u00dd Th\u00e0nh ph\u1ea7n Mu\u1ed1i, \u0111\u01b0\u1eddng n\u00e2u, b\u1ed9t rau c\u1ee7 13,3% (h\u00e0nh t\u00e2y, c\u1ea7n t\u00e2y, c\u00e0<\/p>","protected":false},"featured_media":19934,"comment_status":"open","ping_status":"closed","template":"","meta":[],"product_brand":[],"product_cat":[256,36,134],"product_tag":[],"class_list":{"0":"post-19924","1":"product","2":"type-product","3":"status-publish","4":"has-post-thumbnail","6":"product_cat-thuc-pham-huu-co","7":"product_cat-thuc-pham-tieu-dung","8":"product_cat-thucpham-saykho","9":"pa_brand-sottolestell","11":"first","12":"outofstock","13":"sale","14":"shipping-taxable","15":"purchasable","16":"product-type-simple"},"_links":{"self":[{"href":"https:\/\/havamall.vn\/en\/wp-json\/wp\/v2\/product\/19924"}],"collection":[{"href":"https:\/\/havamall.vn\/en\/wp-json\/wp\/v2\/product"}],"about":[{"href":"https:\/\/havamall.vn\/en\/wp-json\/wp\/v2\/types\/product"}],"replies":[{"embeddable":true,"href":"https:\/\/havamall.vn\/en\/wp-json\/wp\/v2\/comments?post=19924"}],"version-history":[{"count":0,"href":"https:\/\/havamall.vn\/en\/wp-json\/wp\/v2\/product\/19924\/revisions"}],"wp:featuredmedia":[{"embeddable":true,"href":"https:\/\/havamall.vn\/en\/wp-json\/wp\/v2\/media\/19934"}],"wp:attachment":[{"href":"https:\/\/havamall.vn\/en\/wp-json\/wp\/v2\/media?parent=19924"}],"wp:term":[{"taxonomy":"product_brand","embeddable":true,"href":"https:\/\/havamall.vn\/en\/wp-json\/wp\/v2\/product_brand?post=19924"},{"taxonomy":"product_cat","embeddable":true,"href":"https:\/\/havamall.vn\/en\/wp-json\/wp\/v2\/product_cat?post=19924"},{"taxonomy":"product_tag","embeddable":true,"href":"https:\/\/havamall.vn\/en\/wp-json\/wp\/v2\/product_tag?post=19924"}],"curies":[{"name":"wp","href":"https:\/\/api.w.org\/{rel}","templated":true}]}}