{"id":19918,"date":"2021-05-13T14:21:39","date_gmt":"2021-05-13T07:21:39","guid":{"rendered":"https:\/\/havamall.vn\/?post_type=product&#038;p=19918"},"modified":"2021-06-24T15:17:18","modified_gmt":"2021-06-24T08:17:18","slug":"mi-spaghetti-lua-mach-den-nguyen-cam-huu-co-sottolestelle-organic-whole-wheat-spaghetti-500g","status":"publish","type":"product","link":"https:\/\/havamall.vn\/en\/shop\/mi-spaghetti-lua-mach-den-nguyen-cam-huu-co-sottolestelle-organic-whole-wheat-spaghetti-500g\/","title":{"rendered":"M\u00ec Spaghetti L\u00faa M\u1ea1ch \u0110en Nguy\u00ean C\u00e1m H\u1eefu C\u01a1 &#8211; Sottolestelle Organic Whole Wheat Spaghetti 500g"},"content":{"rendered":"<table>\n<tbody>\n<tr>\n<td><span style=\"font-weight: 400\">Th\u01b0\u01a1ng hi\u1ec7u<\/span><\/td>\n<td><span style=\"font-weight: 400\">Sottolestelle<\/span><\/td>\n<\/tr>\n<tr>\n<td><span style=\"font-weight: 400\">Xu\u1ea5t x\u1ee9<\/span><\/td>\n<td><span style=\"font-weight: 400\">\u00dd<\/span><\/td>\n<\/tr>\n<tr>\n<td><span style=\"font-weight: 400\">Th\u00e0nh ph\u1ea7n<\/span><\/td>\n<td><span style=\"font-weight: 400\">B\u1ed9t l\u00faa m\u1ea1ch \u0111en nguy\u00ean c\u00e1m, n\u01b0\u1edbc<\/span><\/td>\n<\/tr>\n<tr>\n<td><span style=\"font-weight: 400\">H\u1ea1n s\u1eed d\u1ee5ng<\/span><\/td>\n<td><span style=\"font-weight: 400\">36 th\u00e1ng k\u1ec3 t\u1eeb ng\u00e0y s\u1ea3n xu\u1ea5t.<\/span><\/td>\n<\/tr>\n<tr>\n<td><span style=\"font-weight: 400\">B\u1ea3o qu\u1ea3n<\/span><\/td>\n<td><span style=\"font-weight: 400\">\u0110\u1ec3 n\u01a1i kh\u00f4 r\u00e1o, tho\u00e1ng m\u00e1t, tr\u00e1nh \u00e1nh n\u1eafng tr\u1ef1c ti\u1ebfp<\/span><\/td>\n<\/tr>\n<tr>\n<td><span style=\"font-weight: 400\">Kh\u1ed1i l\u01b0\u1ee3ng t\u1ecbnh<\/span><\/td>\n<td><span style=\"font-weight: 400\">500g<\/span><\/td>\n<\/tr>\n<\/tbody>\n<\/table>\n<p><span style=\"font-weight: 400\">Sottolestelle \u0111\u01b0\u1ee3c th\u00e0nh l\u1eadp n\u0103m 1992 t\u1ea1i v\u00f9ng \u0111\u1ed3ng qu\u00ea Gargano (Puglia) ph\u00eda \u0110\u00f4ng Nam n\u01b0\u1edbc \u00dd, v\u1edbi \u0111\u1ecbnh h\u01b0\u1edbng ph\u00e1t tri\u1ec3n theo m\u00f4 h\u00ecnh kh\u00e9p k\u00edn, g\u1ed3m 4 nh\u00f3m c\u1ea5u tr\u00fac: trang tr\u1ea1i, s\u1ea3n xu\u1ea5t, \u0111\u00f3ng g\u00f3i v\u00e0 ph\u00e2n ph\u1ed1i.<\/span><\/p>\n<p><span style=\"font-weight: 400\">Th\u01b0\u01a1ng hi\u1ec7u Sottolestelle v\u1edbi h\u01a1n 500 s\u1ea3n ph\u1ea9m \u0111\u1ec1u \u0111\u1eb7t c\u00e1c ch\u1ee9ng nh\u1eadn h\u1eefu c\u01a1, lu\u00f4n ph\u00f9 h\u1ee3p v\u1edbi nhu c\u1ea7u c\u1ee7a m\u1ed9t th\u1ecb tr\u01b0\u1eddng c\u00f3 ti\u00eau chuy\u1ec3n kh\u1eaft khe nh\u1ea5t. Sottolestelle kh\u00f4ng ng\u1eebng ph\u00e1t tri\u1ec3n v\u00e0 ng\u00e0y c\u00e0ng t\u0103ng s\u1ed1 l\u01b0\u1ee3ng s\u1ea3n ph\u1ea9m h\u1eefu c\u01a1, lu\u00f4n nghi\u00ean c\u1ee9u v\u00e0 \u0111\u01b0a ra c\u00f4ng th\u1ee9c n\u1ea5u \u0103n ph\u00f9 h\u1ee3p, \u0111\u1ec3 \u0111\u00e1p \u1ee9ng nhu c\u1ea7u dinh d\u01b0\u1ee1ng c\u1ee7a t\u1eebng ng\u01b0\u1eddi v\u00e0 \u0111\u1ea3m b\u1ea3o ti\u00eau chu\u1ea9n ch\u1ea5t l\u01b0\u1ee3ng cao nh\u1ea5t cho t\u1ea5t c\u1ea3 c\u00e1c s\u1ea3n ph\u1ea9m.<\/span><\/p>\n<p><img fetchpriority=\"high\" decoding=\"async\" class=\"wp-image-19919 aligncenter\" src=\"https:\/\/havamall.vn\/wp-content\/uploads\/2021\/05\/17192210_10155006032741963_1472321358061553825_o-1-300x269.jpg\" alt=\"\" width=\"539\" height=\"483\" srcset=\"https:\/\/havamall.vn\/wp-content\/uploads\/2021\/05\/17192210_10155006032741963_1472321358061553825_o-1-300x269.jpg 300w, https:\/\/havamall.vn\/wp-content\/uploads\/2021\/05\/17192210_10155006032741963_1472321358061553825_o-1-430x386.jpg 430w, https:\/\/havamall.vn\/wp-content\/uploads\/2021\/05\/17192210_10155006032741963_1472321358061553825_o-1-150x135.jpg 150w, https:\/\/havamall.vn\/wp-content\/uploads\/2021\/05\/17192210_10155006032741963_1472321358061553825_o-1-700x628.jpg 700w, https:\/\/havamall.vn\/wp-content\/uploads\/2021\/05\/17192210_10155006032741963_1472321358061553825_o-1-768x689.jpg 768w, https:\/\/havamall.vn\/wp-content\/uploads\/2021\/05\/17192210_10155006032741963_1472321358061553825_o-1-1024x919.jpg 1024w, https:\/\/havamall.vn\/wp-content\/uploads\/2021\/05\/17192210_10155006032741963_1472321358061553825_o-1-1200x1077.jpg 1200w, https:\/\/havamall.vn\/wp-content\/uploads\/2021\/05\/17192210_10155006032741963_1472321358061553825_o-1-600x538.jpg 600w, https:\/\/havamall.vn\/wp-content\/uploads\/2021\/05\/17192210_10155006032741963_1472321358061553825_o-1.jpg 2048w\" sizes=\"(max-width: 539px) 100vw, 539px\" \/><\/p>\n<p><span style=\"font-weight: 400\">\u1ea8m th\u1ef1c \u00dd l\u00e0 m\u1ed9t n\u1ec1n \u1ea9m th\u1ef1c \u0111\u01b0\u1ee3c x\u1ebfp v\u00e0o h\u00e0ng tinh t\u1ebf, l\u1ed9ng l\u1eaby b\u1eadc nh\u1ea5t. Nh\u1eafc \u0111\u1ebfn m\u00f3n \u0103n \u00dd, kh\u00f4ng th\u1ec3 b\u1ecf qua c\u00e1c lo\u1ea1i nui m\u00ec Pasta. Ng\u01b0\u1eddi b\u1ea3n \u0111\u1ecba g\u1ecdi l\u00e0 \u201c N\u1eef ho\u00e0ng \u1ea9m th\u1ef1c n\u01b0\u1edbc \u00dd \u201c.\u00a0<\/span><span style=\"font-weight: 400\">Pasta l\u00e0 t\u00ean g\u1ecdi chung \u0111\u1ec3 ch\u1ec9 c\u00e1c lo\u1ea1i m\u00ec ki\u1ec3u \u00dd v\u00e0 Spaghetti c\u0169ng l\u00e0 m\u1ed9t ki\u1ec3u Pasta.<\/span><\/p>\n<p><img decoding=\"async\" class=\"wp-image-19920 aligncenter\" src=\"https:\/\/havamall.vn\/wp-content\/uploads\/2021\/05\/rhbev-300x200.jpg\" alt=\"\" width=\"536\" height=\"357\" srcset=\"https:\/\/havamall.vn\/wp-content\/uploads\/2021\/05\/rhbev-300x200.jpg 300w, https:\/\/havamall.vn\/wp-content\/uploads\/2021\/05\/rhbev-430x286.jpg 430w, https:\/\/havamall.vn\/wp-content\/uploads\/2021\/05\/rhbev-150x100.jpg 150w, https:\/\/havamall.vn\/wp-content\/uploads\/2021\/05\/rhbev-600x400.jpg 600w, https:\/\/havamall.vn\/wp-content\/uploads\/2021\/05\/rhbev.jpg 626w\" sizes=\"(max-width: 536px) 100vw, 536px\" \/><\/p>\n<p><span style=\"font-weight: 400\">M\u00ec Spaghetti th\u1eadm ch\u00ed c\u00f2n \u0111\u01b0\u1ee3c g\u1ecdi l\u00e0 m\u00ec \u00dd b\u1edfi s\u1ef1 \u0111\u1eb7c tr\u01b0ng c\u1ee7a n\u00f3 t\u1ea1i qu\u1ed1c gia n\u00e0y Gi\u1edd \u0111\u00e2y, b\u1ea1n c\u00f3 th\u1ec3 th\u01b0\u1edfng th\u1ee9c h\u01b0\u01a1ng v\u1ecb tr\u1ecdn v\u1eb9n c\u1ee7a c\u00e1c s\u1ee3i m\u00ec Spaghetti trong m\u1ed9t bi\u1ebfn th\u1ec3 \u0111\u1eb7c bi\u1ec7t h\u01a1n t\u1eeb 100% b\u1ed9t l\u00faa m\u1ea1ch \u0111en thay v\u00ec b\u1ed9t m\u00ec semolina truy\u1ec1n th\u1ed1ng.<\/span><\/p>\n<p><img decoding=\"async\" class=\"wp-image-19921 aligncenter\" src=\"https:\/\/havamall.vn\/wp-content\/uploads\/2021\/05\/ccd-300x300.jpg\" alt=\"\" width=\"531\" height=\"531\" srcset=\"https:\/\/havamall.vn\/wp-content\/uploads\/2021\/05\/ccd-300x300.jpg 300w, https:\/\/havamall.vn\/wp-content\/uploads\/2021\/05\/ccd-430x430.jpg 430w, https:\/\/havamall.vn\/wp-content\/uploads\/2021\/05\/ccd-150x150.jpg 150w, https:\/\/havamall.vn\/wp-content\/uploads\/2021\/05\/ccd-700x700.jpg 700w, https:\/\/havamall.vn\/wp-content\/uploads\/2021\/05\/ccd-768x768.jpg 768w, https:\/\/havamall.vn\/wp-content\/uploads\/2021\/05\/ccd-600x600.jpg 600w, https:\/\/havamall.vn\/wp-content\/uploads\/2021\/05\/ccd-100x100.jpg 100w, https:\/\/havamall.vn\/wp-content\/uploads\/2021\/05\/ccd.jpg 800w\" sizes=\"(max-width: 531px) 100vw, 531px\" \/><\/p>\n<p><span style=\"font-weight: 400\">M\u00ec spaghetti n\u00e0y kh\u00e1c v\u1edbi c\u00e1c lo\u1ea1i m\u00ec kh\u00e1c, b\u1edfi n\u00f3 \u0111\u01b0\u1ee3c l\u00e0m t\u1eeb b\u1ed9t l\u00faa m\u1ea1ch \u0111en gi\u00e0u dinh d\u01b0\u1ee1ng. Lo\u1ea1i b\u1ed9t n\u00e0y ch\u1ee9a nhi\u1ec1u ch\u1ea5t x\u01a1, kho\u00e1ng ch\u1ea5t v\u1edbi \u00edt carbohydrate v\u00e0 kh\u00f4ng g\u00e2y t\u0103ng \u0111\u1ed9t bi\u1ebfn l\u01b0\u1ee3ng \u0111\u01b0\u1eddng trong m\u00e1u. B\u1ed9t l\u00faa m\u1ea1ch \u0111en c\u00f3 hi\u1ec7u qu\u1ea3 trong vi\u1ec7c ki\u1ec3m so\u00e1t m\u1ee9c glucose v\u00e0 c\u1ea3i thi\u1ec7n ho\u1ea1t \u0111\u1ed9ng c\u1ee7a insulin. N\u00f3 c\u0169ng l\u00e0 m\u1ed9t ngu\u1ed3n canxi v\u00e0 magi\u00ea t\u1ed1t v\u00e0 l\u00e0 m\u1ed9t ngu\u1ed3n mangan, ph\u1ed1t pho tuy\u1ec7t v\u1eddi. Nh\u1eefng kho\u00e1ng ch\u1ea5t n\u00e0y gi\u00fap x\u00e2y d\u1ef1ng v\u00e0 c\u1ee7ng c\u1ed1 m\u1ed9t h\u1ec7 x\u01b0\u01a1ng v\u00e0 r\u0103ng ch\u1eafc kh\u1ecfe.<\/span><\/p>\n<p><img loading=\"lazy\" decoding=\"async\" class=\"wp-image-19922 aligncenter\" src=\"https:\/\/havamall.vn\/wp-content\/uploads\/2021\/05\/rgvrb-300x200.jpg\" alt=\"\" width=\"515\" height=\"343\" srcset=\"https:\/\/havamall.vn\/wp-content\/uploads\/2021\/05\/rgvrb-300x200.jpg 300w, https:\/\/havamall.vn\/wp-content\/uploads\/2021\/05\/rgvrb-430x286.jpg 430w, https:\/\/havamall.vn\/wp-content\/uploads\/2021\/05\/rgvrb-150x100.jpg 150w, https:\/\/havamall.vn\/wp-content\/uploads\/2021\/05\/rgvrb-600x400.jpg 600w, https:\/\/havamall.vn\/wp-content\/uploads\/2021\/05\/rgvrb.jpg 626w\" sizes=\"(max-width: 515px) 100vw, 515px\" \/><\/p>\n<p><span style=\"font-weight: 400\">C\u00e1c ch\u1ea5t ch\u1ed1ng oxy h\u00f3a trong l\u00faa m\u1ea1ch \u0111en ch\u1ed1ng l\u1ea1i c\u00e1c g\u1ed1c t\u1ef1 do \u2013 nguy\u00ean nh\u00e2n g\u00e2y l\u00e3o h\u00f3a s\u1edbm<\/span><\/p>\n<p><span style=\"font-weight: 400\">Gi\u1eef tr\u1ecdn v\u1eb9n ch\u1ea5t x\u01a1 v\u00e0 ph\u1ea7n d\u1ea7u c\u1ee7a l\u1edbp v\u1ecf c\u00e1m. Kh\u00f4ng ch\u1ec9 ngon, m\u00e0 c\u00f2n dinh d\u01b0\u1ee1ng.<\/span><\/p>\n<h4><strong>H\u01b0\u1edbng d\u1eabn s\u1eed d\u1ee5ng:<\/strong><\/h4>\n<p><span style=\"font-weight: 400\">&#8211; Lu\u1ed9c 250g m\u00ec v\u1edbi 2.5l n\u01b0\u1edbc \u0111\u00e3 \u0111un s\u00f4i trong v\u00f2ng 9-11 ph\u00fat tr\u01b0\u1edbc khi ch\u1ebf bi\u1ebfn.<\/span><\/p>\n<p><span style=\"font-weight: 400\">&#8211; Sau \u0111\u00f3 v\u1edbt ra v\u00e0 cho gia v\u1ecb v\u00e0o ch\u1ebf bi\u1ebfn t\u00f9y s\u1edf th\u00edch.\u00a0<\/span><\/p>\n<p><span style=\"font-weight: 400\">&#8211; D\u00f9ng ch\u1ebf bi\u1ebfn m\u00f3n m\u00ec \u00fd, s\u00fap m\u00ec.<\/span><\/p>\n<p>S\u1ea3n ph\u1ea9m hi\u1ec7n \u0111\u00e3 c\u00f3 m\u1eb7t t\u1ea1i Havamall.<\/p>","protected":false},"excerpt":{"rendered":"<p>Th\u01b0\u01a1ng hi\u1ec7u Sottolestelle Xu\u1ea5t x\u1ee9 \u00dd Th\u00e0nh ph\u1ea7n B\u1ed9t l\u00faa m\u1ea1ch \u0111en nguy\u00ean c\u00e1m, n\u01b0\u1edbc H\u1ea1n s\u1eed d\u1ee5ng 36 th\u00e1ng<\/p>","protected":false},"featured_media":19923,"comment_status":"open","ping_status":"closed","template":"","meta":[],"product_brand":[],"product_cat":[256,36,134],"product_tag":[],"class_list":{"0":"post-19918","1":"product","2":"type-product","3":"status-publish","4":"has-post-thumbnail","6":"product_cat-thuc-pham-huu-co","7":"product_cat-thuc-pham-tieu-dung","8":"product_cat-thucpham-saykho","9":"pa_brand-sottolestell","11":"first","12":"outofstock","13":"sale","14":"shipping-taxable","15":"purchasable","16":"product-type-simple"},"_links":{"self":[{"href":"https:\/\/havamall.vn\/en\/wp-json\/wp\/v2\/product\/19918"}],"collection":[{"href":"https:\/\/havamall.vn\/en\/wp-json\/wp\/v2\/product"}],"about":[{"href":"https:\/\/havamall.vn\/en\/wp-json\/wp\/v2\/types\/product"}],"replies":[{"embeddable":true,"href":"https:\/\/havamall.vn\/en\/wp-json\/wp\/v2\/comments?post=19918"}],"version-history":[{"count":0,"href":"https:\/\/havamall.vn\/en\/wp-json\/wp\/v2\/product\/19918\/revisions"}],"wp:featuredmedia":[{"embeddable":true,"href":"https:\/\/havamall.vn\/en\/wp-json\/wp\/v2\/media\/19923"}],"wp:attachment":[{"href":"https:\/\/havamall.vn\/en\/wp-json\/wp\/v2\/media?parent=19918"}],"wp:term":[{"taxonomy":"product_brand","embeddable":true,"href":"https:\/\/havamall.vn\/en\/wp-json\/wp\/v2\/product_brand?post=19918"},{"taxonomy":"product_cat","embeddable":true,"href":"https:\/\/havamall.vn\/en\/wp-json\/wp\/v2\/product_cat?post=19918"},{"taxonomy":"product_tag","embeddable":true,"href":"https:\/\/havamall.vn\/en\/wp-json\/wp\/v2\/product_tag?post=19918"}],"curies":[{"name":"wp","href":"https:\/\/api.w.org\/{rel}","templated":true}]}}