{"id":19907,"date":"2021-05-13T11:24:56","date_gmt":"2021-05-13T04:24:56","guid":{"rendered":"https:\/\/havamall.vn\/?post_type=product&#038;p=19907"},"modified":"2022-11-15T14:37:24","modified_gmt":"2022-11-15T07:37:24","slug":"kem-danh-rang-huu-co-cho-be-vi-thanh-long-radius-organic-childrens-dragon-fruit-toothpaste-85g","status":"publish","type":"product","link":"https:\/\/havamall.vn\/en\/shop\/kem-danh-rang-huu-co-cho-be-vi-thanh-long-radius-organic-childrens-dragon-fruit-toothpaste-85g\/","title":{"rendered":"Kem \u0110\u00e1nh R\u0103ng H\u1eefu C\u01a1 Cho B\u00e9 V\u1ecb Thanh Long &#8211; Radius Organic Children&#8217;s Dragon Fruit Toothpaste 85g"},"content":{"rendered":"<p>Kem \u0111\u00e1nh r\u0103ng h\u1eefu c\u01a1 tr\u1ebb em d\u1ea1ng gel, tu\u00fdp 85g v\u1edbi h\u01b0\u01a1ng v\u1ecb nhi\u1ec7t \u0111\u1edbi t\u1eeb thanh long, gi\u00e0u vitamin C l\u00e0 m\u1ed9t s\u1ef1 l\u1ef1a ch\u1ecdn l\u00fd t\u01b0\u1edfng cho b\u00e9 t\u1eeb 6 th\u00e1ng tu\u1ed5i tr\u1edf l\u00ean, an to\u00e0n tuy\u1ec7t \u0111\u1ed1i ngay c\u1ea3 khi b\u00e9 nu\u1ed1t.<\/p>\n<p>S\u1ea3n ph\u1ea9m v\u1edbi c\u00f4ng th\u1ee9c \u0111\u1ed9c quy\u1ec1n c\u1ee7a RADIUS \u0111\u01b0\u1ee3c ch\u1ee9ng nh\u1eadn h\u1eefu c\u01a1 USDA, gi\u00fap b\u00e9 v\u1ec7 sinh r\u0103ng mi\u1ec7ng m\u1ed9t c\u00e1ch t\u1ef1 nhi\u00ean nh\u1ea5t m\u00e0 kh\u00f4ng ch\u1ee9a b\u1ea5t k\u00ec th\u00e0nh ph\u1ea7n ho\u00e1 h\u1ecdc n\u00e0o.<\/p>\n<p><img fetchpriority=\"high\" decoding=\"async\" class=\"wp-image-20186 aligncenter\" src=\"https:\/\/havamall.vn\/wp-content\/uploads\/2021\/05\/653fa7688f9d7ac3238c-300x300.jpg\" alt=\"\" width=\"606\" height=\"606\" srcset=\"https:\/\/havamall.vn\/wp-content\/uploads\/2021\/05\/653fa7688f9d7ac3238c-300x300.jpg 300w, https:\/\/havamall.vn\/wp-content\/uploads\/2021\/05\/653fa7688f9d7ac3238c-430x430.jpg 430w, https:\/\/havamall.vn\/wp-content\/uploads\/2021\/05\/653fa7688f9d7ac3238c-150x150.jpg 150w, https:\/\/havamall.vn\/wp-content\/uploads\/2021\/05\/653fa7688f9d7ac3238c-700x700.jpg 700w, https:\/\/havamall.vn\/wp-content\/uploads\/2021\/05\/653fa7688f9d7ac3238c-768x768.jpg 768w, https:\/\/havamall.vn\/wp-content\/uploads\/2021\/05\/653fa7688f9d7ac3238c-600x600.jpg 600w, https:\/\/havamall.vn\/wp-content\/uploads\/2021\/05\/653fa7688f9d7ac3238c-100x100.jpg 100w, https:\/\/havamall.vn\/wp-content\/uploads\/2021\/05\/653fa7688f9d7ac3238c.jpg 1024w\" sizes=\"(max-width: 606px) 100vw, 606px\" \/><\/p>\n<p><span style=\"font-weight: 400\">S\u1ea3n ph\u1ea9m v\u1edbi c\u00f4ng th\u1ee9c \u0111\u1ed9c quy\u1ec1n c\u1ee7a RADIUS \u0111\u01b0\u1ee3c ch\u1ee9ng nh\u1eadn h\u1eefu c\u01a1 USDA, gi\u00fap b\u00e9 v\u1ec7 sinh r\u0103ng mi\u1ec7ng m\u1ed9t c\u00e1ch t\u1ef1 nhi\u00ean nh\u1ea5t m\u00e0 kh\u00f4ng ch\u1ee9a b\u1ea5t k\u00ec th\u00e0nh ph\u1ea7n ho\u00e1 h\u1ecdc n\u00e0o.<\/span><\/p>\n<p>S\u1ea3n ph\u1ea9m \u0111\u01b0\u1ee3c nh\u1eadp kh\u1ea9u ch\u00ednh ng\u1ea1ch, th\u00f4ng tin s\u1ea3n ph\u1ea9m b\u1eb1ng Ti\u1ebfng Vi\u1ec7t k\u00e8m h\u1ea1n s\u1eed d\u1ee5ng \u0111\u01b0\u1ee3c in tr\u00ean nh\u00e3n ph\u1ee5 v\u00e0 \u0111\u01b0\u1ee3c d\u00e1n \u1edf m\u1eb7t sau h\u1ed9p kem \u0111\u00e1nh r\u0103ng RADIUS.<\/p>\n<p><img decoding=\"async\" class=\"aligncenter\" src=\"https:\/\/havamall.vn\/wp-content\/uploads\/2021\/05\/kem_danh_rang_radius_vi_thanh_long_grande.png\" alt=\"Kem \u0111\u00e1nh r\u0103ng tr\u1ebb em Radius v\u1ecb Thanh Long\" \/><\/p>\n<p><span style=\"font-weight: 400\">C\u00f4ng th\u1ee9c kem \u0111\u00e1nh r\u0103ng d\u1ea1ng gel m\u1edbi \u0111\u1ea1t ti\u00eau chu\u1ea9n h\u1eefu c\u01a1 USDA, kh\u00f4ng ch\u1ee9a c\u00e1c ch\u1ea5t h\u00f3a h\u1ecdc v\u00e0 ph\u1ee5 gia nh\u01b0 c\u00e1c s\u1ea3n ph\u1ea9m th\u00f4ng th\u01b0\u1eddng. \u0110\u1ea3m b\u1ea3o an to\u00e0n t\u1ed1i \u0111a cho b\u00e9.<\/span><\/p>\n<p><span style=\"font-weight: 400\">Kem \u0111\u00e1nh r\u0103ng h\u1eefu c\u01a1 gi\u00fap l\u00e0m s\u1ea1ch r\u0103ng mi\u1ec7ng t\u1eeb c\u00e1c nguy\u00ean li\u1ec7u t\u1eeb thi\u00ean nhi\u00ean, an to\u00e0n tuy\u1ec7t \u0111\u1ed1i cho c\u1ea3 tr\u1ebb em v\u00e0 ng\u01b0\u1eddi l\u1edbn.<\/span><\/p>\n<p><img decoding=\"async\" class=\"aligncenter\" src=\"https:\/\/havamall.vn\/wp-content\/uploads\/2021\/05\/press_release_distribution_0455180_130800.png\" alt=\"RADIUS Launches New USDA Organic Gel Toothpaste\" width=\"600\" height=\"600\" \/><\/p>\n<p><span style=\"font-weight: 400\">C\u00e1c nguy\u00ean li\u1ec7u ch\u00fang t\u00f4i s\u1eed d\u1ee5ng trong s\u1ea3n ph\u1ea9m l\u00e0 s\u1ef1 k\u1ebft h\u1ee3p ho\u00e0n h\u1ea3o \u0111\u1ec3 c\u00f3 \u0111\u01b0\u1ee3c lo\u1ea1i kem \u0111\u00e1nh r\u0103ng hi\u1ec7u qu\u1ea3 t\u1ed1t m\u00e0 v\u1eabn c\u00f3 m\u00f9i v\u1ecb h\u1ea5p d\u1eabn. V\u1edbi h\u01b0\u01a1ng v\u1ecb gi\u00e0u Vitamin C t\u1eeb thanh long s\u1ebd th\u00edch th\u00fa v\u1edbi vi\u1ec7c \u0111\u00e1nh r\u0103ng h\u1eb1ng ng\u00e0y h\u01a1n.<\/span><\/p>\n<p><img decoding=\"async\" class=\"wp-image-20188 aligncenter\" src=\"https:\/\/havamall.vn\/wp-content\/uploads\/2021\/05\/a1c73e941661e33fba70-1-300x200.jpg\" alt=\"\" width=\"604\" height=\"403\" srcset=\"https:\/\/havamall.vn\/wp-content\/uploads\/2021\/05\/a1c73e941661e33fba70-1-300x200.jpg 300w, https:\/\/havamall.vn\/wp-content\/uploads\/2021\/05\/a1c73e941661e33fba70-1-430x287.jpg 430w, https:\/\/havamall.vn\/wp-content\/uploads\/2021\/05\/a1c73e941661e33fba70-1-150x100.jpg 150w, https:\/\/havamall.vn\/wp-content\/uploads\/2021\/05\/a1c73e941661e33fba70-1-700x467.jpg 700w, https:\/\/havamall.vn\/wp-content\/uploads\/2021\/05\/a1c73e941661e33fba70-1-768x513.jpg 768w, https:\/\/havamall.vn\/wp-content\/uploads\/2021\/05\/a1c73e941661e33fba70-1-1024x683.jpg 1024w, https:\/\/havamall.vn\/wp-content\/uploads\/2021\/05\/a1c73e941661e33fba70-1-1200x801.jpg 1200w, https:\/\/havamall.vn\/wp-content\/uploads\/2021\/05\/a1c73e941661e33fba70-1-600x400.jpg 600w, https:\/\/havamall.vn\/wp-content\/uploads\/2021\/05\/a1c73e941661e33fba70-1.jpg 1864w\" sizes=\"(max-width: 604px) 100vw, 604px\" \/><\/p>\n<p><span style=\"font-weight: 400\">K\u00edch th\u01b0\u1edbc t\u1eebng s\u1ea3n ph\u1ea9m v\u1eeba tay, ph\u00f9 h\u1ee3p mang \u0111i du l\u1ecbch theo \u0111\u00fang ti\u00eau chu\u1ea9n c\u1ee7a C\u1ee5c an ninh v\u1eadn t\u1ea3i M\u1ef9 (TSA). Nh\u1edd \u0111\u00f3 b\u1ea1n c\u00f3 th\u1ec3 tho\u1ea3i m\u00e1i mang kem \u0111\u00e1nh r\u0103ng RADIUS \u0111i b\u1ea5t k\u00ec n\u01a1i \u0111\u00e2u.<\/span><\/p>\n<div class=\"ZUo4Ze\">\n<div class=\"fwCBrd\">\n<div class=\"fDqwl\">\n<div>\n<div class=\"Jx5U7c fLzuYd\"><img loading=\"lazy\" decoding=\"async\" class=\"aligncenter\" src=\"https:\/\/havamall.vn\/wp-content\/uploads\/2021\/05\/RD-5347_other_49578633_20200907111513_01_1200.jpg\" alt=\"RADIUS | \u6709\u6a5f\u5e7c\u5152\u7121\u6c1f\u556b\u55b1\u7259\u818f85g - \u706b\u9f8d\u679c| HKTVmall \u9999\u6e2f\u9818\u5148\u7db2\u8cfc\u5e73\u53f0\" width=\"604\" height=\"604\" \/><\/div>\n<\/div>\n<\/div>\n<\/div>\n<\/div>\n<h4><strong>S\u1ea3n ph\u1ea9m ho\u00e0n to\u00e0n KH\u00d4NG ch\u1ee9a:\u00a0<\/strong><\/h4>\n<p><span style=\"font-weight: 400\">\u2192<\/span> <span style=\"font-weight: 400\">Th\u00e0nh ph\u1ea7n nh\u00e2n t\u1ea1o, ch\u1ea5t t\u1ea1o m\u00e0u, ch\u1ea5t t\u1ea1o ng\u1ecdt v\u00e0 v\u1ecb, ch\u1ea5t b\u1ea3o qu\u1ea3n<\/span><\/p>\n<p><span style=\"font-weight: 400\">\u2192<\/span> <span style=\"font-weight: 400\">Glutens (ch\u1ea5t t\u1ea1o \u0111\u1ed9 k\u1ebft d\u00ednh)<\/span><\/p>\n<p><span style=\"font-weight: 400\">\u2192<\/span> <span style=\"font-weight: 400\">GMOs (ch\u1ea5t bi\u1ebfn \u0111\u1ed5i gen)<\/span><\/p>\n<p><span style=\"font-weight: 400\">\u2192<\/span> <span style=\"font-weight: 400\">Fluoride (ch\u1ea5t ch\u1ed1ng s\u00e2u r\u0103ng nh\u01b0ng c\u0169ng l\u00e0 th\u00e0nh ph\u1ea7n trong thu\u1ed1c di\u1ec7t chu\u1ed9t,thu\u1ed1c g\u00e2y m\u00ea)<\/span><\/p>\n<p><span style=\"font-weight: 400\">\u2192<\/span> <span style=\"font-weight: 400\">\u0110\u01b0\u1eddng ho\u00e1 h\u1ecdc<\/span><\/p>\n<p><span style=\"font-weight: 400\">\u2192<\/span> <span style=\"font-weight: 400\">Ch\u1ea5t t\u1ea1o b\u1ecdt nh\u00e2n t\u1ea1o (SLS &amp; SLES)<\/span><\/p>\n<p><span style=\"font-weight: 400\">\u2192<\/span> <span style=\"font-weight: 400\">Ch\u1ea5t ph\u1ee5 gia, ch\u1ea5t b\u1ea3o qu\u1ea3n (parabens)<\/span><\/p>\n<p><span style=\"font-weight: 400\">\u2192<\/span> <span style=\"font-weight: 400\">Ch\u1ea5t t\u1ea9y r\u1eeda v\u00e0 ch\u1ea5t t\u1ea1o b\u1ecdt t\u1ed5ng h\u1ee3p.<\/span><\/p>\n<p><img loading=\"lazy\" decoding=\"async\" class=\"wp-image-19910 aligncenter\" src=\"https:\/\/havamall.vn\/wp-content\/uploads\/2021\/05\/thanh-long-240x300.jpg\" alt=\"\" width=\"601\" height=\"752\" srcset=\"https:\/\/havamall.vn\/wp-content\/uploads\/2021\/05\/thanh-long-240x300.jpg 240w, https:\/\/havamall.vn\/wp-content\/uploads\/2021\/05\/thanh-long-430x538.jpg 430w, https:\/\/havamall.vn\/wp-content\/uploads\/2021\/05\/thanh-long-150x188.jpg 150w, https:\/\/havamall.vn\/wp-content\/uploads\/2021\/05\/thanh-long-700x875.jpg 700w, https:\/\/havamall.vn\/wp-content\/uploads\/2021\/05\/thanh-long-768x960.jpg 768w, https:\/\/havamall.vn\/wp-content\/uploads\/2021\/05\/thanh-long-819x1024.jpg 819w, https:\/\/havamall.vn\/wp-content\/uploads\/2021\/05\/thanh-long-1200x1500.jpg 1200w, https:\/\/havamall.vn\/wp-content\/uploads\/2021\/05\/thanh-long-600x750.jpg 600w, https:\/\/havamall.vn\/wp-content\/uploads\/2021\/05\/thanh-long.jpg 1620w\" sizes=\"(max-width: 601px) 100vw, 601px\" \/><\/p>\n<h4><strong>\u0110\u1eb7c \u0111i\u1ec3m n\u1ed5i b\u1eadt c\u1ee7a s\u1ea3n ph\u1ea9m:<\/strong><\/h4>\n<p><span style=\"font-weight: 400\">&#8211; Ho\u00e0n to\u00e0n h\u1eefu c\u01a1<\/span><\/p>\n<p><span style=\"font-weight: 400\">&#8211; Kh\u00f4ng ch\u1ea5t \u0111\u1ed9c h\u1ea1i<\/span><\/p>\n<p><span style=\"font-weight: 400\">&#8211; M\u00f9i v\u1ecb h\u1ea5p d\u1eabn &amp; \u0111\u1ea3m b\u1ea3o hi\u1ec7u qu\u1ea3 khi s\u1eed d\u1ee5ng<\/span><\/p>\n<p><span style=\"font-weight: 400\">&#8211; \u0110\u00f3ng g\u00f3i bao b\u00ec nh\u1ecf g\u1ecdn ti\u1ec7n l\u1ee3i<\/span><\/p>\n<p>S\u1ea3n ph\u1ea9m hi\u1ec7n \u0111\u00e3 c\u00f3 m\u1eb7t t\u1ea1i Havamall.<\/p>","protected":false},"excerpt":{"rendered":"<p>Kem \u0111\u00e1nh r\u0103ng h\u1eefu c\u01a1 tr\u1ebb em d\u1ea1ng gel, tu\u00fdp 85g v\u1edbi h\u01b0\u01a1ng v\u1ecb nhi\u1ec7t \u0111\u1edbi t\u1eeb thanh long, gi\u00e0u<\/p>","protected":false},"featured_media":19911,"comment_status":"open","ping_status":"closed","template":"","meta":[],"product_brand":[],"product_cat":[397,35],"product_tag":[],"class_list":{"0":"post-19907","1":"product","2":"type-product","3":"status-publish","4":"has-post-thumbnail","6":"product_cat-hang-me-be-do-choi","7":"product_cat-nha-cua-doi-song","9":"first","10":"outofstock","11":"sale","12":"shipping-taxable","13":"purchasable","14":"product-type-simple"},"_links":{"self":[{"href":"https:\/\/havamall.vn\/en\/wp-json\/wp\/v2\/product\/19907"}],"collection":[{"href":"https:\/\/havamall.vn\/en\/wp-json\/wp\/v2\/product"}],"about":[{"href":"https:\/\/havamall.vn\/en\/wp-json\/wp\/v2\/types\/product"}],"replies":[{"embeddable":true,"href":"https:\/\/havamall.vn\/en\/wp-json\/wp\/v2\/comments?post=19907"}],"version-history":[{"count":0,"href":"https:\/\/havamall.vn\/en\/wp-json\/wp\/v2\/product\/19907\/revisions"}],"wp:featuredmedia":[{"embeddable":true,"href":"https:\/\/havamall.vn\/en\/wp-json\/wp\/v2\/media\/19911"}],"wp:attachment":[{"href":"https:\/\/havamall.vn\/en\/wp-json\/wp\/v2\/media?parent=19907"}],"wp:term":[{"taxonomy":"product_brand","embeddable":true,"href":"https:\/\/havamall.vn\/en\/wp-json\/wp\/v2\/product_brand?post=19907"},{"taxonomy":"product_cat","embeddable":true,"href":"https:\/\/havamall.vn\/en\/wp-json\/wp\/v2\/product_cat?post=19907"},{"taxonomy":"product_tag","embeddable":true,"href":"https:\/\/havamall.vn\/en\/wp-json\/wp\/v2\/product_tag?post=19907"}],"curies":[{"name":"wp","href":"https:\/\/api.w.org\/{rel}","templated":true}]}}