{"id":19885,"date":"2021-05-13T10:20:11","date_gmt":"2021-05-13T03:20:11","guid":{"rendered":"https:\/\/havamall.vn\/?post_type=product&#038;p=19885"},"modified":"2021-05-26T10:38:21","modified_gmt":"2021-05-26T03:38:21","slug":"ban-chai-sieu-mem-radius-cho-be-tu-3-tuoi-totz-plus-brush","status":"publish","type":"product","link":"https:\/\/havamall.vn\/en\/shop\/ban-chai-sieu-mem-radius-cho-be-tu-3-tuoi-totz-plus-brush\/","title":{"rendered":"B\u00e0n Ch\u1ea3i Si\u00eau M\u1ec1m Radius Cho B\u00e9 T\u1eeb 3 Tu\u1ed5i Totz Plus Brush"},"content":{"rendered":"<p><span style=\"font-weight: 400\">B\u00e0n ch\u1ea3i \u0111\u00e1nh r\u0103ng Totz Plus\u2122 d\u00e0nh cho b\u00e9 t\u1eeb 3 tu\u1ed5i tr\u1edf l\u00ean, gi\u00fap gi\u1ea3i quy\u1ebft c\u00e1c v\u1ea5n \u0111\u1ec1 khi m\u1ed9t s\u1ed1 r\u0103ng s\u1eefa c\u1ee7a b\u00e9 b\u1ecb lung lay. \u0110\u01b0\u1ee3c ki\u1ec3m duy\u1ec7t b\u1edfi C\u1ee5c qu\u1ea3n l\u00fd Th\u1ef1c ph\u1ea9m v\u00e0 D\u01b0\u1ee3c ph\u1ea9m M\u1ef9 (FDA), b\u00e0n ch\u1ea3i Totz Plus\u2122 kh\u00f4ng ch\u1ee9a c\u00e1c ch\u1ea5t \u0111\u1ed9c h\u1ea1i (nh\u01b0 s\u1ee3i nhu\u1ed9m m\u00e0u v\u00e0 BPA), thi\u1ebft k\u1ebf tay c\u1ea7m b\u1eaft m\u1eaft, ch\u1ed1ng tr\u01b0\u1ee3t &amp; ph\u00f9 h\u1ee3p v\u1edbi nh\u1eefng \u0111\u00f4i tay \u0111ang l\u1edbn d\u1ea7n c\u1ee7a b\u00e9. L\u00f4ng b\u00e0n ch\u1ea3i si\u00eau m\u1ec1m gi\u00fap l\u00e0m s\u1ea1ch r\u0103ng &amp; h\u1ea1n ch\u1ebf m\u1ea3ng b\u00e1m, ho\u00e0n to\u00e0n nh\u1eb9 d\u1ecbu v\u1edbi r\u0103ng v\u00e0 n\u01b0\u1edbu nh\u1ea1y c\u1ea3m.<\/span><\/p>\n<p><img fetchpriority=\"high\" decoding=\"async\" class=\"wp-image-19886 aligncenter\" src=\"https:\/\/havamall.vn\/wp-content\/uploads\/2021\/05\/gbjk-300x204.jpg\" alt=\"\" width=\"582\" height=\"396\" srcset=\"https:\/\/havamall.vn\/wp-content\/uploads\/2021\/05\/gbjk-300x204.jpg 300w, https:\/\/havamall.vn\/wp-content\/uploads\/2021\/05\/gbjk-430x292.jpg 430w, https:\/\/havamall.vn\/wp-content\/uploads\/2021\/05\/gbjk-150x102.jpg 150w, https:\/\/havamall.vn\/wp-content\/uploads\/2021\/05\/gbjk-700x476.jpg 700w, https:\/\/havamall.vn\/wp-content\/uploads\/2021\/05\/gbjk-768x522.jpg 768w, https:\/\/havamall.vn\/wp-content\/uploads\/2021\/05\/gbjk-1024x696.jpg 1024w, https:\/\/havamall.vn\/wp-content\/uploads\/2021\/05\/gbjk-1200x816.jpg 1200w, https:\/\/havamall.vn\/wp-content\/uploads\/2021\/05\/gbjk-600x408.jpg 600w, https:\/\/havamall.vn\/wp-content\/uploads\/2021\/05\/gbjk.jpg 2048w\" sizes=\"(max-width: 582px) 100vw, 582px\" \/><\/p>\n<p><span style=\"font-weight: 400\">\u0110\u1ec3 \u0111\u1ea1t \u0111\u01b0\u1ee3c m\u1ee9c \u0111\u1ed9 an to\u00e0n cao nh\u1ea5t, b\u00e0n ch\u1ea3i Totz kh\u00f4ng ch\u1ee9a c\u00e1c th\u00e0nh ph\u1ea7n \u0111\u1ed9c h\u1ea1i n\u00e0o (nh\u01b0 ch\u1ea5t \u0111\u1ed9c h\u1ea1i trong nh\u1ef1a BPA, phthalate &amp; cao su), nh\u1edd \u0111\u00f3 b\u1ed1 m\u1eb9 c\u00f3 th\u1ec3 y\u00ean t\u00e2m b\u1ea3o v\u1ec7 n\u1ee5 c\u01b0\u1eddi xinh cho b\u00e9.<\/span><\/p>\n<p><span style=\"font-weight: 400\">\u0110\u1ea7u b\u00e0n ch\u1ea3i h\u00ecnh b\u1ea7u d\u1ee5c &amp; k\u00edch th\u01b0\u1edbc chu\u1ea9n ho\u00e0n h\u1ea3o \u0111\u1ea3m b\u1ea3o khi ch\u1ea3i r\u0103ng kh\u00f4ng g\u00e2y th\u01b0\u01a1ng t\u1ed5n \u0111\u1ebfn r\u0103ng v\u00e0 n\u01b0\u1edbu nh\u1ea1y c\u1ea3m c\u1ee7a b\u00e9.<\/span><\/p>\n<p><img decoding=\"async\" class=\"wp-image-20191 aligncenter\" src=\"https:\/\/havamall.vn\/wp-content\/uploads\/2021\/05\/653fa7688f9d7ac3238c-1-300x300.jpg\" alt=\"\" width=\"597\" height=\"597\" srcset=\"https:\/\/havamall.vn\/wp-content\/uploads\/2021\/05\/653fa7688f9d7ac3238c-1-300x300.jpg 300w, https:\/\/havamall.vn\/wp-content\/uploads\/2021\/05\/653fa7688f9d7ac3238c-1-430x430.jpg 430w, https:\/\/havamall.vn\/wp-content\/uploads\/2021\/05\/653fa7688f9d7ac3238c-1-150x150.jpg 150w, https:\/\/havamall.vn\/wp-content\/uploads\/2021\/05\/653fa7688f9d7ac3238c-1-700x700.jpg 700w, https:\/\/havamall.vn\/wp-content\/uploads\/2021\/05\/653fa7688f9d7ac3238c-1-768x768.jpg 768w, https:\/\/havamall.vn\/wp-content\/uploads\/2021\/05\/653fa7688f9d7ac3238c-1-600x600.jpg 600w, https:\/\/havamall.vn\/wp-content\/uploads\/2021\/05\/653fa7688f9d7ac3238c-1-100x100.jpg 100w, https:\/\/havamall.vn\/wp-content\/uploads\/2021\/05\/653fa7688f9d7ac3238c-1.jpg 1024w\" sizes=\"(max-width: 597px) 100vw, 597px\" \/><\/p>\n<p><span style=\"font-weight: 400\">V\u1edbi l\u00f4ng t\u01a1 m\u1ec1m l\u00e0m t\u1eeb th\u1ef1c v\u1eadt ZERO PETROLEUM gi\u00fap l\u00e0m s\u1ea1ch r\u0103ng mi\u1ec7ng hi\u1ec7u qu\u1ea3 m\u00e0 kh\u00f4ng h\u1ec1 g\u00e2y ra t\u1ed5n th\u01b0\u01a1ng cho n\u01b0\u1edbu, s\u1ea3n ph\u1ea9m ch\u00ednh l\u00e0 s\u1ef1 l\u1ef1a ch\u1ecdn an to\u00e0n tuy\u1ec7t \u0111\u1ed1i cho b\u00e9 y\u00eau c\u1ee7a b\u1ea1n. <\/span><span style=\"font-weight: 400\">B\u00e0n ch\u1ea3i Totz c\u00f3 kho\u1ea3ng 4,500 s\u1ee3i l\u00f4ng m\u1ec1m m\u1ea1i, ngu\u1ed3n g\u1ed1c t\u1eeb th\u1ef1c v\u1eadt, \u0111\u1ed9 c\u1ee9ng c\u1ee7a l\u00f4ng v\u1eeba \u0111\u1ee7 \u0111\u1ec3 v\u1ec7 sinh r\u0103ng mi\u1ec7ng s\u1ea1ch s\u1ebd v\u00e0 tho\u1ea3i m\u00e1i nh\u1ea5t.<\/span><\/p>\n<p><img decoding=\"async\" class=\"wp-image-19889 aligncenter\" src=\"https:\/\/havamall.vn\/wp-content\/uploads\/2021\/05\/178817838_1084822382026159_5101274493194565986_n-300x300.jpg\" alt=\"\" width=\"584\" height=\"584\" srcset=\"https:\/\/havamall.vn\/wp-content\/uploads\/2021\/05\/178817838_1084822382026159_5101274493194565986_n-300x300.jpg 300w, https:\/\/havamall.vn\/wp-content\/uploads\/2021\/05\/178817838_1084822382026159_5101274493194565986_n-430x430.jpg 430w, https:\/\/havamall.vn\/wp-content\/uploads\/2021\/05\/178817838_1084822382026159_5101274493194565986_n-150x150.jpg 150w, https:\/\/havamall.vn\/wp-content\/uploads\/2021\/05\/178817838_1084822382026159_5101274493194565986_n-700x700.jpg 700w, https:\/\/havamall.vn\/wp-content\/uploads\/2021\/05\/178817838_1084822382026159_5101274493194565986_n-768x768.jpg 768w, https:\/\/havamall.vn\/wp-content\/uploads\/2021\/05\/178817838_1084822382026159_5101274493194565986_n-1024x1024.jpg 1024w, https:\/\/havamall.vn\/wp-content\/uploads\/2021\/05\/178817838_1084822382026159_5101274493194565986_n-1200x1200.jpg 1200w, https:\/\/havamall.vn\/wp-content\/uploads\/2021\/05\/178817838_1084822382026159_5101274493194565986_n-600x600.jpg 600w, https:\/\/havamall.vn\/wp-content\/uploads\/2021\/05\/178817838_1084822382026159_5101274493194565986_n-100x100.jpg 100w, https:\/\/havamall.vn\/wp-content\/uploads\/2021\/05\/178817838_1084822382026159_5101274493194565986_n.jpg 1875w\" sizes=\"(max-width: 584px) 100vw, 584px\" \/><\/p>\n<p><span style=\"font-weight: 400\">Giai \u0111o\u1ea1n 3 tu\u1ed5i tr\u1edf l\u00ean, b\u00e9 ch\u01b0a th\u1ec3 t\u1ef1 c\u1ea7m b\u00e0n ch\u1ea3i \u0111\u00e1nh r\u0103ng m\u1ed9t c\u00e1ch thu\u1ea7n th\u1ee5c \u0111\u01b0\u1ee3c. V\u00ec th\u1ebf sau nh\u1eefng nghi\u00ean c\u1ee9u s\u00e2u r\u1ed9ng v\u00e0 ti\u1ebfp nh\u1eadn \u00fd ki\u1ebfn t\u1eeb c\u00e1c b\u1ed1 m\u1eb9, Radius ph\u00e1t tri\u1ec3n thi\u1ebft k\u1ebf tay c\u1ea7m b\u00e0n ch\u1ea3i Totz Plus sao cho v\u1eeba v\u1eb7n v\u1edbi nh\u1eefng \u0111\u00f4i tay \u0111ang l\u1edbn d\u1ea7n m\u00e0 v\u1eabn ph\u00f9 h\u1ee3p v\u1edbi khoang mi\u1ec7ng v\u1eabn gi\u1eef nguy\u00ean k\u00edch th\u01b0\u1edbc c\u1ee7a b\u00e9.<\/span><\/p>\n<p><img loading=\"lazy\" decoding=\"async\" class=\"wp-image-19898 aligncenter\" src=\"https:\/\/havamall.vn\/wp-content\/uploads\/2021\/05\/178379549_1084822485359482_7336132013008807177_n-300x300.jpg\" alt=\"\" width=\"591\" height=\"591\" srcset=\"https:\/\/havamall.vn\/wp-content\/uploads\/2021\/05\/178379549_1084822485359482_7336132013008807177_n-300x300.jpg 300w, https:\/\/havamall.vn\/wp-content\/uploads\/2021\/05\/178379549_1084822485359482_7336132013008807177_n-430x430.jpg 430w, https:\/\/havamall.vn\/wp-content\/uploads\/2021\/05\/178379549_1084822485359482_7336132013008807177_n-150x150.jpg 150w, https:\/\/havamall.vn\/wp-content\/uploads\/2021\/05\/178379549_1084822485359482_7336132013008807177_n-700x700.jpg 700w, https:\/\/havamall.vn\/wp-content\/uploads\/2021\/05\/178379549_1084822485359482_7336132013008807177_n-768x768.jpg 768w, https:\/\/havamall.vn\/wp-content\/uploads\/2021\/05\/178379549_1084822485359482_7336132013008807177_n-1024x1024.jpg 1024w, https:\/\/havamall.vn\/wp-content\/uploads\/2021\/05\/178379549_1084822485359482_7336132013008807177_n-1200x1200.jpg 1200w, https:\/\/havamall.vn\/wp-content\/uploads\/2021\/05\/178379549_1084822485359482_7336132013008807177_n-600x600.jpg 600w, https:\/\/havamall.vn\/wp-content\/uploads\/2021\/05\/178379549_1084822485359482_7336132013008807177_n-100x100.jpg 100w, https:\/\/havamall.vn\/wp-content\/uploads\/2021\/05\/178379549_1084822485359482_7336132013008807177_n.jpg 1875w\" sizes=\"(max-width: 591px) 100vw, 591px\" \/><\/p>\n<p><span style=\"font-weight: 400\">Tay c\u1ea7m b\u00e0n ch\u1ea3i nhi\u1ec1u m\u00e0u s\u1eafc l\u1ea5p l\u00e1nh &amp; b\u1eaft m\u1eaft \u0111\u1ec3 b\u00e9 c\u00f3 th\u1ec3 tha h\u1ed3 l\u1ef1a ch\u1ecdn, Totz Plus ch\u1eafc h\u1eb3n l\u00e0 m\u1ed9t s\u1ea3n ph\u1ea9m ho\u00e0n h\u1ea3o cho b\u00e9 y\u00eau t\u1eeb 3 tu\u1ed5i tr\u1edf l\u00ean.<\/span><\/p>\n<p><span style=\"font-weight: 400\">S\u1ea3n ph\u1ea9m hi\u1ec7n \u0111\u00e3 c\u00f3 m\u1eb7t t\u1ea1i Havamall.<\/span><\/p>","protected":false},"excerpt":{"rendered":"<p>B\u00e0n ch\u1ea3i \u0111\u00e1nh r\u0103ng Totz Plus\u2122 d\u00e0nh cho b\u00e9 t\u1eeb 3 tu\u1ed5i tr\u1edf l\u00ean, gi\u00fap gi\u1ea3i quy\u1ebft c\u00e1c v\u1ea5n \u0111\u1ec1<\/p>","protected":false},"featured_media":19891,"comment_status":"open","ping_status":"closed","template":"","meta":[],"product_brand":[],"product_cat":[397,35],"product_tag":[],"class_list":{"0":"post-19885","1":"product","2":"type-product","3":"status-publish","4":"has-post-thumbnail","6":"product_cat-hang-me-be-do-choi","7":"product_cat-nha-cua-doi-song","9":"first","10":"instock","11":"sale","12":"shipping-taxable","13":"purchasable","14":"product-type-simple"},"_links":{"self":[{"href":"https:\/\/havamall.vn\/en\/wp-json\/wp\/v2\/product\/19885"}],"collection":[{"href":"https:\/\/havamall.vn\/en\/wp-json\/wp\/v2\/product"}],"about":[{"href":"https:\/\/havamall.vn\/en\/wp-json\/wp\/v2\/types\/product"}],"replies":[{"embeddable":true,"href":"https:\/\/havamall.vn\/en\/wp-json\/wp\/v2\/comments?post=19885"}],"version-history":[{"count":0,"href":"https:\/\/havamall.vn\/en\/wp-json\/wp\/v2\/product\/19885\/revisions"}],"wp:featuredmedia":[{"embeddable":true,"href":"https:\/\/havamall.vn\/en\/wp-json\/wp\/v2\/media\/19891"}],"wp:attachment":[{"href":"https:\/\/havamall.vn\/en\/wp-json\/wp\/v2\/media?parent=19885"}],"wp:term":[{"taxonomy":"product_brand","embeddable":true,"href":"https:\/\/havamall.vn\/en\/wp-json\/wp\/v2\/product_brand?post=19885"},{"taxonomy":"product_cat","embeddable":true,"href":"https:\/\/havamall.vn\/en\/wp-json\/wp\/v2\/product_cat?post=19885"},{"taxonomy":"product_tag","embeddable":true,"href":"https:\/\/havamall.vn\/en\/wp-json\/wp\/v2\/product_tag?post=19885"}],"curies":[{"name":"wp","href":"https:\/\/api.w.org\/{rel}","templated":true}]}}