{"id":19871,"date":"2021-05-13T09:34:53","date_gmt":"2021-05-13T02:34:53","guid":{"rendered":"https:\/\/havamall.vn\/?post_type=product&#038;p=19871"},"modified":"2021-05-26T17:42:17","modified_gmt":"2021-05-26T10:42:17","slug":"ban-chai-sieu-mem-radius-cho-be-tu-18-thang-totz-brush","status":"publish","type":"product","link":"https:\/\/havamall.vn\/en\/shop\/ban-chai-sieu-mem-radius-cho-be-tu-18-thang-totz-brush\/","title":{"rendered":"B\u00e0n Ch\u1ea3i Si\u00eau M\u1ec1m Radius Cho B\u00e9 T\u1eeb 18 Th\u00e1ng Totz Brush"},"content":{"rendered":"<p>Totz\u00ae Brush l\u00e0 lo\u1ea1i b\u00e0n ch\u1ea3i \u0111\u00e1nh r\u0103ng tr\u1ebb em b\u00e1n ch\u1ea1y nh\u1ea5t c\u1ee7a RADIUS. Thi\u1ebft k\u1ebf b\u00e0n ch\u1ea3i chuy\u00ean bi\u1ec7t cho r\u0103ng v\u00e0 n\u01b0\u1edbu \u0111ang ph\u00e1t tri\u1ec3n, gi\u00fap b\u00e9 c\u00f3 m\u1ed9t tr\u1ea3i nghi\u1ec7m th\u00fa v\u1ecb t\u1eeb nh\u1eefng ng\u00e0y \u0111\u1ea7u h\u00ecnh th\u00e0nh th\u00f3i quen t\u1ef1 ch\u0103m s\u00f3c r\u0103ng mi\u1ec7ng.<\/p>\n<p><img fetchpriority=\"high\" decoding=\"async\" class=\"wp-image-19879 aligncenter\" src=\"https:\/\/havamall.vn\/wp-content\/uploads\/2021\/05\/vgdcedx-300x300.jpg\" alt=\"\" width=\"590\" height=\"590\" srcset=\"https:\/\/havamall.vn\/wp-content\/uploads\/2021\/05\/vgdcedx-300x300.jpg 300w, https:\/\/havamall.vn\/wp-content\/uploads\/2021\/05\/vgdcedx-430x430.jpg 430w, https:\/\/havamall.vn\/wp-content\/uploads\/2021\/05\/vgdcedx-150x150.jpg 150w, https:\/\/havamall.vn\/wp-content\/uploads\/2021\/05\/vgdcedx-700x700.jpg 700w, https:\/\/havamall.vn\/wp-content\/uploads\/2021\/05\/vgdcedx-768x768.jpg 768w, https:\/\/havamall.vn\/wp-content\/uploads\/2021\/05\/vgdcedx-600x600.jpg 600w, https:\/\/havamall.vn\/wp-content\/uploads\/2021\/05\/vgdcedx-100x100.jpg 100w, https:\/\/havamall.vn\/wp-content\/uploads\/2021\/05\/vgdcedx.jpg 960w\" sizes=\"(max-width: 590px) 100vw, 590px\" \/><\/p>\n<p><span style=\"font-weight: 400\">\u00a0\u0110\u01b0\u1ee3c l\u00e0m t\u1eeb ch\u1ea5t li\u1ec7u BPA-Free v\u00e0 an to\u00e0n 100% \u0111\u1ec3 b\u00e9 \u0111\u00e1nh r\u0103ng, s\u1ea3n ph\u1ea9m n\u00e0y \u0111\u00e3 \u0111\u01b0\u1ee3c FDA ch\u1ea5p thu\u1eadn cho tr\u1ebb d\u00f9ng ngay c\u1ea3 v\u1edbi b\u1ec1 m\u1eb7t r\u0103ng v\u00e0 n\u01b0\u1edbu nh\u1ea1y c\u1ea3m.<\/span><\/p>\n<p><img decoding=\"async\" class=\"wp-image-19873 aligncenter\" src=\"https:\/\/havamall.vn\/wp-content\/uploads\/2021\/05\/cdcfv-300x300.jpg\" alt=\"\" width=\"595\" height=\"595\" srcset=\"https:\/\/havamall.vn\/wp-content\/uploads\/2021\/05\/cdcfv-300x300.jpg 300w, https:\/\/havamall.vn\/wp-content\/uploads\/2021\/05\/cdcfv-430x430.jpg 430w, https:\/\/havamall.vn\/wp-content\/uploads\/2021\/05\/cdcfv-150x150.jpg 150w, https:\/\/havamall.vn\/wp-content\/uploads\/2021\/05\/cdcfv-700x700.jpg 700w, https:\/\/havamall.vn\/wp-content\/uploads\/2021\/05\/cdcfv-768x768.jpg 768w, https:\/\/havamall.vn\/wp-content\/uploads\/2021\/05\/cdcfv-1024x1024.jpg 1024w, https:\/\/havamall.vn\/wp-content\/uploads\/2021\/05\/cdcfv-1200x1200.jpg 1200w, https:\/\/havamall.vn\/wp-content\/uploads\/2021\/05\/cdcfv-600x600.jpg 600w, https:\/\/havamall.vn\/wp-content\/uploads\/2021\/05\/cdcfv-100x100.jpg 100w, https:\/\/havamall.vn\/wp-content\/uploads\/2021\/05\/cdcfv.jpg 2048w\" sizes=\"(max-width: 595px) 100vw, 595px\" \/><\/p>\n<p><span style=\"font-weight: 400\">Tay c\u1ea7m b\u00e0n ch\u1ea3i nhi\u1ec1u m\u00e0u s\u1eafc l\u1ea5p l\u00e1nh &amp; b\u1eaft m\u1eaft \u0111\u1ec3 b\u00e9 c\u00f3 th\u1ec3 tha h\u1ed3 l\u1ef1a ch\u1ecdn, Totz ch\u1eafc h\u1eb3n l\u00e0 m\u1ed9t s\u1ea3n ph\u1ea9m ho\u00e0n h\u1ea3o cho b\u00e9 y\u00eau t\u1eeb 18 th\u00e1ng tu\u1ed5i tr\u1edf l\u00ean.<\/span><\/p>\n<p><img decoding=\"async\" class=\"wp-image-19877 aligncenter\" src=\"https:\/\/havamall.vn\/wp-content\/uploads\/2021\/05\/177987844_1084814325360298_7740477385893585673_n-300x300.jpg\" alt=\"\" width=\"593\" height=\"593\" srcset=\"https:\/\/havamall.vn\/wp-content\/uploads\/2021\/05\/177987844_1084814325360298_7740477385893585673_n-300x300.jpg 300w, https:\/\/havamall.vn\/wp-content\/uploads\/2021\/05\/177987844_1084814325360298_7740477385893585673_n-430x430.jpg 430w, https:\/\/havamall.vn\/wp-content\/uploads\/2021\/05\/177987844_1084814325360298_7740477385893585673_n-150x150.jpg 150w, https:\/\/havamall.vn\/wp-content\/uploads\/2021\/05\/177987844_1084814325360298_7740477385893585673_n-700x700.jpg 700w, https:\/\/havamall.vn\/wp-content\/uploads\/2021\/05\/177987844_1084814325360298_7740477385893585673_n-768x768.jpg 768w, https:\/\/havamall.vn\/wp-content\/uploads\/2021\/05\/177987844_1084814325360298_7740477385893585673_n-1024x1024.jpg 1024w, https:\/\/havamall.vn\/wp-content\/uploads\/2021\/05\/177987844_1084814325360298_7740477385893585673_n-1200x1200.jpg 1200w, https:\/\/havamall.vn\/wp-content\/uploads\/2021\/05\/177987844_1084814325360298_7740477385893585673_n-600x600.jpg 600w, https:\/\/havamall.vn\/wp-content\/uploads\/2021\/05\/177987844_1084814325360298_7740477385893585673_n-100x100.jpg 100w, https:\/\/havamall.vn\/wp-content\/uploads\/2021\/05\/177987844_1084814325360298_7740477385893585673_n.jpg 1875w\" sizes=\"(max-width: 593px) 100vw, 593px\" \/><\/p>\n<p>V\u1edbi l\u00f4ng t\u01a1 m\u1ec1m l\u00e0m t\u1eeb th\u1ef1c v\u1eadt ZERO PETROLEUM gi\u00fap l\u00e0m s\u1ea1ch r\u0103ng mi\u1ec7ng hi\u1ec7u qu\u1ea3 m\u00e0 kh\u00f4ng h\u1ec1 g\u00e2y ra t\u1ed5n th\u01b0\u01a1ng cho n\u01b0\u1edbu, s\u1ea3n ph\u1ea9m ch\u00ednh l\u00e0 s\u1ef1 l\u1ef1a ch\u1ecdn an to\u00e0n tuy\u1ec7t \u0111\u1ed1i cho b\u00e9 y\u00eau c\u1ee7a b\u1ea1n.\u00a0<span style=\"font-weight: 400\">B\u00e0n ch\u1ea3i Totz c\u00f3 kho\u1ea3ng 4,500 s\u1ee3i l\u00f4ng si\u00eau m\u1ec1m, ngu\u1ed3n g\u1ed1c t\u1eeb th\u1ef1c v\u1eadt gi\u00fap v\u1ec7 sinh r\u0103ng mi\u1ec7ng cho b\u00e9 m\u1ed9t c\u00e1ch tho\u1ea3i m\u00e1i nh\u1ea5t.<\/span><\/p>\n<p><img loading=\"lazy\" decoding=\"async\" class=\"wp-image-20210 aligncenter\" src=\"https:\/\/havamall.vn\/wp-content\/uploads\/2021\/05\/653fa7688f9d7ac3238c-1-600x600-1-300x300.jpg\" alt=\"\" width=\"594\" height=\"594\" srcset=\"https:\/\/havamall.vn\/wp-content\/uploads\/2021\/05\/653fa7688f9d7ac3238c-1-600x600-1-300x300.jpg 300w, https:\/\/havamall.vn\/wp-content\/uploads\/2021\/05\/653fa7688f9d7ac3238c-1-600x600-1-430x430.jpg 430w, https:\/\/havamall.vn\/wp-content\/uploads\/2021\/05\/653fa7688f9d7ac3238c-1-600x600-1-150x150.jpg 150w, https:\/\/havamall.vn\/wp-content\/uploads\/2021\/05\/653fa7688f9d7ac3238c-1-600x600-1.jpg 600w, https:\/\/havamall.vn\/wp-content\/uploads\/2021\/05\/653fa7688f9d7ac3238c-1-600x600-1-100x100.jpg 100w\" sizes=\"(max-width: 594px) 100vw, 594px\" \/><\/p>\n<p><span style=\"font-weight: 400\">S\u1ea3n ph\u1ea9m \u0111\u01b0\u1ee3c nh\u1eadp kh\u1ea9u ch\u00ednh ng\u1ea1ch, th\u00f4ng tin s\u1ea3n ph\u1ea9m b\u1eb1ng Ti\u1ebfng Vi\u1ec7t \u0111\u01b0\u1ee3c in tr\u00ean nh\u00e3n ph\u1ee5 v\u00e0 \u0111\u01b0\u1ee3c d\u00e1n \u1edf m\u1eb7t sau bao b\u00ec b\u00e0n ch\u1ea3i RADIUS.\u00a0<\/span><\/p>\n<p><img loading=\"lazy\" decoding=\"async\" class=\"wp-image-19876 aligncenter\" src=\"https:\/\/havamall.vn\/wp-content\/uploads\/2021\/05\/176439806_1084814255360305_8429583423718577715_n-300x300.jpg\" alt=\"\" width=\"584\" height=\"584\" srcset=\"https:\/\/havamall.vn\/wp-content\/uploads\/2021\/05\/176439806_1084814255360305_8429583423718577715_n-300x300.jpg 300w, https:\/\/havamall.vn\/wp-content\/uploads\/2021\/05\/176439806_1084814255360305_8429583423718577715_n-430x430.jpg 430w, https:\/\/havamall.vn\/wp-content\/uploads\/2021\/05\/176439806_1084814255360305_8429583423718577715_n-150x150.jpg 150w, https:\/\/havamall.vn\/wp-content\/uploads\/2021\/05\/176439806_1084814255360305_8429583423718577715_n-700x700.jpg 700w, https:\/\/havamall.vn\/wp-content\/uploads\/2021\/05\/176439806_1084814255360305_8429583423718577715_n-768x768.jpg 768w, https:\/\/havamall.vn\/wp-content\/uploads\/2021\/05\/176439806_1084814255360305_8429583423718577715_n-1024x1024.jpg 1024w, https:\/\/havamall.vn\/wp-content\/uploads\/2021\/05\/176439806_1084814255360305_8429583423718577715_n-1200x1200.jpg 1200w, https:\/\/havamall.vn\/wp-content\/uploads\/2021\/05\/176439806_1084814255360305_8429583423718577715_n-600x600.jpg 600w, https:\/\/havamall.vn\/wp-content\/uploads\/2021\/05\/176439806_1084814255360305_8429583423718577715_n-100x100.jpg 100w, https:\/\/havamall.vn\/wp-content\/uploads\/2021\/05\/176439806_1084814255360305_8429583423718577715_n.jpg 1875w\" sizes=\"(max-width: 584px) 100vw, 584px\" \/><\/p>\n<p><span style=\"font-weight: 400\">\u0110\u1ec3 \u0111\u1ea1t \u0111\u01b0\u1ee3c m\u1ee9c \u0111\u1ed9 an to\u00e0n cao nh\u1ea5t, h\u1ea7u nh\u01b0 kh\u00f4ng th\u1ec3 t\u00ecm th\u1ea5y th\u00e0nh ph\u1ea7n \u0111\u1ed9c h\u1ea1i n\u00e0o trong b\u00e0n ch\u1ea3i Totz. Kh\u00f4ng ch\u1ee9a ch\u1ea5t \u0111\u1ed9c h\u1ea1i trong nh\u1ef1a nh\u01b0 BPA, phthalate &amp; cao su, nh\u1edd \u0111\u00f3 b\u1ed1 m\u1eb9 c\u00f3 th\u1ec3 y\u00ean t\u00e2m b\u1ea3o v\u1ec7 n\u1ee5 c\u01b0\u1eddi xinh cho b\u00e9.<\/span><\/p>\n<p><span style=\"font-weight: 400\">\u0110\u1ea7u b\u00e0n ch\u1ea3i an to\u00e0n h\u00ecnh b\u1ea7u d\u1ee5c &amp; k\u00edch th\u01b0\u1edbc chu\u1ea9n ho\u00e0n h\u1ea3o \u0111\u1ea3m b\u1ea3o khi ch\u1ea3i r\u0103ng kh\u00f4ng g\u00e2y th\u01b0\u01a1ng t\u1ed5n \u0111\u1ebfn r\u0103ng v\u00e0 n\u01b0\u1edbu nh\u1ea1y c\u1ea3m c\u1ee7a b\u00e9.<\/span><\/p>\n<p><img loading=\"lazy\" decoding=\"async\" class=\"wp-image-19878 aligncenter\" src=\"https:\/\/havamall.vn\/wp-content\/uploads\/2021\/05\/176752201_1084814335360297_1197946917996998429_n-300x300.jpg\" alt=\"\" width=\"595\" height=\"595\" srcset=\"https:\/\/havamall.vn\/wp-content\/uploads\/2021\/05\/176752201_1084814335360297_1197946917996998429_n-300x300.jpg 300w, https:\/\/havamall.vn\/wp-content\/uploads\/2021\/05\/176752201_1084814335360297_1197946917996998429_n-430x430.jpg 430w, https:\/\/havamall.vn\/wp-content\/uploads\/2021\/05\/176752201_1084814335360297_1197946917996998429_n-150x150.jpg 150w, https:\/\/havamall.vn\/wp-content\/uploads\/2021\/05\/176752201_1084814335360297_1197946917996998429_n-700x700.jpg 700w, https:\/\/havamall.vn\/wp-content\/uploads\/2021\/05\/176752201_1084814335360297_1197946917996998429_n-768x768.jpg 768w, https:\/\/havamall.vn\/wp-content\/uploads\/2021\/05\/176752201_1084814335360297_1197946917996998429_n-1024x1024.jpg 1024w, https:\/\/havamall.vn\/wp-content\/uploads\/2021\/05\/176752201_1084814335360297_1197946917996998429_n-1200x1200.jpg 1200w, https:\/\/havamall.vn\/wp-content\/uploads\/2021\/05\/176752201_1084814335360297_1197946917996998429_n-600x600.jpg 600w, https:\/\/havamall.vn\/wp-content\/uploads\/2021\/05\/176752201_1084814335360297_1197946917996998429_n-100x100.jpg 100w, https:\/\/havamall.vn\/wp-content\/uploads\/2021\/05\/176752201_1084814335360297_1197946917996998429_n.jpg 1875w\" sizes=\"(max-width: 595px) 100vw, 595px\" \/><\/p>\n<p><span style=\"font-weight: 400\">Tay c\u1ea7m v\u1eeba v\u1eb7n cho \u0111\u00f4i tay nh\u1ecf xinh c\u1ee7a b\u00e9, tay c\u1ea7m b\u00e0n ch\u1ea3i Totz d\u1ec5 n\u1eafm, v\u1eeba v\u1eb7n v\u1edbi tay b\u00e9 \u0111\u1ec3 vi\u1ec7c ch\u1ea3i r\u0103ng th\u1eadt nh\u1eb9 nh\u00e0ng, kh\u00e9o l\u00e9o &amp; hi\u1ec7u qu\u1ea3, c\u00f9ng v\u1edbi thi\u1ebft k\u1ebf b\u1eaft m\u1eaft s\u1ebd gi\u00fap b\u00e9 th\u00edch th\u00fa h\u01a1n m\u1ed7i khi ch\u1ea3i r\u0103ng h\u1eb1ng ng\u00e0y.<\/span><\/p>\n<p><span style=\"font-weight: 400\">S\u1ea3n ph\u1ea9m hi\u1ec7n \u0111\u00e3 c\u00f3 m\u1eb7t t\u1ea1i Havamall.<\/span><\/p>","protected":false},"excerpt":{"rendered":"<p>Totz\u00ae Brush l\u00e0 lo\u1ea1i b\u00e0n ch\u1ea3i \u0111\u00e1nh r\u0103ng tr\u1ebb em b\u00e1n ch\u1ea1y nh\u1ea5t c\u1ee7a RADIUS. Thi\u1ebft k\u1ebf b\u00e0n ch\u1ea3i chuy\u00ean<\/p>","protected":false},"featured_media":19880,"comment_status":"open","ping_status":"closed","template":"","meta":[],"product_brand":[],"product_cat":[397,35],"product_tag":[],"class_list":{"0":"post-19871","1":"product","2":"type-product","3":"status-publish","4":"has-post-thumbnail","6":"product_cat-hang-me-be-do-choi","7":"product_cat-nha-cua-doi-song","9":"first","10":"instock","11":"sale","12":"shipping-taxable","13":"purchasable","14":"product-type-simple"},"_links":{"self":[{"href":"https:\/\/havamall.vn\/en\/wp-json\/wp\/v2\/product\/19871"}],"collection":[{"href":"https:\/\/havamall.vn\/en\/wp-json\/wp\/v2\/product"}],"about":[{"href":"https:\/\/havamall.vn\/en\/wp-json\/wp\/v2\/types\/product"}],"replies":[{"embeddable":true,"href":"https:\/\/havamall.vn\/en\/wp-json\/wp\/v2\/comments?post=19871"}],"version-history":[{"count":0,"href":"https:\/\/havamall.vn\/en\/wp-json\/wp\/v2\/product\/19871\/revisions"}],"wp:featuredmedia":[{"embeddable":true,"href":"https:\/\/havamall.vn\/en\/wp-json\/wp\/v2\/media\/19880"}],"wp:attachment":[{"href":"https:\/\/havamall.vn\/en\/wp-json\/wp\/v2\/media?parent=19871"}],"wp:term":[{"taxonomy":"product_brand","embeddable":true,"href":"https:\/\/havamall.vn\/en\/wp-json\/wp\/v2\/product_brand?post=19871"},{"taxonomy":"product_cat","embeddable":true,"href":"https:\/\/havamall.vn\/en\/wp-json\/wp\/v2\/product_cat?post=19871"},{"taxonomy":"product_tag","embeddable":true,"href":"https:\/\/havamall.vn\/en\/wp-json\/wp\/v2\/product_tag?post=19871"}],"curies":[{"name":"wp","href":"https:\/\/api.w.org\/{rel}","templated":true}]}}