{"id":19855,"date":"2021-05-12T17:06:58","date_gmt":"2021-05-12T10:06:58","guid":{"rendered":"https:\/\/havamall.vn\/?post_type=product&#038;p=19855"},"modified":"2022-03-16T10:56:06","modified_gmt":"2022-03-16T03:56:06","slug":"y-di-nguyen-cam-huu-co-can-dep-sottolestele-wholebarley-flakes-500g","status":"publish","type":"product","link":"https:\/\/havamall.vn\/en\/shop\/y-di-nguyen-cam-huu-co-can-dep-sottolestele-wholebarley-flakes-500g\/","title":{"rendered":"\u00dd D\u0129 Nguy\u00ean C\u00e1m H\u1eefu C\u01a1 C\u00e1n D\u1eb9p &#8211; Sottolestele Wholebarley Flakes 500G"},"content":{"rendered":"<table>\n<tbody>\n<tr>\n<td>Th\u01b0\u01a1ng hi\u1ec7u<\/td>\n<td>Sottolestelle<\/td>\n<\/tr>\n<tr>\n<td>Xu\u1ea5t x\u1ee9<\/td>\n<td>\u00dd<\/td>\n<\/tr>\n<tr>\n<td>Th\u00e0nh ph\u1ea7n<\/td>\n<td>100% \u00dd d\u0129 h\u1eefu c\u01a1 nguy\u00ean c\u00e1m c\u00e1n d\u1eb9p<\/td>\n<\/tr>\n<tr>\n<td>H\u1ea1n s\u1eed d\u1ee5ng<\/td>\n<td>24 th\u00e1ng k\u1ec3 t\u1eeb ng\u00e0y s\u1ea3n xu\u1ea5t.<\/td>\n<\/tr>\n<tr>\n<td>B\u1ea3o qu\u1ea3n<\/td>\n<td>\u0110\u1ec3 n\u01a1i kh\u00f4 r\u00e1o, tho\u00e1ng m\u00e1t, tr\u00e1nh \u00e1nh n\u1eafng tr\u1ef1c ti\u1ebfp<\/td>\n<\/tr>\n<tr>\n<td>Kh\u1ed1i l\u01b0\u1ee3ng t\u1ecbnh<\/td>\n<td>500g<\/td>\n<\/tr>\n<\/tbody>\n<\/table>\n<p><span style=\"font-weight: 400;\">Sottolestelle \u0111\u01b0\u1ee3c th\u00e0nh l\u1eadp n\u0103m 1992 t\u1ea1i v\u00f9ng \u0111\u1ed3ng qu\u00ea Gargano (Puglia) ph\u00eda \u0110\u00f4ng Nam n\u01b0\u1edbc \u00dd, v\u1edbi \u0111\u1ecbnh h\u01b0\u1edbng ph\u00e1t tri\u1ec3n theo m\u00f4 h\u00ecnh kh\u00e9p k\u00edn, g\u1ed3m 4 nh\u00f3m c\u1ea5u tr\u00fac: trang tr\u1ea1i, s\u1ea3n xu\u1ea5t, \u0111\u00f3ng g\u00f3i v\u00e0 ph\u00e2n ph\u1ed1i.<\/span><\/p>\n<p><span style=\"font-weight: 400;\">Th\u01b0\u01a1ng hi\u1ec7u Sottolestelle v\u1edbi h\u01a1n 500 s\u1ea3n ph\u1ea9m \u0111\u1ec1u \u0111\u1eb7t c\u00e1c ch\u1ee9ng nh\u1eadn h\u1eefu c\u01a1, lu\u00f4n ph\u00f9 h\u1ee3p v\u1edbi nhu c\u1ea7u c\u1ee7a m\u1ed9t th\u1ecb tr\u01b0\u1eddng c\u00f3 ti\u00eau chuy\u1ec3n kh\u1eaft khe nh\u1ea5t. Sottolestelle kh\u00f4ng ng\u1eebng ph\u00e1t tri\u1ec3n v\u00e0 ng\u00e0y c\u00e0ng t\u0103ng s\u1ed1 l\u01b0\u1ee3ng s\u1ea3n ph\u1ea9m h\u1eefu c\u01a1, lu\u00f4n nghi\u00ean c\u1ee9u v\u00e0 \u0111\u01b0a ra c\u00f4ng th\u1ee9c n\u1ea5u \u0103n ph\u00f9 h\u1ee3p, \u0111\u1ec3 \u0111\u00e1p \u1ee9ng nhu c\u1ea7u dinh d\u01b0\u1ee1ng c\u1ee7a t\u1eebng ng\u01b0\u1eddi v\u00e0 \u0111\u1ea3m b\u1ea3o ti\u00eau chu\u1ea9n ch\u1ea5t l\u01b0\u1ee3ng cao nh\u1ea5t cho t\u1ea5t c\u1ea3 c\u00e1c s\u1ea3n ph\u1ea9m.<\/span><\/p>\n<p><img fetchpriority=\"high\" decoding=\"async\" class=\"wp-image-19847 aligncenter\" src=\"https:\/\/havamall.vn\/wp-content\/uploads\/2021\/05\/gved-2-300x212.jpg\" alt=\"\" width=\"631\" height=\"446\" srcset=\"https:\/\/havamall.vn\/wp-content\/uploads\/2021\/05\/gved-2-300x212.jpg 300w, https:\/\/havamall.vn\/wp-content\/uploads\/2021\/05\/gved-2-430x304.jpg 430w, https:\/\/havamall.vn\/wp-content\/uploads\/2021\/05\/gved-2-150x106.jpg 150w, https:\/\/havamall.vn\/wp-content\/uploads\/2021\/05\/gved-2-700x495.jpg 700w, https:\/\/havamall.vn\/wp-content\/uploads\/2021\/05\/gved-2-768x543.jpg 768w, https:\/\/havamall.vn\/wp-content\/uploads\/2021\/05\/gved-2-1024x724.jpg 1024w, https:\/\/havamall.vn\/wp-content\/uploads\/2021\/05\/gved-2-220x154.jpg 220w, https:\/\/havamall.vn\/wp-content\/uploads\/2021\/05\/gved-2-600x424.jpg 600w, https:\/\/havamall.vn\/wp-content\/uploads\/2021\/05\/gved-2.jpg 1169w\" sizes=\"(max-width: 631px) 100vw, 631px\" \/><\/p>\n<p><span style=\"font-weight: 400;\">\u00dd d\u0129 \u0111\u00e3 tr\u1edf n\u00ean ph\u1ed5 bi\u1ebfn nh\u01b0 m\u1ed9t lo\u1ea1i th\u1ef1c ph\u1ea9m t\u1ed1t cho s\u1ee9c kh\u1ecfe do h\u00e0m l\u01b0\u1ee3ng kho\u00e1ng ch\u1ea5t v\u00e0 ch\u1ea5t ch\u1ed1ng oxy h\u00f3a cao. \u00dd d\u0129 nguy\u00ean c\u00e1m \u0111\u01b0\u1ee3c xem l\u00e0 \u201cm\u1ed9t si\u00eau th\u1ef1c ph\u1ea9m\u201d r\u1ea5t b\u1ed5 d\u01b0\u1ee1ng, ch\u00fang c\u00f3 th\u1ec3 c\u1ea3i thi\u1ec7n s\u1ee9c kh\u1ecfe c\u1ee7a tim, th\u00fac \u0111\u1ea9y gi\u1ea3m c\u00e2n v\u00e0 ki\u1ec3m so\u00e1t b\u1ec7nh ti\u1ec3u \u0111\u01b0\u1eddng.<\/span><\/p>\n<p><img decoding=\"async\" class=\"wp-image-19856 aligncenter\" src=\"https:\/\/havamall.vn\/wp-content\/uploads\/2021\/05\/dsxc-300x157.jpg\" alt=\"\" width=\"631\" height=\"330\" srcset=\"https:\/\/havamall.vn\/wp-content\/uploads\/2021\/05\/dsxc-300x157.jpg 300w, https:\/\/havamall.vn\/wp-content\/uploads\/2021\/05\/dsxc-430x225.jpg 430w, https:\/\/havamall.vn\/wp-content\/uploads\/2021\/05\/dsxc-150x79.jpg 150w, https:\/\/havamall.vn\/wp-content\/uploads\/2021\/05\/dsxc-700x366.jpg 700w, https:\/\/havamall.vn\/wp-content\/uploads\/2021\/05\/dsxc-768x402.jpg 768w, https:\/\/havamall.vn\/wp-content\/uploads\/2021\/05\/dsxc-1024x536.jpg 1024w, https:\/\/havamall.vn\/wp-content\/uploads\/2021\/05\/dsxc-1200x628.jpg 1200w, https:\/\/havamall.vn\/wp-content\/uploads\/2021\/05\/dsxc-600x314.jpg 600w, https:\/\/havamall.vn\/wp-content\/uploads\/2021\/05\/dsxc.jpg 2000w\" sizes=\"(max-width: 631px) 100vw, 631px\" \/><\/p>\n<p><span style=\"font-weight: 400;\">\u00dd d\u0129 nguy\u00ean c\u00e1m l\u00e0 lo\u1ea1i h\u1ea1t c\u00f3 gi\u00e1 tr\u1ecb dinh d\u01b0\u1ee1ng cao gi\u00fap b\u1ed3i b\u1ed5 s\u1ee9c kh\u1ecfe ng\u01b0\u1eddi gi\u00e0, tr\u1ebb em, ng\u01b0\u1eddi m\u1edbi \u1ed1m d\u1eady, \u0111\u1ed3ng th\u1eddi gi\u00fap l\u1ee3i s\u1eefa cho ph\u1ee5 n\u1eef sau sinh. H\u1ea1t \u00fd d\u0129 v\u1ecb ng\u1ecdt, nh\u1ea1t, t\u00ednh m\u00e1t, c\u00f3 t\u00e1c d\u1ee5ng b\u1ed5 t\u1ef3, ki\u1ec7n v\u1ecb, l\u1ee3i ni\u1ec7u, thanh nhi\u1ec7t, b\u00e0i n\u00f9ng, b\u1ed5 ph\u1ebf, th\u01b0 c\u00e2n, gi\u1ea3i kinh, gi\u1ea3i \u0111\u1ed9c\u2026<\/span><\/p>\n<p><img decoding=\"async\" class=\"wp-image-19857 aligncenter\" src=\"https:\/\/havamall.vn\/wp-content\/uploads\/2021\/05\/fvf-300x200.jpg\" alt=\"\" width=\"625\" height=\"416\" srcset=\"https:\/\/havamall.vn\/wp-content\/uploads\/2021\/05\/fvf-300x200.jpg 300w, https:\/\/havamall.vn\/wp-content\/uploads\/2021\/05\/fvf-430x287.jpg 430w, https:\/\/havamall.vn\/wp-content\/uploads\/2021\/05\/fvf-150x100.jpg 150w, https:\/\/havamall.vn\/wp-content\/uploads\/2021\/05\/fvf-700x467.jpg 700w, https:\/\/havamall.vn\/wp-content\/uploads\/2021\/05\/fvf-600x400.jpg 600w, https:\/\/havamall.vn\/wp-content\/uploads\/2021\/05\/fvf.jpg 750w\" sizes=\"(max-width: 625px) 100vw, 625px\" \/><\/p>\n<h4><strong>T\u00e1c d\u1ee5ng c\u1ee7a h\u1ea1t \u00dd d\u0129:<\/strong><\/h4>\n<p><span style=\"font-weight: 400;\">&#8211; \u00dd d\u0129 l\u00e0 lo\u1ea1i h\u1ea1t c\u00f3 dinh d\u01b0\u1ee1ng cao gi\u00fap b\u1ed3i b\u1ed5 s\u1ee9c kh\u1ecfe.<\/span><\/p>\n<p><span style=\"font-weight: 400;\">&#8211; \u00dd d\u0129 gi\u00fap ch\u0103m s\u00f3c s\u1eafc \u0111\u1eb9p: b\u1ed9t \u00fd d\u0129 \u0111\u1eafp m\u1eb7t l\u00e0m da m\u1ecbn m\u00e0ng, t\u01b0\u01a1i s\u00e1ng.<\/span><\/p>\n<p><span style=\"font-weight: 400;\">&#8211; Gi\u1ea3m n\u1ed3ng \u0111\u1ed9 cholesterol, lipoprotein c\u00f3 h\u1ea1i, gi\u1ea3m thi\u1ec3u nguy c\u01a1 b\u1ecb b\u1ec7nh tim m\u1ea1ch, \u0111\u00e1i th\u00e1o \u0111\u01b0\u1eddng.<\/span><\/p>\n<p><span style=\"font-weight: 400;\">&#8211; \u00dd d\u0129 gi\u00fap ph\u00f2ng ng\u1eeba lo\u00e3ng x\u01b0\u01a1ng.<\/span><\/p>\n<p><span style=\"font-weight: 400;\">&#8211; Ng\u01b0\u1eddi b\u00e9o ph\u00ec thi\u1ebft l\u1eadp ch\u1ebf \u0111\u1ed9 \u0103n u\u1ed1ng c\u00f3 \u00fd d\u0129 c\u00f3 th\u1ec3 gi\u1ea3m c\u00e2n hi\u1ec7u qu\u1ea3\u2026<\/span><\/p>\n<p><img loading=\"lazy\" decoding=\"async\" class=\"wp-image-19858 aligncenter\" src=\"https:\/\/havamall.vn\/wp-content\/uploads\/2021\/05\/fsx-300x250.png\" alt=\"\" width=\"635\" height=\"530\" srcset=\"https:\/\/havamall.vn\/wp-content\/uploads\/2021\/05\/fsx-300x250.png 300w, https:\/\/havamall.vn\/wp-content\/uploads\/2021\/05\/fsx-430x359.png 430w, https:\/\/havamall.vn\/wp-content\/uploads\/2021\/05\/fsx-150x125.png 150w, https:\/\/havamall.vn\/wp-content\/uploads\/2021\/05\/fsx-700x584.png 700w, https:\/\/havamall.vn\/wp-content\/uploads\/2021\/05\/fsx-768x641.png 768w, https:\/\/havamall.vn\/wp-content\/uploads\/2021\/05\/fsx-1024x855.png 1024w, https:\/\/havamall.vn\/wp-content\/uploads\/2021\/05\/fsx-1200x1002.png 1200w, https:\/\/havamall.vn\/wp-content\/uploads\/2021\/05\/fsx-600x501.png 600w, https:\/\/havamall.vn\/wp-content\/uploads\/2021\/05\/fsx.png 2048w\" sizes=\"(max-width: 635px) 100vw, 635px\" \/><\/p>\n<h4><strong>H\u01b0\u1edbng d\u1eabn s\u1eed d\u1ee5ng:<\/strong><\/h4>\n<p><span style=\"font-weight: 400;\">\u2013 Ph\u1ee5 n\u1eef \u0111ang mang thai kh\u00f4ng n\u00ean s\u1eed d\u1ee5ng \u00fd d\u0129.<\/span><\/p>\n<p><span style=\"font-weight: 400;\">\u2013 \u00dd d\u0129 c\u00f3 th\u1ec3 k\u1ebft h\u1ee3p v\u1edbi H\u1ed3ng t\u00e1o, K\u1ef7 t\u1eed, \u0110\u01b0\u01a1ng quy, Long nh\u00e3n, Ho\u00e0i s\u01a1n, \u0110\u1ea3ng s\u00e2m, H\u1ea1t sen h\u1ea7m g\u00e0 ta, g\u00e0 \u00e1c, chim b\u1ed3 c\u00e2u, ch\u00e2n gi\u00f2, tr\u1ee9ng v\u1ecbt l\u1ed9n, tim, d\u1ea1 d\u00e0y, th\u1ecbt b\u00f2\u2026 th\u00e0nh m\u00f3n canh b\u1ed5 d\u01b0\u1ee1ng. N\u00ean ng\u00e2m \u00fd d\u0129 kho\u1ea3ng v\u00e0i gi\u1edd tr\u01b0\u1edbc khi h\u1ea7m \u0111\u1ec3 h\u1ea1t \u00fd d\u0129 nguy\u00ean c\u00e1m nh\u1eeb h\u01a1n.<\/span><\/p>\n<p><span style=\"font-weight: 400;\">\u2013 C\u00f3 th\u1ec3 ng\u00e2m \u00fd d\u0129 v\u1edbi tr\u00e0 ho\u1eb7c n\u1ea5u ch\u00e1o.<\/span><\/p>\n<p><span style=\"font-weight: 400;\">\u2013 \u00dd d\u0129 gi\u00e0u lipid, protid h\u01a1n g\u1ea1o, nhi\u1ec1u protid h\u01a1n b\u1ed9t b\u1eafp n\u00ean c\u00f3 th\u1ec3 d\u00f9ng \u0111\u1ec3 th\u1ed5i c\u01a1m, c\u0169ng th\u01a1m, d\u1ebbo v\u00e0 ngon nh\u01b0 c\u01a1m n\u1ebfp.<\/span><\/p>\n<p><span style=\"font-weight: 400;\">\u2013 Tr\u1ed9n b\u1ed9t \u00fd d\u0129 v\u1edbi m\u1eadt ong, s\u1eefa t\u01b0\u01a1i, b\u1ed9t ngh\u1ec7, tr\u1ee9ng g\u00e0\u2026 \u0111\u1ec3 \u0111\u1eafp m\u1eb7t v\u00e0 to\u00e0n th\u00e2n, gi\u00fap ng\u1eeba n\u00e1m, l\u00e0m tr\u1eafng da, tr\u1ecb da b\u1ecb s\u1ea7n s\u00f9i, th\u00f4 r\u00e1p.<\/span><\/p>\n<p><span style=\"font-weight: 400;\">\u2013 D\u00f9ng \u00fd d\u0129 \u0111\u1ec3 n\u1ea5u ch\u00e1o l\u1ee3i s\u1eefa cho ph\u1ee5 n\u1eef sau sinh (n\u00ean sao v\u00e0ng \u00fd d\u0129 r\u1ed3i n\u1ea5u).<\/span><\/p>\n<p><span style=\"font-weight: 400;\">\u2013 B\u1ea3o qu\u1ea3n n\u01a1i kh\u00f4 r\u00e1o tho\u00e1ng m\u00e1t.<\/span><\/p>\n<p><span style=\"font-weight: 400;\">S\u1ea3n ph\u1ea9m hi\u1ec7n \u0111\u00e3 c\u00f3 m\u1eb7t t\u1ea1i Havamall.<\/span><\/p>","protected":false},"excerpt":{"rendered":"<p>Th\u01b0\u01a1ng hi\u1ec7u Sottolestelle Xu\u1ea5t x\u1ee9 \u00dd Th\u00e0nh ph\u1ea7n 100% \u00dd d\u0129 h\u1eefu c\u01a1 nguy\u00ean c\u00e1m c\u00e1n d\u1eb9p H\u1ea1n s\u1eed d\u1ee5ng<\/p>","protected":false},"featured_media":19859,"comment_status":"open","ping_status":"closed","template":"","meta":[],"product_brand":[],"product_cat":[256,36,134],"product_tag":[],"class_list":{"0":"post-19855","1":"product","2":"type-product","3":"status-publish","4":"has-post-thumbnail","6":"product_cat-thuc-pham-huu-co","7":"product_cat-thuc-pham-tieu-dung","8":"product_cat-thucpham-saykho","9":"pa_brand-sottolestell","11":"first","12":"outofstock","13":"sale","14":"shipping-taxable","15":"purchasable","16":"product-type-simple"},"_links":{"self":[{"href":"https:\/\/havamall.vn\/en\/wp-json\/wp\/v2\/product\/19855"}],"collection":[{"href":"https:\/\/havamall.vn\/en\/wp-json\/wp\/v2\/product"}],"about":[{"href":"https:\/\/havamall.vn\/en\/wp-json\/wp\/v2\/types\/product"}],"replies":[{"embeddable":true,"href":"https:\/\/havamall.vn\/en\/wp-json\/wp\/v2\/comments?post=19855"}],"version-history":[{"count":0,"href":"https:\/\/havamall.vn\/en\/wp-json\/wp\/v2\/product\/19855\/revisions"}],"wp:featuredmedia":[{"embeddable":true,"href":"https:\/\/havamall.vn\/en\/wp-json\/wp\/v2\/media\/19859"}],"wp:attachment":[{"href":"https:\/\/havamall.vn\/en\/wp-json\/wp\/v2\/media?parent=19855"}],"wp:term":[{"taxonomy":"product_brand","embeddable":true,"href":"https:\/\/havamall.vn\/en\/wp-json\/wp\/v2\/product_brand?post=19855"},{"taxonomy":"product_cat","embeddable":true,"href":"https:\/\/havamall.vn\/en\/wp-json\/wp\/v2\/product_cat?post=19855"},{"taxonomy":"product_tag","embeddable":true,"href":"https:\/\/havamall.vn\/en\/wp-json\/wp\/v2\/product_tag?post=19855"}],"curies":[{"name":"wp","href":"https:\/\/api.w.org\/{rel}","templated":true}]}}