{"id":19839,"date":"2021-05-12T15:37:14","date_gmt":"2021-05-12T08:37:14","guid":{"rendered":"https:\/\/havamall.vn\/?post_type=product&#038;p=19839"},"modified":"2022-06-01T11:46:26","modified_gmt":"2022-06-01T04:46:26","slug":"dau-ha-lan-huu-co-da-tach-hat-sottolestelle-split-organic-peas-400g","status":"publish","type":"product","link":"https:\/\/havamall.vn\/en\/shop\/dau-ha-lan-huu-co-da-tach-hat-sottolestelle-split-organic-peas-400g\/","title":{"rendered":"\u0110\u1eadu H\u00e0 Lan H\u1eefu C\u01a1 \u0110\u00e3 T\u00e1ch H\u1ea1t &#8211; Sottolestelle Split Organic Peas 400g"},"content":{"rendered":"<table>\n<tbody>\n<tr>\n<td>Th\u01b0\u01a1ng hi\u1ec7u<\/td>\n<td>Sottolestelle<\/td>\n<\/tr>\n<tr>\n<td>Xu\u1ea5t x\u1ee9<\/td>\n<td>\u00dd<\/td>\n<\/tr>\n<tr>\n<td>Th\u00e0nh ph\u1ea7n<\/td>\n<td>100% \u0111\u1eadu H\u00e0 Lan h\u1eefu c\u01a1<\/td>\n<\/tr>\n<tr>\n<td>H\u1ea1n s\u1eed d\u1ee5ng<\/td>\n<td>24 th\u00e1ng k\u1ec3 t\u1eeb ng\u00e0y s\u1ea3n xu\u1ea5t.<\/td>\n<\/tr>\n<tr>\n<td>B\u1ea3o qu\u1ea3n<\/td>\n<td>\u0110\u1ec3 n\u01a1i kh\u00f4 r\u00e1o, tho\u00e1ng m\u00e1t, tr\u00e1nh \u00e1nh n\u1eafng tr\u1ef1c ti\u1ebfp<\/td>\n<\/tr>\n<tr>\n<td>Kh\u1ed1i l\u01b0\u1ee3ng t\u1ecbnh<\/td>\n<td>400g<\/td>\n<\/tr>\n<\/tbody>\n<\/table>\n<p><span style=\"font-weight: 400\">Sottolestelle \u0111\u01b0\u1ee3c th\u00e0nh l\u1eadp n\u0103m 1992 t\u1ea1i v\u00f9ng \u0111\u1ed3ng qu\u00ea Gargano (Puglia) ph\u00eda \u0110\u00f4ng Nam n\u01b0\u1edbc \u00dd, v\u1edbi \u0111\u1ecbnh h\u01b0\u1edbng ph\u00e1t tri\u1ec3n theo m\u00f4 h\u00ecnh kh\u00e9p k\u00edn, g\u1ed3m 4 nh\u00f3m c\u1ea5u tr\u00fac: trang tr\u1ea1i, s\u1ea3n xu\u1ea5t, \u0111\u00f3ng g\u00f3i v\u00e0 ph\u00e2n ph\u1ed1i.<\/span><\/p>\n<p><span style=\"font-weight: 400\">N\u0103m 2018, t\u1ed5ng di\u1ec7n t\u00edch N\u00f4ng nghi\u1ec7p h\u1eefu c\u01a1 \u0111\u00e3 v\u01b0\u1ee3t 2 tri\u1ec7u ha, chi\u1ebfm 15,5% di\u1ec7n t\u00edch n\u00f4ng nghi\u1ec7p tr\u00ean c\u1ea3 n\u01b0\u1edbc, cao h\u01a1n r\u1ea5t nhi\u1ec1u so v\u1edbi con s\u1ed1 7% trung b\u00ecnh t\u1ea1i ch\u00e2u \u00c2u. 51% khu v\u1ef1c canh t\u00e1c h\u1eefu c\u01a1 ph\u00e2n b\u1ed1 \u1edf Sicily, Calabria v\u00e0 Puglia, Emilia-Romagna v\u1edbi s\u1ed1 l\u01b0\u1ee3ng nh\u00e0 cung c\u1ea5p cao k\u1ef7 l\u1ee5c: 79.000.<\/span><\/p>\n<p><img fetchpriority=\"high\" decoding=\"async\" class=\"wp-image-19840 aligncenter\" src=\"https:\/\/havamall.vn\/wp-content\/uploads\/2021\/05\/gved-1-300x212.jpg\" alt=\"\" width=\"601\" height=\"425\" srcset=\"https:\/\/havamall.vn\/wp-content\/uploads\/2021\/05\/gved-1-300x212.jpg 300w, https:\/\/havamall.vn\/wp-content\/uploads\/2021\/05\/gved-1-430x304.jpg 430w, https:\/\/havamall.vn\/wp-content\/uploads\/2021\/05\/gved-1-150x106.jpg 150w, https:\/\/havamall.vn\/wp-content\/uploads\/2021\/05\/gved-1-700x495.jpg 700w, https:\/\/havamall.vn\/wp-content\/uploads\/2021\/05\/gved-1-768x543.jpg 768w, https:\/\/havamall.vn\/wp-content\/uploads\/2021\/05\/gved-1-1024x724.jpg 1024w, https:\/\/havamall.vn\/wp-content\/uploads\/2021\/05\/gved-1-600x424.jpg 600w, https:\/\/havamall.vn\/wp-content\/uploads\/2021\/05\/gved-1.jpg 1169w\" sizes=\"(max-width: 601px) 100vw, 601px\" \/><\/p>\n<p><span style=\"font-weight: 400\">\u0110\u1eadu h\u00e0 lan h\u1eefu c\u01a1 Sottolestelle 400g\u00a0 kh\u00f4ng ch\u1ec9 h\u1ea5p d\u1eabn b\u1edfi v\u1ebb b\u00ean ngo\u00e0i m\u00e0 th\u1ef1c ra \u0111\u00e2y c\u0169ng l\u00e0 lo\u1ea1i th\u1ef1c ph\u1ea9m c\u00f3 h\u00e0m l\u01b0\u1ee3ng dinh d\u01b0\u1ee1ng kh\u00e1 phong ph\u00fa. \u0110\u1eadu H\u00e0 Lan mang l\u01b0\u1ee3ng a-xit amin v\u00e0 xenlulo cao c\u00f3 t\u00e1c d\u1ee5ng r\u1ea5t t\u1ed1t cho qu\u00e1 tr\u00ecnh trao \u0111\u1ed5i ch\u1ea5t c\u1ee7a c\u01a1 th\u1ec3. Trong \u0111\u1eadu H\u00e0 Lan c\u00f2n c\u00f3 choline c\u00f3 t\u00e1c d\u1ee5ng ph\u00f2ng ng\u1eeba b\u1ec7nh x\u01a1 c\u1ee9ng \u0111\u1ed9ng m\u1ea1ch, v\u00e0 l\u00e0 lo\u1ea1i th\u1ef1c ph\u1ea9m d\u01b0\u1ee1ng sinh kh\u00e1 l\u00fd t\u01b0\u1edfng \u0111\u1ed1i v\u1edbi nh\u1eefng \u0111\u1ed1i t\u01b0\u1ee3ng m\u1eafc b\u1ec7nh nh\u1ed3i m\u00e1u c\u01a1 tim.\u00a0<\/span><\/p>\n<p><img decoding=\"async\" class=\"wp-image-19841 aligncenter\" src=\"https:\/\/havamall.vn\/wp-content\/uploads\/2021\/05\/gbfdv-300x300.jpg\" alt=\"\" width=\"603\" height=\"603\" srcset=\"https:\/\/havamall.vn\/wp-content\/uploads\/2021\/05\/gbfdv-300x300.jpg 300w, https:\/\/havamall.vn\/wp-content\/uploads\/2021\/05\/gbfdv-430x430.jpg 430w, https:\/\/havamall.vn\/wp-content\/uploads\/2021\/05\/gbfdv-150x150.jpg 150w, https:\/\/havamall.vn\/wp-content\/uploads\/2021\/05\/gbfdv-700x700.jpg 700w, https:\/\/havamall.vn\/wp-content\/uploads\/2021\/05\/gbfdv-768x768.jpg 768w, https:\/\/havamall.vn\/wp-content\/uploads\/2021\/05\/gbfdv-600x600.jpg 600w, https:\/\/havamall.vn\/wp-content\/uploads\/2021\/05\/gbfdv-100x100.jpg 100w, https:\/\/havamall.vn\/wp-content\/uploads\/2021\/05\/gbfdv.jpg 1024w\" sizes=\"(max-width: 603px) 100vw, 603px\" \/><\/p>\n<p><span style=\"font-weight: 400\">B\u00ean c\u1ea1nh \u0111\u00f3, \u0111\u1eadu H\u00e0 Lan c\u00f2n c\u00f3 men c\u00f3 th\u1ec3 ph\u00e2n h\u1ee7y nitrosamine v\u00ec v\u1eady c\u00f3 th\u1ec3 \u0111\u00f3ng vai tr\u00f2 ph\u00f2ng ng\u1eeba c\u0103n b\u1ec7nh ung th\u01b0 r\u1ea5t t\u1ed1t. Trong \u0111\u1eadu H\u00e0 Lan c\u00f2n c\u00f3 l\u01b0\u1ee3ng vitamin A phong ph\u00fa, \u0111i\u1ec1u n\u00e0y c\u0169ng khi\u1ebfn cho \u0111\u1eadu H\u00e0 Lan c\u00f3 t\u00e1c d\u1ee5ng h\u01a1n h\u1eb3n trong vi\u1ec7c b\u1ea3o v\u1ec7 th\u1ecb l\u1ef1c so v\u1edbi c\u00e1c lo\u1ea1i \u0111\u1eadu kh\u00e1c. H\u00e0m l\u01b0\u1ee3ng vitamin C trong \u0111\u1eadu H\u00e0 Lan kh\u00e1 cao, c\u00f3 th\u1ec3 n\u00e2ng cao kh\u1ea3 n\u0103ng mi\u1ec5n d\u1ecbch cho c\u01a1 th\u1ec3.<\/span><\/p>\n<p><img decoding=\"async\" class=\"wp-image-19843 aligncenter\" src=\"https:\/\/havamall.vn\/wp-content\/uploads\/2021\/05\/bdd-300x255.png\" alt=\"\" width=\"614\" height=\"522\" srcset=\"https:\/\/havamall.vn\/wp-content\/uploads\/2021\/05\/bdd-300x255.png 300w, https:\/\/havamall.vn\/wp-content\/uploads\/2021\/05\/bdd-430x366.png 430w, https:\/\/havamall.vn\/wp-content\/uploads\/2021\/05\/bdd-150x128.png 150w, https:\/\/havamall.vn\/wp-content\/uploads\/2021\/05\/bdd-700x595.png 700w, https:\/\/havamall.vn\/wp-content\/uploads\/2021\/05\/bdd-768x653.png 768w, https:\/\/havamall.vn\/wp-content\/uploads\/2021\/05\/bdd-1024x871.png 1024w, https:\/\/havamall.vn\/wp-content\/uploads\/2021\/05\/bdd-1200x1021.png 1200w, https:\/\/havamall.vn\/wp-content\/uploads\/2021\/05\/bdd-600x510.png 600w, https:\/\/havamall.vn\/wp-content\/uploads\/2021\/05\/bdd.png 2048w\" sizes=\"(max-width: 614px) 100vw, 614px\" \/><\/p>\n<h4><strong>C\u00f4ng d\u1ee5ng c\u1ee7a \u0111\u1eadu H\u00e0 Lan xanh:<\/strong><\/h4>\n<p><span style=\"font-weight: 400\">&#8211; \u0110\u1eadu H\u00e0 Lan c\u00f3 th\u1ec3 gi\u00fap b\u1ea1n ph\u00f2ng ng\u1eeba b\u1ec7nh tim. \u0110\u1eadu xanh c\u00f3 ch\u1ee9a c\u00e1c h\u1ee3p ch\u1ea5t ch\u1ed1ng vi\u00eam v\u00e0 m\u1ed9t s\u1ed1 ch\u1ea5t ch\u1ed1ng oxy h\u00f3a c\u00f3 th\u1ec3 gi\u00fap ng\u0103n ng\u1eeba v\u00e0 \u0111i\u1ec1u tr\u1ecb c\u0103n b\u1ec7nh n\u00e0y.<\/span><\/p>\n<p><span style=\"font-weight: 400\">&#8211; Th\u1ef1c ph\u1ea9m ho\u00e0n h\u1ea3o gi\u00fap b\u1ea1n gi\u1ea3m c\u00e2n.<\/span><\/p>\n<p><span style=\"font-weight: 400\">&#8211; Ch\u1ea5t oxy h\u00f3a trong \u0111\u1eadu H\u00e0 Lan c\u00f3 th\u1ec3 gi\u00fap b\u1ea1n tr\u1ebb l\u00e2u h\u01a1n, \u0111\u1ea9y l\u00f9i nguy c\u01a1 l\u00e3o h\u00f3a. \u0110i\u1ec1u h\u00f2a l\u01b0\u1ee3ng \u0111\u01b0\u1eddng trong m\u00e1u.<\/span><\/p>\n<p><span style=\"font-weight: 400\">&#8211; Gi\u00fap b\u1ea1n tr\u00e1nh kh\u1ecfi c\u00e1c cholesterol x\u1ea5u .<\/span><\/p>\n<p><img loading=\"lazy\" decoding=\"async\" class=\"wp-image-19844 aligncenter\" src=\"https:\/\/havamall.vn\/wp-content\/uploads\/2021\/05\/BV-300x169.jpg\" alt=\"\" width=\"616\" height=\"347\" srcset=\"https:\/\/havamall.vn\/wp-content\/uploads\/2021\/05\/BV-300x169.jpg 300w, https:\/\/havamall.vn\/wp-content\/uploads\/2021\/05\/BV-430x242.jpg 430w, https:\/\/havamall.vn\/wp-content\/uploads\/2021\/05\/BV-150x84.jpg 150w, https:\/\/havamall.vn\/wp-content\/uploads\/2021\/05\/BV-700x394.jpg 700w, https:\/\/havamall.vn\/wp-content\/uploads\/2021\/05\/BV-768x432.jpg 768w, https:\/\/havamall.vn\/wp-content\/uploads\/2021\/05\/BV-1024x576.jpg 1024w, https:\/\/havamall.vn\/wp-content\/uploads\/2021\/05\/BV-1200x675.jpg 1200w, https:\/\/havamall.vn\/wp-content\/uploads\/2021\/05\/BV-600x338.jpg 600w, https:\/\/havamall.vn\/wp-content\/uploads\/2021\/05\/BV.jpg 2048w\" sizes=\"(max-width: 616px) 100vw, 616px\" \/><\/p>\n<h4><strong>H\u01b0\u1edbng d\u1eabn s\u1eed d\u1ee5ng:<\/strong><\/h4>\n<p><span style=\"font-weight: 400\">\u2013 R\u1eeda s\u01a1 \u0111\u1eadu. \u0110\u1ed5 ng\u1eadp n\u01b0\u1edbc v\u00e0o n\u1ed3i. Cho \u0111\u1eadu v\u00e0o n\u1ea5u v\u1edbi l\u1eeda nh\u1ecf trong v\u00f2ng 1 ti\u1ebfng cho \u0111\u1ebfn khi \u0111\u1eadu m\u1ec1m. D\u00f9ng \u0111\u1ec3 n\u1ea5u ch\u00e1o, ch\u00e8 s\u00fap, x\u00e0 l\u00e1ch tr\u1ed9n\u2026<\/span><\/p>\n<p><span style=\"font-weight: 400\">\u2013 B\u1ea3o qu\u1ea3n n\u01a1i kh\u00f4 r\u00e1o tho\u00e1ng m\u00e1t.<\/span><\/p>\n<p><span style=\"font-weight: 400\">\u2013 \u0110\u1eady k\u00edn sau khi s\u1eed d\u1ee5ng, \u0111\u1ec3 n\u01a1i kh\u00f4 r\u00e1o tho\u00e1ng m\u00e1t<\/span><\/p>\n<p>S\u1ea3n ph\u1ea9m hi\u1ec7n \u0111\u00e3 co m\u1eb7t t\u1ea1i Havamall.<\/p>","protected":false},"excerpt":{"rendered":"<p>Th\u01b0\u01a1ng hi\u1ec7u Sottolestelle Xu\u1ea5t x\u1ee9 \u00dd Th\u00e0nh ph\u1ea7n 100% \u0111\u1eadu H\u00e0 Lan h\u1eefu c\u01a1 H\u1ea1n s\u1eed d\u1ee5ng 24 th\u00e1ng k\u1ec3<\/p>","protected":false},"featured_media":19845,"comment_status":"open","ping_status":"closed","template":"","meta":[],"product_brand":[],"product_cat":[256,36,134],"product_tag":[],"class_list":{"0":"post-19839","1":"product","2":"type-product","3":"status-publish","4":"has-post-thumbnail","6":"product_cat-thuc-pham-huu-co","7":"product_cat-thuc-pham-tieu-dung","8":"product_cat-thucpham-saykho","9":"pa_brand-sottolestell","11":"first","12":"outofstock","13":"sale","14":"shipping-taxable","15":"purchasable","16":"product-type-simple"},"_links":{"self":[{"href":"https:\/\/havamall.vn\/en\/wp-json\/wp\/v2\/product\/19839"}],"collection":[{"href":"https:\/\/havamall.vn\/en\/wp-json\/wp\/v2\/product"}],"about":[{"href":"https:\/\/havamall.vn\/en\/wp-json\/wp\/v2\/types\/product"}],"replies":[{"embeddable":true,"href":"https:\/\/havamall.vn\/en\/wp-json\/wp\/v2\/comments?post=19839"}],"version-history":[{"count":0,"href":"https:\/\/havamall.vn\/en\/wp-json\/wp\/v2\/product\/19839\/revisions"}],"wp:featuredmedia":[{"embeddable":true,"href":"https:\/\/havamall.vn\/en\/wp-json\/wp\/v2\/media\/19845"}],"wp:attachment":[{"href":"https:\/\/havamall.vn\/en\/wp-json\/wp\/v2\/media?parent=19839"}],"wp:term":[{"taxonomy":"product_brand","embeddable":true,"href":"https:\/\/havamall.vn\/en\/wp-json\/wp\/v2\/product_brand?post=19839"},{"taxonomy":"product_cat","embeddable":true,"href":"https:\/\/havamall.vn\/en\/wp-json\/wp\/v2\/product_cat?post=19839"},{"taxonomy":"product_tag","embeddable":true,"href":"https:\/\/havamall.vn\/en\/wp-json\/wp\/v2\/product_tag?post=19839"}],"curies":[{"name":"wp","href":"https:\/\/api.w.org\/{rel}","templated":true}]}}