{"id":19832,"date":"2021-05-12T15:05:18","date_gmt":"2021-05-12T08:05:18","guid":{"rendered":"https:\/\/havamall.vn\/?post_type=product&#038;p=19832"},"modified":"2022-08-31T13:50:37","modified_gmt":"2022-08-31T06:50:37","slug":"dau-lang-do-huu-co-sottolestelle-organic-red-lentils-500g","status":"publish","type":"product","link":"https:\/\/havamall.vn\/en\/shop\/dau-lang-do-huu-co-sottolestelle-organic-red-lentils-500g\/","title":{"rendered":"\u0110\u1eadu L\u0103ng \u0110\u1ecf H\u1eefu C\u01a1 &#8211; Sottolestelle Organic Red Lentils 500g"},"content":{"rendered":"<table>\n<tbody>\n<tr>\n<td>Th\u01b0\u01a1ng hi\u1ec7u<\/td>\n<td>Sottolestelle<\/td>\n<\/tr>\n<tr>\n<td>Xu\u1ea5t x\u1ee9<\/td>\n<td>\u00dd<\/td>\n<\/tr>\n<tr>\n<td>Th\u00e0nh ph\u1ea7n<\/td>\n<td>100% \u0111\u1eadu l\u0103ng \u0111\u1ecf<\/td>\n<\/tr>\n<tr>\n<td>H\u1ea1n s\u1eed d\u1ee5ng<\/td>\n<td>24 th\u00e1ng k\u1ec3 t\u1eeb ng\u00e0y s\u1ea3n xu\u1ea5t.<\/td>\n<\/tr>\n<tr>\n<td>B\u1ea3o qu\u1ea3n<\/td>\n<td>\u0110\u1ec3 n\u01a1i kh\u00f4 r\u00e1o, tho\u00e1ng m\u00e1t, tr\u00e1nh \u00e1nh n\u1eafng tr\u1ef1c ti\u1ebfp<\/td>\n<\/tr>\n<tr>\n<td>Kh\u1ed1i l\u01b0\u1ee3ng t\u1ecbnh<\/td>\n<td>500g<\/td>\n<\/tr>\n<\/tbody>\n<\/table>\n<p><span style=\"font-weight: 400\">Sottolestelle \u0111\u01b0\u1ee3c th\u00e0nh l\u1eadp n\u0103m 1992 t\u1ea1i v\u00f9ng \u0111\u1ed3ng qu\u00ea Gargano (Puglia) ph\u00eda \u0110\u00f4ng Nam n\u01b0\u1edbc \u00dd, v\u1edbi \u0111\u1ecbnh h\u01b0\u1edbng ph\u00e1t tri\u1ec3n theo m\u00f4 h\u00ecnh kh\u00e9p k\u00edn, g\u1ed3m 4 nh\u00f3m c\u1ea5u tr\u00fac: trang tr\u1ea1i, s\u1ea3n xu\u1ea5t, \u0111\u00f3ng g\u00f3i v\u00e0 ph\u00e2n ph\u1ed1i.<\/span><\/p>\n<p><span style=\"font-weight: 400\">N\u0103m 2018, t\u1ed5ng di\u1ec7n t\u00edch N\u00f4ng nghi\u1ec7p h\u1eefu c\u01a1 \u0111\u00e3 v\u01b0\u1ee3t 2 tri\u1ec7u ha, chi\u1ebfm 15,5% di\u1ec7n t\u00edch n\u00f4ng nghi\u1ec7p tr\u00ean c\u1ea3 n\u01b0\u1edbc, cao h\u01a1n r\u1ea5t nhi\u1ec1u so v\u1edbi con s\u1ed1 7% trung b\u00ecnh t\u1ea1i ch\u00e2u \u00c2u. 51% khu v\u1ef1c canh t\u00e1c h\u1eefu c\u01a1 ph\u00e2n b\u1ed1 \u1edf Sicily, Calabria v\u00e0 Puglia, Emilia-Romagna v\u1edbi s\u1ed1 l\u01b0\u1ee3ng nh\u00e0 cung c\u1ea5p cao k\u1ef7 l\u1ee5c: 79.000.<\/span><\/p>\n<p><img fetchpriority=\"high\" decoding=\"async\" class=\"wp-image-19833 aligncenter\" src=\"https:\/\/havamall.vn\/wp-content\/uploads\/2021\/05\/gved-300x212.jpg\" alt=\"\" width=\"618\" height=\"436\" srcset=\"https:\/\/havamall.vn\/wp-content\/uploads\/2021\/05\/gved-300x212.jpg 300w, https:\/\/havamall.vn\/wp-content\/uploads\/2021\/05\/gved-430x304.jpg 430w, https:\/\/havamall.vn\/wp-content\/uploads\/2021\/05\/gved-150x106.jpg 150w, https:\/\/havamall.vn\/wp-content\/uploads\/2021\/05\/gved-700x495.jpg 700w, https:\/\/havamall.vn\/wp-content\/uploads\/2021\/05\/gved-768x543.jpg 768w, https:\/\/havamall.vn\/wp-content\/uploads\/2021\/05\/gved-1024x724.jpg 1024w, https:\/\/havamall.vn\/wp-content\/uploads\/2021\/05\/gved-220x154.jpg 220w, https:\/\/havamall.vn\/wp-content\/uploads\/2021\/05\/gved-600x424.jpg 600w, https:\/\/havamall.vn\/wp-content\/uploads\/2021\/05\/gved.jpg 1169w\" sizes=\"(max-width: 618px) 100vw, 618px\" \/><\/p>\n<p><span style=\"font-weight: 400\">\u0110\u1eadu l\u0103ng \u0111\u1ecf c\u00f9ng h\u1ecd v\u1edbi c\u00e1c lo\u1ea1i \u0111\u1eadu kh\u00e1c nh\u01b0 \u0111\u1eadu xanh, \u0111\u1eadu \u0111\u1ecf, \u0111\u1eadu tr\u1eafng, \u0111\u1eadu H\u00e0 Lan,\u2026 m\u1ed7i tr\u00e1i c\u00f3 kho\u1ea3ng 1-2 h\u1ea1t, h\u1ea1t \u0111\u1eadu c\u00f3 h\u00ecnh tr\u00f2n ho\u1eb7c h\u00ecnh tr\u00e1i tim d\u1eb9t ho\u1eb7c h\u00ecnh b\u1ea7u d\u1ee5c, c\u00f3 nhi\u1ec1u m\u00e0u s\u1eafc v\u00e0 k\u00edch c\u1ee1 kh\u00e1c nhau, t\u1eeb m\u00e0u \u0111\u1ecf, xanh, v\u00e0ng, \u0111en, n\u00e2u.<\/span><\/p>\n<p><img decoding=\"async\" class=\"wp-image-19834 aligncenter\" src=\"https:\/\/havamall.vn\/wp-content\/uploads\/2021\/05\/vsdcs-300x300.jpg\" alt=\"\" width=\"621\" height=\"621\" srcset=\"https:\/\/havamall.vn\/wp-content\/uploads\/2021\/05\/vsdcs-300x300.jpg 300w, https:\/\/havamall.vn\/wp-content\/uploads\/2021\/05\/vsdcs-430x430.jpg 430w, https:\/\/havamall.vn\/wp-content\/uploads\/2021\/05\/vsdcs-150x150.jpg 150w, https:\/\/havamall.vn\/wp-content\/uploads\/2021\/05\/vsdcs-700x700.jpg 700w, https:\/\/havamall.vn\/wp-content\/uploads\/2021\/05\/vsdcs-768x768.jpg 768w, https:\/\/havamall.vn\/wp-content\/uploads\/2021\/05\/vsdcs-1024x1024.jpg 1024w, https:\/\/havamall.vn\/wp-content\/uploads\/2021\/05\/vsdcs-1200x1200.jpg 1200w, https:\/\/havamall.vn\/wp-content\/uploads\/2021\/05\/vsdcs-600x600.jpg 600w, https:\/\/havamall.vn\/wp-content\/uploads\/2021\/05\/vsdcs-100x100.jpg 100w, https:\/\/havamall.vn\/wp-content\/uploads\/2021\/05\/vsdcs.jpg 1875w\" sizes=\"(max-width: 621px) 100vw, 621px\" \/><\/p>\n<p><span style=\"font-weight: 400\">\u0110\u1eadu l\u0103ng ch\u1ee9a nhi\u1ec1u ch\u1ea5t dinh d\u01b0\u1ee1ng, ch\u1ee9a nhi\u1ec1u ch\u1ea5t x\u01a1 v\u00e0 h\u00e0m l\u01b0\u1ee3ng carbohydrat ph\u1ee9c th\u1ea5p, th\u1eddi gian b\u1ea3o qu\u1ea3n l\u00e2u. D\u00f9ng l\u00e0m nguy\u00ean li\u1ec7u cho nhi\u1ec1u m\u00f3n \u0103n nh\u01b0 n\u1ea5u s\u00fap, tr\u1ed9n salad, h\u1ea7m x\u01b0\u01a1ng, n\u1ea5u ch\u00e8 v\u00e0 d\u00f9ng cho nhi\u1ec1u m\u00f3n \u0103n kh\u00e1c.<\/span><\/p>\n<p><img decoding=\"async\" class=\"wp-image-19835 aligncenter\" src=\"https:\/\/havamall.vn\/wp-content\/uploads\/2021\/05\/vdc-300x200.jpg\" alt=\"\" width=\"630\" height=\"420\" srcset=\"https:\/\/havamall.vn\/wp-content\/uploads\/2021\/05\/vdc-300x200.jpg 300w, https:\/\/havamall.vn\/wp-content\/uploads\/2021\/05\/vdc-430x287.jpg 430w, https:\/\/havamall.vn\/wp-content\/uploads\/2021\/05\/vdc-150x100.jpg 150w, https:\/\/havamall.vn\/wp-content\/uploads\/2021\/05\/vdc-700x467.jpg 700w, https:\/\/havamall.vn\/wp-content\/uploads\/2021\/05\/vdc-768x512.jpg 768w, https:\/\/havamall.vn\/wp-content\/uploads\/2021\/05\/vdc-1024x683.jpg 1024w, https:\/\/havamall.vn\/wp-content\/uploads\/2021\/05\/vdc-1200x800.jpg 1200w, https:\/\/havamall.vn\/wp-content\/uploads\/2021\/05\/vdc-600x400.jpg 600w, https:\/\/havamall.vn\/wp-content\/uploads\/2021\/05\/vdc.jpg 2048w\" sizes=\"(max-width: 630px) 100vw, 630px\" \/><\/p>\n<p>\u0110\u1eadu l\u0103ng l\u00e0 m\u1ed9t trong nh\u1eefng lo\u1ea1i \u0111\u1eadu \u0111\u01b0\u1ee3c \u0111\u1ec1 cao v\u1ec1 gi\u00e1 tr\u1ecb dinh d\u01b0\u1ee1ng v\u1edbi nhi\u1ec1u c\u00f4ng d\u1ee5ng c\u1ef1c k\u00ec t\u1ed1t cho s\u1ee9c kh\u1ecfe con ng\u01b0\u1eddi. Kh\u00f4ng nh\u1eefng c\u00f3 kh\u1eafc ph\u1ee5c \u0111\u01b0\u1ee3c m\u1ed9t s\u1ed1 lo\u1ea1i b\u1ec7nh, th\u1ef1c ph\u1ea9m dinh d\u01b0\u1ee1ng n\u00e0y c\u00f2n b\u1ea3o v\u1ec7 c\u01a1 th\u1ec3 ch\u1ed1ng kh\u1ecfi s\u1ef1 x\u00e2m nh\u1eadp c\u1ee7a c\u00e1c virus v\u00e0 y\u1ebfu t\u1ed1 g\u00e2y b\u1ec7nh t\u1eeb b\u00ean ngo\u00e0i l\u1eabn b\u00ean trong.<\/p>\n<p><img loading=\"lazy\" decoding=\"async\" class=\"wp-image-19836 aligncenter\" src=\"https:\/\/havamall.vn\/wp-content\/uploads\/2021\/05\/bgffv-258x300.png\" alt=\"\" width=\"642\" height=\"746\" srcset=\"https:\/\/havamall.vn\/wp-content\/uploads\/2021\/05\/bgffv-258x300.png 258w, https:\/\/havamall.vn\/wp-content\/uploads\/2021\/05\/bgffv-430x499.png 430w, https:\/\/havamall.vn\/wp-content\/uploads\/2021\/05\/bgffv-150x174.png 150w, https:\/\/havamall.vn\/wp-content\/uploads\/2021\/05\/bgffv-700x813.png 700w, https:\/\/havamall.vn\/wp-content\/uploads\/2021\/05\/bgffv-768x892.png 768w, https:\/\/havamall.vn\/wp-content\/uploads\/2021\/05\/bgffv-882x1024.png 882w, https:\/\/havamall.vn\/wp-content\/uploads\/2021\/05\/bgffv-1200x1394.png 1200w, https:\/\/havamall.vn\/wp-content\/uploads\/2021\/05\/bgffv-600x697.png 600w, https:\/\/havamall.vn\/wp-content\/uploads\/2021\/05\/bgffv.png 1389w\" sizes=\"(max-width: 642px) 100vw, 642px\" \/><\/p>\n<h4><strong>C\u00f4ng d\u1ee5ng c\u1ee7a \u0111\u1eadu l\u0103ng:<\/strong><\/h4>\n<p><span style=\"font-weight: 400\">-Gi\u1ea3m cholesterol x\u1ea5u nh\u1edd l\u01b0\u1ee3ng ch\u1ea5t x\u01a1 cao.<\/span><\/p>\n<p><span style=\"font-weight: 400\">\u2013 Cung c\u1ea5p protein v\u00e0 ch\u1ea5t x\u01a1. Th\u00edch h\u1ee3p cho ng\u01b0\u1eddi \u0103n ki\u00eang, gi\u1eef d\u00e1ng. V\u00ec ch\u1ea5t x\u01a1 n\u1ea1p v\u00e0o c\u01a1 th\u1ec3 b\u1ea1n s\u1ebd t\u1ea1o c\u1ea3m gi\u00e1c no l\u00e2u v\u00e0 gi\u1ea3m l\u01b0\u1ee3ng ch\u1ea5t b\u00e9o trong c\u01a1 th\u1ec3.<\/span><\/p>\n<p><span style=\"font-weight: 400\">\u2013 T\u0103ng c\u01b0\u1eddng s\u1ee9c \u0111\u1ec1 kh\u00e1ng v\u00e0 nh\u1eefng d\u01b0\u1ee1ng ch\u1ea5t thi\u1ebft y\u1ebfu cho c\u01a1 th\u1ec3 bao g\u1ed3m: canxi, magie, vitamin v\u00e0 ch\u1ea5t kho\u00e1ng. <\/span><span style=\"font-weight: 400\">\u0110\u1eadu l\u0103ng<\/span><span style=\"font-weight: 400\"> l\u00e0 ngu\u1ed3n b\u1ed5 sung n\u0103ng l\u01b0\u1ee3ng, t\u0103ng c\u01b0\u1eddng s\u1ee9c \u0111\u1ec1 kh\u00e1ng, gi\u00fap c\u01a1 th\u1ec3 ho\u1ea1t \u0111\u1ed9ng v\u00e0 trao \u0111\u1ed5i ch\u1ea5t t\u1ed1t h\u01a1n. Ng\u0103n ng\u1eeba ung th\u01b0, t\u1ed1t cho ng\u01b0\u1eddi ti\u1ec3u \u0111\u01b0\u1eddng, huy\u1ebft \u00e1p v\u00e0 x\u01b0\u01a1ng ch\u1eafc kh\u1ecfe, mang l\u1ea1i l\u00e0n da kh\u1ecfe m\u1ea1nh.<\/span><\/p>\n<p><span style=\"font-weight: 400\">\u2013 S\u1eed d\u1ee5ng <\/span><span style=\"font-weight: 400\">\u0111\u1eadu l\u0103ng<\/span><span style=\"font-weight: 400\"> \u0111\u1ecf l\u00e0 l\u1ef1a ch\u1ecdn t\u1ed1t nh\u1ea5t cho m\u1ecdi gia \u0111\u00ecnh.<\/span><\/p>\n<p><img loading=\"lazy\" decoding=\"async\" class=\"wp-image-19837 aligncenter\" src=\"https:\/\/havamall.vn\/wp-content\/uploads\/2021\/05\/fd-1-246x300.jpg\" alt=\"\" width=\"643\" height=\"784\" srcset=\"https:\/\/havamall.vn\/wp-content\/uploads\/2021\/05\/fd-1-246x300.jpg 246w, https:\/\/havamall.vn\/wp-content\/uploads\/2021\/05\/fd-1-430x525.jpg 430w, https:\/\/havamall.vn\/wp-content\/uploads\/2021\/05\/fd-1-150x183.jpg 150w, https:\/\/havamall.vn\/wp-content\/uploads\/2021\/05\/fd-1-600x732.jpg 600w, https:\/\/havamall.vn\/wp-content\/uploads\/2021\/05\/fd-1.jpg 680w\" sizes=\"(max-width: 643px) 100vw, 643px\" \/><\/p>\n<h4><strong>H\u01b0\u1edbng d\u1eabn s\u1eed d\u1ee5ng:<\/strong><\/h4>\n<p><span style=\"font-weight: 400\">&#8211; Th\u00f4ng th\u01b0\u1eddng, \u0111\u1eadu l\u0103ng th\u01b0\u1eddng \u0111\u01b0\u1ee3c d\u00f9ng \u0111\u1ec3 ch\u1ebf bi\u1ebfn th\u1ef1c ph\u1ea9m c\u00f9ng v\u1edbi c\u00e1c m\u00f3n \u0103n kh\u00e1c. B\u1ea1n l\u01b0u \u00fd, h\u00e3y r\u1eeda th\u1eadt s\u1ea1ch \u0111\u1eadu l\u0103ng tr\u01b0\u1edbc khi ch\u1ebf bi\u1ebfn \u0111\u1ec3 an to\u00e0n cho s\u1ee9c kh\u1ecfe c\u1ee7a b\u1ea1n v\u00e0 c\u1ea3 gia \u0111\u00ecnh.<\/span><\/p>\n<p><span style=\"font-weight: 400\">&#8211; Ng\u00e2m \u0111\u1eadu l\u0103ng trong n\u01b0\u1edbc qua \u0111\u00eam tr\u01b0\u1edbc khi s\u1eed d\u1ee5ng \u0111\u1ec3 ch\u1ebf bi\u1ebfn.<\/span><\/p>\n<p><span style=\"font-weight: 400\">&#8211; B\u1ea1n c\u00f3 th\u1ec3 s\u1eed d\u1ee5ng \u0111\u1eadu \u0111\u1ec3 h\u1ea7m v\u00e0 n\u1ea5u canh, n\u1ea5u c\u00e1c m\u00f3n ch\u00e8 m\u00e1t tr\u00e1ng mi\u1ec7ng ho\u1eb7c l\u00e0m m\u1ed9t s\u1ed1 m\u00f3n \u0103n h\u1ea5p d\u1eabn nh\u01b0 c\u00e0 ri hay s\u00fap \u0111\u1eadu ch\u1eb3ng h\u1ea1n.<\/span><\/p>\n<p><span style=\"font-weight: 400\">&#8211; Ng\u00e2m trong 2 ph\u1ea7n n\u01b0\u1edbc trong v\u00f2ng 10 gi\u1edd tr\u01b0\u1edbc khi n\u1ea5u ( ho\u1eb7c ng\u00e2m qua \u0111\u00eam )<\/span><\/p>\n<p><span style=\"font-weight: 400\">&#8211; R\u1eeda s\u1ea1ch \u0111\u1ec3 r\u00e1o, t\u1ec9 l\u1ec7 1 h\u1ea1t 3 n\u01b0\u1edbc, n\u1ea5u s\u00f4i, gi\u1ea3m l\u1eeda v\u00e0 n\u1ea5u trong 50-60 ph\u00fat cho \u0111\u1ebfn khi h\u1ea1t l\u00faa m\u00ec m\u1ec1m v\u00e0 ch\u00edn.<\/span><\/p>\n<p><span style=\"font-weight: 400\">&#8211; C\u00f3 th\u1ec3 tr\u1ed9n v\u00e0o c\u00e1c m\u00f3n salad hay s\u1eed d\u1ee5ng k\u00e8m v\u1edbi c\u00e1c m\u00f3n \u0103n kh\u00e1c.<\/span><\/p>\n<p>S\u1ea3n ph\u1ea9m hi\u1ec7n \u0111\u00e3 c\u00f3 m\u1eb7t t\u1ea1i Havamall.<\/p>","protected":false},"excerpt":{"rendered":"<p>Th\u01b0\u01a1ng hi\u1ec7u Sottolestelle Xu\u1ea5t x\u1ee9 \u00dd Th\u00e0nh ph\u1ea7n 100% \u0111\u1eadu l\u0103ng \u0111\u1ecf H\u1ea1n s\u1eed d\u1ee5ng 24 th\u00e1ng k\u1ec3 t\u1eeb ng\u00e0y<\/p>","protected":false},"featured_media":19838,"comment_status":"open","ping_status":"closed","template":"","meta":[],"product_brand":[],"product_cat":[256,36,134],"product_tag":[],"class_list":{"0":"post-19832","1":"product","2":"type-product","3":"status-publish","4":"has-post-thumbnail","6":"product_cat-thuc-pham-huu-co","7":"product_cat-thuc-pham-tieu-dung","8":"product_cat-thucpham-saykho","9":"pa_brand-sottolestell","11":"first","12":"outofstock","13":"sale","14":"shipping-taxable","15":"purchasable","16":"product-type-simple"},"_links":{"self":[{"href":"https:\/\/havamall.vn\/en\/wp-json\/wp\/v2\/product\/19832"}],"collection":[{"href":"https:\/\/havamall.vn\/en\/wp-json\/wp\/v2\/product"}],"about":[{"href":"https:\/\/havamall.vn\/en\/wp-json\/wp\/v2\/types\/product"}],"replies":[{"embeddable":true,"href":"https:\/\/havamall.vn\/en\/wp-json\/wp\/v2\/comments?post=19832"}],"version-history":[{"count":0,"href":"https:\/\/havamall.vn\/en\/wp-json\/wp\/v2\/product\/19832\/revisions"}],"wp:featuredmedia":[{"embeddable":true,"href":"https:\/\/havamall.vn\/en\/wp-json\/wp\/v2\/media\/19838"}],"wp:attachment":[{"href":"https:\/\/havamall.vn\/en\/wp-json\/wp\/v2\/media?parent=19832"}],"wp:term":[{"taxonomy":"product_brand","embeddable":true,"href":"https:\/\/havamall.vn\/en\/wp-json\/wp\/v2\/product_brand?post=19832"},{"taxonomy":"product_cat","embeddable":true,"href":"https:\/\/havamall.vn\/en\/wp-json\/wp\/v2\/product_cat?post=19832"},{"taxonomy":"product_tag","embeddable":true,"href":"https:\/\/havamall.vn\/en\/wp-json\/wp\/v2\/product_tag?post=19832"}],"curies":[{"name":"wp","href":"https:\/\/api.w.org\/{rel}","templated":true}]}}