{"id":19814,"date":"2021-05-12T12:05:15","date_gmt":"2021-05-12T05:05:15","guid":{"rendered":"https:\/\/havamall.vn\/?post_type=product&#038;p=19814"},"modified":"2022-11-02T11:08:19","modified_gmt":"2022-11-02T04:08:19","slug":"dau-lang-xanh-huu-co-sottolestelle-organic-green-lentils-400g","status":"publish","type":"product","link":"https:\/\/havamall.vn\/en\/shop\/dau-lang-xanh-huu-co-sottolestelle-organic-green-lentils-400g\/","title":{"rendered":"\u0110\u1eadu L\u0103ng Xanh H\u1eefu C\u01a1 &#8211; Sottolestelle Organic Green Lentils 400g"},"content":{"rendered":"<table>\n<tbody>\n<tr>\n<td>Th\u01b0\u01a1ng hi\u1ec7u<\/td>\n<td>Sottolestelle<\/td>\n<\/tr>\n<tr>\n<td>Xu\u1ea5t x\u1ee9<\/td>\n<td>\u00dd<\/td>\n<\/tr>\n<tr>\n<td>Th\u00e0nh ph\u1ea7n<\/td>\n<td>100% \u0111\u1eadu l\u0103ng xanh<\/td>\n<\/tr>\n<tr>\n<td>H\u1ea1n s\u1eed d\u1ee5ng<\/td>\n<td>24 th\u00e1ng k\u1ec3 t\u1eeb ng\u00e0y s\u1ea3n xu\u1ea5t.<\/td>\n<\/tr>\n<tr>\n<td>B\u1ea3o qu\u1ea3n<\/td>\n<td>\u0110\u1ec3 n\u01a1i kh\u00f4 r\u00e1o, tho\u00e1ng m\u00e1t, tr\u00e1nh \u00e1nh n\u1eafng tr\u1ef1c ti\u1ebfp<\/td>\n<\/tr>\n<tr>\n<td>Kh\u1ed1i l\u01b0\u1ee3ng t\u1ecbnh<\/td>\n<td>400g<\/td>\n<\/tr>\n<\/tbody>\n<\/table>\n<p><span style=\"font-weight: 400;\">\u0110\u1eadu l\u0103ng xanh Sottolestelle \u0111\u01b0\u1ee3c nh\u1eadp kh\u1ea9u tr\u1ef1c ti\u1ebfp t\u1eeb Italia c\u00f9ng h\u1ecd v\u1edbi c\u00e1c lo\u1ea1i \u0111\u1eadu kh\u00e1c nh\u01b0 <\/span><span style=\"font-weight: 400;\">\u0111\u1eadu xanh, \u0111\u1eadu \u0111\u1ecf, \u0111\u1eadu tr\u1eafng, <\/span><span style=\"font-weight: 400;\">\u0111\u1eadu H\u00e0 Lan,\u2026 m\u1ed7i tr\u00e1i c\u00f3 kho\u1ea3ng 1-2 h\u1ea1t, h\u1ea1t \u0111\u1eadu c\u00f3 h\u00ecnh tr\u00f2n ho\u1eb7c h\u00ecnh tr\u00e1i tim d\u1eb9t ho\u1eb7c h\u00ecnh b\u1ea7u d\u1ee5c, c\u00f3 nhi\u1ec1u m\u00e0u s\u1eafc v\u00e0 k\u00edch c\u1ee1 kh\u00e1c nhau, t\u1eeb m\u00e0u \u0111\u1ecf, xanh, v\u00e0ng, \u0111en, n\u00e2u.<\/span><\/p>\n<p><img fetchpriority=\"high\" decoding=\"async\" class=\"wp-image-19815 aligncenter\" src=\"https:\/\/havamall.vn\/wp-content\/uploads\/2021\/05\/fszd-1-300x169.jpg\" alt=\"\" width=\"636\" height=\"358\" srcset=\"https:\/\/havamall.vn\/wp-content\/uploads\/2021\/05\/fszd-1-300x169.jpg 300w, https:\/\/havamall.vn\/wp-content\/uploads\/2021\/05\/fszd-1-430x242.jpg 430w, https:\/\/havamall.vn\/wp-content\/uploads\/2021\/05\/fszd-1-150x84.jpg 150w, https:\/\/havamall.vn\/wp-content\/uploads\/2021\/05\/fszd-1-700x394.jpg 700w, https:\/\/havamall.vn\/wp-content\/uploads\/2021\/05\/fszd-1-768x432.jpg 768w, https:\/\/havamall.vn\/wp-content\/uploads\/2021\/05\/fszd-1-1024x576.jpg 1024w, https:\/\/havamall.vn\/wp-content\/uploads\/2021\/05\/fszd-1-1200x675.jpg 1200w, https:\/\/havamall.vn\/wp-content\/uploads\/2021\/05\/fszd-1-600x338.jpg 600w, https:\/\/havamall.vn\/wp-content\/uploads\/2021\/05\/fszd-1.jpg 2048w\" sizes=\"(max-width: 636px) 100vw, 636px\" \/><\/p>\n<p><span style=\"font-weight: 400;\">\u0110\u1eadu l\u0103ng ch\u1ee9a nhi\u1ec1u ch\u1ea5t dinh d\u01b0\u1ee1ng, ch\u1ee9a nhi\u1ec1u ch\u1ea5t x\u01a1 v\u00e0 h\u00e0m l\u01b0\u1ee3ng carbohydrate ph\u1ee9c th\u1ea5p, th\u1eddi gian b\u1ea3o qu\u1ea3n l\u00e2u. D\u00f9ng l\u00e0m nguy\u00ean li\u1ec7u cho nhi\u1ec1u m\u00f3n \u0103n nh\u01b0 n\u1ea5u s\u00fap, tr\u1ed9n salad, h\u1ea7m x\u01b0\u01a1ng, n\u1ea5u ch\u00e8 v\u00e0 d\u00f9ng cho nhi\u1ec1u m\u00f3n \u0103n kh\u00e1c.<\/span><\/p>\n<p><img decoding=\"async\" class=\"wp-image-19816 aligncenter\" src=\"https:\/\/havamall.vn\/wp-content\/uploads\/2021\/05\/sdxa-300x300.jpg\" alt=\"\" width=\"639\" height=\"639\" srcset=\"https:\/\/havamall.vn\/wp-content\/uploads\/2021\/05\/sdxa-300x300.jpg 300w, https:\/\/havamall.vn\/wp-content\/uploads\/2021\/05\/sdxa-430x430.jpg 430w, https:\/\/havamall.vn\/wp-content\/uploads\/2021\/05\/sdxa-150x150.jpg 150w, https:\/\/havamall.vn\/wp-content\/uploads\/2021\/05\/sdxa-700x700.jpg 700w, https:\/\/havamall.vn\/wp-content\/uploads\/2021\/05\/sdxa-768x768.jpg 768w, https:\/\/havamall.vn\/wp-content\/uploads\/2021\/05\/sdxa-1024x1024.jpg 1024w, https:\/\/havamall.vn\/wp-content\/uploads\/2021\/05\/sdxa-1200x1200.jpg 1200w, https:\/\/havamall.vn\/wp-content\/uploads\/2021\/05\/sdxa-600x600.jpg 600w, https:\/\/havamall.vn\/wp-content\/uploads\/2021\/05\/sdxa-100x100.jpg 100w, https:\/\/havamall.vn\/wp-content\/uploads\/2021\/05\/sdxa.jpg 1875w\" sizes=\"(max-width: 639px) 100vw, 639px\" \/><\/p>\n<p><span style=\"font-weight: 400;\">\u0110\u1eadu l\u0103ng l\u00e0 m\u1ed9t trong nh\u1eefng lo\u1ea1i \u0111\u1eadu \u0111\u01b0\u1ee3c \u0111\u1ec1 cao v\u1ec1 gi\u00e1 tr\u1ecb dinh d\u01b0\u1ee1ng v\u1edbi nhi\u1ec1u c\u00f4ng d\u1ee5ng c\u1ef1c k\u00ec t\u1ed1t cho s\u1ee9c kh\u1ecfe con ng\u01b0\u1eddi. Kh\u00f4ng nh\u1eefng c\u00f3 kh\u1eafc ph\u1ee5c \u0111\u01b0\u1ee3c m\u1ed9t s\u1ed1 lo\u1ea1i b\u1ec7nh, th\u1ef1c ph\u1ea9m dinh d\u01b0\u1ee1ng n\u00e0y c\u00f2n b\u1ea3o v\u1ec7 c\u01a1 th\u1ec3 ch\u1ed1ng kh\u1ecfi s\u1ef1 x\u00e2m nh\u1eadp c\u1ee7a c\u00e1c virus v\u00e0 y\u1ebfu t\u1ed1 g\u00e2y b\u1ec7nh t\u1eeb b\u00ean ngo\u00e0i l\u1eabn b\u00ean trong.<\/span><\/p>\n<p><img decoding=\"async\" class=\"wp-image-19817 aligncenter\" src=\"https:\/\/havamall.vn\/wp-content\/uploads\/2021\/05\/fdcsa-300x300.jpg\" alt=\"\" width=\"642\" height=\"642\" srcset=\"https:\/\/havamall.vn\/wp-content\/uploads\/2021\/05\/fdcsa-300x300.jpg 300w, https:\/\/havamall.vn\/wp-content\/uploads\/2021\/05\/fdcsa-430x430.jpg 430w, https:\/\/havamall.vn\/wp-content\/uploads\/2021\/05\/fdcsa-150x150.jpg 150w, https:\/\/havamall.vn\/wp-content\/uploads\/2021\/05\/fdcsa-700x700.jpg 700w, https:\/\/havamall.vn\/wp-content\/uploads\/2021\/05\/fdcsa-768x768.jpg 768w, https:\/\/havamall.vn\/wp-content\/uploads\/2021\/05\/fdcsa-1024x1024.jpg 1024w, https:\/\/havamall.vn\/wp-content\/uploads\/2021\/05\/fdcsa-1200x1200.jpg 1200w, https:\/\/havamall.vn\/wp-content\/uploads\/2021\/05\/fdcsa-600x600.jpg 600w, https:\/\/havamall.vn\/wp-content\/uploads\/2021\/05\/fdcsa-100x100.jpg 100w, https:\/\/havamall.vn\/wp-content\/uploads\/2021\/05\/fdcsa.jpg 2048w\" sizes=\"(max-width: 642px) 100vw, 642px\" \/><\/p>\n<p><span style=\"font-weight: 400;\">Kho\u1ea3ng 26% l\u01b0\u1ee3ng calorie trong \u0111\u1eadu l\u0103ng b\u1eaft ngu\u1ed3n t\u1eeb c\u00e1c protein, v\u00ec v\u1eady \u0111\u1eadu l\u0103ng l\u00e0 m\u1ed9t ngu\u1ed3n cung c\u1ea5p protein tuy\u1ec7t v\u1eddi. B\u1ea1n c\u00f3 th\u1ec3 \u0103n \u0111\u1eadu l\u0103ng thay cho c\u01a1m m\u00e0 kh\u00f4ng lo s\u1ee3 t\u00edch t\u1ee5 ch\u1ea5t b\u00e9o. M\u1ed9t ch\u00e9n \u0111\u1eadu l\u0103ng n\u1ea5u ch\u00edn c\u00f3 kho\u1ea3ng 230 calorie, n\u00f3 s\u1ebd gi\u00fap b\u1ea1n no l\u00e2u v\u00e0 kh\u1ed1ng ch\u1ebf c\u01a1n \u0111\u00f3i.\u00a0<\/span><\/p>\n<p><img loading=\"lazy\" decoding=\"async\" class=\"wp-image-19818 aligncenter\" src=\"https:\/\/havamall.vn\/wp-content\/uploads\/2021\/05\/gvs-300x300.jpg\" alt=\"\" width=\"645\" height=\"645\" srcset=\"https:\/\/havamall.vn\/wp-content\/uploads\/2021\/05\/gvs-300x300.jpg 300w, https:\/\/havamall.vn\/wp-content\/uploads\/2021\/05\/gvs-430x430.jpg 430w, https:\/\/havamall.vn\/wp-content\/uploads\/2021\/05\/gvs-150x150.jpg 150w, https:\/\/havamall.vn\/wp-content\/uploads\/2021\/05\/gvs-700x700.jpg 700w, https:\/\/havamall.vn\/wp-content\/uploads\/2021\/05\/gvs-768x768.jpg 768w, https:\/\/havamall.vn\/wp-content\/uploads\/2021\/05\/gvs-1024x1024.jpg 1024w, https:\/\/havamall.vn\/wp-content\/uploads\/2021\/05\/gvs-1200x1200.jpg 1200w, https:\/\/havamall.vn\/wp-content\/uploads\/2021\/05\/gvs-600x600.jpg 600w, https:\/\/havamall.vn\/wp-content\/uploads\/2021\/05\/gvs-100x100.jpg 100w, https:\/\/havamall.vn\/wp-content\/uploads\/2021\/05\/gvs.jpg 1875w\" sizes=\"(max-width: 645px) 100vw, 645px\" \/><\/p>\n<h4><strong>C\u00f4ng d\u1ee5ng c\u1ee7a \u0111\u1eadu l\u0103ng:<\/strong><\/h4>\n<p><span style=\"font-weight: 400;\">&#8211; \u0110\u1eadu l\u0103ng c\u00f3 h\u00e0m l\u01b0\u1ee3ng ch\u1ea5t x\u01a1 h\u00f2a tan cao gi\u00fap gi\u1ea3m m\u1ee9c cholesterol trong m\u00e1u m\u1ed9t c\u00e1ch hi\u1ec7u qu\u1ea3. T\u1ed1t cho tim<\/span><\/p>\n<p><span style=\"font-weight: 400;\">&#8211; \u0110\u1eadu l\u0103ng c\u0169ng l\u00e0 ngu\u1ed3n cung c\u1ea5p folate v\u00e0 magi\u00ea tuy\u1ec7t v\u1eddi, \u0111\u01b0\u1ee3c bi\u1ebft \u0111\u1ebfn l\u00e0 nh\u1eefng th\u1ee9 \u0111\u00f3ng g\u00f3p l\u1edbn cho s\u1ee9c kh\u1ecfe tim m\u1ea1ch.<\/span><\/p>\n<p><span style=\"font-weight: 400;\">&#8211; \u0110\u1eadu l\u0103ng c\u00f3 ch\u1ee9a ch\u1ea5t x\u01a1 ti\u00eau h\u00f3a kh\u00f4ng h\u00f2a tan gi\u00fap ng\u0103n ng\u1eeba t\u00e1o b\u00f3n v\u00e0 c\u00e1c r\u1ed1i lo\u1ea1n ti\u00eau h\u00f3a kh\u00e1c nh\u01b0 h\u1ed9i ch\u1ee9ng ru\u1ed9t k\u00edch th\u00edch v\u00e0 b\u1ec7nh l\u00fd t\u00fai th\u1eeba.\u00a0<\/span><\/p>\n<p><span style=\"font-weight: 400;\">Ch\u1ea5t x\u01a1 h\u00f2a tan trong \u0111\u1eadu l\u0103ng ng\u0103n cacbonhydrat, l\u00e0m ch\u1eadm qu\u00e1 tr\u00ecnh ti\u00eau h\u00f3a v\u00e0 gi\u00fap \u1ed5n \u0111\u1ecbnh m\u1ee9c \u0111\u01b0\u1eddng huy\u1ebft.<\/span><\/p>\n<p><span style=\"font-weight: 400;\">&#8211; \u0110\u1eadu l\u0103ng gi\u00fap cung c\u1ea5p n\u0103ng l\u01b0\u1ee3ng cho c\u01a1 th\u1ec3 nh\u1edd ch\u1ee9a ch\u1ea5t x\u01a1 v\u00e0 h\u00e0m l\u01b0\u1ee3ng carbohydrate ph\u1ee9c t\u1ea1p.\u00a0<\/span><\/p>\n<p><span style=\"font-weight: 400;\">&#8211; \u0110\u1eadu l\u0103ng c\u0169ng c\u00f3 kh\u1ea3 n\u0103ng ch\u1ed1ng l\u1ea1i b\u1ec7nh ung th\u01b0. \u0110\u1eadu l\u0103ng c\u00f3 th\u1ec3 ki\u1ec3m so\u00e1t s\u1ef1 ph\u00e1t tri\u1ec3n c\u1ee7a c\u00e1c t\u1ebf b\u00e0o ung th\u01b0.\u00a0<\/span><\/p>\n<p><img loading=\"lazy\" decoding=\"async\" class=\"wp-image-19821 aligncenter\" src=\"https:\/\/havamall.vn\/wp-content\/uploads\/2021\/05\/k-300x200.jpg\" alt=\"\" width=\"652\" height=\"434\" srcset=\"https:\/\/havamall.vn\/wp-content\/uploads\/2021\/05\/k-300x200.jpg 300w, https:\/\/havamall.vn\/wp-content\/uploads\/2021\/05\/k-430x287.jpg 430w, https:\/\/havamall.vn\/wp-content\/uploads\/2021\/05\/k-150x100.jpg 150w, https:\/\/havamall.vn\/wp-content\/uploads\/2021\/05\/k-700x467.jpg 700w, https:\/\/havamall.vn\/wp-content\/uploads\/2021\/05\/k-768x512.jpg 768w, https:\/\/havamall.vn\/wp-content\/uploads\/2021\/05\/k-600x400.jpg 600w, https:\/\/havamall.vn\/wp-content\/uploads\/2021\/05\/k.jpg 780w\" sizes=\"(max-width: 652px) 100vw, 652px\" \/><\/p>\n<h4><strong>H\u01b0\u1edbng d\u1eabn s\u1eed d\u1ee5ng:<\/strong><\/h4>\n<p><span style=\"font-weight: 400;\">Ng\u00e2m trong 2 ph\u1ea7n n\u01b0\u1edbc trong v\u00f2ng 10 gi\u1edd tr\u01b0\u1edbc khi n\u1ea5u ( ho\u1eb7c ng\u00e2m qua \u0111\u00eam )<\/span><\/p>\n<p><span style=\"font-weight: 400;\">&#8211; R\u1eeda s\u1ea1ch \u0111\u1ec3 r\u00e1o, t\u1ec9 l\u1ec7 1 h\u1ea1t 3 n\u01b0\u1edbc, n\u1ea5u s\u00f4i, gi\u1ea3m l\u1eeda v\u00e0 n\u1ea5u trong 50-60 ph\u00fat cho \u0111\u1ebfn khi h\u1ea1t l\u00faa m\u00ec m\u1ec1m v\u00e0 ch\u00edn.<\/span><\/p>\n<p><span style=\"font-weight: 400;\">&#8211; C\u00f3 th\u1ec3 tr\u1ed9n v\u00e0o c\u00e1c m\u00f3n salad hay s\u1eed d\u1ee5ng k\u00e8m v\u1edbi c\u00e1c m\u00f3n \u0103n kh\u00e1c.<\/span><\/p>\n<h4><strong>H\u01b0\u1edbng d\u1eabn b\u1ea3o qu\u1ea3n:<\/strong><\/h4>\n<p><span style=\"font-weight: 400;\">&#8211; B\u1ea3o qu\u1ea3n n\u01a1i kh\u00f4 r\u00e1o tho\u00e1ng m\u00e1t<\/span><\/p>\n<p><span style=\"font-weight: 400;\">&#8211; \u0110\u1eady k\u00edn sau khi s\u1eed d\u1ee5ng<\/span><\/p>\n<p>S\u1ea3n ph\u1ea9m \u0111\u00e3 c\u00f3 m\u1eb7t t\u1ea1i Havamall.<\/p>","protected":false},"excerpt":{"rendered":"<p>Th\u01b0\u01a1ng hi\u1ec7u Sottolestelle Xu\u1ea5t x\u1ee9 \u00dd Th\u00e0nh ph\u1ea7n 100% \u0111\u1eadu l\u0103ng xanh H\u1ea1n s\u1eed d\u1ee5ng 24 th\u00e1ng k\u1ec3 t\u1eeb ng\u00e0y<\/p>","protected":false},"featured_media":19820,"comment_status":"open","ping_status":"closed","template":"","meta":[],"product_brand":[],"product_cat":[256,36,134],"product_tag":[],"class_list":{"0":"post-19814","1":"product","2":"type-product","3":"status-publish","4":"has-post-thumbnail","6":"product_cat-thuc-pham-huu-co","7":"product_cat-thuc-pham-tieu-dung","8":"product_cat-thucpham-saykho","9":"pa_brand-sottolestell","11":"first","12":"outofstock","13":"sale","14":"shipping-taxable","15":"purchasable","16":"product-type-simple"},"_links":{"self":[{"href":"https:\/\/havamall.vn\/en\/wp-json\/wp\/v2\/product\/19814"}],"collection":[{"href":"https:\/\/havamall.vn\/en\/wp-json\/wp\/v2\/product"}],"about":[{"href":"https:\/\/havamall.vn\/en\/wp-json\/wp\/v2\/types\/product"}],"replies":[{"embeddable":true,"href":"https:\/\/havamall.vn\/en\/wp-json\/wp\/v2\/comments?post=19814"}],"version-history":[{"count":0,"href":"https:\/\/havamall.vn\/en\/wp-json\/wp\/v2\/product\/19814\/revisions"}],"wp:featuredmedia":[{"embeddable":true,"href":"https:\/\/havamall.vn\/en\/wp-json\/wp\/v2\/media\/19820"}],"wp:attachment":[{"href":"https:\/\/havamall.vn\/en\/wp-json\/wp\/v2\/media?parent=19814"}],"wp:term":[{"taxonomy":"product_brand","embeddable":true,"href":"https:\/\/havamall.vn\/en\/wp-json\/wp\/v2\/product_brand?post=19814"},{"taxonomy":"product_cat","embeddable":true,"href":"https:\/\/havamall.vn\/en\/wp-json\/wp\/v2\/product_cat?post=19814"},{"taxonomy":"product_tag","embeddable":true,"href":"https:\/\/havamall.vn\/en\/wp-json\/wp\/v2\/product_tag?post=19814"}],"curies":[{"name":"wp","href":"https:\/\/api.w.org\/{rel}","templated":true}]}}