{"id":19800,"date":"2021-05-12T10:22:41","date_gmt":"2021-05-12T03:22:41","guid":{"rendered":"https:\/\/havamall.vn\/?post_type=product&#038;p=19800"},"modified":"2021-12-29T09:34:47","modified_gmt":"2021-12-29T02:34:47","slug":"hat-kieu-mach-huu-co-sottolestelle-organic-buckwheat-seeds-500g","status":"publish","type":"product","link":"https:\/\/havamall.vn\/en\/shop\/hat-kieu-mach-huu-co-sottolestelle-organic-buckwheat-seeds-500g\/","title":{"rendered":"H\u1ea1t Ki\u1ec1u M\u1ea1ch H\u1eefu C\u01a1 &#8211; Sottolestelle Organic Buckwheat Seeds 500G"},"content":{"rendered":"<table>\n<tbody>\n<tr>\n<td>Th\u01b0\u01a1ng hi\u1ec7u<\/td>\n<td>Sottolestelle<\/td>\n<\/tr>\n<tr>\n<td>Xu\u1ea5t x\u1ee9<\/td>\n<td>\u00dd<\/td>\n<\/tr>\n<tr>\n<td>Th\u00e0nh ph\u1ea7n<\/td>\n<td>100% h\u1ea1t ki\u1ec1u m\u1ea1ch<\/td>\n<\/tr>\n<tr>\n<td>H\u1ea1n s\u1eed d\u1ee5ng<\/td>\n<td>24 th\u00e1ng k\u1ec3 t\u1eeb ng\u00e0y s\u1ea3n xu\u1ea5t.<\/td>\n<\/tr>\n<tr>\n<td>B\u1ea3o qu\u1ea3n<\/td>\n<td>\u0110\u1ec3 n\u01a1i kh\u00f4 r\u00e1o, tho\u00e1ng m\u00e1t, tr\u00e1nh \u00e1nh n\u1eafng tr\u1ef1c ti\u1ebfp<\/td>\n<\/tr>\n<tr>\n<td>Kh\u1ed1i l\u01b0\u1ee3ng t\u1ecbnh<\/td>\n<td>500g<\/td>\n<\/tr>\n<\/tbody>\n<\/table>\n<p><span style=\"font-weight: 400\">H\u1ea1t ki\u1ec1u m\u1ea1ch gi\u00e0u ch\u1ea5t ch\u1ed1ng oxy h\u00f3a ng\u0103n ng\u1eeba b\u1ec7nh tim, ch\u1ed1ng l\u1ea1i ung th\u01b0. Ch\u1ea5t ch\u1ed1ng oxy h\u00f3a c\u00f3 trong ki\u1ec1u m\u1ea1ch l\u00e0 c\u00e1c h\u1ee3p ch\u1ea5t phenolic nh\u01b0 polyphenolic c\u00f3 t\u00e1c d\u1ee5ng ch\u1ed1ng l\u1ea1i c\u00e1c g\u1ed1c t\u1ef1 do, hay qu\u00e1 tr\u00ecnh oxy h\u00f3a, ng\u0103n ng\u1eeba nguy c\u01a1 b\u1ec7nh tim, h\u1ed7 tr\u1ee3 n\u00e3o, gan v\u00e0 s\u1ee9c kh\u1ecfe ti\u00eau h\u00f3a. \u0110\u1ed3ng th\u1eddi ch\u00fang c\u00f2n h\u1ed7 tr\u1ee3 ch\u1ee9c n\u0103ng t\u1ebf b\u00e0o b\u1eb1ng c\u00e1ch b\u1ea3o v\u1ec7 DNA kh\u1ecfi t\u1ed5n th\u01b0\u01a1ng v\u00e0 ng\u0103n ng\u1eeba t\u00ecnh tr\u1ea1ng h\u00ecnh h\u00ecnh t\u1ebf b\u00e0o ung th\u01b0.<\/span><\/p>\n<p><img fetchpriority=\"high\" decoding=\"async\" class=\"wp-image-19801 aligncenter\" src=\"https:\/\/havamall.vn\/wp-content\/uploads\/2021\/05\/\u00c1DS-300x232.png\" alt=\"\" width=\"689\" height=\"533\" srcset=\"https:\/\/havamall.vn\/wp-content\/uploads\/2021\/05\/\u00c1DS-300x232.png 300w, https:\/\/havamall.vn\/wp-content\/uploads\/2021\/05\/\u00c1DS-430x333.png 430w, https:\/\/havamall.vn\/wp-content\/uploads\/2021\/05\/\u00c1DS-150x116.png 150w, https:\/\/havamall.vn\/wp-content\/uploads\/2021\/05\/\u00c1DS-700x541.png 700w, https:\/\/havamall.vn\/wp-content\/uploads\/2021\/05\/\u00c1DS-768x594.png 768w, https:\/\/havamall.vn\/wp-content\/uploads\/2021\/05\/\u00c1DS-1024x792.png 1024w, https:\/\/havamall.vn\/wp-content\/uploads\/2021\/05\/\u00c1DS-1200x928.png 1200w, https:\/\/havamall.vn\/wp-content\/uploads\/2021\/05\/\u00c1DS-600x464.png 600w, https:\/\/havamall.vn\/wp-content\/uploads\/2021\/05\/\u00c1DS.png 2048w\" sizes=\"(max-width: 689px) 100vw, 689px\" \/><\/p>\n<p><span style=\"font-weight: 400\">H\u1ea1t ki\u1ec1u m\u1ea1ch c\u00f3 gi\u00e1 tr\u1ecb dinh d\u01b0\u1ee1ng cao, cao h\u01a1n r\u1ea5t nhi\u1ec1u l\u1ea7n so v\u1edbi c\u00e1c lo\u1ea1i ng\u0169 c\u1ed1c kh\u00e1c. Ki\u1ec1u m\u1ea1ch kh\u00f4ng ch\u1ee9a gluten nh\u01b0 c\u00e1c lo\u1ea1i l\u00faa m\u1ea1ch, th\u00e0nh ph\u1ea7n ch\u00ednh c\u1ee7a ki\u1ec1u m\u1ea1ch l\u00e0 carbonhydrates nh\u01b0ng \u0111\u1ed3ng th\u1eddi ch\u00fang c\u0169ng ch\u1ee9a protein.<\/span><\/p>\n<p><span style=\"font-weight: 400\">Trong khi h\u1ea7u h\u1ebft m\u1ecdi ng\u01b0\u1eddi \u0111\u01a1n thu\u1ea7n ngh\u0129 ki\u1ec1u m\u1ea1ch ch\u1ec9 l\u00e0 m\u1ed9t lo\u1ea1i ng\u0169 c\u1ed1c nguy\u00ean h\u1ea1t, n\u00f3 th\u1ef1c ch\u1ea5t l\u00e0 lo\u1ea1i h\u1ea1t gi\u00e0u protein v\u00e0 ch\u1ea5t x\u01a1, gi\u00fap h\u1ee1 tr\u1ee3 s\u1ee9c kh\u1ecfe tim m\u1ea1ch, ng\u0103n ch\u1eb7n c\u00e1c c\u0103n b\u1ec7nh lien quan t\u1edbi ti\u1ec3u \u0111\u01b0\u1eddng v\u00e0 r\u1ed1i lo\u1ea1n ti\u00eau h\u00f3a, \u0111\u1ed3ng th\u1eddi gi\u00fap gi\u1ea3m c\u00e2n l\u00e0nh m\u1ea1nh .\u00a0<\/span><\/p>\n<p><img decoding=\"async\" class=\"aligncenter\" src=\"https:\/\/havamall.vn\/wp-content\/uploads\/2021\/03\/nga-26-2-1.jpg\" alt=\"Du l\u1ecbch Nga th\u01b0\u1edfng th\u1ee9c m\u00f3n ch\u00e1o Kasha\" width=\"689\" height=\"380\" \/><\/p>\n<p><span style=\"font-weight: 400\">V\u1edbi h\u00e0m l\u01b0\u1ee3ng c\u00e1c ch\u1ea5t dinh d\u01b0\u1ee1ng, h\u1ea1t ki\u1ec1u m\u1ea1ch \u0111\u01b0\u1ee3c xem nh\u01b0 m\u1ed9t lo\u1ea1i th\u1ef1c ph\u1ea9m th\u1ea7n k\u1ef3, \u0111\u01b0\u1ee3c s\u1eed d\u1ee5ng th\u01b0\u1eddng xuy\u00ean trong c\u00e1c b\u1eefa \u0103n. Ng\u00e0y nay, ng\u01b0\u1eddi ta \u0111\u00e3 s\u00e1ng t\u1ea1o ra nhi\u1ec1u c\u00f4ng th\u1ee9c ch\u1ebf bi\u1ebfn ki\u1ec1u m\u1ea1ch \u0111\u1ec3 b\u1eefa \u0103n \u0111\u01b0\u1ee3c ngon h\u01a1n v\u00e0 kh\u00f4ng k\u00e9m ph\u1ea7n dinh d\u01b0\u1ee1ng.<\/span><\/p>\n<p><img decoding=\"async\" class=\"wp-image-19804 aligncenter\" src=\"https:\/\/havamall.vn\/wp-content\/uploads\/2021\/05\/\u01b0dxs-300x200.jpg\" alt=\"\" width=\"698\" height=\"465\" srcset=\"https:\/\/havamall.vn\/wp-content\/uploads\/2021\/05\/\u01b0dxs-300x200.jpg 300w, https:\/\/havamall.vn\/wp-content\/uploads\/2021\/05\/\u01b0dxs-430x287.jpg 430w, https:\/\/havamall.vn\/wp-content\/uploads\/2021\/05\/\u01b0dxs-150x100.jpg 150w, https:\/\/havamall.vn\/wp-content\/uploads\/2021\/05\/\u01b0dxs-700x467.jpg 700w, https:\/\/havamall.vn\/wp-content\/uploads\/2021\/05\/\u01b0dxs-768x512.jpg 768w, https:\/\/havamall.vn\/wp-content\/uploads\/2021\/05\/\u01b0dxs-1024x683.jpg 1024w, https:\/\/havamall.vn\/wp-content\/uploads\/2021\/05\/\u01b0dxs-1200x800.jpg 1200w, https:\/\/havamall.vn\/wp-content\/uploads\/2021\/05\/\u01b0dxs-600x400.jpg 600w\" sizes=\"(max-width: 698px) 100vw, 698px\" \/><\/p>\n<p><span style=\"font-weight: 400\">Ch\u1ea5t x\u01a1 c\u00f3 trong h\u1ea1t ki\u1ec1u m\u1ea1ch c\u1ea3i thi\u1ec7n h\u1ec7 ti\u00eau h\u00f3a. Ch\u1ea5t x\u01a1 chi\u1ebfm \u0111\u1ebfn 2,7% kh\u1ed1i l\u01b0\u1ee3ng ki\u1ec1u m\u1ea1ch \u0111\u00e3 n\u1ea5u ch\u00edn, v\u00e0 ch\u1ea5t x\u01a1 n\u00e0y ch\u1ee7 y\u1ebfu bao g\u1ed3m celluloso v\u00e0 lignin. Nh\u1eefng th\u00e0nh ph\u1ea7n n\u00e0y c\u00f3 l\u1ee3i \u0111\u1ed1i v\u1edbi s\u1ee9c kh\u1ecfe h\u1ec7 ti\u00eau h\u00f3a nh\u1ea5t l\u00e0 \u0111\u1ea1i tr\u00e0ng. H\u1ea1t ki\u1ec1u m\u1ea1ch c\u00f2n c\u00f3 th\u1ec3 b\u1ea3o v\u1ec7 h\u1ec7 ti\u00eau h\u00f3a kh\u1ecfi nhi\u1ec5m tr\u00f9ng, \u0111\u1eb7c bi\u1ec7t l\u00e0 ng\u0103n ch\u1eb7n qu\u00e1 tr\u00ecnh oxy h\u00f3a trong \u0111\u01b0\u1eddng ti\u00eau h\u00f3a.<\/span><\/p>\n<p><span style=\"font-weight: 400\">Carbonhydrat c\u00f3 trong ki\u1ec1u m\u1ea1ch gi\u00fap ng\u0103n ch\u1eb7n b\u1ec7nh ti\u1ec3u \u0111\u01b0\u1eddng. \u0102n ki\u1ec1u m\u1ea1ch c\u00f3 th\u1ec3 gi\u00fap \u0111i\u1ec1u h\u00f2a l\u01b0\u1ee3ng \u0111\u01b0\u1eddng trong m\u00e1u, tr\u1edf th\u00e0nh s\u1ef1 l\u1ef1a ch\u1ecdn tuy\u1ec7t v\u1eddi d\u00e0nh cho nh\u1eefng b\u1ec7nh nh\u00e2n ti\u1ec3u \u0111\u01b0\u1eddng.<\/span><\/p>\n<p><img loading=\"lazy\" decoding=\"async\" class=\"wp-image-19802 aligncenter\" src=\"https:\/\/havamall.vn\/wp-content\/uploads\/2021\/05\/SX-300x300.jpg\" alt=\"\" width=\"679\" height=\"679\" srcset=\"https:\/\/havamall.vn\/wp-content\/uploads\/2021\/05\/SX-300x300.jpg 300w, https:\/\/havamall.vn\/wp-content\/uploads\/2021\/05\/SX-430x430.jpg 430w, https:\/\/havamall.vn\/wp-content\/uploads\/2021\/05\/SX-150x150.jpg 150w, https:\/\/havamall.vn\/wp-content\/uploads\/2021\/05\/SX-700x700.jpg 700w, https:\/\/havamall.vn\/wp-content\/uploads\/2021\/05\/SX-768x768.jpg 768w, https:\/\/havamall.vn\/wp-content\/uploads\/2021\/05\/SX-600x600.jpg 600w, https:\/\/havamall.vn\/wp-content\/uploads\/2021\/05\/SX-100x100.jpg 100w, https:\/\/havamall.vn\/wp-content\/uploads\/2021\/05\/SX.jpg 867w\" sizes=\"(max-width: 679px) 100vw, 679px\" \/><\/p>\n<h4><strong>C\u00f4ng d\u1ee5ng c\u1ee7a h\u1ea1t ki\u1ec1u m\u1ea1ch:<\/strong><\/h4>\n<p><span style=\"font-weight: 400\">&#8211; Th\u00edch h\u1ee3p d\u00f9ng nh\u01b0 m\u1ed9t b\u1eefa \u0103n s\u00e1ng dinh d\u01b0\u1ee1ng<\/span><\/p>\n<p><span style=\"font-weight: 400\">&#8211; Bao b\u00ec ti\u1ec7n d\u1ee5ng, th\u00edch h\u1ee3p cho ng\u01b0\u1eddi b\u1eadn r\u1ed9n<\/span><\/p>\n<p><span style=\"font-weight: 400\">&#8211; Cung c\u1ea5p nhi\u1ec1u ch\u1ea5t dinh d\u01b0\u1ee1ng, gi\u00e0u protein v\u00e0 vitamin E<\/span><\/p>\n<p><span style=\"font-weight: 400\">&#8211; Ph\u00f9 h\u1ee3p cho ng\u01b0\u1eddi \u0103n ki\u00eang<\/span><\/p>\n<p><img loading=\"lazy\" decoding=\"async\" class=\"aligncenter\" src=\"https:\/\/havamall.vn\/wp-content\/uploads\/2021\/03\/mon-an-tu-kieu-mach.jpg\" alt=\"Th\u1ef1c ph\u1ea9m v\u00e0ng cho s\u1ee9c kh\u1ecfe: Buckwheat - Ki\u1ec1u m\u1ea1ch l\u00e0 g\u00ec? - Tui Kho\u1ebb C\u00f2n B\u1ea1n\" width=\"680\" height=\"510\" \/><\/p>\n<h4><strong>H\u01b0\u1edbng d\u1eabn s\u1eed d\u1ee5ng:<\/strong><\/h4>\n<p><span style=\"font-weight: 400\">&#8211;\u00a0 D\u00f9ng n\u1ea5u c\u01a1m, ch\u00e1o, s\u00fap. Cho v\u00e0o n\u1ed3i \u00e1p su\u1ea5t h\u1ea7m gi\u00fap h\u1ea1t nh\u1eeb nhanh h\u01a1n.<\/span><\/p>\n<p><span style=\"font-weight: 400\">&#8211; Rang ch\u00edn, sau \u0111\u00f3 xay nhuy\u1ec5n l\u00e0m nguy\u00ean li\u1ec7u m\u1ef3 \u00fd, b\u00e1nh m\u00ec, n\u01b0\u1edbng b\u00e1nh, b\u00e1nh ng\u1ecdt v\u00e0 b\u00e1nh n\u01b0\u1edbng x\u1ed1p.<\/span><\/p>\n<p><span style=\"font-weight: 400\">&#8211; Ngo\u00e0i ra c\u00f2n c\u00f3 th\u1ec3 d\u00f9ng l\u00e0m nguy\u00ean li\u1ec7u ch\u1ebf bi\u1ebfn \u0111\u1ed3 \u0103n d\u1eb7m cho b\u00e9 t\u1eeb 6 th\u00e1ng tu\u1ed5i.<\/span><\/p>\n<p><img loading=\"lazy\" decoding=\"async\" class=\"wp-image-19803 aligncenter\" src=\"https:\/\/havamall.vn\/wp-content\/uploads\/2021\/05\/S\u00c1DCSD-300x300.png\" alt=\"\" width=\"681\" height=\"681\" srcset=\"https:\/\/havamall.vn\/wp-content\/uploads\/2021\/05\/S\u00c1DCSD-300x300.png 300w, https:\/\/havamall.vn\/wp-content\/uploads\/2021\/05\/S\u00c1DCSD-430x430.png 430w, https:\/\/havamall.vn\/wp-content\/uploads\/2021\/05\/S\u00c1DCSD-150x150.png 150w, https:\/\/havamall.vn\/wp-content\/uploads\/2021\/05\/S\u00c1DCSD-700x700.png 700w, https:\/\/havamall.vn\/wp-content\/uploads\/2021\/05\/S\u00c1DCSD-768x768.png 768w, https:\/\/havamall.vn\/wp-content\/uploads\/2021\/05\/S\u00c1DCSD-600x600.png 600w, https:\/\/havamall.vn\/wp-content\/uploads\/2021\/05\/S\u00c1DCSD-100x100.png 100w, https:\/\/havamall.vn\/wp-content\/uploads\/2021\/05\/S\u00c1DCSD.png 945w\" sizes=\"(max-width: 681px) 100vw, 681px\" \/><\/p>\n<h4><strong>H\u01b0\u1edbng d\u1eabn b\u1ea3o qu\u1ea3n:<\/strong><\/h4>\n<p><span style=\"font-weight: 400\">\u0110\u1eady k\u00edn sau khi s\u1eed d\u1ee5ng, \u0111\u1ec3 n\u01a1i kh\u00f4 r\u00e1o tho\u00e1ng m\u00e1t.<\/span><\/p>\n<p><span style=\"font-weight: 400\">S\u1ea3n ph\u1ea9m \u0111\u01b0\u1ee3c nh\u1eadp kh\u1ea9u tr\u1ef1c ti\u1ebfp t\u1eeb \u00dd v\u00e0 ph\u00e2n ph\u1ed1i b\u1edfi Havamall.<\/span><\/p>","protected":false},"excerpt":{"rendered":"<p>Th\u01b0\u01a1ng hi\u1ec7u Sottolestelle Xu\u1ea5t x\u1ee9 \u00dd Th\u00e0nh ph\u1ea7n 100% h\u1ea1t ki\u1ec1u m\u1ea1ch H\u1ea1n s\u1eed d\u1ee5ng 24 th\u00e1ng k\u1ec3 t\u1eeb ng\u00e0y<\/p>","protected":false},"featured_media":19805,"comment_status":"open","ping_status":"closed","template":"","meta":[],"product_brand":[],"product_cat":[256,36,134],"product_tag":[],"class_list":{"0":"post-19800","1":"product","2":"type-product","3":"status-publish","4":"has-post-thumbnail","6":"product_cat-thuc-pham-huu-co","7":"product_cat-thuc-pham-tieu-dung","8":"product_cat-thucpham-saykho","9":"pa_brand-sottolestell","11":"first","12":"instock","13":"sale","14":"shipping-taxable","15":"purchasable","16":"product-type-simple"},"_links":{"self":[{"href":"https:\/\/havamall.vn\/en\/wp-json\/wp\/v2\/product\/19800"}],"collection":[{"href":"https:\/\/havamall.vn\/en\/wp-json\/wp\/v2\/product"}],"about":[{"href":"https:\/\/havamall.vn\/en\/wp-json\/wp\/v2\/types\/product"}],"replies":[{"embeddable":true,"href":"https:\/\/havamall.vn\/en\/wp-json\/wp\/v2\/comments?post=19800"}],"version-history":[{"count":0,"href":"https:\/\/havamall.vn\/en\/wp-json\/wp\/v2\/product\/19800\/revisions"}],"wp:featuredmedia":[{"embeddable":true,"href":"https:\/\/havamall.vn\/en\/wp-json\/wp\/v2\/media\/19805"}],"wp:attachment":[{"href":"https:\/\/havamall.vn\/en\/wp-json\/wp\/v2\/media?parent=19800"}],"wp:term":[{"taxonomy":"product_brand","embeddable":true,"href":"https:\/\/havamall.vn\/en\/wp-json\/wp\/v2\/product_brand?post=19800"},{"taxonomy":"product_cat","embeddable":true,"href":"https:\/\/havamall.vn\/en\/wp-json\/wp\/v2\/product_cat?post=19800"},{"taxonomy":"product_tag","embeddable":true,"href":"https:\/\/havamall.vn\/en\/wp-json\/wp\/v2\/product_tag?post=19800"}],"curies":[{"name":"wp","href":"https:\/\/api.w.org\/{rel}","templated":true}]}}