{"id":19791,"date":"2021-05-12T09:44:46","date_gmt":"2021-05-12T02:44:46","guid":{"rendered":"https:\/\/havamall.vn\/?post_type=product&#038;p=19791"},"modified":"2022-09-22T16:51:17","modified_gmt":"2022-09-22T09:51:17","slug":"ca-chua-bam-nhuyen-sottolestelle-minced-organic-tomatoes-400g","status":"publish","type":"product","link":"https:\/\/havamall.vn\/en\/shop\/ca-chua-bam-nhuyen-sottolestelle-minced-organic-tomatoes-400g\/","title":{"rendered":"C\u00e0 Chua B\u0103m Nhuy\u1ec5n &#8211; Sottolestelle Minced Organic Tomatoes 400G"},"content":{"rendered":"<table>\n<tbody>\n<tr>\n<td>Th\u01b0\u01a1ng hi\u1ec7u<\/td>\n<td>Sottolestelle<\/td>\n<\/tr>\n<tr>\n<td>Xu\u1ea5t x\u1ee9<\/td>\n<td>\u00dd<\/td>\n<\/tr>\n<tr>\n<td>Th\u00e0nh ph\u1ea7n<\/td>\n<td>C\u00e0 chua d\u00e0i h\u1eefu c\u01a1 b\u0103m nhuy\u1ec5n, n\u01b0\u1edbc \u00e9p c\u00e0 chua h\u1eefu c\u01a1, &#8230;<\/td>\n<\/tr>\n<tr>\n<td>H\u1ea1n s\u1eed d\u1ee5ng<\/td>\n<td>24 th\u00e1ng k\u1ec3 t\u1eeb ng\u00e0y s\u1ea3n xu\u1ea5t.<\/td>\n<\/tr>\n<tr>\n<td>B\u1ea3o qu\u1ea3n<\/td>\n<td>\u0110\u1eady k\u00edn sau khi s\u1eed d\u1ee5ng, \u0111\u1ec3 n\u01a1i kh\u00f4 r\u00e1o, tho\u00e1ng m\u00e1t, tr\u00e1nh \u00e1nh n\u1eafng tr\u1ef1c ti\u1ebfp<\/td>\n<\/tr>\n<tr>\n<td>Kh\u1ed1i l\u01b0\u1ee3ng<\/td>\n<td>400g<\/td>\n<\/tr>\n<\/tbody>\n<\/table>\n<p>C\u00e0 chua \u0111\u01b0\u1ee3c m\u1ec7nh danh l\u00e0 m\u1ed9t nh\u00e0 m\u00e1y dinh d\u01b0\u1ee1ng v\u00ec n\u00f3 cung c\u1ea5p r\u1ea5t nhi\u1ec1u th\u00e0nh ph\u1ea7n c\u00f3 l\u1ee3i cho s\u1ee9c kh\u1ecfe. C\u1ea3i thi\u1ec7n th\u1ecb l\u1ef1c. C\u00e0 chua l\u00e0 ngu\u1ed3n cung c\u1ea5p vitamin A v\u00e0 C tuy\u1ec7t v\u1eddi gi\u00fap ng\u0103n ng\u1eeba b\u1ec7nh qu\u00e1ng g\u00e0 v\u00e0 t\u0103ng th\u1ecb l\u1ef1c cho \u0111\u00f4i m\u1eaft c\u1ee7a b\u1ea1n.<\/p>\n<p><img fetchpriority=\"high\" decoding=\"async\" class=\"wp-image-19793 aligncenter\" src=\"https:\/\/havamall.vn\/wp-content\/uploads\/2021\/05\/dfc-212x300.jpg\" alt=\"\" width=\"649\" height=\"918\" srcset=\"https:\/\/havamall.vn\/wp-content\/uploads\/2021\/05\/dfc-212x300.jpg 212w, https:\/\/havamall.vn\/wp-content\/uploads\/2021\/05\/dfc-430x609.jpg 430w, https:\/\/havamall.vn\/wp-content\/uploads\/2021\/05\/dfc-150x212.jpg 150w, https:\/\/havamall.vn\/wp-content\/uploads\/2021\/05\/dfc-700x991.jpg 700w, https:\/\/havamall.vn\/wp-content\/uploads\/2021\/05\/dfc-768x1087.jpg 768w, https:\/\/havamall.vn\/wp-content\/uploads\/2021\/05\/dfc-724x1024.jpg 724w, https:\/\/havamall.vn\/wp-content\/uploads\/2021\/05\/dfc-1200x1698.jpg 1200w, https:\/\/havamall.vn\/wp-content\/uploads\/2021\/05\/dfc-600x849.jpg 600w, https:\/\/havamall.vn\/wp-content\/uploads\/2021\/05\/dfc.jpg 1447w\" sizes=\"(max-width: 649px) 100vw, 649px\" \/><\/p>\n<p>\u0102n nhi\u1ec1u c\u00e0 chua c\u00f3 th\u1ec3 gi\u00fap ch\u1ed1ng l\u1ea1i ung th\u01b0 tuy\u1ebfn ti\u1ec1n li\u1ec7t. gi\u00fap gi\u1ea3m nguy c\u01a1 m\u1ed9t s\u1ed1 b\u1ec7nh ung th\u01b0 kh\u00e1c nh\u01b0 d\u1ea1 d\u00e0y, ph\u1ed5i, c\u1ed5 t\u1eed cung\u2026 nh\u1edd v\u00e0o h\u00e0m l\u01b0\u1ee3ng lycopene r\u1ea5t cao c\u00f3 trong c\u00e0 chua. C\u00e0 chua ch\u1ee9a r\u1ea5t \u00edt carbohydrate n\u00ean gi\u00fap l\u00e0m gi\u1ea3m l\u01b0\u1ee3ng \u0111\u01b0\u1eddng trong m\u00e1u.<\/p>\n<p><img decoding=\"async\" class=\"wp-image-19794 aligncenter\" src=\"https:\/\/havamall.vn\/wp-content\/uploads\/2021\/05\/hggvd-300x157.jpg\" alt=\"\" width=\"648\" height=\"339\" srcset=\"https:\/\/havamall.vn\/wp-content\/uploads\/2021\/05\/hggvd-300x157.jpg 300w, https:\/\/havamall.vn\/wp-content\/uploads\/2021\/05\/hggvd-430x225.jpg 430w, https:\/\/havamall.vn\/wp-content\/uploads\/2021\/05\/hggvd-150x79.jpg 150w, https:\/\/havamall.vn\/wp-content\/uploads\/2021\/05\/hggvd-700x366.jpg 700w, https:\/\/havamall.vn\/wp-content\/uploads\/2021\/05\/hggvd-768x402.jpg 768w, https:\/\/havamall.vn\/wp-content\/uploads\/2021\/05\/hggvd-1024x536.jpg 1024w, https:\/\/havamall.vn\/wp-content\/uploads\/2021\/05\/hggvd-1200x628.jpg 1200w, https:\/\/havamall.vn\/wp-content\/uploads\/2021\/05\/hggvd-600x314.jpg 600w, https:\/\/havamall.vn\/wp-content\/uploads\/2021\/05\/hggvd.jpg 1500w\" sizes=\"(max-width: 648px) 100vw, 648px\" \/><\/p>\n<p>C\u00e0 chua c\u00f2n ch\u1ee9a crom v\u00e0 ch\u1ea5t x\u01a1 gi\u00fap ki\u1ec3m so\u00e1t l\u01b0\u1ee3ng \u0111\u01b0\u1eddng trong m\u00e1u. C\u00e0 chua ch\u1ee9a lycopene, m\u1ed9t ch\u1ea5t ch\u1ed1ng oxy h\u00f3a m\u1ea1nh b\u1ea3o v\u1ec7 da kh\u1ecfi \u00e1nh n\u1eafng m\u1eb7t tr\u1eddi v\u00e0 l\u00e0m cho l\u00e0n da c\u1ee7a b\u1ea1n \u00edt nh\u1ea1y c\u1ea3m v\u1edbi tia c\u1ef1c t\u00edm, m\u1ed9t trong nh\u1eefng nguy\u00ean nh\u00e2n g\u00e2y ra n\u1ebfp nh\u0103n \u1edf da.<\/p>\n<p><img decoding=\"async\" class=\"wp-image-19796 aligncenter\" src=\"https:\/\/havamall.vn\/wp-content\/uploads\/2021\/05\/sdc-300x200.jpg\" alt=\"\" width=\"645\" height=\"430\" srcset=\"https:\/\/havamall.vn\/wp-content\/uploads\/2021\/05\/sdc-300x200.jpg 300w, https:\/\/havamall.vn\/wp-content\/uploads\/2021\/05\/sdc-430x287.jpg 430w, https:\/\/havamall.vn\/wp-content\/uploads\/2021\/05\/sdc-150x100.jpg 150w, https:\/\/havamall.vn\/wp-content\/uploads\/2021\/05\/sdc-700x467.jpg 700w, https:\/\/havamall.vn\/wp-content\/uploads\/2021\/05\/sdc-768x512.jpg 768w, https:\/\/havamall.vn\/wp-content\/uploads\/2021\/05\/sdc-600x400.jpg 600w, https:\/\/havamall.vn\/wp-content\/uploads\/2021\/05\/sdc.jpg 1000w\" sizes=\"(max-width: 645px) 100vw, 645px\" \/><\/p>\n<p>N\u01b0\u1edbc s\u1ed1t c\u00e0 chua gi\u00e0u ch\u1ea5t ch\u1ed1ng oxy h\u00f3a c\u00f3 \u00edch cho probiotic trong \u0111\u01b0\u1eddng ru\u1ed9t C\u00e1c ch\u1ea5t ch\u1ed1ng oxy h\u00f3a t\u1eeb n\u01b0\u1edbc s\u1ed1t c\u00e0 chua \u0111\u00e3 l\u00e0m t\u0103ng t\u00e1c d\u1ee5ng t\u00edch c\u1ef1c c\u1ee7a Lactobacillus reuteri. V\u00e0 n\u01b0\u1edbc s\u1ed1t c\u00e0 chua n\u1ea5u ch\u00edn hi\u1ec7u qu\u1ea3 nh\u1ea5t. N\u1ea5u ch\u00edn n\u01b0\u1edbc s\u1ed1t c\u00e0 chua l\u00e0m bi\u1ebfn \u0111\u1ed5i s\u1ef1 hi\u1ec7n di\u1ec7n c\u1ee7a lycopene trong c\u00e0 chua (qu\u00e1 tr\u00ecnh \u0111\u1ed3ng ph\u00e2n cis-trans), t\u1eeb \u0111\u00f3 gi\u00fap duy tr\u00ec t\u00ednh to\u00e0n v\u1eb9n c\u1ee7a ch\u1ea5t ch\u1ed1ng oxy h\u00f3a n\u00e0y khi b\u1ecb ti\u00eau h\u00f3a, cho ph\u00e9p c\u01a1 th\u1ec3 nh\u1eadn h\u1ea5p th\u1ee5 nhi\u1ec1u h\u01a1n. S\u1eed d\u1ee5ng ch\u1ebf bi\u1ebfn c\u00e1c lo\u1ea1i s\u1ed1t c\u00e0 chua cho c\u00e1c m\u00f3n M\u00ec \u00dd ho\u1eb7c c\u00e1c m\u00f3n \u0103n kh\u00e1c.<\/p>\n<p><img loading=\"lazy\" decoding=\"async\" class=\"wp-image-19797 aligncenter\" src=\"https:\/\/havamall.vn\/wp-content\/uploads\/2021\/05\/fd-247x300.jpg\" alt=\"\" width=\"654\" height=\"794\" srcset=\"https:\/\/havamall.vn\/wp-content\/uploads\/2021\/05\/fd-247x300.jpg 247w, https:\/\/havamall.vn\/wp-content\/uploads\/2021\/05\/fd-430x522.jpg 430w, https:\/\/havamall.vn\/wp-content\/uploads\/2021\/05\/fd-150x182.jpg 150w, https:\/\/havamall.vn\/wp-content\/uploads\/2021\/05\/fd-700x849.jpg 700w, https:\/\/havamall.vn\/wp-content\/uploads\/2021\/05\/fd-768x932.jpg 768w, https:\/\/havamall.vn\/wp-content\/uploads\/2021\/05\/fd-844x1024.jpg 844w, https:\/\/havamall.vn\/wp-content\/uploads\/2021\/05\/fd-600x728.jpg 600w, https:\/\/havamall.vn\/wp-content\/uploads\/2021\/05\/fd.jpg 1160w\" sizes=\"(max-width: 654px) 100vw, 654px\" \/><\/p>\n<h4><strong>H\u01b0\u1edbng D\u1eabn S\u1eed D\u1ee5ng: <\/strong><\/h4>\n<p>&#8211; D\u00f9ng l\u00e0m nguy\u00ean li\u1ec7u n\u1ea5u c\u00e1c m\u00f3n h\u1ea7m, s\u00fap, x\u00e0o, ho\u1eb7c d\u00f9ng chung v\u1edbi m\u00ec \u00fd, salad, pizza<\/p>\n<p>&#8211; C\u00f3 th\u1ec3 b\u1ed5 s\u1ee5ng v\u00e0o c\u00e1c m\u00f3n \u0103n d\u1eb7m cho b\u00e9 t\u1eeb 8 th\u00e1ng tu\u1ed5i.<\/p>\n<p><img loading=\"lazy\" decoding=\"async\" class=\"wp-image-19798 aligncenter\" src=\"https:\/\/havamall.vn\/wp-content\/uploads\/2021\/05\/dxasz-300x200.jpg\" alt=\"\" width=\"650\" height=\"434\" srcset=\"https:\/\/havamall.vn\/wp-content\/uploads\/2021\/05\/dxasz-300x200.jpg 300w, https:\/\/havamall.vn\/wp-content\/uploads\/2021\/05\/dxasz-430x287.jpg 430w, https:\/\/havamall.vn\/wp-content\/uploads\/2021\/05\/dxasz-150x100.jpg 150w, https:\/\/havamall.vn\/wp-content\/uploads\/2021\/05\/dxasz-700x467.jpg 700w, https:\/\/havamall.vn\/wp-content\/uploads\/2021\/05\/dxasz-768x512.jpg 768w, https:\/\/havamall.vn\/wp-content\/uploads\/2021\/05\/dxasz-1024x683.jpg 1024w, https:\/\/havamall.vn\/wp-content\/uploads\/2021\/05\/dxasz.jpg 1200w, https:\/\/havamall.vn\/wp-content\/uploads\/2021\/05\/dxasz-600x400.jpg 600w\" sizes=\"(max-width: 650px) 100vw, 650px\" \/><\/p>\n<h4><strong>B\u1ea3o qu\u1ea3n:<\/strong><\/h4>\n<p>&#8211; B\u1ea3o qu\u1ea3n \u1edf n\u01a1i kh\u00f4 r\u00e1o tho\u00e1ng m\u00e1t.<\/p>\n<p>&#8211; \u0110\u1eady k\u00edn sau khi d\u00f9ng v\u00e0 b\u1ea3o qu\u1ea3n \u1edf nhi\u1ec7t \u0111\u1ed9 t\u1ee7 m\u00e1t sau khi m\u1edf n\u1eafp.<\/p>","protected":false},"excerpt":{"rendered":"<p>Th\u01b0\u01a1ng hi\u1ec7u Sottolestelle Xu\u1ea5t x\u1ee9 \u00dd Th\u00e0nh ph\u1ea7n C\u00e0 chua d\u00e0i h\u1eefu c\u01a1 b\u0103m nhuy\u1ec5n, n\u01b0\u1edbc \u00e9p c\u00e0 chua h\u1eefu<\/p>","protected":false},"featured_media":28891,"comment_status":"open","ping_status":"closed","template":"","meta":[],"product_brand":[],"product_cat":[256,36,143],"product_tag":[],"class_list":{"0":"post-19791","1":"product","2":"type-product","3":"status-publish","4":"has-post-thumbnail","6":"product_cat-thuc-pham-huu-co","7":"product_cat-thuc-pham-tieu-dung","8":"product_cat-thuc-pham-dong-hop","9":"pa_brand-sottolestell","11":"first","12":"instock","13":"sale","14":"shipping-taxable","15":"purchasable","16":"product-type-simple"},"_links":{"self":[{"href":"https:\/\/havamall.vn\/en\/wp-json\/wp\/v2\/product\/19791"}],"collection":[{"href":"https:\/\/havamall.vn\/en\/wp-json\/wp\/v2\/product"}],"about":[{"href":"https:\/\/havamall.vn\/en\/wp-json\/wp\/v2\/types\/product"}],"replies":[{"embeddable":true,"href":"https:\/\/havamall.vn\/en\/wp-json\/wp\/v2\/comments?post=19791"}],"version-history":[{"count":0,"href":"https:\/\/havamall.vn\/en\/wp-json\/wp\/v2\/product\/19791\/revisions"}],"wp:featuredmedia":[{"embeddable":true,"href":"https:\/\/havamall.vn\/en\/wp-json\/wp\/v2\/media\/28891"}],"wp:attachment":[{"href":"https:\/\/havamall.vn\/en\/wp-json\/wp\/v2\/media?parent=19791"}],"wp:term":[{"taxonomy":"product_brand","embeddable":true,"href":"https:\/\/havamall.vn\/en\/wp-json\/wp\/v2\/product_brand?post=19791"},{"taxonomy":"product_cat","embeddable":true,"href":"https:\/\/havamall.vn\/en\/wp-json\/wp\/v2\/product_cat?post=19791"},{"taxonomy":"product_tag","embeddable":true,"href":"https:\/\/havamall.vn\/en\/wp-json\/wp\/v2\/product_tag?post=19791"}],"curies":[{"name":"wp","href":"https:\/\/api.w.org\/{rel}","templated":true}]}}