{"id":19762,"date":"2021-05-11T14:37:18","date_gmt":"2021-05-11T07:37:18","guid":{"rendered":"https:\/\/havamall.vn\/?post_type=product&#038;p=19762"},"modified":"2022-11-02T11:15:42","modified_gmt":"2022-11-02T04:15:42","slug":"bot-mi-nguyen-da-dung-huu-co-probios-organic-wheat-flour-1kg","status":"publish","type":"product","link":"https:\/\/havamall.vn\/en\/shop\/bot-mi-nguyen-da-dung-huu-co-probios-organic-wheat-flour-1kg\/","title":{"rendered":"B\u1ed9t M\u00ec Nguy\u00ean C\u00e1m H\u1eefu C\u01a1 &#8211; ProBios Organic Wheat Flour 1kg"},"content":{"rendered":"<table>\n<tbody>\n<tr>\n<td>Th\u01b0\u01a1ng hi\u1ec7u<\/td>\n<td>ProBios<\/td>\n<\/tr>\n<tr>\n<td>Xu\u1ea5t x\u1ee9<\/td>\n<td>\u00dd<\/td>\n<\/tr>\n<tr>\n<td>Th\u00e0nh ph\u1ea7n<\/td>\n<td>100% b\u1ed9t m\u00ec nguy\u00ean c\u00e1m h\u1eefu c\u01a1<\/td>\n<\/tr>\n<tr>\n<td>H\u1ea1n s\u1eed d\u1ee5ng<\/td>\n<td>18 th\u00e1ng k\u1ec3 t\u1eeb ng\u00e0y s\u1ea3n xu\u1ea5t.<\/td>\n<\/tr>\n<tr>\n<td>B\u1ea3o qu\u1ea3n<\/td>\n<td>\u0110\u1ec3 n\u01a1i kh\u00f4 r\u00e1o, tho\u00e1ng m\u00e1t, tr\u00e1nh \u00e1nh n\u1eafng tr\u1ef1c ti\u1ebfp<\/td>\n<\/tr>\n<tr>\n<td>Kh\u1ed1i l\u01b0\u1ee3ng<\/td>\n<td>1kg<\/td>\n<\/tr>\n<\/tbody>\n<\/table>\n<p>ProBios \u0111\u01b0\u1ee3c th\u00e0nh l\u1eadp t\u1eeb n\u0103m 1978 t\u1ea1i Florence \u2013 \u00dd. ProBios. B\u1eb1ng vi\u1ec7c s\u1ea3n xu\u1ea5t th\u1ef1c ph\u1ea9m h\u1eefu c\u01a1, ProBios \u0111\u00e3 l\u1ef1a ch\u1ecdn c\u1ea9n th\u1eadn c\u00e1c ph\u01b0\u01a1ng ph\u00e1p tr\u1ed3ng tr\u1ecdt c\u1ee7a nguy\u00ean li\u1ec7u th\u00f4 t\u00f4n tr\u1ecdng con ng\u01b0\u1eddi v\u00e0 thi\u00ean nhi\u00ean, kh\u00f4ng ch\u1ea5p nh\u1eadn s\u1eed d\u1ee5ng thu\u1ed1c di\u1ec7t c\u1ecf, thu\u1ed1c di\u1ec7t k\u00fd sinh tr\u00f9ng, ph\u00e2n b\u00f3n h\u00f3a h\u1ecdc v\u00e0 t\u1ed5ng h\u1ee3p v\u00e0 c\u00e1c sinh v\u1eadt bi\u1ebfn \u0111\u1ed5i gen g\u00e2y \u00f4 nhi\u1ec5m tr\u00e1i \u0111\u1ea5t, n\u01b0\u1edbc v\u00e0 kh\u00f4ng kh\u00ed c\u1ee7a ch\u00fang ta.<\/p>\n<p><img fetchpriority=\"high\" decoding=\"async\" class=\"aligncenter\" src=\"https:\/\/havamall.vn\/wp-content\/uploads\/2021\/04\/picture4.png\" alt=\"Tr\u00e0 l\u1ee3i s\u1eefa Weleda 40g | BeOrganic\" width=\"678\" height=\"382\" \/><\/p>\n<p>Probios, c\u00f4ng ty h\u00e0ng \u0111\u1ea7u c\u1ee7a \u00dd trong l\u0129nh v\u1ef1c ph\u00e2n ph\u1ed1i th\u1ef1c ph\u1ea9m h\u1eefu c\u01a1, v\u1edbi kinh nghi\u1ec7m 40 n\u0103m, cung c\u1ea5p m\u1ed9t lo\u1ea1t c\u00e1c s\u1ea3n ph\u1ea9m \u0111\u1ed9c quy\u1ec1n, k\u1ebft h\u1ee3p vi\u1ec7c nghi\u00ean c\u1ee9u v\u00e0 l\u1ef1a ch\u1ecdn c\u00e1c nguy\u00ean li\u1ec7u h\u1eefu c\u01a1 \u0111\u1ec3 t\u1ea1o ra c\u00e1c c\u00f4ng th\u1ee9c n\u1ea5u \u0103n c\u00e2n b\u1eb1ng, nh\u1eb1m mang \u0111\u1ebfn cho ng\u01b0\u1eddi ti\u00eau d\u00f9ng nh\u1eefng s\u1ea3n ph\u1ea9m l\u00e0nh m\u1ea1nh v\u00e0 ngon nh\u1ea5t.<\/p>\n<p><img decoding=\"async\" class=\"wp-image-22385 aligncenter\" src=\"https:\/\/havamall.vn\/wp-content\/uploads\/2021\/05\/b\u00f4t-212x300.png\" alt=\"\" width=\"665\" height=\"941\" srcset=\"https:\/\/havamall.vn\/wp-content\/uploads\/2021\/05\/b\u00f4t-212x300.png 212w, https:\/\/havamall.vn\/wp-content\/uploads\/2021\/05\/b\u00f4t-430x608.png 430w, https:\/\/havamall.vn\/wp-content\/uploads\/2021\/05\/b\u00f4t-150x212.png 150w, https:\/\/havamall.vn\/wp-content\/uploads\/2021\/05\/b\u00f4t-700x990.png 700w, https:\/\/havamall.vn\/wp-content\/uploads\/2021\/05\/b\u00f4t-768x1086.png 768w, https:\/\/havamall.vn\/wp-content\/uploads\/2021\/05\/b\u00f4t-724x1024.png 724w, https:\/\/havamall.vn\/wp-content\/uploads\/2021\/05\/b\u00f4t-1200x1697.png 1200w, https:\/\/havamall.vn\/wp-content\/uploads\/2021\/05\/b\u00f4t-600x849.png 600w, https:\/\/havamall.vn\/wp-content\/uploads\/2021\/05\/b\u00f4t.png 1240w\" sizes=\"(max-width: 665px) 100vw, 665px\" \/><\/p>\n<p>B\u1ed9t m\u00ec nguy\u00ean c\u00e1m Probios \u0111\u01b0\u1ee3c l\u00e0m t\u1eeb l\u00faa m\u00ec canh t\u00e1c h\u1eefu c\u01a1 t\u1ea1i \u00dd, v\u1edbi \u0111i\u1ec1u ki\u1ec7n kh\u00ed h\u1eadu v\u00e0 \u0111\u1ea5t \u0111ai ph\u00f9 h\u1ee3p \u0111\u1ec3 t\u1ea1o ra s\u1ea3n ph\u1ea9m ch\u1ea5t l\u01b0\u1ee3ng t\u1ed1t nh\u1ea5t. S\u1ea3n ph\u1ea9m \u0111\u01b0\u1ee3c \u0111\u00f3ng g\u00f3i trong bao b\u00ec k\u00edn, gi\u1eef cho h\u01b0\u01a1ng v\u1ecb th\u01a1m ngon \u0111\u01b0\u1ee3c b\u1ea3o to\u00e0n theo th\u1eddi gian.<\/p>\n<p><img decoding=\"async\" class=\"wp-image-22369 aligncenter\" src=\"https:\/\/havamall.vn\/wp-content\/uploads\/2021\/05\/b\u1ed9t-m\u00ec-300x291.png\" alt=\"\" width=\"675\" height=\"655\" srcset=\"https:\/\/havamall.vn\/wp-content\/uploads\/2021\/05\/b\u1ed9t-m\u00ec-300x291.png 300w, https:\/\/havamall.vn\/wp-content\/uploads\/2021\/05\/b\u1ed9t-m\u00ec-430x417.png 430w, https:\/\/havamall.vn\/wp-content\/uploads\/2021\/05\/b\u1ed9t-m\u00ec-150x145.png 150w, https:\/\/havamall.vn\/wp-content\/uploads\/2021\/05\/b\u1ed9t-m\u00ec-700x678.png 700w, https:\/\/havamall.vn\/wp-content\/uploads\/2021\/05\/b\u1ed9t-m\u00ec-768x744.png 768w, https:\/\/havamall.vn\/wp-content\/uploads\/2021\/05\/b\u1ed9t-m\u00ec-1024x992.png 1024w, https:\/\/havamall.vn\/wp-content\/uploads\/2021\/05\/b\u1ed9t-m\u00ec-1200x1163.png 1200w, https:\/\/havamall.vn\/wp-content\/uploads\/2021\/05\/b\u1ed9t-m\u00ec-600x581.png 600w, https:\/\/havamall.vn\/wp-content\/uploads\/2021\/05\/b\u1ed9t-m\u00ec.png 1325w\" sizes=\"(max-width: 675px) 100vw, 675px\" \/><\/p>\n<p>B\u1ed9t m\u00ec nguy\u00ean c\u00e1m l\u00e0 d\u1ea1ng b\u1ed9t ch\u1ee9a c\u1ea3 l\u1edbp c\u00e1m, l\u1edbp l\u00f5i v\u00e0 l\u1edbp m\u1ea7m c\u1ee7a h\u1ea1t m\u00ec n\u00ean t\u1eadp trung nhi\u1ec1u ch\u1ea5t x\u01a1, ch\u1ea5t kho\u00e1ng, vitamin nh\u00f3m B gi\u00e0u h\u01a1n c\u00e1c lo\u1ea1i b\u1ed9t m\u00ec kh\u00e1c B\u1ed9t m\u00ec nguyen c\u00e1m r\u1ea5t \u00edt ch\u1ea5t b\u00e9o b\u00e3o h\u00f2a, cholesterol v\u00e0 natri.<\/p>\n<p><img loading=\"lazy\" decoding=\"async\" class=\"wp-image-19765 aligncenter\" src=\"https:\/\/havamall.vn\/wp-content\/uploads\/2021\/05\/XSCC-300x200.jpg\" alt=\"\" width=\"664\" height=\"442\" srcset=\"https:\/\/havamall.vn\/wp-content\/uploads\/2021\/05\/XSCC-300x200.jpg 300w, https:\/\/havamall.vn\/wp-content\/uploads\/2021\/05\/XSCC-430x287.jpg 430w, https:\/\/havamall.vn\/wp-content\/uploads\/2021\/05\/XSCC-150x100.jpg 150w, https:\/\/havamall.vn\/wp-content\/uploads\/2021\/05\/XSCC-700x467.jpg 700w, https:\/\/havamall.vn\/wp-content\/uploads\/2021\/05\/XSCC-1200x801.jpg 1200w, https:\/\/havamall.vn\/wp-content\/uploads\/2021\/05\/XSCC-600x400.jpg 600w, https:\/\/havamall.vn\/wp-content\/uploads\/2021\/05\/XSCC.jpg 2048w\" sizes=\"(max-width: 664px) 100vw, 664px\" \/><\/p>\n<p>N\u00f3 c\u0169ng l\u00e0 m\u1ed9t ngu\u1ed3n cung c\u1ea5p ch\u1ea5t x\u01a1 t\u1ed1t, v\u00e0 m\u1ed9t ngu\u1ed3n Mangan v\u00e0 Selen r\u1ea5t t\u1ed1t. B\u1ed9t m\u00ec nguy\u00ean c\u00e1m th\u01b0\u1eddng \u0111\u01b0\u1ee3c tr\u1ed9n v\u1edbi b\u1ed9t m\u00ec \u0111a d\u1ee5ng \u0111\u1ec3 c\u00f3 k\u1ebft c\u1ea5u nh\u1eb9 h\u01a1n v\u00e0 \u0111\u1ed9 n\u1edf t\u1ed1t h\u01a1n B\u1ed9t m\u00ec nguy\u00ean c\u00e1m l\u00e0 m\u1ed9t ngu\u1ed3n ch\u1ea5t x\u01a1 tuy\u1ec7t v\u1eddi. N\u00f3 c\u00f3 h\u00e0m l\u01b0\u1ee3ng protein cao<\/p>\n<p><img loading=\"lazy\" decoding=\"async\" class=\"aligncenter\" src=\"https:\/\/havamall.vn\/wp-content\/uploads\/2021\/05\/Various_grains.jpg\" alt=\"C\u00e2y l\u01b0\u01a1ng th\u1ef1c - Wikiwand\" width=\"657\" height=\"444\" \/><\/p>\n<p>B\u1ed9t m\u00ec h\u1eefu c\u01a1 Probios \u0111\u01b0\u1ee3c l\u00e0m t\u1eeb l\u00faa m\u00ec canh t\u00e1c t\u1ea1i \u00dd, v\u1edbi \u0111i\u1ec1u ki\u1ec7n kh\u00ed h\u1eadu v\u00e0 \u0111\u1ea5t \u0111ai ph\u00f9 h\u1ee3p \u0111\u1ec3 t\u1ea1o ra s\u1ea3n ph\u1ea9m ch\u1ea5t l\u01b0\u1ee3ng t\u1ed1t nh\u1ea5t. S\u1ea3n ph\u1ea9m \u0111\u01b0\u1ee3c \u0111\u00f3ng g\u00f3i trong bao b\u00ec k\u00edn, gi\u1eef cho h\u01b0\u01a1ng v\u1ecb th\u01a1m ngon \u0111\u01b0\u1ee3c b\u1ea3o to\u00e0n theo th\u1eddi gian.<\/p>\n<p>B\u1ed9t m\u00ec nguy\u00ean c\u00e1m \u0111\u01b0\u1ee3c xay t\u1eeb h\u1ea1t l\u00faa m\u00ec\u00a0\u0111\u01b0\u1ee3c tr\u1ed3ng theo m\u00f4 h\u00ecnh th\u1ef1c ph\u1ea9m h\u1eefu c\u01a1, kh\u00f4ng thu\u1ed1c b\u1ea3o v\u1ec7 th\u1ef1c v\u1eadt, kh\u00f4ng b\u00f3n ph\u00e2n h\u00f3a h\u1ecdc, kh\u00f4ng s\u1eed d\u1ee5ng thu\u1ed1c t\u0103ng tr\u01b0\u1edfng\u2026 B\u1ed9t c\u00f2n nguy\u00ean v\u1ecf c\u00e1m, ch\u1ea5t x\u01a1 v\u00e0 ph\u00f4i m\u1ea7m, kh\u00f4ng qua qu\u00e1 tr\u00ecnh tinh ch\u1ebf. Nh\u1edd \u0111\u00f3 d\u01b0\u1ee1ng ch\u1ea5t nh\u01b0 vitamin, protein v\u00e0 ch\u1ea5t b\u00e9o b\u1ed5 sung \u0111\u01b0\u1ee3c b\u1ea3o to\u00e0n m\u1ed9t c\u00e1ch t\u1ed1i \u01b0u nh\u1ea5t.<\/p>\n<p><img loading=\"lazy\" decoding=\"async\" class=\"aligncenter\" src=\"https:\/\/havamall.vn\/wp-content\/uploads\/2021\/04\/cach-lam-banh-mi-sandwich-an-sang-25.jpg\" alt=\"G\u1ee3i \u00fd 20 c\u00e1ch ch\u1ebf bi\u1ebfn b\u00e1nh m\u00ec sandwich \u0103n s\u00e1ng ngon cho b\u00e9 - META.vn\" width=\"656\" height=\"431\" \/><\/p>\n<h3><strong>T\u1ea1i sao n\u00ean d\u00f9ng b\u1ed9t m\u00ec nguy\u00ean c\u00e1m h\u1eefu c\u01a1?<\/strong><\/h3>\n<p>\u2013 Ch\u1ec9 s\u1ed1 \u0111\u01b0\u1eddng huy\u1ebft th\u1ea5p, ph\u00f9 h\u1ee3p v\u00e0 h\u1ea1n ch\u1ebf nguy c\u01a1 g\u00e2y b\u1ec7nh ti\u1ec3u \u0111\u01b0\u1eddng.<\/p>\n<p>\u2013 Th\u00e0nh ph\u1ea7n dinh d\u01b0\u1ee1ng cao h\u01a1n b\u1ed9t m\u00ec tr\u1eafng.<\/p>\n<p>\u2013 Do k\u1ebft c\u1ea5u \u0111\u1eb7c v\u00e0 n\u1eb7ng c\u1ee7a b\u00e1nh, b\u1ea1n s\u1ebd no l\u00e2u h\u01a1n, h\u1ea1n ch\u1ebf \u0103n v\u1eb7t \u0103n nhi\u1ec1u v\u00e0 t\u0103ng c\u00e2n.<\/p>\n<p>\u2013 H\u01b0\u01a1ng v\u1ecb \u0111\u1eadm \u0111\u00e0 v\u00e0 ngon h\u01a1n.<\/p>\n<p><img loading=\"lazy\" decoding=\"async\" class=\"wp-image-22386 aligncenter\" src=\"https:\/\/havamall.vn\/wp-content\/uploads\/2021\/05\/B\u1ed8T-M\u00cc-1-1-300x300.png\" alt=\"\" width=\"648\" height=\"648\" srcset=\"https:\/\/havamall.vn\/wp-content\/uploads\/2021\/05\/B\u1ed8T-M\u00cc-1-1-300x300.png 300w, https:\/\/havamall.vn\/wp-content\/uploads\/2021\/05\/B\u1ed8T-M\u00cc-1-1-150x150.png 150w, https:\/\/havamall.vn\/wp-content\/uploads\/2021\/05\/B\u1ed8T-M\u00cc-1-1-100x100.png 100w\" sizes=\"(max-width: 648px) 100vw, 648px\" \/><\/p>\n<h4><strong>C\u00e1ch s\u1eed d\u1ee5ng:\u00a0<\/strong><\/h4>\n<p>D\u00f9ng \u0111\u1ec3 l\u00e0m c\u00e1c lo\u1ea1i b\u00e1nh m\u00ec, bao g\u1ed3m sandwich, b\u00e1nh cu\u1ed9n th\u00f4, pancake, cookie, b\u00e1nh cake, muffins, pizza v\u00e0 nhi\u1ec1u lo\u1ea1i b\u00e1nh kh\u00e1c.<\/p>\n<p>S\u1ea3n ph\u1ea9m hi\u1ec7n \u0111\u00e3 c\u00f3 m\u1eb7t t\u1ea1i Havamall.<\/p>","protected":false},"excerpt":{"rendered":"<p>Th\u01b0\u01a1ng hi\u1ec7u ProBios Xu\u1ea5t x\u1ee9 \u00dd Th\u00e0nh ph\u1ea7n 100% b\u1ed9t m\u00ec nguy\u00ean c\u00e1m h\u1eefu c\u01a1 H\u1ea1n s\u1eed d\u1ee5ng 18 th\u00e1ng<\/p>","protected":false},"featured_media":21136,"comment_status":"open","ping_status":"closed","template":"","meta":[],"product_brand":[],"product_cat":[255,256,36,134],"product_tag":[],"class_list":{"0":"post-19762","1":"product","2":"type-product","3":"status-publish","4":"has-post-thumbnail","6":"product_cat-nguyen-lieu-lam-banh","7":"product_cat-thuc-pham-huu-co","8":"product_cat-thuc-pham-tieu-dung","9":"product_cat-thucpham-saykho","10":"pa_brand-probios","12":"first","13":"instock","14":"sale","15":"shipping-taxable","16":"purchasable","17":"product-type-simple"},"_links":{"self":[{"href":"https:\/\/havamall.vn\/en\/wp-json\/wp\/v2\/product\/19762"}],"collection":[{"href":"https:\/\/havamall.vn\/en\/wp-json\/wp\/v2\/product"}],"about":[{"href":"https:\/\/havamall.vn\/en\/wp-json\/wp\/v2\/types\/product"}],"replies":[{"embeddable":true,"href":"https:\/\/havamall.vn\/en\/wp-json\/wp\/v2\/comments?post=19762"}],"version-history":[{"count":0,"href":"https:\/\/havamall.vn\/en\/wp-json\/wp\/v2\/product\/19762\/revisions"}],"wp:featuredmedia":[{"embeddable":true,"href":"https:\/\/havamall.vn\/en\/wp-json\/wp\/v2\/media\/21136"}],"wp:attachment":[{"href":"https:\/\/havamall.vn\/en\/wp-json\/wp\/v2\/media?parent=19762"}],"wp:term":[{"taxonomy":"product_brand","embeddable":true,"href":"https:\/\/havamall.vn\/en\/wp-json\/wp\/v2\/product_brand?post=19762"},{"taxonomy":"product_cat","embeddable":true,"href":"https:\/\/havamall.vn\/en\/wp-json\/wp\/v2\/product_cat?post=19762"},{"taxonomy":"product_tag","embeddable":true,"href":"https:\/\/havamall.vn\/en\/wp-json\/wp\/v2\/product_tag?post=19762"}],"curies":[{"name":"wp","href":"https:\/\/api.w.org\/{rel}","templated":true}]}}