{"id":19735,"date":"2021-05-11T10:58:35","date_gmt":"2021-05-11T03:58:35","guid":{"rendered":"https:\/\/havamall.vn\/?post_type=product&#038;p=19735"},"modified":"2022-03-21T14:36:06","modified_gmt":"2022-03-21T07:36:06","slug":"tra-duong-sinh-kombucha-huu-co-vi-phuc-bon-tu-the-gutsy-captain-kombucha-raspberry-400ml","status":"publish","type":"product","link":"https:\/\/havamall.vn\/en\/shop\/tra-duong-sinh-kombucha-huu-co-vi-phuc-bon-tu-the-gutsy-captain-kombucha-raspberry-400ml\/","title":{"rendered":"Tr\u00e0 D\u01b0\u1ee1ng Sinh Kombucha H\u1eefu C\u01a1 V\u1ecb Ph\u00fac B\u1ed3n T\u1eed &#8211; The GUTsy Captain Kombucha Raspberry 400ml"},"content":{"rendered":"<p>Kombucha \u0111\u00e3 \u0111\u01b0\u1ee3c ph\u00e1t hi\u1ec7n t\u1eeb 2.000 n\u0103m tr\u01b0\u1edbc t\u1ea1i Trung Qu\u1ed1c, qu\u1ed1c gia n\u00e0y m\u1ec7nh danh Kombucha l\u00e0 tr\u00e0 \u201cb\u1ea5t t\u1eed\u201d nh\u1edd t\u00e1c d\u1ee5ng th\u1ea3i \u0111\u1ed9c, t\u0103ng c\u01b0\u1eddng sinh l\u1ef1c. Sau \u0111\u00f3, Kombucha r\u1ea5t \u0111\u01b0\u1ee3c \u01b0a chu\u1ed9ng t\u1ea1i Nh\u1eadt B\u1ea3n nh\u1eb1m c\u1ea3i thi\u1ec7n s\u1ee9c kh\u1ecfe \u0111\u01b0\u1eddng ti\u00eau h\u00f3a cho c\u00e1c v\u1ecb ho\u00e0ng \u0111\u1ebf.<\/p>\n<p>Tr\u00e0 l\u00ean men, hay c\u00f2n g\u1ecdi l\u00e0 Kombucha, tr\u00e0 kombucha, tr\u00e0 n\u1ea5m \u0111\u00e3 nhanh ch\u00f3ng \u0111\u01b0\u1ee3c ph\u1ed5 bi\u1ebfn trong c\u1ed9ng \u0111\u1ed3ng nh\u1eefng ng\u01b0\u1eddi y\u00eau th\u00edch th\u1ef1c ph\u1ea9m l\u00e0nh m\u1ea1nh, t\u1ed1t cho s\u1ee9c kh\u1ecfe.\u00a0Hi\u1ec7n nay Kombucha r\u1ea5t \u0111\u01b0\u1ee3c y\u00eau th\u00edch t\u1ea1i M\u1ef9, \u0111\u01b0\u1ee3c s\u1eed d\u1ee5ng h\u00e0ng ng\u00e0y thay th\u1ebf cho th\u1ee9c u\u1ed1ng nhi\u1ec1u \u0111\u01b0\u1eddng.<\/p>\n<p><img fetchpriority=\"high\" decoding=\"async\" class=\"wp-image-19736 aligncenter\" src=\"https:\/\/havamall.vn\/wp-content\/uploads\/2021\/05\/hh-300x300.jpg\" alt=\"\" width=\"658\" height=\"658\" srcset=\"https:\/\/havamall.vn\/wp-content\/uploads\/2021\/05\/hh-300x300.jpg 300w, https:\/\/havamall.vn\/wp-content\/uploads\/2021\/05\/hh-430x430.jpg 430w, https:\/\/havamall.vn\/wp-content\/uploads\/2021\/05\/hh-150x150.jpg 150w, https:\/\/havamall.vn\/wp-content\/uploads\/2021\/05\/hh-700x700.jpg 700w, https:\/\/havamall.vn\/wp-content\/uploads\/2021\/05\/hh-768x768.jpg 768w, https:\/\/havamall.vn\/wp-content\/uploads\/2021\/05\/hh-600x600.jpg 600w, https:\/\/havamall.vn\/wp-content\/uploads\/2021\/05\/hh-100x100.jpg 100w, https:\/\/havamall.vn\/wp-content\/uploads\/2021\/05\/hh.jpg 1024w\" sizes=\"(max-width: 658px) 100vw, 658px\" \/><\/p>\n<p>The Gutsy t\u1ef1 h\u00e0o tu\u00e2n theo c\u00f4ng th\u1ee9c nguy\u00ean b\u1ea3n h\u00e0ng n\u0103m: ch\u1ec9 s\u1eed d\u1ee5ng 100% nguy\u00ean li\u1ec7u t\u1ef1 nhi\u00ean \u0111\u01b0\u1ee3c ch\u1ee9ng nh\u1eadn BIO ch\u1ea5t l\u01b0\u1ee3ng cao, tr\u00e0 xanh l\u00ean men b\u1eb1ng \u0111\u01b0\u1eddng m\u00eda th\u00f4 h\u1eefu c\u01a1 v\u00e0 nu\u00f4i c\u1ea5y vi khu\u1ea9n, men s\u1ed1ng ri\u00eang c\u1ee7a The Gutsy.<\/p>\n<p><img decoding=\"async\" class=\"wp-image-19738 aligncenter\" src=\"https:\/\/havamall.vn\/wp-content\/uploads\/2021\/05\/ggggg-300x300.jpg\" alt=\"\" width=\"659\" height=\"659\" srcset=\"https:\/\/havamall.vn\/wp-content\/uploads\/2021\/05\/ggggg-300x300.jpg 300w, https:\/\/havamall.vn\/wp-content\/uploads\/2021\/05\/ggggg-430x430.jpg 430w, https:\/\/havamall.vn\/wp-content\/uploads\/2021\/05\/ggggg-150x150.jpg 150w, https:\/\/havamall.vn\/wp-content\/uploads\/2021\/05\/ggggg-700x700.jpg 700w, https:\/\/havamall.vn\/wp-content\/uploads\/2021\/05\/ggggg-768x768.jpg 768w, https:\/\/havamall.vn\/wp-content\/uploads\/2021\/05\/ggggg-600x600.jpg 600w, https:\/\/havamall.vn\/wp-content\/uploads\/2021\/05\/ggggg-100x100.jpg 100w, https:\/\/havamall.vn\/wp-content\/uploads\/2021\/05\/ggggg.jpg 1024w\" sizes=\"(max-width: 659px) 100vw, 659px\" \/><\/p>\n<p>100% kombucha \u0111\u00edch th\u1ef1c, h\u1eefu c\u01a1, thu\u1ea7n chay, \u00edt calo, kh\u00f4ng ch\u1ee9a gluten, th\u1ef1c ph\u1ea9m s\u1ed1ng, kh\u00f4ng bao gi\u1edd t\u1eeb c\u00f4 \u0111\u1eb7c, kh\u00f4ng c\u00f3 m\u00e0u s\u1eafc ho\u1eb7c h\u01b0\u01a1ng v\u1ecb nh\u00e2n t\u1ea1o, kh\u00f4ng c\u00f3 ch\u1ea5t b\u1ea3o qu\u1ea3n. S\u1ea3n ph\u1ea9m \u0111\u01b0\u1ee3c y\u00eau th\u00edch v\u00e0 c\u00f4ng nh\u1eadn tr\u00ean to\u00e0n th\u1ebf gi\u1edbi \u2013 Ng\u01b0\u1eddi chi\u1ebfn th\u1eafng Gi\u1ea3i th\u01b0\u1edfng T\u1ef1 nhi\u00ean v\u00e0 H\u1eefu c\u01a1 Ch\u00e2u \u00c2u n\u0103m 2017 trong h\u1ea1ng m\u1ee5c \u201dS\u1ea3n ph\u1ea9m h\u1eefu c\u01a1 m\u1edbi t\u1ed1t nh\u1ea5t\u201d.<\/p>\n<p><img decoding=\"async\" class=\"aligncenter\" src=\"https:\/\/havamall.vn\/wp-content\/uploads\/2021\/04\/photo-3-1588861338898655537736-1588861596182-1588861596383777810434.jpg\" alt=\"B\u1ea1n bi\u1ebft g\u00ec v\u1ec1 tr\u00e0 \u201cb\u1ea5t t\u1eed\u201d Kombucha? - \u1ea2nh 4.\" width=\"651\" height=\"434\" \/><\/p>\n<p>Tr\u00e0 Kombucha v\u1ecb Ph\u00fac B\u1ed3n T\u1eed l\u00e0 s\u1ef1 c\u00e2n b\u1eb1ng gi\u1eefa v\u1ecb ng\u1ecdt v\u00e0 chua. Ch\u1ee9a nhi\u1ec1u ch\u1ea5t dinh d\u01b0\u1ee1ng, ch\u1ed1ng oxy h\u00f3a, ch\u1ea5t x\u01a1, pectin, kali, vitamin C.<\/p>\n<p><img loading=\"lazy\" decoding=\"async\" class=\"wp-image-19760 aligncenter\" src=\"https:\/\/havamall.vn\/wp-content\/uploads\/2021\/05\/dsx-225x300.jpg\" alt=\"\" width=\"647\" height=\"863\" srcset=\"https:\/\/havamall.vn\/wp-content\/uploads\/2021\/05\/dsx-225x300.jpg 225w, https:\/\/havamall.vn\/wp-content\/uploads\/2021\/05\/dsx-430x573.jpg 430w, https:\/\/havamall.vn\/wp-content\/uploads\/2021\/05\/dsx-150x200.jpg 150w, https:\/\/havamall.vn\/wp-content\/uploads\/2021\/05\/dsx-700x933.jpg 700w, https:\/\/havamall.vn\/wp-content\/uploads\/2021\/05\/dsx-768x1024.jpg 768w, https:\/\/havamall.vn\/wp-content\/uploads\/2021\/05\/dsx-600x800.jpg 600w, https:\/\/havamall.vn\/wp-content\/uploads\/2021\/05\/dsx.jpg 960w\" sizes=\"(max-width: 647px) 100vw, 647px\" \/><\/p>\n<p>B\u1ea1n c\u00f3 th\u1ec3 s\u1eed d\u1ee5ng tr\u00e0 l\u00ean men Kombucha thay th\u1ebf cho c\u00e1c lo\u1ea1i n\u01b0\u1edbc ng\u1ecdt c\u00f3 ga. S\u1eed d\u1ee5ng v\u00e0o bu\u1ed5i s\u00e1ng tr\u00e0n \u0111\u1ea7y n\u0103ng l\u01b0\u1ee3ng, hay khi c\u1ea3m th\u1ea5y m\u1ec7t m\u1ecfi c\u0103ng th\u1eb3ng trong c\u00f4ng vi\u1ec7c.<\/p>\n<p>V\u1eeba u\u1ed1ng tr\u00e0 Kombucha v\u1eeba l\u00e0m vi\u1ec7c gi\u00fap tinh th\u1ea7n c\u1ea3i thi\u1ec7n v\u00e0 l\u00e0m vi\u1ec7c t\u1eadp trung h\u01a1n.<\/p>\n<p><img loading=\"lazy\" decoding=\"async\" class=\"aligncenter\" src=\"https:\/\/havamall.vn\/wp-content\/uploads\/2021\/04\/photo-2-15888613388941483771233-1588861592275-15888615924761231645692.jpg\" alt=\"B\u1ea1n bi\u1ebft g\u00ec v\u1ec1 tr\u00e0 \u201cb\u1ea5t t\u1eed\u201d Kombucha? - \u1ea2nh 3.\" width=\"658\" height=\"438\" \/><\/p>\n<h4><strong>Nh\u1eefng l\u1ee3i \u00edch s\u1ee9c kh\u1ecfe c\u1ee7a Kombucha:<\/strong><\/h4>\n<p>&gt;B\u1ea3o v\u1ec7 h\u1ec7 ti\u00eau h\u00f3a, t\u0103ng c\u01b0\u1eddng s\u1ee9c \u0111\u1ec1 kh\u00e1ng<\/p>\n<p>&gt;Thanh l\u1ecdc c\u01a1 th\u1ec3, gi\u00fap ph\u00f2ng ng\u1eeba b\u1ec7nh t\u1eadt<\/p>\n<p>&gt;Th\u00fac \u0111\u1ea9y gi\u1ea3m c\u00e2n an to\u00e0n, hi\u1ec7u qu\u1ea3<\/p>\n<p>&gt;Ch\u0103m s\u00f3c da m\u1eb7t kh\u1ecfe \u0111\u1eb9p t\u1eeb con gi\u1ed1ng SCOBY<\/p>\n<p><img loading=\"lazy\" decoding=\"async\" class=\"wp-image-20521 aligncenter\" src=\"https:\/\/havamall.vn\/wp-content\/uploads\/2021\/05\/19964-200x300.png\" alt=\"\" width=\"675\" height=\"1013\" srcset=\"https:\/\/havamall.vn\/wp-content\/uploads\/2021\/05\/19964-200x300.png 200w, https:\/\/havamall.vn\/wp-content\/uploads\/2021\/05\/19964-430x645.png 430w, https:\/\/havamall.vn\/wp-content\/uploads\/2021\/05\/19964-150x225.png 150w, https:\/\/havamall.vn\/wp-content\/uploads\/2021\/05\/19964-700x1050.png 700w, https:\/\/havamall.vn\/wp-content\/uploads\/2021\/05\/19964-768x1152.png 768w, https:\/\/havamall.vn\/wp-content\/uploads\/2021\/05\/19964-682x1024.png 682w, https:\/\/havamall.vn\/wp-content\/uploads\/2021\/05\/19964-600x900.png 600w, https:\/\/havamall.vn\/wp-content\/uploads\/2021\/05\/19964.png 843w\" sizes=\"(max-width: 675px) 100vw, 675px\" \/><\/p>\n<h4><strong>H\u01b0\u1edbng d\u1eabn s\u1eed d\u1ee5ng:<\/strong><\/h4>\n<p>\u2013 N\u00ean u\u1ed1ng 250 \u2013 400ml m\u1ed7i ng\u00e0y \u0111\u1ec3 c\u00f3 k\u1ebft qu\u1ea3 t\u1ed1t nh\u1ea5t.<\/p>\n<p>\u2013 D\u00f9ng tr\u1ef1c ti\u1ebfp ho\u1eb7c s\u1eed d\u1ee5ng tr\u00e0 Kombucha l\u00e0m Mixer trong c\u00e1c c\u00f4ng th\u1ee9c ch\u1ebf bi\u1ebfn cocktail<\/p>\n<p>\u2013 Th\u01b0\u1edfng th\u1ee9c tr\u00e0 Kombucha l\u1ea1nh s\u1ebd ngon h\u01a1n. V\u00e0 n\u00ean s\u1eed d\u1ee5ng h\u1ebft trong v\u00f2ng 03 ng\u00e0y sau khi m\u1edf n\u1eafp.<\/p>\n<p>\u2013 Ph\u1ee5 n\u1eef c\u00f3 thai n\u00ean h\u1ecfi \u00fd ki\u1ebfn B\u00e1c S\u0129 tr\u01b0\u1edbc khi s\u1eed d\u1ee5ng.<\/p>\n<p>\u2013 C\u00f3 n\u1ed3ng \u0111\u1ed9 c\u1ed3n th\u1ea5p do qu\u00e1 tr\u00ecnh l\u00ean men. C\u00f3 th\u1ec3 s\u1eed d\u1ee5ng cho tr\u1ebb nh\u1ecf t\u1eeb 6 tu\u1ed5i. \u0110\u1ed1i v\u1edbi tr\u1ebb t\u1eeb 1 tu\u1ed5i th\u00ec n\u00ean h\u1ecfi \u00fd ki\u1ebfn c\u1ee7a B\u00e1c S\u0129 tr\u01b0\u1edbc khi s\u1eed d\u1ee5ng.<\/p>\n<p>\u2013 Kh\u00f4ng l\u1eafc tr\u01b0\u1edbc khi m\u1edf n\u1eafp<\/p>\n<p>S\u1ea3n ph\u1ea9m \u0111\u00e3 c\u00f3 m\u1eb7t t\u1ea1i Havamall.<\/p>","protected":false},"excerpt":{"rendered":"<p>Tr\u00e0 Kombucha v\u1ecb Ph\u00fac B\u1ed3n T\u1eed l\u00e0 s\u1ef1 c\u00e2n b\u1eb1ng gi\u1eefa v\u1ecb ng\u1ecdt v\u00e0 chua. Ch\u1ee9a nhi\u1ec1u ch\u1ea5t dinh d\u01b0\u1ee1ng, ch\u1ed1ng oxy h\u00f3a, ch\u1ea5t x\u01a1, pectin, kali, vitamin C.<\/p>\n<p>B\u1ea1n c\u00f3 th\u1ec3 s\u1eed d\u1ee5ng tr\u00e0 l\u00ean men Kombucha thay th\u1ebf cho c\u00e1c lo\u1ea1i n\u01b0\u1edbc ng\u1ecdt c\u00f3 ga. S\u1eed d\u1ee5ng v\u00e0o bu\u1ed5i s\u00e1ng tr\u00e0n \u0111\u1ea7y n\u0103ng l\u01b0\u1ee3ng, hay khi c\u1ea3m th\u1ea5y m\u1ec7t m\u1ecfi c\u0103ng th\u1eb3ng trong c\u00f4ng vi\u1ec7c.<\/p>\n<p>V\u1eeba u\u1ed1ng tr\u00e0 Kombucha v\u1eeba l\u00e0m vi\u1ec7c gi\u00fap tinh th\u1ea7n c\u1ea3i thi\u1ec7n v\u00e0 l\u00e0m vi\u1ec7c t\u1eadp trung h\u01a1n.<\/p>\n<p>&nbsp;<\/p>","protected":false},"featured_media":19748,"comment_status":"open","ping_status":"closed","template":"","meta":[],"product_brand":[],"product_cat":[256,36,135],"product_tag":[],"class_list":{"0":"post-19735","1":"product","2":"type-product","3":"status-publish","4":"has-post-thumbnail","6":"product_cat-thuc-pham-huu-co","7":"product_cat-thuc-pham-tieu-dung","8":"product_cat-sua-do-uong","10":"first","11":"outofstock","12":"sale","13":"shipping-taxable","14":"purchasable","15":"product-type-simple"},"_links":{"self":[{"href":"https:\/\/havamall.vn\/en\/wp-json\/wp\/v2\/product\/19735"}],"collection":[{"href":"https:\/\/havamall.vn\/en\/wp-json\/wp\/v2\/product"}],"about":[{"href":"https:\/\/havamall.vn\/en\/wp-json\/wp\/v2\/types\/product"}],"replies":[{"embeddable":true,"href":"https:\/\/havamall.vn\/en\/wp-json\/wp\/v2\/comments?post=19735"}],"version-history":[{"count":0,"href":"https:\/\/havamall.vn\/en\/wp-json\/wp\/v2\/product\/19735\/revisions"}],"wp:featuredmedia":[{"embeddable":true,"href":"https:\/\/havamall.vn\/en\/wp-json\/wp\/v2\/media\/19748"}],"wp:attachment":[{"href":"https:\/\/havamall.vn\/en\/wp-json\/wp\/v2\/media?parent=19735"}],"wp:term":[{"taxonomy":"product_brand","embeddable":true,"href":"https:\/\/havamall.vn\/en\/wp-json\/wp\/v2\/product_brand?post=19735"},{"taxonomy":"product_cat","embeddable":true,"href":"https:\/\/havamall.vn\/en\/wp-json\/wp\/v2\/product_cat?post=19735"},{"taxonomy":"product_tag","embeddable":true,"href":"https:\/\/havamall.vn\/en\/wp-json\/wp\/v2\/product_tag?post=19735"}],"curies":[{"name":"wp","href":"https:\/\/api.w.org\/{rel}","templated":true}]}}