{"id":19624,"date":"2021-04-29T17:18:24","date_gmt":"2021-04-29T10:18:24","guid":{"rendered":"https:\/\/havamall.vn\/?post_type=product&#038;p=19624"},"modified":"2022-07-28T14:57:53","modified_gmt":"2022-07-28T07:57:53","slug":"19624","status":"publish","type":"product","link":"https:\/\/havamall.vn\/en\/shop\/19624\/","title":{"rendered":"Ch\u00f4m Ch\u00f4m Nh\u00e2n D\u1ee9a &#8211; Dole Rambutan Stuffed With Pineapple In Syrup 565g"},"content":{"rendered":"<p><span style=\"font-weight: 400\">Dole \u0111\u01b0\u1ee3c th\u00e0nh l\u1eadp t\u1eeb n\u0103m 1851 t\u1ea1i Hawaii (M\u1ef9). \u0110\u1ebfn nay Dole \u0111\u01b0\u1ee3c bi\u1ebft \u0111\u1ebfn nh\u01b0 m\u1ed9t chuy\u00ean gia trong l\u0129nh v\u1ef1c tr\u00e1i c\u00e2y v\u00e0 rau c\u1ee7 t\u01b0\u01a1i v\u1edbi h\u01a1n 200 ch\u1ee7ng lo\u1ea1i s\u1ea3n ph\u1ea9m \u0111\u1ea1t ch\u1ea5t l\u01b0\u1ee3ng cao.<\/span><\/p>\n<p><span style=\"font-weight: 400\">Dole s\u1edf h\u1eefu m\u1ed9t quy tr\u00ecnh s\u1ea3n xu\u1ea5t kh\u00e9p k\u00edn t\u1eeb tr\u1ed3ng tr\u1ecdt, ch\u1ebf bi\u1ebfn, v\u1eadn chuy\u1ec3n, ph\u00e2n ph\u1ed1i v\u00e0 marketing s\u1ea3n ph\u1ea9m. B\u1ea5t c\u1ee9 lo\u1ea1i tr\u00e1i c\u00e2y t\u01b0\u01a1i n\u00e0o ra th\u1ecb tr\u01b0\u1eddng c\u0169ng ph\u1ea3i \u0111\u1ea3m b\u1ea3o kh\u1eaft khe c\u00e1c y\u00eau c\u1ea7u v\u1ec1 k\u00edch c\u1ee1, m\u00e0u s\u1eafc, ch\u1ea5t l\u01b0\u1ee3ng\u2026 nghi\u00eam ng\u1eb7t c\u1ee7a Dole.<\/span><\/p>\n<p><img fetchpriority=\"high\" decoding=\"async\" class=\"wp-image-19614 aligncenter\" src=\"https:\/\/havamall.vn\/wp-content\/uploads\/2021\/04\/49734939_10155746589686761_5345313325037125632_n-300x300.jpg\" alt=\"\" width=\"622\" height=\"622\" srcset=\"https:\/\/havamall.vn\/wp-content\/uploads\/2021\/04\/49734939_10155746589686761_5345313325037125632_n-300x300.jpg 300w, https:\/\/havamall.vn\/wp-content\/uploads\/2021\/04\/49734939_10155746589686761_5345313325037125632_n-430x430.jpg 430w, https:\/\/havamall.vn\/wp-content\/uploads\/2021\/04\/49734939_10155746589686761_5345313325037125632_n-150x150.jpg 150w, https:\/\/havamall.vn\/wp-content\/uploads\/2021\/04\/49734939_10155746589686761_5345313325037125632_n-700x700.jpg 700w, https:\/\/havamall.vn\/wp-content\/uploads\/2021\/04\/49734939_10155746589686761_5345313325037125632_n-768x768.jpg 768w, https:\/\/havamall.vn\/wp-content\/uploads\/2021\/04\/49734939_10155746589686761_5345313325037125632_n-1024x1024.jpg 1024w, https:\/\/havamall.vn\/wp-content\/uploads\/2021\/04\/49734939_10155746589686761_5345313325037125632_n.jpg 1200w, https:\/\/havamall.vn\/wp-content\/uploads\/2021\/04\/49734939_10155746589686761_5345313325037125632_n-600x600.jpg 600w, https:\/\/havamall.vn\/wp-content\/uploads\/2021\/04\/49734939_10155746589686761_5345313325037125632_n-100x100.jpg 100w\" sizes=\"(max-width: 622px) 100vw, 622px\" \/><\/p>\n<p><span style=\"font-weight: 400\">N\u1ed5i ti\u1ebfng v\u1edbi h\u00e0ng lo\u1ea1t s\u1ea3n ph\u1ea9m v\u1ec1 tr\u00e1i c\u00e2y ng\u00e2m, Dole \u0111\u00e3 t\u1eebng b\u01b0\u1edbc t\u1ea1o n\u00ean m\u1ed9t ch\u1ed7 \u0111\u1ee9ng ri\u00eang tr\u00ean th\u1ecb tr\u01b0\u1eddng v\u00e0 \u0111\u01b0\u1ee3c r\u1ea5t nhi\u1ec1u ng\u01b0\u1eddi y\u00eau th\u00edch.<\/span><\/p>\n<p><span style=\"font-weight: 400\">V\u00e0 m\u1ed9t trong nh\u1eefng s\u1ea3n ph\u1ea9m thu\u1ed9c top best seller c\u1ee7a Dole th\u00ec ph\u1ea3i k\u1ec3 \u0111\u1ebfn \u0111\u00f3 l\u00e0 Ch\u00f4m ch\u00f4m nh\u00e2n d\u1ee9a ng\u00e2m.\u00a0<\/span><span style=\"font-weight: 400\">Ch\u00f4m ch\u00f4m nh\u00e2n d\u1ee9a \u0111\u00f3ng h\u1ed9p Dole c\u00f3 h\u01b0\u01a1ng v\u1ecb th\u01a1m ngon, m\u00e0u tr\u1eafng t\u1ef1 nhi\u00ean, khi \u0103n m\u1ec1m v\u00e0 c\u00f3 v\u1ecb ng\u1ecdt thanh, c\u01a1m d\u00e0y d\u00f9ng \u0111\u1ec3 gi\u1ea3i kh\u00e1t, tr\u00e1ng mi\u1ec7ng. \u0110\u1ed3ng th\u1eddi, n\u01b0\u1edbc ch\u00f4m ch\u00f4m h\u01a1i s\u00e1nh l\u1ea1i th\u00edch h\u1ee3p d\u00f9ng trong pha ch\u1ebf r\u1ea5t tuy\u1ec7t h\u1ea3o.\u00a0<\/span><\/p>\n<p><img decoding=\"async\" class=\"wp-image-20645 aligncenter\" src=\"https:\/\/havamall.vn\/wp-content\/uploads\/2021\/04\/chom-chom-nhan-dua-ngam-duong-300x225.png\" alt=\"\" width=\"623\" height=\"468\" srcset=\"https:\/\/havamall.vn\/wp-content\/uploads\/2021\/04\/chom-chom-nhan-dua-ngam-duong-300x225.png 300w, https:\/\/havamall.vn\/wp-content\/uploads\/2021\/04\/chom-chom-nhan-dua-ngam-duong-430x323.png 430w, https:\/\/havamall.vn\/wp-content\/uploads\/2021\/04\/chom-chom-nhan-dua-ngam-duong-150x113.png 150w, https:\/\/havamall.vn\/wp-content\/uploads\/2021\/04\/chom-chom-nhan-dua-ngam-duong-700x525.png 700w, https:\/\/havamall.vn\/wp-content\/uploads\/2021\/04\/chom-chom-nhan-dua-ngam-duong-768x576.png 768w, https:\/\/havamall.vn\/wp-content\/uploads\/2021\/04\/chom-chom-nhan-dua-ngam-duong.png 1024w, https:\/\/havamall.vn\/wp-content\/uploads\/2021\/04\/chom-chom-nhan-dua-ngam-duong-600x450.png 600w\" sizes=\"(max-width: 623px) 100vw, 623px\" \/><\/p>\n<p><span style=\"font-weight: 400\">Ch\u00f4m ch\u00f4m nh\u00e2n D\u1ee9a ng\u00e2m \u0111\u01b0\u1ee3c l\u1ef1a ch\u1ecdn t\u1eeb nh\u1eefng tr\u00e1i t\u01b0\u01a1i ngon tr\u1ea3i qua qu\u00e1 tr\u00ecnh x\u1eed l\u00fd v\u00e0 cho v\u00e0o ng\u00e2m c\u00f9ng n\u01b0\u1edbc \u0111\u01b0\u1eddng t\u1ea1o n\u00ean v\u1ecb chua ng\u1ecdt c\u00f9ng m\u00f9i th\u01a1m r\u1ea5t \u0111\u1eb7c tr\u01b0ng.<\/span><\/p>\n<p><span style=\"font-weight: 400\">B\u1ea1n c\u00f3 th\u1ec3 d\u00f9ng \u0111\u1ec3 pha c\u00e1c lo\u1ea1i cocktail, ch\u00e8 kh\u00fac b\u1ea1ch, tr\u00e0 v\u1ea3i hot nh\u01b0 hi\u1ec7n nay ho\u1eb7c ch\u1ebf bi\u1ebfn m\u00f3n \u0103n theo s\u00e1ng t\u1ea1o ri\u00eang c\u1ee7a b\u1ea3n th\u00e2n.<\/span><\/p>\n<p><img decoding=\"async\" class=\"wp-image-19646 aligncenter\" src=\"https:\/\/havamall.vn\/wp-content\/uploads\/2021\/04\/thumbnail_106_48-300x300.jpg\" alt=\"\" width=\"608\" height=\"608\" srcset=\"https:\/\/havamall.vn\/wp-content\/uploads\/2021\/04\/thumbnail_106_48-300x300.jpg 300w, https:\/\/havamall.vn\/wp-content\/uploads\/2021\/04\/thumbnail_106_48-430x430.jpg 430w, https:\/\/havamall.vn\/wp-content\/uploads\/2021\/04\/thumbnail_106_48-150x150.jpg 150w, https:\/\/havamall.vn\/wp-content\/uploads\/2021\/04\/thumbnail_106_48-700x700.jpg 700w, https:\/\/havamall.vn\/wp-content\/uploads\/2021\/04\/thumbnail_106_48-768x768.jpg 768w, https:\/\/havamall.vn\/wp-content\/uploads\/2021\/04\/thumbnail_106_48-1024x1024.jpg 1024w, https:\/\/havamall.vn\/wp-content\/uploads\/2021\/04\/thumbnail_106_48-600x600.jpg 600w, https:\/\/havamall.vn\/wp-content\/uploads\/2021\/04\/thumbnail_106_48-100x100.jpg 100w, https:\/\/havamall.vn\/wp-content\/uploads\/2021\/04\/thumbnail_106_48.jpg 1080w\" sizes=\"(max-width: 608px) 100vw, 608px\" \/><\/p>\n<h4><strong>L\u1ee3i \u00edch c\u1ee7a ch\u00f4m ch\u00f4m:<\/strong><\/h4>\n<p><span style=\"font-weight: 400\">&gt;Ch\u00f4m ch\u00f4m c\u00f3 c\u00f4ng d\u1ee5ng ch\u1ee9a nhi\u1ec1u ch\u1ea5t x\u01a1, d\u01b0\u1ee1ng ch\u1ea5t t\u1ed1t cho s\u1ee9c kh\u1ecfe, ch\u1ed1ng m\u1ea5t ng\u1ee7, c\u0103ng th\u1eb3ng, m\u1ec7t m\u1ecfi\u2026<\/span><\/p>\n<p><span style=\"font-weight: 400\">&gt;Ch\u00f4m ch\u00f4m c\u00f2n ch\u1ee9a nhi\u1ec1u kali. Ngo\u00e0i ra cung c\u1ea5p vitamin C ch\u1ea5t dinh d\u01b0\u1ee1ng ch\u1ed1ng l\u1ea1i s\u1ef1 oxy h\u00f3a gi\u1eefa c\u00e1c m\u00f4 li\u00ean k\u1ebft kh\u00e1c.<\/span><\/p>\n<p><span style=\"font-weight: 400\">&gt;Ch\u00f4m ch\u00f4m c\u00f3 ch\u1ee9a nhi\u1ec1u ch\u1ea5t kho\u00e1ng, \u0111\u1eb7c bi\u1ec7t l\u00e0 \u0111\u1ed3ng v\u00e0 s\u1eaft n\u00ean mang l\u1ea1i nhi\u1ec1u c\u00f4ng d\u1ee5ng t\u1ed1t cho s\u1ee9c kh\u1ecfe. N\u00f3 gi\u00fap k\u00edch th\u00edch s\u1ea3n sinh c\u00e1c t\u1ebf b\u00e0o h\u1ed3ng c\u1ea7u v\u00e0 b\u1ea1ch c\u1ea7u r\u1ea5t t\u1ed1t cho m\u00e1u, t\u1eeb \u0111\u00f3 ki\u1ec3m so\u00e1t \u0111\u01b0\u1ee3c t\u00ecnh tr\u1ea1ng ch\u00f3ng m\u1eb7t, h\u1ea1 huy\u1ebft \u00e1p,\u2026<\/span><\/p>\n<p><img loading=\"lazy\" decoding=\"async\" class=\"wp-image-19657 aligncenter\" src=\"https:\/\/havamall.vn\/wp-content\/uploads\/2021\/04\/southeast-1-300x200.jpg\" alt=\"\" width=\"611\" height=\"407\" srcset=\"https:\/\/havamall.vn\/wp-content\/uploads\/2021\/04\/southeast-1-300x200.jpg 300w, https:\/\/havamall.vn\/wp-content\/uploads\/2021\/04\/southeast-1-430x287.jpg 430w, https:\/\/havamall.vn\/wp-content\/uploads\/2021\/04\/southeast-1-150x100.jpg 150w, https:\/\/havamall.vn\/wp-content\/uploads\/2021\/04\/southeast-1-600x400.jpg 600w, https:\/\/havamall.vn\/wp-content\/uploads\/2021\/04\/southeast-1.jpg 700w\" sizes=\"(max-width: 611px) 100vw, 611px\" \/><\/p>\n<h4><strong>H\u01b0\u1edbng d\u1eabn s\u1eed d\u1ee5ng:<\/strong><\/h4>\n<p><span style=\"font-weight: 400\">&#8211; Ch\u00f4m Ch\u00f4m nh\u00e2n d\u1ee9a hi\u1ec7u Dole Lon 565g th\u00edch h\u1ee3p l\u00e0m c\u00e1c m\u00f3n tr\u00e1ng mi\u1ec7ng m\u00e1t m\u1ebb cho m\u00f9a h\u00e8<\/span><\/p>\n<p><span style=\"font-weight: 400\">&#8211; D\u00f9ng \u0111\u1ec3 \u0103n tr\u1ef1c ti\u1ebfp<\/span><\/p>\n<p><span style=\"font-weight: 400\">&#8211; \u0102n tr\u1ef1c ti\u1ebfp<\/span><\/p>\n<p><span style=\"font-weight: 400\">&#8211; D\u00f9ng \u0111\u1ec3 ch\u1ebf bi\u1ebfn tr\u00e0 ch\u00f4m ch\u00f4m nh\u00e2n d\u1ee9a<\/span><\/p>\n<p><span style=\"font-weight: 400\">&#8211; Yourt, panna cotta, bingsu, trang tr\u00ed b\u00e1nh v\u00e0 c\u00e1c m\u00f3n tr\u00e1ng mi\u1ec7ng.<\/span><\/p>\n<p><img loading=\"lazy\" decoding=\"async\" class=\"wp-image-19649 aligncenter\" src=\"https:\/\/havamall.vn\/wp-content\/uploads\/2021\/04\/ch\u00f4m-ch\u00f4m-1-300x189.png\" alt=\"\" width=\"631\" height=\"397\" srcset=\"https:\/\/havamall.vn\/wp-content\/uploads\/2021\/04\/ch\u00f4m-ch\u00f4m-1-300x189.png 300w, https:\/\/havamall.vn\/wp-content\/uploads\/2021\/04\/ch\u00f4m-ch\u00f4m-1-430x271.png 430w, https:\/\/havamall.vn\/wp-content\/uploads\/2021\/04\/ch\u00f4m-ch\u00f4m-1-150x94.png 150w, https:\/\/havamall.vn\/wp-content\/uploads\/2021\/04\/ch\u00f4m-ch\u00f4m-1-700x441.png 700w, https:\/\/havamall.vn\/wp-content\/uploads\/2021\/04\/ch\u00f4m-ch\u00f4m-1-768x484.png 768w, https:\/\/havamall.vn\/wp-content\/uploads\/2021\/04\/ch\u00f4m-ch\u00f4m-1-600x378.png 600w, https:\/\/havamall.vn\/wp-content\/uploads\/2021\/04\/ch\u00f4m-ch\u00f4m-1.png 802w\" sizes=\"(max-width: 631px) 100vw, 631px\" \/><\/p>\n<h4><strong>H\u01b0\u1edbng d\u1eabn b\u1ea3o qu\u1ea3n:<\/strong><\/h4>\n<p><span style=\"font-weight: 400\">&#8211; B\u1ea3o qu\u1ea3n n\u01a1i kh\u00f4 r\u00e1o tho\u00e1ng m\u00e1t.\u00a0<\/span><\/p>\n<p><span style=\"font-weight: 400\">&#8211; Sau khi m\u1edf n\u1eafp, s\u1ea3n ph\u1ea9m s\u1eed d\u1ee5ng kh\u00f4ng h\u1ebft b\u1ea1n n\u00ean b\u1ea3o qu\u1ea3n trong t\u1ee7 l\u1ea1nh v\u00e0 d\u00f9ng trong v\u00f2ng h\u1ebft 3 ng\u00e0y \u0111\u1ec3 gi\u1eef \u0111\u01b0\u1ee3c \u0111\u1ed9 ngon ban \u0111\u1ea7u.<\/span><\/p>\n<p><span style=\"font-weight: 400\">S\u1ea3n ph\u1ea9m hi\u1ec7n \u0111\u00e3 c\u00f3 m\u1eb7t t\u1ea1i Havamall.<\/span><\/p>","protected":false},"excerpt":{"rendered":"<p>Dole \u0111\u01b0\u1ee3c th\u00e0nh l\u1eadp t\u1eeb n\u0103m 1851 t\u1ea1i Hawaii (M\u1ef9). \u0110\u1ebfn nay Dole \u0111\u01b0\u1ee3c bi\u1ebft \u0111\u1ebfn nh\u01b0 m\u1ed9t chuy\u00ean gia<\/p>","protected":false},"featured_media":19651,"comment_status":"open","ping_status":"closed","template":"","meta":[],"product_brand":[],"product_cat":[36,143],"product_tag":[],"class_list":{"0":"post-19624","1":"product","2":"type-product","3":"status-publish","4":"has-post-thumbnail","6":"product_cat-thuc-pham-tieu-dung","7":"product_cat-thuc-pham-dong-hop","8":"pa_brand-dole","10":"first","11":"outofstock","12":"sale","13":"shipping-taxable","14":"purchasable","15":"product-type-simple"},"_links":{"self":[{"href":"https:\/\/havamall.vn\/en\/wp-json\/wp\/v2\/product\/19624"}],"collection":[{"href":"https:\/\/havamall.vn\/en\/wp-json\/wp\/v2\/product"}],"about":[{"href":"https:\/\/havamall.vn\/en\/wp-json\/wp\/v2\/types\/product"}],"replies":[{"embeddable":true,"href":"https:\/\/havamall.vn\/en\/wp-json\/wp\/v2\/comments?post=19624"}],"version-history":[{"count":0,"href":"https:\/\/havamall.vn\/en\/wp-json\/wp\/v2\/product\/19624\/revisions"}],"wp:featuredmedia":[{"embeddable":true,"href":"https:\/\/havamall.vn\/en\/wp-json\/wp\/v2\/media\/19651"}],"wp:attachment":[{"href":"https:\/\/havamall.vn\/en\/wp-json\/wp\/v2\/media?parent=19624"}],"wp:term":[{"taxonomy":"product_brand","embeddable":true,"href":"https:\/\/havamall.vn\/en\/wp-json\/wp\/v2\/product_brand?post=19624"},{"taxonomy":"product_cat","embeddable":true,"href":"https:\/\/havamall.vn\/en\/wp-json\/wp\/v2\/product_cat?post=19624"},{"taxonomy":"product_tag","embeddable":true,"href":"https:\/\/havamall.vn\/en\/wp-json\/wp\/v2\/product_tag?post=19624"}],"curies":[{"name":"wp","href":"https:\/\/api.w.org\/{rel}","templated":true}]}}