{"id":19622,"date":"2021-04-29T17:03:51","date_gmt":"2021-04-29T10:03:51","guid":{"rendered":"https:\/\/havamall.vn\/?post_type=product&#038;p=19622"},"modified":"2021-08-24T16:45:52","modified_gmt":"2021-08-24T09:45:52","slug":"thach-trai-cay-tu-nuoc-ep-phuc-bon-tu-dole-juice-jelly-bluberry-93g","status":"publish","type":"product","link":"https:\/\/havamall.vn\/en\/shop\/thach-trai-cay-tu-nuoc-ep-phuc-bon-tu-dole-juice-jelly-bluberry-93g\/","title":{"rendered":"Th\u1ea1ch Tr\u00e1i C\u00e2y T\u1eeb N\u01b0\u1edbc \u00c9p Ph\u00fac B\u1ed3n T\u1eed \u2013 Dole Juice Jelly Raspberries 93g (9\/2021)"},"content":{"rendered":"<p>Dole \u0111\u01b0\u1ee3c th\u00e0nh l\u1eadp t\u1eeb n\u0103m 1851 t\u1ea1i Hawaii (M\u1ef9). \u0110\u1ebfn nay Dole \u0111\u01b0\u1ee3c bi\u1ebft \u0111\u1ebfn nh\u01b0 m\u1ed9t chuy\u00ean gia trong l\u0129nh v\u1ef1c tr\u00e1i c\u00e2y v\u00e0 rau c\u1ee7 t\u01b0\u01a1i v\u1edbi h\u01a1n 200 ch\u1ee7ng lo\u1ea1i s\u1ea3n ph\u1ea9m \u0111\u1ea1t ch\u1ea5t l\u01b0\u1ee3ng cao.<\/p>\n<p>Dole s\u1edf h\u1eefu m\u1ed9t quy tr\u00ecnh s\u1ea3n xu\u1ea5t kh\u00e9p k\u00edn t\u1eeb tr\u1ed3ng tr\u1ecdt, ch\u1ebf bi\u1ebfn, v\u1eadn chuy\u1ec3n, ph\u00e2n ph\u1ed1i v\u00e0 marketing s\u1ea3n ph\u1ea9m. B\u1ea5t c\u1ee9 lo\u1ea1i tr\u00e1i c\u00e2y t\u01b0\u01a1i n\u00e0o ra th\u1ecb tr\u01b0\u1eddng c\u0169ng ph\u1ea3i \u0111\u1ea3m b\u1ea3o kh\u1eaft khe c\u00e1c y\u00eau c\u1ea7u v\u1ec1 k\u00edch c\u1ee1, m\u00e0u s\u1eafc, ch\u1ea5t l\u01b0\u1ee3ng\u2026 nghi\u00eam ng\u1eb7t c\u1ee7a Dole.<\/p>\n<p><img fetchpriority=\"high\" decoding=\"async\" class=\"wp-image-19614 aligncenter\" src=\"https:\/\/havamall.vn\/wp-content\/uploads\/2021\/04\/49734939_10155746589686761_5345313325037125632_n-300x300.jpg\" alt=\"\" width=\"635\" height=\"635\" srcset=\"https:\/\/havamall.vn\/wp-content\/uploads\/2021\/04\/49734939_10155746589686761_5345313325037125632_n-300x300.jpg 300w, https:\/\/havamall.vn\/wp-content\/uploads\/2021\/04\/49734939_10155746589686761_5345313325037125632_n-430x430.jpg 430w, https:\/\/havamall.vn\/wp-content\/uploads\/2021\/04\/49734939_10155746589686761_5345313325037125632_n-150x150.jpg 150w, https:\/\/havamall.vn\/wp-content\/uploads\/2021\/04\/49734939_10155746589686761_5345313325037125632_n-700x700.jpg 700w, https:\/\/havamall.vn\/wp-content\/uploads\/2021\/04\/49734939_10155746589686761_5345313325037125632_n-768x768.jpg 768w, https:\/\/havamall.vn\/wp-content\/uploads\/2021\/04\/49734939_10155746589686761_5345313325037125632_n-1024x1024.jpg 1024w, https:\/\/havamall.vn\/wp-content\/uploads\/2021\/04\/49734939_10155746589686761_5345313325037125632_n.jpg 1200w, https:\/\/havamall.vn\/wp-content\/uploads\/2021\/04\/49734939_10155746589686761_5345313325037125632_n-600x600.jpg 600w, https:\/\/havamall.vn\/wp-content\/uploads\/2021\/04\/49734939_10155746589686761_5345313325037125632_n-100x100.jpg 100w\" sizes=\"(max-width: 635px) 100vw, 635px\" \/><\/p>\n<p>Th\u1ea1ch tr\u00e1i c\u00e2y Dole \u0111\u01b0\u1ee3c l\u00e0m t\u1eeb 100% n\u01b0\u1edbc \u00e9p tr\u00e1i c\u00e2y t\u1ef1 nhi\u00ean kh\u00f4ng th\u00eam \u0111\u01b0\u1eddng, kh\u00f4ng h\u01b0\u01a1ng li\u1ec7u v\u00e0 m\u00e0u nh\u00e2n t\u1ea1o, kh\u00f4ng ch\u1ea5t b\u1ea3o qu\u1ea3n, cho m\u1eb9 y\u00ean t\u00e2m v\u1ec1 ch\u1ea5t l\u01b0\u1ee3ng &amp; an to\u00e0n cho s\u1ee9c kh\u1ecfe c\u1ee7a b\u00e9.<\/p>\n<p><img decoding=\"async\" class=\"wp-image-20604 aligncenter\" src=\"https:\/\/havamall.vn\/wp-content\/uploads\/2021\/04\/fccd-300x300.png\" alt=\"\" width=\"647\" height=\"647\" srcset=\"https:\/\/havamall.vn\/wp-content\/uploads\/2021\/04\/fccd-300x300.png 300w, https:\/\/havamall.vn\/wp-content\/uploads\/2021\/04\/fccd-430x430.png 430w, https:\/\/havamall.vn\/wp-content\/uploads\/2021\/04\/fccd-150x150.png 150w, https:\/\/havamall.vn\/wp-content\/uploads\/2021\/04\/fccd-700x700.png 700w, https:\/\/havamall.vn\/wp-content\/uploads\/2021\/04\/fccd-768x768.png 768w, https:\/\/havamall.vn\/wp-content\/uploads\/2021\/04\/fccd-1024x1024.png 1024w, https:\/\/havamall.vn\/wp-content\/uploads\/2021\/04\/fccd-600x600.png 600w, https:\/\/havamall.vn\/wp-content\/uploads\/2021\/04\/fccd-100x100.png 100w, https:\/\/havamall.vn\/wp-content\/uploads\/2021\/04\/fccd.png 1080w\" sizes=\"(max-width: 647px) 100vw, 647px\" \/><\/p>\n<p>Th\u1ea1ch tr\u00e1i c\u00e2y Dole\u00a0 v\u1edbi h\u01b0\u01a1ng v\u1ecb tr\u00e1i c\u00e2y th\u01a1m ngon, h\u1ea5p d\u1eabn, b\u1ea1n s\u1ebd b\u1ecb m\u00ea ho\u1eb7c ngay t\u1eeb l\u1ea7n \u0111\u1ea7u th\u01b0\u1edfng th\u1ee9c. S\u1ea3n ph\u1ea9m l\u00e0 m\u00f3n \u0103n m\u00e0 c\u1ea3 ng\u01b0\u1eddi l\u1edbn l\u1eabn tr\u1ebb con \u0111i\u1ec1u th\u00edch.<\/p>\n<p><img decoding=\"async\" class=\"wp-image-19638 aligncenter\" src=\"https:\/\/havamall.vn\/wp-content\/uploads\/2021\/04\/67644810_2288080457934588_7705779848580431872_n-300x150.jpg\" alt=\"\" width=\"656\" height=\"328\" srcset=\"https:\/\/havamall.vn\/wp-content\/uploads\/2021\/04\/67644810_2288080457934588_7705779848580431872_n-300x150.jpg 300w, https:\/\/havamall.vn\/wp-content\/uploads\/2021\/04\/67644810_2288080457934588_7705779848580431872_n-430x215.jpg 430w, https:\/\/havamall.vn\/wp-content\/uploads\/2021\/04\/67644810_2288080457934588_7705779848580431872_n-150x75.jpg 150w, https:\/\/havamall.vn\/wp-content\/uploads\/2021\/04\/67644810_2288080457934588_7705779848580431872_n-700x350.jpg 700w, https:\/\/havamall.vn\/wp-content\/uploads\/2021\/04\/67644810_2288080457934588_7705779848580431872_n-768x384.jpg 768w, https:\/\/havamall.vn\/wp-content\/uploads\/2021\/04\/67644810_2288080457934588_7705779848580431872_n.jpg 1024w, https:\/\/havamall.vn\/wp-content\/uploads\/2021\/04\/67644810_2288080457934588_7705779848580431872_n-600x300.jpg 600w\" sizes=\"(max-width: 656px) 100vw, 656px\" \/><\/p>\n<p>\u0110\u00e2y l\u00e0 lo\u1ea1i th\u1ef1c ph\u1ea9m r\u1ea5t t\u1ed1t cho c\u01a1 th\u1ec3, cung c\u1ea5p nhi\u1ec1u kho\u00e1ng ch\u1ea5t v\u00e0 c\u00e1c lo\u1ea1i vitamin c\u1ea7n thi\u1ebft gi\u00fap c\u01a1 th\u1ec3 kh\u1ecfe m\u1ea1nh, cho l\u00e0n da h\u1ed3ng h\u00e0o, t\u01b0\u01a1i tr\u1ebb. Khi th\u01b0\u1edfng th\u1ee9c, b\u1ea1n s\u1ebd \u0111\u01b0\u1ee3c kh\u00e1m ph\u00e1 v\u1ecb gi\u00e1c v\u1edbi t\u1eebng mi\u1ebfng th\u1ea1ch d\u1ebbo th\u01a1m, ng\u1ecdt m\u1ec1m, c\u00f9ng nhi\u1ec1u l\u1ef1a ch\u1ecdn h\u01b0\u01a1ng v\u1ecb cho ng\u01b0\u1eddi th\u01b0\u1edfng th\u1ee9c nh\u01b0 cam, d\u1ee9a, ph\u00fac b\u1ed3n t\u1eed. V\u1edbi th\u1ea1ch tr\u00e1i c\u00e2y Dole b\u1ea1n s\u1ebd xua tan c\u01a1n kh\u00e1t, s\u1ef1 m\u1ec7t m\u1ecfi m\u1ed9t c\u00e1ch nhanh ch\u00f3ng.<\/p>\n<p><img loading=\"lazy\" decoding=\"async\" class=\"wp-image-19637 aligncenter\" src=\"https:\/\/havamall.vn\/wp-content\/uploads\/2021\/04\/35829000_1699111750164798_6969048508976332800_n-1-240x300.jpg\" alt=\"\" width=\"653\" height=\"817\" srcset=\"https:\/\/havamall.vn\/wp-content\/uploads\/2021\/04\/35829000_1699111750164798_6969048508976332800_n-1-240x300.jpg 240w, https:\/\/havamall.vn\/wp-content\/uploads\/2021\/04\/35829000_1699111750164798_6969048508976332800_n-1-430x538.jpg 430w, https:\/\/havamall.vn\/wp-content\/uploads\/2021\/04\/35829000_1699111750164798_6969048508976332800_n-1-150x188.jpg 150w, https:\/\/havamall.vn\/wp-content\/uploads\/2021\/04\/35829000_1699111750164798_6969048508976332800_n-1-700x875.jpg 700w, https:\/\/havamall.vn\/wp-content\/uploads\/2021\/04\/35829000_1699111750164798_6969048508976332800_n-1-768x960.jpg 768w, https:\/\/havamall.vn\/wp-content\/uploads\/2021\/04\/35829000_1699111750164798_6969048508976332800_n-1-819x1024.jpg 819w, https:\/\/havamall.vn\/wp-content\/uploads\/2021\/04\/35829000_1699111750164798_6969048508976332800_n-1-1200x1500.jpg 1200w, https:\/\/havamall.vn\/wp-content\/uploads\/2021\/04\/35829000_1699111750164798_6969048508976332800_n-1-600x750.jpg 600w, https:\/\/havamall.vn\/wp-content\/uploads\/2021\/04\/35829000_1699111750164798_6969048508976332800_n-1.jpg 1638w\" sizes=\"(max-width: 653px) 100vw, 653px\" \/><\/p>\n<p>V\u1edbi h\u00e0m l\u01b0\u1ee3ng dinh d\u01b0\u1ee1ng cao t\u1eeb n\u01b0\u1edbc \u00e9p tr\u00e1i c\u00e2y nguy\u00ean ch\u1ea5t kh\u00f4ng th\u00eam \u0111\u01b0\u1eddng, gi\u00e0u Vitamin v\u00e0 kho\u00e1ng ch\u1ea5t, \u0111\u1eb7c bi\u1ec7t kh\u00f4ng h\u01b0\u01a1ng li\u1ec7u v\u00e0 m\u00e0u nh\u00e2n t\u1ea1o, kh\u00f4ng ch\u1ea5t b\u1ea3o qu\u1ea3n, th\u1ea1ch tr\u00e1i c\u00e2y Dole lu\u00f4n \u0111\u01b0\u1ee3c c\u00e1c b\u1eadc ph\u1ee5 huynh an t\u00e2m, tin t\u01b0\u1edfng l\u1ef1a ch\u1ecdn cho c\u00e1c b\u00e9. Ngo\u00e0i ra, th\u1ea1ch tr\u00e1i c\u00e2y Dole c\u00f2n \u201cghi \u0111i\u1ec3m\u201d v\u1edbi 3 l\u1ef1a ch\u1ecdn \u0111a d\u1ea1ng cho t\u1eebng kh\u1ea9u v\u1ecb c\u1ee7a b\u00e9:<\/p>\n<p>\u2013 Th\u1ea1ch Cam th\u00eam Vitamin C, gi\u00fap t\u0103ng s\u1ee9c \u0111\u1ec1 kh\u00e1ng<\/p>\n<p>\u2013 Th\u1ea1ch D\u1ee9a nhi\u1ec1u Canxi cho b\u00e9 mau mau cao l\u1edbn<\/p>\n<p>\u2013 Th\u1ea1ch Ph\u00fac B\u1ed3n T\u1eed c\u1ef1c gi\u00e0u Vitamin A cho \u0111\u00f4i m\u1eaft s\u00e1ng ng\u1eddi<\/p>\n<p>S\u1ea3n ph\u1ea9m hi\u1ec7n \u0111\u00e3 c\u00f3 m\u1eb7t t\u1ea1i Havamall<\/p>","protected":false},"excerpt":{"rendered":"<p>Dole \u0111\u01b0\u1ee3c th\u00e0nh l\u1eadp t\u1eeb n\u0103m 1851 t\u1ea1i Hawaii (M\u1ef9). \u0110\u1ebfn nay Dole \u0111\u01b0\u1ee3c bi\u1ebft \u0111\u1ebfn nh\u01b0 m\u1ed9t chuy\u00ean gia<\/p>","protected":false},"featured_media":20607,"comment_status":"open","ping_status":"closed","template":"","meta":[],"product_brand":[],"product_cat":[36,143],"product_tag":[],"class_list":{"0":"post-19622","1":"product","2":"type-product","3":"status-publish","4":"has-post-thumbnail","6":"product_cat-thuc-pham-tieu-dung","7":"product_cat-thuc-pham-dong-hop","9":"first","10":"outofstock","11":"sale","12":"shipping-taxable","13":"purchasable","14":"product-type-simple"},"_links":{"self":[{"href":"https:\/\/havamall.vn\/en\/wp-json\/wp\/v2\/product\/19622"}],"collection":[{"href":"https:\/\/havamall.vn\/en\/wp-json\/wp\/v2\/product"}],"about":[{"href":"https:\/\/havamall.vn\/en\/wp-json\/wp\/v2\/types\/product"}],"replies":[{"embeddable":true,"href":"https:\/\/havamall.vn\/en\/wp-json\/wp\/v2\/comments?post=19622"}],"version-history":[{"count":0,"href":"https:\/\/havamall.vn\/en\/wp-json\/wp\/v2\/product\/19622\/revisions"}],"wp:featuredmedia":[{"embeddable":true,"href":"https:\/\/havamall.vn\/en\/wp-json\/wp\/v2\/media\/20607"}],"wp:attachment":[{"href":"https:\/\/havamall.vn\/en\/wp-json\/wp\/v2\/media?parent=19622"}],"wp:term":[{"taxonomy":"product_brand","embeddable":true,"href":"https:\/\/havamall.vn\/en\/wp-json\/wp\/v2\/product_brand?post=19622"},{"taxonomy":"product_cat","embeddable":true,"href":"https:\/\/havamall.vn\/en\/wp-json\/wp\/v2\/product_cat?post=19622"},{"taxonomy":"product_tag","embeddable":true,"href":"https:\/\/havamall.vn\/en\/wp-json\/wp\/v2\/product_tag?post=19622"}],"curies":[{"name":"wp","href":"https:\/\/api.w.org\/{rel}","templated":true}]}}