{"id":19599,"date":"2021-04-29T13:36:10","date_gmt":"2021-04-29T06:36:10","guid":{"rendered":"https:\/\/havamall.vn\/?post_type=product&#038;p=19599"},"modified":"2022-04-08T13:36:39","modified_gmt":"2022-04-08T06:36:39","slug":"hat-teff-huu-co-can-vun-sottolestelle-400g","status":"publish","type":"product","link":"https:\/\/havamall.vn\/en\/shop\/hat-teff-huu-co-can-vun-sottolestelle-400g\/","title":{"rendered":"H\u1ea1t Teff H\u1eefu C\u01a1 C\u00e1n V\u1ee5n Sottolestelle 400g"},"content":{"rendered":"<table>\n<tbody>\n<tr>\n<td>Th\u01b0\u01a1ng hi\u1ec7u<\/td>\n<td>Sottolestelle<\/td>\n<\/tr>\n<tr>\n<td>Xu\u1ea5t x\u1ee9<\/td>\n<td>\u00dd<\/td>\n<\/tr>\n<tr>\n<td>Th\u00e0nh ph\u1ea7n<\/td>\n<td>100% h\u1ea1t teff h\u1eefu c\u01a1 c\u00e1n v\u1ee5n<\/td>\n<\/tr>\n<tr>\n<td>H\u1ea1n s\u1eed d\u1ee5ng<\/td>\n<td>18 th\u00e1ng k\u1ec3 t\u1eeb ng\u00e0y s\u1ea3n xu\u1ea5t.<\/td>\n<\/tr>\n<tr>\n<td>B\u1ea3o qu\u1ea3n<\/td>\n<td>\u0110\u1ec3 n\u01a1i kh\u00f4 r\u00e1o, tho\u00e1ng m\u00e1t, tr\u00e1nh \u00e1nh n\u1eafng tr\u1ef1c ti\u1ebfp<\/td>\n<\/tr>\n<tr>\n<td>Kh\u1ed1i l\u01b0\u1ee3ng<\/td>\n<td>400g<\/td>\n<\/tr>\n<\/tbody>\n<\/table>\n<p><span style=\"font-weight: 400\">H\u1ea1t teff, c\u00f2n \u0111\u01b0\u1ee3c bi\u1ebft \u0111\u1ebfn v\u1edbi t\u00ean khoa h\u1ecdc, Eragrostis tef, l\u00e0 m\u1ed9t lo\u1ea1i h\u1ea1t nh\u1ecf, kh\u00f4ng ch\u1ee9a gluten c\u00f3 h\u01b0\u01a1ng v\u1ecb h\u1ea1t d\u1ebb nh\u1eb9.v\u1edbi m\u1ed9t danh s\u00e1ch d\u00e0i c\u00e1c l\u1ee3i \u00edch s\u1ee9c kh\u1ecfe. Ch\u00fang \u0111\u01b0\u1ee3c thu ho\u1ea1ch t\u1eeb c\u1ecf ng\u00f4 c\u00f4ng th\u1ea3o, c\u00f3 ngu\u1ed3n g\u1ed1c t\u1eeb Ethiopia.<\/span><\/p>\n<p><img fetchpriority=\"high\" decoding=\"async\" class=\"aligncenter\" src=\"https:\/\/havamall.vn\/wp-content\/uploads\/2021\/04\/20210307_112830_177034_bot-hat-teff.max-1800x1800.jpg\" alt=\"B\u1ed9t Teff: C\u00f4ng d\u1ee5ng, ch\u1ea5t dinh d\u01b0\u1ee1ng v\u00e0 l\u1ee3i \u00edch | Vinmec\" width=\"686\" height=\"456\" \/><\/p>\n<p><span style=\"font-weight: 400\">Teff l\u00e0 m\u1ed9t th\u1ef1c ph\u1ea9m gi\u00e0u ch\u1ea5t x\u01a1 v\u00e0 l\u00e0 ngu\u1ed3n protein, mangan , s\u1eaft v\u00e0 canxi m\u1ea1nh m\u1ebd . M\u1ea3ng vitamin v\u00e0 kho\u00e1ng ch\u1ea5t c\u00f3 trong teff \u0111\u00f3ng g\u00f3p v\u00e0o vai tr\u00f2 l\u00e0 m\u1ed9t th\u1ef1c ph\u1ea9m l\u00e0nh m\u1ea1nh, ki\u1ec3m so\u00e1t c\u00e2n n\u1eb7ng v\u00e0 t\u0103ng c\u01b0\u1eddng x\u01b0\u01a1ng.<\/span><\/p>\n<p><img decoding=\"async\" class=\"wp-image-19917 aligncenter\" src=\"https:\/\/havamall.vn\/wp-content\/uploads\/2021\/04\/101797312_859011717940561_8476169247698080680_n-220x300.jpg\" alt=\"\" width=\"687\" height=\"937\" srcset=\"https:\/\/havamall.vn\/wp-content\/uploads\/2021\/04\/101797312_859011717940561_8476169247698080680_n-220x300.jpg 220w, https:\/\/havamall.vn\/wp-content\/uploads\/2021\/04\/101797312_859011717940561_8476169247698080680_n-430x587.jpg 430w, https:\/\/havamall.vn\/wp-content\/uploads\/2021\/04\/101797312_859011717940561_8476169247698080680_n-150x205.jpg 150w, https:\/\/havamall.vn\/wp-content\/uploads\/2021\/04\/101797312_859011717940561_8476169247698080680_n-700x956.jpg 700w, https:\/\/havamall.vn\/wp-content\/uploads\/2021\/04\/101797312_859011717940561_8476169247698080680_n-768x1049.jpg 768w, https:\/\/havamall.vn\/wp-content\/uploads\/2021\/04\/101797312_859011717940561_8476169247698080680_n-750x1024.jpg 750w, https:\/\/havamall.vn\/wp-content\/uploads\/2021\/04\/101797312_859011717940561_8476169247698080680_n-1200x1638.jpg 1200w, https:\/\/havamall.vn\/wp-content\/uploads\/2021\/04\/101797312_859011717940561_8476169247698080680_n-600x819.jpg 600w, https:\/\/havamall.vn\/wp-content\/uploads\/2021\/04\/101797312_859011717940561_8476169247698080680_n.jpg 1500w\" sizes=\"(max-width: 687px) 100vw, 687px\" \/><\/p>\n<p><span style=\"font-weight: 400\">H\u1ea1t teff cung c\u1ea5p 8 lo\u1ea1i axit amin thi\u1ebft y\u1ebfu c\u1ea7n thi\u1ebft cho s\u1ef1 t\u0103ng tr\u01b0\u1edfng v\u00e0 ph\u1ee5c h\u1ed3i c\u01a1 th\u1ec3, cung c\u1ea5p \u0111\u1ee7 d\u01b0\u1ee1ng ch\u1ea5t v\u00e0 n\u0103ng l\u01b0\u1ee3ng cho c\u01a1 th\u1ec3 ho\u1ea1t \u0111\u1ed9ng.<\/span><\/p>\n<p><img decoding=\"async\" class=\"wp-image-19761 aligncenter\" src=\"https:\/\/havamall.vn\/wp-content\/uploads\/2021\/04\/fcss-226x300.jpg\" alt=\"\" width=\"685\" height=\"910\" srcset=\"https:\/\/havamall.vn\/wp-content\/uploads\/2021\/04\/fcss-226x300.jpg 226w, https:\/\/havamall.vn\/wp-content\/uploads\/2021\/04\/fcss-430x571.jpg 430w, https:\/\/havamall.vn\/wp-content\/uploads\/2021\/04\/fcss-150x199.jpg 150w, https:\/\/havamall.vn\/wp-content\/uploads\/2021\/04\/fcss-600x797.jpg 600w, https:\/\/havamall.vn\/wp-content\/uploads\/2021\/04\/fcss.jpg 683w\" sizes=\"(max-width: 685px) 100vw, 685px\" \/><\/p>\n<p><span style=\"font-weight: 400\">Th\u1ef1c ph\u1ea9m thay th\u1ebf tuy\u1ec7t v\u1eddi cho nh\u1eefng ng\u01b0\u1eddi m\u1eafc b\u1ec7nh \u0111\u01b0\u1eddng ru\u1ed9t do kh\u00f4ng ch\u1ee9a gluten. B\u1ed5 sung nhi\u1ec1u kho\u00e1ng ch\u1ea5t cho c\u01a1 th\u1ec3 nh\u01b0: mangan, ph\u1ed1t pho, \u0111\u1ed3ng, nh\u00f4m, bari, thiamin&#8230;.<\/span><\/p>\n<p><img loading=\"lazy\" decoding=\"async\" class=\"aligncenter\" src=\"https:\/\/havamall.vn\/wp-content\/uploads\/2021\/04\/Teff-Porridge-Web.jpg\" alt=\"Creamy Teff Porridge - Kimdeon.com\" width=\"689\" height=\"459\" \/><\/p>\n<h4><strong>C\u00f4ng d\u1ee5ng c\u1ee7a h\u1ea1t teff:<\/strong><\/h4>\n<p><span style=\"font-weight: 400\">&#8211; T\u0103ng c\u01b0\u1eddng canxi cho c\u01a1 th\u1ec3 gi\u00fap x\u01b0\u01a1ng ch\u1eafc kh\u1ecfe, gi\u1ea3m \u0111au nh\u1ee9c x\u01b0\u01a1ng kh\u1edbp, r\u0103ng ch\u1eafc, m\u00f3ng kh\u1ecfe\u2026<\/span><\/p>\n<p><span style=\"font-weight: 400\">&#8211; H\u1ed7 tr\u1ee3 ti\u00eau h\u00f3a , t\u0103ng c\u01b0\u1eddng s\u1ee9c kh\u1ecfe tim m\u1ea1ch.<\/span><\/p>\n<p><span style=\"font-weight: 400\">&#8211; T\u0103ng c\u01b0\u1eddng h\u1ec7 mi\u1ec5n d\u1ecbch nh\u1edd h\u00e0m l\u01b0\u1ee3ng vitamin C d\u1ed3i d\u00e0o<\/span><\/p>\n<p><span style=\"font-weight: 400\">&#8211; T\u0103ng c\u01b0\u1eddng l\u01b0u th\u00f4ng v\u00e0 t\u0103ng oxy \u0111\u1ebfn c\u00e1c h\u1ec7 th\u1ed1ng c\u01a1 quan quan tr\u1ecdng v\u00e0 to\u00e0n b\u1ed9 c\u01a1 th\u1ec3.<\/span><\/p>\n<p><span style=\"font-weight: 400\">&#8211; Ki\u1ec3m so\u00e1t \u0111\u01b0\u1eddng huy\u1ebft t\u1ed1t h\u01a1n.\u00a0<\/span><\/p>\n<p><span style=\"font-weight: 400\">&#8211; R\u1ea5t t\u1ed1t cho vi\u1ec7c gi\u1ea3m c\u00e2n nh\u1edd h\u00e0m l\u01b0\u1ee3ng ch\u1ea5t x\u01a1 cao\u00a0<\/span><\/p>\n<p><span style=\"font-weight: 400\">&#8211; Gi\u1ea3m c\u00e1c tri\u1ec7u ch\u1ee9ng ti\u1ec1n kinh nguy\u1ec7t<\/span><\/p>\n<p><span style=\"font-weight: 400\">&#8211; H\u1ea1 huy\u1ebft \u00e1p v\u00e0 duy tr\u00ec m\u1ed9t ch\u1ebf \u0111\u1ed9 \u0103n u\u1ed1ng l\u00e0nh m\u1ea1nh cho tim, ng\u0103n ng\u1eeba m\u1ed9t s\u1ed1 b\u1ec7nh v\u1ec1 tim m\u1ea1ch nh\u01b0: x\u01a1 v\u1eefa \u0111\u1ed9ng m\u1ea1ch, nh\u1ed3i m\u00e1u c\u01a1 tim\u2026<\/span><\/p>\n<p><img loading=\"lazy\" decoding=\"async\" class=\"aligncenter\" src=\"https:\/\/havamall.vn\/wp-content\/uploads\/2021\/04\/Alternative-Baking-Teff-Flour-Banana-Cake-e1553953268342.jpg\" alt=\"Banana Teff Cake with Chocolate Ganache Dairy Free and Gluten Free Cake Recipe\" width=\"697\" height=\"784\" \/><\/p>\n<h4><strong>H\u01b0\u1edbng d\u1eabn s\u1eed d\u1ee5ng:\u00a0<\/strong><\/h4>\n<p><span style=\"font-weight: 400\">&#8211; C\u00f3 th\u1ec3 d\u00f9ng h\u1ea1t Teff \u0111\u1ec3 n\u1ea5u ch\u00e1o, n\u1ea5u c\u01a1m.\u00a0<\/span><\/p>\n<p><span style=\"font-weight: 400\">&#8211; D\u00f9ng l\u00e0m c\u00e1c lo\u1ea1i b\u00e1nh: b\u00e1nh bao, b\u00e1nh x\u00e8o, b\u00e1nh m\u00ec\u2026\u00a0<\/span><\/p>\n<p><span style=\"font-weight: 400\">&#8211; H\u1ea1t Teff n\u1ea5u ch\u00edn c\u00f3 th\u1ec3 tr\u1ed9n v\u1edbi h\u00e0nh t\u00e2y, t\u1ecfi, gia v\u1ecb kh\u00e1c v\u00e0 c\u00e1c lo\u1ea1i h\u1ea1t \u0111\u1ec3 l\u00e0m m\u1ed9t chi\u1ebfc b\u00e1nh m\u00ec k\u1eb9p th\u1ecbt h\u1ea5p d\u1eabn.\u00a0<\/span><\/p>\n<p><span style=\"font-weight: 400\">&#8211; Th\u00eam Teff \u0111\u00e3 n\u1ea5u ch\u00edn v\u00e0o b\u1ea5t c\u1ee9 m\u00f3n rau x\u00e0o n\u00e0o b\u1ea1n mu\u1ed1n \u0111\u1ec3 t\u0103ng protein cho m\u00f3n \u0103n.<\/span><\/p>\n<p><img loading=\"lazy\" decoding=\"async\" class=\"aligncenter\" src=\"https:\/\/havamall.vn\/wp-content\/uploads\/2021\/04\/1480974670458.jpeg\" alt=\"Have You Tried Teff? | Food Network Healthy Eats: Recipes, Ideas, and Food News | Food Network\" width=\"696\" height=\"522\" \/><\/p>\n<h4><strong>\u0110\u1ed1i t\u01b0\u1ee3ng s\u1eed d\u1ee5ng:<\/strong><\/h4>\n<p><span style=\"font-weight: 400\">&#8211; Ng\u01b0\u1eddi \u0103n ki\u00eang<\/span><\/p>\n<p><span style=\"font-weight: 400\">&#8211; Ng\u01b0\u1eddi \u0103n chay<\/span><\/p>\n<p><span style=\"font-weight: 400\">&#8211; Ng\u01b0\u1eddi ti\u1ec3u \u0111\u01b0\u1eddng, tim m\u1ea1ch, m\u1ee1 m\u00e1u<\/span><\/p>\n<p><span style=\"font-weight: 400\">&#8211; Ng\u01b0\u1eddi mu\u1ed1n gi\u1ea3m c\u00e2n l\u00e0nh m\u1ea1nh, l\u00e0m \u0111\u1eb9p<\/span><\/p>\n<p><span style=\"font-weight: 400\">S\u1ea3n ph\u1ea9m hi\u1ec7n \u0111\u00e3 c\u00f3 m\u1eb7t t\u1ea1i Havamall.<\/span><\/p>","protected":false},"excerpt":{"rendered":"<p>Th\u01b0\u01a1ng hi\u1ec7u Sottolestelle Xu\u1ea5t x\u1ee9 \u00dd Th\u00e0nh ph\u1ea7n 100% h\u1ea1t teff h\u1eefu c\u01a1 c\u00e1n v\u1ee5n H\u1ea1n s\u1eed d\u1ee5ng 18 th\u00e1ng<\/p>","protected":false},"featured_media":19600,"comment_status":"open","ping_status":"closed","template":"","meta":[],"product_brand":[],"product_cat":[256,36,134],"product_tag":[],"class_list":{"0":"post-19599","1":"product","2":"type-product","3":"status-publish","4":"has-post-thumbnail","6":"product_cat-thuc-pham-huu-co","7":"product_cat-thuc-pham-tieu-dung","8":"product_cat-thucpham-saykho","9":"pa_brand-sottolestell","11":"first","12":"outofstock","13":"sale","14":"shipping-taxable","15":"purchasable","16":"product-type-simple"},"_links":{"self":[{"href":"https:\/\/havamall.vn\/en\/wp-json\/wp\/v2\/product\/19599"}],"collection":[{"href":"https:\/\/havamall.vn\/en\/wp-json\/wp\/v2\/product"}],"about":[{"href":"https:\/\/havamall.vn\/en\/wp-json\/wp\/v2\/types\/product"}],"replies":[{"embeddable":true,"href":"https:\/\/havamall.vn\/en\/wp-json\/wp\/v2\/comments?post=19599"}],"version-history":[{"count":0,"href":"https:\/\/havamall.vn\/en\/wp-json\/wp\/v2\/product\/19599\/revisions"}],"wp:featuredmedia":[{"embeddable":true,"href":"https:\/\/havamall.vn\/en\/wp-json\/wp\/v2\/media\/19600"}],"wp:attachment":[{"href":"https:\/\/havamall.vn\/en\/wp-json\/wp\/v2\/media?parent=19599"}],"wp:term":[{"taxonomy":"product_brand","embeddable":true,"href":"https:\/\/havamall.vn\/en\/wp-json\/wp\/v2\/product_brand?post=19599"},{"taxonomy":"product_cat","embeddable":true,"href":"https:\/\/havamall.vn\/en\/wp-json\/wp\/v2\/product_cat?post=19599"},{"taxonomy":"product_tag","embeddable":true,"href":"https:\/\/havamall.vn\/en\/wp-json\/wp\/v2\/product_tag?post=19599"}],"curies":[{"name":"wp","href":"https:\/\/api.w.org\/{rel}","templated":true}]}}