{"id":19595,"date":"2021-04-29T11:33:05","date_gmt":"2021-04-29T04:33:05","guid":{"rendered":"https:\/\/havamall.vn\/?post_type=product&#038;p=19595"},"modified":"2022-01-09T23:34:19","modified_gmt":"2022-01-09T16:34:19","slug":"yen-mach-nguyen-cam-huu-co-can-lon-sottolestelle-550g","status":"publish","type":"product","link":"https:\/\/havamall.vn\/en\/shop\/yen-mach-nguyen-cam-huu-co-can-lon-sottolestelle-550g\/","title":{"rendered":"Y\u1ebfn M\u1ea1ch Nguy\u00ean C\u00e1m H\u1eefu C\u01a1 C\u00e1n L\u1edbn Sottolestelle 550g"},"content":{"rendered":"<table>\n<tbody>\n<tr>\n<td>Th\u01b0\u01a1ng hi\u1ec7u<\/td>\n<td>Sottolestelle<\/td>\n<\/tr>\n<tr>\n<td>Xu\u1ea5t x\u1ee9<\/td>\n<td>\u00dd<\/td>\n<\/tr>\n<tr>\n<td>Th\u00e0nh ph\u1ea7n<\/td>\n<td>100% y\u1ebfn m\u1ea1ch nguy\u00ean c\u00e1m h\u1eefu c\u01a1 c\u00e1n l\u1edbn<\/td>\n<\/tr>\n<tr>\n<td>H\u1ea1n s\u1eed d\u1ee5ng<\/td>\n<td>18 th\u00e1ng k\u1ec3 t\u1eeb ng\u00e0y s\u1ea3n xu\u1ea5t.<\/td>\n<\/tr>\n<tr>\n<td>B\u1ea3o qu\u1ea3n<\/td>\n<td>\u0110\u1ec3 n\u01a1i kh\u00f4 r\u00e1o, tho\u00e1ng m\u00e1t, tr\u00e1nh \u00e1nh n\u1eafng tr\u1ef1c ti\u1ebfp<\/td>\n<\/tr>\n<tr>\n<td>Kh\u1ed1i l\u01b0\u1ee3ng<\/td>\n<td>500g<\/td>\n<\/tr>\n<\/tbody>\n<\/table>\n<p><span style=\"font-weight: 400;\">Y\u1ebfn m\u1ea1ch nguy\u00ean c\u00e1m h\u1eefu c\u01a1 Sottolestelle \u0111\u01b0\u1ee3c s\u1ea3n xu\u1ea5t v\u1edbi c\u00f4ng ngh\u1ec7 ti\u00ean ti\u1ebfn c\u1ee7a \u00dd ( Italia )\u00a0 t\u1eeb ngu\u1ed3n nguy\u00ean li\u1ec7u s\u1ea1ch, kh\u00f4ng s\u1eed d\u1ee5ng h\u1ea1t gi\u1ed1ng bi\u1ebfn \u0111\u1ed5i GEN , kh\u00f4ng thu\u1ed1c tr\u1eeb s\u00e2u , kh\u00f4ng phan b\u00f3n h\u00f3a h\u1ecdc, v\u1edbi quy tr\u00ecnh ki\u1ec3m so\u00e1t nghi\u00eam ng\u1eb7t ch\u1eb7t ch\u1ebd \u0111em l\u1ea1i nh\u1eefng s\u1ea3n ph\u1ea9m h\u1eefu c\u01a1 an to\u00e0n v\u00e0 t\u1ed1t nh\u1ea5t cho ng\u01b0\u1eddi ti\u00eau d\u00f9ng.<\/span><\/p>\n<p><span style=\"font-weight: 400;\">L\u1edbp v\u1ecf c\u00e1m c\u1ee7a y\u1ebfn m\u1ea1ch nguy\u00ean c\u00e1m ch\u1ee9a nhi\u1ec1u vitamin B, E c\u0169ng l\u00e0 nh\u1eefng d\u01b0\u1ee1ng ch\u1ea5t c\u1ea7n thi\u1ebft cho l\u00e0n da. B\u00ean c\u1ea1nh \u0111\u00f3, y\u1ebfn m\u1ea1ch \u0111\u01b0\u1ee3c s\u1eed d\u1ee5ng nh\u01b0 m\u1ed9t trong nh\u1eefng th\u1ef1c ph\u1ea9m t\u1ed1t gi\u00fap t\u0103ng c\u01b0\u1eddng mi\u1ec5n d\u1ecbch c\u1ee7a c\u01a1 th\u1ec3.<\/span><\/p>\n<p><img fetchpriority=\"high\" decoding=\"async\" class=\"aligncenter\" src=\"https:\/\/havamall.vn\/wp-content\/uploads\/2021\/04\/8032454071826-Y\u1ebfn-m\u1ea1ch-nguy\u00ean-c\u00e1m-h\u1eefu-c\u01a1-c\u00e1n-v\u1ee5n-Sotto.jpg\" alt=\"Nh\u1eefng l\u00fd do tuy\u1ec7t v\u1eddi n\u00ean s\u1eed d\u1ee5ng Y\u1ebfn m\u1ea1ch v\u00e0o bu\u1ed5i s\u00e1ng \u2013 Organic Life\" width=\"692\" height=\"463\" \/><\/p>\n<p><span style=\"font-weight: 400;\">V\u1edbi y\u1ebfn m\u1ea1ch nguy\u00ean c\u00e1m, c\u00e1c b\u00e0 m\u1eb9 c\u00f3 th\u1ec3 ch\u1ebf bi\u1ebfn ra nhi\u1ec1u m\u00f3n ch\u00e1o cho con \u0111\u1ec3 \u0111\u1ed5i v\u1ecb nh\u01b0 ch\u00e1o y\u1ebfn m\u1ea1ch tr\u1ed9n s\u1eefa, tr\u1ed9n tr\u1ee9ng ho\u1eb7c th\u1ecbt b\u1eb1m. Theo c\u00e1c nh\u00e0 nghi\u00ean c\u1ee9u, ch\u00e1o y\u1ebfn m\u1ea1ch r\u1ea5t t\u1ed1t cho s\u1ef1 ph\u00e1t tri\u1ec3n c\u1ee7a tr\u1ebb nh\u1ecf v\u00ec ch\u1ee9a nhi\u1ec1u ch\u1ea5t x\u01a1, ch\u1ea5t ch\u1ed1ng oxy h\u00f3a. Kh\u00f4ng ch\u1ec9 n\u1ea5u ch\u00e1o cho con, c\u00e1c b\u00e0 m\u1eb9 c\u0169ng \u0111\u01b0\u1ee3c h\u01b0\u1edfng l\u1ee3i t\u1eeb y\u1ebfn m\u1ea1ch, v\u00ec y\u1ebfn m\u1ea1ch nguy\u00ean ch\u1ea5t c\u00f3 th\u1ec3 d\u00f9ng \u0111\u1ec3 l\u00e0m \u0111\u1eb9p da, t\u1ea9y t\u1ebf b\u00e0o ch\u1ebft.<\/span><\/p>\n<p><img decoding=\"async\" class=\"aligncenter\" src=\"https:\/\/havamall.vn\/wp-content\/uploads\/2021\/04\/banh-ngu-coc-an-kieng-baker-baking-blog-16-41d2b117-f96e-4c7d-9364-465f06f245ef.jpg\" alt=\"\u0110a d\u1ea1ng c\u00e1ch l\u00e0m s\u1eefa chua y\u1ebfn m\u1ea1ch gi\u1ea3m c\u00e2n m\u00e0 b\u1ea1n n\u00ean bi\u1ebft B\u00e1nh Healthy, EatClean, B\u00e1nh Dinh D\u01b0\u1ee1ng\" width=\"674\" height=\"506\" \/><\/p>\n<h4><strong>C\u00f4ng d\u1ee5ng c\u1ee7a y\u1ebfn m\u1ea1ch:<\/strong><\/h4>\n<p><span style=\"font-weight: 400;\">&#8211; Gi\u1ea3m cholesterol trong m\u00e1u<\/span><\/p>\n<p><span style=\"font-weight: 400;\">&#8211; T\u1ed1t cho l\u00e0n da<\/span><\/p>\n<p><span style=\"font-weight: 400;\">&#8211; Gi\u1ea3m huy\u1ebft \u00e1p<\/span><\/p>\n<p><span style=\"font-weight: 400;\">&#8211; Cung c\u1ea5p protein<\/span><\/p>\n<h4><strong>H\u01b0\u1edbng d\u1eabn s\u1eed d\u1ee5ng:<\/strong><\/h4>\n<p><span style=\"font-weight: 400;\">&gt;V\u1edbi y\u1ebfn m\u1ea1ch nguy\u00ean c\u00e1m, c\u00e1c b\u00e0 m\u1eb9 c\u00f3 th\u1ec3 ch\u1ebf bi\u1ebfn ra nhi\u1ec1u m\u00f3n ch\u00e1o cho con \u0111\u1ec3 \u0111\u1ed5i v\u1ecb nh\u01b0 ch\u00e1o y\u1ebfn m\u1ea1ch tr\u1ed9n s\u1eefa, tr\u1ed9n tr\u1ee9ng ho\u1eb7c th\u1ecbt b\u1eb1m. Theo c\u00e1c nh\u00e0 nghi\u00ean c\u1ee9u, ch\u00e1o y\u1ebfn m\u1ea1ch r\u1ea5t t\u1ed1t cho s\u1ef1 ph\u00e1t tri\u1ec3n c\u1ee7a tr\u1ebb nh\u1ecf v\u00ec ch\u1ee9a nhi\u1ec1u ch\u1ea5t x\u01a1, ch\u1ea5t ch\u1ed1ng oxy h\u00f3a.\u00a0<\/span><\/p>\n<p><span style=\"font-weight: 400;\">&gt;Y\u1ebfn m\u1ea1ch nguy\u00ean ch\u1ea5t c\u00f3 th\u1ec3 d\u00f9ng \u0111\u1ec3 l\u00e0m \u0111\u1eb9p da, t\u1ea9y t\u1ebf b\u00e0o ch\u1ebft.<\/span><\/p>\n<p><img decoding=\"async\" class=\"aligncenter\" src=\"https:\/\/havamall.vn\/wp-content\/uploads\/2021\/04\/160801-an-bot-yem-mach-giam-cam.jpg\" alt=\"6 c\u00f4ng th\u1ee9c \u0103n b\u1ed9t y\u1ebfn m\u1ea1ch gi\u1ea3m c\u00e2n si\u00eau t\u1ed1c\" width=\"676\" height=\"507\" \/><\/p>\n<p><span style=\"font-weight: 400;\">&gt;C\u00e1ch ch\u1ebf bi\u1ebfn Y\u1ebfn m\u1ea1ch c\u00e1n\u00a0 ph\u00f9 h\u1ee3p cho c\u00e1c b\u1eefa \u0103n ph\u1ee5, b\u1eefa s\u00e1ng, b\u1eefa \u0103n cho ng\u01b0\u1eddi \u1ed1m. \u0110\u1ed1i t\u01b0\u1ee3ng r\u1ea5t ph\u00f9 h\u1ee3p l\u00e0 tr\u1ebb nh\u1ecf, c\u1ea3m s\u1ed1t, ng\u01b0\u1eddi gi\u00e0 \u0103n v\u00e0o bu\u1ed5i s\u00e1ng l\u00e0 \u0111\u1ea7y \u0111\u1ee7 dinh d\u01b0\u1ee1ng v\u00e0 no l\u00e2u. Ngo\u00e0i ra,c\u00f3\u00a0 c\u00e1ch kh\u00e1c r\u1ea5t ph\u00f9 h\u1ee3p cho c\u00e1c b\u00e9\u00a0 \u0111\u00f3 l\u00e0 n\u1ea5u y\u1ebfn m\u1ea1ch r\u1ed3i tr\u1ed9n v\u1edbi s\u1eefa n\u00f3ng, th\u00eam ng\u0169 c\u1ed1c ho\u1eb7c hoa qu\u1ea3 nh\u01b0 chu\u1ed1i ch\u00edn, nho \u0103n k\u00e8m r\u1ea5t l\u00e0nh m\u1ea1nh v\u00e0 \u0111\u1ea7y \u0111\u1ee7 dinh d\u01b0\u1ee1ng cho c\u00e1c b\u00e9.<\/span><\/p>\n<p>&gt;C\u00f3 th\u1ec3 ch\u1ebf bi\u1ebfn m\u1ed9t s\u1ed1 m\u00f3n \u0103n ngon v\u1edbi y\u1ebfn m\u1ea1ch nh\u01b0 ch\u00e1o y\u1ebfn m\u1ea1ch, s\u1eefa chua y\u1ebfn m\u1ea1ch, b\u00e1nh x\u1ebfp y\u1ebfn m\u1ea1ch,&#8230;<\/p>\n<p><img loading=\"lazy\" decoding=\"async\" class=\"aligncenter\" src=\"https:\/\/havamall.vn\/wp-content\/uploads\/2021\/04\/thumb1-1200x676-20.jpg\" alt=\"C\u00e1ch n\u1ea5u ch\u00e1o y\u1ebfn m\u1ea1ch th\u1ecbt b\u00f2 ngon b\u1ed5 d\u01b0\u1ee1ng h\u1ea5p d\u1eabn \u0111\u01a1n gi\u1ea3n\" width=\"678\" height=\"382\" \/><\/p>\n<p><span style=\"font-weight: 400;\">&gt;Y\u1ebfn m\u1ea1ch c\u00e1n m\u1ecfng h\u1eefu c\u01a1 n\u1ea5u ch\u00e1o kh\u00f4ng nh\u1eefng cho b\u00e9 m\u00e0 c\u00f2n cho gia \u0111\u00ecnh trong b\u1eefa \u0103n s\u00e1ng. M\u00f3n ch\u00e1o n\u00e0y c\u00f3 th\u1ec3 k\u1ebft h\u1ee3p c\u00f9ng c\u00e1c nguy\u00ean li\u1ec7u kh\u00e1c nh\u01b0: b\u00ed \u0111\u1ecf, c\u00e0 r\u1ed1t, t\u00f4m, \u0111\u1eadu, th\u1ecbt b\u00f2, h\u1ea3i s\u1ea3n\u2026\u00a0<\/span><\/p>\n<p><span style=\"font-weight: 400;\">&gt;B\u1ea1n c\u00f3 th\u1ec3 k\u1ebft h\u1ee3p c\u00e1c lo\u1ea1i tr\u00e1i c\u00e2y nh\u01b0 d\u00e2u t\u00e2y, nho, vi\u1ec7t qu\u1ea5t\u2026 \u0111\u1ec3 ch\u1ebf bi\u1ebfn m\u00f3n s\u1eefa chua y\u1ebfn m\u1ea1ch. Nh\u1eefng m\u00f3n \u0103n n\u00e0y h\u1ee9a h\u1eb9n s\u1ebd l\u00e0 m\u1ed9t m\u00f3n tr\u00e1ng mi\u1ec7ng m\u00e1t l\u00e0nh cho c\u1ea3 nh\u00e0 b\u1ea1n trong nh\u1eefng ng\u00e0y h\u00e8 n\u00f3ng b\u1ee9c.<\/span><\/p>\n<p>S\u1ea3n ph\u1ea9m hi\u1ec7n \u0111\u00e3 c\u00f3 m\u1eb7t tai Havamall.<\/p>","protected":false},"excerpt":{"rendered":"<p>Th\u01b0\u01a1ng hi\u1ec7u Sottolestelle Xu\u1ea5t x\u1ee9 \u00dd Th\u00e0nh ph\u1ea7n 100% y\u1ebfn m\u1ea1ch nguy\u00ean c\u00e1m h\u1eefu c\u01a1 c\u00e1n l\u1edbn H\u1ea1n s\u1eed d\u1ee5ng<\/p>","protected":false},"featured_media":19596,"comment_status":"open","ping_status":"closed","template":"","meta":[],"product_brand":[],"product_cat":[256,36,134],"product_tag":[],"class_list":{"0":"post-19595","1":"product","2":"type-product","3":"status-publish","4":"has-post-thumbnail","6":"product_cat-thuc-pham-huu-co","7":"product_cat-thuc-pham-tieu-dung","8":"product_cat-thucpham-saykho","9":"pa_brand-sottolestell","11":"first","12":"outofstock","13":"sale","14":"shipping-taxable","15":"purchasable","16":"product-type-simple"},"_links":{"self":[{"href":"https:\/\/havamall.vn\/en\/wp-json\/wp\/v2\/product\/19595"}],"collection":[{"href":"https:\/\/havamall.vn\/en\/wp-json\/wp\/v2\/product"}],"about":[{"href":"https:\/\/havamall.vn\/en\/wp-json\/wp\/v2\/types\/product"}],"replies":[{"embeddable":true,"href":"https:\/\/havamall.vn\/en\/wp-json\/wp\/v2\/comments?post=19595"}],"version-history":[{"count":0,"href":"https:\/\/havamall.vn\/en\/wp-json\/wp\/v2\/product\/19595\/revisions"}],"wp:featuredmedia":[{"embeddable":true,"href":"https:\/\/havamall.vn\/en\/wp-json\/wp\/v2\/media\/19596"}],"wp:attachment":[{"href":"https:\/\/havamall.vn\/en\/wp-json\/wp\/v2\/media?parent=19595"}],"wp:term":[{"taxonomy":"product_brand","embeddable":true,"href":"https:\/\/havamall.vn\/en\/wp-json\/wp\/v2\/product_brand?post=19595"},{"taxonomy":"product_cat","embeddable":true,"href":"https:\/\/havamall.vn\/en\/wp-json\/wp\/v2\/product_cat?post=19595"},{"taxonomy":"product_tag","embeddable":true,"href":"https:\/\/havamall.vn\/en\/wp-json\/wp\/v2\/product_tag?post=19595"}],"curies":[{"name":"wp","href":"https:\/\/api.w.org\/{rel}","templated":true}]}}