{"id":19589,"date":"2021-04-29T10:52:07","date_gmt":"2021-04-29T03:52:07","guid":{"rendered":"https:\/\/havamall.vn\/?post_type=product&#038;p=19589"},"modified":"2021-09-10T10:26:34","modified_gmt":"2021-09-10T03:26:34","slug":"bot-mi-semolina-huu-co-probios-organic-durum-wheat-semolina-flour-1kg","status":"publish","type":"product","link":"https:\/\/havamall.vn\/en\/shop\/bot-mi-semolina-huu-co-probios-organic-durum-wheat-semolina-flour-1kg\/","title":{"rendered":"B\u1ed9t M\u00ec Semolina H\u1eefu C\u01a1 &#8211; ProBios Organic Durum Wheat Semolina Flour 1kg"},"content":{"rendered":"<table>\n<tbody>\n<tr>\n<td>Th\u01b0\u01a1ng hi\u1ec7u<\/td>\n<td>ProBios<\/td>\n<\/tr>\n<tr>\n<td>Xu\u1ea5t x\u1ee9<\/td>\n<td>\u00dd<\/td>\n<\/tr>\n<tr>\n<td>Th\u00e0nh ph\u1ea7n<\/td>\n<td>100% l\u00faa m\u00ec c\u1ee9ng Semolina<\/td>\n<\/tr>\n<tr>\n<td>H\u1ea1n s\u1eed d\u1ee5ng<\/td>\n<td>18 th\u00e1ng k\u1ec3 t\u1eeb ng\u00e0y s\u1ea3n xu\u1ea5t.<\/td>\n<\/tr>\n<tr>\n<td>B\u1ea3o qu\u1ea3n<\/td>\n<td>\u0110\u1ec3 n\u01a1i kh\u00f4 r\u00e1o, tho\u00e1ng m\u00e1t, tr\u00e1nh \u00e1nh n\u1eafng tr\u1ef1c ti\u1ebfp<\/td>\n<\/tr>\n<tr>\n<td>Kh\u1ed1i l\u01b0\u1ee3ng<\/td>\n<td>1kg<\/td>\n<\/tr>\n<\/tbody>\n<\/table>\n<p><span style=\"font-weight: 400\">ProBios \u0111\u01b0\u1ee3c th\u00e0nh l\u1eadp t\u1eeb n\u0103m 1978 t\u1ea1i Florence \u2013 \u00dd. ProBios. B\u1eb1ng vi\u1ec7c s\u1ea3n xu\u1ea5t th\u1ef1c ph\u1ea9m h\u1eefu c\u01a1, ProBios \u0111\u00e3 l\u1ef1a ch\u1ecdn c\u1ea9n th\u1eadn c\u00e1c ph\u01b0\u01a1ng ph\u00e1p tr\u1ed3ng tr\u1ecdt c\u1ee7a nguy\u00ean li\u1ec7u th\u00f4 t\u00f4n tr\u1ecdng con ng\u01b0\u1eddi v\u00e0 thi\u00ean nhi\u00ean, kh\u00f4ng ch\u1ea5p nh\u1eadn s\u1eed d\u1ee5ng thu\u1ed1c di\u1ec7t c\u1ecf, thu\u1ed1c di\u1ec7t k\u00fd sinh tr\u00f9ng, ph\u00e2n b\u00f3n h\u00f3a h\u1ecdc v\u00e0 t\u1ed5ng h\u1ee3p v\u00e0 c\u00e1c sinh v\u1eadt bi\u1ebfn \u0111\u1ed5i gen g\u00e2y \u00f4 nhi\u1ec5m tr\u00e1i \u0111\u1ea5t, n\u01b0\u1edbc v\u00e0 kh\u00f4ng kh\u00ed c\u1ee7a ch\u00fang ta.<\/span><\/p>\n<p><span style=\"font-weight: 400\">Probios, c\u00f4ng ty h\u00e0ng \u0111\u1ea7u c\u1ee7a \u00dd trong l\u0129nh v\u1ef1c ph\u00e2n ph\u1ed1i th\u1ef1c ph\u1ea9m h\u1eefu c\u01a1, v\u1edbi kinh nghi\u1ec7m 40 n\u0103m, cung c\u1ea5p m\u1ed9t lo\u1ea1t c\u00e1c s\u1ea3n ph\u1ea9m \u0111\u1ed9c quy\u1ec1n, k\u1ebft h\u1ee3p vi\u1ec7c nghi\u00ean c\u1ee9u v\u00e0 l\u1ef1a ch\u1ecdn c\u00e1c nguy\u00ean li\u1ec7u h\u1eefu c\u01a1 \u0111\u1ec3 t\u1ea1o ra c\u00e1c c\u00f4ng th\u1ee9c n\u1ea5u \u0103n c\u00e2n b\u1eb1ng, nh\u1eb1m mang \u0111\u1ebfn cho ng\u01b0\u1eddi ti\u00eau d\u00f9ng nh\u1eefng s\u1ea3n ph\u1ea9m l\u00e0nh m\u1ea1nh v\u00e0 ngon nh\u1ea5t.<\/span><\/p>\n<p><img fetchpriority=\"high\" decoding=\"async\" class=\"aligncenter\" src=\"https:\/\/havamall.vn\/wp-content\/uploads\/2021\/04\/46a0e3cc72d7cda329c9a369f9175d9f.jpg\" alt=\"B\u1ed9t m\u00ec Semolina h\u1eefu c\u01a1 1kg ProBios Orgnaic Durum Wheat Semolina | OrganicShop | Tiki\" width=\"649\" height=\"918\" \/><\/p>\n<p><span style=\"font-weight: 400\">Semolina l\u00e0 lo\u1ea1i b\u1ed9t \u0111\u01b0\u1ee3c l\u00e0m t\u1eeb l\u00faa m\u00ec c\u1ee9ng, c\u00f3 m\u00e0u h\u1ed5 ph\u00e1ch, \u0111\u01b0\u1ee3c s\u1eed d\u1ee5ng kh\u00e1 nhi\u1ec1u trong l\u00e0m b\u00e1nh c\u0169ng nh\u01b0 n\u1ea5u \u0103n. \u0110\u1eb7c bi\u1ec7t, Semolina l\u00e0 nguy\u00ean li\u1ec7u quan tr\u1ecdng \u0111\u1ec3 t\u1ea1o n\u00ean nh\u1eefng lo\u1ea1i m\u00ec mang nhi\u1ec1u m\u00e0u s\u1eafc \u0111\u1ecf, v\u00e0ng, xanh, \u0111en\u2026 \u0110\u1ec3 t\u1ea1o ra Semolina, ng\u01b0\u1eddi ta nghi\u1ec1n xay th\u00f4 c\u00e1c lo\u1ea1i h\u1ea1t ng\u0169 c\u1ed1c (nhi\u1ec1u nh\u1ea5t l\u00e0 l\u00faa m\u00ec c\u1ee9ng)<\/span><\/p>\n<p><span style=\"font-weight: 400\">B\u1ed9t m\u00ec Semolina l\u00e0 m\u1ed9t th\u00e0nh ph\u1ea7n kh\u00f4ng th\u1ec3 thi\u1ebfu trong m\u00f3n m\u00ec \u1ed1ng t\u1ef1 l\u00e0m v\u00e0 l\u00e0 m\u1ed9t l\u1ef1a ch\u1ecdn tuy\u1ec7t v\u1eddi cho b\u00e1nh m\u00ec ki\u1ec3u \u00dd.<\/span><\/p>\n<p><img decoding=\"async\" class=\"wp-image-19590 aligncenter\" src=\"https:\/\/havamall.vn\/wp-content\/uploads\/2021\/04\/ee73f55a3a75cee8577b1fc1dca58748-300x269.jpg\" alt=\"\" width=\"640\" height=\"574\" srcset=\"https:\/\/havamall.vn\/wp-content\/uploads\/2021\/04\/ee73f55a3a75cee8577b1fc1dca58748-300x269.jpg 300w, https:\/\/havamall.vn\/wp-content\/uploads\/2021\/04\/ee73f55a3a75cee8577b1fc1dca58748-430x385.jpg 430w, https:\/\/havamall.vn\/wp-content\/uploads\/2021\/04\/ee73f55a3a75cee8577b1fc1dca58748-150x134.jpg 150w, https:\/\/havamall.vn\/wp-content\/uploads\/2021\/04\/ee73f55a3a75cee8577b1fc1dca58748-700x627.jpg 700w, https:\/\/havamall.vn\/wp-content\/uploads\/2021\/04\/ee73f55a3a75cee8577b1fc1dca58748-768x688.jpg 768w, https:\/\/havamall.vn\/wp-content\/uploads\/2021\/04\/ee73f55a3a75cee8577b1fc1dca58748-600x538.jpg 600w, https:\/\/havamall.vn\/wp-content\/uploads\/2021\/04\/ee73f55a3a75cee8577b1fc1dca58748.jpg 960w\" sizes=\"(max-width: 640px) 100vw, 640px\" \/><\/p>\n<p><span style=\"font-weight: 400\">B\u1ed9t m\u00ec semolina gi\u00e0u dinh d\u01b0\u1ee1ng; n\u00f3 gi\u00e0u vitamin v\u00e0 kho\u00e1ng ch\u1ea5t h\u01a1n nhi\u1ec1u lo\u1ea1i b\u1ed9t m\u00ec kh\u00e1c. N\u00f3 c\u0169ng ch\u1ee9a nhi\u1ec1u vitamin B nh\u01b0 thiamine v\u00e0 folate, c\u00f3 nhi\u1ec1u vai tr\u00f2 quan tr\u1ecdng trong c\u01a1 th\u1ec3 b\u1ea1n, bao g\u1ed3m c\u1ea3 vi\u1ec7c gi\u00fap chuy\u1ec3n h\u00f3a th\u1ee9c \u0103n th\u00e0nh n\u0103ng l\u01b0\u1ee3ng.<\/span><\/p>\n<p><img decoding=\"async\" class=\"wp-image-19767 aligncenter\" src=\"https:\/\/havamall.vn\/wp-content\/uploads\/2021\/04\/NN-300x300.jpg\" alt=\"\" width=\"642\" height=\"642\" srcset=\"https:\/\/havamall.vn\/wp-content\/uploads\/2021\/04\/NN-300x300.jpg 300w, https:\/\/havamall.vn\/wp-content\/uploads\/2021\/04\/NN-430x430.jpg 430w, https:\/\/havamall.vn\/wp-content\/uploads\/2021\/04\/NN-150x150.jpg 150w, https:\/\/havamall.vn\/wp-content\/uploads\/2021\/04\/NN-700x700.jpg 700w, https:\/\/havamall.vn\/wp-content\/uploads\/2021\/04\/NN-768x768.jpg 768w, https:\/\/havamall.vn\/wp-content\/uploads\/2021\/04\/NN-600x600.jpg 600w, https:\/\/havamall.vn\/wp-content\/uploads\/2021\/04\/NN-100x100.jpg 100w, https:\/\/havamall.vn\/wp-content\/uploads\/2021\/04\/NN.jpg 1024w\" sizes=\"(max-width: 642px) 100vw, 642px\" \/><\/p>\n<p><span style=\"font-weight: 400\">Ngo\u00e0i ra, b\u1ed9t semolina l\u00e0 m\u1ed9t ngu\u1ed3n cung c\u1ea5p s\u1eaft v\u00e0 magi\u00ea d\u1ed3i d\u00e0o. Nh\u1eefng kho\u00e1ng ch\u1ea5t n\u00e0y h\u1ed7 tr\u1ee3 s\u1ea3n xu\u1ea5t h\u1ed3ng c\u1ea7u, s\u1ee9c kh\u1ecfe tim m\u1ea1ch v\u00e0 ki\u1ec3m so\u00e1t l\u01b0\u1ee3ng \u0111\u01b0\u1eddng trong m\u00e1u.<\/span><\/p>\n<p><img loading=\"lazy\" decoding=\"async\" class=\"aligncenter\" src=\"https:\/\/havamall.vn\/wp-content\/uploads\/2021\/04\/shutterstock_469190174-1-1050x700-1.jpg\" alt=\"C\u00f4ng \u0111o\u1ea1n Kh\u00e1c C\u1ee7a Qu\u00e1 Tr\u00ecnh L\u00e0m B\u00e1nh M\u1ef3\" width=\"644\" height=\"429\" \/><\/p>\n<p><span style=\"font-weight: 400\">N\u00f3 \u0111\u01b0\u1ee3c xem l\u00e0 kh\u00e1 l\u00fd t\u01b0\u1edfng d\u00f9ng \u0111\u1ec3 l\u00e0m m\u00ec Pasta v\u00e0 l\u00e0m m\u1ed9t s\u1ed1 m\u00f3n Pudding c\u1ee7a n\u01b0\u1edbc \u00dd. V\u00ec l\u00e0m t\u1eeb ng\u0169 c\u1ed1c, n\u00ean Semolina r\u1ea5t gi\u00e0u Gluten, do v\u1eady lo\u1ea1i b\u1ed9t n\u00e0y c\u0169ng \u0111\u01b0\u1ee3c d\u00f9ng trong ch\u1ebf\u00a0 bi\u1ebfn m\u1ed9t s\u1ed1 m\u00f3n \u0103n v\u00e0 m\u1ed9t s\u1ed1 lo\u1ea1i b\u00e1nh kh\u00e1c nh\u01b0 Semoule, s\u00fap, Couscous, c\u00e1c lo\u1ea1i nui Spaghetti, m\u00ec \u1ed1ng v\u00e0 b\u00e1nh m\u00ec ki\u1ec3u \u00dd.<\/span><\/p>\n<p><img loading=\"lazy\" decoding=\"async\" class=\"aligncenter\" src=\"https:\/\/havamall.vn\/wp-content\/uploads\/2021\/04\/variety-of-pasta-1296x728-1-1200x628.jpg\" alt=\"what is pasta made of OFF 74% - Online Shopping Site for Fashion &amp; Lifestyle.\" width=\"640\" height=\"335\" \/><\/p>\n<h4><strong>H\u01b0\u1edbng d\u1eabn s\u1eed d\u1ee5ng:<\/strong><\/h4>\n<p><span style=\"font-weight: 400\">&#8211; Th\u00eam v\u00e0o c\u00e1c c\u00f4ng th\u1ee9c l\u00e0m b\u00e1nh<\/span><\/p>\n<p><span style=\"font-weight: 400\">&#8211; L\u00e0 th\u00e0nh ph\u1ea7n kh\u00f4ng th\u1ec3 thi\u1ebfu \u0111\u1ec3 t\u1ef1 l\u00e0m m\u00f3n m\u00ec t\u1ea1i nh\u00e0<\/span><\/p>\n<p><span style=\"font-weight: 400\">S\u1ea3n ph\u1ea9m hi\u1ec7n \u0111\u00e3 c\u00f3 m\u1eb7t t\u1ea1i Havamall.<\/span><\/p>","protected":false},"excerpt":{"rendered":"<p>Th\u01b0\u01a1ng hi\u1ec7u ProBios Xu\u1ea5t x\u1ee9 \u00dd Th\u00e0nh ph\u1ea7n 100% l\u00faa m\u00ec c\u1ee9ng Semolina H\u1ea1n s\u1eed d\u1ee5ng 18 th\u00e1ng k\u1ec3 t\u1eeb<\/p>","protected":false},"featured_media":19591,"comment_status":"open","ping_status":"closed","template":"","meta":[],"product_brand":[],"product_cat":[256,36,134],"product_tag":[],"class_list":{"0":"post-19589","1":"product","2":"type-product","3":"status-publish","4":"has-post-thumbnail","6":"product_cat-thuc-pham-huu-co","7":"product_cat-thuc-pham-tieu-dung","8":"product_cat-thucpham-saykho","9":"pa_brand-probios","11":"first","12":"outofstock","13":"sale","14":"shipping-taxable","15":"purchasable","16":"product-type-simple"},"_links":{"self":[{"href":"https:\/\/havamall.vn\/en\/wp-json\/wp\/v2\/product\/19589"}],"collection":[{"href":"https:\/\/havamall.vn\/en\/wp-json\/wp\/v2\/product"}],"about":[{"href":"https:\/\/havamall.vn\/en\/wp-json\/wp\/v2\/types\/product"}],"replies":[{"embeddable":true,"href":"https:\/\/havamall.vn\/en\/wp-json\/wp\/v2\/comments?post=19589"}],"version-history":[{"count":0,"href":"https:\/\/havamall.vn\/en\/wp-json\/wp\/v2\/product\/19589\/revisions"}],"wp:featuredmedia":[{"embeddable":true,"href":"https:\/\/havamall.vn\/en\/wp-json\/wp\/v2\/media\/19591"}],"wp:attachment":[{"href":"https:\/\/havamall.vn\/en\/wp-json\/wp\/v2\/media?parent=19589"}],"wp:term":[{"taxonomy":"product_brand","embeddable":true,"href":"https:\/\/havamall.vn\/en\/wp-json\/wp\/v2\/product_brand?post=19589"},{"taxonomy":"product_cat","embeddable":true,"href":"https:\/\/havamall.vn\/en\/wp-json\/wp\/v2\/product_cat?post=19589"},{"taxonomy":"product_tag","embeddable":true,"href":"https:\/\/havamall.vn\/en\/wp-json\/wp\/v2\/product_tag?post=19589"}],"curies":[{"name":"wp","href":"https:\/\/api.w.org\/{rel}","templated":true}]}}