{"id":19576,"date":"2021-04-28T17:02:20","date_gmt":"2021-04-28T10:02:20","guid":{"rendered":"https:\/\/havamall.vn\/?post_type=product&#038;p=19576"},"modified":"2021-08-17T19:16:55","modified_gmt":"2021-08-17T12:16:55","slug":"bot-ngo-polenta-huu-co-probios-1kg","status":"publish","type":"product","link":"https:\/\/havamall.vn\/en\/shop\/bot-ngo-polenta-huu-co-probios-1kg\/","title":{"rendered":"B\u1ed9t Ng\u00f4 Polenta H\u1eefu C\u01a1 &#8211; ProBios Organic Polenta Corn Flour 1kg"},"content":{"rendered":"<p><span style=\"font-weight: 400\">ProBios \u0111\u01b0\u1ee3c th\u00e0nh l\u1eadp t\u1eeb n\u0103m 1978 t\u1ea1i Florence \u2013 \u00dd. ProBios. B\u1eb1ng vi\u1ec7c s\u1ea3n xu\u1ea5t th\u1ef1c ph\u1ea9m h\u1eefu c\u01a1, ProBios \u0111\u00e3 l\u1ef1a ch\u1ecdn c\u1ea9n th\u1eadn c\u00e1c ph\u01b0\u01a1ng ph\u00e1p tr\u1ed3ng tr\u1ecdt c\u1ee7a nguy\u00ean li\u1ec7u th\u00f4 t\u00f4n tr\u1ecdng con ng\u01b0\u1eddi v\u00e0 thi\u00ean nhi\u00ean, kh\u00f4ng ch\u1ea5p nh\u1eadn s\u1eed d\u1ee5ng thu\u1ed1c di\u1ec7t c\u1ecf, thu\u1ed1c di\u1ec7t k\u00fd sinh tr\u00f9ng, ph\u00e2n b\u00f3n h\u00f3a h\u1ecdc v\u00e0 t\u1ed5ng h\u1ee3p v\u00e0 c\u00e1c sinh v\u1eadt bi\u1ebfn \u0111\u1ed5i gen g\u00e2y \u00f4 nhi\u1ec5m tr\u00e1i \u0111\u1ea5t, n\u01b0\u1edbc v\u00e0 kh\u00f4ng kh\u00ed c\u1ee7a ch\u00fang ta.<\/span><\/p>\n<p><span style=\"font-weight: 400\">Probios, c\u00f4ng ty h\u00e0ng \u0111\u1ea7u c\u1ee7a \u00dd trong l\u0129nh v\u1ef1c ph\u00e2n ph\u1ed1i th\u1ef1c ph\u1ea9m h\u1eefu c\u01a1, v\u1edbi kinh nghi\u1ec7m 40 n\u0103m, cung c\u1ea5p m\u1ed9t lo\u1ea1t c\u00e1c s\u1ea3n ph\u1ea9m \u0111\u1ed9c quy\u1ec1n, k\u1ebft h\u1ee3p vi\u1ec7c nghi\u00ean c\u1ee9u v\u00e0 l\u1ef1a ch\u1ecdn c\u00e1c nguy\u00ean li\u1ec7u h\u1eefu c\u01a1 \u0111\u1ec3 t\u1ea1o ra c\u00e1c c\u00f4ng th\u1ee9c n\u1ea5u \u0103n c\u00e2n b\u1eb1ng, nh\u1eb1m mang \u0111\u1ebfn cho ng\u01b0\u1eddi ti\u00eau d\u00f9ng nh\u1eefng s\u1ea3n ph\u1ea9m l\u00e0nh m\u1ea1nh v\u00e0 ngon nh\u1ea5t.<\/span><\/p>\n<p><img fetchpriority=\"high\" decoding=\"async\" class=\"aligncenter\" src=\"https:\/\/havamall.vn\/wp-content\/uploads\/2021\/04\/picture4.png\" alt=\"Tr\u00e0 l\u1ee3i s\u1eefa Weleda 40g | BeOrganic\" width=\"696\" height=\"392\" \/><\/p>\n<p><span style=\"font-weight: 400\">B\u1ed9t ng\u00f4 <\/span><span style=\"font-weight: 400\">Probios<\/span><span style=\"font-weight: 400\"> Polenta ch\u1ee9a nhi\u1ec1u protein v\u00e0 ch\u1ea5t x\u01a1, vitamin A, s\u1eaft, magie v\u00e0 k\u1ebdm.\u00a0<\/span><span style=\"font-weight: 400\">Polenta l\u00e0 m\u1ed9t ngu\u1ed3n carbohydrates ph\u1ee9c t\u1ea1p tuy\u1ec7t v\u1eddi. N\u00f3 c\u1ea7n nhi\u1ec1u th\u1eddi gian h\u01a1n \u0111\u1ec3 ti\u00eau h\u00f3a, c\u00f3 th\u1ec3 gi\u1eef cho l\u01b0\u1ee3ng \u0111\u01b0\u1eddng trong m\u00e1u \u1ed5n \u0111\u1ecbnh.<\/span><\/p>\n<p><span style=\"font-weight: 400\">B\u1ed9t b\u1eafp ng\u00f4 Polenta ch\u1ee9a r\u1ea5t \u00edt ch\u1ea5t b\u00e9o v\u00e0 l\u01b0\u1ee3ng calo th\u1ea5p, l\u00e0 m\u1ed9t thay th\u1ebf l\u00e0nh m\u1ea1nh cho c\u00e1c m\u00f3n \u0103n ph\u1ee5 hay \u0103n v\u1eb7t chi\u00ean v\u00e0 r\u00e1n\u2026.<\/span><\/p>\n<p><img decoding=\"async\" class=\"aligncenter\" src=\"https:\/\/havamall.vn\/wp-content\/uploads\/2021\/04\/polenta-kochen.jpg\" alt=\"Polenta kochen - das beste Rezept | BRIGITTE.de\" width=\"689\" height=\"459\" \/><\/p>\n<p><span style=\"font-weight: 400\">Polenta l\u00e0 lo\u1ea1i b\u1ed9t b\u1eafp v\u00e0ng \u0111\u1ef1\u01a1c xay nh\u1ecf nh\u01b0ng kh\u00f4ng nhuy\u1ec5n m\u1ecbn nh\u01b0 tinh b\u1ed9t b\u1eafp hay b\u1ed9t m\u00ec. Polenta th\u01b0\u1eddng \u0111\u01b0\u1ee3c d\u00f9ng cho nh\u1eefng m\u00f3n s\u00fap, b\u00e1nh b\u1eafp v\u00e0 m\u1ed9t s\u1ed1 lo\u1ea1i b\u00e1nh ng\u1ecdt. \u0110\u00e2y l\u00e0 m\u1ed9t m\u00f3n \u0103n n\u1ed5i ti\u1ebfng c\u1ee7a n\u01b0\u1edbc \u00dd.<\/span><\/p>\n<p><span style=\"font-weight: 400\">B\u1ed9t b\u1eafp ng\u00f4 Polenta ch\u1ee9a nhi\u1ec1u protein v\u00e0 ch\u1ea5t x\u01a1, vitamin A, s\u1eaft, magie v\u00e0 k\u1ebdm. B\u00e1nh Cookies d\u00f9ng b\u1ed9t ng\u00f4 polenta l\u00e0m cho b\u00e1nh v\u00e0ng h\u01a1n, th\u00eam mix-fruit (tr\u00e1i c\u00e2y tr\u1ed9n) chua chua n\u00ean kh\u00f4ng ng\u00e1n. L\u00e0 m\u1ed9t c\u00f4ng th\u1ee9c \u0111\u00e1ng \u0111\u1ec3 m\u1ecdi ng\u01b0\u1eddi kh\u00e1m ph\u00e1.<\/span><\/p>\n<p><img decoding=\"async\" class=\"aligncenter\" src=\"https:\/\/havamall.vn\/wp-content\/uploads\/2021\/04\/Grilled-Polenta.jpg\" alt=\"Grilled Polenta with Mushrooms\" width=\"699\" height=\"524\" \/><\/p>\n<p><span style=\"font-weight: 400\">Polenta l\u00e0 m\u1ed9t ngu\u1ed3n carbohydrates ph\u1ee9c t\u1ea1p tuy\u1ec7t v\u1eddi. N\u00f3 c\u1ea7n nhi\u1ec1u th\u1eddi gian h\u01a1n \u0111\u1ec3 ti\u00eau h\u00f3a, c\u00f3 th\u1ec3 gi\u1eef cho l\u01b0\u1ee3ng \u0111\u01b0\u1eddng trong m\u00e1u \u1ed5n \u0111\u1ecbnh.<\/span><\/p>\n<p><span style=\"font-weight: 400\">B\u1ed9t b\u1eafp ng\u00f4 Polenta ch\u1ee9a r\u1ea5t \u00edt ch\u1ea5t b\u00e9o v\u00e0 l\u01b0\u1ee3ng calo th\u1ea5p. Do \u0111\u00f3 n\u00f3 tr\u1edf th\u00e0nh s\u1ef1 l\u1ef1a ch\u1ecdn l\u00e0nh m\u1ea1nh cho nh\u1eefng b\u1ea1n \u0111ang trong ch\u1ebf \u0111\u1ed9 \u0103n ki\u00eang, gi\u1ea3m c\u00e2n v\u00e0 mu\u1ed1n duy tr\u00ec c\u00e2n n\u1eb7ng.<\/span><\/p>\n<p><span style=\"font-weight: 400\">B\u1ed9t b\u1eafp ng\u00f4 Polenta c\u00f3 h\u01b0\u01a1ng v\u1ecb b\u1eafp ng\u00f4 nh\u1eb9. Do \u0111\u00f3, b\u1ea1n c\u00f3 th\u1ec3 \u0103n k\u00e8m v\u1edbi c\u00e1c lo\u1ea1i th\u1ea3o m\u1ed9c, rau, pho m\u00e1t hay th\u1ecbt c\u00e1.\u00a0<\/span><\/p>\n<p><img loading=\"lazy\" decoding=\"async\" class=\"aligncenter\" src=\"https:\/\/havamall.vn\/wp-content\/uploads\/2021\/04\/20042521_web1_M2-Polenta-Bowl-edh-200108-1024x997.jpg\" alt=\"The basics: How to make a roasted veggie and polenta bowl | HeraldNet.com\" width=\"699\" height=\"681\" \/><\/p>\n<h4><strong>H\u01b0\u1edbng d\u1eabn s\u1eed d\u1ee5ng:<\/strong><\/h4>\n<p><span style=\"font-weight: 400\">&#8211; T\u1ef7 l\u1ec7 n\u1ea5u b\u1ed9t b\u1eafp ng\u00f4 Polenta l\u00e0 4:1 ( 4 ch\u00e9n n\u01b0\u1edbc ho\u1eb7c s\u1eefa h\u1ea1t v\u00e0 1 ch\u00e9n b\u1ed9t ng\u00f4 Polenta ), tr\u1ed9n \u0111\u1ec1u trong v\u00f2ng 40-50 ph\u00fat tr\u00ean l\u1eeba nh\u1ecf. B\u1ea1n n\u00ean s\u1eed d\u1ee5ng s\u1eefa h\u1ea1t thay th\u1ebf n\u01b0\u1edbc \u0111\u1ec3 t\u0103ng th\u00eam gi\u00e1 tr\u1ecb dinh d\u01b0\u1ee1ng cho m\u00f3n ch\u00e1o (ho\u1eb7c b\u00e1nh) Polenta c\u1ee7a m\u00ecnh.<\/span><\/p>\n<p><span style=\"font-weight: 400\">&#8211; Polenta c\u00f3 \u0111\u1ed9 s\u1ec7t gi\u1ed1ng ch\u00e1o khi n\u1ea5u ch\u00edn. B\u1ea1n c\u00f3 th\u1ec3 d\u00f9ng tr\u1ef1c ti\u1ebfp nh\u01b0 l\u00e0 m\u1ed9t m\u00f3n ch\u00e1o Ng\u00f4. N\u1ebfu kh\u00f4ng, c\u00f3 th\u1ec3 \u0111\u1ec3 \u0111\u00f3ng khu\u00f4n v\u00e0 l\u01b0u tr\u1eef trong ng\u0103n \u0111\u00f4ng t\u1ee7 l\u1ea1nh. Sau \u0111\u00f3 c\u00f3 th\u1ec3 c\u1eaft l\u00e1t v\u00e0 n\u01b0\u1edbng r\u1ed3i\u00a0 s\u1eed d\u1ee5ng nh\u01b0 m\u1ed9t m\u00f3n b\u00e1nh \u0103n v\u1eb7t.<\/span><\/p>\n<p><span style=\"font-weight: 400\">&#8211; Ngo\u00e0i ra b\u1ed9t b\u1eafp Polenta c\u00f2n \u0111\u01b0\u1ee3c s\u1eed d\u1ee5ng trong c\u00e1c c\u00f4ng th\u1ee9c l\u00e0m b\u00e1nh m\u00ec \u0111\u1ebfn m\u00f3n tr\u00e1ng mi\u1ec7ng.<\/span><\/p>\n<p>S\u1ea3n ph\u1ea9m hi\u1ec7n \u0111\u00e3 c\u00f3 m\u1eb7t t\u1ea1i Havamall.<\/p>","protected":false},"excerpt":{"rendered":"<p>ProBios \u0111\u01b0\u1ee3c th\u00e0nh l\u1eadp t\u1eeb n\u0103m 1978 t\u1ea1i Florence \u2013 \u00dd. ProBios. B\u1eb1ng vi\u1ec7c s\u1ea3n xu\u1ea5t th\u1ef1c ph\u1ea9m h\u1eefu c\u01a1,<\/p>","protected":false},"featured_media":19577,"comment_status":"open","ping_status":"closed","template":"","meta":[],"product_brand":[],"product_cat":[36,134],"product_tag":[],"class_list":{"0":"post-19576","1":"product","2":"type-product","3":"status-publish","4":"has-post-thumbnail","6":"product_cat-thuc-pham-tieu-dung","7":"product_cat-thucpham-saykho","8":"pa_brand-probios","10":"first","11":"outofstock","12":"sale","13":"shipping-taxable","14":"purchasable","15":"product-type-simple"},"_links":{"self":[{"href":"https:\/\/havamall.vn\/en\/wp-json\/wp\/v2\/product\/19576"}],"collection":[{"href":"https:\/\/havamall.vn\/en\/wp-json\/wp\/v2\/product"}],"about":[{"href":"https:\/\/havamall.vn\/en\/wp-json\/wp\/v2\/types\/product"}],"replies":[{"embeddable":true,"href":"https:\/\/havamall.vn\/en\/wp-json\/wp\/v2\/comments?post=19576"}],"version-history":[{"count":0,"href":"https:\/\/havamall.vn\/en\/wp-json\/wp\/v2\/product\/19576\/revisions"}],"wp:featuredmedia":[{"embeddable":true,"href":"https:\/\/havamall.vn\/en\/wp-json\/wp\/v2\/media\/19577"}],"wp:attachment":[{"href":"https:\/\/havamall.vn\/en\/wp-json\/wp\/v2\/media?parent=19576"}],"wp:term":[{"taxonomy":"product_brand","embeddable":true,"href":"https:\/\/havamall.vn\/en\/wp-json\/wp\/v2\/product_brand?post=19576"},{"taxonomy":"product_cat","embeddable":true,"href":"https:\/\/havamall.vn\/en\/wp-json\/wp\/v2\/product_cat?post=19576"},{"taxonomy":"product_tag","embeddable":true,"href":"https:\/\/havamall.vn\/en\/wp-json\/wp\/v2\/product_tag?post=19576"}],"curies":[{"name":"wp","href":"https:\/\/api.w.org\/{rel}","templated":true}]}}