{"id":19563,"date":"2021-04-28T15:56:25","date_gmt":"2021-04-28T08:56:25","guid":{"rendered":"https:\/\/havamall.vn\/?post_type=product&#038;p=19563"},"modified":"2024-07-20T09:34:09","modified_gmt":"2024-07-20T02:34:09","slug":"bot-gao-nguyen-cam-huu-co-probios-organic-wholemeal-rice-flour-375g","status":"publish","type":"product","link":"https:\/\/havamall.vn\/en\/shop\/bot-gao-nguyen-cam-huu-co-probios-organic-wholemeal-rice-flour-375g\/","title":{"rendered":"B\u1ed9t G\u1ea1o Nguy\u00ean C\u00e1m H\u1eefu C\u01a1 &#8211; ProBios Organic Wholemeal Rice Flour 375g"},"content":{"rendered":"<p><span style=\"font-weight: 400;\">ProBios \u0111\u01b0\u1ee3c th\u00e0nh l\u1eadp t\u1eeb n\u0103m 1978 t\u1ea1i Florence \u2013 \u00dd.\u00a0<\/span><span style=\"font-weight: 400;\">B\u1eb1ng vi\u1ec7c s\u1ea3n xu\u1ea5t th\u1ef1c ph\u1ea9m h\u1eefu c\u01a1, ProBios \u0111\u00e3 l\u1ef1a ch\u1ecdn c\u1ea9n th\u1eadn c\u00e1c ph\u01b0\u01a1ng ph\u00e1p tr\u1ed3ng tr\u1ecdt c\u1ee7a nguy\u00ean li\u1ec7u th\u00f4 t\u00f4n tr\u1ecdng con ng\u01b0\u1eddi v\u00e0 thi\u00ean nhi\u00ean, kh\u00f4ng ch\u1ea5p nh\u1eadn s\u1eed d\u1ee5ng thu\u1ed1c di\u1ec7t c\u1ecf, thu\u1ed1c di\u1ec7t k\u00fd sinh tr\u00f9ng, ph\u00e2n b\u00f3n h\u00f3a h\u1ecdc v\u00e0 t\u1ed5ng h\u1ee3p v\u00e0 c\u00e1c sinh v\u1eadt bi\u1ebfn \u0111\u1ed5i gen g\u00e2y \u00f4 nhi\u1ec5m tr\u00e1i \u0111\u1ea5t, n\u01b0\u1edbc v\u00e0 kh\u00f4ng kh\u00ed c\u1ee7a ch\u00fang ta.<\/span><\/p>\n<p><span style=\"font-weight: 400;\">Probios, c\u00f4ng ty h\u00e0ng \u0111\u1ea7u c\u1ee7a \u00dd trong l\u0129nh v\u1ef1c ph\u00e2n ph\u1ed1i th\u1ef1c ph\u1ea9m h\u1eefu c\u01a1, v\u1edbi kinh nghi\u1ec7m 40 n\u0103m, cung c\u1ea5p m\u1ed9t lo\u1ea1t c\u00e1c s\u1ea3n ph\u1ea9m \u0111\u1ed9c quy\u1ec1n, k\u1ebft h\u1ee3p vi\u1ec7c nghi\u00ean c\u1ee9u v\u00e0 l\u1ef1a ch\u1ecdn c\u00e1c nguy\u00ean li\u1ec7u h\u1eefu c\u01a1 \u0111\u1ec3 t\u1ea1o ra c\u00e1c c\u00f4ng th\u1ee9c n\u1ea5u \u0103n c\u00e2n b\u1eb1ng, nh\u1eb1m mang \u0111\u1ebfn cho ng\u01b0\u1eddi ti\u00eau d\u00f9ng nh\u1eefng s\u1ea3n ph\u1ea9m l\u00e0nh m\u1ea1nh v\u00e0 ngon nh\u1ea5t.<\/span><\/p>\n<p><img fetchpriority=\"high\" decoding=\"async\" class=\"wp-image-20199 aligncenter\" src=\"https:\/\/havamall.vn\/wp-content\/uploads\/2021\/04\/G\u1ea0O-300x143.png\" alt=\"\" width=\"581\" height=\"277\" srcset=\"https:\/\/havamall.vn\/wp-content\/uploads\/2021\/04\/G\u1ea0O-300x143.png 300w, https:\/\/havamall.vn\/wp-content\/uploads\/2021\/04\/G\u1ea0O-430x205.png 430w, https:\/\/havamall.vn\/wp-content\/uploads\/2021\/04\/G\u1ea0O-150x71.png 150w, https:\/\/havamall.vn\/wp-content\/uploads\/2021\/04\/G\u1ea0O-700x333.png 700w, https:\/\/havamall.vn\/wp-content\/uploads\/2021\/04\/G\u1ea0O-768x366.png 768w, https:\/\/havamall.vn\/wp-content\/uploads\/2021\/04\/G\u1ea0O-600x286.png 600w, https:\/\/havamall.vn\/wp-content\/uploads\/2021\/04\/G\u1ea0O.png 840w\" sizes=\"(max-width: 581px) 100vw, 581px\" \/><\/p>\n<p><span style=\"font-weight: 400;\">B\u1ed9t g\u1ea1o nguy\u00ean c\u00e1m Probios c\u00f3 r\u1ea5t nhi\u1ec1u l\u1ee3i \u00edch cho s\u1ee9c kh\u1ecfe v\u00ec gi\u00e0u ch\u1ea5t x\u01a1, vitamin v\u00e0 c\u00e1c kho\u00e1ng ch\u1ea5t nh\u01b0 canxi v\u00e0 k\u1ebdm.\u00a0<\/span><span style=\"font-weight: 400;\">B\u1ed9t g\u1ea1o nguy\u00ean c\u00e1m l\u00e0 m\u1ed9t ngu\u1ed3n cung c\u1ea5p canxi d\u1ed3i d\u00e0o, v\u00ec n\u00f3 ch\u1ee9a kho\u1ea3ng 10mg canxi trong 100 gam.<\/span><\/p>\n<p><img decoding=\"async\" class=\"aligncenter\" src=\"https:\/\/havamall.vn\/wp-content\/uploads\/2021\/04\/yogurt-pancakes-2215861-hero-01-5c6219ea46e0fb00017dd75a.jpg\" alt=\"Yogurt Pancake Recipe\" width=\"574\" height=\"323\" \/><\/p>\n<p><span style=\"font-weight: 400;\">M\u1ed9t trong nh\u1eefng th\u00e0nh ph\u1ea7n m\u1ea1nh nh\u1ea5t c\u1ee7a hoa g\u1ea1o l\u00e0 choline, ch\u1ea5t c\u1ea7n thi\u1ebft \u0111\u1ec3 \u0111\u01b0a cholesterol t\u1eeb gan \u0111\u1ebfn c\u00e1c b\u1ed9 ph\u1eadn kh\u00e1c c\u1ee7a c\u01a1 th\u1ec3. V\u00ec v\u1eady, choline r\u1ea5t quan tr\u1ecdng \u0111\u1ec3 gan ho\u1ea1t \u0111\u1ed9ng t\u1ed1t.<\/span><\/p>\n<p><img decoding=\"async\" class=\"wp-image-19757 aligncenter\" src=\"https:\/\/havamall.vn\/wp-content\/uploads\/2021\/04\/gdc-300x201.jpg\" alt=\"\" width=\"569\" height=\"382\" srcset=\"https:\/\/havamall.vn\/wp-content\/uploads\/2021\/04\/gdc-300x201.jpg 300w, https:\/\/havamall.vn\/wp-content\/uploads\/2021\/04\/gdc-430x288.jpg 430w, https:\/\/havamall.vn\/wp-content\/uploads\/2021\/04\/gdc-150x101.jpg 150w, https:\/\/havamall.vn\/wp-content\/uploads\/2021\/04\/gdc-700x469.jpg 700w, https:\/\/havamall.vn\/wp-content\/uploads\/2021\/04\/gdc-768x515.jpg 768w, https:\/\/havamall.vn\/wp-content\/uploads\/2021\/04\/gdc-600x402.jpg 600w, https:\/\/havamall.vn\/wp-content\/uploads\/2021\/04\/gdc.jpg 800w\" sizes=\"(max-width: 569px) 100vw, 569px\" \/><\/p>\n<p><span style=\"font-weight: 400;\">M\u1ed9t \u01b0u \u0111i\u1ec3m cu\u1ed1i c\u00f9ng nh\u01b0ng r\u1ea5t quan tr\u1ecdng c\u1ee7a b\u1ed9t g\u1ea1o l\u00e0 h\u00e0m l\u01b0\u1ee3ng protein \u0111\u00e1ng k\u1ec3 c\u1ee7a n\u00f3. \u0110i\u1ec1u n\u00e0y l\u00e0m cho b\u1ed9t g\u1ea1o tr\u1edf th\u00e0nh s\u1ef1 l\u1ef1a ch\u1ecdn h\u00e0ng \u0111\u1ea7u cho nh\u1eefng ng\u01b0\u1eddi mu\u1ed1n t\u0103ng th\u00eam c\u01a1 b\u1eafp, v\u00ec protein h\u1ed7 tr\u1ee3 qu\u00e1 tr\u00ecnh \u0111\u00f3. B\u1ea1n h\u00e3y th\u1eed thay th\u1ebf b\u1ed9t m\u00ec th\u00f4ng th\u01b0\u1eddng b\u1eb1ng b\u1ed9t g\u1ea1o \u0111\u1ec3 t\u0103ng th\u00eam protein.<\/span><\/p>\n<p><img loading=\"lazy\" decoding=\"async\" class=\"wp-image-19755 aligncenter\" src=\"https:\/\/havamall.vn\/wp-content\/uploads\/2021\/04\/fjnckmz-212x300.jpg\" alt=\"\" width=\"564\" height=\"798\" srcset=\"https:\/\/havamall.vn\/wp-content\/uploads\/2021\/04\/fjnckmz-212x300.jpg 212w, https:\/\/havamall.vn\/wp-content\/uploads\/2021\/04\/fjnckmz-430x608.jpg 430w, https:\/\/havamall.vn\/wp-content\/uploads\/2021\/04\/fjnckmz-150x212.jpg 150w, https:\/\/havamall.vn\/wp-content\/uploads\/2021\/04\/fjnckmz-700x990.jpg 700w, https:\/\/havamall.vn\/wp-content\/uploads\/2021\/04\/fjnckmz-768x1086.jpg 768w, https:\/\/havamall.vn\/wp-content\/uploads\/2021\/04\/fjnckmz-724x1024.jpg 724w, https:\/\/havamall.vn\/wp-content\/uploads\/2021\/04\/fjnckmz-1200x1697.jpg 1200w, https:\/\/havamall.vn\/wp-content\/uploads\/2021\/04\/fjnckmz-600x849.jpg 600w, https:\/\/havamall.vn\/wp-content\/uploads\/2021\/04\/fjnckmz-scaled.jpg 1810w\" sizes=\"(max-width: 564px) 100vw, 564px\" \/><\/p>\n<p><span style=\"font-weight: 400;\">B\u1ed9t g\u1ea1o l\u00e0 m\u1ed9t l\u1ef1a ch\u1ecdn tuy\u1ec7t v\u1eddi v\u00e0 hi\u1ec7u qu\u1ea3 cao \u0111\u1ec3 l\u00e0m s\u1ea1ch v\u00e0 t\u1ea9y t\u1ebf b\u00e0o ch\u1ebft tr\u00ean da, tr\u1ea3 l\u1ea1i cho b\u1ea1n v\u1ebb ngo\u00e0i t\u01b0\u01a1i s\u00e1ng v\u00e0 tr\u1ebb trung.<\/span><\/p>\n<p><span style=\"font-weight: 400;\">B\u1ed9t g\u1ea1o th\u01b0\u1eddng \u0111\u01b0\u1ee3c s\u1eed d\u1ee5ng \u0111\u1ec3 t\u1ea1o c\u1ea5u tr\u00fac trong b\u00e1nh n\u01b0\u1edbng, \u0111\u1ec3 l\u00e0m \u0111\u1eb7c n\u01b0\u1edbc s\u1ed1t ho\u1eb7c l\u00e0m l\u1edbp ph\u1ee7 cho th\u1ef1c ph\u1ea9m. N\u00f3 li\u00ean k\u1ebft t\u1ed1t, c\u00f3 v\u1ecb ngon v\u00e0 r\u1ea5t d\u1ec5 s\u1eed d\u1ee5ng.<\/span><\/p>\n<p><img loading=\"lazy\" decoding=\"async\" class=\"aligncenter\" src=\"https:\/\/havamall.vn\/wp-content\/uploads\/2021\/04\/Turtle-Cheesecake-Brownies-2.jpg\" alt=\"Turtle Cheesecake Brownies - Away From the Box\" width=\"558\" height=\"739\" \/><\/p>\n<h4><strong>H\u01b0\u1edbng d\u1eabn s\u1eed d\u1ee5ng:\u00a0<\/strong><\/h4>\n<p><span style=\"font-weight: 400;\">&#8211; Th\u00eam 30-60% b\u1ed9t g\u1ea1o v\u00e0o b\u1ed9t m\u00ec \u0111\u1ec3 t\u1ea1o n\u00ean h\u1ed7n h\u1ee3p b\u1ed9t cho m\u1ecdi m\u1ee5c \u0111\u00edch s\u1eed d\u1ee5ng<\/span><\/p>\n<p><span style=\"font-weight: 400;\">&#8211; B\u1ed9t g\u1ea1o th\u01b0\u1eddng \u0111\u01b0\u1ee3c s\u1eed d\u1ee5ng\u00a0 trong c\u00e1c m\u00f3n b\u00e1nh : Yogurt Pancakes, cookies, Cheesecake Brownies, Lamingtons, angel food cake, Chocolate cupcakes, Flaky Pie Pastry.<\/span><\/p>\n<p><span style=\"font-weight: 400;\">&#8211; Ngo\u00e0i ra, b\u1ed9t g\u1ea1o c\u00f3 th\u1ec3 l\u00e0m m\u00ec \u1ed1ng, b\u00e1nh quy, b\u00e1nh ng\u1ecdt.<\/span><\/p>\n<p><span style=\"font-weight: 400;\">&#8211; \u0110\u1ec3 l\u00e0m h\u1ed7n h\u1ee3p t\u1ea9y da ch\u1ebft b\u1eb1ng b\u1ed9t g\u1ea1o, b\u1ea1n n\u00ean tr\u1ed9n m\u1ed9t l\u01b0\u1ee3ng b\u1ed9t g\u1ea1o ph\u00f9 h\u1ee3p v\u1edbi m\u1eadt ong v\u00e0 \u0111\u01b0\u1eddng. Th\u00eam n\u01b0\u1edbc \u0111\u1ec3 l\u00e0m l\u1ecfng h\u1ed7n h\u1ee3p v\u00e0 b\u1ea1n c\u00f3 th\u1ec3 th\u1eed th\u00eam v\u00e0i gi\u1ecdt chanh.<\/span><\/p>\n<p>S\u1ea3n ph\u1ea9m hi\u1ec7n \u0111\u00e3 c\u00f3 m\u1eb7t t\u1ea1i Havamall.<\/p>","protected":false},"excerpt":{"rendered":"<p>ProBios \u0111\u01b0\u1ee3c th\u00e0nh l\u1eadp t\u1eeb n\u0103m 1978 t\u1ea1i Florence \u2013 \u00dd.\u00a0B\u1eb1ng vi\u1ec7c s\u1ea3n xu\u1ea5t th\u1ef1c ph\u1ea9m h\u1eefu c\u01a1, ProBios \u0111\u00e3<\/p>","protected":false},"featured_media":21144,"comment_status":"open","ping_status":"closed","template":"","meta":[],"product_brand":[],"product_cat":[255,256,36,134],"product_tag":[],"class_list":{"0":"post-19563","1":"product","2":"type-product","3":"status-publish","4":"has-post-thumbnail","6":"product_cat-nguyen-lieu-lam-banh","7":"product_cat-thuc-pham-huu-co","8":"product_cat-thuc-pham-tieu-dung","9":"product_cat-thucpham-saykho","10":"pa_brand-probios","12":"first","13":"outofstock","14":"sale","15":"shipping-taxable","16":"purchasable","17":"product-type-simple"},"_links":{"self":[{"href":"https:\/\/havamall.vn\/en\/wp-json\/wp\/v2\/product\/19563"}],"collection":[{"href":"https:\/\/havamall.vn\/en\/wp-json\/wp\/v2\/product"}],"about":[{"href":"https:\/\/havamall.vn\/en\/wp-json\/wp\/v2\/types\/product"}],"replies":[{"embeddable":true,"href":"https:\/\/havamall.vn\/en\/wp-json\/wp\/v2\/comments?post=19563"}],"version-history":[{"count":0,"href":"https:\/\/havamall.vn\/en\/wp-json\/wp\/v2\/product\/19563\/revisions"}],"wp:featuredmedia":[{"embeddable":true,"href":"https:\/\/havamall.vn\/en\/wp-json\/wp\/v2\/media\/21144"}],"wp:attachment":[{"href":"https:\/\/havamall.vn\/en\/wp-json\/wp\/v2\/media?parent=19563"}],"wp:term":[{"taxonomy":"product_brand","embeddable":true,"href":"https:\/\/havamall.vn\/en\/wp-json\/wp\/v2\/product_brand?post=19563"},{"taxonomy":"product_cat","embeddable":true,"href":"https:\/\/havamall.vn\/en\/wp-json\/wp\/v2\/product_cat?post=19563"},{"taxonomy":"product_tag","embeddable":true,"href":"https:\/\/havamall.vn\/en\/wp-json\/wp\/v2\/product_tag?post=19563"}],"curies":[{"name":"wp","href":"https:\/\/api.w.org\/{rel}","templated":true}]}}