{"id":19554,"date":"2021-04-28T14:30:08","date_gmt":"2021-04-28T07:30:08","guid":{"rendered":"https:\/\/havamall.vn\/?post_type=product&#038;p=19554"},"modified":"2021-08-17T19:17:07","modified_gmt":"2021-08-17T12:17:07","slug":"bot-tao-spirulina-huu-co-sottolestelle-organic-spirulina-powder-200g","status":"publish","type":"product","link":"https:\/\/havamall.vn\/en\/shop\/bot-tao-spirulina-huu-co-sottolestelle-organic-spirulina-powder-200g\/","title":{"rendered":"B\u1ed9t T\u1ea3o Spirulina H\u1eefu C\u01a1 &#8211; Sottolestelle Organic Spirulina Powder 200g"},"content":{"rendered":"<table>\n<tbody>\n<tr>\n<td>Th\u01b0\u01a1ng hi\u1ec7u<\/td>\n<td>Dalla Costa<\/td>\n<\/tr>\n<tr>\n<td>Xu\u1ea5t x\u1ee9<\/td>\n<td>\u00dd<\/td>\n<\/tr>\n<tr>\n<td>Th\u00e0nh ph\u1ea7n<\/td>\n<td>100% t\u1ea3o Spirulina h\u1eefu c\u01a1<\/td>\n<\/tr>\n<tr>\n<td>H\u1ea1n s\u1eed d\u1ee5ng<\/td>\n<td>36 th\u00e1ng k\u1ec3 t\u1eeb ng\u00e0y s\u1ea3n xu\u1ea5t.<\/td>\n<\/tr>\n<tr>\n<td>B\u1ea3o qu\u1ea3n<\/td>\n<td>\u0110\u1ec3 n\u01a1i kh\u00f4 r\u00e1o, tho\u00e1ng m\u00e1t, tr\u00e1nh \u00e1nh n\u1eafng tr\u1ef1c ti\u1ebfp<\/td>\n<\/tr>\n<tr>\n<td>Kh\u1ed1i l\u01b0\u1ee3ng t\u1ecbnh<\/td>\n<td>200g<\/td>\n<\/tr>\n<\/tbody>\n<\/table>\n<p><span style=\"font-weight: 400\">T\u1ea3o Spirulina xu\u1ea5t hi\u1ec7n c\u00e1ch \u0111\u00e2y 3 t\u1ef7 n\u0103m, l\u00e0 m\u1ed9t lo\u00e0i vi t\u1ea3o c\u00f3 d\u1ea1ng xo\u1eafn h\u00ecnh l\u00f2 xo, m\u00e0u l\u1ee5c v\u1edbi k\u00edch th\u01b0\u1edbc ch\u1ec9 kho\u1ea3ng 0,25mm. Sau khi nghi\u00ean c\u1ee9u t\u1ef7 m\u1ef7, Spirulina \u0111\u01b0\u1ee3c d\u00f9ng cho c\u00e1c nh\u00e0 du h\u00e0nh v\u0169 tr\u1ee5.<\/span><\/p>\n<p><img fetchpriority=\"high\" decoding=\"async\" class=\" wp-image-19555 aligncenter\" src=\"https:\/\/havamall.vn\/wp-content\/uploads\/2021\/04\/06f08c4081f99568b915aa6fe821ce04-300x188.png\" alt=\"\" width=\"595\" height=\"373\" srcset=\"https:\/\/havamall.vn\/wp-content\/uploads\/2021\/04\/06f08c4081f99568b915aa6fe821ce04-300x188.png 300w, https:\/\/havamall.vn\/wp-content\/uploads\/2021\/04\/06f08c4081f99568b915aa6fe821ce04-430x270.png 430w, https:\/\/havamall.vn\/wp-content\/uploads\/2021\/04\/06f08c4081f99568b915aa6fe821ce04-150x94.png 150w, https:\/\/havamall.vn\/wp-content\/uploads\/2021\/04\/06f08c4081f99568b915aa6fe821ce04-700x440.png 700w, https:\/\/havamall.vn\/wp-content\/uploads\/2021\/04\/06f08c4081f99568b915aa6fe821ce04-768x482.png 768w, https:\/\/havamall.vn\/wp-content\/uploads\/2021\/04\/06f08c4081f99568b915aa6fe821ce04-1024x643.png 1024w, https:\/\/havamall.vn\/wp-content\/uploads\/2021\/04\/06f08c4081f99568b915aa6fe821ce04-1200x754.png 1200w, https:\/\/havamall.vn\/wp-content\/uploads\/2021\/04\/06f08c4081f99568b915aa6fe821ce04-600x377.png 600w, https:\/\/havamall.vn\/wp-content\/uploads\/2021\/04\/06f08c4081f99568b915aa6fe821ce04.png 1990w\" sizes=\"(max-width: 595px) 100vw, 595px\" \/><\/p>\n<p><span style=\"font-weight: 400\">T\u1ea3o Spirulina l\u00e0 m\u1ed9t si\u00eau th\u1ef1c ph\u1ea9m t\u1ef1 nhi\u00ean m\u00e0 con ng\u01b0\u1eddi \u0111\u01b0\u1ee3c bi\u1ebft \u0111\u1ebfn cho t\u1edbi nay. N\u00f3 gi\u00e0u \u0111\u1ea1m nh\u1ea5t, c\u00f3 \u0111\u1ea7y \u0111\u1ee7 18 acide amin quan tr\u1ecdng nh\u1ea5t cho c\u01a1 th\u1ec3, r\u1ea5t gi\u00e0u vitamin nh\u00f3m B, D, K, E\u2026, \u0111\u1eb7c bi\u1ec7t l\u00e0 vitamin B12, gi\u00e0u kho\u00e1ng ch\u1ea5t v\u00e0 c\u00e1c y\u1ebfu t\u1ed1 vi l\u01b0\u1ee3ng nh\u01b0, s\u1eaft, calcium, magie, k\u1ebdm\u2026 Spirulina tr\u1edf n\u00ean huy\u1ec1n di\u1ec7u v\u00ec ch\u1ee9a nhi\u1ec1u Beta-carotene, Chlorophyll, Phycocyamin, c\u00e1c acide b\u00e9o kh\u00f4ng no r\u1ea5t quan tr\u1ecdng GLA, Omega 3 v\u00e0 nhi\u1ec1u ho\u1ea1t ch\u1ea5t sinh h\u1ecdc qu\u00fd gi\u00e1 kh\u00e1c. Nh\u1eefng vi ch\u1ea5t sinh h\u1ecdc c\u00f3 ngu\u1ed3n g\u1ed1c th\u1ef1c v\u1eadt n\u00e0y gi\u00fap cho c\u01a1 th\u1ec3 n\u00e2ng cao mi\u1ec5n d\u1ecbch, ch\u1ed1ng ung th\u01b0, t\u1ea9y r\u1eeda \u0111\u1ed9c t\u1ed1, ch\u1ed1ng ph\u00f3ng x\u1ea1, c\u1ea3i thi\u1ec7n tim m\u1ea1ch, b\u1ed3i b\u1ed5 c\u01a1 th\u1ec3, ph\u00f2ng b\u1ec7nh ti\u1ec3u \u0111\u01b0\u1eddng, ch\u1ed1ng t\u00e1o b\u00f3n.<\/span><\/p>\n<p><img decoding=\"async\" class=\"aligncenter\" src=\"https:\/\/havamall.vn\/wp-content\/uploads\/2021\/04\/b951.jpg\" alt=\"Spirulina algae | The Extraordinary Benefits of Spirulina Powder\" width=\"589\" height=\"331\" \/><\/p>\n<p><span style=\"font-weight: 400\">Spirulina ch\u1ee9a nhi\u1ec1u s\u1eaft h\u01a1n c\u1ea3 ph\u1ea7n th\u0103n th\u1ecbt b\u00f2, nhi\u1ec1u can-xi h\u01a1n ph\u00f4-mai v\u00e0 nhi\u1ec1u x\u01a1 h\u01a1n m\u1eadn \u0111en. L\u01b0\u1ee3ng vitamin B12 cao g\u1ea5p 2 l\u1ea7n gan b\u00f2, vitamin B12 c\u1ea7n thi\u1ebft cho vi\u1ec7c s\u1ea3n xu\u1ea5t t\u1ebf b\u00e0o h\u1ed3ng c\u1ea7u, th\u01b0\u1eddng b\u1ecb \u00edt trong th\u1ef1c \u0111\u01a1n c\u1ee7a ng\u01b0\u1eddi thu\u1ea7n chay [vegan].<\/span><\/p>\n<p><img decoding=\"async\" class=\"aligncenter\" src=\"https:\/\/havamall.vn\/wp-content\/uploads\/2021\/04\/spring-pea-asparagus-soup-6.jpg\" alt=\"Creamy Vegan Asparagus Soup | Crowded Kitchen\" width=\"592\" height=\"888\" \/><\/p>\n<p><span style=\"font-weight: 400\">Spirulina r\u1ea5t gi\u00e0u protein, t\u1ef7 tr\u1ecdng \u0111\u1ea1m chi\u1ebfm t\u1edbi 60-70% tr\u1ecdng l\u01b0\u1ee3ng kh\u00f4 c\u1ee7a t\u1ea3o. Ch\u1ec9 s\u1ed1 chemical score \u2013 C.S protein c\u1ee7a t\u1ea3o r\u1ea5t cao trong \u0111\u00f3 c\u00e1c lo\u1ea1i acid amin.<\/span><\/p>\n<p><img loading=\"lazy\" decoding=\"async\" class=\" wp-image-19759 aligncenter\" src=\"https:\/\/havamall.vn\/wp-content\/uploads\/2021\/04\/fczsx-300x202.jpg\" alt=\"\" width=\"587\" height=\"396\" srcset=\"https:\/\/havamall.vn\/wp-content\/uploads\/2021\/04\/fczsx-300x202.jpg 300w, https:\/\/havamall.vn\/wp-content\/uploads\/2021\/04\/fczsx-430x290.jpg 430w, https:\/\/havamall.vn\/wp-content\/uploads\/2021\/04\/fczsx-150x101.jpg 150w, https:\/\/havamall.vn\/wp-content\/uploads\/2021\/04\/fczsx-700x472.jpg 700w, https:\/\/havamall.vn\/wp-content\/uploads\/2021\/04\/fczsx-768x518.jpg 768w, https:\/\/havamall.vn\/wp-content\/uploads\/2021\/04\/fczsx-1024x691.jpg 1024w, https:\/\/havamall.vn\/wp-content\/uploads\/2021\/04\/fczsx-1200x810.jpg 1200w, https:\/\/havamall.vn\/wp-content\/uploads\/2021\/04\/fczsx-600x405.jpg 600w, https:\/\/havamall.vn\/wp-content\/uploads\/2021\/04\/fczsx.jpg 2048w\" sizes=\"(max-width: 587px) 100vw, 587px\" \/><\/p>\n<p><span style=\"font-weight: 400\">Trong 100g t\u1ea3o Spirulina ch\u1ee9a t\u1edbi 1g (1%) acid gama linolenic ti\u1ec1n th\u00e2n c\u1ee7a prostaglandin, c\u00f3 t\u00e1c d\u1ee5ng ch\u1ed1ng v\u1eefa x\u01a1 \u0111\u1ed9ng m\u1ea1ch, \u0111i\u1ec1u h\u00f2a huy\u1ebft \u00e1p, b\u1ea3o v\u1ec7 gan v\u00e0 c\u00e1c t\u1ebf b\u00e0o th\u1ea7n kinh. Caroten cao g\u1ea5p 10 l\u1ea7n trong c\u1ee7 c\u00e0 r\u1ed1t. S\u1eafc t\u1ed1 phycoyanin, c\u00e1c nguy\u00ean t\u1ed1 vi l\u01b0\u1ee3ng nh\u01b0 K, Mg, Fe, Mn, Zn c\u0169ng r\u1ea5t cao c\u00f3 l\u1ee3i cho ho\u1ea1t \u0111\u1ed9ng c\u1ee7a h\u1ec7 th\u1ea7n kinh v\u00e0 tim m\u1ea1ch, ch\u1ed1ng l\u00e3o h\u00f3a ng\u0103n ng\u1eeba b\u1ec7nh ung th\u01b0 v\u00e0 k\u00edch th\u00edch s\u1ef1 \u0111\u00e1p \u1ee9ng mi\u1ec5n d\u1ecbch c\u1ee7a c\u01a1 th\u1ec3 \u0111\u1ed1i v\u1edbi c\u00e1c t\u00e1c nh\u00e2n c\u00f3 h\u1ea1i t\u1eeb b\u00ean ngo\u00e0i.<\/span><\/p>\n<p><img loading=\"lazy\" decoding=\"async\" class=\"aligncenter\" src=\"https:\/\/havamall.vn\/wp-content\/uploads\/2021\/04\/tao-xoan-spirulina-than-duoc-giup-danh-bay-tri1.jpg\" alt=\"T\u1ea3o xo\u1eafn Spirulina c\u00f3 ch\u1ee9a nhi\u1ec1u gi\u00e1 tr\u1ecb dinh d\u01b0\u1ee1ng.\" width=\"583\" height=\"438\" \/><\/p>\n<h4><strong>C\u00f4ng d\u1ee5ng c\u1ee7a t\u1ea3o Spirulina \u0111\u1ed1i v\u1edbi s\u1ee9c kh\u1ecfe:<\/strong><\/h4>\n<p>&#8211; C\u00f3 kh\u1ea3 n\u0103ng b\u1ed5 sung dinh d\u01b0\u1ee1ng, protein hi\u1ec7u qu\u1ea3 cho c\u01a1 th\u1ec3.<\/p>\n<p>&#8211; T\u0103ng c\u01b0\u1eddng h\u1ec7 mi\u1ec5n d\u1ecbch, gi\u00fap c\u01a1 th\u1ec3 ph\u00f2ng ng\u1eeba b\u1ec7nh t\u1eadt v\u00e0 ph\u1ee5c h\u1ed3i sau khi \u1ed1m d\u1eady.<\/p>\n<p>&#8211; Gi\u1ea3i \u0111\u1ed9c v\u00e0 thanh l\u1ecdc c\u01a1 th\u1ec3.<\/p>\n<p>&#8211; B\u1ed5 sung c\u00e1c ch\u1ea5t ch\u1ed1ng oxy h\u00f3a quan tr\u1ecdng, ng\u0103n ng\u1eeba l\u00e3o h\u00f3a, gi\u1eef v\u1ebb \u0111\u1eb9p t\u01b0\u01a1i tr\u1ebb cho l\u00e0n da.<\/p>\n<p>&#8211; \u1ed4n \u0111\u1ecbnh huy\u1ebft \u00e1p.<\/p>\n<p>&#8211; Gi\u1ea3m cholesterol, gi\u1ea3m m\u1ee1 trong m\u00e1u, h\u1ed7 tr\u1ee3 \u0111i\u1ec1u tr\u1ecb c\u00e1c b\u1ec7nh v\u1ec1 tim m\u1ea1ch v\u00e0 ti\u1ec3u \u0111\u01b0\u1eddng, \u1ed5n \u0111\u1ecbnh ch\u1ee9c n\u0103ng gan.<\/p>\n<p>&#8211; H\u1ed7 tr\u1ee3 ti\u00eau h\u00f3a, gi\u00fap ki\u1ec3m so\u00e1t c\u00e2n n\u1eb7ng.<\/p>\n<p>&#8211; Gi\u1ea3m c\u0103ng th\u1eb3ng, m\u1ec7t m\u1ecfi.<\/p>\n<p>&#8211; T\u0103ng c\u01b0\u1eddng th\u1ecb l\u1ef1c<\/p>\n<p><img loading=\"lazy\" decoding=\"async\" class=\"aligncenter\" src=\"https:\/\/havamall.vn\/wp-content\/uploads\/2021\/04\/spirulina-soup-catalina.jpg\" alt=\"10 c\u00e1ch ch\u1ebf bi\u1ebfn T\u1ea3o xo\u1eafn Spirulina an to\u00e0n cho s\u1ee9c kh\u1ecfe\" width=\"581\" height=\"375\" \/><\/p>\n<h4><strong>H\u01b0\u1edbng d\u1eabn s\u1eed d\u1ee5ng:<\/strong><\/h4>\n<p><span style=\"font-weight: 400\">&#8211; Cho tr\u1ebb em \u0103n b\u1ed9t qu\u1ea5y v\u1edbi t\u1ea3o thay th\u1ecbt: nh\u00e0 t\u00f4i d\u00f9ng Spirulina d\u1ea1ng b\u1ed9t, cho v\u00e0o ch\u00e1o nghi\u1ec1n \u0111\u1ed5 ch\u00e1o ra \u0111\u0129a, x\u00fac m\u1ed9t l\u01b0\u1ee3ng t\u1ea3o b\u1eb1ng ba h\u1ea1t ng\u00f4, th\u00eam v\u00e0i gi\u1ecdt d\u1ea7u v\u1eebng.<\/span><\/p>\n<p><span style=\"font-weight: 400\">&#8211; C\u00e1c d\u1ea1ng s\u00fap xay nh\u01b0 b\u00ed ng\u00f4, m\u0103ng t\u00e2y, khoai t\u00e2y, c\u00e0 chua\u2026 th\u00eam Spirulina \u0111\u1ec1u h\u1ee3p v\u1ecb.<\/span><\/p>\n<p><span style=\"font-weight: 400\">&#8211; C\u00f3 th\u1ec3 th\u00eam b\u1ed9t t\u1ea3o v\u00e0o n\u01b0\u1edbc sinh t\u1ed1 rau c\u1ee7 qu\u1ea3. Th\u00eam v\u00e0o s\u1eefa \u0111\u1eadu xanh. Spirulina kh\u00f4ng tanh kh\u00f4ng m\u1eb7n, r\u1ea5t d\u1ec5 u\u1ed1ng.<\/span><\/p>\n<p><span style=\"font-weight: 400\">&#8211; Ph\u1ee5 n\u1eef \u0111ang cho con b\u00fa r\u1ea5t n\u00ean d\u00f9ng \u0111\u1ec1u h\u1eb1ng ng\u00e0y.<\/span><\/p>\n<p>S\u1ea3n ph\u1ea9m hi\u1ec7n \u0111\u00e3 c\u00f3 m\u1eb7t t\u1ea1i Havamall.<\/p>\n","protected":false},"excerpt":{"rendered":"<p><span style=\"font-weight: 400\">Spirulina ch\u1ee9a nhi\u1ec1u s\u1eaft h\u01a1n c\u1ea3 ph\u1ea7n th\u0103n th\u1ecbt b\u00f2, nhi\u1ec1u can-xi h\u01a1n ph\u00f4-mai v\u00e0 nhi\u1ec1u x\u01a1 h\u01a1n m\u1eadn \u0111en. L\u01b0\u1ee3ng vitamin B12 cao g\u1ea5p 2 l\u1ea7n gan b\u00f2, vitamin B12 c\u1ea7n thi\u1ebft cho vi\u1ec7c s\u1ea3n xu\u1ea5t t\u1ebf b\u00e0o h\u1ed3ng c\u1ea7u, th\u01b0\u1eddng b\u1ecb \u00edt trong th\u1ef1c \u0111\u01a1n c\u1ee7a ng\u01b0\u1eddi thu\u1ea7n chay [vegan].<\/span><\/p>\n<p><span style=\"font-weight: 400\">Spirulina r\u1ea5t gi\u00e0u protein, t\u1ef7 tr\u1ecdng \u0111\u1ea1m chi\u1ebfm t\u1edbi 60-70% tr\u1ecdng l\u01b0\u1ee3ng kh\u00f4 c\u1ee7a t\u1ea3o. Ch\u1ec9 s\u1ed1 chemical score \u2013 C.S protein c\u1ee7a t\u1ea3o r\u1ea5t cao trong \u0111\u00f3 c\u00e1c lo\u1ea1i acid amin.<\/span><\/p>\n","protected":false},"featured_media":19556,"comment_status":"open","ping_status":"closed","template":"","meta":[],"product_brand":[],"product_cat":[256,36,134],"product_tag":[],"class_list":{"0":"post-19554","1":"product","2":"type-product","3":"status-publish","4":"has-post-thumbnail","6":"product_cat-thuc-pham-huu-co","7":"product_cat-thuc-pham-tieu-dung","8":"product_cat-thucpham-saykho","9":"pa_brand-sottolestell","11":"first","12":"outofstock","13":"sale","14":"shipping-taxable","15":"purchasable","16":"product-type-simple"},"_links":{"self":[{"href":"https:\/\/havamall.vn\/en\/wp-json\/wp\/v2\/product\/19554"}],"collection":[{"href":"https:\/\/havamall.vn\/en\/wp-json\/wp\/v2\/product"}],"about":[{"href":"https:\/\/havamall.vn\/en\/wp-json\/wp\/v2\/types\/product"}],"replies":[{"embeddable":true,"href":"https:\/\/havamall.vn\/en\/wp-json\/wp\/v2\/comments?post=19554"}],"version-history":[{"count":0,"href":"https:\/\/havamall.vn\/en\/wp-json\/wp\/v2\/product\/19554\/revisions"}],"wp:featuredmedia":[{"embeddable":true,"href":"https:\/\/havamall.vn\/en\/wp-json\/wp\/v2\/media\/19556"}],"wp:attachment":[{"href":"https:\/\/havamall.vn\/en\/wp-json\/wp\/v2\/media?parent=19554"}],"wp:term":[{"taxonomy":"product_brand","embeddable":true,"href":"https:\/\/havamall.vn\/en\/wp-json\/wp\/v2\/product_brand?post=19554"},{"taxonomy":"product_cat","embeddable":true,"href":"https:\/\/havamall.vn\/en\/wp-json\/wp\/v2\/product_cat?post=19554"},{"taxonomy":"product_tag","embeddable":true,"href":"https:\/\/havamall.vn\/en\/wp-json\/wp\/v2\/product_tag?post=19554"}],"curies":[{"name":"wp","href":"https:\/\/api.w.org\/{rel}","templated":true}]}}