{"id":19523,"date":"2021-04-27T17:25:28","date_gmt":"2021-04-27T10:25:28","guid":{"rendered":"https:\/\/havamall.vn\/?post_type=product&#038;p=19523"},"modified":"2021-04-28T17:23:37","modified_gmt":"2021-04-28T10:23:37","slug":"nui-rau-cu-huu-co-cho-be-hinh-o-to-dilla-costa-300g","status":"publish","type":"product","link":"https:\/\/havamall.vn\/en\/shop\/nui-rau-cu-huu-co-cho-be-hinh-o-to-dilla-costa-300g\/","title":{"rendered":"Nui Rau C\u1ee7 H\u1eefu C\u01a1 Cho B\u00e9 H\u00ecnh \u00d4 T\u00f4 Dalla Costa 300g"},"content":{"rendered":"<table>\n<tbody>\n<tr>\n<td>Th\u01b0\u01a1ng hi\u1ec7u<\/td>\n<td>Dalla Costa<\/td>\n<\/tr>\n<tr>\n<td>Xu\u1ea5t x\u1ee9<\/td>\n<td>\u00dd<\/td>\n<\/tr>\n<tr>\n<td>Th\u00e0nh ph\u1ea7n<\/td>\n<td>B\u1ed9t m\u00ec Semolina h\u1eefu c\u01a1, b\u1ed9t c\u00e0 chua h\u1eefu c\u01a1 3%, b\u1ed9t c\u1ea3i b\u00f3 x\u00f4i h\u1eefu c\u01a1 1,5%.<\/td>\n<\/tr>\n<tr>\n<td>H\u1ea1n s\u1eed d\u1ee5ng<\/td>\n<td>36 th\u00e1ng k\u1ec3 t\u1eeb ng\u00e0y s\u1ea3n xu\u1ea5t.<\/td>\n<\/tr>\n<tr>\n<td>B\u1ea3o qu\u1ea3n<\/td>\n<td>\u0110\u1ec3 n\u01a1i kh\u00f4 r\u00e1o, tho\u00e1ng m\u00e1t, tr\u00e1nh \u00e1nh n\u1eafng tr\u1ef1c ti\u1ebfp<\/td>\n<\/tr>\n<tr>\n<td>Kh\u1ed1i l\u01b0\u1ee3ng t\u1ecbnh<\/td>\n<td>300g<\/td>\n<\/tr>\n<\/tbody>\n<\/table>\n<p><span style=\"font-weight: 400\">D\u00f2ng Disney Pasta thu\u1ed9c th\u01b0\u01a1ng hi\u1ec7u Dalla Costa v\u1edbi nhi\u1ec1u h\u00ecnh th\u00f9 l\u00e0 c\u00e1c nh\u00e2n v\u1eadt n\u1ed5i ti\u1ebfng thu\u1ed9c th\u1ebf gi\u1edbi Disney \u0111\u00e3 qu\u00e1 quen thu\u1ed9c v\u1edbi t\u1ea5t c\u1ea3 ch\u00fang ta, nh\u1eefng ng\u01b0\u1eddi \u0111\u00e3 t\u1eebng l\u00e0 \u201cFan C\u1ee9ng&#8221; c\u1ee7a phim ho\u1ea1t h\u00ecnh Walt Disney.<\/span><\/p>\n<p><span style=\"font-weight: 400\">Disney Pasta l\u00e0 m\u1ed9t s\u1ea3n ph\u1ea9m ch\u1ea5t l\u01b0\u1ee3ng cao, trong \u0111\u00f3 c\u00e1c kh\u00eda c\u1ea1nh dinh d\u01b0\u1ee1ng v\u00e0 vui t\u01b0\u01a1i c\u00f9ng t\u1ed3n t\u1ea1i m\u1ed9t c\u00e1ch vui v\u1ebb, do \u0111\u00f3 l\u00e0 s\u1ef1 l\u1ef1a ch\u1ecdn s\u1ed1 1 cho c\u00e1c b\u1eadc cha m\u1eb9 mong mu\u1ed1n mang \u0111\u1ebfn cho con y\u00eau m\u1ed9t s\u1ea3n ph\u1ea9m tuy\u1ec7t v\u1eddi v\u00e0 \u0111\u1ed3ng th\u1eddi \u201cvui nh\u1ed9n\u201d, \u0111\u1ec3 b\u00e9 c\u00f3 th\u1ec3 d\u1ec5 d\u00e0ng kh\u00e1m ph\u00e1, vui ch\u01a1i, t\u1eadn h\u01b0\u1edfng nh\u1eefng b\u1eefa \u0103n l\u00e0nh m\u1ea1nh v\u00e0 vui v\u1ebb.<\/span><\/p>\n<p><img fetchpriority=\"high\" decoding=\"async\" class=\"wp-image-19524 aligncenter\" src=\"https:\/\/havamall.vn\/wp-content\/uploads\/2021\/04\/8ced27cd8714a4be2ce5b9aa915902c2-300x300.jpg\" alt=\"\" width=\"558\" height=\"558\" srcset=\"https:\/\/havamall.vn\/wp-content\/uploads\/2021\/04\/8ced27cd8714a4be2ce5b9aa915902c2-300x300.jpg 300w, https:\/\/havamall.vn\/wp-content\/uploads\/2021\/04\/8ced27cd8714a4be2ce5b9aa915902c2-430x430.jpg 430w, https:\/\/havamall.vn\/wp-content\/uploads\/2021\/04\/8ced27cd8714a4be2ce5b9aa915902c2-150x150.jpg 150w, https:\/\/havamall.vn\/wp-content\/uploads\/2021\/04\/8ced27cd8714a4be2ce5b9aa915902c2-700x700.jpg 700w, https:\/\/havamall.vn\/wp-content\/uploads\/2021\/04\/8ced27cd8714a4be2ce5b9aa915902c2-768x768.jpg 768w, https:\/\/havamall.vn\/wp-content\/uploads\/2021\/04\/8ced27cd8714a4be2ce5b9aa915902c2-600x600.jpg 600w, https:\/\/havamall.vn\/wp-content\/uploads\/2021\/04\/8ced27cd8714a4be2ce5b9aa915902c2-100x100.jpg 100w, https:\/\/havamall.vn\/wp-content\/uploads\/2021\/04\/8ced27cd8714a4be2ce5b9aa915902c2.jpg 942w\" sizes=\"(max-width: 558px) 100vw, 558px\" \/><\/p>\n<p><span style=\"font-weight: 400\">M\u1eb7t kh\u00e1c, v\u1edbi th\u00e0nh ph\u1ea7n tuy\u1ec3n ch\u1ecdn m\u00ec \u1ed1ng l\u00e0m t\u1eeb b\u1ed9t l\u00faa m\u00ec c\u1ee9ng ch\u1ea5t l\u01b0\u1ee3ng cao c\u1ee7a \u00dd v\u00e0 \u0111\u01b0\u1ee3c b\u1ed5 sung th\u00eam c\u00e1c lo\u1ea1i rau h\u1eefu c\u01a1 kh\u1eed n\u01b0\u1edbc nh\u01b0 c\u00e0 chua v\u00e0 rau bina Cung c\u1ea5p th\u00eam cho b\u00e9 ngu\u1ed3n vitamin A, vitamin C, Vitamin K. vitamin B1, t\u0103ng c\u01b0\u1eddng h\u1ec7 mi\u1ec5n d\u1ecbch v\u00e0 gi\u00fap x\u01b0\u01a1ng ch\u1eafc kh\u1ecfe.<\/span><\/p>\n<p><img decoding=\"async\" class=\"wp-image-19525 aligncenter\" src=\"https:\/\/havamall.vn\/wp-content\/uploads\/2021\/04\/49af0d852937cd19852d18edf0ff4fa0-300x300.jpg\" alt=\"\" width=\"562\" height=\"562\" srcset=\"https:\/\/havamall.vn\/wp-content\/uploads\/2021\/04\/49af0d852937cd19852d18edf0ff4fa0-300x300.jpg 300w, https:\/\/havamall.vn\/wp-content\/uploads\/2021\/04\/49af0d852937cd19852d18edf0ff4fa0-430x430.jpg 430w, https:\/\/havamall.vn\/wp-content\/uploads\/2021\/04\/49af0d852937cd19852d18edf0ff4fa0-150x150.jpg 150w, https:\/\/havamall.vn\/wp-content\/uploads\/2021\/04\/49af0d852937cd19852d18edf0ff4fa0-700x700.jpg 700w, https:\/\/havamall.vn\/wp-content\/uploads\/2021\/04\/49af0d852937cd19852d18edf0ff4fa0-768x768.jpg 768w, https:\/\/havamall.vn\/wp-content\/uploads\/2021\/04\/49af0d852937cd19852d18edf0ff4fa0-600x600.jpg 600w, https:\/\/havamall.vn\/wp-content\/uploads\/2021\/04\/49af0d852937cd19852d18edf0ff4fa0-100x100.jpg 100w, https:\/\/havamall.vn\/wp-content\/uploads\/2021\/04\/49af0d852937cd19852d18edf0ff4fa0.jpg 1024w\" sizes=\"(max-width: 562px) 100vw, 562px\" \/><\/p>\n<p><span style=\"font-weight: 400\">Nui c\u00f3 m\u00e0u s\u1eafc \u0111\u1eb9p m\u1eaft t\u1eeb th\u00e0nh ph\u1ea7n rau c\u1ee7 v\u00e0 t\u1eeb nguy\u00ean li\u1ec7u t\u1ed1t nh\u1ea5t t\u1eeb \u200b\u200bcanh t\u00e1c h\u1eefu c\u01a1 th\u00e0nh nh\u1eefng s\u1ea3n ph\u1ea9m c\u00f3 ch\u1ea5t l\u01b0\u1ee3ng cao nh\u1ea5t. Ho\u00e0n to\u00e0n kh\u00f4ng c\u00f3 ch\u1ea5t b\u1ea3o qu\u1ea3n, ch\u1ea5t t\u1ea1o m\u00e0u, ph\u1ee5 gia, h\u00f3a ch\u1ea5t.<\/span><\/p>\n<p><span style=\"font-weight: 400\">Nui cho b\u00e9 h\u00ecnh \u00d4 T\u00f4 Disney bao g\u1ed3m nh\u1eefng h\u00ecnh th\u00f9 ng\u1ed9 ngh\u0129nh l\u00e0 c\u00e1c nh\u00e2n v\u1eadt ho\u1ea1t h\u00ecnh thu\u1ed9c Series phim ho\u1ea1t h\u00ecnh \u201c V\u01b0\u01a1ng Qu\u1ed1c Xe H\u01a1i \u201c nh\u01b0 : Lightning McQueen; Mater; B\u00e1c s\u0129 Hudson\u2026.<\/span><\/p>\n<p><img decoding=\"async\" class=\"wp-image-19526 aligncenter\" src=\"https:\/\/havamall.vn\/wp-content\/uploads\/2021\/04\/dalla-costa-organic-cars-pasta-tricolor-300x204.png\" alt=\"\" width=\"567\" height=\"385\" srcset=\"https:\/\/havamall.vn\/wp-content\/uploads\/2021\/04\/dalla-costa-organic-cars-pasta-tricolor-300x204.png 300w, https:\/\/havamall.vn\/wp-content\/uploads\/2021\/04\/dalla-costa-organic-cars-pasta-tricolor-430x292.png 430w, https:\/\/havamall.vn\/wp-content\/uploads\/2021\/04\/dalla-costa-organic-cars-pasta-tricolor-150x102.png 150w, https:\/\/havamall.vn\/wp-content\/uploads\/2021\/04\/dalla-costa-organic-cars-pasta-tricolor-700x476.png 700w, https:\/\/havamall.vn\/wp-content\/uploads\/2021\/04\/dalla-costa-organic-cars-pasta-tricolor-768x522.png 768w, https:\/\/havamall.vn\/wp-content\/uploads\/2021\/04\/dalla-costa-organic-cars-pasta-tricolor-600x408.png 600w, https:\/\/havamall.vn\/wp-content\/uploads\/2021\/04\/dalla-costa-organic-cars-pasta-tricolor.png 1000w\" sizes=\"(max-width: 567px) 100vw, 567px\" \/><\/p>\n<h4><strong>H\u01b0\u1edbng d\u1eabn s\u1eed d\u1ee5ng:<\/strong><\/h4>\n<p><span style=\"font-weight: 400\">&gt;Lu\u1ed9c trong v\u00f2ng 7-9 ph\u00fat sau \u0111\u00f3 \u0111\u1ed5 ra r\u1ed5 cho r\u00e1o n\u01b0\u1edbc, cho th\u00eam \u00edt d\u1ea7u \u0103n ho\u1eb7c b\u01a1 tr\u1ed9n \u0111\u1ec1u \u0111\u1ec3 m\u00ec, nui kh\u00f4ng b\u1ecb d\u00ednh.<\/span><\/p>\n<p><span style=\"font-weight: 400\">&gt;N\u1ea5u n\u01b0\u1edbc d\u00f9ng t\u00f4m, th\u1ecbt hay rau c\u1ee7,\u2026 ho\u1eb7c x\u00e0o \u0111\u1ec1u ngon.<\/span><\/p>\n<p><span style=\"font-weight: 400\">&gt;M\u1eb9 c\u0169ng c\u00f3 th\u1ec3 n\u1ea5u n\u01b0\u1edbc d\u00f9ng tr\u01b0\u1edbc r\u1ed3i cho m\u00ec v\u1eeba v\u1edbi b\u1eefa \u0103n c\u1ee7a b\u00e9 v\u00e0o \u0111un th\u00eam kho\u1ea3ng 7 ph\u00fat l\u00e0 b\u1eefa \u0103n \u0111\u00e3 s\u1eb5n s\u00e0ng.<\/span><\/p>\n<p>S\u1ea3n ph\u1ea9m hi\u1ec7n \u0111\u00e3 c\u00f3 m\u1eb7t t\u1ea1i Havamall<\/p>","protected":false},"excerpt":{"rendered":"<p>Th\u01b0\u01a1ng hi\u1ec7u Dalla Costa Xu\u1ea5t x\u1ee9 \u00dd Th\u00e0nh ph\u1ea7n B\u1ed9t m\u00ec Semolina h\u1eefu c\u01a1, b\u1ed9t c\u00e0 chua h\u1eefu c\u01a1 3%,<\/p>","protected":false},"featured_media":19541,"comment_status":"open","ping_status":"closed","template":"","meta":[],"product_brand":[],"product_cat":[36,134],"product_tag":[],"class_list":{"0":"post-19523","1":"product","2":"type-product","3":"status-publish","4":"has-post-thumbnail","6":"product_cat-thuc-pham-tieu-dung","7":"product_cat-thucpham-saykho","8":"pa_brand-dalla-costa","10":"first","11":"instock","12":"sale","13":"shipping-taxable","14":"purchasable","15":"product-type-simple"},"_links":{"self":[{"href":"https:\/\/havamall.vn\/en\/wp-json\/wp\/v2\/product\/19523"}],"collection":[{"href":"https:\/\/havamall.vn\/en\/wp-json\/wp\/v2\/product"}],"about":[{"href":"https:\/\/havamall.vn\/en\/wp-json\/wp\/v2\/types\/product"}],"replies":[{"embeddable":true,"href":"https:\/\/havamall.vn\/en\/wp-json\/wp\/v2\/comments?post=19523"}],"version-history":[{"count":0,"href":"https:\/\/havamall.vn\/en\/wp-json\/wp\/v2\/product\/19523\/revisions"}],"wp:featuredmedia":[{"embeddable":true,"href":"https:\/\/havamall.vn\/en\/wp-json\/wp\/v2\/media\/19541"}],"wp:attachment":[{"href":"https:\/\/havamall.vn\/en\/wp-json\/wp\/v2\/media?parent=19523"}],"wp:term":[{"taxonomy":"product_brand","embeddable":true,"href":"https:\/\/havamall.vn\/en\/wp-json\/wp\/v2\/product_brand?post=19523"},{"taxonomy":"product_cat","embeddable":true,"href":"https:\/\/havamall.vn\/en\/wp-json\/wp\/v2\/product_cat?post=19523"},{"taxonomy":"product_tag","embeddable":true,"href":"https:\/\/havamall.vn\/en\/wp-json\/wp\/v2\/product_tag?post=19523"}],"curies":[{"name":"wp","href":"https:\/\/api.w.org\/{rel}","templated":true}]}}