{"id":19498,"date":"2021-04-27T15:06:44","date_gmt":"2021-04-27T08:06:44","guid":{"rendered":"https:\/\/havamall.vn\/?post_type=product&#038;p=19498"},"modified":"2022-04-07T16:51:32","modified_gmt":"2022-04-07T09:51:32","slug":"thung-tuong-dau-yes-thuong-hieu-hai-thien-340g-soybean-paste","status":"publish","type":"product","link":"https:\/\/havamall.vn\/en\/shop\/thung-tuong-dau-yes-thuong-hieu-hai-thien-340g-soybean-paste\/","title":{"rendered":"Th\u00f9ng T\u01b0\u01a1ng \u0110\u1eadu Yes Th\u01b0\u01a1ng Hi\u1ec7u H\u1ea3i Thi\u00ean 340g \u2013 Soybean Paste"},"content":{"rendered":"<p>H\u1ea3i Thi\u00ean l\u00e0 c\u00f4ng ty h\u00e0ng \u0111\u1ea7u trong ng\u00e0nh c\u00f4ng nghi\u1ec7p gia v\u1ecb v\u00e0 n\u01b0\u1edbc s\u1ed1t c\u1ee7a Trung Qu\u1ed1c chuy\u00ean kinh doanh c\u00e1c s\u1ea3n ph\u1ea9m gia v\u1ecb.<\/p>\n<p>V\u1edbi s\u1ee9 m\u1ec7nh \u201cph\u00e1t tri\u1ec3n ngh\u1ec1 nghi\u1ec7p trong ng\u00e0nh gia v\u1ecb v\u00e0 t\u1ea1o ra m\u1ed9t cu\u1ed9c s\u1ed1ng ho\u00e0n h\u1ea3o\u201d, H\u1ea3i Thi\u00ean lu\u00f4n cam k\u1ebft b\u1ea3o t\u1ed3n v\u00e0 \u0111\u1ed5i m\u1edbi quy tr\u00ecnh s\u1ea3n xu\u1ea5t l\u00ean men truy\u1ec1n th\u1ed1ng v\u1edbi c\u00f4ng ngh\u1ec7 khoa h\u1ecdc hi\u1ec7n \u0111\u1ea1i. C\u00f4ng ty \u0111\u00e3 s\u1eed d\u1ee5ng m\u1ed9t s\u1ed1 d\u00e2y chuy\u1ec1n s\u1ea3n xu\u1ea5t bao b\u00ec t\u1ef1 \u0111\u1ed9ng h\u00e0ng \u0111\u1ea7u th\u1ebf gi\u1edbi v\u00e0 c\u00e1c ph\u00f2ng th\u00ed nghi\u1ec7m \u0111\u01b0\u1ee3c c\u00f4ng nh\u1eadn h\u00e0ng \u0111\u1ea7u trong ng\u00e0nh, gi\u00fap th\u1ef1c hi\u1ec7n c\u00e1c ti\u00eau chu\u1ea9n ch\u1ea5t l\u01b0\u1ee3ng ch\u1eb7t ch\u1ebd h\u01a1n v\u00e0 x\u00e2y d\u1ef1ng c\u01a1 s\u1edf s\u1ea3n xu\u1ea5t gia v\u1ecb h\u00e0ng \u0111\u1ea7u th\u1ebf gi\u1edbi.<\/p>\n<p><img fetchpriority=\"high\" decoding=\"async\" class=\"aligncenter\" src=\"https:\/\/havamall.vn\/wp-content\/uploads\/2021\/04\/8fb2ed2a3ac9f4ba.jpg\" alt=\"\u6d77\u5929\u9ec4\u8c46\u9171\u8c46\u74e3\u9171\u751c\u9762\u9171\u6599800g \u4e2d\u534e\u8001\u5b57\u53f7_\u7231\u7a33\u8d62\u5546\u57ce\" width=\"594\" height=\"594\" \/>S\u1ea3n ph\u1ea9m c\u1ee7a H\u1ea3i Thi\u00ean \u0111\u1ea3m b\u1ea3o an to\u00e0n, th\u01a1m ngon v\u00e0 ch\u1ea5t l\u01b0\u1ee3ng cao, v\u00ec v\u1eady c\u00e1c s\u1ea3n ph\u1ea9m c\u1ee7a H\u1ea3i Thi\u00ean kh\u00f4ng ch\u1ec9 b\u00e1n ch\u1ea1y nh\u1ea5t tr\u00ean th\u1ecb tr\u01b0\u1eddng n\u1ed9i \u0111\u1ecba c\u1ee7a Trung Qu\u1ed1c m\u00e0 c\u00f2n xu\u1ea5t kh\u1ea9u sang h\u01a1n 60 qu\u1ed1c gia v\u00e0 v\u00f9ng l\u00e3nh th\u1ed5 tr\u00ean th\u1ebf gi\u1edbi.<\/p>\n<p><img decoding=\"async\" class=\"aligncenter\" src=\"https:\/\/havamall.vn\/wp-content\/uploads\/2021\/04\/YiYqAFUABFrObREMlTVMow.jpg_800w_800h_4e\" alt=\"\u6d77\u5929\u9ec4\u8c46\u9171800g \u84b8\u9c7c\u84b8\u6392\u9aa8\u62cc\u70b8\u9171\u9762\u8c46\u74e3\u9171\u62a5\u4ef7_\u53c2\u6570_\u56fe\u7247_\u89c6\u9891_\u600e\u4e48\u6837_\u95ee\u7b54-\u82cf\u5b81\u6613\u8d2d\" width=\"585\" height=\"585\" \/><\/p>\n<h4><strong>\u0110\u1eb7c \u0111i\u1ec3m s\u1ea3n ph\u1ea9m:<\/strong><\/h4>\n<p>\u2013 T\u01b0\u01a1ng \u0111\u1eadu l\u00e0 gia v\u1ecb kh\u00f4ng th\u1ec3 thi\u1ebfu \u0111\u1ec3 ch\u1ebf bi\u1ebfn nh\u1eefng m\u00f3n \u0103n Trung Qu\u1ed1c. Nguy\u00ean li\u1ec7u \u0111\u01b0\u1ee3c ch\u1ecdn l\u1ecdc ho\u00e0n to\u00e0n t\u1ef1 nhi\u00ean v\u00e0 quy tr\u00ecnh s\u1ea3n xu\u1ea5t h\u1ee3p v\u1ec7 sinh, \u0111\u00e2y ch\u00ednh l\u00e0 gia v\u1ecb tuy\u1ec7t v\u1eddi cho b\u1eefa c\u01a1m gia \u0111\u00ecnh.<\/p>\n<p>\u2013 M\u00e0u s\u1eafc \u0111\u1eb7c tr\u01b0ng l\u00e0 m\u00e0u v\u00e0ng n\u00e2u h\u01a1i s\u1eadm. Do \u0111\u01b0\u1ee3c l\u00ean men t\u1ef1 nhi\u00ean t\u1eeb \u0111\u1eadu n\u00e0nh n\u00ean khi s\u1eed d\u1ee5ng s\u1ebd r\u1ea5t an to\u00e0n cho h\u1ec7 ti\u00eau h\u00f3a. T\u01b0\u01a1ng \u0111\u1eadu l\u00ean men c\u00f3 \u0111\u1ed9 \u0111\u1eb7c s\u00e1nh, kh\u00e1c ho\u00e0n to\u00e0n v\u1edbi c\u00e1c lo\u1ea1i t\u01b0\u01a1ng kh\u00e1c v\u1ec1 m\u00f9i v\u1ecb mang \u0111\u1ebfn m\u1ed9t m\u00f9i h\u01b0\u01a1ng \u0111\u1eb7c tr\u01b0ng cho ng\u01b0\u1eddi th\u01b0\u1edfng th\u1ee9c.<\/p>\n<p><img decoding=\"async\" class=\"wp-image-17037 aligncenter\" src=\"https:\/\/havamall.vn\/wp-content\/uploads\/2020\/10\/h2.jpg\" alt=\"\" width=\"576\" height=\"576\" srcset=\"https:\/\/havamall.vn\/wp-content\/uploads\/2020\/10\/h2.jpg 500w, https:\/\/havamall.vn\/wp-content\/uploads\/2020\/10\/h2-430x430.jpg 430w, https:\/\/havamall.vn\/wp-content\/uploads\/2020\/10\/h2-150x150.jpg 150w, https:\/\/havamall.vn\/wp-content\/uploads\/2020\/10\/h2-300x300.jpg 300w, https:\/\/havamall.vn\/wp-content\/uploads\/2020\/10\/h2-100x100.jpg 100w\" sizes=\"(max-width: 576px) 100vw, 576px\" \/><\/p>\n<p>\u2013 T\u01b0\u01a1ng \u0111\u1eadu \u0111\u01b0\u1ee3c d\u00f9ng \u0111\u1ec3 pha n\u01b0\u1edbc ch\u1ea5m, ho\u1eb7c l\u00e0m gia v\u1ecb \u0111\u1ec3 \u01b0\u1edbp c\u00e1c m\u00f3n x\u00e0o. V\u1ecb \u0111\u1eadm \u0111\u00e0 v\u00e0 h\u01b0\u01a1ng th\u01a1m \u0111\u1eb7c tr\u01b0ng c\u1ee7a n\u00f3 s\u1ebd l\u00e0m qu\u00fd v\u1ecb h\u00e0i l\u00f2ng \u0103n m\u1ed9t l\u1ea7n s\u1ebd mu\u1ed1n \u0103n m\u00e3i<\/p>\n<p>\u2013 S\u1ea3n ph\u1ea9m \u0111\u01b0\u1ee3c l\u00ean men t\u1ef1 nhi\u00ean n\u00ean r\u1ea5t th\u00edch h\u1ee3p cho vi\u1ec7c ch\u1ebf bi\u1ebfn c\u00e1c m\u00f3n \u0103n chay.<\/p>\n<p>\u2013 Th\u00e0nh ph\u1ea7n ch\u00ednh c\u1ee7a t\u01b0\u01a1ng\u00a0\u0111\u1eadu l\u00e0 \u0111\u1eadu n\u00e0nh \u2013 m\u1ed9t trong nh\u1eefng th\u1ef1c ph\u1ea9m kh\u00f4ng ch\u1ee9a gluten v\u00e0 \u00edt calo n\u00ean r\u1ea5t c\u00f3 l\u1ee3i cho nh\u1eefng ng\u01b0\u1eddi mu\u1ed1n gi\u1ea3m c\u00e2n ho\u1eb7c duy tr\u00ec tr\u1ecdng l\u01b0\u1ee3ng.<\/p>\n<p><img loading=\"lazy\" decoding=\"async\" class=\"aligncenter\" src=\"https:\/\/havamall.vn\/wp-content\/uploads\/2021\/04\/f487348990ae94a8.jpg\" alt=\"\u6d77\u5929\u9ec4\u8c46\u9ec4\u8c46\u9171800g\/\u74f6\u84b8\u9c7c\u84b8\u6392\u9aa8\u84b8\u7092\u7116\u8638\u62cc\u70b8\u9171\u9762\u914d\u6599\u8c46\u74e3\u3010\u56fe\u7247\u4ef7\u683c\u54c1\u724c\u62a5\u4ef7\u3011-\u4eac\u4e1c\" width=\"598\" height=\"820\" \/><\/p>\n<h4><strong>C\u00f4ng d\u1ee5ng c\u1ee7a \u0111\u1eadu n\u00e0nh:<\/strong><\/h4>\n<p>&#8211; Ph\u00f2ng b\u1ec7nh tim m\u1ea1ch<\/p>\n<p>&#8211; Ph\u00f2ng b\u1ec7nh ti\u1ec3u \u0111\u01b0\u1eddng, b\u1ec7nh th\u1eadn<\/p>\n<p>&#8211; Ch\u1ed1ng vi\u00eamC\u1ea3i thi\u1ec7n tr\u00ed nh\u1edb<\/p>\n<p>&#8211; Ng\u0103n ch\u1eb7n qu\u00e1 tr\u00ecnh oxy h\u00f3aGi\u1ea3m m\u1ee1 m\u00e1u<\/p>\n<p>&#8211; Gi\u1ea3m huy\u1ebft \u00e1p<\/p>\n<p>&#8211; T\u1ed1t cho l\u00e0n da<\/p>\n<p>&#8211; Cung c\u1ea5p c\u00e1c vitamin thi\u1ebft y\u1ebfu<\/p>\n<h4><strong>Th\u00f4ng tin s\u1ea3n ph\u1ea9m:<\/strong><\/h4>\n<ul>\n<li>Th\u01b0\u01a1ng hi\u1ec7u: Haday<\/li>\n<li>Xu\u1ea5t x\u1ee9: Trung Qu\u1ed1c<\/li>\n<li>Th\u00e0nh ph\u1ea7n: N\u01b0\u1edbc, \u0111\u1eadu n\u00e0nh nguy\u00ean ch\u1ea5t, mu\u1ed1i, \u0111\u01b0\u1eddng c\u00e1t, b\u1ed9t m\u00ec, gi\u1ea5m,\u2026.<\/li>\n<li>Kh\u1ed1i l\u01b0\u1ee3ng t\u1ecbnh: 340g<\/li>\n<\/ul>\n<p><img loading=\"lazy\" decoding=\"async\" class=\"wp-image-17035 aligncenter\" src=\"https:\/\/havamall.vn\/wp-content\/uploads\/2020\/10\/td3.jpg\" alt=\"\" width=\"559\" height=\"559\" srcset=\"https:\/\/havamall.vn\/wp-content\/uploads\/2020\/10\/td3.jpg 800w, https:\/\/havamall.vn\/wp-content\/uploads\/2020\/10\/td3-430x430.jpg 430w, https:\/\/havamall.vn\/wp-content\/uploads\/2020\/10\/td3-150x150.jpg 150w, https:\/\/havamall.vn\/wp-content\/uploads\/2020\/10\/td3-700x700.jpg 700w, https:\/\/havamall.vn\/wp-content\/uploads\/2020\/10\/td3-300x300.jpg 300w, https:\/\/havamall.vn\/wp-content\/uploads\/2020\/10\/td3-768x768.jpg 768w, https:\/\/havamall.vn\/wp-content\/uploads\/2020\/10\/td3-600x600.jpg 600w, https:\/\/havamall.vn\/wp-content\/uploads\/2020\/10\/td3-100x100.jpg 100w\" sizes=\"(max-width: 559px) 100vw, 559px\" \/>&#8211; H\u01b0\u1edbng d\u1eabn s\u1eed d\u1ee5ng: D\u00f9ng \u0111\u1ec3 tr\u1ed9n n\u1ed9m v\u00e0 c\u00e1c m\u00f3n tr\u1ed9n, ho\u1eb7c \u01b0\u1edbp c\u00e1c m\u00f3n x\u00e0o<\/p>\n<p>&#8211; B\u1ea3o qu\u1ea3n: B\u1ea3o qu\u1ea3n \u1edf n\u01a1i kh\u00f4 r\u00e1o, tho\u00e1ng m\u00e1t, sau khi m\u1edf n\u1eafp n\u00ean b\u1ea3o qu\u1ea3n trong ng\u0103n m\u00e1t t\u1ee7 l\u1ea1nh<\/p>\n<p>&#8211; H\u1ea1n s\u1eed d\u1ee5ng: In tr\u00ean bao b\u00ec s\u1ea3n ph\u1ea9m<\/p>\n<p>S\u1ea3n ph\u1ea9m hi\u1ec7n \u0111\u00e3 c\u00f3 m\u1eb7t t\u1ea1i Havamall<\/p>","protected":false},"excerpt":{"rendered":"<p>T\u01b0\u01a1ng \u0111\u1eadu l\u00e0 gia v\u1ecb kh\u00f4ng th\u1ec3 thi\u1ebfu \u0111\u1ec3 ch\u1ebf bi\u1ebfn nh\u1eefng m\u00f3n \u0103n Trung Qu\u1ed1c. Nguy\u00ean li\u1ec7u \u0111\u01b0\u1ee3c ch\u1ecdn l\u1ecdc ho\u00e0n to\u00e0n t\u1ef1 nhi\u00ean v\u00e0 quy tr\u00ecnh s\u1ea3n xu\u1ea5t h\u1ee3p v\u1ec7 sinh, \u0111\u00e2y ch\u00ednh l\u00e0 gia v\u1ecb tuy\u1ec7t v\u1eddi cho b\u1eefa c\u01a1m gia \u0111\u00ecnh.<\/p>\n<p>M\u00e0u s\u1eafc \u0111\u1eb7c tr\u01b0ng l\u00e0 m\u00e0u v\u00e0ng n\u00e2u h\u01a1i s\u1eadm. Do \u0111\u01b0\u1ee3c l\u00ean men t\u1ef1 nhi\u00ean t\u1eeb \u0111\u1eadu n\u00e0nh n\u00ean khi s\u1eed d\u1ee5ng s\u1ebd r\u1ea5t an to\u00e0n cho h\u1ec7 ti\u00eau h\u00f3a.<\/p>\n<p>T\u01b0\u01a1ng \u0111\u1eadu \u0111\u01b0\u1ee3c d\u00f9ng \u0111\u1ec3 pha n\u01b0\u1edbc ch\u1ea5m, ho\u1eb7c l\u00e0m gia v\u1ecb \u0111\u1ec3 \u01b0\u1edbp c\u00e1c m\u00f3n x\u00e0o. V\u1ecb \u0111\u1eadm \u0111\u00e0 v\u00e0 h\u01b0\u01a1ng th\u01a1m \u0111\u1eb7c tr\u01b0ng c\u1ee7a n\u00f3 s\u1ebd l\u00e0m qu\u00fd v\u1ecb h\u00e0i l\u00f2ng \u0103n m\u1ed9t l\u1ea7n s\u1ebd mu\u1ed1n \u0103n m\u00e3i<\/p>\n<p>S\u1ea3n ph\u1ea9m \u0111\u01b0\u1ee3c l\u00ean men t\u1ef1 nhi\u00ean n\u00ean r\u1ea5t th\u00edch h\u1ee3p cho vi\u1ec7c ch\u1ebf bi\u1ebfn c\u00e1c m\u00f3n \u0103n chay<\/p>","protected":false},"featured_media":26213,"comment_status":"open","ping_status":"closed","template":"","meta":[],"product_brand":[],"product_cat":[40,36,143],"product_tag":[],"class_list":{"0":"post-19498","1":"product","2":"type-product","3":"status-publish","4":"has-post-thumbnail","6":"product_cat-sieuthi-giasi","7":"product_cat-thuc-pham-tieu-dung","8":"product_cat-thuc-pham-dong-hop","9":"pa_brand-hai-thien","11":"first","12":"instock","13":"sale","14":"shipping-taxable","15":"purchasable","16":"product-type-simple"},"_links":{"self":[{"href":"https:\/\/havamall.vn\/en\/wp-json\/wp\/v2\/product\/19498"}],"collection":[{"href":"https:\/\/havamall.vn\/en\/wp-json\/wp\/v2\/product"}],"about":[{"href":"https:\/\/havamall.vn\/en\/wp-json\/wp\/v2\/types\/product"}],"replies":[{"embeddable":true,"href":"https:\/\/havamall.vn\/en\/wp-json\/wp\/v2\/comments?post=19498"}],"version-history":[{"count":0,"href":"https:\/\/havamall.vn\/en\/wp-json\/wp\/v2\/product\/19498\/revisions"}],"wp:featuredmedia":[{"embeddable":true,"href":"https:\/\/havamall.vn\/en\/wp-json\/wp\/v2\/media\/26213"}],"wp:attachment":[{"href":"https:\/\/havamall.vn\/en\/wp-json\/wp\/v2\/media?parent=19498"}],"wp:term":[{"taxonomy":"product_brand","embeddable":true,"href":"https:\/\/havamall.vn\/en\/wp-json\/wp\/v2\/product_brand?post=19498"},{"taxonomy":"product_cat","embeddable":true,"href":"https:\/\/havamall.vn\/en\/wp-json\/wp\/v2\/product_cat?post=19498"},{"taxonomy":"product_tag","embeddable":true,"href":"https:\/\/havamall.vn\/en\/wp-json\/wp\/v2\/product_tag?post=19498"}],"curies":[{"name":"wp","href":"https:\/\/api.w.org\/{rel}","templated":true}]}}