{"id":19488,"date":"2021-04-27T11:31:21","date_gmt":"2021-04-27T04:31:21","guid":{"rendered":"https:\/\/havamall.vn\/?post_type=product&#038;p=19488"},"modified":"2021-08-17T19:17:16","modified_gmt":"2021-08-17T12:17:16","slug":"19488","status":"publish","type":"product","link":"https:\/\/havamall.vn\/en\/shop\/19488\/","title":{"rendered":"D\u1ea7u H\u1ea1t Omega \u00c9p L\u1ea1nh H\u1eefu C\u01a1 &#8211; Probios Organic Cold Pressed Omega Seed Oil 250ml"},"content":{"rendered":"<table>\n<tbody>\n<tr>\n<td>Th\u01b0\u01a1ng hi\u1ec7u<\/td>\n<td>ProBios<\/td>\n<\/tr>\n<tr>\n<td>Xu\u1ea5t x\u1ee9<\/td>\n<td>\u00dd<\/td>\n<\/tr>\n<tr>\n<td>Th\u00e0nh ph\u1ea7n<\/td>\n<td>D\u1ea7u \u00f3c ch\u00f3, d\u1ea7u h\u1ea1t b\u00ed, d\u1ea7u h\u1ea1t lanh, d\u1ea7u h\u1ea1t c\u1ea3i, d\u1ea7u h\u01b0\u1edbng d\u01b0\u01a1ng \u00e9p l\u1ea1nh h\u1eefu c\u01a1<\/td>\n<\/tr>\n<tr>\n<td>H\u1ea1n s\u1eed d\u1ee5ng<\/td>\n<td>18 th\u00e1ng k\u1ec3 t\u1eeb ng\u00e0y s\u1ea3n xu\u1ea5t.<\/td>\n<\/tr>\n<tr>\n<td>B\u1ea3o qu\u1ea3n<\/td>\n<td>\u0110\u1ec3 n\u01a1i kh\u00f4 r\u00e1o, tho\u00e1ng m\u00e1t, tr\u00e1nh \u00e1nh n\u1eafng tr\u1ef1c ti\u1ebfp<\/td>\n<\/tr>\n<tr>\n<td>Th\u1ec3 t\u00edch<\/td>\n<td>250ml<\/td>\n<\/tr>\n<\/tbody>\n<\/table>\n<p><span style=\"font-weight: 400\">D\u1ea7u h\u1ea1t omega \u00e9p l\u1ea1nh h\u1eefu c\u01a1 ProBios l\u00e0 s\u1ef1 pha tr\u1ed9n c\u1ee7a n\u0103m m\u00e1y \u00e9p m\u00e0 kh\u00f4ng c\u1ea7n th\u00eam nhi\u1ec7t (\u00e9p l\u1ea1nh): h\u1ea1t b\u00ed ng\u00f4, h\u1ea1t lanh, h\u1ea1t c\u1ea3i d\u1ea7u, h\u1ea1t h\u01b0\u1edbng d\u01b0\u01a1ng v\u00e0 qu\u1ea3 \u00f3c ch\u00f3.<\/span><\/p>\n<p><span style=\"font-weight: 400\">D\u1ea7u \u00f3c ch\u00f3 ch\u1ee9a nhi\u1ec1u axit b\u00e9o omega 3, kho\u00e1ng ch\u1ea5t, vitamin v\u00e0 ch\u1ea5t ch\u1ed1ng oxy h\u00f3a. Trong \u0111\u00f3, axit b\u00e9o omega 3 \u0111\u01b0\u1ee3c bi\u1ebft \u0111\u1ebfn v\u1edbi t\u00e1c d\u1ee5ng t\u1ed1t cho n\u00e3o b\u1ed9. K\u1ebft h\u1ee3p v\u1edbi ch\u1ea5t x\u01a1, axit b\u00e9o omega 3 c\u00f2n l\u00e0m gi\u1ea3m m\u1ee9c \u0111\u1ed9 LDL (lipoprotein t\u1ef7 tr\u1ecdng th\u1ea5p) hay cholesterol x\u1ea5u, t\u1eeb \u0111\u00f3 gi\u00fap c\u1ea3i thi\u1ec7n s\u1ee9c kh\u1ecfe v\u00e0 ng\u0103n ng\u1eeba hi\u1ec7u qu\u1ea3 \u0111\u1ed9t qu\u1ef5 v\u00e0 c\u00e1c b\u1ec7nh tim m\u1ea1ch.<\/span><\/p>\n<p><img fetchpriority=\"high\" decoding=\"async\" class=\"aligncenter\" src=\"https:\/\/cf.shopee.vn\/file\/342f25261beb116f5968d119cbd60f81\" alt=\"dau-omega-monini-chai-250ml\/464356924\/ &quot; gi\u00e1 t\u1ed1t Th\u00e1ng 1, 2021 | Mua ngay | Shopee Vi\u1ec7t Nam\" width=\"681\" height=\"681\" \/><\/p>\n<p><span style=\"font-weight: 400\">D\u1ea7u h\u1ea1t c\u1ea3i ch\u1ee9a t\u1ef7 l\u1ec7 axit b\u00e9o omega 3 v\u00e0 omega 6 t\u1ed1i \u01b0u. \u0110\u01b0\u1ee3c coi l\u00e0 t\u1ef7 l\u1ec7 t\u1ed1t nh\u1ea5t trong s\u1ed1 c\u00e1c lo\u1ea1i d\u1ea7u h\u1ea1t tr\u1ebb em.<\/span><\/p>\n<p><span style=\"font-weight: 400\">D\u1ea7u h\u1ea1t lanh kh\u00e1c v\u1edbi c\u00e1c lo\u1ea1i d\u1ea7u th\u1ef1c v\u1eadt kh\u00e1c do h\u00e0m l\u01b0\u1ee3ng omega 3 r\u1ea5t cao, c\u1ee5 th\u1ec3 l\u00e0 c\u00e1c axit b\u00e9o kh\u00f4ng b\u00e3o h\u00f2a \u0111a ALA (axit alpha-linoleic) v\u00e0 omega 9 (axit oleic). Ngo\u00e0i ra, d\u1ea7u h\u1ea1t lanh c\u00f2n \u0111\u01b0\u1ee3c coi l\u00e0 lo\u1ea1i d\u1ea7u th\u1ef1c v\u1eadt c\u00f3 t\u1ef7 l\u1ec7 omega 6 \/ omega 3 t\u1ed1t nh\u1ea5t.<\/span><\/p>\n<p><img decoding=\"async\" class=\"aligncenter\" src=\"https:\/\/havamall.vn\/wp-content\/uploads\/2021\/04\/367c8c1fe90f7eaad914cdb203d45ea2.jpg\" alt=\"D\u1ea7u h\u1ea1t Omega \u00e9p l\u1ea1nh h\u1eefu c\u01a1 250ml ProBios | LEVITER | Tiki\" width=\"684\" height=\"967\" \/><\/p>\n<p><span style=\"font-weight: 400\">D\u1ea7u h\u1ea1t b\u00ed ng\u00f4 c\u00f3 ch\u1ee9a delta 7 -phytosterol, c\u00f3 t\u00e1c d\u1ee5ng \u0111i\u1ec1u tr\u1ecb tuy\u1ebfn ti\u1ec1n li\u1ec7t, ng\u0103n ng\u1eeba x\u01a1 v\u1eefa \u0111\u1ed9ng m\u1ea1ch. Glutamate l\u00e0 th\u00e0nh ph\u1ea7n thi\u1ebft y\u1ebfu \u0111\u1ec3 t\u1ea1o n\u00ean GABA &#8211; t\u1ebf b\u00e0o th\u1ea7n kinh ch\u1ed1ng c\u0103ng th\u1eb3ng, gi\u00fap gi\u1ea3m lo \u00e2u. Cung c\u1ea5p t\u1ea5t c\u1ea3 c\u00e1c ch\u1ea5t dinh d\u01b0\u1ee1ng nh\u01b0 mangan, magi\u00ea, s\u1eaft, \u0111\u1ed3ng, tryptophan, k\u1ebdm, ph\u1ed1t pho v\u00e0 r\u1ea5t nhi\u1ec1u kho\u00e1ng ch\u1ea5t v\u00e0 vitamin kh\u00e1c.<\/span><\/p>\n<p><img decoding=\"async\" class=\"aligncenter\" src=\"https:\/\/havamall.vn\/wp-content\/uploads\/2021\/04\/vi-sao-ban-nen-bo-sung-omega-3-6-9-1-1024x678-1.jpg\" alt=\"L\u1ee3i \u00edch Omega 3-6-9: S\u1ef1 th\u1eadt v\u1ec1 t\u00e1c d\u1ee5ng c\u1ee7a Omega 3-6-9 | GO.CARE\" width=\"681\" height=\"451\" \/><\/p>\n<p><span style=\"font-weight: 400\">Ngo\u00e0i ra, d\u1ea7u h\u1ea1t b\u00ed \u0111\u1ecf r\u1ea5t gi\u00e0u ch\u1ea5t ch\u1ed1ng oxy h\u00f3a v\u00e0 ch\u1ea5t b\u00e9o t\u1ef1 nhi\u00ean, gi\u00e0u axit b\u00e9o, nhi\u1ec1u vitamin E.<\/span><span style=\"font-weight: 400\"><br \/>\n<\/span><span style=\"font-weight: 400\">D\u1ea7u h\u01b0\u1edbng d\u01b0\u01a1ng cung c\u1ea5p ch\u1ea5t b\u00e9o, n\u0103ng l\u01b0\u1ee3ng cao cho c\u01a1 th\u1ec3, vitamin t\u1ef1 nhi\u00ean A, B, D, E, omega 3-6 -9 &#8230; \u0111\u1eb7c bi\u1ec7t l\u00e0 l\u01b0\u1ee3ng calo trong d\u1ea7u \u0103n cung c\u1ea5p cho c\u01a1 th\u1ec3 c\u00e1c lo\u1ea1i ch\u1ea5t b\u1ed9t, \u0111\u01b0\u1eddng, \u0111\u1ea1m kh\u00e1c cao h\u01a1n.<\/span><\/p>\n<p><span style=\"font-weight: 400\">C\u00e1c axit b\u00e9o kh\u00f4ng b\u00e3o h\u00f2a \u0111a v\u00e0 h\u00e0m l\u01b0\u1ee3ng vitamin E cao l\u00e0m cho s\u1ea3n ph\u1ea9m tr\u1edf n\u00ean l\u00fd t\u01b0\u1edfng cho nh\u1eefng ng\u01b0\u1eddi \u0111am m\u00ea s\u1ee9c kh\u1ecfe v\u00e0 t\u1ea5t c\u1ea3 nh\u1eefng ng\u01b0\u1eddi mu\u1ed1n theo m\u1ed9t l\u1ed1i s\u1ed1ng n\u0103ng \u0111\u1ed9ng c\u00e2n b\u1eb1ng v\u1edbi thi\u00ean nhi\u00ean. N\u00f3 c\u00f3 m\u1ed9t h\u00e0m l\u01b0\u1ee3ng cao axit b\u00e9o OMEGA-3 axit alpha-linolenic (ALA) g\u00f3p ph\u1ea7n v\u00e0o m\u1ee9c cholesterol trong m\u00e1u b\u00ecnh th\u01b0\u1eddng.<\/span><\/p>\n<p><img loading=\"lazy\" decoding=\"async\" class=\"aligncenter\" src=\"https:\/\/havamall.vn\/wp-content\/uploads\/2021\/04\/bigstock-Salad-Fresh-Summer-Lettuce-Sa-194663614.jpg\" alt=\"\u03a0\u03cc\u03c3\u03bf \u03bb\u03ac\u03b4\u03b9 \u03bd\u03b1 \u03b2\u03ac\u03b6\u03b5\u03c4\u03b5 \u03c3\u03c4\u03b7 \u03c3\u03b1\u03bb\u03ac\u03c4\u03b1 \u03b3\u03b9\u03b1 \u03bc\u03ad\u03b3\u03b9\u03c3\u03c4\u03b7 \u03b1\u03c0\u03bf\u03c1\u03c1\u03cc\u03c6\u03b7\u03c3\u03b7 \u03b8\u03c1\u03b5\u03c0\u03c4\u03b9\u03ba\u03ce\u03bd \u03c3\u03c5\u03c3\u03c4\u03b1\u03c4\u03b9\u03ba\u03ce\u03bd - Onmed.gr\" width=\"678\" height=\"451\" \/><\/p>\n<h4><strong>H\u01b0\u1edbng d\u1eabn s\u1eed d\u1ee5ng:\u00a0<\/strong><\/h4>\n<p><span style=\"font-weight: 400\">&#8211; S\u1eed d\u1ee5ng th\u00eam v\u00e0o c\u00e1c m\u00f3n salad, ng\u0169 c\u1ed1c , tr\u00e1i c\u00e2y, s\u00fap v\u00e0 c\u00e1c m\u00f3n \u0103n d\u1eb7m cho tr\u1ebb.<\/span><\/p>\n<p><span style=\"font-weight: 400\">&#8211; Sau khi m\u1edf n\u1eafp n\u00ean s\u1eed d\u1ee5ng h\u1ebft trong v\u00f2ng 6 th\u00e1ng.<\/span><\/p>\n<p><span style=\"font-weight: 400\">&#8211; \u0110\u1eady k\u00edn sau khi m\u1edf n\u1eafp.<\/span><\/p>\n<h4><strong>H\u01b0\u1edbng d\u1eabn b\u1ea3o qu\u1ea3n:<\/strong><\/h4>\n<p><span style=\"font-weight: 400\">&#8211; Sau khi m\u1edf n\u1eafp n\u00ean s\u1eed d\u1ee5ng h\u1ebft trong v\u00f2ng 6 th\u00e1ng.<\/span><\/p>\n<p><span style=\"font-weight: 400\">-B\u1ea3o qu\u1ea3n n\u01a1i kh\u00f4 r\u00e1o tho\u00e1ng m\u00e1t. \u0110\u1eady k\u00edn sau khi m\u1edf n\u1eafp.<\/span><\/p>\n<p>S\u1ea3n ph\u1ea9m hi\u1ec7n \u0111\u00e3 c\u00f3 m\u1eb7t t\u1ea1i Havamall.<\/p>","protected":false},"excerpt":{"rendered":"<p>Th\u01b0\u01a1ng hi\u1ec7u ProBios Xu\u1ea5t x\u1ee9 \u00dd Th\u00e0nh ph\u1ea7n D\u1ea7u \u00f3c ch\u00f3, d\u1ea7u h\u1ea1t b\u00ed, d\u1ea7u h\u1ea1t lanh, d\u1ea7u h\u1ea1t c\u1ea3i,<\/p>","protected":false},"featured_media":19490,"comment_status":"open","ping_status":"closed","template":"","meta":[],"product_brand":[],"product_cat":[36,143],"product_tag":[],"class_list":{"0":"post-19488","1":"product","2":"type-product","3":"status-publish","4":"has-post-thumbnail","6":"product_cat-thuc-pham-tieu-dung","7":"product_cat-thuc-pham-dong-hop","8":"pa_brand-probios","10":"first","11":"outofstock","12":"sale","13":"shipping-taxable","14":"purchasable","15":"product-type-simple"},"_links":{"self":[{"href":"https:\/\/havamall.vn\/en\/wp-json\/wp\/v2\/product\/19488"}],"collection":[{"href":"https:\/\/havamall.vn\/en\/wp-json\/wp\/v2\/product"}],"about":[{"href":"https:\/\/havamall.vn\/en\/wp-json\/wp\/v2\/types\/product"}],"replies":[{"embeddable":true,"href":"https:\/\/havamall.vn\/en\/wp-json\/wp\/v2\/comments?post=19488"}],"version-history":[{"count":0,"href":"https:\/\/havamall.vn\/en\/wp-json\/wp\/v2\/product\/19488\/revisions"}],"wp:featuredmedia":[{"embeddable":true,"href":"https:\/\/havamall.vn\/en\/wp-json\/wp\/v2\/media\/19490"}],"wp:attachment":[{"href":"https:\/\/havamall.vn\/en\/wp-json\/wp\/v2\/media?parent=19488"}],"wp:term":[{"taxonomy":"product_brand","embeddable":true,"href":"https:\/\/havamall.vn\/en\/wp-json\/wp\/v2\/product_brand?post=19488"},{"taxonomy":"product_cat","embeddable":true,"href":"https:\/\/havamall.vn\/en\/wp-json\/wp\/v2\/product_cat?post=19488"},{"taxonomy":"product_tag","embeddable":true,"href":"https:\/\/havamall.vn\/en\/wp-json\/wp\/v2\/product_tag?post=19488"}],"curies":[{"name":"wp","href":"https:\/\/api.w.org\/{rel}","templated":true}]}}