{"id":19460,"date":"2021-04-26T17:13:01","date_gmt":"2021-04-26T10:13:01","guid":{"rendered":"https:\/\/havamall.vn\/?post_type=product&#038;p=19460"},"modified":"2021-08-17T19:17:27","modified_gmt":"2021-08-17T12:17:27","slug":"dau-hat-gai-dau-ep-lanh-huu-co-sottolestelle-organic-hemp-seeds-oil-250ml","status":"publish","type":"product","link":"https:\/\/havamall.vn\/en\/shop\/dau-hat-gai-dau-ep-lanh-huu-co-sottolestelle-organic-hemp-seeds-oil-250ml\/","title":{"rendered":"D\u1ea7u H\u1ea1t Gai D\u1ea7u \u00c9p L\u1ea1nh H\u1eefu C\u01a1 &#8211; Sottolestelle Organic Hemp Seeds Oil 250ml"},"content":{"rendered":"<table>\n<tbody>\n<tr>\n<td>Th\u01b0\u01a1ng hi\u1ec7u<\/td>\n<td>Sottolestelle<\/td>\n<\/tr>\n<tr>\n<td>Xu\u1ea5t x\u1ee9<\/td>\n<td>\u00dd<\/td>\n<\/tr>\n<tr>\n<td>Th\u00e0nh ph\u1ea7n<\/td>\n<td>100% d\u1ea7u h\u1ea1t gai d\u1ea7u h\u1eefu c\u01a1 \u00e9p l\u1ea1nh<\/td>\n<\/tr>\n<tr>\n<td>H\u1ea1n s\u1eed d\u1ee5ng<\/td>\n<td>18 th\u00e1ng k\u1ec3 t\u1eeb ng\u00e0y s\u1ea3n xu\u1ea5t.<\/td>\n<\/tr>\n<tr>\n<td>B\u1ea3o qu\u1ea3n<\/td>\n<td>\u0110\u1ec3 n\u01a1i kh\u00f4 r\u00e1o, tho\u00e1ng m\u00e1t, tr\u00e1nh \u00e1nh n\u1eafng tr\u1ef1c ti\u1ebfp<\/td>\n<\/tr>\n<tr>\n<td>Th\u1ec3 t\u00edch<\/td>\n<td>250ml<\/td>\n<\/tr>\n<\/tbody>\n<\/table>\n<p><span style=\"font-weight: 400\">D\u1ea7u h\u1ea1t gai d\u1ea7u \u00e9p l\u1ea1nh h\u1eefu c\u01a1 Sottolestelle\u00a0\u0111\u01b0\u1ee3c \u00e9p l\u1ea1nh t\u1eeb h\u1ea1t gai d\u1ea7u. \u0110\u00e2y l\u00e0 m\u1ed9t lo\u1ea1i d\u1ea7u m\u00e0u xanh l\u00e1 c\u00e2y trong v\u00e0 c\u00f3 r\u1ea5t nhi\u1ec1u l\u1ee3i \u00edch s\u1ee9c kh\u1ecfe. H\u1ea1t gai d\u1ea7u kh\u00f4ng c\u00f3 nhi\u1ec1u ch\u1ea5t phytochemical nh\u01b0 c\u00e1c th\u00e0nh ph\u1ea7n c\u00e1c c\u1ee7a c\u00e2y, nh\u01b0ng ch\u00fang c\u00f3 m\u1ed9t l\u01b0\u1ee3ng axit b\u00e9o, ch\u1ea5t dinh d\u01b0\u1ee1ng phong ph\u00fa, c\u00e1c vitamin v\u00e0 kho\u00e1ng ch\u1ea5t c\u00f3 ho\u1ea1t t\u00ednh sinh h\u1ecdc. Lo\u1ea1i d\u1ea7u n\u00e0y n\u1ed5i ti\u1ebfng l\u00e0 gi\u00e0u ch\u1ea5t dinh d\u01b0\u1ee1ng v\u00e0 c\u00f3 l\u1ee3i cho s\u1ee9c kh\u1ecfe n\u00f3i chung v\u00e0 bao g\u1ed3m c\u00e1c axit b\u00e9o l\u00e0nh m\u1ea1nh, protein v\u00e0 carbohydrate. Nhi\u1ec1u t\u00e1c d\u1ee5ng t\u00edch c\u1ef1c \u0111\u1ed1i v\u1edbi s\u1ee9c kh\u1ecfe c\u1ee7a d\u1ea7u h\u1ea1t gai d\u1ea7u c\u00f3 li\u00ean quan \u0111\u1ebfn t\u1ef7 l\u1ec7 3: 1 c\u1ee7a axit linoleic (LA) v\u00e0 axit a-linolenic (LNA), hai axit b\u00e9o kh\u00f4ng b\u00e3o h\u00f2a \u0111a thi\u1ebft y\u1ebfu \u0111\u1eb7c bi\u1ec7t c\u00f3 l\u1ee3i cho tim (hay omega 3 v\u00e0 omega 6).<\/span><\/p>\n<p><img fetchpriority=\"high\" decoding=\"async\" class=\"aligncenter\" src=\"https:\/\/havamall.vn\/wp-content\/uploads\/2021\/04\/db1550e7653d1c1ae3647ada9d01b245.jpg\" alt=\"D\u1ea7u H\u1ea1t Gai D\u1ea7u \u00c9p L\u1ea1nh H\u1eefu C\u01a1 250ml Sottolestelle Organic Hemp Seeds Oil | OrganicShop | Tiki\" width=\"709\" height=\"355\" \/><\/p>\n<p><span style=\"font-weight: 400\">Ngo\u00e0i ra d\u1ea7u h\u1ea1t gai d\u1ea7u \u00e9p l\u1ea1nh h\u1eefu c\u01a1 Sottolestelle c\u00f2n ch\u1ee9a nhi\u1ec1u vitamin g\u1ed3m A, E, B1, B2, PP, C; c\u00e1c mu\u1ed1i kho\u00e1ng nh\u01b0 s\u1eaft, canxi, magi\u00ea, kali, ph\u1ed1t pho, phytosterol v\u00e0 cannabinoids<\/span><\/p>\n<p><span style=\"font-weight: 400\">D\u1ea7u gai d\u1ea7u h\u1eefu c\u01a1 \u0111\u01b0\u1ee3c s\u1ea3n xu\u1ea5t t\u1eeb h\u1ea1t gai d\u1ea7u \u00e9p l\u1ea1nh, kh\u00f4ng qua tinh ch\u1ebf. D\u1ea7u c\u00f3 m\u00e0u xanh nh\u1eb9 v\u00e0 m\u00f9i h\u01b0\u01a1ng h\u1ea5p d\u1eabn. D\u1ea7u h\u1ea1t gai d\u1ea7u c\u00f3 l\u1ee3i cho s\u1ee9c kho\u1ebb l\u00e0n da nh\u1edd c\u00e1c vitamin b\u1ed5 d\u01b0\u1ee1ng v\u00e0 kh\u1ea3 n\u0103ng gi\u1eef \u1ea9m tuy\u1ec7t v\u1eddi.<\/span><\/p>\n<pre id=\"tw-target-text\" class=\"tw-data-text tw-text-large XcVN5d tw-ta\"><img decoding=\"async\" class=\"aligncenter\" src=\"https:\/\/havamall.vn\/wp-content\/uploads\/2021\/04\/olio-di-cannapa-1024x536.jpg\" alt=\"Olio di Canapa - J&amp;V1965\" width=\"709\" height=\"371\" \/><\/pre>\n<p><span style=\"font-weight: 400\">D\u1ea7u h\u1ea1t gai d\u1ea7u l\u00e0 m\u1ed9t trong s\u1ed1 \u00edt nh\u1eefng ngu\u1ed3n axit alpha-linolenic th\u1ef1c v\u1eadt. \u0110\u1eb7c bi\u1ec7t, n\u00f3 \u0111\u01b0\u1ee3c bi\u1ebft \u0111\u1ebfn v\u1edbi s\u1ef1 c\u00e2n b\u1eb1ng t\u1ed1i \u01b0u gi\u1eefa omega-3 v\u00e0 omega-6 m\u00e0 \u0111\u1ebfn nay ch\u01b0a c\u00f3 m\u1ed9t lo\u1ea1i th\u1ef1c ph\u1ea9m n\u00e0o kh\u00e1c trong t\u1ef1 nhi\u00ean c\u00f3 th\u1ec3 \u0111\u1ea3m b\u1ea3o t\u1ef7 l\u1ec7 3:1, t\u1ef7 l\u1ec7 \u0111\u01b0\u1ee3c khuy\u1ebfn ngh\u1ecb t\u1eeb c\u00e1c nghi\u00ean c\u1ee9u y t\u1ebf.<\/span><\/p>\n<p><img decoding=\"async\" class=\"wp-image-19461 aligncenter\" src=\"https:\/\/havamall.vn\/wp-content\/uploads\/2021\/04\/d\u1ea7u-h\u1ea1t-gai-300x200.png\" alt=\"\" width=\"718\" height=\"478\" srcset=\"https:\/\/havamall.vn\/wp-content\/uploads\/2021\/04\/d\u1ea7u-h\u1ea1t-gai-300x200.png 300w, https:\/\/havamall.vn\/wp-content\/uploads\/2021\/04\/d\u1ea7u-h\u1ea1t-gai-430x287.png 430w, https:\/\/havamall.vn\/wp-content\/uploads\/2021\/04\/d\u1ea7u-h\u1ea1t-gai-150x100.png 150w, https:\/\/havamall.vn\/wp-content\/uploads\/2021\/04\/d\u1ea7u-h\u1ea1t-gai-700x467.png 700w, https:\/\/havamall.vn\/wp-content\/uploads\/2021\/04\/d\u1ea7u-h\u1ea1t-gai-768x512.png 768w, https:\/\/havamall.vn\/wp-content\/uploads\/2021\/04\/d\u1ea7u-h\u1ea1t-gai.png 1024w, https:\/\/havamall.vn\/wp-content\/uploads\/2021\/04\/d\u1ea7u-h\u1ea1t-gai-600x400.png 600w\" sizes=\"(max-width: 718px) 100vw, 718px\" \/><\/p>\n<p><span style=\"font-weight: 400\">Trong d\u1ea7u gai d\u1ea7u c\u0169ng c\u00f3 m\u1ed9t l\u01b0\u1ee3ng axit amin \u0111\u00e1ng k\u1ec3, c\u1ea7n thi\u1ebft cho ho\u1ea1t \u0111\u1ed9ng th\u1ec3 ch\u1ea5t c\u1ee7a con ng\u01b0\u1eddi: nhi\u1ec1u vitamin g\u1ed3m A, E, B1, B2, PP, C; c\u00e1c mu\u1ed1i kho\u00e1ng nh\u01b0 s\u1eaft, canxi, magi\u00ea, kali, ph\u1ed1t pho, phytosterol v\u00e0 cannabinoids.<\/span><\/p>\n<p><span style=\"font-weight: 400\">S\u1eed d\u1ee5ng d\u1ea7u gai d\u1ea7u h\u00e0ng ng\u00e0y (4-5 mu\u1ed7ng c\u00e0 ph\u00ea) l\u00e0m gi\u1ea3m nhanh cholesterol v\u00e0 triglyceride trong m\u00e1u, do \u0111\u00f3 c\u0169ng l\u00e0m gi\u1ea3m nguy c\u01a1 huy\u1ebft kh\u1ed1i, t\u0103ng huy\u1ebft \u00e1p, x\u01a1 v\u1eefa \u0111\u1ed9ng m\u1ea1ch, c\u00e1c b\u1ec7nh tim m\u1ea1ch n\u00f3i chung, gi\u1eef cho c\u00e1c th\u00e0nh c\u1ee7a m\u1ea1ch m\u00e1u \u0111\u00e0n h\u1ed3i.<\/span><\/p>\n<p><img loading=\"lazy\" decoding=\"async\" class=\"aligncenter\" src=\"https:\/\/havamall.vn\/wp-content\/uploads\/2021\/04\/Hemp-Oil-Salad.png\" alt=\"8 Easy &amp; Tasty Hemp Oil Recipes | Good Hemp\" width=\"720\" height=\"379\" \/><\/p>\n<p><span style=\"font-weight: 400\">B\u1ec7nh ti\u1ec3u \u0111\u01b0\u1eddng c\u00f3 li\u00ean quan \u0111\u1ebfn vi\u1ec7c h\u1ea5p th\u1ee5 kh\u00f4ng c\u00e2n b\u1eb1ng c\u00e1c axit b\u00e9o thi\u1ebft y\u1ebfu. V\u00ec d\u1ea7u h\u1ea1t gai d\u1ea7u r\u1ea5t gi\u00e0u axit b\u00e9o thi\u1ebft y\u1ebfu, n\u00f3 c\u00f3 ti\u1ec1m n\u0103ng cao trong vi\u1ec7c ng\u0103n ng\u1eeba v\u00e0 \u0111i\u1ec1u tr\u1ecb b\u1ec7nh ti\u1ec3u \u0111\u01b0\u1eddng<\/span><\/p>\n<p><span class=\"text_exposed_show\">Nh\u01b0 c\u00e1c lo\u1ea1i d\u1ea7u ch\u1ee9a nhi\u1ec1u omega 3 kh\u00e1c, d\u1ea7u gai d\u1ea7u t\u1ed1t nh\u1ea5t n\u00ean \u0111\u1ec3 \u0103n s\u1ed1ng, nh\u01b0 tr\u1ed9n salad, cho v\u00e0o th\u1ee9c \u0103n d\u1eb7m c\u1ee7a b\u00e9 ho\u1eb7c ch\u1ebf bi\u1ebfn nh\u1ecf l\u1eeda \u0111\u1ec3 gi\u1eef \u0111\u01b0\u1ee3c tr\u1ecdn v\u1eb9n ch\u1ea5t dinh d\u01b0\u1ee1ng.<\/span><\/p>\n<h4><strong><img loading=\"lazy\" decoding=\"async\" class=\"aligncenter\" src=\"https:\/\/havamall.vn\/wp-content\/uploads\/2021\/04\/5779-hemp_oil-732x549-thumbnail-732x549.jpg\" alt=\"9 Best Hemp Oils and How to Choose the Right One for You\" width=\"725\" height=\"544\" \/><\/strong><\/h4>\n<h4><strong>C\u00f4ng d\u1ee5ng c\u1ee7a d\u1ea7u gai d\u1ea7u \u00e9pl\u1ea1nh:<\/strong><\/h4>\n<p><span style=\"font-weight: 400\">&#8211; <\/span><span style=\"font-weight: 400\">D\u1ea7u h\u1ea1t gai d\u1ea7u c\u00f3 ch\u1ee9a axit gamma-linoleic (GLA), c\u1ea7n thi\u1ebft cho qu\u00e1 tr\u00ecnh t\u1ed5ng h\u1ee3p prostaglandin, h\u1ee3p ch\u1ea5t gi\u1ed1ng v\u1edbi hormone, g\u00f3p ph\u1ea7n v\u00e0o nhi\u1ec1u ch\u1ee9c n\u0103ng c\u1ee7a c\u01a1 th\u1ec3<\/span><\/p>\n<p><span style=\"font-weight: 400\">&#8211; C\u00e1c axit b\u00e9o thi\u1ebft y\u1ebfu trong d\u1ea7u h\u1ea1t gai d\u1ea7u \u0111\u01b0\u1ee3c c\u01a1 th\u1ec3 y\u00eau c\u1ea7u \u0111\u1ec3 t\u1ed5ng h\u1ee3p n\u1ed9i ti\u1ebft t\u1ed1 c\u00f3 ch\u1ee9c n\u0103ng t\u0103ng c\u01b0\u1eddng h\u1ec7 th\u1ed1ng mi\u1ec5n d\u1ecbch<\/span><\/p>\n<p><span style=\"font-weight: 400\">&#8211; Axit gamma-linoleic (GLA) \u0111\u01b0\u1ee3c t\u00ecm th\u1ea5y trong d\u1ea7u h\u1ea1t gai d\u1ea7u \u0111\u01b0\u1ee3c bi\u1ebft \u0111\u1ebfn v\u1edbi kh\u1ea3 n\u0103ng ch\u1ed1ng vi\u00eam<\/span><\/p>\n<p><span style=\"font-weight: 400\">&#8211; Do ch\u1ee9a nhi\u1ec1u axit b\u00e9o omega-3, d\u1ea7u h\u1ea1t gai d\u1ea7u l\u00e0 m\u1ed9t th\u1ef1c ph\u1ea9m b\u1ed5 sung tuy\u1ec7t v\u1eddi cho m\u1eb9 b\u1ea7u<\/span><\/p>\n<p><span style=\"font-weight: 400\">&#8211; Gi\u1ea3m r\u1ed1i lo\u1ea1n h\u1ec7 th\u1ed1ng x\u01b0\u01a1ng kh\u1edbp v\u00e0 c\u01a1 b\u1eafp<\/span><\/p>\n<p><span style=\"font-weight: 400\">&#8211; Gi\u1ea3m c\u00e1c b\u1ec7nh vi\u00eam kh\u00e1c nh\u01b0 vi\u00eam kh\u1edbp d\u1ea1ng th\u1ea5p v\u00e0 b\u1ec7nh Crohn<\/span><\/p>\n<p><span style=\"font-weight: 400\">&#8211; B\u1ec7nh l\u00fd c\u1ee7a h\u1ec7 h\u00f4 h\u1ea5p nh\u01b0 hen suy\u1ec5n, vi\u00eam xoang, vi\u00eam kh\u00ed qu\u1ea3n v\u00e0 c\u00e1c b\u1ec7nh h\u00f4 h\u1ea5p kh\u00e1c nhau.<\/span><\/p>\n<p><span style=\"font-weight: 400\">&#8211; C\u00e1c v\u1ea5n \u0111\u1ec1 v\u1ec1 da\u00a0<\/span><\/p>\n<p><span style=\"font-weight: 400\">&#8211; C\u00e1c b\u1ec7nh v\u1ec1 \u0111\u01b0\u1eddng ti\u00eau h\u00f3a v\u00e0 gan<\/span><\/p>\n<p><span style=\"font-weight: 400\">&#8211; M\u1ea5t c\u00e2n b\u1eb1ng trong h\u1ec7 th\u1ed1ng n\u1ed9i ti\u1ebft t\u1ed1 n\u1eef: u nang bu\u1ed3ng tr\u1ee9ng, \u0111au b\u1ee5ng kinh, u x\u01a1 v\u00fa, r\u1ea5t h\u1eefu \u00edch cho h\u1ed9i ch\u1ee9ng ti\u1ec1n kinh nguy\u1ec7t v\u00e0 trong th\u1eddi k\u1ef3 m\u00e3n kinh.<\/span><\/p>\n<p><img loading=\"lazy\" decoding=\"async\" class=\"wp-image-19479 aligncenter\" src=\"https:\/\/havamall.vn\/wp-content\/uploads\/2021\/04\/71nVbk064WL._AC_SL1500_-1-295x300.png\" alt=\"\" width=\"696\" height=\"708\" srcset=\"https:\/\/havamall.vn\/wp-content\/uploads\/2021\/04\/71nVbk064WL._AC_SL1500_-1-295x300.png 295w, https:\/\/havamall.vn\/wp-content\/uploads\/2021\/04\/71nVbk064WL._AC_SL1500_-1-430x437.png 430w, https:\/\/havamall.vn\/wp-content\/uploads\/2021\/04\/71nVbk064WL._AC_SL1500_-1-150x152.png 150w, https:\/\/havamall.vn\/wp-content\/uploads\/2021\/04\/71nVbk064WL._AC_SL1500_-1-700x711.png 700w, https:\/\/havamall.vn\/wp-content\/uploads\/2021\/04\/71nVbk064WL._AC_SL1500_-1-768x780.png 768w, https:\/\/havamall.vn\/wp-content\/uploads\/2021\/04\/71nVbk064WL._AC_SL1500_-1-1008x1024.png 1008w, https:\/\/havamall.vn\/wp-content\/uploads\/2021\/04\/71nVbk064WL._AC_SL1500_-1-1200x1219.png 1200w, https:\/\/havamall.vn\/wp-content\/uploads\/2021\/04\/71nVbk064WL._AC_SL1500_-1-600x610.png 600w, https:\/\/havamall.vn\/wp-content\/uploads\/2021\/04\/71nVbk064WL._AC_SL1500_-1.png 1500w\" sizes=\"(max-width: 696px) 100vw, 696px\" \/><\/p>\n<h4><strong>H\u01b0\u1edbng d\u1eabn s\u1eed d\u1ee5ng:<\/strong><\/h4>\n<p><span style=\"font-weight: 400\">&#8211; D\u1ea7u h\u1ea1t gai d\u1ea7u d\u00f9ng trong nh\u00e0 b\u1ebfp ch\u1ee7 y\u1ebfu \u0111\u01b0\u1ee3c ch\u1ebf bi\u1ebfn b\u1eb1ng ph\u01b0\u01a1ng ph\u00e1p \u00e9p l\u1ea1nh, c\u00f3 m\u00e0u xanh nh\u1ea1t t\u1ef1 nhi\u00ean v\u00e0 m\u00f9i h\u1ea1t ph\u1ec9 \u0111\u1eb7c tr\u01b0ng ph\u00f9 h\u1ee3p l\u00e0m topping cho salad, ng\u0169 c\u1ed1c, s\u00fap\u2026 t\u01b0\u01a1ng t\u1ef1 d\u1ea7u olive, kh\u00f4ng ch\u1ec9 thu h\u00fat tr\u1ebb em m\u00e0 c\u00f2n r\u1ea5t c\u00f3 l\u1ee3i cho ng\u01b0\u1eddi l\u1edbn tu\u1ed5i.<\/span><\/p>\n<p><span style=\"font-weight: 400\">&#8211; B\u1ea1n c\u0169ng c\u00f3 th\u1ec3 th\u00eam d\u1ea7u gai d\u1ea7u v\u00e0o kh\u1ea9u ph\u1ea7n \u0103n h\u00e0ng ng\u00e0y c\u1ee7a m\u00ecnh, trong c\u00e1c m\u00f3n tr\u1ed9n, m\u00f3n h\u1ea7m, s\u00fap, th\u1eadm ch\u00ed l\u00e0 s\u1eed d\u1ee5ng tr\u1ef1c ti\u1ebfp (1-2 th\u00eca cafe m\u1ed7i ng\u00e0y)<\/span><\/p>\n<p><span style=\"font-weight: 400\">&#8211; B\u1ea1n c\u00f3 th\u1ec3 d\u00f9ng ngo\u00e0i da, b\u1eb1ng c\u00e1ch b\u00f4i tr\u1ef1c ti\u1ebfp l\u00ean v\u00f9ng da \u0111\u00e3 \u0111\u01b0\u1ee3c l\u00e0m s\u1ea1ch, ho\u1eb7c k\u1ebft h\u1ee3p v\u1edbi c\u00e1c th\u00e0nh ph\u1ea7n kh\u00e1c nh\u01b0 d\u1ea7u d\u1eeba, tinh d\u1ea7u c\u00e1c lo\u1ea1i.<\/span><\/p>\n<p><img loading=\"lazy\" decoding=\"async\" class=\"aligncenter\" src=\"https:\/\/havamall.vn\/wp-content\/uploads\/2021\/04\/cannabis-hemp-oil.jpg\" alt=\"The Retail Market Will Make Up More Than 60% of CBD Sales in the U.S. by 2024 | The Motley Fool\" width=\"695\" height=\"463\" \/><\/p>\n<h4><strong>H\u01b0\u1edbng d\u1eabn b\u1ea3o qu\u1ea3n:<\/strong><\/h4>\n<p>&gt;B\u1ea3o qu\u1ea3n \u1edf n\u01a1i kh\u00f4 r\u00e1o tho\u00e1ng m\u00e1t.<\/p>\n<p>&gt;\u0110\u1eady k\u00edn sau khi s\u1eed d\u1ee5ng.<\/p>\n<p>&gt;B\u1ea3o qu\u1ea3n trong ng\u0103n m\u00e1t t\u1ee7 l\u1ea1nh<\/p>\n<p>S\u1ea3n ph\u1ea9m hi\u1ec7n \u0111\u00e3 c\u00f3 m\u1eb7t t\u1ea1i Havamall.<\/p>","protected":false},"excerpt":{"rendered":"<p>Th\u01b0\u01a1ng hi\u1ec7u Sottolestelle Xu\u1ea5t x\u1ee9 \u00dd Th\u00e0nh ph\u1ea7n 100% d\u1ea7u h\u1ea1t gai d\u1ea7u h\u1eefu c\u01a1 \u00e9p l\u1ea1nh H\u1ea1n s\u1eed d\u1ee5ng<\/p>","protected":false},"featured_media":19473,"comment_status":"open","ping_status":"closed","template":"","meta":[],"product_brand":[],"product_cat":[36,143],"product_tag":[],"class_list":{"0":"post-19460","1":"product","2":"type-product","3":"status-publish","4":"has-post-thumbnail","6":"product_cat-thuc-pham-tieu-dung","7":"product_cat-thuc-pham-dong-hop","8":"pa_brand-sottolestell","10":"first","11":"outofstock","12":"sale","13":"shipping-taxable","14":"purchasable","15":"product-type-simple"},"_links":{"self":[{"href":"https:\/\/havamall.vn\/en\/wp-json\/wp\/v2\/product\/19460"}],"collection":[{"href":"https:\/\/havamall.vn\/en\/wp-json\/wp\/v2\/product"}],"about":[{"href":"https:\/\/havamall.vn\/en\/wp-json\/wp\/v2\/types\/product"}],"replies":[{"embeddable":true,"href":"https:\/\/havamall.vn\/en\/wp-json\/wp\/v2\/comments?post=19460"}],"version-history":[{"count":0,"href":"https:\/\/havamall.vn\/en\/wp-json\/wp\/v2\/product\/19460\/revisions"}],"wp:featuredmedia":[{"embeddable":true,"href":"https:\/\/havamall.vn\/en\/wp-json\/wp\/v2\/media\/19473"}],"wp:attachment":[{"href":"https:\/\/havamall.vn\/en\/wp-json\/wp\/v2\/media?parent=19460"}],"wp:term":[{"taxonomy":"product_brand","embeddable":true,"href":"https:\/\/havamall.vn\/en\/wp-json\/wp\/v2\/product_brand?post=19460"},{"taxonomy":"product_cat","embeddable":true,"href":"https:\/\/havamall.vn\/en\/wp-json\/wp\/v2\/product_cat?post=19460"},{"taxonomy":"product_tag","embeddable":true,"href":"https:\/\/havamall.vn\/en\/wp-json\/wp\/v2\/product_tag?post=19460"}],"curies":[{"name":"wp","href":"https:\/\/api.w.org\/{rel}","templated":true}]}}