{"id":19457,"date":"2021-04-26T15:07:03","date_gmt":"2021-04-26T08:07:03","guid":{"rendered":"https:\/\/havamall.vn\/?post_type=product&#038;p=19457"},"modified":"2021-10-07T16:49:51","modified_gmt":"2021-10-07T09:49:51","slug":"combo-2-hop-vien-ngam-mat-ong-ca-phe-chewy-coffee-14g","status":"publish","type":"product","link":"https:\/\/havamall.vn\/en\/shop\/combo-2-hop-vien-ngam-mat-ong-ca-phe-chewy-coffee-14g\/","title":{"rendered":"Combo 2 H\u1ed9p Vi\u00ean Ng\u1eadm M\u1eadt Ong C\u00e0 Ph\u00ea Chewy Coffee 14g"},"content":{"rendered":"<table>\n<tbody>\n<tr>\n<td>Th\u01b0\u01a1ng hi\u1ec7u<\/td>\n<td>Chewy Coffee<\/td>\n<\/tr>\n<tr>\n<td>Xu\u1ea5t x\u1ee9<\/td>\n<td>Vi\u1ec7t Nam<\/td>\n<\/tr>\n<tr>\n<td>Th\u00e0nh ph\u1ea7n<\/td>\n<td>C\u00e0 ph\u00ea Arabica, Robusta, m\u1eadt ong, b\u1ed9t cacao<\/td>\n<\/tr>\n<tr>\n<td>H\u1ea1n s\u1eed d\u1ee5ng<\/td>\n<td>12 th\u00e1ng k\u1ec3 t\u1eeb ng\u00e0y s\u1ea3n xu\u1ea5t.<\/td>\n<\/tr>\n<tr>\n<td>B\u1ea3o qu\u1ea3n<\/td>\n<td>\u0110\u1ec3 n\u01a1i kh\u00f4 r\u00e1o, tho\u00e1ng m\u00e1t, tr\u00e1nh \u00e1nh n\u1eafng tr\u1ef1c ti\u1ebfp<\/td>\n<\/tr>\n<tr>\n<td>Kh\u1ed1i l\u01b0\u1ee3ng t\u1ecbnh<\/td>\n<td>2 h\u1ed9p 14g<\/td>\n<\/tr>\n<\/tbody>\n<\/table>\n<p>Vi\u00ean ng\u1eadm m\u1eadt ong c\u00e0 ph\u00ea Chewy Coffee l\u00e0 s\u1ea3n ph\u1ea9m c\u00e0 ph\u00ea b\u1ecf t\u00fai v\u1edbi s\u1ef1 k\u1ebft h\u1ee3p \u0111\u1eb7c bi\u1ec7t gi\u1eefa c\u00e0 ph\u00ea nguy\u00ean ch\u1ea5t v\u00e0 m\u1eadt ong mang l\u1ea1i h\u01b0\u01a1ng v\u1ecb m\u1edbi l\u1ea1 c\u00f9ng phong c\u00e1ch th\u01b0\u1edfng th\u1ee9c ho\u00e0n to\u00e0n m\u1edbi.<\/p>\n<p><img fetchpriority=\"high\" decoding=\"async\" class=\"wp-image-20047 aligncenter\" src=\"https:\/\/havamall.vn\/wp-content\/uploads\/2021\/04\/10642763-1-300x201.png\" alt=\"\" width=\"688\" height=\"461\" srcset=\"https:\/\/havamall.vn\/wp-content\/uploads\/2021\/04\/10642763-1-300x201.png 300w, https:\/\/havamall.vn\/wp-content\/uploads\/2021\/04\/10642763-1-430x288.png 430w, https:\/\/havamall.vn\/wp-content\/uploads\/2021\/04\/10642763-1-150x101.png 150w, https:\/\/havamall.vn\/wp-content\/uploads\/2021\/04\/10642763-1-700x469.png 700w, https:\/\/havamall.vn\/wp-content\/uploads\/2021\/04\/10642763-1-768x515.png 768w, https:\/\/havamall.vn\/wp-content\/uploads\/2021\/04\/10642763-1-600x402.png 600w, https:\/\/havamall.vn\/wp-content\/uploads\/2021\/04\/10642763-1.png 900w\" sizes=\"(max-width: 688px) 100vw, 688px\" \/><\/p>\n<p>\u01a0\u0309 Vi\u00ea\u0323t nam, r\u00e2\u0301t i\u0301t ng\u01b0\u01a1\u0300i khi u\u00f4\u0301ng ca\u0300 ph\u00ea du\u0300ng m\u00e2\u0323t ong (thay cho \u0111\u01b0\u01a1\u0300ng) va\u0300o dung di\u0323ch ca\u0300 ph\u00ea nh\u01b0ng th\u01b0\u0323c t\u00ea\u0301 cho th\u00e2\u0301y r\u0103\u0300ng khi du\u0300ng m\u00e2\u0323t ong pha cu\u0300ng dung di\u0323ch ca\u0300 ph\u00ea thi\u0300 ly ca\u0300 ph\u00ea sau khi pha co\u0301 m\u00f4\u0323t mu\u0300i vi\u0323 r\u00e2\u0301t la\u0323 th\u01a1m ngon cu\u0300ng vi\u0323 ngo\u0323t thanh cu\u0309a m\u00e2\u0323t ong va\u0300 vi\u0323 \u0111\u0103\u0301ng di\u0323u kh\u00f4ng g\u0103\u0301t cu\u0309a ca\u0300 ph\u00ea . Th\u01b0\u01a1\u0309ng th\u01b0\u0301c m\u00f4\u0323t ly ca\u0300 ph\u00ea m\u00e2\u0323t ong kh\u00f4ng nh\u01b0\u0303ng giu\u0301p cho tinh th\u00e2\u0300n sa\u0309ng khoa\u0301i ma\u0300 co\u0300n r\u00e2\u0301t t\u00f4\u0301t cho s\u01b0\u0301c kho\u0309e c\u0169ng nh\u01b0 ta\u0323o cho ng\u01b0\u01a1\u0300i u\u00f4\u0301ng co\u0301 s\u0103\u0301c di\u00ea\u0323n t\u01b0\u01a1i \u0111e\u0323p.<\/p>\n<p><img decoding=\"async\" class=\"wp-image-20048 aligncenter\" src=\"https:\/\/havamall.vn\/wp-content\/uploads\/2021\/04\/10326157-1-300x300.jpg\" alt=\"\" width=\"691\" height=\"691\" srcset=\"https:\/\/havamall.vn\/wp-content\/uploads\/2021\/04\/10326157-1-300x300.jpg 300w, https:\/\/havamall.vn\/wp-content\/uploads\/2021\/04\/10326157-1-430x430.jpg 430w, https:\/\/havamall.vn\/wp-content\/uploads\/2021\/04\/10326157-1-150x150.jpg 150w, https:\/\/havamall.vn\/wp-content\/uploads\/2021\/04\/10326157-1-700x700.jpg 700w, https:\/\/havamall.vn\/wp-content\/uploads\/2021\/04\/10326157-1-768x768.jpg 768w, https:\/\/havamall.vn\/wp-content\/uploads\/2021\/04\/10326157-1-1024x1024.jpg 1024w, https:\/\/havamall.vn\/wp-content\/uploads\/2021\/04\/10326157-1-1200x1200.jpg 1200w, https:\/\/havamall.vn\/wp-content\/uploads\/2021\/04\/10326157-1-600x600.jpg 600w, https:\/\/havamall.vn\/wp-content\/uploads\/2021\/04\/10326157-1-100x100.jpg 100w, https:\/\/havamall.vn\/wp-content\/uploads\/2021\/04\/10326157-1.jpg 2048w\" sizes=\"(max-width: 691px) 100vw, 691px\" \/><\/p>\n<p>Tuy v\u00e2\u0323y, vi\u00ea\u0323c kh\u00f4ng thu\u00e2\u0323n l\u01a1\u0323i cho ng\u01b0\u01a1\u0300i du\u0300ng khi mu\u00f4\u0301n u\u00f4\u0301ng m\u00f4\u0323t ly ca\u0300 ph\u00ea m\u00e2\u0323t ong lu\u00f4n \u0111i ke\u0300m theo ca\u0301c \u0111i\u00ea\u0300u ki\u00ea\u0323n pha\u0309i co\u0301 qua\u0301n ca\u0300 ph\u00ea, n\u01b0\u01a1\u0301c no\u0301ng \u0111un s\u00f4i du\u0300ng pha ca\u0300 ph\u00ea trong khi th\u01a1\u0300i gian ha\u0323n he\u0323p cu\u0300ng ca\u0301c \u0111i\u00ea\u0300u ki\u00ea\u0323n kha\u0301c kh\u00f4ng cho phe\u0301p ho\u0323 ng\u00f4\u0300i nh\u00e2m nhi th\u01b0\u01a1\u0309ng th\u01b0\u0301c ly ca\u0300 ph\u00ea ngon na\u0300y ch\u00ednh v\u00ec v\u1eady vi\u00eam ng\u00e2m m\u00e2\u0323t ong ca\u0300 ph\u00ea Chewy Coffee ra \u0111\u01a1\u0300i.<\/p>\n<p><img decoding=\"async\" class=\"wp-image-20049 aligncenter\" src=\"https:\/\/havamall.vn\/wp-content\/uploads\/2021\/04\/fecwc-1-300x300.jpg\" alt=\"\" width=\"700\" height=\"700\" srcset=\"https:\/\/havamall.vn\/wp-content\/uploads\/2021\/04\/fecwc-1-300x300.jpg 300w, https:\/\/havamall.vn\/wp-content\/uploads\/2021\/04\/fecwc-1-430x430.jpg 430w, https:\/\/havamall.vn\/wp-content\/uploads\/2021\/04\/fecwc-1-150x150.jpg 150w, https:\/\/havamall.vn\/wp-content\/uploads\/2021\/04\/fecwc-1-700x700.jpg 700w, https:\/\/havamall.vn\/wp-content\/uploads\/2021\/04\/fecwc-1-768x768.jpg 768w, https:\/\/havamall.vn\/wp-content\/uploads\/2021\/04\/fecwc-1-600x600.jpg 600w, https:\/\/havamall.vn\/wp-content\/uploads\/2021\/04\/fecwc-1-100x100.jpg 100w, https:\/\/havamall.vn\/wp-content\/uploads\/2021\/04\/fecwc-1.jpg 900w\" sizes=\"(max-width: 700px) 100vw, 700px\" \/><\/p>\n<p>H\u1ed7n h\u1ee3p M\u1eadt ong v\u00e0 C\u00e0 ph\u00ea t\u1ea1o cho ng\u01b0\u1eddi d\u00f9ng m\u1ed9t c\u1ea3m gi\u00e1c m\u1edbi l\u1ea1 v\u1ec1 s\u1ef1 th\u01b0\u1edfng th\u1ee9c C\u00e0 ph\u00ea \u1edf m\u1ecdi l\u00fac, m\u1ecdi n\u01a1i c\u00f9ng v\u1edbi h\u01b0\u01a1ng v\u1ecb c\u1ee7a n\u00f3 t\u1ed3n t\u1ea1i \u1edf khoang mi\u1ec7ng c\u1ee7a ng\u01b0\u1eddi d\u00f9ng trong m\u1ed9t th\u1eddi gian d\u00e0i h\u01a1n r\u1ea5t nhi\u1ec1u so v\u1edbi khi ng\u1ed3i u\u1ed1ng c\u00e0 ph\u00ea trong qu\u00e1n c\u00e0 ph\u00ea. Ngo\u00e0i c\u1ea3m gi\u00e1c v\u1ec1 h\u01b0\u01a1ng v\u1ecb, ng\u01b0\u1eddi d\u00f9ng c\u00f2n thu n\u1ea1p \u0111\u01b0\u1ee3c t\u1ea5t c\u1ea3 c\u00e1c ch\u1ea5t , c\u00e1c vi l\u01b0\u1ee3ng c\u1ee7a m\u1eadt ong, c\u1ee7a b\u1ed9t c\u00e0 ph\u00ea t\u1ed1t cho s\u1ee9c kh\u1ecfe<\/p>\n<p><img loading=\"lazy\" decoding=\"async\" class=\"wp-image-20050 aligncenter\" src=\"https:\/\/havamall.vn\/wp-content\/uploads\/2021\/04\/120727438_-1-300x300.jpg\" alt=\"\" width=\"696\" height=\"696\" srcset=\"https:\/\/havamall.vn\/wp-content\/uploads\/2021\/04\/120727438_-1-300x300.jpg 300w, https:\/\/havamall.vn\/wp-content\/uploads\/2021\/04\/120727438_-1-430x430.jpg 430w, https:\/\/havamall.vn\/wp-content\/uploads\/2021\/04\/120727438_-1-150x150.jpg 150w, https:\/\/havamall.vn\/wp-content\/uploads\/2021\/04\/120727438_-1-700x700.jpg 700w, https:\/\/havamall.vn\/wp-content\/uploads\/2021\/04\/120727438_-1-768x768.jpg 768w, https:\/\/havamall.vn\/wp-content\/uploads\/2021\/04\/120727438_-1-1024x1024.jpg 1024w, https:\/\/havamall.vn\/wp-content\/uploads\/2021\/04\/120727438_-1-1200x1200.jpg 1200w, https:\/\/havamall.vn\/wp-content\/uploads\/2021\/04\/120727438_-1-600x600.jpg 600w, https:\/\/havamall.vn\/wp-content\/uploads\/2021\/04\/120727438_-1-100x100.jpg 100w, https:\/\/havamall.vn\/wp-content\/uploads\/2021\/04\/120727438_-1.jpg 2048w\" sizes=\"(max-width: 696px) 100vw, 696px\" \/><\/p>\n<p>Nguy\u00ean li\u00ea\u0323u chi\u0301nh cu\u0309a Vi\u00ean M\u00e2\u0323t ong ca\u0300 ph\u00ea Chewy Coffee l\u00e0 m\u00e2\u0323t ong nguy\u00ean ch\u00e2\u0301t k\u00ea\u0301t h\u01a1\u0323p v\u01a1\u0301i Ca\u0300 ph\u00ea sa\u0323ch \u0111\u01b0\u01a1\u0323c nghi\u00ea\u0300n tha\u0300nh b\u00f4\u0323t (kh\u00f4ng pha\u0309i b\u00f4\u0323t ca\u0300 ph\u00ea ho\u0300a tan \u2013 \u0111\u00e2y la\u0300 s\u01b0\u0323 kha\u0301c bi\u00ea\u0323t r\u00e2\u0301t l\u01a1\u0301n so v\u01a1\u0301i ca\u0301c vi\u00ean ke\u0323o ca\u0300 ph\u00ea).<\/p>\n<h4><strong>Nh\u1eefng \u01b0u \u0111i\u1ec3m t\u1ea1o n\u00ean s\u1ef1 kh\u00e1c bi\u1ec7t c\u1ee7a vi\u00eam\u00a0ng\u1eadm c\u00e0 ph\u00ea Chewy Coffee:\u00a0<\/strong><\/h4>\n<p>\u2013 C\u00f3 th\u1ec3 thay th\u1ebf cho ly c\u00e0\u00a0ph\u00ea h\u00e0ng ng\u00e0y<\/p>\n<p>\u2013 Kh\u00f4ng nh\u1eefng t\u1ec9nh t\u00e1o t\u1ee9c th\u00ec l\u1ea1i c\u00f2n r\u1ea5t c\u00f3 l\u1ee3i cho s\u1ee9c kh\u1ecfe<\/p>\n<p>\u2013 Ng\u01b0\u1eddi b\u1ea1n \u0111\u1ed3ng h\u00e0nh trong m\u1ecdi chuy\u1ebfn \u0111i v\u1edbi k\u00edch th\u01b0\u1edbc nh\u1ecf g\u1ecdn<\/p>\n<p>\u2013 B\u1ea3o v\u1ec7 m\u00f4i tr\u01b0\u1eddng, h\u1ea1n ch\u1ebf r\u00e1c th\u1ea3i t\u1eeb b\u00e3 c\u00e0 ph\u00ea g\u00e2y ra<\/p>\n<p><img loading=\"lazy\" decoding=\"async\" class=\"wp-image-20051 aligncenter\" src=\"https:\/\/havamall.vn\/wp-content\/uploads\/2021\/04\/103810947-1-300x201.png\" alt=\"\" width=\"706\" height=\"473\" srcset=\"https:\/\/havamall.vn\/wp-content\/uploads\/2021\/04\/103810947-1-300x201.png 300w, https:\/\/havamall.vn\/wp-content\/uploads\/2021\/04\/103810947-1-430x288.png 430w, https:\/\/havamall.vn\/wp-content\/uploads\/2021\/04\/103810947-1-150x101.png 150w, https:\/\/havamall.vn\/wp-content\/uploads\/2021\/04\/103810947-1-700x469.png 700w, https:\/\/havamall.vn\/wp-content\/uploads\/2021\/04\/103810947-1-768x515.png 768w, https:\/\/havamall.vn\/wp-content\/uploads\/2021\/04\/103810947-1-600x402.png 600w, https:\/\/havamall.vn\/wp-content\/uploads\/2021\/04\/103810947-1.png 900w\" sizes=\"(max-width: 706px) 100vw, 706px\" \/><\/p>\n<h4><strong>C\u00f4ng d\u1ee5ng c\u1ee7a vi\u00ean ng\u00e2m m\u1eadt ong c\u00e0 ph\u00ea Chewy Coffee:<\/strong><\/h4>\n<p>\u2013 Thu\u1eadn ti\u1ec7n m\u1ecdi l\u00fac m\u1ecdi \u2013 c\u1ea7n s\u1ef1 t\u1ec9nh t\u00e1o trong qu\u00e1 tr\u00ecnh l\u00e0m vi\u1ec7c<\/p>\n<p>\u2013 Thu n\u1ea1p h\u1ebft 100% tinh hoa c\u00f9ng c\u00e1c ch\u1ea5t vi l\u01b0\u1ee3ng qu\u00fd b\u00e1u trong M\u1eadt ong &amp; c\u00e0 ph\u00ea \u2013 m\u00e0 c\u00e1c ph\u01b0\u01a1ng ph\u00e1p d\u00f9ng kh\u00e1c kh\u00f4ng th\u1ef1c hi\u1ec7n \u0111\u01b0\u1ee3c<\/p>\n<p>\u2013 Ph\u00f2ng ch\u1ed1ng m\u1ed9t s\u1ed1 b\u1ec7nh v\u1ec1 ti\u00eau h\u00f3a, tim m\u1ea1ch v\u00e0 ung th\u01b0\u2026<\/p>\n<p>\u2013 B\u1ea3o v\u1ec7 m\u00f4i tr\u01b0\u1eddng \u2013 lo\u1ea1i tr\u1eeb vi\u1ec7c b\u00e3 th\u1ea3i c\u1ee7a c\u00e0 ph\u00ea<\/p>\n<p>S\u1ea3n ph\u1ea9m hi\u1ec7n \u0111\u00e3 c\u00f3 m\u1eb7t t\u1ea1i Havamall.<\/p>","protected":false},"excerpt":{"rendered":"<p>Nguy\u00ean li\u00ea\u0323u chi\u0301nh cu\u0309a Vi\u00ean M\u00e2\u0323t ong ca\u0300 ph\u00ea Chewy Coffee l\u00e0 m\u00e2\u0323t ong nguy\u00ean ch\u00e2\u0301t k\u00ea\u0301t h\u01a1\u0323p v\u01a1\u0301i Ca\u0300 ph\u00ea sa\u0323ch \u0111\u01b0\u01a1\u0323c nghi\u00ea\u0300n tha\u0300nh b\u00f4\u0323t (kh\u00f4ng pha\u0309i b\u00f4\u0323t ca\u0300 ph\u00ea ho\u0300a tan \u2013 \u0111\u00e2y la\u0300 s\u01b0\u0323 kha\u0301c bi\u00ea\u0323t r\u00e2\u0301t l\u01a1\u0301n so v\u01a1\u0301i ca\u0301c vi\u00ean ke\u0323o ca\u0300 ph\u00ea).<\/p>\n<p>Thu n\u1ea1p h\u1ebft 100% tinh hoa c\u00f9ng c\u00e1c ch\u1ea5t vi l\u01b0\u1ee3ng qu\u00fd b\u00e1u trong M\u1eadt ong &amp; c\u00e0 ph\u00ea \u2013 m\u00e0 c\u00e1c ph\u01b0\u01a1ng ph\u00e1p d\u00f9ng kh\u00e1c kh\u00f4ng th\u1ef1c hi\u1ec7n \u0111\u01b0\u1ee3c<\/p>\n<p>Ngo\u00e0i c\u1ea3m gi\u00e1c v\u1ec1 h\u01b0\u01a1ng v\u1ecb, ng\u01b0\u1eddi d\u00f9ng c\u00f2n thu n\u1ea1p \u0111\u01b0\u1ee3c t\u1ea5t c\u1ea3 c\u00e1c ch\u1ea5t , c\u00e1c vi l\u01b0\u1ee3ng c\u1ee7a m\u1eadt ong, c\u1ee7a b\u1ed9t c\u00e0 ph\u00ea t\u1ed1t cho s\u1ee9c kh\u1ecfe<\/p>","protected":false},"featured_media":19471,"comment_status":"open","ping_status":"closed","template":"","meta":[],"product_brand":[],"product_cat":[409,40,36,143],"product_tag":[],"class_list":{"0":"post-19457","1":"product","2":"type-product","3":"status-publish","4":"has-post-thumbnail","6":"product_cat-hop-qua-set-qua","7":"product_cat-sieuthi-giasi","8":"product_cat-thuc-pham-tieu-dung","9":"product_cat-thuc-pham-dong-hop","11":"first","12":"instock","13":"sale","14":"shipping-taxable","15":"purchasable","16":"product-type-simple"},"_links":{"self":[{"href":"https:\/\/havamall.vn\/en\/wp-json\/wp\/v2\/product\/19457"}],"collection":[{"href":"https:\/\/havamall.vn\/en\/wp-json\/wp\/v2\/product"}],"about":[{"href":"https:\/\/havamall.vn\/en\/wp-json\/wp\/v2\/types\/product"}],"replies":[{"embeddable":true,"href":"https:\/\/havamall.vn\/en\/wp-json\/wp\/v2\/comments?post=19457"}],"version-history":[{"count":0,"href":"https:\/\/havamall.vn\/en\/wp-json\/wp\/v2\/product\/19457\/revisions"}],"wp:featuredmedia":[{"embeddable":true,"href":"https:\/\/havamall.vn\/en\/wp-json\/wp\/v2\/media\/19471"}],"wp:attachment":[{"href":"https:\/\/havamall.vn\/en\/wp-json\/wp\/v2\/media?parent=19457"}],"wp:term":[{"taxonomy":"product_brand","embeddable":true,"href":"https:\/\/havamall.vn\/en\/wp-json\/wp\/v2\/product_brand?post=19457"},{"taxonomy":"product_cat","embeddable":true,"href":"https:\/\/havamall.vn\/en\/wp-json\/wp\/v2\/product_cat?post=19457"},{"taxonomy":"product_tag","embeddable":true,"href":"https:\/\/havamall.vn\/en\/wp-json\/wp\/v2\/product_tag?post=19457"}],"curies":[{"name":"wp","href":"https:\/\/api.w.org\/{rel}","templated":true}]}}