{"id":19383,"date":"2021-04-20T17:01:25","date_gmt":"2021-04-20T10:01:25","guid":{"rendered":"https:\/\/havamall.vn\/?post_type=product&#038;p=19383"},"modified":"2025-06-08T15:08:01","modified_gmt":"2025-06-08T08:08:01","slug":"ot-bot-hun-khoi-thuong-hieu-hava-foodies-goi-100g-paprika-smoke","status":"publish","type":"product","link":"https:\/\/havamall.vn\/en\/shop\/ot-bot-hun-khoi-thuong-hieu-hava-foodies-goi-100g-paprika-smoke\/","title":{"rendered":"\u1edat Kh\u00f3i C\u1ef1a G\u00e0 Th\u01b0\u01a1ng Hi\u1ec7u Hava Foodies G\u00f3i 100g \u2013 Paprika Smoke"},"content":{"rendered":"<table>\n<tbody>\n<tr>\n<td>Th\u01b0\u01a1ng hi\u1ec7u<\/td>\n<td>Hava Foodies<\/td>\n<\/tr>\n<tr>\n<td>Xu\u1ea5t x\u1ee9<\/td>\n<td>\u0110\u1ee9c<\/td>\n<\/tr>\n<tr>\n<td>Th\u00e0nh ph\u1ea7n<\/td>\n<td>100% \u1edbt Capsicum<\/td>\n<\/tr>\n<tr>\n<td>H\u1ea1n s\u1eed d\u1ee5ng<\/td>\n<td>Xem tr\u00ean bao b\u00ec<\/td>\n<\/tr>\n<tr>\n<td>H\u01b0\u1edbng d\u1eabn s\u1eed d\u1ee5ng<\/td>\n<td>D\u00f9ng l\u00e0m gia v\u1ecb ch\u1ebf bi\u1ebfn m\u00f3n \u0103n<\/td>\n<\/tr>\n<tr>\n<td>B\u1ea3o qu\u1ea3n<\/td>\n<td>N\u01a1i kh\u00f4 r\u00e1o, tho\u00e1ng m\u00e1t, tr\u00e1nh \u00e1nh s\u00e1ng tr\u1ef1c ti\u1ebfp t\u1eeb m\u1eb7t tr\u1eddi<\/td>\n<\/tr>\n<\/tbody>\n<\/table>\n<p><span style=\"font-weight: 400\">Paprika l\u00e0 gia v\u1ecb bi\u1ec3u t\u01b0\u1ee3ng c\u1ee7a \u1ea9m th\u1ef1c Hungary nh\u01b0ng th\u1ef1c ch\u1ea5t gi\u1ed1ng \u1edbt \u0111\u01b0\u1ee3c ng\u01b0\u1eddi Th\u1ed5 Nh\u0129 K\u1ef3 mang \u0111\u1ebfn t\u1eeb th\u1ebf k\u1ef7 16 \u2013 17 trong th\u1eddi gian \u0111\u00f4 h\u1ed9 t\u1ea1i \u0111\u00e2y. Nh\u1eefng th\u1ee3 ch\u0103n c\u1eebu v\u00e0 gia s\u00fac l\u00e0 ng\u01b0\u1eddi \u0111\u1ea7u ti\u00ean ch\u1ebf bi\u1ebfn \u0111\u1ed3 \u0103n v\u1edbi b\u1ed9t \u1edbt. Gia v\u1ecb cay n\u1ed3ng n\u00e0y b\u1eaft \u0111\u1ea7u \u0111\u01b0\u1ee3c s\u1eed d\u1ee5ng ph\u1ed5 bi\u1ebfn trong c\u00e1c c\u0103n b\u1ebfp c\u1ee7a n\u00f4ng d\u00e2n Hungary. Sau \u0111\u00f3, gi\u1edbi qu\u00fd t\u1ed9c khi ph\u00e1t hi\u1ec7n v\u1ecb cay \u0111\u1eb7c bi\u1ec7t v\u00e0 m\u00e0u s\u1eafc h\u1ea5p d\u1eabn c\u1ee7a Paprika m\u1edbi cho d\u00f9ng b\u1ed9t n\u00e0y trong c\u00e1c b\u1eefa \u0103n h\u00e0ng ng\u00e0y. \u0110\u1ebfn th\u1ebf k\u1ef7 19, Paprika tr\u1edf th\u00e0nh gia v\u1ecb th\u1ed1ng tr\u1ecb m\u1ecdi c\u0103n b\u1ebfp v\u00e0 nh\u00e0 h\u00e0ng tr\u00ean kh\u1eafp \u0111\u1ea5t n\u01b0\u1edbc.<\/span><\/p>\n<p><img fetchpriority=\"high\" decoding=\"async\" class=\"wp-image-19379 aligncenter\" src=\"https:\/\/havamall.com\/wp-content\/uploads\/2025\/06\/037a2bc92660310ebf47724ef18b1132-300x225.jpg\" alt=\"\" width=\"624\" height=\"468\" \/><\/p>\n<p><span style=\"font-weight: 400\">Paprika \u0111\u01b0\u1ee3c s\u1eed d\u1ee5ng kh\u00f4ng kh\u00e1c g\u00ec nh\u01b0 c\u00e1c lo\u1ea1i gia v\u1ecb kh\u00e1c, th\u01b0\u1eddng n\u00f3 \u0111\u01b0\u1ee3c s\u1eed d\u1ee5ng \u0111\u1ec3 t\u1ea1o ra m\u00e0u s\u1eafc \u0111\u1eb9p m\u1eaft v\u00e0 l\u00e0m t\u0103ng h\u01b0\u01a1ng v\u1ecb cay ng\u1ecdt \u1ea5n t\u01b0\u1ee3ng cho c\u00e1c m\u00f3n h\u1ea7m, canh v\u00e0 s\u00fap.<\/span><\/p>\n<p><span style=\"font-weight: 400\">Ngo\u00e0i ra, Paprika c\u00f2n \u0111\u01b0\u1ee3c d\u00f9ng \u0111\u1ec3 \u01b0\u1edbp c\u00e1c lo\u1ea1i c\u00e1, th\u1ecbt tr\u01b0\u1edbc khi ch\u1ebf bi\u1ebfn, th\u1eadm ch\u00ed n\u1ebfu b\u1ea1n \u0111un lo\u1ea1i \u1edbt b\u1ed9t n\u00e0y ng\u1eadp d\u1ea7u tr\u00ean ch\u1ea3o s\u1ebd cho ra h\u1ed7n h\u1ee3p th\u01a1m ngon v\u00e0 v\u1ecb \u0111\u1eadm \u0111\u00e0. Khi th\u01b0\u1edfng th\u1ee9c c\u00e1c m\u00f3n \u0103n c\u00f3 Paprika, ng\u01b0\u1eddi d\u00e2n Hungary th\u01b0\u1eddng d\u00f9ng k\u00e8m r\u01b0\u1ee3u Kadarka.<\/span><\/p>\n<p><img decoding=\"async\" class=\"wp-image-19376 aligncenter\" src=\"https:\/\/havamall.com\/wp-content\/uploads\/2025\/06\/paprika-la-gi-paprika-net-dac-trung-cua-nen-am-th-6-300x198.jpg\" alt=\"\" width=\"612\" height=\"404\" \/><\/p>\n<p><span style=\"font-weight: 400\">Paprika kh\u00f4ng ch\u1ec9 \u0111\u01b0\u1ee3c s\u1eed d\u1ee5ng nh\u01b0 m\u1ed9t lo\u1ea1i gia v\u1ecb th\u00f4ng th\u01b0\u1eddng cho m\u00f3n \u0103n m\u00e0 lo\u1ea1i \u1edbt b\u1ed9t n\u00e0y c\u00f2n c\u00f3 m\u1ed9t s\u1ed1 l\u1ee3i \u00edch nh\u1ea5t \u0111\u1ecbnh cho s\u1ee9c kh\u1ecfe ng\u01b0\u1eddi d\u00f9ng khi s\u1eed d\u1ee5ng m\u1ed9t l\u01b0\u1ee3ng ph\u00f9 h\u1ee3p.<\/span><\/p>\n<p><img decoding=\"async\" class=\"wp-image-19377 aligncenter\" src=\"https:\/\/havamall.com\/wp-content\/uploads\/2025\/06\/ot-bot-paprika-la-gi-thanh-phan-cong-dung-cua-ot-bot-paprika-202012042058584469-1-300x177.jpg\" alt=\"\" width=\"610\" height=\"360\" \/><\/p>\n<p><span style=\"font-weight: 400\">Paprika \u0111\u01b0\u1ee3c s\u1eed d\u1ee5ng l\u00e0 gia v\u1ecb cho h\u1ea7u h\u1ebft m\u00f3n \u0103n t\u1ea1i Hungary, ch\u1ee7 y\u1ebfu trong c\u00e1c m\u00f3n h\u1ea7m, canh v\u00e0 s\u00fap. B\u1ea1n c\u00f3 th\u1ec3 r\u1eafc Paprika l\u00ean tr\u00ean c\u00e1c m\u00f3n \u0103n \u0111\u1ec3 t\u1ea1o m\u00e0u \u0111\u1eb9p m\u1eaft v\u00e0 v\u1ecb cay ng\u1ecdt \u1ea5n t\u01b0\u1ee3ng ho\u1eb7c d\u00f9ng \u0111\u1ec3 \u01b0\u1edbp c\u00e1c lo\u1ea1i th\u1ecbt, c\u00e1 tr\u01b0\u1edbc khi ch\u1ebf bi\u1ebfn. \u0110\u1eb7c bi\u1ec7t, n\u1ebfu \u0111un Paprika trong ch\u1ea3o d\u1ea7u s\u1ebd t\u1ea1o th\u00e0nh h\u01b0\u01a1ng v\u1ecb th\u01a1m ngon v\u00e0 \u0111\u1eadm \u0111\u00e0 h\u01a1n.<\/span><\/p>\n<p><span style=\"font-weight: 400\">Paprika r\u1ea5t gi\u00e0u vitamin, kho\u00e1ng ch\u1ea5t v\u00e0 ch\u1ea5t ch\u1ed1ng oxy h\u00f3a. \u0110\u1eb7c bi\u1ec7t, 1 mu\u1ed7ng canh (6,8 gram) t\u1ef1 h\u00e0o c\u00f3 19% nhu c\u1ea7u h\u00e0ng ng\u00e0y c\u1ee7a b\u1ea1n v\u1ec1 vitamin A.<\/span><\/p>\n<p><img loading=\"lazy\" decoding=\"async\" class=\"aligncenter\" src=\"https:\/\/havamall.com\/wp-content\/uploads\/2025\/06\/ce0ce9367083bad41931c6b3b3d0bdd4.jpg\" alt=\"Romesco Soup with Chickpeas | Minimalist Baker Recipes | Recipe | Recipes, Vegetarian recipes, Soup recipes\" width=\"612\" height=\"918\" \/><\/p>\n<h4><strong>Nh\u1eefng l\u1ee3i \u00edch tuy\u1ec7t v\u1eddi c\u1ee7a \u1edbt paprika:<\/strong><\/h4>\n<p><span style=\"font-weight: 400\">\u2013 C\u1ea3i thi\u1ec7n th\u1ecb l\u1ef1c nh\u1edd vitamin E, beta carotene, lutein v\u00e0 zeaxanthin c\u00f3 trong \u1edbt. C\u00e1c nghi\u00ean c\u1ee9u \u0111\u00e3 li\u00ean k\u1ebft m\u1ed9t ch\u1ebf \u0111\u1ed9 \u0103n u\u1ed1ng cao c\u1ee7a m\u1ed9t s\u1ed1 ch\u1ea5t dinh d\u01b0\u1ee1ng n\u00e0y \u0111\u1ec3 gi\u1ea3m nguy c\u01a1 tho\u00e1i h\u00f3a \u0111i\u1ec3m v\u00e0ng li\u00ean quan \u0111\u1ebfn tu\u1ed5i t\u00e1c v\u00e0 \u0111\u1ee5c th\u1ee7y tinh th\u1ec3<\/span><\/p>\n<p><span style=\"font-weight: 400\">\u2013 Ch\u1ed1ng vi\u00eam<\/span><\/p>\n<p><span style=\"font-weight: 400\">\u2013 Gi\u1ea3m cholesterol<\/span><\/p>\n<p><span style=\"font-weight: 400\">\u2013 Ki\u1ec3m so\u00e1t \u0111\u01b0\u1eddng m\u00e1u do th\u00e0nh ph\u1ea7n capsaicin trong \u1edbt. Ho\u1ea1t ch\u1ea5t n\u00e0y c\u00f3 th\u1ec3 \u1ea3nh h\u01b0\u1edfng \u0111\u1ebfn c\u00e1c gen li\u00ean quan \u0111\u1ebfn ki\u1ec3m so\u00e1t l\u01b0\u1ee3ng \u0111\u01b0\u1eddng trong m\u00e1u v\u00e0 \u1ee9c ch\u1ebf c\u00e1c enzyme ph\u00e1 v\u1ee1 \u0111\u01b0\u1eddng trong c\u01a1 th\u1ec3 b\u1ea1n. N\u00f3 c\u0169ng c\u00f3 th\u1ec3 c\u1ea3i thi\u1ec7n \u0111\u1ed9 nh\u1ea1y insulin<\/span><\/p>\n<p><span style=\"font-weight: 400\">\u2013 T\u1ed1t cho m\u00e1u. B\u1ed9t \u1edbt paprika gi\u00e0u s\u1eaft v\u00e0 vitamin E \u2013 hai vi ch\u1ea5t dinh d\u01b0\u1ee1ng c\u1ea7n thi\u1ebft cho m\u00e1u kh\u1ecfe m\u1ea1nh. S\u1ef1 thi\u1ebfu h\u1ee5t m\u1ed9t trong hai ch\u1ea5t dinh d\u01b0\u1ee1ng n\u00e0y c\u00f3 th\u1ec3 l\u00e0m gi\u1ea3m s\u1ed1 l\u01b0\u1ee3ng t\u1ebf b\u00e0o h\u1ed3ng c\u1ea7u c\u1ee7a b\u1ea1n. \u0110i\u1ec1u n\u00e0y c\u00f3 th\u1ec3 g\u00e2y ra thi\u1ebfu m\u00e1u, m\u1ed9t t\u00ecnh tr\u1ea1ng \u0111\u01b0\u1ee3c \u0111\u00e1nh d\u1ea5u b\u1edfi s\u1ef1 m\u1ec7t m\u1ecfi, da nh\u1ee3t nh\u1ea1t v\u00e0 kh\u00f3 th\u1edf.<\/span><\/p>\n<p>S\u1ea3n ph\u1ea9m hi\u1ec7n \u0111\u00e3 c\u00f3 m\u1eb7t t\u1ea1i Havamall.<\/p>","protected":false},"excerpt":{"rendered":"<p>Th\u01b0\u01a1ng hi\u1ec7u Hava Foodies Xu\u1ea5t x\u1ee9 \u0110\u1ee9c Th\u00e0nh ph\u1ea7n 100% \u1edbt Capsicum H\u1ea1n s\u1eed d\u1ee5ng Xem tr\u00ean bao b\u00ec H\u01b0\u1edbng<\/p>","protected":false},"featured_media":39248,"comment_status":"open","ping_status":"closed","template":"","meta":[],"product_brand":[],"product_cat":[40,154],"product_tag":[],"class_list":{"0":"post-19383","1":"product","2":"type-product","3":"status-publish","4":"has-post-thumbnail","6":"product_cat-sieuthi-giasi","7":"product_cat-gia-vi","9":"first","10":"instock","11":"sale","12":"shipping-taxable","13":"purchasable","14":"product-type-simple"},"_links":{"self":[{"href":"https:\/\/havamall.vn\/en\/wp-json\/wp\/v2\/product\/19383"}],"collection":[{"href":"https:\/\/havamall.vn\/en\/wp-json\/wp\/v2\/product"}],"about":[{"href":"https:\/\/havamall.vn\/en\/wp-json\/wp\/v2\/types\/product"}],"replies":[{"embeddable":true,"href":"https:\/\/havamall.vn\/en\/wp-json\/wp\/v2\/comments?post=19383"}],"version-history":[{"count":0,"href":"https:\/\/havamall.vn\/en\/wp-json\/wp\/v2\/product\/19383\/revisions"}],"wp:featuredmedia":[{"embeddable":true,"href":"https:\/\/havamall.vn\/en\/wp-json\/wp\/v2\/media\/39248"}],"wp:attachment":[{"href":"https:\/\/havamall.vn\/en\/wp-json\/wp\/v2\/media?parent=19383"}],"wp:term":[{"taxonomy":"product_brand","embeddable":true,"href":"https:\/\/havamall.vn\/en\/wp-json\/wp\/v2\/product_brand?post=19383"},{"taxonomy":"product_cat","embeddable":true,"href":"https:\/\/havamall.vn\/en\/wp-json\/wp\/v2\/product_cat?post=19383"},{"taxonomy":"product_tag","embeddable":true,"href":"https:\/\/havamall.vn\/en\/wp-json\/wp\/v2\/product_tag?post=19383"}],"curies":[{"name":"wp","href":"https:\/\/api.w.org\/{rel}","templated":true}]}}