{"id":19299,"date":"2021-04-14T10:16:38","date_gmt":"2021-04-14T03:16:38","guid":{"rendered":"https:\/\/havamall.vn\/?post_type=product&#038;p=19299"},"modified":"2025-06-01T16:36:12","modified_gmt":"2025-06-01T09:36:12","slug":"bot-bach-dau-khau-thuong-hieu-hava-foodies-goi-100g-cardamom-ground","status":"publish","type":"product","link":"https:\/\/havamall.vn\/en\/shop\/bot-bach-dau-khau-thuong-hieu-hava-foodies-goi-100g-cardamom-ground\/","title":{"rendered":"B\u1ed9t B\u1ea1ch \u0110\u1eadu Kh\u1ea5u Th\u01b0\u01a1ng Hi\u1ec7u Hava Foodies G\u00f3i 100g \u2013 Cardamom Ground"},"content":{"rendered":"<p>Cardamom c\u00f2n c\u00f3 t\u00ean ti\u1ebfng Vi\u1ec7t l\u00e0 b\u1ea1ch \u0111\u1eadu kh\u1ea5u. Cardamom c\u00f3 ngu\u1ed3n g\u1ed1c t\u1eeb \u1ea4n \u0110\u1ed9 sau \u0111\u00f3 \u0111\u01b0\u1ee3c \u0111\u01b0a \u0111\u1ebfn Ch\u00e2u \u00c2u trong th\u1eddi k\u1ef3 Ph\u1ee5c H\u01b0ng. Ng\u00e0y nay Cardamom b\u1ea1ch \u0111\u1eadu kh\u1ea5u tr\u1edf lo\u1ea1i gia v\u1ecb quen thu\u1ed9c trong nhi\u1ec1u m\u00f3n \u0103n c\u1ee7a ng\u01b0\u1eddi Ch\u00e2u \u00c2u.<\/p>\n<p><img fetchpriority=\"high\" decoding=\"async\" class=\"aligncenter\" src=\"https:\/\/havamall.com\/wp-content\/uploads\/2021\/04\/cardamom-cover-1.jpg\" alt=\"8 Health Benefits of Cardamom: HealthifyMe Blog\" width=\"749\" height=\"489\" \/><\/p>\n<p>B\u1ea1ch \u0111\u1eadu kh\u1ea5u t\u00ean ti\u1ebfng Anh l\u00e0 Cardamom. Lo\u1ea1i qu\u1ea3 n\u00e0y c\u00f3 h\u01b0\u01a1ng v\u1ecb cay v\u00e0 ng\u1ecdt, m\u00f9i th\u01a1m d\u1ecbu. V\u00e0 n\u00f3 \u0111\u01b0\u1ee3c coi l\u00e0 lo\u1ea1i gia v\u1ecb th\u01b0\u1ee3ng h\u1ea1ng nh\u1ea5t trong c\u00e1c lo\u1ea1i gia v\u1ecb v\u00ec h\u01b0\u01a1ng v\u1ecb \u0111\u1eb7c bi\u1ec7t, kh\u00f4ng th\u1ec3 nh\u1ea7m l\u1eabn v\u1edbi c\u00e1c lo\u1ea1i gia v\u1ecb kh\u00e1c. B\u1ea1ch \u0111\u1eadu kh\u1ea5u n\u1ebfu \u0111\u01b0\u1ee3c k\u1ebft h\u1ee3p v\u1edbi c\u00e1c nguy\u00ean li\u1ec7u kh\u00e1c s\u1ebd l\u00e0m cho m\u00f3n \u0103n th\u00eam ph\u1ea7n h\u1ea5p d\u1eabn, th\u01a1m ngon.<\/p>\n<p><img decoding=\"async\" class=\"aligncenter\" src=\"https:\/\/havamall.com\/wp-content\/uploads\/2021\/04\/cardamom-shutterstock_1111588118.jpg\" alt=\"What Is Cardamom and How Should I Use It? | Taste of Home\" width=\"752\" height=\"502\" \/><\/p>\n<p>Trong \u1ea9m th\u1ef1c, c\u00f3 th\u1ec3 d\u00f9ng b\u1ea1ch \u0111\u1eadu kh\u1ea5u \u0111\u1ec3 n\u1ea5u ch\u00e8, l\u00e0m b\u00e1nh, n\u1ea5u k\u00e8m m\u00ec ph\u1edf, ho\u1eb7c pha c\u00e0 ph\u00ea\u2026. V\u00ec \u0111\u00e2y l\u00e0 lo\u1ea1i th\u1ea3o qu\u1ea3 c\u00f3 h\u01b0\u01a1ng v\u1ecb cay v\u00e0 ng\u1ecdt, m\u00f9i th\u01a1m d\u1ecbu nh\u1eb9 n\u00ean khi l\u00e0m gia v\u1ecb trong c\u00e1c m\u00f3n \u0103n s\u1ebd r\u1ea5t ngon, b\u1ed5 d\u01b0\u1ee1ng, t\u1ed1t cho s\u1ee9c kh\u1ecfe n\u1ebfu \u0111\u01b0\u1ee3c s\u1eed d\u1ee5ng th\u01b0\u1eddng xuy\u00ean, \u0111\u00fang li\u1ec1u l\u01b0\u1ee3ng.<\/p>\n<p><img decoding=\"async\" class=\"aligncenter\" src=\"https:\/\/havamall.com\/wp-content\/uploads\/2021\/04\/0a881ba6ba947f75337632eda3feffc6.png\" alt=\"Easy butter chicken recipe | Recipe | Butter chicken, Bbc food, Curry recipes\" width=\"731\" height=\"411\" \/><\/p>\n<p>Trong 100 gram b\u1ea1ch \u0111\u1eadu kh\u1ea5u, c\u00f3 28g ch\u1ea5t x\u01a1, Carbohydrate 28g, canxi 383g, 2,4% tinh d\u1ea7u, kali 1,119g, protein 11mg, natri 18mg, lipid 7g, calo 311, cholesterol 0mg\u2026 V\u1edbi h\u00e0m l\u01b0\u1ee3ng gi\u00e1 tr\u1ecb dinh d\u01b0\u1ee1ng cao nh\u01b0 v\u1eady, l\u1ea1i kh\u00f4ng ch\u1ee9a cholesterol b\u1ea1ch \u0111\u1eadu kh\u1ea5u l\u00e0 th\u1ef1c ph\u1ea9m an to\u00e0n, c\u1ef1c k\u1ef3 t\u1ed1t cho s\u1ee9c kh\u1ecfe. K\u1ebft h\u1ee3p gi\u1eefa b\u1ea1ch \u0111\u1eadu kh\u1ea5u v\u00e0 c\u00e1c nguy\u00ean li\u1ec7u kh\u00e1c \u0111\u1ec3 ch\u1ebf bi\u1ebfn s\u1ebd t\u1ea1o n\u00ean h\u01b0\u01a1ng v\u1ecb \u0111\u1eb7c bi\u1ec7t c\u1ee7a m\u00f3n \u0103n \u0111\u00f3.<\/p>\n<p><img loading=\"lazy\" decoding=\"async\" class=\"aligncenter\" src=\"https:\/\/havamall.com\/wp-content\/uploads\/2021\/04\/final-4.jpg\" alt=\"Essential Indian Spices | A Complete Guide - Ministry of Curry\" width=\"738\" height=\"738\" \/><\/p>\n<h4><strong>Th\u00f4ng tin s\u1ea3n ph\u1ea9m:<\/strong><\/h4>\n<p>\u2013 Kh\u1ed1i l\u01b0\u1ee3ng t\u1ecbnh: 100g<\/p>\n<p>\u2013 C\u00e1ch s\u1eed d\u1ee5ng: D\u00f9ng b\u1ed9t b\u1ea1ch \u0111\u1eadu kh\u1ea5u \u0111\u1ec3 th\u00eam v\u00e0o m\u00f3n \u0103n h\u00e0ng ng\u00e0y.<\/p>\n<p>\u2013 Th\u00e0nh ph\u1ea7n: 100% b\u1ed9t b\u1ea1ch \u0111\u1eadu kh\u1ea5u<\/p>\n<p>\u2013 H\u01b0\u1edbng d\u1eabn s\u1eed d\u1ee5ng: D\u00f9ng tr\u1ef1c ti\u1ebfp.<\/p>\n<p>\u2013 B\u1ea3o qu\u1ea3n: B\u1ea3o qu\u1ea3n n\u01a1i kh\u00f4 r\u00e1o, tho\u00e1ng m\u00e1t, tr\u00e1nh \u00e1nh n\u1eafng tr\u1ef1c ti\u1ebfp chi\u1ebfu v\u00e0o s\u1ea3n ph\u1ea9m. Sau khi s\u1eed d\u1ee5ng s\u1ea3n ph\u1ea9m c\u00f2n d\u01b0 n\u00ean tr\u1eef trong h\u0169 k\u00edn c\u00f3 n\u1eafp \u0111\u1eady. N\u00ean s\u1eed d\u1ee5ng gia v\u1ecb tr\u01b0\u1edbc h\u1ea1n h\u1ebft h\u1ea1n.<\/p>\n<p><img loading=\"lazy\" decoding=\"async\" class=\"aligncenter\" src=\"https:\/\/havamall.com\/wp-content\/uploads\/2021\/04\/tapioca_porridge_with_13213_16x9.jpg\" alt=\"Cardamom recipes - BBC Food\" width=\"738\" height=\"415\" \/><\/p>\n<h4><strong>C\u00f4ng d\u1ee5ng c\u1ee7a b\u1ea1ch \u0111\u1eadu kh\u1ea5u:\u00a0<\/strong><\/h4>\n<p>\u2013 T\u1ed1t cho h\u1ec7 ti\u00eau h\u00f3a<\/p>\n<p>\u2013 \u0110\u1ea9y l\u00f9i v\u00e0 ch\u1ed1ng l\u1ea1i s\u1ef1 h\u00ecnh th\u00e0nh c\u1ee7a b\u1ec7nh ung th\u01b0<\/p>\n<p>\u2013 B\u1ea1ch \u0111\u1eadu kh\u1ea5u c\u00f3 t\u00e1c d\u1ee5ng t\u0103ng ch\u1ea5t \u0111\u1ec1 kh\u00e1ng, ch\u1ed1ng b\u1ec7nh t\u1eadt<\/p>\n<p>\u2013 Cardamom gi\u00fap gi\u1ea3m c\u1ea3m l\u1ea1nh, c\u00fam do th\u1eddi ti\u1ebft<\/p>\n<p>\u2013 B\u1ea1ch \u0111\u1eadu kh\u1ea5u gi\u00fap h\u1ea1 huy\u1ebft \u00e1p<\/p>\n<p>\u2013 \u0110\u1ea9y l\u00f9i c\u00e1c b\u1ec7nh v\u1ec1 r\u0103ng mi\u1ec7ng<\/p>\n<p>\u2013 Ch\u1eefa b\u1ec7nh ti\u1ec3u \u0111\u01b0\u1eddng<\/p>\n<p>\u2013 B\u1ea1ch \u0111\u1eadu kh\u1ea5u d\u00f9ng \u0111\u1ec3 gi\u1ea3i r\u01b0\u1ee3u<\/p>\n<p>S\u1ea3n ph\u1ea9m hi\u1ec7n \u0111\u00e3 c\u00f3 m\u1eb7t t\u1ea1i Havamall.<\/p>","protected":false},"excerpt":{"rendered":"<p>Trong 100 gram b\u1ea1ch \u0111\u1eadu kh\u1ea5u, c\u00f3 28g ch\u1ea5t x\u01a1, Carbohydrate 28g, canxi 383g, 2,4% tinh d\u1ea7u, kali 1,119g, protein 11mg, natri 18mg, lipid 7g, calo 311, cholesterol 0mg\u2026 V\u1edbi h\u00e0m l\u01b0\u1ee3ng gi\u00e1 tr\u1ecb dinh d\u01b0\u1ee1ng cao nh\u01b0 v\u1eady, l\u1ea1i kh\u00f4ng ch\u1ee9a cholesterol b\u1ea1ch \u0111\u1eadu kh\u1ea5u l\u00e0 th\u1ef1c ph\u1ea9m an to\u00e0n, c\u1ef1c k\u1ef3 t\u1ed1t cho s\u1ee9c kh\u1ecfe.<\/p>\n<p>K\u1ebft h\u1ee3p gi\u1eefa b\u1ea1ch \u0111\u1eadu kh\u1ea5u v\u00e0 c\u00e1c nguy\u00ean li\u1ec7u kh\u00e1c \u0111\u1ec3 ch\u1ebf bi\u1ebfn s\u1ebd t\u1ea1o n\u00ean h\u01b0\u01a1ng v\u1ecb \u0111\u1eb7c bi\u1ec7t c\u1ee7a m\u00f3n \u0103n \u0111\u00f3.<\/p>","protected":false},"featured_media":38744,"comment_status":"open","ping_status":"closed","template":"","meta":[],"product_brand":[],"product_cat":[40,154],"product_tag":[],"class_list":{"0":"post-19299","1":"product","2":"type-product","3":"status-publish","4":"has-post-thumbnail","6":"product_cat-sieuthi-giasi","7":"product_cat-gia-vi","9":"first","10":"instock","11":"sale","12":"shipping-taxable","13":"purchasable","14":"product-type-simple"},"_links":{"self":[{"href":"https:\/\/havamall.vn\/en\/wp-json\/wp\/v2\/product\/19299"}],"collection":[{"href":"https:\/\/havamall.vn\/en\/wp-json\/wp\/v2\/product"}],"about":[{"href":"https:\/\/havamall.vn\/en\/wp-json\/wp\/v2\/types\/product"}],"replies":[{"embeddable":true,"href":"https:\/\/havamall.vn\/en\/wp-json\/wp\/v2\/comments?post=19299"}],"version-history":[{"count":0,"href":"https:\/\/havamall.vn\/en\/wp-json\/wp\/v2\/product\/19299\/revisions"}],"wp:featuredmedia":[{"embeddable":true,"href":"https:\/\/havamall.vn\/en\/wp-json\/wp\/v2\/media\/38744"}],"wp:attachment":[{"href":"https:\/\/havamall.vn\/en\/wp-json\/wp\/v2\/media?parent=19299"}],"wp:term":[{"taxonomy":"product_brand","embeddable":true,"href":"https:\/\/havamall.vn\/en\/wp-json\/wp\/v2\/product_brand?post=19299"},{"taxonomy":"product_cat","embeddable":true,"href":"https:\/\/havamall.vn\/en\/wp-json\/wp\/v2\/product_cat?post=19299"},{"taxonomy":"product_tag","embeddable":true,"href":"https:\/\/havamall.vn\/en\/wp-json\/wp\/v2\/product_tag?post=19299"}],"curies":[{"name":"wp","href":"https:\/\/api.w.org\/{rel}","templated":true}]}}