{"id":19285,"date":"2021-04-13T17:50:04","date_gmt":"2021-04-13T10:50:04","guid":{"rendered":"https:\/\/havamall.vn\/?post_type=product&#038;p=19285"},"modified":"2025-06-02T09:19:01","modified_gmt":"2025-06-02T02:19:01","slug":"hat-thi-la-den-thuong-hieu-hava-foodies-goi-100g-black-cumin-seed","status":"publish","type":"product","link":"https:\/\/havamall.vn\/en\/shop\/hat-thi-la-den-thuong-hieu-hava-foodies-goi-100g-black-cumin-seed\/","title":{"rendered":"H\u1ea1t Th\u00ec L\u00e0 \u0110en Th\u01b0\u01a1ng Hi\u1ec7u Hava Foodies G\u00f3i 100g \u2013 Black Cumin Seed"},"content":{"rendered":"<p>C\u00e2y th\u00ec l\u00e0 \u0111en, t\u00ean ti\u00ea\u0301ng Anh black cumin, t\u00ean khoa h\u1ecdc l\u00e0 Nigella Sativa, ch\u1ec9 c\u00f3 \u1edf \u1ea4n \u0111\u1ed9, Nam \u00c2u v\u00e0 c\u00e1c n\u01b0\u1edbc Trung \u0111\u00f4ng, B\u1eafc Phi. H\u1ea1t v\u00e0 d\u1ea7u h\u1ea1t th\u00ec l\u00e0 \u0111en c\u00f3 c\u00f4ng d\u1ee5ng b\u1ed5 d\u01b0\u1ee1ng v\u00e0 n\u1ed5i ti\u1ebfng c\u00f3 th\u1ec3 tr\u1ecb b\u00e1ch b\u1ec7nh t\u1eeb h\u00e0ng ng\u00e0n n\u0103m nay \u1edf nh\u1eefng v\u00f9ng n\u00e0y. T\u1eeb n\u0103m 1964 \u0111\u1ebfn nay c\u00f3 kho\u1ea3ng 460 nghi\u00ean c\u1ee9u khoa h\u1ecdc x\u00e1c nh\u1eadn \u201cH\u1ea1t thi l\u00e0 \u0111en\u201d c\u00f3 c\u00f4ng d\u1ee5ng b\u1ea3o v\u1ec7 s\u1ee9c kh\u1ecfe tuy\u1ec7t v\u1eddi nh\u01b0 \u0111\u01b0\u1ee3c ghi nh\u1eadn h\u00e0ng ng\u00e0n n\u0103m qua l\u00e0 \u0111\u00fang.<\/p>\n<p><img fetchpriority=\"high\" decoding=\"async\" class=\"aligncenter\" src=\"https:\/\/havamall.com\/wp-content\/uploads\/2025\/06\/best-black-cumin-seed-oil-scaled.jpg\" alt=\"The Best Black Cumin Seed Oil | March 2021\" width=\"690\" height=\"459\" \/><\/p>\n<p>Th\u00ec l\u00e0 \u0111en, thi\u0300a la\u0300 \u0111en ho\u1eb7c h\u1ea1t \u0111en l\u00e0 m\u1ed9t lo\u1ea1i c\u00e2y thu\u00f4\u0301c quy\u0301. Ng\u01b0\u1eddi d\u00e2n \u0111\u00e3 s\u1eed d\u1ee5ng h\u1ea1t gi\u1ed1ng \u0111\u1ec3 l\u00e0m thu\u1ed1c trong h\u01a1n 2000 n\u0103m qua. \u0110\u0103\u0323c bi\u00ea\u0323t la\u0300 kha\u0309 n\u0103ng ch\u00f4\u0301ng la\u0323i s\u01b0\u0323 t\u0103ng tr\u01b0\u01a1\u0309ng ca\u0301c t\u00ea\u0301 ba\u0300o ung th\u01b0 \u0111ang pha\u0301t tri\u00ea\u0309n trong c\u01a1 th\u00ea\u0309.<\/p>\n<p><img decoding=\"async\" class=\"aligncenter\" src=\"https:\/\/havamall.com\/wp-content\/uploads\/2025\/06\/f2e67afe-0df5-4b8c-aa3e-48005c224831-2020-0827_priya-krishna-cherry-tomato-chile-pickle-genius_3x2_ty-mecham.jpg\" alt=\"La meilleure fa\u00e7on de pr\u00e9parer les tomates cerises | Slate.fr\" width=\"689\" height=\"459\" \/><\/p>\n<p><span style=\"font-weight: 400\">H\u1ea1t th\u00ec l\u00e0 \u0111en c\u00f3 ch\u1ee9a nhi\u1ec1u d\u01b0\u1ee1ng ch\u1ea5t th\u1ef1c v\u1eadt m\u1ea1nh m\u1ebd, gi\u00fap mang l\u1ea1i nhi\u1ec1u l\u1ee3i \u00edch s\u1ee9c kh\u1ecfe cho da, t\u00f3c, c\u0169ng nh\u01b0 h\u1ed7 tr\u1ee3 \u0111i\u1ec1u tr\u1ecb nhi\u1ec1u b\u1ec7nh nguy hi\u1ec3m kh\u00e1c. <\/span><span style=\"font-weight: 400\">H\u1ea1t th\u00ec l\u00e0 \u0111en c\u00f3 ch\u1ee9a ch\u1ea5t ch\u1ed1ng oxy h\u00f3a, \u0111\u00e2y l\u00e0 ch\u1ea5t c\u00f3 kh\u1ea3 n\u0103ng trung h\u00f2a c\u00e1c g\u1ed1c t\u1ef1 do g\u00e2y h\u1ea1i trong c\u01a1 th\u1ec3 v\u00e0 ng\u0103n ch\u1eb7n qu\u00e1 tr\u00ecnh oxy h\u00f3a di\u1ec5n ra tr\u00ean t\u1ebf b\u00e0o, nh\u1edd \u0111\u00f3 m\u00e0 ph\u00f2ng ch\u1ed1ng \u0111\u01b0\u1ee3c nhi\u1ec1u b\u1ec7nh t\u1eadt nh\u01b0 ung th\u01b0, b\u00e9o ph\u00ec, ti\u1ec3u \u0111\u01b0\u1eddng v\u00e0 b\u1ec7nh tim.<\/span><\/p>\n<p><img decoding=\"async\" class=\"wp-image-19280 aligncenter\" src=\"https:\/\/havamall.com\/wp-content\/uploads\/2025\/06\/blackcuminseeds-1-300x200.jpg\" alt=\"\" width=\"687\" height=\"458\" \/><\/p>\n<p><span style=\"font-weight: 400\">H\u1ea1t th\u00ec l\u00e0 \u0111en<\/span><span style=\"font-weight: 400\"> \u0111\u01b0\u1ee3c s\u1eed d\u1ee5ng kh\u00e1 ph\u1ed5 bi\u1ebfn t\u1ea1i \u1ea5n \u0111\u1ed9 v\u00e0 trung \u0111\u00f4ng, h\u1ea1t th\u00ec l\u00e0 \u0111\u01b0\u1ee3c s\u1eed d\u1ee5ng trong c\u00e1c m\u00f3n \u0103n, h\u1ea1t th\u00ec l\u00e0 \u0111en c\u00f3 v\u1ecb h\u01a1i \u0111\u1eafng, cay h\u1ea1t th\u00ec l\u00e0 \u0111en \u0111\u01b0\u1ee3c s\u1eed d\u1ee5ng \u0111\u1ec3 ch\u1eefa b\u1ec7nh.<\/span><\/p>\n<p><img loading=\"lazy\" decoding=\"async\" class=\"aligncenter\" src=\"https:\/\/havamall.com\/wp-content\/uploads\/2025\/06\/coup_de_pouce-_-a2b0073f6eb571647752aa4070e3edf67a70c3b4-_-calum-lewis-vA1L1jRTM70-unsplash.jpg\" alt=\"20 \u00e9pices de base \u00e0 avoir dans son garde-manger | Coup de Pouce\" width=\"693\" height=\"693\" \/><\/p>\n<h4><strong>Th\u00f4ng tin s\u1ea3n ph\u1ea9m:<\/strong><\/h4>\n<p><span style=\"font-weight: 400\">&#8211; Kh\u1ed1i l\u01b0\u1ee3ng t\u1ecbnh: 100g<\/span><\/p>\n<p><span style=\"font-weight: 400\">&#8211; C\u00e1ch s\u1eed d\u1ee5ng: D\u00f9ng h\u1ea1t th\u00ec l\u00e0 \u0111en \u0111\u1ec3 th\u00eam v\u00e0o m\u00f3n \u0103n h\u00e0ng ng\u00e0y.<\/span><\/p>\n<p><span style=\"font-weight: 400\">&#8211; Th\u00e0nh ph\u1ea7n: 100% h\u1ea1t th\u00ec l\u00e0 \u0111en\u00a0<\/span><\/p>\n<p><span style=\"font-weight: 400\">&#8211; H\u01b0\u1edbng d\u1eabn s\u1eed d\u1ee5ng: D\u00f9ng tr\u1ef1c ti\u1ebfp.<\/span><\/p>\n<p><span style=\"font-weight: 400\">&#8211; B\u1ea3o qu\u1ea3n: B\u1ea3o qu\u1ea3n n\u01a1i kh\u00f4 r\u00e1o, tho\u00e1ng m\u00e1t, tr\u00e1nh \u00e1nh n\u1eafng tr\u1ef1c ti\u1ebfp chi\u1ebfu v\u00e0o s\u1ea3n ph\u1ea9m. Sau khi s\u1eed d\u1ee5ng s\u1ea3n ph\u1ea9m c\u00f2n d\u01b0 n\u00ean tr\u1eef trong h\u0169 k\u00edn c\u00f3 n\u1eafp \u0111\u1eady. N\u00ean s\u1eed d\u1ee5ng gia v\u1ecb tr\u01b0\u1edbc h\u1ea1n h\u1ebft h\u1ea1n. Kh\u00f4ng n\u00ean s\u1eed d\u1ee5ng n\u1ebfu t\u00fai \u0111\u00e3 b\u1ecb m\u1edf hay b\u1ecb r\u00e1ch.<\/span><\/p>\n<p><img loading=\"lazy\" decoding=\"async\" class=\"aligncenter\" src=\"https:\/\/havamall.com\/wp-content\/uploads\/2025\/06\/r-1.jpg\" alt=\"Rotkohlsuppe mit Schwarzk\u00fcmmel (S&amp;K 12\/2018) : das Rezeptportal von naturkost.de - bio, vollwertig, vegetarisch\" width=\"685\" height=\"514\" \/><\/p>\n<h4><strong>C\u00e1ch s\u1eed d\u1ee5ng h\u1ea1t th\u00ec l\u00e0 \u0111en:<\/strong><\/h4>\n<p>&gt;\u0110\u1ec3 s\u1eed d\u1ee5ng h\u1ea1t th\u00eca l\u00e0, b\u1ea1n c\u1ea7n rang h\u1ea1t v\u00e0 xay tr\u01b0\u1edbc khi \u0103n.<\/p>\n<p>&gt;B\u1ea1n c\u0169ng c\u00f3 th\u1ec3 k\u1ebft h\u1ee3p h\u1ea1t th\u00eca l\u00e0 \u0111en v\u1edbi m\u1eadt ong, n\u01b0\u1edbc, s\u1eefa chua v\u00e0 c\u00e1c th\u1ef1c ph\u1ea9m kh\u00e1c, ho\u1eb7c thoa d\u1ea7u h\u1ea1t th\u00eca l\u00e0 \u0111en l\u00ean da.<\/p>\n<p>&gt;Sau khi rang h\u1ea1t v\u00e0 nghi\u1ec1n th\u00e0nh b\u1ed9t, b\u1ea1n c\u00f3 th\u1ec3 cho b\u1ed9t h\u1ea1t th\u00eca l\u00e0 \u0111en v\u00e0o th\u1ee9c \u0103n. C\u00e2n nh\u1eafc cho 1 th\u00eca c\u00e0 ph\u00ea b\u1ed9t th\u00eca l\u00e0 v\u00e0o b\u00e1nh m\u00ec, b\u1ed9t y\u1ebfn m\u1ea1ch, sinh t\u1ed1 ho\u1eb7c b\u1ea5t c\u1ee9 lo\u1ea1i th\u1ef1c ph\u1ea9m n\u00e0o.<\/p>\n<p><img loading=\"lazy\" decoding=\"async\" class=\"aligncenter\" src=\"https:\/\/havamall.com\/wp-content\/uploads\/2025\/06\/kalonji-thi-la-den-la-gi-dau-thi-la-den-la-gi-cong-dung-su-dung-19-800x442.jpg\" alt=\"Kalonji - th\u00ec l\u00e0 \u0111en l\u00e0 g\u00ec? D\u1ea7u th\u00ec l\u00e0 \u0111en l\u00e0 g\u00ec? C\u00f4ng d\u1ee5ng v\u00e0 c\u00e1ch s\u1eed d\u1ee5ng\" width=\"676\" height=\"374\" \/><\/p>\n<h4><strong>Nh\u1eefng c\u00f4ng d\u1ee5ng tuy\u1ec7t v\u1eddi c\u1ee7a h\u1ea1t th\u00ec l\u00e0 \u0111en:<\/strong><\/h4>\n<p><span style=\"font-weight: 400\">\u25aa\ufe0fT\u0103ng c\u01b0\u1eddng tr\u00ed nh\u1edb<\/span><\/p>\n<p><span style=\"font-weight: 400\">\u25aa\ufe0f\u0110i\u1ec1u tr\u1ecb ti\u00eau ch\u1ea3y<\/span><\/p>\n<p><span style=\"font-weight: 400\">\u25aa\ufe0fCh\u1eefa \u0111au r\u0103ng d\u00f9ng d\u1ea7u h\u1ea1t th\u00ec l\u00e0 b\u00f4i tr\u1ef1c ti\u1ebfp v\u00e0o ch\u1ed7 b\u1ecb \u0111au<\/span><\/p>\n<p><span style=\"font-weight: 400\">\u25aa\ufe0fC\u00f3 th\u1ec3 gi\u00fap di\u1ec7t vi khu\u1ea9n<\/span><\/p>\n<p><span style=\"font-weight: 400\">\u25aa\ufe0fPh\u00f2ng ng\u1eeba lo\u00e9t d\u1ea1 d\u00e0y<\/span><\/p>\n<p><span style=\"font-weight: 400\">\u25aa\ufe0fN\u00e2ng cao s\u1ee9c kh\u1ecfe c\u1ee7a l\u00e0n da<\/span><\/p>\n<p><span style=\"font-weight: 400\">\u25aa\ufe0fTr\u1ecb r\u1ee5ng t\u00f3c d\u00f9ng d\u1ea7u h\u1ea1t th\u00ec l\u00e0 \u0111en k\u1ebft h\u1ee3p v\u1edbi d\u1ea7u oliu<\/span><\/p>\n<p><span style=\"font-weight: 400\">\u25aa\ufe0fGi\u1ea3m huy\u1ebft \u00e1p cao<\/span><\/p>\n<p><span style=\"font-weight: 400\">\u25aa\ufe0fKi\u1ec3m so\u00e1t ti\u1ec3u \u0111\u01b0\u1eddng tu\u00fdp 2<\/span><\/p>\n<p><span style=\"font-weight: 400\">\u25aa\ufe0fT\u0103ng c\u01b0\u1eddng s\u1ee9c kh\u1ecfe c\u1ee7a gan<\/span><\/p>\n<p>S\u1ea3n ph\u1ea9m hi\u1ec7n \u0111\u00e3 c\u00f3 m\u1eb7t t\u1ea1i Havamall.<\/p>","protected":false},"excerpt":{"rendered":"<p>Th\u00ec l\u00e0 \u0111en, thi\u0300a la\u0300 \u0111en ho\u1eb7c h\u1ea1t \u0111en l\u00e0 m\u1ed9t lo\u1ea1i c\u00e2y thu\u00f4\u0301c quy\u0301. Ng\u01b0\u1eddi d\u00e2n \u0111\u00e3 s\u1eed d\u1ee5ng h\u1ea1t gi\u1ed1ng \u0111\u1ec3 l\u00e0m thu\u1ed1c trong h\u01a1n 2000 n\u0103m qua. \u0110\u0103\u0323c bi\u00ea\u0323t la\u0300 kha\u0309 n\u0103ng ch\u00f4\u0301ng la\u0323i s\u01b0\u0323 t\u0103ng tr\u01b0\u01a1\u0309ng ca\u0301c t\u00ea\u0301 ba\u0300o ung th\u01b0 \u0111ang pha\u0301t tri\u00ea\u0309n trong c\u01a1 th\u00ea\u0309.<\/p>\n<p><span style=\"font-weight: 400\">H\u1ea1t th\u00ec l\u00e0 \u0111en c\u00f3 ch\u1ee9a nhi\u1ec1u d\u01b0\u1ee1ng ch\u1ea5t th\u1ef1c v\u1eadt m\u1ea1nh m\u1ebd, gi\u00fap mang l\u1ea1i nhi\u1ec1u l\u1ee3i \u00edch s\u1ee9c kh\u1ecfe cho da, t\u00f3c, c\u0169ng nh\u01b0 h\u1ed7 tr\u1ee3 \u0111i\u1ec1u tr\u1ecb nhi\u1ec1u b\u1ec7nh nguy hi\u1ec3m kh\u00e1c. <\/span><span style=\"font-weight: 400\">H\u1ea1t th\u00ec l\u00e0 \u0111en c\u00f3 ch\u1ee9a ch\u1ea5t ch\u1ed1ng oxy h\u00f3a, \u0111\u00e2y l\u00e0 ch\u1ea5t c\u00f3 kh\u1ea3 n\u0103ng trung h\u00f2a c\u00e1c g\u1ed1c t\u1ef1 do g\u00e2y h\u1ea1i trong c\u01a1 th\u1ec3 v\u00e0 ng\u0103n ch\u1eb7n qu\u00e1 tr\u00ecnh oxy h\u00f3a di\u1ec5n ra tr\u00ean t\u1ebf b\u00e0o, nh\u1edd \u0111\u00f3 m\u00e0 ph\u00f2ng ch\u1ed1ng \u0111\u01b0\u1ee3c nhi\u1ec1u b\u1ec7nh t\u1eadt nh\u01b0 ung th\u01b0, b\u00e9o ph\u00ec, ti\u1ec3u \u0111\u01b0\u1eddng v\u00e0 b\u1ec7nh tim.<\/span><\/p>","protected":false},"featured_media":38923,"comment_status":"open","ping_status":"closed","template":"","meta":[],"product_brand":[],"product_cat":[40,154],"product_tag":[],"class_list":{"0":"post-19285","1":"product","2":"type-product","3":"status-publish","4":"has-post-thumbnail","6":"product_cat-sieuthi-giasi","7":"product_cat-gia-vi","9":"first","10":"instock","11":"sale","12":"shipping-taxable","13":"purchasable","14":"product-type-simple"},"_links":{"self":[{"href":"https:\/\/havamall.vn\/en\/wp-json\/wp\/v2\/product\/19285"}],"collection":[{"href":"https:\/\/havamall.vn\/en\/wp-json\/wp\/v2\/product"}],"about":[{"href":"https:\/\/havamall.vn\/en\/wp-json\/wp\/v2\/types\/product"}],"replies":[{"embeddable":true,"href":"https:\/\/havamall.vn\/en\/wp-json\/wp\/v2\/comments?post=19285"}],"version-history":[{"count":0,"href":"https:\/\/havamall.vn\/en\/wp-json\/wp\/v2\/product\/19285\/revisions"}],"wp:featuredmedia":[{"embeddable":true,"href":"https:\/\/havamall.vn\/en\/wp-json\/wp\/v2\/media\/38923"}],"wp:attachment":[{"href":"https:\/\/havamall.vn\/en\/wp-json\/wp\/v2\/media?parent=19285"}],"wp:term":[{"taxonomy":"product_brand","embeddable":true,"href":"https:\/\/havamall.vn\/en\/wp-json\/wp\/v2\/product_brand?post=19285"},{"taxonomy":"product_cat","embeddable":true,"href":"https:\/\/havamall.vn\/en\/wp-json\/wp\/v2\/product_cat?post=19285"},{"taxonomy":"product_tag","embeddable":true,"href":"https:\/\/havamall.vn\/en\/wp-json\/wp\/v2\/product_tag?post=19285"}],"curies":[{"name":"wp","href":"https:\/\/api.w.org\/{rel}","templated":true}]}}