{"id":19190,"date":"2021-04-09T11:59:36","date_gmt":"2021-04-09T04:59:36","guid":{"rendered":"https:\/\/havamall.vn\/?post_type=product&#038;p=19190"},"modified":"2023-05-09T10:09:24","modified_gmt":"2023-05-09T03:09:24","slug":"thung-pho-mai-teama-36-hop-120g-8-mieng","status":"publish","type":"product","link":"https:\/\/havamall.vn\/en\/shop\/thung-pho-mai-teama-36-hop-120g-8-mieng\/","title":{"rendered":"Th\u00f9ng Ph\u00f4 Mai Teama 36 H\u1ed9p 8 Mi\u1ebfng- Box 36 Cans Of Teama Processed Cheese 120g"},"content":{"rendered":"<table>\n<tbody>\n<tr>\n<td>Th\u01b0\u01a1ng hi\u1ec7u<\/td>\n<td>Teama<\/td>\n<\/tr>\n<tr>\n<td>Xu\u1ea5t x\u1ee9<\/td>\n<td>Ai C\u1eadp<\/td>\n<\/tr>\n<tr>\n<td>Th\u00e0nh ph\u1ea7n<\/td>\n<td>S\u1eefa b\u00f2 kh\u00f4ng b\u00e9o ti\u1ec7t tr\u00f9ng, pho m\u00e1t, b\u01a1,\u2026<\/td>\n<\/tr>\n<tr>\n<td>H\u1ea1n s\u1eed d\u1ee5ng<\/td>\n<td>12 th\u00e1ng k\u1ec3 t\u1eeb ng\u00e0y s\u1ea3n xu\u1ea5t.<\/td>\n<\/tr>\n<tr>\n<td>B\u1ea3o qu\u1ea3n<\/td>\n<td>B\u1ea3o qu\u1ea3n n\u01a1i kh\u00f4 r\u00e1o tho\u00e1ng m\u00e1t, tr\u00e1nh \u00e1nh n\u1eafng m\u1eb7t tr\u1eddi. Nhi\u1ec7t \u0111\u1ed9 th\u00edch h\u1ee3p t\u1eeb 18\u00b0C -25\u00b0C.<\/td>\n<\/tr>\n<tr>\n<td>Kh\u1ed1i l\u01b0\u1ee3ng t\u1ecbnh<\/td>\n<td>Th\u00f9ng 36 h\u1ed9p 120g<\/td>\n<\/tr>\n<\/tbody>\n<\/table>\n<p>Teama\u00a0l\u00e0 m\u1ed9t th\u01b0\u01a1ng hi\u1ec7u c\u00f3\u00a0xu\u1ea5t x\u1ee9 t\u1eeb Ai C\u1eadp.\u00a0K\u1ebf th\u1eeba \u0111\u01b0\u1ee3c h\u01b0\u01a1ng v\u1ecb ph\u00f4 mai t\u1eeb \u00dd, Teama \u0111\u00e3 ph\u00e1t tri\u1ec3n d\u00f2ng s\u1ea3n ph\u1ea9m n\u00e0y \u1edf m\u1ecdi qu\u1ed1c gia.<\/p>\n<p><img fetchpriority=\"high\" decoding=\"async\" class=\"wp-image-19706 aligncenter\" src=\"https:\/\/havamall.vn\/wp-content\/uploads\/2021\/04\/CXZX-300x111.png\" alt=\"\" width=\"646\" height=\"239\" srcset=\"https:\/\/havamall.vn\/wp-content\/uploads\/2021\/04\/CXZX-300x111.png 300w, https:\/\/havamall.vn\/wp-content\/uploads\/2021\/04\/CXZX-430x159.png 430w, https:\/\/havamall.vn\/wp-content\/uploads\/2021\/04\/CXZX-150x56.png 150w, https:\/\/havamall.vn\/wp-content\/uploads\/2021\/04\/CXZX-700x259.png 700w, https:\/\/havamall.vn\/wp-content\/uploads\/2021\/04\/CXZX-768x284.png 768w, https:\/\/havamall.vn\/wp-content\/uploads\/2021\/04\/CXZX-1024x379.png 1024w, https:\/\/havamall.vn\/wp-content\/uploads\/2021\/04\/CXZX.png 1200w, https:\/\/havamall.vn\/wp-content\/uploads\/2021\/04\/CXZX-600x222.png 600w\" sizes=\"(max-width: 646px) 100vw, 646px\" \/><\/p>\n<p>Ph\u00f4 mai c\u00f3 xu\u1ea5t x\u1ee9 t\u1eeb Ai C\u1eadp, \u0111\u01b0\u1ee3c s\u1ea3n xu\u1ea5t tr\u00ean quy tr\u00ecnh hi\u1ec7n \u0111\u1ea1i, nghi\u00eam ng\u1eb7t c\u1ee7a Ai C\u1eadp v\u1edbi c\u00f4ng th\u1ee9c ch\u1ebf bi\u1ebfn ri\u00eang \u0111em \u0111\u1ebfn s\u1ea3n ph\u1ea9m ch\u1ea5t l\u01b0\u1ee3ng v\u00e0 an to\u00e0n nh\u1ea5t t\u1edbi tay ng\u01b0\u1eddi ti\u00eau d\u00f9ng.<\/p>\n<p>Ph\u00f4 mai Teama 120g \u0111\u01b0\u1ee3c c\u00f4 \u0111\u1eb7c t\u1eeb s\u1eefa n\u00ean c\u00f3 h\u00e0m l\u01b0\u1ee3ng \u0111\u1ea1m, ch\u1ea5t b\u00e9o v\u00e0 canxi r\u1ea5t cao t\u1ed1t cho s\u1ee9c kh\u1ecfe, \u0111\u1eb7c bi\u1ec7t l\u00e0 v\u1edbi tr\u1ebb em. Ph\u00f4 mai l\u00e0 th\u1ee9c \u0103n t\u1ea1o ra ki\u1ec1m, gi\u00fap gi\u1ea3m \u0111\u1ed9 axit \u1edf mi\u1ec7ng nh\u1edd h\u00e0m l\u01b0\u1ee3ng canxi cao. Ph\u00f4 mai ch\u1ee9a men vi sinh, r\u1ea5t c\u00f3 l\u1ee3i cho \u0111\u01b0\u1eddng ti\u00eau h\u00f3a, gi\u00fap b\u00e9 h\u1ea5p thu th\u1ee9c \u0103n t\u1ed1t h\u01a1n v\u00e0 c\u1ea3i thi\u1ec7n s\u1ee9c kh\u1ecfe.<\/p>\n<p><img decoding=\"async\" class=\"wp-image-19707 aligncenter\" src=\"https:\/\/havamall.vn\/wp-content\/uploads\/2021\/04\/58068375_317094465646109_5245042464493928448_n-300x188.png\" alt=\"\" width=\"649\" height=\"407\" srcset=\"https:\/\/havamall.vn\/wp-content\/uploads\/2021\/04\/58068375_317094465646109_5245042464493928448_n-300x188.png 300w, https:\/\/havamall.vn\/wp-content\/uploads\/2021\/04\/58068375_317094465646109_5245042464493928448_n-430x269.png 430w, https:\/\/havamall.vn\/wp-content\/uploads\/2021\/04\/58068375_317094465646109_5245042464493928448_n-150x94.png 150w, https:\/\/havamall.vn\/wp-content\/uploads\/2021\/04\/58068375_317094465646109_5245042464493928448_n-700x438.png 700w, https:\/\/havamall.vn\/wp-content\/uploads\/2021\/04\/58068375_317094465646109_5245042464493928448_n-768x480.png 768w, https:\/\/havamall.vn\/wp-content\/uploads\/2021\/04\/58068375_317094465646109_5245042464493928448_n-600x375.png 600w, https:\/\/havamall.vn\/wp-content\/uploads\/2021\/04\/58068375_317094465646109_5245042464493928448_n.png 960w\" sizes=\"(max-width: 649px) 100vw, 649px\" \/><\/p>\n<p>Ph\u00f4 mai Teama 120g\u00a0\u0111\u01b0\u1ee3c ch\u1ebf bi\u1ebfn v\u00e0 s\u1ea3n xu\u1ea5t b\u1eb1ng c\u00f4ng th\u1ee9c, quy tr\u00ecnh s\u1ea3n xu\u1ea5t hi\u1ec7n \u0111\u1ea1i c\u1ee7a Ai C\u1eadp\u00a0c\u00f3 s\u1ef1 gi\u00e1m s\u00e1t nghi\u00eam ng\u1eb7t, kh\u00e9p k\u00edn\u00a0n\u00ean lu\u00f4n t\u1ea1o uy t\u00edn v\u1ec1 ch\u1ea5t l\u01b0\u1ee3ng v\u00e0 an to\u00e0n th\u1ef1c ph\u1ea9m. B\u1ea1n ho\u00e0n to\u00e0n y\u00ean t\u00e2m ch\u0103m s\u00f3c b\u1eefa \u0103n cho gia \u0111\u00ecnh.<\/p>\n<p>Nguy\u00ean li\u1ec7u ho\u00e0n to\u00e0n t\u1eeb t\u1ef1 nhi\u00ean \u0111\u01b0\u1ee3c ki\u1ec3m so\u00e1t nghi\u00eam ng\u1eb7t, kh\u00f4ng ch\u1ee9a ch\u1ea5t ph\u1ee5 gia, cho ra s\u1ea3n ph\u1ea9m m\u1ec1m m\u1ecbn, h\u01b0\u01a1ng v\u1ecb r\u1ea5t h\u1ea5p d\u1eabn, k\u00edch th\u00edch v\u1ecb gi\u00e1c.\u00a0Khi \u0103n s\u1ebd c\u1ea3m nh\u1eadn \u0111\u01b0\u1ee3c \u0111\u1ed9 m\u1ec1m, v\u1ecb b\u00e9o th\u01a1m c\u00f9ng v\u1ecb m\u1eb7n \u0111\u1eb7c tr\u01b0ng c\u1ee7a ph\u00f4 mai cao c\u1ea5p.<\/p>\n<p><img decoding=\"async\" class=\"wp-image-19708 aligncenter\" src=\"https:\/\/havamall.vn\/wp-content\/uploads\/2021\/04\/SDSX-1-300x225.png\" alt=\"\" width=\"654\" height=\"491\" srcset=\"https:\/\/havamall.vn\/wp-content\/uploads\/2021\/04\/SDSX-1-300x225.png 300w, https:\/\/havamall.vn\/wp-content\/uploads\/2021\/04\/SDSX-1-430x323.png 430w, https:\/\/havamall.vn\/wp-content\/uploads\/2021\/04\/SDSX-1-150x113.png 150w, https:\/\/havamall.vn\/wp-content\/uploads\/2021\/04\/SDSX-1-700x525.png 700w, https:\/\/havamall.vn\/wp-content\/uploads\/2021\/04\/SDSX-1-768x576.png 768w, https:\/\/havamall.vn\/wp-content\/uploads\/2021\/04\/SDSX-1-1024x768.png 1024w, https:\/\/havamall.vn\/wp-content\/uploads\/2021\/04\/SDSX-1.png 1200w, https:\/\/havamall.vn\/wp-content\/uploads\/2021\/04\/SDSX-1-600x450.png 600w\" sizes=\"(max-width: 654px) 100vw, 654px\" \/><\/p>\n<p>S\u1ea3n ph\u1ea9m ch\u1ee9a nhi\u1ec1u ch\u1ea5t dinh d\u01b0\u1ee1ng g\u00f3p ph\u1ea7n b\u1ed5 sung dinh d\u01b0\u1ee1ng v\u00e0 n\u0103ng l\u01b0\u1ee3ng c\u1ea7n thi\u1ebft cho m\u1ed9t ng\u00e0y l\u00e0m vi\u1ec7c, h\u1ecdc t\u1eadp n\u0103ng \u0111\u1ed9ng.<\/p>\n<p>S\u1ea3n ph\u1ea9m c\u00f3 th\u1ec3 s\u1eed d\u1ee5ng tr\u1ef1c ti\u1ebfp ho\u1eb7c ch\u1ebf bi\u1ebfn th\u00e0nh nhi\u1ec1u m\u00f3n \u0103n, m\u00f3n b\u00e1nh kh\u00e1c nhau. H\u1ed9p \u0111\u1ef1ng nh\u1ecf g\u1ecdn, ti\u1ec7n d\u1ee5ng cho qu\u00e1 tr\u00ecnh s\u1eed d\u1ee5ng v\u00e0 b\u1ea3o qu\u1ea3n.<\/p>\n<p><img loading=\"lazy\" decoding=\"async\" class=\"wp-image-19709 aligncenter\" src=\"https:\/\/havamall.vn\/wp-content\/uploads\/2021\/04\/DCX-1-300x300.jpg\" alt=\"\" width=\"652\" height=\"652\" srcset=\"https:\/\/havamall.vn\/wp-content\/uploads\/2021\/04\/DCX-1-300x300.jpg 300w, https:\/\/havamall.vn\/wp-content\/uploads\/2021\/04\/DCX-1-430x430.jpg 430w, https:\/\/havamall.vn\/wp-content\/uploads\/2021\/04\/DCX-1-150x150.jpg 150w, https:\/\/havamall.vn\/wp-content\/uploads\/2021\/04\/DCX-1-700x700.jpg 700w, https:\/\/havamall.vn\/wp-content\/uploads\/2021\/04\/DCX-1-768x768.jpg 768w, https:\/\/havamall.vn\/wp-content\/uploads\/2021\/04\/DCX-1-1024x1024.jpg 1024w, https:\/\/havamall.vn\/wp-content\/uploads\/2021\/04\/DCX-1.jpg 1200w, https:\/\/havamall.vn\/wp-content\/uploads\/2021\/04\/DCX-1-600x600.jpg 600w, https:\/\/havamall.vn\/wp-content\/uploads\/2021\/04\/DCX-1-100x100.jpg 100w\" sizes=\"(max-width: 652px) 100vw, 652px\" \/><\/p>\n<h4>\u00a0<strong>\u0110\u1eb7c \u0111i\u1ec3m n\u1ed5i b\u1eadt:<\/strong><\/h4>\n<p>\u2013 V\u1ecb ph\u00f4 mai \u0111\u1eb7c tr\u01b0ng, th\u01a1m ngon<\/p>\n<p>\u2013 \u0110\u1ea3m b\u1ea3o an to\u00e0n cho s\u1ee9c kh\u1ecfe<\/p>\n<p>\u2013 S\u1eed d\u1ee5ng cho tr\u1ebb em tr\u00ean 6 th\u00e1ng tu\u1ed5i<\/p>\n<p>\u2013 S\u1ea3n ph\u1ea9m \u0111\u00f3ng g\u00f3i t\u1eebng mi\u1ebfng nh\u1ecf g\u1ecdn cho b\u1ea1n d\u1ec5 d\u00e0ng s\u1eed d\u1ee5ng v\u00e0 b\u1ea3o qu\u1ea3n.<\/p>\n<p><img loading=\"lazy\" decoding=\"async\" class=\"wp-image-19710 aligncenter\" src=\"https:\/\/havamall.vn\/wp-content\/uploads\/2021\/04\/58374289_317522668936622_8809959332713070592_n-300x222.png\" alt=\"\" width=\"660\" height=\"488\" srcset=\"https:\/\/havamall.vn\/wp-content\/uploads\/2021\/04\/58374289_317522668936622_8809959332713070592_n-300x222.png 300w, https:\/\/havamall.vn\/wp-content\/uploads\/2021\/04\/58374289_317522668936622_8809959332713070592_n-430x318.png 430w, https:\/\/havamall.vn\/wp-content\/uploads\/2021\/04\/58374289_317522668936622_8809959332713070592_n-150x111.png 150w, https:\/\/havamall.vn\/wp-content\/uploads\/2021\/04\/58374289_317522668936622_8809959332713070592_n-700x518.png 700w, https:\/\/havamall.vn\/wp-content\/uploads\/2021\/04\/58374289_317522668936622_8809959332713070592_n-768x568.png 768w, https:\/\/havamall.vn\/wp-content\/uploads\/2021\/04\/58374289_317522668936622_8809959332713070592_n-600x444.png 600w, https:\/\/havamall.vn\/wp-content\/uploads\/2021\/04\/58374289_317522668936622_8809959332713070592_n.png 960w\" sizes=\"(max-width: 660px) 100vw, 660px\" \/><\/p>\n<h4><strong>C\u00f4ng d\u1ee5ng c\u1ee7a ph\u00f4 mai:<\/strong><\/h4>\n<p>\u2013 Trong ph\u00f4 mai ch\u1ee9a protein, ch\u1ea5t b\u00e9o, canxi gi\u00fap cho c\u01a1 th\u1ec3 c\u1ee7a con ng\u01b0\u1eddi t\u0103ng c\u01b0\u1eddng c\u01a1 b\u1eafp v\u00e0 x\u01b0\u01a1ng kh\u1ecfe m\u1ea1nh.<\/p>\n<p>\u2013 Trong ph\u00f4 mai c\u00f3 ch\u1ee9a ch\u1ea5t axit linoleic (CLA) m\u00e0 axit n\u00e0y c\u00f3 th\u1ec3 gi\u00fap ng\u0103n ng\u1eeba ung th\u01b0.<\/p>\n<p>\u2013 Trong ph\u00f4 mai c\u00f3 ch\u1ee9a vitamin A gi\u00fap duy tr\u00ec s\u1ee9c kh\u1ecfe v\u00e0 tr\u00e1nh c\u00e1c b\u1ec7nh v\u1ec1 m\u1eaft.<\/p>\n<p>\u2013 Ph\u00f4 mai c\u00f3 ch\u1ee9a vitamin B, ngo\u00e0i vi\u1ec7c t\u1ed1t cho l\u00e0n da ho\u1eb7c gi\u1ea3m kh\u1ecfi nhi\u1ec1u b\u1ec7nh t\u1eadt m\u1ec7t m\u1ecfi.<\/p>\n<p><img loading=\"lazy\" decoding=\"async\" class=\"wp-image-19711 aligncenter\" src=\"https:\/\/havamall.vn\/wp-content\/uploads\/2021\/04\/46331825_256539301701626_4199237547328536576_n-1-300x225.jpg\" alt=\"\" width=\"668\" height=\"501\" srcset=\"https:\/\/havamall.vn\/wp-content\/uploads\/2021\/04\/46331825_256539301701626_4199237547328536576_n-1-300x225.jpg 300w, https:\/\/havamall.vn\/wp-content\/uploads\/2021\/04\/46331825_256539301701626_4199237547328536576_n-1-430x323.jpg 430w, https:\/\/havamall.vn\/wp-content\/uploads\/2021\/04\/46331825_256539301701626_4199237547328536576_n-1-150x113.jpg 150w, https:\/\/havamall.vn\/wp-content\/uploads\/2021\/04\/46331825_256539301701626_4199237547328536576_n-1-700x525.jpg 700w, https:\/\/havamall.vn\/wp-content\/uploads\/2021\/04\/46331825_256539301701626_4199237547328536576_n-1-768x576.jpg 768w, https:\/\/havamall.vn\/wp-content\/uploads\/2021\/04\/46331825_256539301701626_4199237547328536576_n-1-1024x768.jpg 1024w, https:\/\/havamall.vn\/wp-content\/uploads\/2021\/04\/46331825_256539301701626_4199237547328536576_n-1.jpg 1200w, https:\/\/havamall.vn\/wp-content\/uploads\/2021\/04\/46331825_256539301701626_4199237547328536576_n-1-600x450.jpg 600w\" sizes=\"(max-width: 668px) 100vw, 668px\" \/><\/p>\n<h4><strong>Th\u00f4ng tin dinh d\u01b0\u1ee1ng:<\/strong><\/h4>\n<p>\u2013 H\u00e0m l\u01b0\u1ee3ng canxi: 3019mg\/kg.<\/p>\n<p>\u2013 N\u0103ng l\u01b0\u1ee3ng 288kcal\/100g,<\/p>\n<p>\u2013 H\u00e0m l\u01b0\u1ee3ng b\u00e9o s\u1eefa t\u00ednh theo ch\u1ea5t kh\u00f4: 57,1%.<\/p>\n<p>\u2013 H\u00e0m l\u01b0\u1ee3ng Protein: 8,52%,<\/p>\n<p>\u2013 H\u00e0m l\u01b0\u1ee3ng carbohydrate: 6,22%.<\/p>\n<p>S\u1ea3n ph\u1ea9m hi\u1ec7n \u0111\u00e3 c\u00f3 m\u1eb7t t\u1ea1i Havamall.<\/p>","protected":false},"excerpt":{"rendered":"<p>Teama\u00a0l\u00e0 m\u1ed9t th\u01b0\u01a1ng hi\u1ec7u c\u00f3\u00a0xu\u1ea5t x\u1ee9 t\u1eeb Ai C\u1eadp.\u00a0K\u1ebf th\u1eeba \u0111\u01b0\u1ee3c h\u01b0\u01a1ng v\u1ecb ph\u00f4 mai t\u1eeb \u00dd, Teama \u0111\u00e3 ph\u00e1t tri\u1ec3n d\u00f2ng s\u1ea3n ph\u1ea9m n\u00e0y \u1edf m\u1ecdi qu\u1ed1c gia.<\/p>\n<p>Ph\u00f4 mai Teama \u0111\u01b0\u1ee3c c\u00f4 \u0111\u1eb7c t\u1eeb s\u1eefa n\u00ean c\u00f3 h\u00e0m l\u01b0\u1ee3ng \u0111\u1ea1m, ch\u1ea5t b\u00e9o v\u00e0 canxi r\u1ea5t cao t\u1ed1t cho s\u1ee9c kh\u1ecfe, \u0111\u1eb7c bi\u1ec7t l\u00e0 v\u1edbi tr\u1ebb em. S\u1ea3n ph\u1ea9m m\u1ec1m m\u1ecbn, h\u01b0\u01a1ng v\u1ecb r\u1ea5t h\u1ea5p d\u1eabn, k\u00edch th\u00edch v\u1ecb gi\u00e1c.<\/p>\n<p>\u0102n ph\u00f4 mai t\u1ed1t cho s\u1ee9c kh\u1ecfe c\u1ee7a r\u0103ng v\u00ec ph\u00f4 mai l\u00e0 th\u1ee9c \u0103n t\u1ea1o ra ki\u1ec1m, gi\u00fap gi\u1ea3m \u0111\u1ed9 axit \u1edf mi\u1ec7ng nh\u1edd h\u00e0m l\u01b0\u1ee3ng canxi cao.<\/p>","protected":false},"featured_media":19191,"comment_status":"open","ping_status":"closed","template":"","meta":[],"product_brand":[],"product_cat":[40,36,143],"product_tag":[],"class_list":{"0":"post-19190","1":"product","2":"type-product","3":"status-publish","4":"has-post-thumbnail","6":"product_cat-sieuthi-giasi","7":"product_cat-thuc-pham-tieu-dung","8":"product_cat-thuc-pham-dong-hop","9":"pa_brand-teama","11":"first","12":"instock","13":"sale","14":"shipping-taxable","15":"purchasable","16":"product-type-simple"},"_links":{"self":[{"href":"https:\/\/havamall.vn\/en\/wp-json\/wp\/v2\/product\/19190"}],"collection":[{"href":"https:\/\/havamall.vn\/en\/wp-json\/wp\/v2\/product"}],"about":[{"href":"https:\/\/havamall.vn\/en\/wp-json\/wp\/v2\/types\/product"}],"replies":[{"embeddable":true,"href":"https:\/\/havamall.vn\/en\/wp-json\/wp\/v2\/comments?post=19190"}],"version-history":[{"count":0,"href":"https:\/\/havamall.vn\/en\/wp-json\/wp\/v2\/product\/19190\/revisions"}],"wp:featuredmedia":[{"embeddable":true,"href":"https:\/\/havamall.vn\/en\/wp-json\/wp\/v2\/media\/19191"}],"wp:attachment":[{"href":"https:\/\/havamall.vn\/en\/wp-json\/wp\/v2\/media?parent=19190"}],"wp:term":[{"taxonomy":"product_brand","embeddable":true,"href":"https:\/\/havamall.vn\/en\/wp-json\/wp\/v2\/product_brand?post=19190"},{"taxonomy":"product_cat","embeddable":true,"href":"https:\/\/havamall.vn\/en\/wp-json\/wp\/v2\/product_cat?post=19190"},{"taxonomy":"product_tag","embeddable":true,"href":"https:\/\/havamall.vn\/en\/wp-json\/wp\/v2\/product_tag?post=19190"}],"curies":[{"name":"wp","href":"https:\/\/api.w.org\/{rel}","templated":true}]}}