{"id":19168,"date":"2021-04-07T16:57:45","date_gmt":"2021-04-07T09:57:45","guid":{"rendered":"https:\/\/havamall.vn\/?post_type=product&#038;p=19168"},"modified":"2025-11-07T14:48:34","modified_gmt":"2025-11-07T07:48:34","slug":"thung-24-hop-bo-bretel-phap-box-24-cans-of-butter-bretel-250gr","status":"publish","type":"product","link":"https:\/\/havamall.vn\/en\/shop\/thung-24-hop-bo-bretel-phap-box-24-cans-of-butter-bretel-250gr\/","title":{"rendered":"Th\u00f9ng 24 H\u1ed9p B\u01a1 \u0110\u1ed3ng Ti\u1ec1n Bretel Nh\u1eadp Kh\u1ea9u Ph\u00e1p \u2013 Box 24 Cans Of Butter Bretel 250gr"},"content":{"rendered":"<p>Beurre Bretel \u0111\u01b0\u1ee3c s\u1ea3n xu\u1ea5t b\u1edfi h\u00e3ng Maison Bretel Fr\u00e8res n\u0103m 1871 s\u00e1ng l\u1eadp b\u1edfi hai anh em Eug\u00e8ne Bretel v\u00e0 Adolphe Bretel \u1edf Valognes (Ph\u00e1p). H\u00e3ng ph\u00e1t tri\u1ec3n mau ch\u00f3ng, s\u1ea3n xu\u1ea5t t\u1eeb 95 t\u1ea5n n\u0103m 1871 nh\u1ea3y v\u1ecdt l\u00ean 1840 t\u1ea5n n\u0103m 1879, l\u00e0 m\u1ed9t trong nh\u1eefng h\u00e3ng s\u1ea3n xu\u1ea5t b\u01a1 quan tr\u1ecdng nh\u1ee9t c\u1ee7a Ph\u00e1p th\u1eddi b\u1ea5y gi\u1edd. H\u00e3ng \u0111\u00e3 nh\u1eadn \u0111\u01b0\u1ee3c nhi\u1ec1u huy ch\u01b0\u01a1ng trong nhi\u1ec1u h\u1ed9i ch\u1ee3 qu\u1ed1c t\u1ebf n\u0103m 1878, 1889, 1900 \u1edf Paris, 1893 \u1edf Chicago \u2026 v\u00e0 s\u1ed1ng nh\u1edd xu\u1ea5t c\u1ea3ng ra ngo\u1ea1i qu\u1ed1c (80% beurre \u0111\u01b0\u1ee3c xu\u1ea5t c\u1ea3ng).<\/p>\n<p>Ch\u1eafc h\u1eb3n nh\u1eefng ai \u1edf th\u1ebf h\u1ec7 tr\u01b0\u1edbc ho\u1eb7c \u00f4ng b\u00e0 ch\u00fang ta kh\u00f4ng l\u1ea1 v\u1ec1 h\u1ed9p B\u01a1 Ph\u00e1p n\u00e0y .B\u01a1 Bretel h\u1ee3p gout ng\u01b0\u1eddi Vi\u1ec7t Nam ch\u00fang ta b\u1edfi n\u00f3 c\u00f3 v\u1ecb m\u1eb7n .<\/p>\n<p><img fetchpriority=\"high\" decoding=\"async\" class=\"wp-image-21835 aligncenter\" src=\"https:\/\/havamall.com\/wp-content\/uploads\/2025\/11\/10864985-300x225.png\" alt=\"\" width=\"639\" height=\"479\" \/><\/p>\n<p>B\u01a1 Bretel hay c\u00f2n g\u1ecdi l\u00e0 B\u01a1 \u0110\u1ed3ng Ti\u1ec1n, \u0111\u1ed1i v\u1edbi nhi\u1ec1u kh\u00e1ch h\u00e0ng trung ni\u00ean th\u00ec \u0111\u00e2y kh\u00f4ng ch\u1ec9 l\u00e0 m\u00f3n b\u01a1 quen d\u00f9ng m\u00e0 n\u00f3 c\u00f2n g\u1eafn v\u1edbi nhi\u1ec1u k\u1ec9 ni\u1ec7m th\u1eddi tr\u1ebb c\u1ee7a h\u1ecd.<br \/>\nB\u01a1 \u0111\u01b0\u1ee3c d\u00f9ng \u0111\u1ec3 qu\u1ebft l\u00ean b\u00e1nh m\u00ec, d\u00f9ng l\u00e0m gia v\u1ecb, c\u0169ng nh\u01b0 d\u00f9ng trong n\u1ea5u n\u01b0\u1edbng ch\u1eb3ng h\u1ea1n nh\u01b0 l\u00e0m n\u01b0\u1edbc x\u1ed1t, r\u00e1n, n\u01b0\u1edbng.<\/p>\n<p><img decoding=\"async\" class=\"aligncenter\" src=\"https:\/\/havamall.com\/wp-content\/uploads\/2025\/11\/99019ac5f3196a684576ba0fd8def8c7.jpg\" alt=\"B\u01a1 Ph\u00e1p Bretel 250g B\u01a1 \u0110\u00f4ng Ti\u1ec1n Ph\u00e1p Nh\u1eadp Kh\u1ea9u Ch\u00ednh H\u00e3ng - Bretel French Butter 250g - 3387370331529 | Shopee Vi\u1ec7t Nam\" width=\"636\" height=\"636\" \/><\/p>\n<p>N\u00ean b\u1ea3o qu\u1ea3n b\u01a1 trong t\u1ee7 m\u00e1t \u0111\u1ec3 gi\u1eef \u0111\u01b0\u1ee3c ch\u1ea5t l\u01b0\u1ee3ng t\u1ed1t nh\u1ea5t. B\u01a1 th\u01b0\u1eddng c\u00f3 m\u00e0u v\u00e0ng nh\u1ea1t nh\u01b0ng c\u0169ng th\u1ec3 c\u00f3 gam m\u00e0u t\u1eeb v\u00e0ng th\u1eabm \u0111\u1ebfn g\u1ea7n nh\u01b0 tr\u1eafng.<br \/>\nBeurre Bretel Butter \u0111\u01b0\u1ee3c l\u00e0m t\u1eeb ch\u1ea5t b\u00e9o s\u1eefa cao c\u1ea5p t\u1eeb nh\u1eefng gi\u1ed1ng b\u00f2 qu\u00ed tr\u00ean nh\u1eefng c\u00e1nh \u0111\u1ed3ng c\u1ecf c\u1ee7a v\u00f9ng Bretel n\u1ed5i ti\u1ebfng c\u1ee7a Ph\u00e1p.<\/p>\n<p><img decoding=\"async\" class=\"wp-image-11232 aligncenter\" src=\"https:\/\/havamall.com\/wp-content\/uploads\/2025\/11\/bo4.jpg\" alt=\"\" width=\"634\" height=\"950\" \/><\/p>\n<p>&nbsp;<\/p>\n<p>Ngo\u00e0i chuy\u1ec7n \u0103n v\u1edbi b\u00e1nh m\u1ef3 th\u00ec b\u01a1 cho v\u00e0o khoai t\u00e2y r\u00e1n c\u0169ng r\u1ea5t ngon, v\u00ec n\u1ebfu x\u00f3c mu\u1ed1i th\u00ec r\u1ea5t d\u1ec5 ho\u1eb7c qu\u00e1 nh\u1ea1t ho\u1eb7c qu\u00e1 m\u1eb7n, c\u00f2n tr\u1ed9n b\u01a1 th\u00ec n\u1ebfu cho \u0111\u1ee7 b\u01a1 l\u00e0 t\u1ef1 kh\u1eafc v\u1ecb m\u1eb7n \u0111\u00e3 v\u1eeba.<\/p>\n<p>B\u01a1 Bretel \u0111\u01b0\u1ee3c s\u1ea3n xu\u1ea5t t\u1ea1i Ph\u00e1p.<\/p>\n<p>Th\u00e0nh ph\u1ea7n: B\u01a1 (s\u1eefa) 97%, mu\u1ed1i 3%<\/p>\n<p>S\u1ea3n ph\u1ea9m hi\u1ec7n \u0111\u00e3 c\u00f3 m\u1eb7t Havamall.<\/p>","protected":false},"excerpt":{"rendered":"<p>Beurre Bretel Butter \u0111\u01b0\u1ee3c l\u00e0m t\u1eeb ch\u1ea5t b\u00e9o s\u1eefa cao c\u1ea5p t\u1eeb nh\u1eefng gi\u1ed1ng b\u00f2 qu\u00ed tr\u00ean nh\u1eefng c\u00e1nh \u0111\u1ed3ng c\u1ecf c\u1ee7a v\u00f9ng Bretel n\u1ed5i ti\u1ebfng c\u1ee7a Ph\u00e1p<\/p>","protected":false},"featured_media":19169,"comment_status":"open","ping_status":"closed","template":"","meta":[],"product_brand":[],"product_cat":[40,36,134,143],"product_tag":[],"class_list":{"0":"post-19168","1":"product","2":"type-product","3":"status-publish","4":"has-post-thumbnail","6":"product_cat-sieuthi-giasi","7":"product_cat-thuc-pham-tieu-dung","8":"product_cat-thucpham-saykho","9":"product_cat-thuc-pham-dong-hop","11":"first","12":"outofstock","13":"sale","14":"shipping-taxable","15":"purchasable","16":"product-type-simple"},"_links":{"self":[{"href":"https:\/\/havamall.vn\/en\/wp-json\/wp\/v2\/product\/19168"}],"collection":[{"href":"https:\/\/havamall.vn\/en\/wp-json\/wp\/v2\/product"}],"about":[{"href":"https:\/\/havamall.vn\/en\/wp-json\/wp\/v2\/types\/product"}],"replies":[{"embeddable":true,"href":"https:\/\/havamall.vn\/en\/wp-json\/wp\/v2\/comments?post=19168"}],"version-history":[{"count":0,"href":"https:\/\/havamall.vn\/en\/wp-json\/wp\/v2\/product\/19168\/revisions"}],"wp:featuredmedia":[{"embeddable":true,"href":"https:\/\/havamall.vn\/en\/wp-json\/wp\/v2\/media\/19169"}],"wp:attachment":[{"href":"https:\/\/havamall.vn\/en\/wp-json\/wp\/v2\/media?parent=19168"}],"wp:term":[{"taxonomy":"product_brand","embeddable":true,"href":"https:\/\/havamall.vn\/en\/wp-json\/wp\/v2\/product_brand?post=19168"},{"taxonomy":"product_cat","embeddable":true,"href":"https:\/\/havamall.vn\/en\/wp-json\/wp\/v2\/product_cat?post=19168"},{"taxonomy":"product_tag","embeddable":true,"href":"https:\/\/havamall.vn\/en\/wp-json\/wp\/v2\/product_tag?post=19168"}],"curies":[{"name":"wp","href":"https:\/\/api.w.org\/{rel}","templated":true}]}}