{"id":19157,"date":"2021-04-07T15:59:27","date_gmt":"2021-04-07T08:59:27","guid":{"rendered":"https:\/\/havamall.vn\/?post_type=product&#038;p=19157"},"modified":"2021-08-24T16:48:03","modified_gmt":"2021-08-24T09:48:03","slug":"xuc-xich-uc-ga-han-quoc-achim-chicken-breast-hot-pepper-100g","status":"publish","type":"product","link":"https:\/\/havamall.vn\/en\/shop\/xuc-xich-uc-ga-han-quoc-achim-chicken-breast-hot-pepper-100g\/","title":{"rendered":"X\u00fac X\u00edch \u1ee8c G\u00e0 H\u00e0n Qu\u1ed1c &#8211; Achim Chicken Breast Hot Pepper 100g"},"content":{"rendered":"<table>\n<tbody>\n<tr>\n<td>Th\u01b0\u01a1ng hi\u1ec7u<\/td>\n<td>Achim<\/td>\n<\/tr>\n<tr>\n<td>Xu\u1ea5t x\u1ee9<\/td>\n<td>H\u00e0n Qu\u1ed1c<\/td>\n<\/tr>\n<tr>\n<td>Th\u00e0nh ph\u1ea7n<\/td>\n<td>\u1ee8c g\u00e0 60%, th\u1ecbt g\u00e0 xay 22%, ti\u00eau cheongyang, gia v\u1ecb,&#8230;<\/td>\n<\/tr>\n<tr>\n<td>H\u1ea1n s\u1eed d\u1ee5ng<\/td>\n<td>12 th\u00e1ng k\u1ec3 t\u1eeb ng\u00e0y s\u1ea3n xu\u1ea5t.<\/td>\n<\/tr>\n<tr>\n<td>B\u1ea3o qu\u1ea3n<\/td>\n<td>\u0110\u1ec3 n\u01a1i kh\u00f4 r\u00e1o,m\u00e1t m\u1ebb, tr\u00e1nh \u00e1nh n\u1eafng tr\u1ef1c ti\u1ebfp<\/td>\n<\/tr>\n<tr>\n<td>Kh\u1ed1i l\u01b0\u1ee3ng t\u1ecbnh<\/td>\n<td>100g<\/td>\n<\/tr>\n<\/tbody>\n<\/table>\n<p><span style=\"font-weight: 400;\">X\u00fac x\u00edch \u1ee9c g\u00e0 Achim \u0111\u01b0\u1ee3c l\u00e0m t\u1eeb 80% th\u1ecbt g\u00e0 v\u00e0 t\u1ea9m \u01b0\u1edbp gia v\u1ecb s\u1eb5n. H\u01b0\u01a1ng v\u1ecb x\u00f4ng kh\u00f3i t\u1ecfa ra khi h\u00e2m n\u00f3ng k\u1ebft h\u1ee3p v\u1edbi \u0111\u1ed9 dai th\u01a1m t\u1eeb th\u1ecbt g\u00e0 xay nhuy\u1ec5n h\u1ee9a h\u1eb9n s\u1ebd mang \u0111\u1ebfn m\u1ed9t m\u00f3n \u0103n v\u1eb7t th\u00fa v\u1ecb.<\/span><\/p>\n<p><img decoding=\"async\" class=\"aligncenter\" src=\"https:\/\/havamall.vn\/wp-content\/uploads\/2021\/04\/25552412817.20210110004643.jpg\" alt=\"\ub2ed\uac00\uc2b4\uc0b4\ud56b\ubc14 \ud0a4\uc6cc\ub4dc \uac80\uc0c9 - Shop AI\" \/><\/p>\n<p><span style=\"font-weight: 400;\">X\u00fac x\u00edch \u1ee9c g\u00e0 Achim<\/span> \u0111\u01b0\u1ee3c l\u00e0m t\u1eeb \u1ee9c g\u00e0 n\u1ed9i \u0111\u1ecba \u0111\u01b0\u1ee3c ch\u1ecdn l\u1ecdc k\u1ef9 c\u00e0ng, ti\u00eau Cheongyang.\u00a0N\u00f3 c\u00f3 k\u1ebft c\u1ea5u \u1ea9m v\u00e0 m\u1ec1m c\u00f9ng v\u1edbi v\u1ecb cay c\u1ee7a ti\u00eau Cheongyang, v\u00ec v\u1eady n\u00f3 c\u00f3 h\u01b0\u01a1ng v\u1ecb kh\u00f4ng b\u1ecb ng\u00e1n.\u00a0N\u00f3 l\u00e0 m\u1ed9t x\u00fac x\u00edch g\u00e0 \u0111\u01b0\u1ee3c s\u1ea3n xu\u1ea5t th\u00f4ng qua m\u1ed9t h\u1ec7 th\u1ed1ng v\u1ec7 sinh v\u1edbi c\u00e1c nguy\u00ean li\u1ec7u \u0111\u01b0\u1ee3c l\u1ef1a ch\u1ecdn c\u1ea9n th\u1eadn.\u00a0H\u01a1n n\u1eefa, n\u00f3 \u0111\u01b0\u1ee3c kh\u1eed tr\u00f9ng b\u1eb1ng h\u01a1i n\u01b0\u1edbc v\u1edbi nhi\u1ec7t \u0111\u1ed9 cao v\u00e0 \u00e1p su\u1ea5t cao, v\u00e0 m\u1ed9t l\u1edbp m\u00e0ng \u0111\u1eb7c bi\u1ec7t ng\u0103n kh\u00f4ng kh\u00ed v\u00e0 \u00e1nh s\u00e1ng b\u00ean ngo\u00e0i \u0111\u1ec3 gi\u1eef cho n\u00f3 lu\u00f4n t\u01b0\u01a1i ngon ngay c\u1ea3 \u1edf nhi\u1ec7t \u0111\u1ed9 ph\u00f2ng.\u00a0N\u00f3 \u0111\u01b0\u1ee3c khuy\u1ebfn kh\u00edch cho nh\u1eefng ng\u01b0\u1eddi \u0111ang t\u00ecm ki\u1ebfm protein l\u00e0nh m\u1ea1nh \u0111\u1ec3 \u0103n b\u1ea5t c\u1ee9 l\u00fac n\u00e0o, b\u1ea5t c\u1ee9 n\u01a1i n\u00e0o nh\u01b0 m\u1ed9t b\u1eefa \u0103n thay th\u1ebf.<\/p>\n<p><img fetchpriority=\"high\" decoding=\"async\" class=\"aligncenter\" src=\"https:\/\/havamall.vn\/wp-content\/uploads\/2021\/04\/xuc-xich-nuong.jpg\" alt=\"Gi\u1edbi Thi\u1ec7u X\u00fac X\u00edch \u0110\u1ee9c - Top 10 S\u1ea3n Ph\u1ea9m X\u00fac X\u00edch Ngon C\u00d4NG TY C\u1ed4 PH\u1ea6N TH\u1ef0C PH\u1ea8M \u0110\u1ee8C VI\u1ec6T\" width=\"635\" height=\"635\" \/><\/p>\n<p><span style=\"font-weight: 400;\">X\u00fac x\u00edch \u1ee9c g\u00e0 Achim\u00a0<\/span>\u0111\u01b0\u1ee3c l\u00e0m t\u1eeb \u1ee9c g\u00e0 kh\u00f4ng \u0111\u00f4ng l\u1ea1nh, v\u00ec v\u1eady th\u1ecbt m\u1ec1m v\u00e0 ngon ng\u1ecdt.\u00a0C\u00e1c ch\u1ea5t ph\u1ee5 gia h\u00f3a h\u1ecdc nh\u01b0 ch\u1ea5t t\u1ea1o m\u00e0u, ch\u1ea5t t\u1ea1o m\u00e0u, ch\u1ea5t k\u00e9o d\u00e0i v\u00e0 ch\u1ea5t b\u1ea3o qu\u1ea3n b\u1ecb lo\u1ea1i b\u1ecf v\u00e0\u00a0<span class=\"border_bottom\">ch\u1ec9 s\u1eed d\u1ee5ng c\u00e1c th\u00e0nh ph\u1ea7n \u0111\u00e3 \u0111\u01b0\u1ee3c ch\u1ee9ng nh\u1eadn.<\/span><\/p>\n<p><span style=\"font-weight: 400;\">\u0110\u00e2y c\u0169ng \u0111\u01b0\u1ee3c xem l\u00e0 m\u1ed9t lo\u1ea1i th\u1ef1c ph\u1ea9m l\u00fd t\u01b0\u1edfng d\u00e0nh cho d\u00e2n gymer v\u00e0 nh\u1eefng b\u1ea1n \u0111ang \u0103n ki\u00eang v\u00ec n\u00f3 ch\u1ee9a \u0111\u1ebfn 16g protein r\u1ea5t th\u00edch h\u1ee3p s\u1eed d\u1ee5ng cho \u0111\u1ed1i t\u01b0\u1ee3ng c\u1ea7n t\u0103ng c\u01a1, mu\u1ed1n c\u1ea3i thi\u1ec7n v\u00f3c d\u00e1ng.<\/span><\/p>\n<p><img decoding=\"async\" class=\"aligncenter\" src=\"https:\/\/havamall.vn\/wp-content\/uploads\/2021\/04\/CON07895-1-2_shop1_165757.jpg\" alt=\"\uc5bc\ub9ac\uc9c0 \uc54a\uc740 \uad6d\ub0b4\uc0b0 \ub2ed\uac00\uc2b4\uc0b4\ub85c \ub9cc\ub4e0 \uc218\uc81c \uc18c\uc2dc\uc9c0\" width=\"641\" height=\"513\" \/><\/p>\n<p><span style=\"font-weight: 400;\">\u0110\u1eb7c bi\u1ec7t nh\u1eefng b\u1ea1n n\u00e0o mu\u1ed1n \u0103n ki\u00eang nh\u01b0ng v\u1eabn c\u00f2n \u0111am m\u00ea \u0103n v\u1eb7t th\u00ec x\u00fac x\u00edch \u1ee9c g\u00e0 Achim \u0111\u00edch th\u1ef1c l\u00e0 s\u1ef1 l\u1ef1a ch\u1ecdn ho\u00e0n h\u1ea3o, c\u00f3 th\u1ec3 gi\u00fap b\u1ea1n \u0111\u00e1p \u1ee9ng c\u1ea3 2 ti\u00eau ch\u00ed.<\/span><\/p>\n<p><span style=\"font-weight: 400;\">Ti\u1ec7n l\u1ee3i b\u1ea1n c\u00f3 th\u1ec3 d\u00f9ng ngay ho\u1eb7c ch\u1ec9 c\u1ea7n h\u00e2m n\u00f3ng trong l\u00f2 vi s\u00f3ng kho\u1ea3ng 40s l\u00e0 c\u00f3 th\u1ec3 d\u00f9ng \u0111\u01b0\u1ee3c ngay.<\/span><\/p>\n<p>S\u1ea3n ph\u1ea9m c\u00f3 th\u1ec3 b\u1ea3o qu\u1ea3n \u1edf nhi\u1ec7t \u0111\u1ed9 ph\u00f2ng m\u00e0 kh\u00f4ng c\u1ea7n x\u1eed l\u00fd h\u00f3a ch\u1ea5t hay ch\u1ea5t b\u1ea3o qu\u1ea3n v\u00ec n\u00f3 ng\u0103n ch\u1eb7n \u0111\u01b0\u1ee3c nguy\u00ean nh\u00e2n l\u00e0m th\u1ef1c ph\u1ea9m b\u1ecb h\u01b0 h\u1ecfng. Nh\u1edd c\u00f4ng ngh\u1ec7 ti\u1ec7t tr\u00f9ng Morning bao g\u1ed3m kh\u1eed tr\u00f9ng b\u1eb1ng h\u01a1i n\u01b0\u1edbc \u00e1p su\u1ea5t cao, nhi\u1ec7t \u0111\u1ed9 cao v\u00e0 m\u1ed9t l\u1edbp m\u00e0ng \u0111\u1eb7c bi\u1ec7t ng\u0103n kh\u00f4ng kh\u00ed v\u00e0 \u00e1nh s\u00e1ng b\u00ean ngo\u00e0i.<\/p>\n<p><img decoding=\"async\" class=\"wp-image-19329 aligncenter\" src=\"https:\/\/havamall.vn\/wp-content\/uploads\/2021\/04\/38521c338b5f81547df60845a65e4769-300x200.jpg\" alt=\"\" width=\"641\" height=\"427\" srcset=\"https:\/\/havamall.vn\/wp-content\/uploads\/2021\/04\/38521c338b5f81547df60845a65e4769-300x200.jpg 300w, https:\/\/havamall.vn\/wp-content\/uploads\/2021\/04\/38521c338b5f81547df60845a65e4769-430x287.jpg 430w, https:\/\/havamall.vn\/wp-content\/uploads\/2021\/04\/38521c338b5f81547df60845a65e4769-150x100.jpg 150w, https:\/\/havamall.vn\/wp-content\/uploads\/2021\/04\/38521c338b5f81547df60845a65e4769-700x467.jpg 700w, https:\/\/havamall.vn\/wp-content\/uploads\/2021\/04\/38521c338b5f81547df60845a65e4769-768x512.jpg 768w, https:\/\/havamall.vn\/wp-content\/uploads\/2021\/04\/38521c338b5f81547df60845a65e4769-600x400.jpg 600w, https:\/\/havamall.vn\/wp-content\/uploads\/2021\/04\/38521c338b5f81547df60845a65e4769.jpg 855w\" sizes=\"(max-width: 641px) 100vw, 641px\" \/><\/p>\n<h4><strong>\u0110\u1eb7c \u0111i\u1ec3m n\u1ed5i b\u1eadt c\u1ee7a s\u1ea3n ph\u1ea9m:<\/strong><\/h4>\n<p><span style=\"font-weight: 400;\">&#8211; \u0110\u01b0\u1ee3c l\u00e0m t\u1eeb 80% th\u1ecbt g\u00e0\u00a0<\/span><\/p>\n<p><span style=\"font-weight: 400;\">&#8211; Si\u00eau ti\u1ec7n l\u1ee3i s\u1eb5n s\u00e0ng theo b\u1ea1n \u0111\u1ebfn m\u1ecdi n\u01a1i<\/span><\/p>\n<p><span style=\"font-weight: 400;\">&#8211; \u0102n v\u1eb7t TH\u1ea2 GA nh\u01b0ng kh\u00f4ng s\u1ee3 t\u0103ng c\u00e2n<\/span><\/p>\n<p><span style=\"font-weight: 400;\">&#8211; M\u00f9i v\u1ecb th\u01a1m ngon , ph\u00f9 h\u1ee3p v\u1edbi m\u1ecdi nh\u00e0<\/span><\/p>\n<p><img loading=\"lazy\" decoding=\"async\" class=\"wp-image-19330 aligncenter\" src=\"https:\/\/havamall.vn\/wp-content\/uploads\/2021\/04\/e59177827f4c63dd7f7ecce2b9a1d39e-300x279.jpg\" alt=\"\" width=\"630\" height=\"586\" srcset=\"https:\/\/havamall.vn\/wp-content\/uploads\/2021\/04\/e59177827f4c63dd7f7ecce2b9a1d39e-300x279.jpg 300w, https:\/\/havamall.vn\/wp-content\/uploads\/2021\/04\/e59177827f4c63dd7f7ecce2b9a1d39e-430x400.jpg 430w, https:\/\/havamall.vn\/wp-content\/uploads\/2021\/04\/e59177827f4c63dd7f7ecce2b9a1d39e-150x139.jpg 150w, https:\/\/havamall.vn\/wp-content\/uploads\/2021\/04\/e59177827f4c63dd7f7ecce2b9a1d39e-700x650.jpg 700w, https:\/\/havamall.vn\/wp-content\/uploads\/2021\/04\/e59177827f4c63dd7f7ecce2b9a1d39e-768x714.jpg 768w, https:\/\/havamall.vn\/wp-content\/uploads\/2021\/04\/e59177827f4c63dd7f7ecce2b9a1d39e-600x558.jpg 600w, https:\/\/havamall.vn\/wp-content\/uploads\/2021\/04\/e59177827f4c63dd7f7ecce2b9a1d39e.jpg 960w\" sizes=\"(max-width: 630px) 100vw, 630px\" \/><\/p>\n<h4><strong>H\u01b0\u1edbng d\u1eabn b\u1ea3o qu\u1ea3n:<\/strong><\/h4>\n<p><span style=\"font-weight: 400;\">\u2013 L\u01b0u tr\u1eef n\u1edbi m\u00e1t m\u1ebb, tr\u00e1nh \u00e1nh n\u1eafng tr\u1ef1c ti\u1ebfp<\/span><\/p>\n<p><span style=\"font-weight: 400;\">\u2013 Sau khi m\u1edf bao b\u00ec b\u1ea3o qu\u1ea3n trong ng\u0103n m\u00e1t t\u1ee7 l\u1ea1nh<\/span><\/p>\n<h4><strong>H\u01b0\u1edbng d\u1eabn s\u1eed d\u1ee5ng:\u00a0<\/strong><\/h4>\n<p><span style=\"font-weight: 400;\">S\u1ea3n ph\u1ea9m c\u00f3 th\u1ec3 d\u00f9ng ngay ho\u1eb7c l\u00e0m n\u00f3ng tr\u01b0\u1edbc khi d\u00f9ng.<\/span><\/p>\n<p><span style=\"font-weight: 400;\">S\u1ea3n ph\u1ea9m hi\u1ec7n \u0111\u00e3 c\u00f3 m\u1eb7t t\u1ea1i Havamall.<\/span><\/p>","protected":false},"excerpt":{"rendered":"<p>Th\u01b0\u01a1ng hi\u1ec7u Achim Xu\u1ea5t x\u1ee9 H\u00e0n Qu\u1ed1c Th\u00e0nh ph\u1ea7n \u1ee8c g\u00e0 60%, th\u1ecbt g\u00e0 xay 22%, ti\u00eau cheongyang, gia v\u1ecb,&#8230;<\/p>","protected":false},"featured_media":19325,"comment_status":"open","ping_status":"closed","template":"","meta":[],"product_brand":[],"product_cat":[36,134],"product_tag":[],"class_list":{"0":"post-19157","1":"product","2":"type-product","3":"status-publish","4":"has-post-thumbnail","6":"product_cat-thuc-pham-tieu-dung","7":"product_cat-thucpham-saykho","9":"first","10":"outofstock","11":"sale","12":"shipping-taxable","13":"purchasable","14":"product-type-simple"},"_links":{"self":[{"href":"https:\/\/havamall.vn\/en\/wp-json\/wp\/v2\/product\/19157"}],"collection":[{"href":"https:\/\/havamall.vn\/en\/wp-json\/wp\/v2\/product"}],"about":[{"href":"https:\/\/havamall.vn\/en\/wp-json\/wp\/v2\/types\/product"}],"replies":[{"embeddable":true,"href":"https:\/\/havamall.vn\/en\/wp-json\/wp\/v2\/comments?post=19157"}],"version-history":[{"count":0,"href":"https:\/\/havamall.vn\/en\/wp-json\/wp\/v2\/product\/19157\/revisions"}],"wp:featuredmedia":[{"embeddable":true,"href":"https:\/\/havamall.vn\/en\/wp-json\/wp\/v2\/media\/19325"}],"wp:attachment":[{"href":"https:\/\/havamall.vn\/en\/wp-json\/wp\/v2\/media?parent=19157"}],"wp:term":[{"taxonomy":"product_brand","embeddable":true,"href":"https:\/\/havamall.vn\/en\/wp-json\/wp\/v2\/product_brand?post=19157"},{"taxonomy":"product_cat","embeddable":true,"href":"https:\/\/havamall.vn\/en\/wp-json\/wp\/v2\/product_cat?post=19157"},{"taxonomy":"product_tag","embeddable":true,"href":"https:\/\/havamall.vn\/en\/wp-json\/wp\/v2\/product_tag?post=19157"}],"curies":[{"name":"wp","href":"https:\/\/api.w.org\/{rel}","templated":true}]}}