{"id":19045,"date":"2021-03-26T16:32:51","date_gmt":"2021-03-26T09:32:51","guid":{"rendered":"https:\/\/havamall.vn\/?post_type=product&#038;p=19045"},"modified":"2021-08-17T19:18:38","modified_gmt":"2021-08-17T12:18:38","slug":"socola-sua-hanh-nhan-hadar-milk-chocolate-almonds-450g","status":"publish","type":"product","link":"https:\/\/havamall.vn\/en\/shop\/socola-sua-hanh-nhan-hadar-milk-chocolate-almonds-450g\/","title":{"rendered":"Socola S\u1eefa H\u1ea1nh Nh\u00e2n &#8211; Hadar Milk Chocolate Almonds 450g"},"content":{"rendered":"<table>\n<tbody>\n<tr>\n<td>Th\u01b0\u01a1ng hi\u1ec7u<\/td>\n<td>Hadar<\/td>\n<\/tr>\n<tr>\n<td>Xu\u1ea5t x\u1ee9<\/td>\n<td>Vi\u1ec7t Nam<\/td>\n<\/tr>\n<tr>\n<td>Th\u00e0nh ph\u1ea7n<\/td>\n<td>Socola s\u1eefa (70%), h\u1ea1t h\u1ea1nh nh\u00e2n (30%)<\/td>\n<\/tr>\n<tr>\n<td>H\u1ea1n s\u1eed d\u1ee5ng<\/td>\n<td>12 th\u00e1ng k\u1ec3 t\u1eeb ng\u00e0y s\u1ea3n xu\u1ea5t.<\/td>\n<\/tr>\n<tr>\n<td>B\u1ea3o qu\u1ea3n<\/td>\n<td>B\u1ea3o qu\u1ea3n n\u01a1i kh\u00f4 r\u00e1o tho\u00e1ng m\u00e1t, tr\u00e1nh \u00e1nh n\u1eafng tr\u1ef1c ti\u1ebfp<\/td>\n<\/tr>\n<tr>\n<td>Kh\u1ed1i l\u01b0\u1ee3ng t\u1ecbnh<\/td>\n<td>450g<\/td>\n<\/tr>\n<\/tbody>\n<\/table>\n<p><span style=\"font-weight: 400\">K\u1eb9o S\u00f4c\u00f4la Hadar v\u1edbi th\u00e0nh ph\u1ea7n Socola s\u1eefa chi\u1ebfm 70% v\u00e0 30% h\u1ea1t h\u1ea1nh nh\u00e2n \u0111\u01b0\u1ee3c s\u1ea3n xu\u1ea5t tr\u00ean d\u00e2y chuy\u1ec1n hi\u1ec7n \u0111\u1ea1i. H\u00e0ng xu\u1ea5t kh\u1ea9u n\u00ean ch\u1ea5t l\u01b0\u1ee3ng cao.<\/span><\/p>\n<p><span style=\"font-weight: 400\">T\u1eebng vi\u00ean socola s\u1eefa bao ph\u1ee7 b\u00ean ngo\u00e0i h\u1ea1t h\u1ea1nh nh\u00e2n th\u01a1m gi\u00f2n b\u00ean trong h\u00f2a quy\u1ec7n v\u00e0o nhau t\u1ea1o h\u01b0\u01a1ng v\u1ecb ngon kh\u00f3 c\u01b0\u1ee1ng cho k\u1eb9o S\u00f4c\u00f4la Hadar. Kh\u00f4ng ch\u1ec9 tr\u1ebb em m\u00e0 ng\u01b0\u1eddi l\u1edbn c\u0169ng th\u00edch m\u00f3n s\u00f4c\u00f4la n\u00e0y. V\u1ecf h\u1ed9p k\u1eb9o \u0111\u01b0\u1ee3c thi\u1ebft k\u1ebf sang tr\u1ecdng th\u00edch h\u1ee3p l\u00e0m qu\u00e0 bi\u1ebfu t\u1eb7ng b\u1ea1n b\u00e8, ng\u01b0\u1eddi th\u00e2n.<\/span><\/p>\n<p><img fetchpriority=\"high\" decoding=\"async\" class=\"aligncenter\" src=\"https:\/\/havamall.vn\/wp-content\/uploads\/2021\/03\/anh-socola-tinh-yeu-15.jpg\" alt=\"H\u00ecnh \u1ea3nh \u0111\u1eb9p bi\u1ec3u t\u01b0\u1ee3ng c\u1ee7a t\u00ecnh y\u00eau cho d\u1ecbp Valentine 2020 - \u1ea2nh \u0110\u1eb9p\" width=\"600\" height=\"401\" \/><\/p>\n<p>Socola s\u1eefa h\u1ea1nh nh\u00e2n Hadar <span style=\"font-weight: 400\">v\u1edbi nh\u1eefng vi\u00ean socola h\u1ea3o h\u1ea1ng m\u1ec1m m\u1ecbn b\u00ean ngo\u00e0i ph\u1ee7 b\u00ean ngo\u00e0i h\u1ea1t h\u1ea1nh nh\u00e2n gi\u00f2n tan, d\u00f9 b\u1ea1n c\u00f3 ph\u1ea3i l\u00e0 t\u00edn \u0111\u1ed3 c\u1ee7a socola hay kh\u00f4ng th\u00ec khi th\u01b0\u1edfng th\u1ee9c s\u1ebd \u0111\u1ec3 l\u1ea1i cho b\u1ea1n c\u1ea3m gi\u00e1c kh\u00f3 qu\u00ean.<\/span><\/p>\n<p><span style=\"font-weight: 400\">Theo c\u00e1c chuy\u00ean gia dinh d\u01b0\u1ee1ng th\u00ec socola ch\u1ee9a r\u1ea5t nhi\u1ec1u kho\u00e1ng ch\u1ea5t c\u00f3 l\u1ee3i cho s\u1ee9c kh\u1ecfe, nh\u1ea5t l\u00e0 lo\u1ea1i socola \u0111en nguy\u00ean ch\u1ea5t. V\u00ec v\u1eady m\u1ed7i ng\u00e0y \u0103n m\u1ed9t l\u01b0\u1ee3ng v\u1eeba \u0111\u1ee7 socola s\u1ebd gi\u00fap b\u1ea1n kh\u1ecfe m\u1ea1nh h\u01a1n v\u00e0 ph\u00f2ng ng\u1eeba \u0111\u01b0\u1ee3c r\u1ea5t nhi\u1ec1u b\u1ec7nh t\u1eadt nguy hi\u1ec3m.\u00a0<\/span><\/p>\n<p><img decoding=\"async\" class=\"aligncenter\" src=\"https:\/\/havamall.vn\/wp-content\/uploads\/2021\/03\/5d95dfc00507b49a.cro-tLO0rJBK-large.jpg\" alt=\"Chocolate-Covered Almonds - By the Pound - Nuts.com\" width=\"606\" height=\"394\" \/><\/p>\n<p><span style=\"font-weight: 400\">Socola s\u1eefa h\u1ea1nh nh\u00e2n Hadar c\u00f3 th\u1ec3 d\u00f9ng b\u00f9 \u0111\u1eafp n\u0103ng l\u01b0\u1ee3ng cho m\u1ed9t s\u1ed1 ho\u1ea1t \u0111\u1ed9ng th\u01b0\u1eddng ng\u00e0y, cung c\u1ea5p vitamin v\u00e0 kho\u00e1ng ch\u1ea5t cho c\u01a1 th\u1ec3 c\u0169ng nh\u01b0 c\u00f3 t\u00e1c d\u1ee5ng t\u1ed1t trong vi\u1ec7c gi\u1ea3i t\u1ecfa stress v\u00e0 h\u1ed7 tr\u1ee3 h\u1ec7 tim m\u1ea1ch.<\/span><\/p>\n<p><span style=\"font-weight: 400\">Socola kh\u00f4ng qu\u00e1 m\u1ec1m m\u00e0 c\u00f3 \u0111\u1ed9 gi\u00f2n nh\u1ea5t \u0111\u1ecbnh, \u0111\u1ed9 b\u00e9o c\u1ee7a n\u00f3 c\u0169ng s\u1ebd tan ch\u1ea3y trong mi\u1ec7ng b\u1ea1n gi\u1ed1ng nh\u01b0 c\u00e1c lo\u1ea1i socola m\u1ec1m d\u1ebbo kh\u00e1c.<\/span><\/p>\n<p><img decoding=\"async\" class=\"aligncenter\" src=\"https:\/\/havamall.vn\/wp-content\/uploads\/2021\/03\/7.jpg\" alt=\"Chocolate Meiji Almond nh\u00e2n H\u1ea1nh nh\u00e2n 88gr | Can.D Confectionery\" \/><\/p>\n<h4><strong>H\u01b0\u1edbng d\u1eabn s\u1eed d\u1ee5ng:<\/strong><\/h4>\n<p><span style=\"font-weight: 400\">&#8211;\u00a0 D\u00f9ng tr\u1ef1c ti\u1ebfp\u00a0<\/span><\/p>\n<p><span style=\"font-weight: 400\">&#8211; D\u00f9ng \u0111\u1ec3 trang tr\u00ed b\u00e1nh<\/span><\/p>\n<h4><strong><img decoding=\"async\" class=\"aligncenter\" src=\"https:\/\/havamall.vn\/wp-content\/uploads\/2021\/03\/Chocolate s\u1eefa b\u1ecdc h\u1ea1nh nh\u00e2n.jpg\" alt=\"Chocolate s\u1eefa h\u1ea1nh nh\u00e2n Kirkland 1.36kg - 1993\" width=\"594\" height=\"595\" \/><\/strong><\/h4>\n<h4><strong>H\u01b0\u1edbng d\u1eabn b\u1ea3o qu\u1ea3n:\u00a0<\/strong><\/h4>\n<p><span style=\"font-weight: 400\">&#8211; Ch\u1ec9 c\u1ea7n \u0111\u1ec3 \u1edf n\u01a1i kh\u00f4 r\u00e1o, tho\u00e1ng m\u00e1t v\u00e0 tr\u00e1nh \u00e1nh n\u1eafng tr\u1ef1c ti\u1ebfp th\u00ec ch\u1ea5t l\u01b0\u1ee3ng s\u1ea3n ph\u1ea9m s\u1ebd kh\u00f4ng b\u1ecb \u1ea3nh h\u01b0\u1edfng.\u00a0<\/span><\/p>\n<p><span style=\"font-weight: 400\">&#8211; N\u1ebfu nhi\u1ec7t \u0111\u1ed9 m\u00f4i tr\u01b0\u1eddng cao h\u01a1n m\u1ee9c n\u00e0y th\u00ec b\u1ea1n n\u00ean b\u1ecdc k\u00edn ch\u00fang trong c\u00e1c t\u00fai nilon v\u00e0 \u0111\u1ec3 v\u00e0o ng\u0103n \u0111\u00e1 t\u1ee7 l\u1ea1nh.<\/span><\/p>\n<p>S\u1ea3n ph\u1ea9m hi\u1ec7n \u0111\u00e3 c\u00f3 m\u1eb7t t\u1ea1i Havamall.<\/p>","protected":false},"excerpt":{"rendered":"<p>Th\u01b0\u01a1ng hi\u1ec7u Hadar Xu\u1ea5t x\u1ee9 Vi\u1ec7t Nam Th\u00e0nh ph\u1ea7n Socola s\u1eefa (70%), h\u1ea1t h\u1ea1nh nh\u00e2n (30%) H\u1ea1n s\u1eed d\u1ee5ng 12<\/p>","protected":false},"featured_media":19046,"comment_status":"open","ping_status":"closed","template":"","meta":[],"product_brand":[],"product_cat":[36,133],"product_tag":[],"class_list":{"0":"post-19045","1":"product","2":"type-product","3":"status-publish","4":"has-post-thumbnail","6":"product_cat-thuc-pham-tieu-dung","7":"product_cat-banh-keo-chocolate","9":"first","10":"outofstock","11":"sale","12":"shipping-taxable","13":"purchasable","14":"product-type-simple"},"_links":{"self":[{"href":"https:\/\/havamall.vn\/en\/wp-json\/wp\/v2\/product\/19045"}],"collection":[{"href":"https:\/\/havamall.vn\/en\/wp-json\/wp\/v2\/product"}],"about":[{"href":"https:\/\/havamall.vn\/en\/wp-json\/wp\/v2\/types\/product"}],"replies":[{"embeddable":true,"href":"https:\/\/havamall.vn\/en\/wp-json\/wp\/v2\/comments?post=19045"}],"version-history":[{"count":0,"href":"https:\/\/havamall.vn\/en\/wp-json\/wp\/v2\/product\/19045\/revisions"}],"wp:featuredmedia":[{"embeddable":true,"href":"https:\/\/havamall.vn\/en\/wp-json\/wp\/v2\/media\/19046"}],"wp:attachment":[{"href":"https:\/\/havamall.vn\/en\/wp-json\/wp\/v2\/media?parent=19045"}],"wp:term":[{"taxonomy":"product_brand","embeddable":true,"href":"https:\/\/havamall.vn\/en\/wp-json\/wp\/v2\/product_brand?post=19045"},{"taxonomy":"product_cat","embeddable":true,"href":"https:\/\/havamall.vn\/en\/wp-json\/wp\/v2\/product_cat?post=19045"},{"taxonomy":"product_tag","embeddable":true,"href":"https:\/\/havamall.vn\/en\/wp-json\/wp\/v2\/product_tag?post=19045"}],"curies":[{"name":"wp","href":"https:\/\/api.w.org\/{rel}","templated":true}]}}