{"id":18894,"date":"2021-03-16T17:50:17","date_gmt":"2021-03-16T10:50:17","guid":{"rendered":"https:\/\/havamall.vn\/?post_type=product&#038;p=18894"},"modified":"2021-03-16T17:50:17","modified_gmt":"2021-03-16T10:50:17","slug":"bo-mang-che-mat-bong-mem-kem-do-bit-tai-uncle-bills","status":"publish","type":"product","link":"https:\/\/havamall.vn\/en\/shop\/bo-mang-che-mat-bong-mem-kem-do-bit-tai-uncle-bills\/","title":{"rendered":"B\u1ed9 M\u00e0ng Che M\u1eaft B\u00f4ng M\u1ec1m K\u00e8m \u0110\u1ed3 B\u1ecbt Tai Uncle Bills"},"content":{"rendered":"<p><span style=\"font-weight: 400\">Uncle Bills (UBL) cung c\u1ea5p h\u01a1n 1800 s\u1ea3n ph\u1ea9m ti\u00eau d\u00f9ng phi th\u01b0\u0323c ph\u00e2\u0309m h\u00e2\u0301p d\u00e2\u0303n, ti\u00ea\u0323n i\u0301ch, gia\u0301 ph\u1ea3i ch\u0103ng. S\u1ea3n ph\u1ea9m bao g\u1ed3m nhi\u1ec1u lo\u1ea1i ha\u0300ng ho\u0301a kh\u00e1c nhau, t\u1eeb \u0111\u1ed3 du\u0300ng nh\u00e0 b\u1ebfp, ch\u0103m s\u00f3c c\u00e1 nh\u00e2n, l\u00e0m s\u1ea1ch nha\u0300 c\u01b0\u0309a, \u0111\u00f4\u0300 l\u01b0u tr\u1eef, ca\u0301c loa\u0323i du\u0323ng cu\u0323, v\u00e2\u0323t du\u0323ng ngo\u00e0i tr\u1eddi v\u00e0 ca\u0309 cho tr\u1ebb em.\u00a0 UBL Lu\u00f4n lu\u00f4n c\u00e2\u0323p nh\u00e2\u0323t ca\u0301c sa\u0309n ph\u00e2\u0309m m\u01a1\u0301i.<\/span><\/p>\n<p><span style=\"font-weight: 400\">S\u1ea3n ph\u1ea9m UBL \u0111\u01b0\u1ee3c s\u1ea3n xu\u1ea5t theo ti\u00eau chu\u1ea9n ch\u1ea5t l\u01b0\u1ee3ng nghi\u00eam ng\u1eb7t c\u1ee7a UBL Hongkong v\u00e0 b\u00e1n t\u1ea1i h\u01a1n 50 qu\u1ed1c gia v\u01a1\u0301i h\u01a1n 10.000 c\u1eeda h\u00e0ng, bao g\u1ed3m ch\u00e2u \u00c2u, \u00dac, Ch\u00e2u \u00c1, Ch\u00e2u Phi. S\u1ee9 m\u1ec7nh c\u1ee7a UBL l\u00e0 cung c\u1ea5p nh\u1eefng s\u1ea3n ph\u1ea9m ti\u1ec7n \u00edch v\u00e0 h\u1ea5p d\u1eabn cho ng\u00f4i nh\u00e0 hi\u1ec7n \u0111\u1ea1i c\u1ee7a ng\u01b0\u1eddi Vi\u1ec7t Nam.<\/span><\/p>\n<p><img fetchpriority=\"high\" decoding=\"async\" class=\"aligncenter\" src=\"https:\/\/cf.shopee.vn\/file\/f6797de1ee745a2dc0d45cb02727d617\" alt=\"T\u00fai \u0110\u1ef1ng R\u00e1c Th\u00fa C\u01b0ng T\u1ef1 Ph\u00e2n H\u1ee7y Uncle Bills PA3372 | Shopee Vi\u1ec7t Nam\" width=\"490\" height=\"490\" \/><\/p>\n<p><span style=\"font-weight: 400\">B\u1ed9 M\u00e0ng Che M\u1eaft B\u00f4ng M\u1ec1m K\u00e8m \u0110\u1ed3 B\u1ecbt Tai Uncle Bills l\u00e0 s\u1ea3n ph\u1ea9m l\u00fd t\u01b0\u1edfng cho gi\u1ea5c ng\u1ee7 khi du l\u1ecbch ban ng\u00e0y, khi di chuy\u1ec3n tr\u00ean t\u00e0u, xe, m\u00e1y bay, ch\u1ed1ng ti\u1ebfng \u1ed3n v\u00e0 \u00e1nh s\u00e1ng. B\u1ed9 s\u1ea3n ph\u1ea9m m\u00e0ng che m\u1eaft b\u00f4ng m\u1ec1m k\u00e8m \u0111\u1ed3 b\u1ecbt tai l\u00e0 l\u1ef1a ch\u1ecdn l\u00fd t\u01b0\u1edfng cho b\u1ea1n khi \u1edf nh\u00e0, n\u01a1i l\u00e0m vi\u1ec7c hay khi \u0111i du l\u1ecbch.<\/span><\/p>\n<p><img decoding=\"async\" class=\"aligncenter\" src=\"https:\/\/havamall.vn\/wp-content\/uploads\/2021\/03\/ecb4ce83d83e033661a5dcdb26a43430.jpg\" alt='B\u1ed9 M\u00e0ng Che M\u1eaft B\u00f4ng M\u1ec1m K\u00e8m \u0110\u1ed3 B\u1ecbt Tai Uncle Bills RG0069 - H\u1ed3ng | Uncle  Bills | Tiki' width=\"485\" height=\"485\" \/><\/p>\n<p><span style=\"font-weight: 400\">M\u00e0ng che m\u1eaft b\u1eb1ng ch\u1ea5t li\u1ec7u b\u00f4ng m\u1ec1m m\u1ea1i, \u00eam \u00e1i v\u1eeba b\u1ea3o v\u1ec7 m\u1eaft, v\u1eeba ch\u1eafn \u00e1nh s\u00e1ng gi\u00fap b\u1ea1n c\u00f3 \u0111\u01b0\u1ee3c m\u1ed9t gi\u1ea5c ng\u1ee7 th\u1eadt tho\u1ea3i m\u00e1i. \u0110\u1ed3 b\u1ecbt tai b\u1eb1ng ch\u1ea5t li\u1ec7u d\u1ebbo, kh\u00f4ng l\u00e0m \u0111au tai, ch\u1ed1ng ti\u1ebfng \u1ed3n hi\u1ec7u qu\u1ea3.<\/span><\/p>\n<p><img decoding=\"async\" class=\"aligncenter\" src=\"https:\/\/havamall.vn\/wp-content\/uploads\/2021\/03\/rg0069_ud_1_grande.jpg\" alt='M\u00e0ng Che M\u1eaft B\u00f4ng M\u1ec1m K\u00e8m \u0110\u1ed3 B\u1ecbt Tai - Uncle Bills' \/><\/p>\n<h4><strong>\u0110\u1eb7c \u0111i\u1ec3m n\u1ed5i b\u1eadt:<\/strong><\/h4>\n<p><span style=\"font-weight: 400\">&#8211; Ch\u1ed1ng ti\u1ebfng \u1ed3n v\u00e0 \u00e1nh s\u00e1ng hi\u1ec7u qu\u1ea3<\/span><\/p>\n<p><span style=\"font-weight: 400\">&#8211; Ch\u1ea5t li\u1ec7u m\u1ec1m m\u1ea1i, an to\u00e0n cho da<\/span><\/p>\n<p><span style=\"font-weight: 400\">&#8211; Th\u00edch h\u1ee3p d\u00f9ng khi \u0111i t\u00e0u xe ho\u1eb7c du l\u1ecbch<\/span><\/p>\n<p>S\u1ea3n ph\u1ea9m hi\u1ec7n \u0111\u00e3 c\u00f3 m\u1eb7t t\u1ea1i Havamall.<\/p>","protected":false},"excerpt":{"rendered":"<p>Uncle Bills (UBL) cung c\u1ea5p h\u01a1n 1800 s\u1ea3n ph\u1ea9m ti\u00eau d\u00f9ng phi th\u01b0\u0323c ph\u00e2\u0309m h\u00e2\u0301p d\u00e2\u0303n, ti\u00ea\u0323n i\u0301ch, gia\u0301 ph\u1ea3i<\/p>","protected":false},"featured_media":18895,"comment_status":"open","ping_status":"closed","template":"","meta":[],"product_brand":[],"product_cat":[396,35],"product_tag":[],"class_list":{"0":"post-18894","1":"product","2":"type-product","3":"status-publish","4":"has-post-thumbnail","6":"product_cat-suc-khoe-lam-dep","7":"product_cat-nha-cua-doi-song","8":"pa_brand-uncle-bills","10":"first","11":"instock","12":"sale","13":"shipping-taxable","14":"purchasable","15":"product-type-simple"},"_links":{"self":[{"href":"https:\/\/havamall.vn\/en\/wp-json\/wp\/v2\/product\/18894"}],"collection":[{"href":"https:\/\/havamall.vn\/en\/wp-json\/wp\/v2\/product"}],"about":[{"href":"https:\/\/havamall.vn\/en\/wp-json\/wp\/v2\/types\/product"}],"replies":[{"embeddable":true,"href":"https:\/\/havamall.vn\/en\/wp-json\/wp\/v2\/comments?post=18894"}],"version-history":[{"count":0,"href":"https:\/\/havamall.vn\/en\/wp-json\/wp\/v2\/product\/18894\/revisions"}],"wp:featuredmedia":[{"embeddable":true,"href":"https:\/\/havamall.vn\/en\/wp-json\/wp\/v2\/media\/18895"}],"wp:attachment":[{"href":"https:\/\/havamall.vn\/en\/wp-json\/wp\/v2\/media?parent=18894"}],"wp:term":[{"taxonomy":"product_brand","embeddable":true,"href":"https:\/\/havamall.vn\/en\/wp-json\/wp\/v2\/product_brand?post=18894"},{"taxonomy":"product_cat","embeddable":true,"href":"https:\/\/havamall.vn\/en\/wp-json\/wp\/v2\/product_cat?post=18894"},{"taxonomy":"product_tag","embeddable":true,"href":"https:\/\/havamall.vn\/en\/wp-json\/wp\/v2\/product_tag?post=18894"}],"curies":[{"name":"wp","href":"https:\/\/api.w.org\/{rel}","templated":true}]}}